{"id":6527,"date":"2023-04-05T15:30:35","date_gmt":"2023-04-05T08:30:35","guid":{"rendered":"https:\/\/suatuyetvoi.com\/muasam\/?post_type=product&#038;p=6527"},"modified":"2023-04-05T15:36:44","modified_gmt":"2023-04-05T08:36:44","slug":"sua-abbott-pediasure-huong-vani-it-ngot-16kg-1-10-tuoi","status":"publish","type":"product","link":"https:\/\/suatuyetvoi.com\/muasam\/san-pham\/sua-abbott-pediasure-huong-vani-it-ngot-16kg-1-10-tuoi\/","title":{"rendered":"S\u1eefa Abbott Pediasure h\u01b0\u01a1ng Vani \u00edt ng\u1ecdt 1,6kg (1-10 tu\u1ed5i)"},"content":{"rendered":"<h3><strong>Th\u00f4ng tin chi ti\u1ebft<\/strong><\/h3>\n<table class=\"table table-bordered table-striped p_bottom_0\">\n<tbody>\n<tr>\n<td>T\u00ean s\u1ea3n ph\u1ea9m<\/td>\n<td>Th\u1ef1c ph\u1ea9m dinh d\u01b0\u1ee1ng y h\u1ecdc Abbott Pediasure h\u01b0\u01a1ng Vani 1,6kg (1-10 tu\u1ed5i)<\/td>\n<\/tr>\n<tr>\n<td>Th\u01b0\u01a1ng hi\u1ec7u<\/td>\n<td>Pediasure<\/td>\n<\/tr>\n<tr>\n<td>S\u1ea3n xu\u1ea5t t\u1ea1i<\/td>\n<td>Singapore<\/td>\n<\/tr>\n<tr>\n<td>Tr\u1ecdng l\u01b0\u1ee3ng s\u1ea3n ph\u1ea9m<\/td>\n<td>1.6kg<\/td>\n<\/tr>\n<tr>\n<td>\u0110\u1ed9 tu\u1ed5i ph\u00f9 h\u1ee3p<\/td>\n<td>Cho tr\u1ebb t\u1eeb 1-10 tu\u1ed5i<\/td>\n<\/tr>\n<tr>\n<td>Nh\u00e0 s\u1ea3n xu\u1ea5t<\/td>\n<td>Abbott Manufacturing Singapore Private Limited.<\/td>\n<\/tr>\n<tr>\n<td>C\u1ea3nh b\u00e1o<\/td>\n<td>. Kh\u00f4ng ch\u1ee9a Gluten. R\u1ea5t \u00edt Lactose, ph\u00f9 h\u1ee3p cho ng\u01b0\u1eddi b\u1ea5t dung n\u1ea1p Lactose.<br \/>\n. S\u1ea3n ph\u1ea9m kh\u00f4ng d\u00f9ng cho tr\u1ebb b\u1ecb b\u1ec7nh Galactosemia.<br \/>\n. S\u1ea3n ph\u1ea9m kh\u00f4ng d\u00e0nh cho tr\u1ebb d\u01b0\u1edbi 1 tu\u1ed5i, tr\u1eeb khi \u0111\u01b0\u1ee3c B\u00e1c s\u0129 ch\u1ec9 \u0111\u1ecbnh.<br \/>\n. Tham kh\u1ea3o B\u00e1c s\u0129\/ chuy\u00ean vi\u00ean dinh d\u01b0\u1ee1ng v\u1ec1 nhu c\u1ea7u dinh d\u01b0\u1ee1ng c\u1ee5 th\u1ec3 c\u1ee7a b\u00e9.<br \/>\n. Kh\u00f4ng d\u00f9ng nu\u00f4i \u0103n qua \u0111\u01b0\u1eddng t\u0129nh m\u1ea1ch.<br \/>\n. Ng\u01b0\u1eddi b\u1ec7nh khi s\u1eed d\u1ee5ng s\u1ea3n ph\u1ea9m c\u1ea7n c\u00f3 s\u1ef1 gi\u00e1m s\u00e1t c\u1ee7a nh\u00e2n vi\u00ean y t\u1ebf.<br \/>\n. Tham kh\u1ea3o B\u00e1c s\u0129\/ chuy\u00ean vi\u00ean dinh d\u01b0\u1ee1ng v\u1ec1 nhu c\u1ea7u dinh d\u01b0\u1ee1ng c\u1ee5 th\u1ec3 c\u1ee7a con b\u1ea1n.<\/td>\n<\/tr>\n<tr>\n<td>H\u01b0\u1edbng d\u1eabn s\u1eed d\u1ee5ng<\/td>\n<td>. \u0110\u1ec3 c\u00f3 225 ml PediaSure BA pha chu\u1ea9n, cho 190ml n\u01b0\u1edbc ch\u00edn \u0111\u1ec3 ngu\u1ed9i (\u2264 37 \u0111\u1ed9 C) v\u00e0o ly<br \/>\n. V\u1eeba cho t\u1eeb t\u1eeb 5 mu\u1ed7ng g\u1ea1t ngang b\u1ed9t PediaSure BA (mu\u1ed7ng c\u00f3 s\u1eb5n trong h\u1ed9p) v\u1eeba khu\u1ea5y cho tan \u0111\u1ec1u. Khi pha \u0111\u00fang theo h\u01b0\u1edbng d\u1eabn, 1ml PediaSure BA cung c\u1ea5p 1 kcal ho\u1eb7c 4.18 KJ<br \/>\n. S\u1eefa v\u1eeba pha d\u00f9ng ngay hay \u0111\u1eady k\u00edn, cho v\u00e0o t\u1ee7 l\u1ea1nh v\u00e0 d\u00f9ng trong v\u00f2ng 24 gi\u1edd<br \/>\n. \u0110\u1ec3 b\u1ed5 sung dinh d\u01b0\u1ee1ng: 2 ly\/ng\u00e0y (tr\u1ebb 1 &#8211; 8 tu\u1ed5i), 2-3 ly\/ng\u00e0y (tr\u1ebb 9 &#8211; 10 tu\u1ed5i) ho\u1eb7c theo h\u01b0\u1edbng d\u1eabn c\u1ee7a chuy\u00ean vi\u00ean dinh d\u01b0\u1ee1ng. Kh\u00f4ng d\u00f9ng l\u00f2 vi s\u00f3ng \u0111\u1ec3 h\u00e2m n\u00f3ng s\u1eefa.<\/td>\n<\/tr>\n<tr>\n<td>H\u01b0\u1edbng d\u1eabn b\u1ea3o qu\u1ea3n<\/td>\n<td>. B\u1ea3o qu\u1ea3n h\u1ed9p ch\u01b0a m\u1edf \u1edf nhi\u1ec7t \u0111\u1ed9 ph\u00f2ng. H\u1ed9p \u0111\u00e3 m\u1edf ph\u1ea3i \u0111\u01b0\u1ee3c \u0111\u1eady k\u00edn v\u00e0 b\u1ea3o qu\u1ea3n \u1edf n\u01a1i kh\u00f4 m\u00e1t (nh\u01b0ng kh\u00f4ng cho v\u00e0o t\u1ee7 l\u1ea1nh) v\u00e0 s\u1eed d\u1ee5ng trong v\u00f2ng 3 tu\u1ea7n<br \/>\n. PediaSure v\u1eeba pha ph\u1ea3i \u0111\u01b0\u1ee3c d\u00f9ng ngay hay \u0111\u1eady k\u00edn, cho v\u00e0o t\u1ee7 l\u1ea1nh v\u00e0 d\u00f9ng trong v\u00f2ng 24 gi\u1edd.<\/td>\n<\/tr>\n<\/tbody>\n<\/table>\n<p><em><span style=\"color: #333333\">S\u1eefa m\u1eb9 l\u00e0 th\u1ee9c \u0103n t\u1ed1t nh\u1ea5t cho s\u1ee9c kh\u1ecfe v\u00e0 s\u1ef1 ph\u00e1t tri\u1ec3n to\u00e0n di\u1ec7n c\u1ee7a tr\u1ebb nh\u1ecf<\/span><\/em><\/p>\n<div class=\"block font-16 font-italic mb-2\">\n<div id=\"product-description\" class=\"product-description has-more-content less-content table-responsive full-screen content-format \">\n<div class=\"addclassfont16\">\n<p dir=\"ltr\"><strong>Th\u1ef1c ph\u1ea9m dinh d\u01b0\u1ee1ng y h\u1ecdc Pediasure<\/strong> b\u1ed5 sung dinh d\u01b0\u1ee1ng \u0111\u1ea7y \u0111\u1ee7 v\u00e0 c\u00e2n \u0111\u1ed1i, vitamin, kho\u00e1ng ch\u1ea5t gi\u00fap ph\u1ee5c h\u1ed3i s\u1ee9c kh\u1ecfe, t\u0103ng tr\u01b0\u1edfng t\u1ed1t.<\/p>\n<p dir=\"ltr\">\u0110\u01b0\u1ee3c ph\u00e1t tri\u1ec3n li\u00ean t\u1ee5c t\u1eeb n\u0103m 1988, PediaSure\u00ae l\u00e0 dinh d\u01b0\u1ee1ng b\u1ed5 sung d\u00e0nh cho tr\u1ebb \u0111\u01b0\u1ee3c \u0111\u1eb7c ch\u1ebf khoa h\u1ecdc \u0111\u1ec3 \u0111\u00e1p \u1ee9ng nhu c\u1ea7u dinh d\u01b0\u1ee1ng \u0111\u1eb7c bi\u1ec7t c\u1ee7a tr\u1ebb \u0111ang t\u0103ng tr\u01b0\u1edfng. PediaSure\u00ae cung c\u1ea5p \u0111\u1ea7y \u0111\u1ee7 c\u00e1c d\u01b0\u1ee1ng ch\u1ea5t thi\u1ebft y\u1ebfu gi\u00fap tr\u1ebb nhanh ch\u00f3ng b\u1eaft k\u1ecbp \u0111\u00e0 t\u0103ng tr\u01b0\u1edfng kh\u1ecfe m\u1ea1nh.<\/p>\n<\/div>\n<\/div>\n<\/div>\n<p><img loading=\"lazy\" decoding=\"async\" class=\"aligncenter wp-image-6528 size-full\" src=\"https:\/\/suatuyetvoi.com\/muasam\/wp-content\/uploads\/2023\/04\/abbott-pediasure-huong-vani-1-10-tuoi-1-6kg.png\" alt=\"\" width=\"600\" height=\"600\" srcset=\"https:\/\/suatuyetvoi.com\/muasam\/wp-content\/uploads\/2023\/04\/abbott-pediasure-huong-vani-1-10-tuoi-1-6kg.png 600w, https:\/\/suatuyetvoi.com\/muasam\/wp-content\/uploads\/2023\/04\/abbott-pediasure-huong-vani-1-10-tuoi-1-6kg-400x400.png 400w, https:\/\/suatuyetvoi.com\/muasam\/wp-content\/uploads\/2023\/04\/abbott-pediasure-huong-vani-1-10-tuoi-1-6kg-280x280.png 280w, https:\/\/suatuyetvoi.com\/muasam\/wp-content\/uploads\/2023\/04\/abbott-pediasure-huong-vani-1-10-tuoi-1-6kg-300x300.png 300w, https:\/\/suatuyetvoi.com\/muasam\/wp-content\/uploads\/2023\/04\/abbott-pediasure-huong-vani-1-10-tuoi-1-6kg-100x100.png 100w\" sizes=\"auto, (max-width: 600px) 100vw, 600px\" \/><\/p>\n<div class=\"addclassfont16\">\n<h3 dir=\"ltr\"><strong>\u01afu \u0111i\u1ec3m n\u1ed5i b\u1eadt<\/strong><\/h3>\n<div><b>.\u00a0<i>Nay \u0111\u01b0\u1ee3c b\u1ed5 sung th\u00eam Casein Phosphopeptid (CPP)<\/i><\/b>\u00a0l\u1ea5y t\u1eeb th\u1ee7y ph\u00e2n Casein, m\u1ed9t lo\u1ea1i \u0111\u1ea1m ch\u00ednh c\u1ee7a s\u1eefa. CPP d\u1ec5 ti\u00eau h\u00f3a v\u00e0 h\u1ea5p thu h\u01a1n \u0111\u1ea1m to\u00e0n ph\u1ea7n. CPP* gi\u00fap\u00a0<b><i>thu h\u00fat c\u00e1c d\u01b0\u1ee1ng ch\u1ea5t c\u1ea7n thi\u1ebft<\/i><\/b>\u00a0cho t\u0103ng tr\u01b0\u1edfng.<\/div>\n<p dir=\"ltr\"><strong><i>. T\u0103ng chi\u1ec1u cao t\u1ed1t h\u01a1n<\/i><\/strong><\/p>\n<p dir=\"ltr\">PediaSure gi\u00e0u \u0111\u1ea1m, Canxi v\u00e0 Vitamin D, nay \u0111\u01b0\u1ee3c b\u1ed5 sung th\u00eam Arginin v\u00e0 Vitamin K2 t\u1ef1 nhi\u00ean gi\u00fap ph\u00e1t tri\u1ec3n chi\u1ec1u cao. Arginin v\u00e0 Vitamin K2 t\u1ef1 nhi\u00ean gi\u00fap x\u01b0\u01a1ng d\u00e0i h\u01a1n v\u00e0 ch\u1eafc kh\u1ecfe h\u01a1n.<\/p>\n<p dir=\"ltr\">&#8211; Arginin gi\u00fap gia t\u0103ng b\u1ec1 d\u00e0y c\u1ee7a \u0111\u0129a s\u1ee5n t\u0103ng tr\u01b0\u1edfng \u1edf x\u01b0\u01a1ng ch\u00e0y, gi\u00fap x\u01b0\u01a1ng ph\u00e1t tri\u1ec3n d\u00e0i h\u01a1n.<\/p>\n<p dir=\"ltr\">&#8211; Vitamin K2 t\u1ef1 nhi\u00ean k\u00edch ho\u1ea1t Osteocalcin \u2013 Protein li\u00ean k\u1ebft Canxi v\u00e0 v\u1eadn chuy\u1ec3n v\u00e0o x\u01b0\u01a1ng, t\u0103ng h\u00e0m l\u01b0\u1ee3ng kho\u00e1ng trong x\u01b0\u01a1ng gi\u00fap x\u01b0\u01a1ng th\u00eam ch\u1eafc kh\u1ecfe.<\/p>\n<p dir=\"ltr\"><strong><i>. Gi\u1ea3m s\u1ed1 ng\u00e0y \u1ed1m<\/i><\/strong><\/p>\n<p dir=\"ltr\">Probiotic (vi sinh v\u1eadt c\u00f3 l\u1ee3i) v\u00e0 Prebiotic FOS\/ ch\u1ea5t x\u01a1 gi\u00fap h\u1ec7 ti\u00eau h\u00f3a kh\u1ecfe m\u1ea1nh, gi\u00fap t\u0103ng c\u01b0\u1eddng h\u1ec7 mi\u1ec5n d\u1ecbch.<\/p>\n<p dir=\"ltr\"><strong><i>. H\u1ed7 tr\u1ee3 ph\u00e1t tri\u1ec3n tr\u00ed n\u00e3o<\/i><\/strong><\/p>\n<p dir=\"ltr\">PediaSure c\u00f3 ch\u1ee9a c\u00e1c d\u01b0\u1ee1ng ch\u1ea5t DHA, Cholin, v\u00e0 Taurin gi\u00fap ph\u00e1t tri\u1ec3n n\u00e3o b\u1ed9 v\u00e0 th\u1ecb gi\u00e1c.<\/p>\n<p dir=\"ltr\"><strong><i>. T\u0103ng c\u00e2n n\u1eb7ng t\u1ed1t h\u01a1n<\/i><\/strong><\/p>\n<p dir=\"ltr\">Dinh d\u01b0\u1ee1ng \u0111\u1ea7y \u0111\u1ee7 v\u00e0 c\u00e2n \u0111\u1ed1i g\u1ed3m 37 d\u01b0\u1ee1ng ch\u1ea5t. N\u0103ng l\u01b0\u1ee3ng chu\u1ea9n 1kCal\/ml. H\u1ec7 ch\u1ea5t b\u00e9o \u0111\u1eb7c bi\u1ec7t c\u00f3 MCT gi\u00fap d\u1ec5 d\u00e0ng h\u1ea5p thu v\u00e0 gi\u1ea3i ph\u00f3ng n\u0103ng l\u01b0\u1ee3ng nhanh. Gi\u00fap t\u0103ng c\u00e2n kh\u1ecfe m\u1ea1nh.<\/p>\n<p dir=\"ltr\"><strong><i>. T\u0103ng kh\u1ea3 n\u0103ng h\u1ea5p th\u1ee5 d\u01b0\u1ee1ng ch\u1ea5t<\/i><\/strong><\/p>\n<p dir=\"ltr\">MCT (Axit b\u00e9o chu\u1ed7i trung b\u00ecnh) v\u00e0 h\u1ed7n h\u1ee3p 3 lo\u1ea1i d\u1ea7u th\u1ef1c v\u1eadt kh\u00f4ng ch\u1ee9a d\u1ea7u c\u1ecd, gi\u00fap chuy\u1ec3n h\u00f3a n\u0103ng l\u01b0\u1ee3ng t\u1ed1i \u01b0u, gi\u00fap t\u0103ng c\u01b0\u1eddng h\u1ea5p thu Canxi hi\u1ec7u qu\u1ea3 v\u00e0 gi\u00fap gi\u1ea3m t\u00e1o b\u00f3n.<\/p>\n<p dir=\"ltr\"><strong><i>. Gi\u00fap tr\u1ebb \u0103n ngon mi\u1ec7ng<\/i><\/strong><\/p>\n<p dir=\"ltr\">PediaSure c\u00f3 phong ph\u00fa 28 Vitamin v\u00e0 kho\u00e1ng ch\u1ea5t gi\u00fap tr\u1ebb \u0103n ngon mi\u1ec7ng h\u01a1n.<\/p>\n<p><b><i>. Hi\u1ec7u qu\u1ea3 c\u1ee7a Pediasure \u0111\u00e3 \u0111\u01b0\u1ee3c nghi\u00ean c\u1ee9u l\u00e2m s\u00e0ng ch\u1ee9ng minh<br \/>\n<\/i><\/b>Nghi\u00ean c\u1ee9u l\u00e2m s\u00e0ng tr\u00ean nh\u00f3m tr\u1ebb bi\u1ebfng \u0103n c\u00f3 nguy c\u01a1 thi\u1ebfu h\u1ee5t dinh d\u01b0\u1ee1ng \u0111\u00e3 ch\u1ee9ng minh vi\u1ec7c b\u1ed5 sung PediaSure\u00ae c\u00f9ng v\u1edbi ch\u1ebf \u0111\u1ed9 dinh d\u01b0\u1ee1ng h\u00e0ng ng\u00e0y gi\u00fap tr\u1ebb ph\u00e1t tri\u1ec3n t\u1ed1t h\u01a1n v\u1ec1 chi\u1ec1u cao v\u00e0 c\u00e2n n\u1eb7ng so v\u1edbi ch\u1ebf \u0111\u1ed9 dinh d\u01b0\u1ee1ng th\u00f4ng th\u01b0\u1eddng.<\/p>\n<h3 dir=\"ltr\"><strong>\u0110\u1ed1i t\u01b0\u1ee3ng s\u1eed d\u1ee5ng\u00a0<\/strong><\/h3>\n<p dir=\"ltr\">PediaSure BA d\u00e0nh cho tr\u1ebb 1 &#8211; 10 tu\u1ed5i, \u0111\u1eb7c bi\u1ec7t ph\u00f9 h\u1ee3p v\u1edbi:<\/p>\n<p dir=\"ltr\">. Tr\u1ebb t\u0103ng c\u01b0\u1eddng k\u00e9m (tr\u1ebb \u1ed1m, nh\u1eb9 c\u00e2n, th\u1ea5p c\u00f2i, suy dinh d\u01b0\u1ee1ng)<\/p>\n<p dir=\"ltr\">. Tr\u1ebb bi\u1ebfng \u0103n, \u0103n kh\u00f4ng ngon mi\u1ec7ng<\/p>\n<p dir=\"ltr\">. Tr\u1ebb c\u00f3 nhu c\u1ea7u n\u0103ng l\u01b0\u1ee3ng t\u0103ng cao<\/p>\n<h3 dir=\"ltr\"><b>Li\u1ec1u l\u01b0\u1ee3ng s\u1eed d\u1ee5ng<\/b><\/h3>\n<p dir=\"ltr\">\u0110\u1ec3 b\u1ed5 sung dinh d\u01b0\u1ee1ng: 2 ly\/ng\u00e0y (tr\u1ebb 1-8 tu\u1ed5i), 2-3 ly\/ng\u00e0y (tr\u1ebb 9-10 tu\u1ed5i) ho\u1eb7c theo h\u01b0\u1edbng d\u1eabn c\u1ee7a chuy\u00ean vi\u00ean dinh d\u01b0\u1ee1ng.<\/p>\n<p dir=\"ltr\">Thay th\u1ebf ho\u00e0n to\u00e0n b\u1eefa \u0103n qua \u1ed1ng th\u00f4ng cho tr\u1ebb \u1ed1m: theo h\u01b0\u1edbng d\u1eabn c\u1ee7a B\u00e1c s\u0129\/chuy\u00ean vi\u00ean dinh d\u01b0\u1ee1ng.<\/p>\n<h3 dir=\"ltr\"><b>T\u1ef7 l\u1ec7 pha g\u1ee3i \u00fd<\/b><\/h3>\n<p dir=\"ltr\">\u0110\u1ec3 c\u00f3 225 ml PediaSure pha chu\u1ea9n, cho 190ml n\u01b0\u1edbc ch\u00edn \u0111\u1ec3 ngu\u1ed9i (\u226437\u00b0C) v\u00e0o ly. V\u1eeba cho t\u1eeb t\u1eeb 5 mu\u1ed7ng g\u1ea1t ngang b\u1ed9t PediaSure (mu\u1ed7ng c\u00f3 s\u1eb5n trong h\u1ed9p, m\u1ed7i mu\u1ed7ng t\u01b0\u01a1ng \u0111\u01b0\u01a1ng 9,8g) v\u1eeba khu\u1ea5y cho tan \u0111\u1ec1u.<\/p>\n<p dir=\"ltr\">L\u01b0u \u00fd: \u0110\u1ec3 t\u1ed1i \u01b0u hi\u1ec7u qu\u1ea3 c\u1ee7a nh\u1eefng vi sinh v\u1eadt c\u00f3 l\u1ee3i (probiotics), n\u00ean pha PediaSure v\u1edbi n\u01b0\u1edbc \u0111un s\u00f4i \u0111\u1ec3 ngu\u1ed9i (\u226437\u00b0C).<\/p>\n<p dir=\"ltr\"><span style=\"color: #000000\">Kh\u00f4ng \u0111\u01b0\u1ee3c h\u00e2m n\u00f3ng PediaSure \u0111\u00e3 pha b\u1eb1ng l\u00f2 vi s\u00f3ng v\u00ec c\u00f3 th\u1ec3 g\u00e2y b\u1ecfng. <\/span><i>L\u01b0u \u00fd: <\/i>\u0110\u1ec3 t\u1ed1i \u01b0u hi\u1ec7u qu\u1ea3 c\u1ee7a vi sinh v\u1eadt c\u00f3 l\u1ee3i (Probiotic), n\u00ean pha Pediasure v\u1edbi n\u01b0\u1edbc \u0111un s\u00f4i \u0111\u1ec3 ngu\u1ed9i (\u226437\u00b0C). Kh\u00f4ng \u0111\u01b0\u1ee3c h\u00e2m n\u00f3ng Pediasure \u0111\u00e3 pha s\u1eb5n b\u1eb1ng l\u00f2 vi s\u00f3ng v\u00ec c\u00f3 th\u1ec3 g\u00e2y b\u1ecfng.<\/p>\n<h3 dir=\"ltr\"><b>Th\u00e0nh ph\u1ea7n<\/b><\/h3>\n<p dir=\"ltr\">Tinh b\u1ed9t b\u1eafp th\u1ee7y ph\u00e2n, \u0110\u1ea0M (\u0111\u1ea1m s\u1eefa c\u00f4 \u0111\u1eb7c,\u0111\u1ea1m \u0111\u1eadu n\u00e0nh tinh ch\u1ebf, casein th\u1ee7y ph\u00e2n*), D\u1ea6U (d\u1ea7u h\u01b0\u1edbng d\u01b0\u01a1ng gi\u00e0u oleic, d\u1ea7u \u0111\u1eadu n\u00e0nh, d\u1ea7u h\u1ea1t c\u1ea3i, d\u1ea7u MCT (triglycerid chu\u1ed7i trung b\u00ecnh)), sucrose, fructo-oligosaccharid (FOS-prebiotic), KHO\u00c1NG CH\u1ea4T (kali clorid, canxi phosphat, magie phosphat, natri citrat, kali phosphat, kali citrat, canxi carbonat, natri clorid, s\u1eaft sulfat, k\u1ebdm sulfat, mangan sulfat, \u0111\u1ed3ng sulfat, kali iodid, crom clorid, natri selenit, natri molybdat), ch\u1ea5t nh\u0169 h\u00f3a lecithin \u0111\u1eadu n\u00e0nh, h\u01b0\u01a1ng vani t\u1ef1 nhi\u00ean v\u00e0 t\u1ed5ng h\u1ee3p, L-arginin, acid docosahexaenoic (DHA), cholin clorid, VITAMIN (acid ascorbic, dl-alpha tocopheryl acetat, d-canxi pantothenat, niacinamid, pyridoxin hydroclorid, thiamin hydroclorid, riboflavin, vitamin A palmitat, acid folic, phylloquinon, biotin, vitamin D3, menaquinon-7 (vitamin K2 t\u1ef1 nhi\u00ean), cyanocobalamin, ascorbyl palmitat), taurin, m-inositol, L-carnitin, Lactobacillus acidophilus (probiotic), h\u1ed7n h\u1ee3p tocopherol.<\/p>\n<\/div>\n<div class=\"addclassfont16\">\n<div>*Ngu\u1ed3n casein phosphopeptid.<br \/>\n1 l\u00edt Pediasure\u00ae h\u01b0\u01a1ng vani pha chu\u1ea9n c\u1ea7n 216g b\u1ed9t.<br \/>\nPediasure\u00ae l\u00e0 nh\u00e3n hi\u1ec7u s\u1ed1 1 \u0111\u01b0\u1ee3c B\u00e1c s\u0129 nhi khoa khuy\u00ean d\u00f9ng trong nh\u00f3m th\u1ee9c u\u1ed1ng dinh d\u01b0\u1ee1ng cho tr\u1ebb t\u1ea1i Hoa K\u1ef3.<\/div>\n<\/div>\n","protected":false},"excerpt":{"rendered":"<p>H\u1ec7 d\u01b0\u1ee1ng ch\u1ea5t IQ Plus ph\u00e1t tri\u1ec3n n\u00e3o b\u1ed9<br \/>\nT\u0103ng c\u01b0\u1eddng \u0111\u1ec1 kh\u00e1ng v\u00e0 ti\u00eau h\u00f3a kh\u1ecfe m\u1ea1nh<br \/>\nGi\u00fap h\u1ea5p thu Canxi t\u1ed1t<\/p>\n","protected":false},"featured_media":6529,"comment_status":"open","ping_status":"closed","template":"","meta":[],"product_cat":[231],"product_tag":[564,576,574,544,528,518,575,566],"class_list":["post-6527","product","type-product","status-publish","has-post-thumbnail","hentry","product_cat-sua-bot","product_tag-1-10-tuoi","product_tag-ho-tro-chieu-cao","product_tag-ho-tro-tang-suc-de-khang","product_tag-phat-trien-chieu-cao","product_tag-tang-can","product_tag-tang-chieu-cao","product_tag-tang-cuong-de-khang","product_tag-tang-cuong-suc-de-khang","berocket_brand-abbott"],"yoast_head":"<!-- This site is optimized with the Yoast SEO plugin v27.6 - https:\/\/yoast.com\/product\/yoast-seo-wordpress\/ -->\n<title>S\u1eefa Abbott Pediasure h\u01b0\u01a1ng Vani \u00edt ng\u1ecdt 1,6kg (1-10 tu\u1ed5i) - \u0110ang Khuy\u1ebfn m\u00e3i<\/title>\n<meta name=\"description\" content=\"Th\u1ef1c ph\u1ea9m dinh d\u01b0\u1ee1ng y h\u1ecdc Pediasure b\u1ed5 sung dinh d\u01b0\u1ee1ng \u0111\u1ea7y \u0111\u1ee7 v\u00e0 c\u00e2n \u0111\u1ed1i, vitamin, kho\u00e1ng ch\u1ea5t gi\u00fap ph\u1ee5c h\u1ed3i s\u1ee9c kh\u1ecfe, t\u0103ng tr\u01b0\u1edfng t\u1ed1t.\" \/>\n<meta name=\"robots\" content=\"index, follow, max-snippet:-1, max-image-preview:large, max-video-preview:-1\" \/>\n<link rel=\"canonical\" href=\"https:\/\/suatuyetvoi.com\/muasam\/san-pham\/sua-abbott-pediasure-huong-vani-it-ngot-16kg-1-10-tuoi\/\" \/>\n<meta property=\"og:locale\" content=\"vi_VN\" \/>\n<meta property=\"og:type\" content=\"article\" \/>\n<meta property=\"og:title\" content=\"S\u1eefa Abbott Pediasure h\u01b0\u01a1ng Vani \u00edt ng\u1ecdt 1,6kg (1-10 tu\u1ed5i) - \u0110ang Khuy\u1ebfn m\u00e3i\" \/>\n<meta property=\"og:description\" content=\"Th\u1ef1c ph\u1ea9m dinh d\u01b0\u1ee1ng y h\u1ecdc Pediasure b\u1ed5 sung dinh d\u01b0\u1ee1ng \u0111\u1ea7y \u0111\u1ee7 v\u00e0 c\u00e2n \u0111\u1ed1i, vitamin, kho\u00e1ng ch\u1ea5t gi\u00fap ph\u1ee5c h\u1ed3i s\u1ee9c kh\u1ecfe, t\u0103ng tr\u01b0\u1edfng t\u1ed1t.\" \/>\n<meta property=\"og:url\" content=\"https:\/\/suatuyetvoi.com\/muasam\/san-pham\/sua-abbott-pediasure-huong-vani-it-ngot-16kg-1-10-tuoi\/\" \/>\n<meta property=\"og:site_name\" content=\"S\u1eefa Tuy\u1ec7t V\u1eddi\" \/>\n<meta property=\"article:modified_time\" content=\"2023-04-05T08:36:44+00:00\" \/>\n<meta property=\"og:image\" content=\"https:\/\/suatuyetvoi.com\/muasam\/wp-content\/uploads\/2023\/04\/Suatuyetvoi.png\" \/>\n\t<meta property=\"og:image:width\" content=\"1080\" \/>\n\t<meta property=\"og:image:height\" content=\"1080\" \/>\n\t<meta property=\"og:image:type\" content=\"image\/png\" \/>\n<meta name=\"twitter:card\" content=\"summary_large_image\" \/>\n<meta name=\"twitter:title\" content=\"S\u1eefa Abbott Pediasure h\u01b0\u01a1ng Vani \u00edt ng\u1ecdt 1,6kg (1-10 tu\u1ed5i) - \u0110ang Khuy\u1ebfn m\u00e3i\" \/>\n<meta name=\"twitter:description\" content=\"Th\u1ef1c ph\u1ea9m dinh d\u01b0\u1ee1ng y h\u1ecdc Pediasure b\u1ed5 sung dinh d\u01b0\u1ee1ng \u0111\u1ea7y \u0111\u1ee7 v\u00e0 c\u00e2n \u0111\u1ed1i, vitamin, kho\u00e1ng ch\u1ea5t gi\u00fap ph\u1ee5c h\u1ed3i s\u1ee9c kh\u1ecfe, t\u0103ng tr\u01b0\u1edfng t\u1ed1t.\" \/>\n<meta name=\"twitter:label1\" content=\"\u01af\u1edbc t\u00ednh th\u1eddi gian \u0111\u1ecdc\" \/>\n\t<meta name=\"twitter:data1\" content=\"7 ph\u00fat\" \/>\n<script type=\"application\/ld+json\" class=\"yoast-schema-graph\">{\"@context\":\"https:\\\/\\\/schema.org\",\"@graph\":[{\"@type\":\"WebPage\",\"@id\":\"https:\\\/\\\/suatuyetvoi.com\\\/muasam\\\/san-pham\\\/sua-abbott-pediasure-huong-vani-it-ngot-16kg-1-10-tuoi\\\/\",\"url\":\"https:\\\/\\\/suatuyetvoi.com\\\/muasam\\\/san-pham\\\/sua-abbott-pediasure-huong-vani-it-ngot-16kg-1-10-tuoi\\\/\",\"name\":\"S\u1eefa Abbott Pediasure h\u01b0\u01a1ng Vani \u00edt ng\u1ecdt 1,6kg (1-10 tu\u1ed5i) - \u0110ang Khuy\u1ebfn m\u00e3i\",\"isPartOf\":{\"@id\":\"https:\\\/\\\/suatuyetvoi.com\\\/muasam\\\/#website\"},\"primaryImageOfPage\":{\"@id\":\"https:\\\/\\\/suatuyetvoi.com\\\/muasam\\\/san-pham\\\/sua-abbott-pediasure-huong-vani-it-ngot-16kg-1-10-tuoi\\\/#primaryimage\"},\"image\":{\"@id\":\"https:\\\/\\\/suatuyetvoi.com\\\/muasam\\\/san-pham\\\/sua-abbott-pediasure-huong-vani-it-ngot-16kg-1-10-tuoi\\\/#primaryimage\"},\"thumbnailUrl\":\"https:\\\/\\\/suatuyetvoi.com\\\/muasam\\\/wp-content\\\/uploads\\\/2023\\\/04\\\/Suatuyetvoi.png\",\"datePublished\":\"2023-04-05T08:30:35+00:00\",\"dateModified\":\"2023-04-05T08:36:44+00:00\",\"description\":\"Th\u1ef1c ph\u1ea9m dinh d\u01b0\u1ee1ng y h\u1ecdc Pediasure b\u1ed5 sung dinh d\u01b0\u1ee1ng \u0111\u1ea7y \u0111\u1ee7 v\u00e0 c\u00e2n \u0111\u1ed1i, vitamin, kho\u00e1ng ch\u1ea5t gi\u00fap ph\u1ee5c h\u1ed3i s\u1ee9c kh\u1ecfe, t\u0103ng tr\u01b0\u1edfng t\u1ed1t.\",\"breadcrumb\":{\"@id\":\"https:\\\/\\\/suatuyetvoi.com\\\/muasam\\\/san-pham\\\/sua-abbott-pediasure-huong-vani-it-ngot-16kg-1-10-tuoi\\\/#breadcrumb\"},\"inLanguage\":\"vi\",\"potentialAction\":[{\"@type\":\"ReadAction\",\"target\":[\"https:\\\/\\\/suatuyetvoi.com\\\/muasam\\\/san-pham\\\/sua-abbott-pediasure-huong-vani-it-ngot-16kg-1-10-tuoi\\\/\"]}]},{\"@type\":\"ImageObject\",\"inLanguage\":\"vi\",\"@id\":\"https:\\\/\\\/suatuyetvoi.com\\\/muasam\\\/san-pham\\\/sua-abbott-pediasure-huong-vani-it-ngot-16kg-1-10-tuoi\\\/#primaryimage\",\"url\":\"https:\\\/\\\/suatuyetvoi.com\\\/muasam\\\/wp-content\\\/uploads\\\/2023\\\/04\\\/Suatuyetvoi.png\",\"contentUrl\":\"https:\\\/\\\/suatuyetvoi.com\\\/muasam\\\/wp-content\\\/uploads\\\/2023\\\/04\\\/Suatuyetvoi.png\",\"width\":1080,\"height\":1080},{\"@type\":\"BreadcrumbList\",\"@id\":\"https:\\\/\\\/suatuyetvoi.com\\\/muasam\\\/san-pham\\\/sua-abbott-pediasure-huong-vani-it-ngot-16kg-1-10-tuoi\\\/#breadcrumb\",\"itemListElement\":[{\"@type\":\"ListItem\",\"position\":1,\"name\":\"Home\",\"item\":\"https:\\\/\\\/suatuyetvoi.com\\\/muasam\\\/\"},{\"@type\":\"ListItem\",\"position\":2,\"name\":\"Shop\",\"item\":\"https:\\\/\\\/suatuyetvoi.com\\\/muasam\\\/shop\\\/\"},{\"@type\":\"ListItem\",\"position\":3,\"name\":\"S\u1eefa Abbott Pediasure h\u01b0\u01a1ng Vani \u00edt ng\u1ecdt 1,6kg (1-10 tu\u1ed5i)\"}]},{\"@type\":\"WebSite\",\"@id\":\"https:\\\/\\\/suatuyetvoi.com\\\/muasam\\\/#website\",\"url\":\"https:\\\/\\\/suatuyetvoi.com\\\/muasam\\\/\",\"name\":\"S\u1eefa Tuy\u1ec7t V\u1eddi\",\"description\":\"S\u1eefa Tuy\u1ec7t V\u1eddi Vi\u1ec7t Nam\",\"potentialAction\":[{\"@type\":\"SearchAction\",\"target\":{\"@type\":\"EntryPoint\",\"urlTemplate\":\"https:\\\/\\\/suatuyetvoi.com\\\/muasam\\\/?s={search_term_string}\"},\"query-input\":{\"@type\":\"PropertyValueSpecification\",\"valueRequired\":true,\"valueName\":\"search_term_string\"}}],\"inLanguage\":\"vi\"}]}<\/script>\n<!-- \/ Yoast SEO plugin. -->","yoast_head_json":{"title":"S\u1eefa Abbott Pediasure h\u01b0\u01a1ng Vani \u00edt ng\u1ecdt 1,6kg (1-10 tu\u1ed5i) - \u0110ang Khuy\u1ebfn m\u00e3i","description":"Th\u1ef1c ph\u1ea9m dinh d\u01b0\u1ee1ng y h\u1ecdc Pediasure b\u1ed5 sung dinh d\u01b0\u1ee1ng \u0111\u1ea7y \u0111\u1ee7 v\u00e0 c\u00e2n \u0111\u1ed1i, vitamin, kho\u00e1ng ch\u1ea5t gi\u00fap ph\u1ee5c h\u1ed3i s\u1ee9c kh\u1ecfe, t\u0103ng tr\u01b0\u1edfng t\u1ed1t.","robots":{"index":"index","follow":"follow","max-snippet":"max-snippet:-1","max-image-preview":"max-image-preview:large","max-video-preview":"max-video-preview:-1"},"canonical":"https:\/\/suatuyetvoi.com\/muasam\/san-pham\/sua-abbott-pediasure-huong-vani-it-ngot-16kg-1-10-tuoi\/","og_locale":"vi_VN","og_type":"article","og_title":"S\u1eefa Abbott Pediasure h\u01b0\u01a1ng Vani \u00edt ng\u1ecdt 1,6kg (1-10 tu\u1ed5i) - \u0110ang Khuy\u1ebfn m\u00e3i","og_description":"Th\u1ef1c ph\u1ea9m dinh d\u01b0\u1ee1ng y h\u1ecdc Pediasure b\u1ed5 sung dinh d\u01b0\u1ee1ng \u0111\u1ea7y \u0111\u1ee7 v\u00e0 c\u00e2n \u0111\u1ed1i, vitamin, kho\u00e1ng ch\u1ea5t gi\u00fap ph\u1ee5c h\u1ed3i s\u1ee9c kh\u1ecfe, t\u0103ng tr\u01b0\u1edfng t\u1ed1t.","og_url":"https:\/\/suatuyetvoi.com\/muasam\/san-pham\/sua-abbott-pediasure-huong-vani-it-ngot-16kg-1-10-tuoi\/","og_site_name":"S\u1eefa Tuy\u1ec7t V\u1eddi","article_modified_time":"2023-04-05T08:36:44+00:00","og_image":[{"width":1080,"height":1080,"url":"https:\/\/suatuyetvoi.com\/muasam\/wp-content\/uploads\/2023\/04\/Suatuyetvoi.png","type":"image\/png"}],"twitter_card":"summary_large_image","twitter_title":"S\u1eefa Abbott Pediasure h\u01b0\u01a1ng Vani \u00edt ng\u1ecdt 1,6kg (1-10 tu\u1ed5i) - \u0110ang Khuy\u1ebfn m\u00e3i","twitter_description":"Th\u1ef1c ph\u1ea9m dinh d\u01b0\u1ee1ng y h\u1ecdc Pediasure b\u1ed5 sung dinh d\u01b0\u1ee1ng \u0111\u1ea7y \u0111\u1ee7 v\u00e0 c\u00e2n \u0111\u1ed1i, vitamin, kho\u00e1ng ch\u1ea5t gi\u00fap ph\u1ee5c h\u1ed3i s\u1ee9c kh\u1ecfe, t\u0103ng tr\u01b0\u1edfng t\u1ed1t.","twitter_misc":{"\u01af\u1edbc t\u00ednh th\u1eddi gian \u0111\u1ecdc":"7 ph\u00fat"},"schema":{"@context":"https:\/\/schema.org","@graph":[{"@type":"WebPage","@id":"https:\/\/suatuyetvoi.com\/muasam\/san-pham\/sua-abbott-pediasure-huong-vani-it-ngot-16kg-1-10-tuoi\/","url":"https:\/\/suatuyetvoi.com\/muasam\/san-pham\/sua-abbott-pediasure-huong-vani-it-ngot-16kg-1-10-tuoi\/","name":"S\u1eefa Abbott Pediasure h\u01b0\u01a1ng Vani \u00edt ng\u1ecdt 1,6kg (1-10 tu\u1ed5i) - \u0110ang Khuy\u1ebfn m\u00e3i","isPartOf":{"@id":"https:\/\/suatuyetvoi.com\/muasam\/#website"},"primaryImageOfPage":{"@id":"https:\/\/suatuyetvoi.com\/muasam\/san-pham\/sua-abbott-pediasure-huong-vani-it-ngot-16kg-1-10-tuoi\/#primaryimage"},"image":{"@id":"https:\/\/suatuyetvoi.com\/muasam\/san-pham\/sua-abbott-pediasure-huong-vani-it-ngot-16kg-1-10-tuoi\/#primaryimage"},"thumbnailUrl":"https:\/\/suatuyetvoi.com\/muasam\/wp-content\/uploads\/2023\/04\/Suatuyetvoi.png","datePublished":"2023-04-05T08:30:35+00:00","dateModified":"2023-04-05T08:36:44+00:00","description":"Th\u1ef1c ph\u1ea9m dinh d\u01b0\u1ee1ng y h\u1ecdc Pediasure b\u1ed5 sung dinh d\u01b0\u1ee1ng \u0111\u1ea7y \u0111\u1ee7 v\u00e0 c\u00e2n \u0111\u1ed1i, vitamin, kho\u00e1ng ch\u1ea5t gi\u00fap ph\u1ee5c h\u1ed3i s\u1ee9c kh\u1ecfe, t\u0103ng tr\u01b0\u1edfng t\u1ed1t.","breadcrumb":{"@id":"https:\/\/suatuyetvoi.com\/muasam\/san-pham\/sua-abbott-pediasure-huong-vani-it-ngot-16kg-1-10-tuoi\/#breadcrumb"},"inLanguage":"vi","potentialAction":[{"@type":"ReadAction","target":["https:\/\/suatuyetvoi.com\/muasam\/san-pham\/sua-abbott-pediasure-huong-vani-it-ngot-16kg-1-10-tuoi\/"]}]},{"@type":"ImageObject","inLanguage":"vi","@id":"https:\/\/suatuyetvoi.com\/muasam\/san-pham\/sua-abbott-pediasure-huong-vani-it-ngot-16kg-1-10-tuoi\/#primaryimage","url":"https:\/\/suatuyetvoi.com\/muasam\/wp-content\/uploads\/2023\/04\/Suatuyetvoi.png","contentUrl":"https:\/\/suatuyetvoi.com\/muasam\/wp-content\/uploads\/2023\/04\/Suatuyetvoi.png","width":1080,"height":1080},{"@type":"BreadcrumbList","@id":"https:\/\/suatuyetvoi.com\/muasam\/san-pham\/sua-abbott-pediasure-huong-vani-it-ngot-16kg-1-10-tuoi\/#breadcrumb","itemListElement":[{"@type":"ListItem","position":1,"name":"Home","item":"https:\/\/suatuyetvoi.com\/muasam\/"},{"@type":"ListItem","position":2,"name":"Shop","item":"https:\/\/suatuyetvoi.com\/muasam\/shop\/"},{"@type":"ListItem","position":3,"name":"S\u1eefa Abbott Pediasure h\u01b0\u01a1ng Vani \u00edt ng\u1ecdt 1,6kg (1-10 tu\u1ed5i)"}]},{"@type":"WebSite","@id":"https:\/\/suatuyetvoi.com\/muasam\/#website","url":"https:\/\/suatuyetvoi.com\/muasam\/","name":"S\u1eefa Tuy\u1ec7t V\u1eddi","description":"S\u1eefa Tuy\u1ec7t V\u1eddi Vi\u1ec7t Nam","potentialAction":[{"@type":"SearchAction","target":{"@type":"EntryPoint","urlTemplate":"https:\/\/suatuyetvoi.com\/muasam\/?s={search_term_string}"},"query-input":{"@type":"PropertyValueSpecification","valueRequired":true,"valueName":"search_term_string"}}],"inLanguage":"vi"}]}},"_links":{"self":[{"href":"https:\/\/suatuyetvoi.com\/muasam\/wp-json\/wp\/v2\/product\/6527","targetHints":{"allow":["GET"]}}],"collection":[{"href":"https:\/\/suatuyetvoi.com\/muasam\/wp-json\/wp\/v2\/product"}],"about":[{"href":"https:\/\/suatuyetvoi.com\/muasam\/wp-json\/wp\/v2\/types\/product"}],"replies":[{"embeddable":true,"href":"https:\/\/suatuyetvoi.com\/muasam\/wp-json\/wp\/v2\/comments?post=6527"}],"wp:featuredmedia":[{"embeddable":true,"href":"https:\/\/suatuyetvoi.com\/muasam\/wp-json\/wp\/v2\/media\/6529"}],"wp:attachment":[{"href":"https:\/\/suatuyetvoi.com\/muasam\/wp-json\/wp\/v2\/media?parent=6527"}],"wp:term":[{"taxonomy":"product_cat","embeddable":true,"href":"https:\/\/suatuyetvoi.com\/muasam\/wp-json\/wp\/v2\/product_cat?post=6527"},{"taxonomy":"product_tag","embeddable":true,"href":"https:\/\/suatuyetvoi.com\/muasam\/wp-json\/wp\/v2\/product_tag?post=6527"}],"curies":[{"name":"wp","href":"https:\/\/api.w.org\/{rel}","templated":true}]}}