{"id":6511,"date":"2023-03-31T18:48:38","date_gmt":"2023-03-31T11:48:38","guid":{"rendered":"https:\/\/suatuyetvoi.com\/muasam\/?post_type=product&#038;p=6511"},"modified":"2023-03-31T19:05:31","modified_gmt":"2023-03-31T12:05:31","slug":"sua-hat-hanh-nhan-nguyen-chat-137-degrees-1000ml","status":"publish","type":"product","link":"https:\/\/suatuyetvoi.com\/muasam\/san-pham\/sua-hat-hanh-nhan-nguyen-chat-137-degrees-1000ml\/","title":{"rendered":"S\u1eefa h\u1ea1t h\u1ea1nh nh\u00e2n nguy\u00ean ch\u1ea5t 137 DEGREES 1000ml"},"content":{"rendered":"<div class=\"content full\">\n<div id=\"motasanpham\" class=\"clearfix\">\n<h2>M\u00d4 T\u1ea2 S\u1ea2N PH\u1ea8M<\/h2>\n<p>S\u1eefa h\u1ea1t 137 Degrees l\u00e0 th\u01b0\u01a1ng hi\u1ec7u s\u1eefa h\u1ea1t dinh d\u01b0\u1ee1ng s\u1ed1 1 t\u1ea1i Th\u00e1i Lan, v\u1edbi th\u00e0nh ph\u1ea7n h\u1ea1t t\u01b0\u01a1i nguy\u00ean ch\u1ea5t \u0111\u1ebfn 99% KH\u00d4NG \u0110\u01af\u1edcNG, KH\u00d4NG CH\u1ea4T B\u1ea2O QU\u1ea2N, KH\u00d4NG PHA TR\u1ed8N S\u1eeeA B\u00d2\/ S\u1eeeA \u0110\u1eacU N\u00c0NH, d\u00f9ng m\u1eadt hoa d\u1eeba h\u1eefu c\u01a1 t\u1ea1o v\u1ecb ng\u1ecdt thanh nh\u1eb9 cho s\u1eefa, ngu\u1ed3n h\u1ea1t h\u1ea1nh nh\u00e2n ch\u1ea5t l\u01b0\u1ee3ng t\u1eeb California, Hoa K\u1ef3.<\/p>\n<h2>Th\u00e0nh ph\u1ea7n s\u1eefa h\u1ea1t h\u1ea1nh nh\u00e2n nguy\u00ean ch\u1ea5t 137 degrees<\/h2>\n<p>94% s\u1eefa h\u1ea1t h\u1ea1nh nh\u00e2n, 5% chi\u1ebft xu\u1ea5t h\u01b0\u1edbng d\u01b0\u01a1ng, 1% m\u1eadt hoa d\u1eeba h\u1eefu c\u01a1 S\u1eefa h\u1ea1t h\u1ea1nh nh\u00e2n nguy\u00ean ch\u1ea5t ch\u1ee9a nhi\u1ec1u Axit folic, Omega 3, Canxi, Magie, Vitamin B, E \u2026 mang l\u1ea1i nhi\u1ec1u c\u00f4ng d\u1ee5ng<\/p>\n<p>\u2713 H\u1ed7 tr\u1ee3 ng\u0103n ng\u1eeba c\u00e1c b\u1ec7nh v\u1ec1 tim m\u1ea1ch, \u0111\u1ed9t qu\u1ef5, gi\u1ea3m nguy c\u01a1 ung th\u01b0<\/p>\n<p>\u2713 T\u0103ng c\u01b0\u1eddng s\u1ee9c kh\u1ecfe n\u00e3o b\u1ed9, gi\u00fap gi\u1ea3m ch\u1ee9ng m\u1ea5t tr\u00ed nh\u1edb<\/p>\n<p>\u2713 H\u1ed7 tr\u1ee3 qu\u00e1 tr\u00ecnh gi\u1ea3m c\u00e2n t\u1ef1 nhi\u00ean<\/p>\n<p>\u2713 L\u00e0m ch\u1eadm qu\u00e1 tr\u00ecnh oxy h\u00f3a, duy tr\u00ec l\u00e0n da t\u01b0\u01a1i s\u00e1ng<\/p>\n<p>\u2713 Gi\u00fap gi\u1ea3m nguy c\u01a1 sinh non, ng\u1eeba ti\u1ec3u \u0111\u01b0\u1eddng thai k\u00ec<\/p>\n<p>\u2713 H\u1ed7 tr\u1ee3 dinh d\u01b0\u1ee1ng cho ng\u01b0\u1eddi \u0103n chay, ti\u1ec3u \u0111\u01b0\u1eddng<\/p>\n<h2>\u0110\u1ed1i t\u01b0\u1ee3ng u\u1ed1ng<\/h2>\n<p>\u2713 S\u1eefa th\u00edch h\u1ee3p v\u1edbi t\u1ea5t c\u1ea3 m\u1ecdi ng\u01b0\u1eddi v\u00e0 \u0111\u1eb7c bi\u1ec7t t\u1ed1t cho m\u1eb9 b\u1ea7u, b\u00e9 t\u1eeb 1 tu\u1ed5i tr\u1edf l\u00ean<\/p>\n<p>\u2713 Ng\u01b0\u1eddi \u0103n ki\u00eang, gi\u1ea3m c\u00e2n; ng\u01b0\u1eddi \u0103n chay, th\u1ef1c d\u01b0\u1ee1ng,.. theo c\u00e1c ch\u1ebf \u0111\u1ed9 \u0103n u\u1ed1ng khoa h\u1ecdc<\/p>\n<p>\u2713 Ng\u01b0\u1eddi \u0111ang b\u1ecb b\u1ec7nh tim m\u1ea1ch, ti\u1ec3u \u0111\u01b0\u1eddng, cao huy\u1ebft \u00e1p, m\u1edbi \u1ed1m d\u1eady,&#8230;<\/p>\n<p>\u2713 Ng\u01b0\u1eddi m\u1eafc h\u1ed9i ch\u1ee9ng kh\u00f4ng dung n\u1ea1p lactose, b\u00e9 d\u1ecb \u1ee9ng \u0111\u1ea1m s\u1eefa b\u00f2,&#8230;<\/p>\n<p>137 Degrees s\u1eed d\u1ee5ng c\u00f4ng ngh\u1ec7 \u0111\u00f3ng h\u1ed9p v\u00f4 tr\u00f9ng Tetra Pak 6 l\u1edbp (Thu\u1ef5 \u0110i\u1ec3n) c\u00f3 th\u1ec3 b\u1ea3o qu\u1ea3n s\u1eefa \u1edf nhi\u1ec7t \u0111\u1ed9 th\u01b0\u1eddng trong th\u1eddi gian d\u00e0i (12 th\u00e1ng) m\u00e0 v\u1eabn gi\u1eef nguy\u00ean h\u01b0\u01a1ng v\u1ecb t\u01b0\u01a1i ngon v\u00e0 d\u01b0\u1ee1ng ch\u1ea5t c\u1ee7a s\u1eefa.<\/p>\n<h2>H\u01b0\u1edbng d\u1eabn s\u1eed d\u1ee5ng<\/h2>\n<p>&#8211; L\u1eafc \u0111\u1ec1u tr\u01b0\u1edbc khi u\u1ed1ng. Ngon h\u01a1n khi u\u1ed1ng l\u1ea1nh.<\/p>\n<p>&#8211; Gi\u1eef l\u1ea1nh, \u0111\u00f3ng ch\u1eb7t n\u1eafp v\u00e0 s\u1eed d\u1ee5ng trong v\u00f2ng 3-5 ng\u00e0y sau khi m\u1edf n\u1eafp \u0111\u1ec3 gi\u1eef h\u01b0\u01a1ng v\u1ecb th\u01a1m ngon nh\u1ea5t.<\/p>\n<p><strong>*L\u01b0u \u00fd:<\/strong> H\u1ed9p 1 L\u00edt \u0111\u01b0\u1ee3c thi\u1ebft k\u1ebf \u0111\u1eb7c bi\u1ec7t, khi m\u1edf n\u1eafp s\u1ebd T\u1ef0 \u0110\u1ed8NG C\u1eaeT L\u1edaP SEAL B\u1ea0C C\u1ee6A H\u1ed8P.<\/p>\n<p>H\u01b0\u1edbng d\u1eabn b\u1ea3o qu\u1ea3n: \u0110\u1ec3 n\u01a1i kh\u00f4 r\u00e1o, tho\u00e1ng m\u00e1t, tr\u00e1nh \u00e1nh n\u1eafng tr\u1ef1c ti\u1ebfp<\/p>\n<p>Xu\u1ea5t x\u1ee9: TH\u00c1I LAN \ud83c\uddf9\ud83c\udded<\/p>\n<p>H\u1ea1n s\u1eed d\u1ee5ng: 12 th\u00e1ng k\u1ec3 t\u1eeb ng\u00e0y s\u1ea3n xu\u1ea5t<\/p>\n<\/div>\n<\/div>\n","protected":false},"excerpt":{"rendered":"<p>H\u1ec7 d\u01b0\u1ee1ng ch\u1ea5t IQ Plus ph\u00e1t tri\u1ec3n n\u00e3o b\u1ed9<br \/>\nT\u0103ng c\u01b0\u1eddng \u0111\u1ec1 kh\u00e1ng v\u00e0 ti\u00eau h\u00f3a kh\u1ecfe m\u1ea1nh<br \/>\nGi\u00fap h\u1ea5p thu Canxi t\u1ed1t<\/p>\n","protected":false},"featured_media":6512,"comment_status":"open","ping_status":"closed","template":"","meta":[],"product_cat":[514],"product_tag":[545,557,556,566],"class_list":["post-6511","product","type-product","status-publish","has-post-thumbnail","hentry","product_cat-sua-hat","product_tag-he-tim-mach-tot","product_tag-sua-dinh-duong","product_tag-tang-cuong-he-mien-dich","product_tag-tang-cuong-suc-de-khang","berocket_brand-degrees"],"yoast_head":"<!-- This site is optimized with the Yoast SEO plugin v27.6 - https:\/\/yoast.com\/product\/yoast-seo-wordpress\/ -->\n<title>S\u1eefa h\u1ea1t h\u1ea1nh nh\u00e2n nguy\u00ean ch\u1ea5t 137 DEGREES 1000ml - \u0110ang Khuy\u1ebfn M\u00e3i<\/title>\n<meta name=\"description\" content=\"94% s\u1eefa h\u1ea1t h\u1ea1nh nh\u00e2n, 5% chi\u1ebft xu\u1ea5t h\u01b0\u1edbng d\u01b0\u01a1ng, 1% m\u1eadt hoa d\u1eeba h\u1eefu c\u01a1 S\u1eefa h\u1ea1t h\u1ea1nh nh\u00e2n nguy\u00ean ch\u1ea5t ch\u1ee9a nhi\u1ec1u Axit folic, Omega 3, Canxi, Magie, Vitamin B, E \u2026\" \/>\n<meta name=\"robots\" content=\"index, follow, max-snippet:-1, max-image-preview:large, max-video-preview:-1\" \/>\n<link rel=\"canonical\" href=\"https:\/\/suatuyetvoi.com\/muasam\/san-pham\/sua-hat-hanh-nhan-nguyen-chat-137-degrees-1000ml\/\" \/>\n<meta property=\"og:locale\" content=\"vi_VN\" \/>\n<meta property=\"og:type\" content=\"article\" \/>\n<meta property=\"og:title\" content=\"S\u1eefa t\u01b0\u01a1i ti\u1ec7t tr\u00f9ng c\u00f3 \u0111\u01b0\u1eddng Vinamilk 100% S\u1eefa t\u01b0\u01a1i - Th\u00f9ng 48 b\u1ecbch x 220ml - \u0110ang Khuy\u1ebfn m\u00e3i\" \/>\n<meta property=\"og:description\" content=\"Vinamilk S\u1eefa t\u01b0\u01a1i d\u1ea1ng b\u1ecbch 220ml \u0111\u01b0\u1ee3c l\u00e0m t\u1eeb 100% s\u1eefa b\u00f2 t\u01b0\u01a1i nguy\u00ean ch\u1ea5t t\u1eeb h\u1ec7 th\u1ed1ng trang tr\u1ea1i chu\u1ea9n Qu\u1ed1c t\u1ebf l\u1edbn nh\u1ea5t Ch\u00e2u \u00c1.\" \/>\n<meta property=\"og:url\" content=\"https:\/\/suatuyetvoi.com\/muasam\/san-pham\/sua-hat-hanh-nhan-nguyen-chat-137-degrees-1000ml\/\" \/>\n<meta property=\"og:site_name\" content=\"S\u1eefa Tuy\u1ec7t V\u1eddi\" \/>\n<meta property=\"article:modified_time\" content=\"2023-03-31T12:05:31+00:00\" \/>\n<meta property=\"og:image\" content=\"https:\/\/suatuyetvoi.com\/muasam\/wp-content\/uploads\/2023\/03\/1da2a687-34a4-42f1-ac80-0dc3f6685a74.png\" \/>\n\t<meta property=\"og:image:width\" content=\"1080\" \/>\n\t<meta property=\"og:image:height\" content=\"1080\" \/>\n\t<meta property=\"og:image:type\" content=\"image\/png\" \/>\n<meta name=\"twitter:card\" content=\"summary_large_image\" \/>\n<meta name=\"twitter:title\" content=\"S\u1eefa t\u01b0\u01a1i ti\u1ec7t tr\u00f9ng c\u00f3 \u0111\u01b0\u1eddng Vinamilk 100% S\u1eefa t\u01b0\u01a1i - Th\u00f9ng 48 b\u1ecbch x 220ml - \u0110ang Khuy\u1ebfn m\u00e3i\" \/>\n<meta name=\"twitter:description\" content=\"Vinamilk S\u1eefa t\u01b0\u01a1i d\u1ea1ng b\u1ecbch 220ml \u0111\u01b0\u1ee3c l\u00e0m t\u1eeb 100% s\u1eefa b\u00f2 t\u01b0\u01a1i nguy\u00ean ch\u1ea5t t\u1eeb h\u1ec7 th\u1ed1ng trang tr\u1ea1i chu\u1ea9n Qu\u1ed1c t\u1ebf l\u1edbn nh\u1ea5t Ch\u00e2u \u00c1.\" \/>\n<meta name=\"twitter:label1\" content=\"\u01af\u1edbc t\u00ednh th\u1eddi gian \u0111\u1ecdc\" \/>\n\t<meta name=\"twitter:data1\" content=\"3 ph\u00fat\" \/>\n<script type=\"application\/ld+json\" class=\"yoast-schema-graph\">{\"@context\":\"https:\\\/\\\/schema.org\",\"@graph\":[{\"@type\":\"WebPage\",\"@id\":\"https:\\\/\\\/suatuyetvoi.com\\\/muasam\\\/san-pham\\\/sua-hat-hanh-nhan-nguyen-chat-137-degrees-1000ml\\\/\",\"url\":\"https:\\\/\\\/suatuyetvoi.com\\\/muasam\\\/san-pham\\\/sua-hat-hanh-nhan-nguyen-chat-137-degrees-1000ml\\\/\",\"name\":\"S\u1eefa h\u1ea1t h\u1ea1nh nh\u00e2n nguy\u00ean ch\u1ea5t 137 DEGREES 1000ml - \u0110ang Khuy\u1ebfn M\u00e3i\",\"isPartOf\":{\"@id\":\"https:\\\/\\\/suatuyetvoi.com\\\/muasam\\\/#website\"},\"primaryImageOfPage\":{\"@id\":\"https:\\\/\\\/suatuyetvoi.com\\\/muasam\\\/san-pham\\\/sua-hat-hanh-nhan-nguyen-chat-137-degrees-1000ml\\\/#primaryimage\"},\"image\":{\"@id\":\"https:\\\/\\\/suatuyetvoi.com\\\/muasam\\\/san-pham\\\/sua-hat-hanh-nhan-nguyen-chat-137-degrees-1000ml\\\/#primaryimage\"},\"thumbnailUrl\":\"https:\\\/\\\/suatuyetvoi.com\\\/muasam\\\/wp-content\\\/uploads\\\/2023\\\/03\\\/1da2a687-34a4-42f1-ac80-0dc3f6685a74.png\",\"datePublished\":\"2023-03-31T11:48:38+00:00\",\"dateModified\":\"2023-03-31T12:05:31+00:00\",\"description\":\"94% s\u1eefa h\u1ea1t h\u1ea1nh nh\u00e2n, 5% chi\u1ebft xu\u1ea5t h\u01b0\u1edbng d\u01b0\u01a1ng, 1% m\u1eadt hoa d\u1eeba h\u1eefu c\u01a1 S\u1eefa h\u1ea1t h\u1ea1nh nh\u00e2n nguy\u00ean ch\u1ea5t ch\u1ee9a nhi\u1ec1u Axit folic, Omega 3, Canxi, Magie, Vitamin B, E \u2026\",\"breadcrumb\":{\"@id\":\"https:\\\/\\\/suatuyetvoi.com\\\/muasam\\\/san-pham\\\/sua-hat-hanh-nhan-nguyen-chat-137-degrees-1000ml\\\/#breadcrumb\"},\"inLanguage\":\"vi\",\"potentialAction\":[{\"@type\":\"ReadAction\",\"target\":[\"https:\\\/\\\/suatuyetvoi.com\\\/muasam\\\/san-pham\\\/sua-hat-hanh-nhan-nguyen-chat-137-degrees-1000ml\\\/\"]}]},{\"@type\":\"ImageObject\",\"inLanguage\":\"vi\",\"@id\":\"https:\\\/\\\/suatuyetvoi.com\\\/muasam\\\/san-pham\\\/sua-hat-hanh-nhan-nguyen-chat-137-degrees-1000ml\\\/#primaryimage\",\"url\":\"https:\\\/\\\/suatuyetvoi.com\\\/muasam\\\/wp-content\\\/uploads\\\/2023\\\/03\\\/1da2a687-34a4-42f1-ac80-0dc3f6685a74.png\",\"contentUrl\":\"https:\\\/\\\/suatuyetvoi.com\\\/muasam\\\/wp-content\\\/uploads\\\/2023\\\/03\\\/1da2a687-34a4-42f1-ac80-0dc3f6685a74.png\",\"width\":1080,\"height\":1080},{\"@type\":\"BreadcrumbList\",\"@id\":\"https:\\\/\\\/suatuyetvoi.com\\\/muasam\\\/san-pham\\\/sua-hat-hanh-nhan-nguyen-chat-137-degrees-1000ml\\\/#breadcrumb\",\"itemListElement\":[{\"@type\":\"ListItem\",\"position\":1,\"name\":\"Home\",\"item\":\"https:\\\/\\\/suatuyetvoi.com\\\/muasam\\\/\"},{\"@type\":\"ListItem\",\"position\":2,\"name\":\"Shop\",\"item\":\"https:\\\/\\\/suatuyetvoi.com\\\/muasam\\\/shop\\\/\"},{\"@type\":\"ListItem\",\"position\":3,\"name\":\"S\u1eefa h\u1ea1t h\u1ea1nh nh\u00e2n nguy\u00ean ch\u1ea5t 137 DEGREES 1000ml\"}]},{\"@type\":\"WebSite\",\"@id\":\"https:\\\/\\\/suatuyetvoi.com\\\/muasam\\\/#website\",\"url\":\"https:\\\/\\\/suatuyetvoi.com\\\/muasam\\\/\",\"name\":\"S\u1eefa Tuy\u1ec7t V\u1eddi\",\"description\":\"S\u1eefa Tuy\u1ec7t V\u1eddi Vi\u1ec7t Nam\",\"potentialAction\":[{\"@type\":\"SearchAction\",\"target\":{\"@type\":\"EntryPoint\",\"urlTemplate\":\"https:\\\/\\\/suatuyetvoi.com\\\/muasam\\\/?s={search_term_string}\"},\"query-input\":{\"@type\":\"PropertyValueSpecification\",\"valueRequired\":true,\"valueName\":\"search_term_string\"}}],\"inLanguage\":\"vi\"}]}<\/script>\n<!-- \/ Yoast SEO plugin. -->","yoast_head_json":{"title":"S\u1eefa h\u1ea1t h\u1ea1nh nh\u00e2n nguy\u00ean ch\u1ea5t 137 DEGREES 1000ml - \u0110ang Khuy\u1ebfn M\u00e3i","description":"94% s\u1eefa h\u1ea1t h\u1ea1nh nh\u00e2n, 5% chi\u1ebft xu\u1ea5t h\u01b0\u1edbng d\u01b0\u01a1ng, 1% m\u1eadt hoa d\u1eeba h\u1eefu c\u01a1 S\u1eefa h\u1ea1t h\u1ea1nh nh\u00e2n nguy\u00ean ch\u1ea5t ch\u1ee9a nhi\u1ec1u Axit folic, Omega 3, Canxi, Magie, Vitamin B, E \u2026","robots":{"index":"index","follow":"follow","max-snippet":"max-snippet:-1","max-image-preview":"max-image-preview:large","max-video-preview":"max-video-preview:-1"},"canonical":"https:\/\/suatuyetvoi.com\/muasam\/san-pham\/sua-hat-hanh-nhan-nguyen-chat-137-degrees-1000ml\/","og_locale":"vi_VN","og_type":"article","og_title":"S\u1eefa t\u01b0\u01a1i ti\u1ec7t tr\u00f9ng c\u00f3 \u0111\u01b0\u1eddng Vinamilk 100% S\u1eefa t\u01b0\u01a1i - Th\u00f9ng 48 b\u1ecbch x 220ml - \u0110ang Khuy\u1ebfn m\u00e3i","og_description":"Vinamilk S\u1eefa t\u01b0\u01a1i d\u1ea1ng b\u1ecbch 220ml \u0111\u01b0\u1ee3c l\u00e0m t\u1eeb 100% s\u1eefa b\u00f2 t\u01b0\u01a1i nguy\u00ean ch\u1ea5t t\u1eeb h\u1ec7 th\u1ed1ng trang tr\u1ea1i chu\u1ea9n Qu\u1ed1c t\u1ebf l\u1edbn nh\u1ea5t Ch\u00e2u \u00c1.","og_url":"https:\/\/suatuyetvoi.com\/muasam\/san-pham\/sua-hat-hanh-nhan-nguyen-chat-137-degrees-1000ml\/","og_site_name":"S\u1eefa Tuy\u1ec7t V\u1eddi","article_modified_time":"2023-03-31T12:05:31+00:00","og_image":[{"width":1080,"height":1080,"url":"https:\/\/suatuyetvoi.com\/muasam\/wp-content\/uploads\/2023\/03\/1da2a687-34a4-42f1-ac80-0dc3f6685a74.png","type":"image\/png"}],"twitter_card":"summary_large_image","twitter_title":"S\u1eefa t\u01b0\u01a1i ti\u1ec7t tr\u00f9ng c\u00f3 \u0111\u01b0\u1eddng Vinamilk 100% S\u1eefa t\u01b0\u01a1i - Th\u00f9ng 48 b\u1ecbch x 220ml - \u0110ang Khuy\u1ebfn m\u00e3i","twitter_description":"Vinamilk S\u1eefa t\u01b0\u01a1i d\u1ea1ng b\u1ecbch 220ml \u0111\u01b0\u1ee3c l\u00e0m t\u1eeb 100% s\u1eefa b\u00f2 t\u01b0\u01a1i nguy\u00ean ch\u1ea5t t\u1eeb h\u1ec7 th\u1ed1ng trang tr\u1ea1i chu\u1ea9n Qu\u1ed1c t\u1ebf l\u1edbn nh\u1ea5t Ch\u00e2u \u00c1.","twitter_misc":{"\u01af\u1edbc t\u00ednh th\u1eddi gian \u0111\u1ecdc":"3 ph\u00fat"},"schema":{"@context":"https:\/\/schema.org","@graph":[{"@type":"WebPage","@id":"https:\/\/suatuyetvoi.com\/muasam\/san-pham\/sua-hat-hanh-nhan-nguyen-chat-137-degrees-1000ml\/","url":"https:\/\/suatuyetvoi.com\/muasam\/san-pham\/sua-hat-hanh-nhan-nguyen-chat-137-degrees-1000ml\/","name":"S\u1eefa h\u1ea1t h\u1ea1nh nh\u00e2n nguy\u00ean ch\u1ea5t 137 DEGREES 1000ml - \u0110ang Khuy\u1ebfn M\u00e3i","isPartOf":{"@id":"https:\/\/suatuyetvoi.com\/muasam\/#website"},"primaryImageOfPage":{"@id":"https:\/\/suatuyetvoi.com\/muasam\/san-pham\/sua-hat-hanh-nhan-nguyen-chat-137-degrees-1000ml\/#primaryimage"},"image":{"@id":"https:\/\/suatuyetvoi.com\/muasam\/san-pham\/sua-hat-hanh-nhan-nguyen-chat-137-degrees-1000ml\/#primaryimage"},"thumbnailUrl":"https:\/\/suatuyetvoi.com\/muasam\/wp-content\/uploads\/2023\/03\/1da2a687-34a4-42f1-ac80-0dc3f6685a74.png","datePublished":"2023-03-31T11:48:38+00:00","dateModified":"2023-03-31T12:05:31+00:00","description":"94% s\u1eefa h\u1ea1t h\u1ea1nh nh\u00e2n, 5% chi\u1ebft xu\u1ea5t h\u01b0\u1edbng d\u01b0\u01a1ng, 1% m\u1eadt hoa d\u1eeba h\u1eefu c\u01a1 S\u1eefa h\u1ea1t h\u1ea1nh nh\u00e2n nguy\u00ean ch\u1ea5t ch\u1ee9a nhi\u1ec1u Axit folic, Omega 3, Canxi, Magie, Vitamin B, E \u2026","breadcrumb":{"@id":"https:\/\/suatuyetvoi.com\/muasam\/san-pham\/sua-hat-hanh-nhan-nguyen-chat-137-degrees-1000ml\/#breadcrumb"},"inLanguage":"vi","potentialAction":[{"@type":"ReadAction","target":["https:\/\/suatuyetvoi.com\/muasam\/san-pham\/sua-hat-hanh-nhan-nguyen-chat-137-degrees-1000ml\/"]}]},{"@type":"ImageObject","inLanguage":"vi","@id":"https:\/\/suatuyetvoi.com\/muasam\/san-pham\/sua-hat-hanh-nhan-nguyen-chat-137-degrees-1000ml\/#primaryimage","url":"https:\/\/suatuyetvoi.com\/muasam\/wp-content\/uploads\/2023\/03\/1da2a687-34a4-42f1-ac80-0dc3f6685a74.png","contentUrl":"https:\/\/suatuyetvoi.com\/muasam\/wp-content\/uploads\/2023\/03\/1da2a687-34a4-42f1-ac80-0dc3f6685a74.png","width":1080,"height":1080},{"@type":"BreadcrumbList","@id":"https:\/\/suatuyetvoi.com\/muasam\/san-pham\/sua-hat-hanh-nhan-nguyen-chat-137-degrees-1000ml\/#breadcrumb","itemListElement":[{"@type":"ListItem","position":1,"name":"Home","item":"https:\/\/suatuyetvoi.com\/muasam\/"},{"@type":"ListItem","position":2,"name":"Shop","item":"https:\/\/suatuyetvoi.com\/muasam\/shop\/"},{"@type":"ListItem","position":3,"name":"S\u1eefa h\u1ea1t h\u1ea1nh nh\u00e2n nguy\u00ean ch\u1ea5t 137 DEGREES 1000ml"}]},{"@type":"WebSite","@id":"https:\/\/suatuyetvoi.com\/muasam\/#website","url":"https:\/\/suatuyetvoi.com\/muasam\/","name":"S\u1eefa Tuy\u1ec7t V\u1eddi","description":"S\u1eefa Tuy\u1ec7t V\u1eddi Vi\u1ec7t Nam","potentialAction":[{"@type":"SearchAction","target":{"@type":"EntryPoint","urlTemplate":"https:\/\/suatuyetvoi.com\/muasam\/?s={search_term_string}"},"query-input":{"@type":"PropertyValueSpecification","valueRequired":true,"valueName":"search_term_string"}}],"inLanguage":"vi"}]}},"_links":{"self":[{"href":"https:\/\/suatuyetvoi.com\/muasam\/wp-json\/wp\/v2\/product\/6511","targetHints":{"allow":["GET"]}}],"collection":[{"href":"https:\/\/suatuyetvoi.com\/muasam\/wp-json\/wp\/v2\/product"}],"about":[{"href":"https:\/\/suatuyetvoi.com\/muasam\/wp-json\/wp\/v2\/types\/product"}],"replies":[{"embeddable":true,"href":"https:\/\/suatuyetvoi.com\/muasam\/wp-json\/wp\/v2\/comments?post=6511"}],"wp:featuredmedia":[{"embeddable":true,"href":"https:\/\/suatuyetvoi.com\/muasam\/wp-json\/wp\/v2\/media\/6512"}],"wp:attachment":[{"href":"https:\/\/suatuyetvoi.com\/muasam\/wp-json\/wp\/v2\/media?parent=6511"}],"wp:term":[{"taxonomy":"product_cat","embeddable":true,"href":"https:\/\/suatuyetvoi.com\/muasam\/wp-json\/wp\/v2\/product_cat?post=6511"},{"taxonomy":"product_tag","embeddable":true,"href":"https:\/\/suatuyetvoi.com\/muasam\/wp-json\/wp\/v2\/product_tag?post=6511"}],"curies":[{"name":"wp","href":"https:\/\/api.w.org\/{rel}","templated":true}]}}