{"id":6491,"date":"2023-03-31T16:58:33","date_gmt":"2023-03-31T09:58:33","guid":{"rendered":"https:\/\/suatuyetvoi.com\/muasam\/?post_type=product&#038;p=6491"},"modified":"2023-03-31T16:58:34","modified_gmt":"2023-03-31T09:58:34","slug":"sua-chua-uong-tiet-trung-th-true-yogurt-huong-cam-tu-nhien","status":"publish","type":"product","link":"https:\/\/suatuyetvoi.com\/muasam\/san-pham\/sua-chua-uong-tiet-trung-th-true-yogurt-huong-cam-tu-nhien\/","title":{"rendered":"S\u1eefa Chua U\u1ed1ng Ti\u1ec7t Tr\u00f9ng TH true YOGURT H\u01b0\u01a1ng Cam T\u1ef1 Nhi\u00ean"},"content":{"rendered":"<p>\u2013 L\u00ean men t\u1ef1 nhi\u00ean t\u1eeb s\u1eefa t\u01b0\u01a1i s\u1ea1ch nguy\u00ean ch\u1ea5t c\u1ee7a Trang tr\u1ea1i TH<br \/>\n\u2013 H\u01b0\u01a1ng v\u1ecb tr\u00e1i c\u00e2y t\u1ef1 nhi\u00ean th\u01a1m ngon, h\u1ea5p d\u1eabn<br \/>\n\u2013 Kh\u00f4ng s\u1eed d\u1ee5ng ch\u1ea5t b\u1ea3o qu\u1ea3n<\/p>\n<h3>H\u01b0\u1edbng d\u1eabn b\u1ea3o qu\u1ea3n v\u00e0 s\u1eed d\u1ee5ng:<\/h3>\n<p>B\u1ea3o qu\u1ea3n n\u01a1i kh\u00f4 r\u00e1o v\u00e0 tho\u00e1ng m\u00e1t.<br \/>\nNgon h\u01a1n khi u\u1ed1ng l\u1ea1nh.<br \/>\nS\u1ea3n ph\u1ea9m s\u1eed d\u1ee5ng cho m\u1ed9t l\u1ea7n u\u1ed1ng.<\/p>\n<h3>Th\u00e0nh ph\u1ea7n dinh d\u01b0\u1ee1ng trung tr\u00ecnh trong 100 ml:<\/h3>\n<table width=\"254\">\n<tbody>\n<tr>\n<td width=\"120\">N\u0103ng l\u01b0\u1ee3ng:<\/td>\n<td width=\"86\">67,5 kcal<\/td>\n<\/tr>\n<tr>\n<td>Hydrat cacbon:<\/td>\n<td>12 g<\/td>\n<\/tr>\n<tr>\n<td>Ch\u1ea5t \u0111\u1ea1m:<\/td>\n<td>1,5 g<\/td>\n<\/tr>\n<tr>\n<td>Ch\u1ea5t b\u00e9o:<\/td>\n<td>1,5 g<\/td>\n<\/tr>\n<tr>\n<td>Canxi:<\/td>\n<td>48 mg<\/td>\n<\/tr>\n<tr>\n<td>Magi\u00ea:<\/td>\n<td>3,7 mg<\/td>\n<\/tr>\n<tr>\n<td>K\u1ebdm:<\/td>\n<td>0,11 mg<\/td>\n<\/tr>\n<\/tbody>\n<\/table>\n","protected":false},"excerpt":{"rendered":"<p>Quy c\u00e1ch \u0111\u00f3ng g\u00f3i: l\u1ed1c 4 h\u1ed9p<br \/>\nDung t\u00edch: 180 ml<\/p>\n","protected":false},"featured_media":6493,"comment_status":"open","ping_status":"closed","template":"","meta":[],"product_cat":[589],"product_tag":[593],"class_list":["post-6491","product","type-product","status-publish","has-post-thumbnail","hentry","product_cat-sua-chua-uong","product_tag-th-true-milk","berocket_brand-th-true-milk"],"yoast_head":"<!-- This site is optimized with the Yoast SEO plugin v27.6 - https:\/\/yoast.com\/product\/yoast-seo-wordpress\/ -->\n<title>S\u1eefa Chua U\u1ed1ng Ti\u1ec7t Tr\u00f9ng TH true YOGURT H\u01b0\u01a1ng Cam<\/title>\n<meta name=\"description\" content=\"S\u1eefa Chua U\u1ed1ng Ti\u1ec7t Tr\u00f9ng TH true YOGURT H\u01b0\u01a1ng Cam T\u1ef1 Nhi\u00ean l\u00ean men t\u1ef1 nhi\u00ean t\u1eeb s\u1eefa t\u01b0\u01a1i s\u1ea1ch nguy\u00ean ch\u1ea5t c\u1ee7a Trang tr\u1ea1i TH, h\u01b0\u01a1ng v\u1ecb tr\u00e1i c\u00e2y t\u1ef1 nhi\u00ean\" \/>\n<meta name=\"robots\" content=\"index, follow, max-snippet:-1, max-image-preview:large, max-video-preview:-1\" \/>\n<link rel=\"canonical\" href=\"https:\/\/suatuyetvoi.com\/muasam\/san-pham\/sua-chua-uong-tiet-trung-th-true-yogurt-huong-cam-tu-nhien\/\" \/>\n<meta property=\"og:locale\" content=\"vi_VN\" \/>\n<meta property=\"og:type\" content=\"article\" \/>\n<meta property=\"og:title\" content=\"S\u1eefa Chua U\u1ed1ng Ti\u1ec7t Tr\u00f9ng TH true YOGURT H\u01b0\u01a1ng Cam\" \/>\n<meta property=\"og:description\" content=\"S\u1eefa Chua U\u1ed1ng Ti\u1ec7t Tr\u00f9ng TH true YOGURT H\u01b0\u01a1ng Cam T\u1ef1 Nhi\u00ean l\u00ean men t\u1ef1 nhi\u00ean t\u1eeb s\u1eefa t\u01b0\u01a1i s\u1ea1ch nguy\u00ean ch\u1ea5t c\u1ee7a Trang tr\u1ea1i TH, h\u01b0\u01a1ng v\u1ecb tr\u00e1i c\u00e2y t\u1ef1 nhi\u00ean\" \/>\n<meta property=\"og:url\" content=\"https:\/\/suatuyetvoi.com\/muasam\/san-pham\/sua-chua-uong-tiet-trung-th-true-yogurt-huong-cam-tu-nhien\/\" \/>\n<meta property=\"og:site_name\" content=\"S\u1eefa Tuy\u1ec7t V\u1eddi\" \/>\n<meta property=\"article:modified_time\" content=\"2023-03-31T09:58:34+00:00\" \/>\n<meta property=\"og:image\" content=\"https:\/\/suatuyetvoi.com\/muasam\/wp-content\/uploads\/2023\/03\/SCUTT-Cam-hop-2_800x800-1-Edited.png\" \/>\n\t<meta property=\"og:image:width\" content=\"800\" \/>\n\t<meta property=\"og:image:height\" content=\"800\" \/>\n\t<meta property=\"og:image:type\" content=\"image\/png\" \/>\n<meta name=\"twitter:card\" content=\"summary_large_image\" \/>\n<meta name=\"twitter:label1\" content=\"\u01af\u1edbc t\u00ednh th\u1eddi gian \u0111\u1ecdc\" \/>\n\t<meta name=\"twitter:data1\" content=\"1 ph\u00fat\" \/>\n<script type=\"application\/ld+json\" class=\"yoast-schema-graph\">{\"@context\":\"https:\\\/\\\/schema.org\",\"@graph\":[{\"@type\":\"WebPage\",\"@id\":\"https:\\\/\\\/suatuyetvoi.com\\\/muasam\\\/san-pham\\\/sua-chua-uong-tiet-trung-th-true-yogurt-huong-cam-tu-nhien\\\/\",\"url\":\"https:\\\/\\\/suatuyetvoi.com\\\/muasam\\\/san-pham\\\/sua-chua-uong-tiet-trung-th-true-yogurt-huong-cam-tu-nhien\\\/\",\"name\":\"S\u1eefa Chua U\u1ed1ng Ti\u1ec7t Tr\u00f9ng TH true YOGURT H\u01b0\u01a1ng Cam\",\"isPartOf\":{\"@id\":\"https:\\\/\\\/suatuyetvoi.com\\\/muasam\\\/#website\"},\"primaryImageOfPage\":{\"@id\":\"https:\\\/\\\/suatuyetvoi.com\\\/muasam\\\/san-pham\\\/sua-chua-uong-tiet-trung-th-true-yogurt-huong-cam-tu-nhien\\\/#primaryimage\"},\"image\":{\"@id\":\"https:\\\/\\\/suatuyetvoi.com\\\/muasam\\\/san-pham\\\/sua-chua-uong-tiet-trung-th-true-yogurt-huong-cam-tu-nhien\\\/#primaryimage\"},\"thumbnailUrl\":\"https:\\\/\\\/suatuyetvoi.com\\\/muasam\\\/wp-content\\\/uploads\\\/2023\\\/03\\\/SCUTT-Cam-hop-2_800x800-1-Edited.png\",\"datePublished\":\"2023-03-31T09:58:33+00:00\",\"dateModified\":\"2023-03-31T09:58:34+00:00\",\"description\":\"S\u1eefa Chua U\u1ed1ng Ti\u1ec7t Tr\u00f9ng TH true YOGURT H\u01b0\u01a1ng Cam T\u1ef1 Nhi\u00ean l\u00ean men t\u1ef1 nhi\u00ean t\u1eeb s\u1eefa t\u01b0\u01a1i s\u1ea1ch nguy\u00ean ch\u1ea5t c\u1ee7a Trang tr\u1ea1i TH, h\u01b0\u01a1ng v\u1ecb tr\u00e1i c\u00e2y t\u1ef1 nhi\u00ean\",\"breadcrumb\":{\"@id\":\"https:\\\/\\\/suatuyetvoi.com\\\/muasam\\\/san-pham\\\/sua-chua-uong-tiet-trung-th-true-yogurt-huong-cam-tu-nhien\\\/#breadcrumb\"},\"inLanguage\":\"vi\",\"potentialAction\":[{\"@type\":\"ReadAction\",\"target\":[\"https:\\\/\\\/suatuyetvoi.com\\\/muasam\\\/san-pham\\\/sua-chua-uong-tiet-trung-th-true-yogurt-huong-cam-tu-nhien\\\/\"]}]},{\"@type\":\"ImageObject\",\"inLanguage\":\"vi\",\"@id\":\"https:\\\/\\\/suatuyetvoi.com\\\/muasam\\\/san-pham\\\/sua-chua-uong-tiet-trung-th-true-yogurt-huong-cam-tu-nhien\\\/#primaryimage\",\"url\":\"https:\\\/\\\/suatuyetvoi.com\\\/muasam\\\/wp-content\\\/uploads\\\/2023\\\/03\\\/SCUTT-Cam-hop-2_800x800-1-Edited.png\",\"contentUrl\":\"https:\\\/\\\/suatuyetvoi.com\\\/muasam\\\/wp-content\\\/uploads\\\/2023\\\/03\\\/SCUTT-Cam-hop-2_800x800-1-Edited.png\",\"width\":800,\"height\":800},{\"@type\":\"BreadcrumbList\",\"@id\":\"https:\\\/\\\/suatuyetvoi.com\\\/muasam\\\/san-pham\\\/sua-chua-uong-tiet-trung-th-true-yogurt-huong-cam-tu-nhien\\\/#breadcrumb\",\"itemListElement\":[{\"@type\":\"ListItem\",\"position\":1,\"name\":\"Home\",\"item\":\"https:\\\/\\\/suatuyetvoi.com\\\/muasam\\\/\"},{\"@type\":\"ListItem\",\"position\":2,\"name\":\"Shop\",\"item\":\"https:\\\/\\\/suatuyetvoi.com\\\/muasam\\\/shop\\\/\"},{\"@type\":\"ListItem\",\"position\":3,\"name\":\"S\u1eefa Chua U\u1ed1ng Ti\u1ec7t Tr\u00f9ng TH true YOGURT H\u01b0\u01a1ng Cam T\u1ef1 Nhi\u00ean\"}]},{\"@type\":\"WebSite\",\"@id\":\"https:\\\/\\\/suatuyetvoi.com\\\/muasam\\\/#website\",\"url\":\"https:\\\/\\\/suatuyetvoi.com\\\/muasam\\\/\",\"name\":\"S\u1eefa Tuy\u1ec7t V\u1eddi\",\"description\":\"S\u1eefa Tuy\u1ec7t V\u1eddi Vi\u1ec7t Nam\",\"potentialAction\":[{\"@type\":\"SearchAction\",\"target\":{\"@type\":\"EntryPoint\",\"urlTemplate\":\"https:\\\/\\\/suatuyetvoi.com\\\/muasam\\\/?s={search_term_string}\"},\"query-input\":{\"@type\":\"PropertyValueSpecification\",\"valueRequired\":true,\"valueName\":\"search_term_string\"}}],\"inLanguage\":\"vi\"}]}<\/script>\n<!-- \/ Yoast SEO plugin. -->","yoast_head_json":{"title":"S\u1eefa Chua U\u1ed1ng Ti\u1ec7t Tr\u00f9ng TH true YOGURT H\u01b0\u01a1ng Cam","description":"S\u1eefa Chua U\u1ed1ng Ti\u1ec7t Tr\u00f9ng TH true YOGURT H\u01b0\u01a1ng Cam T\u1ef1 Nhi\u00ean l\u00ean men t\u1ef1 nhi\u00ean t\u1eeb s\u1eefa t\u01b0\u01a1i s\u1ea1ch nguy\u00ean ch\u1ea5t c\u1ee7a Trang tr\u1ea1i TH, h\u01b0\u01a1ng v\u1ecb tr\u00e1i c\u00e2y t\u1ef1 nhi\u00ean","robots":{"index":"index","follow":"follow","max-snippet":"max-snippet:-1","max-image-preview":"max-image-preview:large","max-video-preview":"max-video-preview:-1"},"canonical":"https:\/\/suatuyetvoi.com\/muasam\/san-pham\/sua-chua-uong-tiet-trung-th-true-yogurt-huong-cam-tu-nhien\/","og_locale":"vi_VN","og_type":"article","og_title":"S\u1eefa Chua U\u1ed1ng Ti\u1ec7t Tr\u00f9ng TH true YOGURT H\u01b0\u01a1ng Cam","og_description":"S\u1eefa Chua U\u1ed1ng Ti\u1ec7t Tr\u00f9ng TH true YOGURT H\u01b0\u01a1ng Cam T\u1ef1 Nhi\u00ean l\u00ean men t\u1ef1 nhi\u00ean t\u1eeb s\u1eefa t\u01b0\u01a1i s\u1ea1ch nguy\u00ean ch\u1ea5t c\u1ee7a Trang tr\u1ea1i TH, h\u01b0\u01a1ng v\u1ecb tr\u00e1i c\u00e2y t\u1ef1 nhi\u00ean","og_url":"https:\/\/suatuyetvoi.com\/muasam\/san-pham\/sua-chua-uong-tiet-trung-th-true-yogurt-huong-cam-tu-nhien\/","og_site_name":"S\u1eefa Tuy\u1ec7t V\u1eddi","article_modified_time":"2023-03-31T09:58:34+00:00","og_image":[{"width":800,"height":800,"url":"https:\/\/suatuyetvoi.com\/muasam\/wp-content\/uploads\/2023\/03\/SCUTT-Cam-hop-2_800x800-1-Edited.png","type":"image\/png"}],"twitter_card":"summary_large_image","twitter_misc":{"\u01af\u1edbc t\u00ednh th\u1eddi gian \u0111\u1ecdc":"1 ph\u00fat"},"schema":{"@context":"https:\/\/schema.org","@graph":[{"@type":"WebPage","@id":"https:\/\/suatuyetvoi.com\/muasam\/san-pham\/sua-chua-uong-tiet-trung-th-true-yogurt-huong-cam-tu-nhien\/","url":"https:\/\/suatuyetvoi.com\/muasam\/san-pham\/sua-chua-uong-tiet-trung-th-true-yogurt-huong-cam-tu-nhien\/","name":"S\u1eefa Chua U\u1ed1ng Ti\u1ec7t Tr\u00f9ng TH true YOGURT H\u01b0\u01a1ng Cam","isPartOf":{"@id":"https:\/\/suatuyetvoi.com\/muasam\/#website"},"primaryImageOfPage":{"@id":"https:\/\/suatuyetvoi.com\/muasam\/san-pham\/sua-chua-uong-tiet-trung-th-true-yogurt-huong-cam-tu-nhien\/#primaryimage"},"image":{"@id":"https:\/\/suatuyetvoi.com\/muasam\/san-pham\/sua-chua-uong-tiet-trung-th-true-yogurt-huong-cam-tu-nhien\/#primaryimage"},"thumbnailUrl":"https:\/\/suatuyetvoi.com\/muasam\/wp-content\/uploads\/2023\/03\/SCUTT-Cam-hop-2_800x800-1-Edited.png","datePublished":"2023-03-31T09:58:33+00:00","dateModified":"2023-03-31T09:58:34+00:00","description":"S\u1eefa Chua U\u1ed1ng Ti\u1ec7t Tr\u00f9ng TH true YOGURT H\u01b0\u01a1ng Cam T\u1ef1 Nhi\u00ean l\u00ean men t\u1ef1 nhi\u00ean t\u1eeb s\u1eefa t\u01b0\u01a1i s\u1ea1ch nguy\u00ean ch\u1ea5t c\u1ee7a Trang tr\u1ea1i TH, h\u01b0\u01a1ng v\u1ecb tr\u00e1i c\u00e2y t\u1ef1 nhi\u00ean","breadcrumb":{"@id":"https:\/\/suatuyetvoi.com\/muasam\/san-pham\/sua-chua-uong-tiet-trung-th-true-yogurt-huong-cam-tu-nhien\/#breadcrumb"},"inLanguage":"vi","potentialAction":[{"@type":"ReadAction","target":["https:\/\/suatuyetvoi.com\/muasam\/san-pham\/sua-chua-uong-tiet-trung-th-true-yogurt-huong-cam-tu-nhien\/"]}]},{"@type":"ImageObject","inLanguage":"vi","@id":"https:\/\/suatuyetvoi.com\/muasam\/san-pham\/sua-chua-uong-tiet-trung-th-true-yogurt-huong-cam-tu-nhien\/#primaryimage","url":"https:\/\/suatuyetvoi.com\/muasam\/wp-content\/uploads\/2023\/03\/SCUTT-Cam-hop-2_800x800-1-Edited.png","contentUrl":"https:\/\/suatuyetvoi.com\/muasam\/wp-content\/uploads\/2023\/03\/SCUTT-Cam-hop-2_800x800-1-Edited.png","width":800,"height":800},{"@type":"BreadcrumbList","@id":"https:\/\/suatuyetvoi.com\/muasam\/san-pham\/sua-chua-uong-tiet-trung-th-true-yogurt-huong-cam-tu-nhien\/#breadcrumb","itemListElement":[{"@type":"ListItem","position":1,"name":"Home","item":"https:\/\/suatuyetvoi.com\/muasam\/"},{"@type":"ListItem","position":2,"name":"Shop","item":"https:\/\/suatuyetvoi.com\/muasam\/shop\/"},{"@type":"ListItem","position":3,"name":"S\u1eefa Chua U\u1ed1ng Ti\u1ec7t Tr\u00f9ng TH true YOGURT H\u01b0\u01a1ng Cam T\u1ef1 Nhi\u00ean"}]},{"@type":"WebSite","@id":"https:\/\/suatuyetvoi.com\/muasam\/#website","url":"https:\/\/suatuyetvoi.com\/muasam\/","name":"S\u1eefa Tuy\u1ec7t V\u1eddi","description":"S\u1eefa Tuy\u1ec7t V\u1eddi Vi\u1ec7t Nam","potentialAction":[{"@type":"SearchAction","target":{"@type":"EntryPoint","urlTemplate":"https:\/\/suatuyetvoi.com\/muasam\/?s={search_term_string}"},"query-input":{"@type":"PropertyValueSpecification","valueRequired":true,"valueName":"search_term_string"}}],"inLanguage":"vi"}]}},"_links":{"self":[{"href":"https:\/\/suatuyetvoi.com\/muasam\/wp-json\/wp\/v2\/product\/6491","targetHints":{"allow":["GET"]}}],"collection":[{"href":"https:\/\/suatuyetvoi.com\/muasam\/wp-json\/wp\/v2\/product"}],"about":[{"href":"https:\/\/suatuyetvoi.com\/muasam\/wp-json\/wp\/v2\/types\/product"}],"replies":[{"embeddable":true,"href":"https:\/\/suatuyetvoi.com\/muasam\/wp-json\/wp\/v2\/comments?post=6491"}],"wp:featuredmedia":[{"embeddable":true,"href":"https:\/\/suatuyetvoi.com\/muasam\/wp-json\/wp\/v2\/media\/6493"}],"wp:attachment":[{"href":"https:\/\/suatuyetvoi.com\/muasam\/wp-json\/wp\/v2\/media?parent=6491"}],"wp:term":[{"taxonomy":"product_cat","embeddable":true,"href":"https:\/\/suatuyetvoi.com\/muasam\/wp-json\/wp\/v2\/product_cat?post=6491"},{"taxonomy":"product_tag","embeddable":true,"href":"https:\/\/suatuyetvoi.com\/muasam\/wp-json\/wp\/v2\/product_tag?post=6491"}],"curies":[{"name":"wp","href":"https:\/\/api.w.org\/{rel}","templated":true}]}}