{"id":6483,"date":"2023-03-31T16:44:40","date_gmt":"2023-03-31T09:44:40","guid":{"rendered":"https:\/\/suatuyetvoi.com\/muasam\/?post_type=product&#038;p=6483"},"modified":"2023-03-31T16:44:41","modified_gmt":"2023-03-31T09:44:41","slug":"sua-uong-len-men-co-duong-th-true-yogurt-probiotics","status":"publish","type":"product","link":"https:\/\/suatuyetvoi.com\/muasam\/san-pham\/sua-uong-len-men-co-duong-th-true-yogurt-probiotics\/","title":{"rendered":"S\u1eefa U\u1ed1ng L\u00ean Men c\u00f3 \u0111\u01b0\u1eddng TH true YOGURT Probiotics"},"content":{"rendered":"<p><strong>Ho\u00e0n to\u00e0n t\u1eeb s\u1eefa t\u01b0\u01a1i s\u1ea1ch TH:<\/strong><br \/>\n\u0110\u01b0\u1ee3c l\u00e0m ho\u00e0n to\u00e0n t\u1eeb s\u1eefa t\u01b0\u01a1i s\u1ea1ch nguy\u00ean ch\u1ea5t c\u1ee7a trang tr\u1ea1i TH, trang tr\u1ea1i b\u00f2 s\u1eefa t\u1eadp trung \u1ee9ng d\u1ee5ng c\u00f4ng ngh\u1ec7 cao x\u00e1c l\u1eadp k\u1ef7 l\u1ee5c Th\u1ebf gi\u1edbi (2020)*.<br \/>\n<strong>Ch\u1ee9a h\u00e0m l\u01b0\u1ee3ng l\u1ee3i khu\u1ea9n cao:<\/strong><br \/>\nCh\u1ee9a kho\u1ea3ng 18 t\u1ef7 l\u1ee3i khu\u1ea9n\/chai \u2013 72 t\u1ef7 l\u1ee3i khu\u1ea9n\/l\u1ed1c gi\u00fap h\u1ed7 tr\u1ee3 t\u0103ng c\u01b0\u1eddng \u0111\u1ec1 kh\u00e1ng v\u00e0 s\u1ee9c kh\u1ecfe \u0111\u01b0\u1eddng ru\u1ed9t.<br \/>\n<strong>Nguy\u00ean li\u1ec7u ho\u00e0n to\u00e0n thi\u00ean nhi\u00ean:<\/strong><br \/>\nTo\u00e0n b\u1ed9 c\u00e1c th\u00e0nh ph\u1ea7n ho\u00e0n to\u00e0n t\u1ef1 nhi\u00ean, kh\u00f4ng ch\u1ea5t b\u1ea3o qu\u1ea3n, kh\u00f4ng ch\u1ea5t t\u1ea1o m\u00e0u, kh\u00f4ng ch\u1ee9a th\u00e0nh ph\u1ea7n h\u00f3a t\u1ed5ng h\u1ee3p.<br \/>\n<strong>Dung t\u00edch ph\u00f9 h\u1ee3p:<\/strong><br \/>\nBao b\u00ec chai 85 ml ti\u1ec7n l\u1ee3i, ph\u00f9 h\u1ee3p cho 1 l\u1ea7n u\u1ed1ng.<\/p>\n<h3>H\u01b0\u1edbng d\u1eabn b\u1ea3o qu\u1ea3n v\u00e0 s\u1eed d\u1ee5ng:<\/h3>\n<p>B\u1ea3o qu\u1ea3n l\u1ea1nh \u1edf 4oC \u2013 8oC. S\u1eed d\u1ee5ng ngay sau khi m\u1edf n\u1eafp.<br \/>\nS\u1ea3n ph\u1ea9m ph\u00f9 h\u1ee3p cho c\u1ea3 gia \u0111\u00ecnh v\u00e0 tr\u1ebb em tr\u00ean 01 tu\u1ed5i.<\/p>\n<h3>Th\u00e0nh ph\u1ea7n dinh d\u01b0\u1ee1ng trung tr\u00ecnh trong 100 ml:<\/h3>\n<table width=\"250\">\n<tbody>\n<tr>\n<td width=\"123\">N\u0103ng l\u01b0\u1ee3ng<\/td>\n<td width=\"62\">48,8\u00a0 kcal<\/td>\n<\/tr>\n<tr>\n<td>Hydrat cacbon<\/td>\n<td>11\u00a0 g<\/td>\n<\/tr>\n<tr>\n<td>Ch\u1ea5t \u0111\u1ea1m<\/td>\n<td>\u00a01,2 g<\/td>\n<\/tr>\n<tr>\n<td>Ch\u1ea5t b\u00e9o<\/td>\n<td>&lt;0,5 g<\/td>\n<\/tr>\n<tr>\n<td>Canxi<\/td>\n<td>40 mg<\/td>\n<\/tr>\n<\/tbody>\n<\/table>\n<p>&nbsp;<\/p>\n","protected":false},"excerpt":{"rendered":"<p>Quy c\u00e1ch \u0111\u00f3ng g\u00f3i: l\u1ed1c 4 chai<br \/>\nDung t\u00edch: 85 ml<\/p>\n","protected":false},"featured_media":6484,"comment_status":"open","ping_status":"closed","template":"","meta":[],"product_cat":[589],"product_tag":[593],"class_list":["post-6483","product","type-product","status-publish","has-post-thumbnail","hentry","product_cat-sua-chua-uong","product_tag-th-true-milk","berocket_brand-th-true-milk"],"yoast_head":"<!-- This site is optimized with the Yoast SEO plugin v27.6 - https:\/\/yoast.com\/product\/yoast-seo-wordpress\/ -->\n<title>S\u1eefa U\u1ed1ng L\u00ean Men c\u00f3 \u0111\u01b0\u1eddng TH true YOGURT Probiotics<\/title>\n<meta name=\"description\" content=\"\u0110\u01b0\u1ee3c l\u00e0m ho\u00e0n to\u00e0n t\u1eeb s\u1eefa t\u01b0\u01a1i s\u1ea1ch nguy\u00ean ch\u1ea5t c\u1ee7a trang tr\u1ea1i TH, trang tr\u1ea1i b\u00f2 s\u1eefa t\u1eadp trung \u1ee9ng d\u1ee5ng c\u00f4ng ngh\u1ec7 cao x\u00e1c l\u1eadp k\u1ef7 l\u1ee5c Th\u1ebf gi\u1edbi (2020)*.\" \/>\n<meta name=\"robots\" content=\"index, follow, max-snippet:-1, max-image-preview:large, max-video-preview:-1\" \/>\n<link rel=\"canonical\" href=\"https:\/\/suatuyetvoi.com\/muasam\/san-pham\/sua-uong-len-men-co-duong-th-true-yogurt-probiotics\/\" \/>\n<meta property=\"og:locale\" content=\"vi_VN\" \/>\n<meta property=\"og:type\" content=\"article\" \/>\n<meta property=\"og:title\" content=\"S\u1eefa U\u1ed1ng L\u00ean Men c\u00f3 \u0111\u01b0\u1eddng TH true YOGURT Probiotics\" \/>\n<meta property=\"og:description\" content=\"\u0110\u01b0\u1ee3c l\u00e0m ho\u00e0n to\u00e0n t\u1eeb s\u1eefa t\u01b0\u01a1i s\u1ea1ch nguy\u00ean ch\u1ea5t c\u1ee7a trang tr\u1ea1i TH, trang tr\u1ea1i b\u00f2 s\u1eefa t\u1eadp trung \u1ee9ng d\u1ee5ng c\u00f4ng ngh\u1ec7 cao x\u00e1c l\u1eadp k\u1ef7 l\u1ee5c Th\u1ebf gi\u1edbi (2020)*.\" \/>\n<meta property=\"og:url\" content=\"https:\/\/suatuyetvoi.com\/muasam\/san-pham\/sua-uong-len-men-co-duong-th-true-yogurt-probiotics\/\" \/>\n<meta property=\"og:site_name\" content=\"S\u1eefa Tuy\u1ec7t V\u1eddi\" \/>\n<meta property=\"article:modified_time\" content=\"2023-03-31T09:44:41+00:00\" \/>\n<meta property=\"og:image\" content=\"https:\/\/suatuyetvoi.com\/muasam\/wp-content\/uploads\/2023\/03\/SCULM-CD-800x800-1.png\" \/>\n\t<meta property=\"og:image:width\" content=\"800\" \/>\n\t<meta property=\"og:image:height\" content=\"800\" \/>\n\t<meta property=\"og:image:type\" content=\"image\/png\" \/>\n<meta name=\"twitter:card\" content=\"summary_large_image\" \/>\n<meta name=\"twitter:label1\" content=\"\u01af\u1edbc t\u00ednh th\u1eddi gian \u0111\u1ecdc\" \/>\n\t<meta name=\"twitter:data1\" content=\"1 ph\u00fat\" \/>\n<script type=\"application\/ld+json\" class=\"yoast-schema-graph\">{\"@context\":\"https:\\\/\\\/schema.org\",\"@graph\":[{\"@type\":\"WebPage\",\"@id\":\"https:\\\/\\\/suatuyetvoi.com\\\/muasam\\\/san-pham\\\/sua-uong-len-men-co-duong-th-true-yogurt-probiotics\\\/\",\"url\":\"https:\\\/\\\/suatuyetvoi.com\\\/muasam\\\/san-pham\\\/sua-uong-len-men-co-duong-th-true-yogurt-probiotics\\\/\",\"name\":\"S\u1eefa U\u1ed1ng L\u00ean Men c\u00f3 \u0111\u01b0\u1eddng TH true YOGURT Probiotics\",\"isPartOf\":{\"@id\":\"https:\\\/\\\/suatuyetvoi.com\\\/muasam\\\/#website\"},\"primaryImageOfPage\":{\"@id\":\"https:\\\/\\\/suatuyetvoi.com\\\/muasam\\\/san-pham\\\/sua-uong-len-men-co-duong-th-true-yogurt-probiotics\\\/#primaryimage\"},\"image\":{\"@id\":\"https:\\\/\\\/suatuyetvoi.com\\\/muasam\\\/san-pham\\\/sua-uong-len-men-co-duong-th-true-yogurt-probiotics\\\/#primaryimage\"},\"thumbnailUrl\":\"https:\\\/\\\/suatuyetvoi.com\\\/muasam\\\/wp-content\\\/uploads\\\/2023\\\/03\\\/SCULM-CD-800x800-1.png\",\"datePublished\":\"2023-03-31T09:44:40+00:00\",\"dateModified\":\"2023-03-31T09:44:41+00:00\",\"description\":\"\u0110\u01b0\u1ee3c l\u00e0m ho\u00e0n to\u00e0n t\u1eeb s\u1eefa t\u01b0\u01a1i s\u1ea1ch nguy\u00ean ch\u1ea5t c\u1ee7a trang tr\u1ea1i TH, trang tr\u1ea1i b\u00f2 s\u1eefa t\u1eadp trung \u1ee9ng d\u1ee5ng c\u00f4ng ngh\u1ec7 cao x\u00e1c l\u1eadp k\u1ef7 l\u1ee5c Th\u1ebf gi\u1edbi (2020)*.\",\"breadcrumb\":{\"@id\":\"https:\\\/\\\/suatuyetvoi.com\\\/muasam\\\/san-pham\\\/sua-uong-len-men-co-duong-th-true-yogurt-probiotics\\\/#breadcrumb\"},\"inLanguage\":\"vi\",\"potentialAction\":[{\"@type\":\"ReadAction\",\"target\":[\"https:\\\/\\\/suatuyetvoi.com\\\/muasam\\\/san-pham\\\/sua-uong-len-men-co-duong-th-true-yogurt-probiotics\\\/\"]}]},{\"@type\":\"ImageObject\",\"inLanguage\":\"vi\",\"@id\":\"https:\\\/\\\/suatuyetvoi.com\\\/muasam\\\/san-pham\\\/sua-uong-len-men-co-duong-th-true-yogurt-probiotics\\\/#primaryimage\",\"url\":\"https:\\\/\\\/suatuyetvoi.com\\\/muasam\\\/wp-content\\\/uploads\\\/2023\\\/03\\\/SCULM-CD-800x800-1.png\",\"contentUrl\":\"https:\\\/\\\/suatuyetvoi.com\\\/muasam\\\/wp-content\\\/uploads\\\/2023\\\/03\\\/SCULM-CD-800x800-1.png\",\"width\":800,\"height\":800},{\"@type\":\"BreadcrumbList\",\"@id\":\"https:\\\/\\\/suatuyetvoi.com\\\/muasam\\\/san-pham\\\/sua-uong-len-men-co-duong-th-true-yogurt-probiotics\\\/#breadcrumb\",\"itemListElement\":[{\"@type\":\"ListItem\",\"position\":1,\"name\":\"Home\",\"item\":\"https:\\\/\\\/suatuyetvoi.com\\\/muasam\\\/\"},{\"@type\":\"ListItem\",\"position\":2,\"name\":\"Shop\",\"item\":\"https:\\\/\\\/suatuyetvoi.com\\\/muasam\\\/shop\\\/\"},{\"@type\":\"ListItem\",\"position\":3,\"name\":\"S\u1eefa U\u1ed1ng L\u00ean Men c\u00f3 \u0111\u01b0\u1eddng TH true YOGURT Probiotics\"}]},{\"@type\":\"WebSite\",\"@id\":\"https:\\\/\\\/suatuyetvoi.com\\\/muasam\\\/#website\",\"url\":\"https:\\\/\\\/suatuyetvoi.com\\\/muasam\\\/\",\"name\":\"S\u1eefa Tuy\u1ec7t V\u1eddi\",\"description\":\"S\u1eefa Tuy\u1ec7t V\u1eddi Vi\u1ec7t Nam\",\"potentialAction\":[{\"@type\":\"SearchAction\",\"target\":{\"@type\":\"EntryPoint\",\"urlTemplate\":\"https:\\\/\\\/suatuyetvoi.com\\\/muasam\\\/?s={search_term_string}\"},\"query-input\":{\"@type\":\"PropertyValueSpecification\",\"valueRequired\":true,\"valueName\":\"search_term_string\"}}],\"inLanguage\":\"vi\"}]}<\/script>\n<!-- \/ Yoast SEO plugin. -->","yoast_head_json":{"title":"S\u1eefa U\u1ed1ng L\u00ean Men c\u00f3 \u0111\u01b0\u1eddng TH true YOGURT Probiotics","description":"\u0110\u01b0\u1ee3c l\u00e0m ho\u00e0n to\u00e0n t\u1eeb s\u1eefa t\u01b0\u01a1i s\u1ea1ch nguy\u00ean ch\u1ea5t c\u1ee7a trang tr\u1ea1i TH, trang tr\u1ea1i b\u00f2 s\u1eefa t\u1eadp trung \u1ee9ng d\u1ee5ng c\u00f4ng ngh\u1ec7 cao x\u00e1c l\u1eadp k\u1ef7 l\u1ee5c Th\u1ebf gi\u1edbi (2020)*.","robots":{"index":"index","follow":"follow","max-snippet":"max-snippet:-1","max-image-preview":"max-image-preview:large","max-video-preview":"max-video-preview:-1"},"canonical":"https:\/\/suatuyetvoi.com\/muasam\/san-pham\/sua-uong-len-men-co-duong-th-true-yogurt-probiotics\/","og_locale":"vi_VN","og_type":"article","og_title":"S\u1eefa U\u1ed1ng L\u00ean Men c\u00f3 \u0111\u01b0\u1eddng TH true YOGURT Probiotics","og_description":"\u0110\u01b0\u1ee3c l\u00e0m ho\u00e0n to\u00e0n t\u1eeb s\u1eefa t\u01b0\u01a1i s\u1ea1ch nguy\u00ean ch\u1ea5t c\u1ee7a trang tr\u1ea1i TH, trang tr\u1ea1i b\u00f2 s\u1eefa t\u1eadp trung \u1ee9ng d\u1ee5ng c\u00f4ng ngh\u1ec7 cao x\u00e1c l\u1eadp k\u1ef7 l\u1ee5c Th\u1ebf gi\u1edbi (2020)*.","og_url":"https:\/\/suatuyetvoi.com\/muasam\/san-pham\/sua-uong-len-men-co-duong-th-true-yogurt-probiotics\/","og_site_name":"S\u1eefa Tuy\u1ec7t V\u1eddi","article_modified_time":"2023-03-31T09:44:41+00:00","og_image":[{"width":800,"height":800,"url":"https:\/\/suatuyetvoi.com\/muasam\/wp-content\/uploads\/2023\/03\/SCULM-CD-800x800-1.png","type":"image\/png"}],"twitter_card":"summary_large_image","twitter_misc":{"\u01af\u1edbc t\u00ednh th\u1eddi gian \u0111\u1ecdc":"1 ph\u00fat"},"schema":{"@context":"https:\/\/schema.org","@graph":[{"@type":"WebPage","@id":"https:\/\/suatuyetvoi.com\/muasam\/san-pham\/sua-uong-len-men-co-duong-th-true-yogurt-probiotics\/","url":"https:\/\/suatuyetvoi.com\/muasam\/san-pham\/sua-uong-len-men-co-duong-th-true-yogurt-probiotics\/","name":"S\u1eefa U\u1ed1ng L\u00ean Men c\u00f3 \u0111\u01b0\u1eddng TH true YOGURT Probiotics","isPartOf":{"@id":"https:\/\/suatuyetvoi.com\/muasam\/#website"},"primaryImageOfPage":{"@id":"https:\/\/suatuyetvoi.com\/muasam\/san-pham\/sua-uong-len-men-co-duong-th-true-yogurt-probiotics\/#primaryimage"},"image":{"@id":"https:\/\/suatuyetvoi.com\/muasam\/san-pham\/sua-uong-len-men-co-duong-th-true-yogurt-probiotics\/#primaryimage"},"thumbnailUrl":"https:\/\/suatuyetvoi.com\/muasam\/wp-content\/uploads\/2023\/03\/SCULM-CD-800x800-1.png","datePublished":"2023-03-31T09:44:40+00:00","dateModified":"2023-03-31T09:44:41+00:00","description":"\u0110\u01b0\u1ee3c l\u00e0m ho\u00e0n to\u00e0n t\u1eeb s\u1eefa t\u01b0\u01a1i s\u1ea1ch nguy\u00ean ch\u1ea5t c\u1ee7a trang tr\u1ea1i TH, trang tr\u1ea1i b\u00f2 s\u1eefa t\u1eadp trung \u1ee9ng d\u1ee5ng c\u00f4ng ngh\u1ec7 cao x\u00e1c l\u1eadp k\u1ef7 l\u1ee5c Th\u1ebf gi\u1edbi (2020)*.","breadcrumb":{"@id":"https:\/\/suatuyetvoi.com\/muasam\/san-pham\/sua-uong-len-men-co-duong-th-true-yogurt-probiotics\/#breadcrumb"},"inLanguage":"vi","potentialAction":[{"@type":"ReadAction","target":["https:\/\/suatuyetvoi.com\/muasam\/san-pham\/sua-uong-len-men-co-duong-th-true-yogurt-probiotics\/"]}]},{"@type":"ImageObject","inLanguage":"vi","@id":"https:\/\/suatuyetvoi.com\/muasam\/san-pham\/sua-uong-len-men-co-duong-th-true-yogurt-probiotics\/#primaryimage","url":"https:\/\/suatuyetvoi.com\/muasam\/wp-content\/uploads\/2023\/03\/SCULM-CD-800x800-1.png","contentUrl":"https:\/\/suatuyetvoi.com\/muasam\/wp-content\/uploads\/2023\/03\/SCULM-CD-800x800-1.png","width":800,"height":800},{"@type":"BreadcrumbList","@id":"https:\/\/suatuyetvoi.com\/muasam\/san-pham\/sua-uong-len-men-co-duong-th-true-yogurt-probiotics\/#breadcrumb","itemListElement":[{"@type":"ListItem","position":1,"name":"Home","item":"https:\/\/suatuyetvoi.com\/muasam\/"},{"@type":"ListItem","position":2,"name":"Shop","item":"https:\/\/suatuyetvoi.com\/muasam\/shop\/"},{"@type":"ListItem","position":3,"name":"S\u1eefa U\u1ed1ng L\u00ean Men c\u00f3 \u0111\u01b0\u1eddng TH true YOGURT Probiotics"}]},{"@type":"WebSite","@id":"https:\/\/suatuyetvoi.com\/muasam\/#website","url":"https:\/\/suatuyetvoi.com\/muasam\/","name":"S\u1eefa Tuy\u1ec7t V\u1eddi","description":"S\u1eefa Tuy\u1ec7t V\u1eddi Vi\u1ec7t Nam","potentialAction":[{"@type":"SearchAction","target":{"@type":"EntryPoint","urlTemplate":"https:\/\/suatuyetvoi.com\/muasam\/?s={search_term_string}"},"query-input":{"@type":"PropertyValueSpecification","valueRequired":true,"valueName":"search_term_string"}}],"inLanguage":"vi"}]}},"_links":{"self":[{"href":"https:\/\/suatuyetvoi.com\/muasam\/wp-json\/wp\/v2\/product\/6483","targetHints":{"allow":["GET"]}}],"collection":[{"href":"https:\/\/suatuyetvoi.com\/muasam\/wp-json\/wp\/v2\/product"}],"about":[{"href":"https:\/\/suatuyetvoi.com\/muasam\/wp-json\/wp\/v2\/types\/product"}],"replies":[{"embeddable":true,"href":"https:\/\/suatuyetvoi.com\/muasam\/wp-json\/wp\/v2\/comments?post=6483"}],"wp:featuredmedia":[{"embeddable":true,"href":"https:\/\/suatuyetvoi.com\/muasam\/wp-json\/wp\/v2\/media\/6484"}],"wp:attachment":[{"href":"https:\/\/suatuyetvoi.com\/muasam\/wp-json\/wp\/v2\/media?parent=6483"}],"wp:term":[{"taxonomy":"product_cat","embeddable":true,"href":"https:\/\/suatuyetvoi.com\/muasam\/wp-json\/wp\/v2\/product_cat?post=6483"},{"taxonomy":"product_tag","embeddable":true,"href":"https:\/\/suatuyetvoi.com\/muasam\/wp-json\/wp\/v2\/product_tag?post=6483"}],"curies":[{"name":"wp","href":"https:\/\/api.w.org\/{rel}","templated":true}]}}