{"id":6473,"date":"2023-03-31T16:32:30","date_gmt":"2023-03-31T09:32:30","guid":{"rendered":"https:\/\/suatuyetvoi.com\/muasam\/?post_type=product&#038;p=6473"},"modified":"2023-03-31T16:32:30","modified_gmt":"2023-03-31T09:32:30","slug":"sua-chua-uong-men-song-th-true-yogurt-huong-vanilla-tu-nhien","status":"publish","type":"product","link":"https:\/\/suatuyetvoi.com\/muasam\/san-pham\/sua-chua-uong-men-song-th-true-yogurt-huong-vanilla-tu-nhien\/","title":{"rendered":"S\u1eefa Chua U\u1ed1ng Men S\u1ed1ng TH true YOGURT H\u01b0\u01a1ng Vanilla T\u1ef1 Nhi\u00ean"},"content":{"rendered":"<p>S\u1eefa chua u\u1ed1ng men s\u1ed1ng H\u01b0\u01a1ng Vanilla t\u1ef1 nhi\u00ean TH true YOGURT s\u1eed d\u1ee5ng ho\u00e0n to\u00e0n s\u1eefa t\u01b0\u01a1i s\u1ea1ch nguy\u00ean ch\u1ea5t c\u1ee7a trang tr\u1ea1i TH, l\u00ean men t\u1ef1 nhi\u00ean<br \/>\nS\u1ea3n xu\u1ea5t tr\u00ean d\u00e2y chuy\u1ec1n hi\u1ec7n \u0111\u1ea1i v\u1edbi c\u00f4ng ngh\u1ec7 kh\u00e9p k\u00edn, gi\u1eef tr\u1ecdn v\u1eb9n dinh d\u01b0\u1ee1ng t\u1ef1 nhi\u00ean t\u1eeb s\u1eefa t\u01b0\u01a1i s\u1ea1ch.<br \/>\nCh\u1ee9a l\u1ee3i khu\u1ea9n \u0111\u1ed9c quy\u1ec1n t\u1eeb t\u1eadp \u0111o\u00e0n s\u1ea3n xu\u1ea5t l\u1ee3i khu\u1ea9n h\u00e0ng \u0111\u1ea7u th\u1ebf gi\u1edbi (CHR \u2013 \u0110an M\u1ea1ch) v\u1edbi kho\u1ea3ng 1 t\u1ef7 l\u1ee3i khu\u1ea9n TH.PARACASEI\/ h\u0169<br \/>\nS\u1eed d\u1ee5ng h\u01b0\u01a1ng v\u1ecb v\u00e0 m\u00e0u t\u1ef1 nhi\u00ean<br \/>\nS\u1ea3n ph\u1ea9m \u0111\u00e3 \u0111\u01b0\u1ee3c ch\u1ee9ng minh t\u00ednh hi\u1ec7u qu\u1ea3 trong vi\u1ec7c h\u1ed7 tr\u1ee3 ti\u00eau h\u00f3a v\u00e0 t\u0103ng c\u01b0\u1eddng \u0111\u1ec1 kh\u00e1ng, cho c\u1ea3 nh\u00e0 vui kh\u1ecfe m\u1ed7i ng\u00e0y.<br \/>\nKh\u00f4ng s\u1eed d\u1ee5ng ch\u1ea5t b\u1ea3o qu\u1ea3n<\/p>\n<h3>H\u01b0\u1edbng d\u1eabn b\u1ea3o qu\u1ea3n v\u00e0 s\u1eed d\u1ee5ng:<\/h3>\n<p>B\u1ea3o qu\u1ea3n l\u1ea1nh \u1edf 4-8\u02daC.<br \/>\nS\u1eed d\u1ee5ng ngay sau khi m\u1edf.<br \/>\nL\u1eafc \u0111\u1ec1u tr\u01b0\u1edbc khi s\u1eed d\u1ee5ng<br \/>\nPh\u00f9 h\u1ee3p s\u1eed d\u1ee5ng cho c\u1ea3 gia \u0111\u00ecnh. Kh\u00f4ng d\u00e0nh cho tr\u1ebb d\u01b0\u1edbi 1 tu\u1ed5i.<br \/>\nN\u00ean d\u00f9ng t\u1eeb 2 \u2013 3 chai m\u1ed7i ng\u00e0y<\/p>\n<h3>Th\u00e0nh ph\u1ea7n dinh d\u01b0\u1ee1ng trung tr\u00ecnh trong 100 ml:<\/h3>\n<table width=\"237\">\n<tbody>\n<tr>\n<td width=\"156\">N\u0103ng l\u01b0\u1ee3ng<\/td>\n<td width=\"81\">86,4 kcal<\/td>\n<\/tr>\n<tr>\n<td>Hydrat carbon<\/td>\n<td>14 g<\/td>\n<\/tr>\n<tr>\n<td>Ch\u1ea5t \u0111\u1ea1m<\/td>\n<td>2,2 g<\/td>\n<\/tr>\n<tr>\n<td>Ch\u1ea5t b\u00e9o<\/td>\n<td>2,4 g<\/td>\n<\/tr>\n<\/tbody>\n<\/table>\n","protected":false},"excerpt":{"rendered":"<p>Quy c\u00e1ch \u0111\u00f3ng g\u00f3i: l\u1ed1c 4 chai<br \/>\nDung t\u00edch: 100 ml<\/p>\n","protected":false},"featured_media":6474,"comment_status":"open","ping_status":"closed","template":"","meta":[],"product_cat":[589],"product_tag":[593],"class_list":["post-6473","product","type-product","status-publish","has-post-thumbnail","hentry","product_cat-sua-chua-uong","product_tag-th-true-milk","berocket_brand-th-true-milk"],"yoast_head":"<!-- This site is optimized with the Yoast SEO plugin v27.6 - https:\/\/yoast.com\/product\/yoast-seo-wordpress\/ -->\n<title>S\u1eefa Chua U\u1ed1ng Men S\u1ed1ng TH true YOGURT H\u01b0\u01a1ng Vanilla<\/title>\n<meta name=\"description\" content=\"S\u1eefa chua u\u1ed1ng men s\u1ed1ng H\u01b0\u01a1ng Vanilla t\u1ef1 nhi\u00ean TH true YOGURT s\u1eed d\u1ee5ng ho\u00e0n to\u00e0n s\u1eefa t\u01b0\u01a1i s\u1ea1ch nguy\u00ean ch\u1ea5t c\u1ee7a trang tr\u1ea1i TH, l\u00ean men t\u1ef1 nhi\u00ean\" \/>\n<meta name=\"robots\" content=\"index, follow, max-snippet:-1, max-image-preview:large, max-video-preview:-1\" \/>\n<link rel=\"canonical\" href=\"https:\/\/suatuyetvoi.com\/muasam\/san-pham\/sua-chua-uong-men-song-th-true-yogurt-huong-vanilla-tu-nhien\/\" \/>\n<meta property=\"og:locale\" content=\"vi_VN\" \/>\n<meta property=\"og:type\" content=\"article\" \/>\n<meta property=\"og:title\" content=\"S\u1eefa Chua U\u1ed1ng Men S\u1ed1ng TH true YOGURT H\u01b0\u01a1ng Vanilla T\u1ef1 Nhi\u00ean\" \/>\n<meta property=\"og:description\" content=\"S\u1eefa chua u\u1ed1ng men s\u1ed1ng H\u01b0\u01a1ng Vanilla t\u1ef1 nhi\u00ean TH true YOGURT s\u1eed d\u1ee5ng ho\u00e0n to\u00e0n s\u1eefa t\u01b0\u01a1i s\u1ea1ch nguy\u00ean ch\u1ea5t c\u1ee7a trang tr\u1ea1i TH, l\u00ean men t\u1ef1 nhi\u00ean\" \/>\n<meta property=\"og:url\" content=\"https:\/\/suatuyetvoi.com\/muasam\/san-pham\/sua-chua-uong-men-song-th-true-yogurt-huong-vanilla-tu-nhien\/\" \/>\n<meta property=\"og:site_name\" content=\"S\u1eefa Tuy\u1ec7t V\u1eddi\" \/>\n<meta property=\"og:image\" content=\"https:\/\/suatuyetvoi.com\/muasam\/wp-content\/uploads\/2023\/03\/SCUMS-vani-800x800-1.png\" \/>\n\t<meta property=\"og:image:width\" content=\"800\" \/>\n\t<meta property=\"og:image:height\" content=\"800\" \/>\n\t<meta property=\"og:image:type\" content=\"image\/png\" \/>\n<meta name=\"twitter:card\" content=\"summary_large_image\" \/>\n<meta name=\"twitter:title\" content=\"S\u1eefa Chua U\u1ed1ng Men S\u1ed1ng TH true YOGURT H\u01b0\u01a1ng Vanilla T\u1ef1 Nhi\u00ean\" \/>\n<meta name=\"twitter:description\" content=\"S\u1eefa chua u\u1ed1ng men s\u1ed1ng H\u01b0\u01a1ng Vanilla t\u1ef1 nhi\u00ean TH true YOGURT s\u1eed d\u1ee5ng ho\u00e0n to\u00e0n s\u1eefa t\u01b0\u01a1i s\u1ea1ch nguy\u00ean ch\u1ea5t c\u1ee7a trang tr\u1ea1i TH, l\u00ean men t\u1ef1 nhi\u00ean\" \/>\n<meta name=\"twitter:label1\" content=\"\u01af\u1edbc t\u00ednh th\u1eddi gian \u0111\u1ecdc\" \/>\n\t<meta name=\"twitter:data1\" content=\"2 ph\u00fat\" \/>\n<script type=\"application\/ld+json\" class=\"yoast-schema-graph\">{\"@context\":\"https:\\\/\\\/schema.org\",\"@graph\":[{\"@type\":\"WebPage\",\"@id\":\"https:\\\/\\\/suatuyetvoi.com\\\/muasam\\\/san-pham\\\/sua-chua-uong-men-song-th-true-yogurt-huong-vanilla-tu-nhien\\\/\",\"url\":\"https:\\\/\\\/suatuyetvoi.com\\\/muasam\\\/san-pham\\\/sua-chua-uong-men-song-th-true-yogurt-huong-vanilla-tu-nhien\\\/\",\"name\":\"S\u1eefa Chua U\u1ed1ng Men S\u1ed1ng TH true YOGURT H\u01b0\u01a1ng Vanilla\",\"isPartOf\":{\"@id\":\"https:\\\/\\\/suatuyetvoi.com\\\/muasam\\\/#website\"},\"primaryImageOfPage\":{\"@id\":\"https:\\\/\\\/suatuyetvoi.com\\\/muasam\\\/san-pham\\\/sua-chua-uong-men-song-th-true-yogurt-huong-vanilla-tu-nhien\\\/#primaryimage\"},\"image\":{\"@id\":\"https:\\\/\\\/suatuyetvoi.com\\\/muasam\\\/san-pham\\\/sua-chua-uong-men-song-th-true-yogurt-huong-vanilla-tu-nhien\\\/#primaryimage\"},\"thumbnailUrl\":\"https:\\\/\\\/suatuyetvoi.com\\\/muasam\\\/wp-content\\\/uploads\\\/2023\\\/03\\\/SCUMS-vani-800x800-1.png\",\"datePublished\":\"2023-03-31T09:32:30+00:00\",\"description\":\"S\u1eefa chua u\u1ed1ng men s\u1ed1ng H\u01b0\u01a1ng Vanilla t\u1ef1 nhi\u00ean TH true YOGURT s\u1eed d\u1ee5ng ho\u00e0n to\u00e0n s\u1eefa t\u01b0\u01a1i s\u1ea1ch nguy\u00ean ch\u1ea5t c\u1ee7a trang tr\u1ea1i TH, l\u00ean men t\u1ef1 nhi\u00ean\",\"breadcrumb\":{\"@id\":\"https:\\\/\\\/suatuyetvoi.com\\\/muasam\\\/san-pham\\\/sua-chua-uong-men-song-th-true-yogurt-huong-vanilla-tu-nhien\\\/#breadcrumb\"},\"inLanguage\":\"vi\",\"potentialAction\":[{\"@type\":\"ReadAction\",\"target\":[\"https:\\\/\\\/suatuyetvoi.com\\\/muasam\\\/san-pham\\\/sua-chua-uong-men-song-th-true-yogurt-huong-vanilla-tu-nhien\\\/\"]}]},{\"@type\":\"ImageObject\",\"inLanguage\":\"vi\",\"@id\":\"https:\\\/\\\/suatuyetvoi.com\\\/muasam\\\/san-pham\\\/sua-chua-uong-men-song-th-true-yogurt-huong-vanilla-tu-nhien\\\/#primaryimage\",\"url\":\"https:\\\/\\\/suatuyetvoi.com\\\/muasam\\\/wp-content\\\/uploads\\\/2023\\\/03\\\/SCUMS-vani-800x800-1.png\",\"contentUrl\":\"https:\\\/\\\/suatuyetvoi.com\\\/muasam\\\/wp-content\\\/uploads\\\/2023\\\/03\\\/SCUMS-vani-800x800-1.png\",\"width\":800,\"height\":800},{\"@type\":\"BreadcrumbList\",\"@id\":\"https:\\\/\\\/suatuyetvoi.com\\\/muasam\\\/san-pham\\\/sua-chua-uong-men-song-th-true-yogurt-huong-vanilla-tu-nhien\\\/#breadcrumb\",\"itemListElement\":[{\"@type\":\"ListItem\",\"position\":1,\"name\":\"Home\",\"item\":\"https:\\\/\\\/suatuyetvoi.com\\\/muasam\\\/\"},{\"@type\":\"ListItem\",\"position\":2,\"name\":\"Shop\",\"item\":\"https:\\\/\\\/suatuyetvoi.com\\\/muasam\\\/shop\\\/\"},{\"@type\":\"ListItem\",\"position\":3,\"name\":\"S\u1eefa Chua U\u1ed1ng Men S\u1ed1ng TH true YOGURT H\u01b0\u01a1ng Vanilla T\u1ef1 Nhi\u00ean\"}]},{\"@type\":\"WebSite\",\"@id\":\"https:\\\/\\\/suatuyetvoi.com\\\/muasam\\\/#website\",\"url\":\"https:\\\/\\\/suatuyetvoi.com\\\/muasam\\\/\",\"name\":\"S\u1eefa Tuy\u1ec7t V\u1eddi\",\"description\":\"S\u1eefa Tuy\u1ec7t V\u1eddi Vi\u1ec7t Nam\",\"potentialAction\":[{\"@type\":\"SearchAction\",\"target\":{\"@type\":\"EntryPoint\",\"urlTemplate\":\"https:\\\/\\\/suatuyetvoi.com\\\/muasam\\\/?s={search_term_string}\"},\"query-input\":{\"@type\":\"PropertyValueSpecification\",\"valueRequired\":true,\"valueName\":\"search_term_string\"}}],\"inLanguage\":\"vi\"}]}<\/script>\n<!-- \/ Yoast SEO plugin. -->","yoast_head_json":{"title":"S\u1eefa Chua U\u1ed1ng Men S\u1ed1ng TH true YOGURT H\u01b0\u01a1ng Vanilla","description":"S\u1eefa chua u\u1ed1ng men s\u1ed1ng H\u01b0\u01a1ng Vanilla t\u1ef1 nhi\u00ean TH true YOGURT s\u1eed d\u1ee5ng ho\u00e0n to\u00e0n s\u1eefa t\u01b0\u01a1i s\u1ea1ch nguy\u00ean ch\u1ea5t c\u1ee7a trang tr\u1ea1i TH, l\u00ean men t\u1ef1 nhi\u00ean","robots":{"index":"index","follow":"follow","max-snippet":"max-snippet:-1","max-image-preview":"max-image-preview:large","max-video-preview":"max-video-preview:-1"},"canonical":"https:\/\/suatuyetvoi.com\/muasam\/san-pham\/sua-chua-uong-men-song-th-true-yogurt-huong-vanilla-tu-nhien\/","og_locale":"vi_VN","og_type":"article","og_title":"S\u1eefa Chua U\u1ed1ng Men S\u1ed1ng TH true YOGURT H\u01b0\u01a1ng Vanilla T\u1ef1 Nhi\u00ean","og_description":"S\u1eefa chua u\u1ed1ng men s\u1ed1ng H\u01b0\u01a1ng Vanilla t\u1ef1 nhi\u00ean TH true YOGURT s\u1eed d\u1ee5ng ho\u00e0n to\u00e0n s\u1eefa t\u01b0\u01a1i s\u1ea1ch nguy\u00ean ch\u1ea5t c\u1ee7a trang tr\u1ea1i TH, l\u00ean men t\u1ef1 nhi\u00ean","og_url":"https:\/\/suatuyetvoi.com\/muasam\/san-pham\/sua-chua-uong-men-song-th-true-yogurt-huong-vanilla-tu-nhien\/","og_site_name":"S\u1eefa Tuy\u1ec7t V\u1eddi","og_image":[{"width":800,"height":800,"url":"https:\/\/suatuyetvoi.com\/muasam\/wp-content\/uploads\/2023\/03\/SCUMS-vani-800x800-1.png","type":"image\/png"}],"twitter_card":"summary_large_image","twitter_title":"S\u1eefa Chua U\u1ed1ng Men S\u1ed1ng TH true YOGURT H\u01b0\u01a1ng Vanilla T\u1ef1 Nhi\u00ean","twitter_description":"S\u1eefa chua u\u1ed1ng men s\u1ed1ng H\u01b0\u01a1ng Vanilla t\u1ef1 nhi\u00ean TH true YOGURT s\u1eed d\u1ee5ng ho\u00e0n to\u00e0n s\u1eefa t\u01b0\u01a1i s\u1ea1ch nguy\u00ean ch\u1ea5t c\u1ee7a trang tr\u1ea1i TH, l\u00ean men t\u1ef1 nhi\u00ean","twitter_misc":{"\u01af\u1edbc t\u00ednh th\u1eddi gian \u0111\u1ecdc":"2 ph\u00fat"},"schema":{"@context":"https:\/\/schema.org","@graph":[{"@type":"WebPage","@id":"https:\/\/suatuyetvoi.com\/muasam\/san-pham\/sua-chua-uong-men-song-th-true-yogurt-huong-vanilla-tu-nhien\/","url":"https:\/\/suatuyetvoi.com\/muasam\/san-pham\/sua-chua-uong-men-song-th-true-yogurt-huong-vanilla-tu-nhien\/","name":"S\u1eefa Chua U\u1ed1ng Men S\u1ed1ng TH true YOGURT H\u01b0\u01a1ng Vanilla","isPartOf":{"@id":"https:\/\/suatuyetvoi.com\/muasam\/#website"},"primaryImageOfPage":{"@id":"https:\/\/suatuyetvoi.com\/muasam\/san-pham\/sua-chua-uong-men-song-th-true-yogurt-huong-vanilla-tu-nhien\/#primaryimage"},"image":{"@id":"https:\/\/suatuyetvoi.com\/muasam\/san-pham\/sua-chua-uong-men-song-th-true-yogurt-huong-vanilla-tu-nhien\/#primaryimage"},"thumbnailUrl":"https:\/\/suatuyetvoi.com\/muasam\/wp-content\/uploads\/2023\/03\/SCUMS-vani-800x800-1.png","datePublished":"2023-03-31T09:32:30+00:00","description":"S\u1eefa chua u\u1ed1ng men s\u1ed1ng H\u01b0\u01a1ng Vanilla t\u1ef1 nhi\u00ean TH true YOGURT s\u1eed d\u1ee5ng ho\u00e0n to\u00e0n s\u1eefa t\u01b0\u01a1i s\u1ea1ch nguy\u00ean ch\u1ea5t c\u1ee7a trang tr\u1ea1i TH, l\u00ean men t\u1ef1 nhi\u00ean","breadcrumb":{"@id":"https:\/\/suatuyetvoi.com\/muasam\/san-pham\/sua-chua-uong-men-song-th-true-yogurt-huong-vanilla-tu-nhien\/#breadcrumb"},"inLanguage":"vi","potentialAction":[{"@type":"ReadAction","target":["https:\/\/suatuyetvoi.com\/muasam\/san-pham\/sua-chua-uong-men-song-th-true-yogurt-huong-vanilla-tu-nhien\/"]}]},{"@type":"ImageObject","inLanguage":"vi","@id":"https:\/\/suatuyetvoi.com\/muasam\/san-pham\/sua-chua-uong-men-song-th-true-yogurt-huong-vanilla-tu-nhien\/#primaryimage","url":"https:\/\/suatuyetvoi.com\/muasam\/wp-content\/uploads\/2023\/03\/SCUMS-vani-800x800-1.png","contentUrl":"https:\/\/suatuyetvoi.com\/muasam\/wp-content\/uploads\/2023\/03\/SCUMS-vani-800x800-1.png","width":800,"height":800},{"@type":"BreadcrumbList","@id":"https:\/\/suatuyetvoi.com\/muasam\/san-pham\/sua-chua-uong-men-song-th-true-yogurt-huong-vanilla-tu-nhien\/#breadcrumb","itemListElement":[{"@type":"ListItem","position":1,"name":"Home","item":"https:\/\/suatuyetvoi.com\/muasam\/"},{"@type":"ListItem","position":2,"name":"Shop","item":"https:\/\/suatuyetvoi.com\/muasam\/shop\/"},{"@type":"ListItem","position":3,"name":"S\u1eefa Chua U\u1ed1ng Men S\u1ed1ng TH true YOGURT H\u01b0\u01a1ng Vanilla T\u1ef1 Nhi\u00ean"}]},{"@type":"WebSite","@id":"https:\/\/suatuyetvoi.com\/muasam\/#website","url":"https:\/\/suatuyetvoi.com\/muasam\/","name":"S\u1eefa Tuy\u1ec7t V\u1eddi","description":"S\u1eefa Tuy\u1ec7t V\u1eddi Vi\u1ec7t Nam","potentialAction":[{"@type":"SearchAction","target":{"@type":"EntryPoint","urlTemplate":"https:\/\/suatuyetvoi.com\/muasam\/?s={search_term_string}"},"query-input":{"@type":"PropertyValueSpecification","valueRequired":true,"valueName":"search_term_string"}}],"inLanguage":"vi"}]}},"_links":{"self":[{"href":"https:\/\/suatuyetvoi.com\/muasam\/wp-json\/wp\/v2\/product\/6473","targetHints":{"allow":["GET"]}}],"collection":[{"href":"https:\/\/suatuyetvoi.com\/muasam\/wp-json\/wp\/v2\/product"}],"about":[{"href":"https:\/\/suatuyetvoi.com\/muasam\/wp-json\/wp\/v2\/types\/product"}],"replies":[{"embeddable":true,"href":"https:\/\/suatuyetvoi.com\/muasam\/wp-json\/wp\/v2\/comments?post=6473"}],"wp:featuredmedia":[{"embeddable":true,"href":"https:\/\/suatuyetvoi.com\/muasam\/wp-json\/wp\/v2\/media\/6474"}],"wp:attachment":[{"href":"https:\/\/suatuyetvoi.com\/muasam\/wp-json\/wp\/v2\/media?parent=6473"}],"wp:term":[{"taxonomy":"product_cat","embeddable":true,"href":"https:\/\/suatuyetvoi.com\/muasam\/wp-json\/wp\/v2\/product_cat?post=6473"},{"taxonomy":"product_tag","embeddable":true,"href":"https:\/\/suatuyetvoi.com\/muasam\/wp-json\/wp\/v2\/product_tag?post=6473"}],"curies":[{"name":"wp","href":"https:\/\/api.w.org\/{rel}","templated":true}]}}