{"id":6466,"date":"2023-03-31T16:23:10","date_gmt":"2023-03-31T09:23:10","guid":{"rendered":"https:\/\/suatuyetvoi.com\/muasam\/?post_type=product&#038;p=6466"},"modified":"2023-03-31T16:24:33","modified_gmt":"2023-03-31T09:24:33","slug":"sua-chua-xoai-hat-chia-tu-nhien-th-true-yogurt","status":"publish","type":"product","link":"https:\/\/suatuyetvoi.com\/muasam\/san-pham\/sua-chua-xoai-hat-chia-tu-nhien-th-true-yogurt\/","title":{"rendered":"S\u1eefa Chua Xo\u00e0i \u2013 H\u1ea1t Chia T\u1ef1 Nhi\u00ean TH true YOGURT"},"content":{"rendered":"<p><strong>Ho\u00e0n to\u00e0n t\u1eeb s\u1eefa t\u01b0\u01a1i s\u1ea1ch TH:<\/strong><br \/>\n\u0110\u01b0\u1ee3c l\u00e0m ho\u00e0n to\u00e0n t\u1eeb s\u1eefa t\u01b0\u01a1i s\u1ea1ch nguy\u00ean ch\u1ea5t c\u1ee7a trang tr\u1ea1i TH. S\u1eefa \u0111\u01b0\u1ee3c l\u00ean men t\u1ef1 nhi\u00ean tr\u00ean d\u00e2y chuy\u1ec1n kh\u00e9p k\u00edn, hi\u1ec7n \u0111\u1ea1i.<br \/>\n<strong>Nguy\u00ean li\u1ec7u cao c\u1ea5p, ch\u1ecdn l\u1ecdc h\u00e0ng \u0111\u1ea7u<\/strong><br \/>\nNguy\u00ean li\u1ec7u cao c\u1ea5p, \u0111\u01b0\u1ee3c tuy\u1ec3n ch\u1ecdn t\u1eeb nh\u1eefng v\u00f9ng nguy\u00ean li\u1ec7u n\u1ed5i ti\u1ebfng tr\u00ean th\u1ebf gi\u1edbi.<br \/>\n<strong>H\u01b0\u01a1ng v\u1ecb h\u1ea5p d\u1eabn, tr\u1ea3i nghi\u1ec7m m\u1edbi l\u1ea1<\/strong><br \/>\nS\u1ea3n ph\u1ea9m bao g\u1ed3m hai l\u1edbp: l\u1edbp s\u1eefa chua th\u01a1m ng\u1eady v\u00e0 l\u1edbp m\u1ee9t t\u1ef1 nhi\u00ean h\u1ea5p d\u1eabn mang l\u1ea1i tr\u1ea3i nghi\u1ec7m th\u01b0\u1edfng th\u1ee9c \u0111\u1ed9c \u0111\u00e1o, ho\u00e0n to\u00e0n m\u1edbi cho NTD: c\u00f3 th\u1ec3 t\u00f9y bi\u1ebfn \u0111\u1ec3 th\u01b0\u1edfng th\u1ee9c theo c\u00e1ch ri\u00eang.<br \/>\n<strong>Ho\u00e0n to\u00e0n t\u1eeb thi\u00ean nhi\u00ean<\/strong><br \/>\nTo\u00e0n b\u1ed9 th\u00e0nh ph\u1ea7n ho\u00e0n to\u00e0n t\u1ef1 nhi\u00ean, kh\u00f4ng ch\u1ea5t b\u1ea3o qu\u1ea3n, kh\u00f4ng ch\u1ea5t t\u1ea1o m\u00e0u, kh\u00f4ng ch\u1ee9a th\u00e0nh ph\u1ea7n h\u00f3a t\u1ed5ng h\u1ee3p. L\u01b0u gi\u1eef ph\u1ea7n l\u1edbn c\u00e1c d\u01b0\u1ee1ng ch\u1ea5t t\u1ef1 nhi\u00ean c\u1ee7a s\u1eefa t\u01b0\u01a1i s\u1ea1ch v\u00e0 h\u1ed7 tr\u1ee3 t\u1ed1t cho h\u1ec7 ti\u00eau h\u00f3a.<\/p>\n<h3>H\u01b0\u1edbng d\u1eabn b\u1ea3o qu\u1ea3n v\u00e0 s\u1eed d\u1ee5ng:<\/h3>\n<p>B\u1ea3o qu\u1ea3n l\u1ea1nh \u1edf 4-8\u02daC.<br \/>\nS\u1eed d\u1ee5ng ngay sau khi m\u1edf.<br \/>\nS\u1ea3n ph\u1ea9m ph\u00f9 h\u1ee3p cho c\u1ea3 gia \u0111\u00ecnh.<br \/>\nTr\u1ed9n \u0111\u1ec1u tr\u01b0\u1edbc khi s\u1eed d\u1ee5ng.<br \/>\nS\u1ea3n ph\u1ea9m c\u00f3 mi\u1ebfng m\u1ee9t xo\u00e0i v\u00e0 h\u1ea1t chia, n\u00ean th\u1eadn tr\u1ecdng khi s\u1eed d\u1ee5ng cho tr\u1ebb em<\/p>\n<h3>Th\u00e0nh ph\u1ea7n dinh d\u01b0\u1ee1ng trung b\u00ecnh trong 100 g:<\/h3>\n<table width=\"290\">\n<tbody>\n<tr>\n<td width=\"156\">N\u0103ng l\u01b0\u1ee3ng<\/td>\n<td width=\"64\">95,9 kcal<\/td>\n<\/tr>\n<tr>\n<td>Hydrat carbon<\/td>\n<td>14,5 g<\/td>\n<\/tr>\n<tr>\n<td>Ch\u1ea5t \u0111\u1ea1m<\/td>\n<td>3,4 g<\/td>\n<\/tr>\n<tr>\n<td>Ch\u1ea5t b\u00e9o<\/td>\n<td>2,7 g<\/td>\n<\/tr>\n<tr>\n<td>Canxi<\/td>\n<td>80 mg<\/td>\n<\/tr>\n<\/tbody>\n<\/table>\n","protected":false},"excerpt":{"rendered":"<p>Quy c\u00e1ch \u0111\u00f3ng g\u00f3i: l\u1ed1c 3 h\u0169<br \/>\nTr\u1ecdng l\u01b0\u1ee3ng: 110 g\/h\u0169<\/p>\n","protected":false},"featured_media":6468,"comment_status":"open","ping_status":"closed","template":"","meta":[],"product_cat":[584],"product_tag":[593],"class_list":["post-6466","product","type-product","status-publish","has-post-thumbnail","hentry","product_cat-sua-chua-an","product_tag-th-true-milk","berocket_brand-th-true-milk"],"yoast_head":"<!-- This site is optimized with the Yoast SEO plugin v27.6 - https:\/\/yoast.com\/product\/yoast-seo-wordpress\/ -->\n<title>S\u1eefa Chua Xo\u00e0i \u2013 H\u1ea1t Chia T\u1ef1 Nhi\u00ean TH true YOGURT<\/title>\n<meta name=\"description\" content=\"\u0110\u01b0\u1ee3c l\u00e0m ho\u00e0n to\u00e0n t\u1eeb s\u1eefa t\u01b0\u01a1i s\u1ea1ch nguy\u00ean ch\u1ea5t c\u1ee7a trang tr\u1ea1i TH. S\u1eefa \u0111\u01b0\u1ee3c l\u00ean men t\u1ef1 nhi\u00ean tr\u00ean d\u00e2y chuy\u1ec1n kh\u00e9p k\u00edn, hi\u1ec7n \u0111\u1ea1i.\" \/>\n<meta name=\"robots\" content=\"index, follow, max-snippet:-1, max-image-preview:large, max-video-preview:-1\" \/>\n<link rel=\"canonical\" href=\"https:\/\/suatuyetvoi.com\/muasam\/san-pham\/sua-chua-xoai-hat-chia-tu-nhien-th-true-yogurt\/\" \/>\n<meta property=\"og:locale\" content=\"vi_VN\" \/>\n<meta property=\"og:type\" content=\"article\" \/>\n<meta property=\"og:title\" content=\"S\u1eefa Chua Xo\u00e0i \u2013 H\u1ea1t Chia T\u1ef1 Nhi\u00ean TH true YOGURT\" \/>\n<meta property=\"og:description\" content=\"\u0110\u01b0\u1ee3c l\u00e0m ho\u00e0n to\u00e0n t\u1eeb s\u1eefa t\u01b0\u01a1i s\u1ea1ch nguy\u00ean ch\u1ea5t c\u1ee7a trang tr\u1ea1i TH. S\u1eefa \u0111\u01b0\u1ee3c l\u00ean men t\u1ef1 nhi\u00ean tr\u00ean d\u00e2y chuy\u1ec1n kh\u00e9p k\u00edn, hi\u1ec7n \u0111\u1ea1i.\" \/>\n<meta property=\"og:url\" content=\"https:\/\/suatuyetvoi.com\/muasam\/san-pham\/sua-chua-xoai-hat-chia-tu-nhien-th-true-yogurt\/\" \/>\n<meta property=\"og:site_name\" content=\"S\u1eefa Tuy\u1ec7t V\u1eddi\" \/>\n<meta property=\"article:modified_time\" content=\"2023-03-31T09:24:33+00:00\" \/>\n<meta property=\"og:image\" content=\"https:\/\/suatuyetvoi.com\/muasam\/wp-content\/uploads\/2023\/03\/SCA-Pre-Xoai-800x800-1.png\" \/>\n\t<meta property=\"og:image:width\" content=\"800\" \/>\n\t<meta property=\"og:image:height\" content=\"800\" \/>\n\t<meta property=\"og:image:type\" content=\"image\/png\" \/>\n<meta name=\"twitter:card\" content=\"summary_large_image\" \/>\n<meta name=\"twitter:title\" content=\"S\u1eefa Chua Xo\u00e0i \u2013 H\u1ea1t Chia T\u1ef1 Nhi\u00ean TH true YOGURT\" \/>\n<meta name=\"twitter:description\" content=\"\u0110\u01b0\u1ee3c l\u00e0m ho\u00e0n to\u00e0n t\u1eeb s\u1eefa t\u01b0\u01a1i s\u1ea1ch nguy\u00ean ch\u1ea5t c\u1ee7a trang tr\u1ea1i TH. S\u1eefa \u0111\u01b0\u1ee3c l\u00ean men t\u1ef1 nhi\u00ean tr\u00ean d\u00e2y chuy\u1ec1n kh\u00e9p k\u00edn, hi\u1ec7n \u0111\u1ea1i.\" \/>\n<meta name=\"twitter:label1\" content=\"\u01af\u1edbc t\u00ednh th\u1eddi gian \u0111\u1ecdc\" \/>\n\t<meta name=\"twitter:data1\" content=\"2 ph\u00fat\" \/>\n<script type=\"application\/ld+json\" class=\"yoast-schema-graph\">{\"@context\":\"https:\\\/\\\/schema.org\",\"@graph\":[{\"@type\":\"WebPage\",\"@id\":\"https:\\\/\\\/suatuyetvoi.com\\\/muasam\\\/san-pham\\\/sua-chua-xoai-hat-chia-tu-nhien-th-true-yogurt\\\/\",\"url\":\"https:\\\/\\\/suatuyetvoi.com\\\/muasam\\\/san-pham\\\/sua-chua-xoai-hat-chia-tu-nhien-th-true-yogurt\\\/\",\"name\":\"S\u1eefa Chua Xo\u00e0i \u2013 H\u1ea1t Chia T\u1ef1 Nhi\u00ean TH true YOGURT\",\"isPartOf\":{\"@id\":\"https:\\\/\\\/suatuyetvoi.com\\\/muasam\\\/#website\"},\"primaryImageOfPage\":{\"@id\":\"https:\\\/\\\/suatuyetvoi.com\\\/muasam\\\/san-pham\\\/sua-chua-xoai-hat-chia-tu-nhien-th-true-yogurt\\\/#primaryimage\"},\"image\":{\"@id\":\"https:\\\/\\\/suatuyetvoi.com\\\/muasam\\\/san-pham\\\/sua-chua-xoai-hat-chia-tu-nhien-th-true-yogurt\\\/#primaryimage\"},\"thumbnailUrl\":\"https:\\\/\\\/suatuyetvoi.com\\\/muasam\\\/wp-content\\\/uploads\\\/2023\\\/03\\\/SCA-Pre-Xoai-800x800-1.png\",\"datePublished\":\"2023-03-31T09:23:10+00:00\",\"dateModified\":\"2023-03-31T09:24:33+00:00\",\"description\":\"\u0110\u01b0\u1ee3c l\u00e0m ho\u00e0n to\u00e0n t\u1eeb s\u1eefa t\u01b0\u01a1i s\u1ea1ch nguy\u00ean ch\u1ea5t c\u1ee7a trang tr\u1ea1i TH. S\u1eefa \u0111\u01b0\u1ee3c l\u00ean men t\u1ef1 nhi\u00ean tr\u00ean d\u00e2y chuy\u1ec1n kh\u00e9p k\u00edn, hi\u1ec7n \u0111\u1ea1i.\",\"breadcrumb\":{\"@id\":\"https:\\\/\\\/suatuyetvoi.com\\\/muasam\\\/san-pham\\\/sua-chua-xoai-hat-chia-tu-nhien-th-true-yogurt\\\/#breadcrumb\"},\"inLanguage\":\"vi\",\"potentialAction\":[{\"@type\":\"ReadAction\",\"target\":[\"https:\\\/\\\/suatuyetvoi.com\\\/muasam\\\/san-pham\\\/sua-chua-xoai-hat-chia-tu-nhien-th-true-yogurt\\\/\"]}]},{\"@type\":\"ImageObject\",\"inLanguage\":\"vi\",\"@id\":\"https:\\\/\\\/suatuyetvoi.com\\\/muasam\\\/san-pham\\\/sua-chua-xoai-hat-chia-tu-nhien-th-true-yogurt\\\/#primaryimage\",\"url\":\"https:\\\/\\\/suatuyetvoi.com\\\/muasam\\\/wp-content\\\/uploads\\\/2023\\\/03\\\/SCA-Pre-Xoai-800x800-1.png\",\"contentUrl\":\"https:\\\/\\\/suatuyetvoi.com\\\/muasam\\\/wp-content\\\/uploads\\\/2023\\\/03\\\/SCA-Pre-Xoai-800x800-1.png\",\"width\":800,\"height\":800},{\"@type\":\"BreadcrumbList\",\"@id\":\"https:\\\/\\\/suatuyetvoi.com\\\/muasam\\\/san-pham\\\/sua-chua-xoai-hat-chia-tu-nhien-th-true-yogurt\\\/#breadcrumb\",\"itemListElement\":[{\"@type\":\"ListItem\",\"position\":1,\"name\":\"Home\",\"item\":\"https:\\\/\\\/suatuyetvoi.com\\\/muasam\\\/\"},{\"@type\":\"ListItem\",\"position\":2,\"name\":\"Shop\",\"item\":\"https:\\\/\\\/suatuyetvoi.com\\\/muasam\\\/shop\\\/\"},{\"@type\":\"ListItem\",\"position\":3,\"name\":\"S\u1eefa Chua Xo\u00e0i \u2013 H\u1ea1t Chia T\u1ef1 Nhi\u00ean TH true YOGURT\"}]},{\"@type\":\"WebSite\",\"@id\":\"https:\\\/\\\/suatuyetvoi.com\\\/muasam\\\/#website\",\"url\":\"https:\\\/\\\/suatuyetvoi.com\\\/muasam\\\/\",\"name\":\"S\u1eefa Tuy\u1ec7t V\u1eddi\",\"description\":\"S\u1eefa Tuy\u1ec7t V\u1eddi Vi\u1ec7t Nam\",\"potentialAction\":[{\"@type\":\"SearchAction\",\"target\":{\"@type\":\"EntryPoint\",\"urlTemplate\":\"https:\\\/\\\/suatuyetvoi.com\\\/muasam\\\/?s={search_term_string}\"},\"query-input\":{\"@type\":\"PropertyValueSpecification\",\"valueRequired\":true,\"valueName\":\"search_term_string\"}}],\"inLanguage\":\"vi\"}]}<\/script>\n<!-- \/ Yoast SEO plugin. -->","yoast_head_json":{"title":"S\u1eefa Chua Xo\u00e0i \u2013 H\u1ea1t Chia T\u1ef1 Nhi\u00ean TH true YOGURT","description":"\u0110\u01b0\u1ee3c l\u00e0m ho\u00e0n to\u00e0n t\u1eeb s\u1eefa t\u01b0\u01a1i s\u1ea1ch nguy\u00ean ch\u1ea5t c\u1ee7a trang tr\u1ea1i TH. S\u1eefa \u0111\u01b0\u1ee3c l\u00ean men t\u1ef1 nhi\u00ean tr\u00ean d\u00e2y chuy\u1ec1n kh\u00e9p k\u00edn, hi\u1ec7n \u0111\u1ea1i.","robots":{"index":"index","follow":"follow","max-snippet":"max-snippet:-1","max-image-preview":"max-image-preview:large","max-video-preview":"max-video-preview:-1"},"canonical":"https:\/\/suatuyetvoi.com\/muasam\/san-pham\/sua-chua-xoai-hat-chia-tu-nhien-th-true-yogurt\/","og_locale":"vi_VN","og_type":"article","og_title":"S\u1eefa Chua Xo\u00e0i \u2013 H\u1ea1t Chia T\u1ef1 Nhi\u00ean TH true YOGURT","og_description":"\u0110\u01b0\u1ee3c l\u00e0m ho\u00e0n to\u00e0n t\u1eeb s\u1eefa t\u01b0\u01a1i s\u1ea1ch nguy\u00ean ch\u1ea5t c\u1ee7a trang tr\u1ea1i TH. S\u1eefa \u0111\u01b0\u1ee3c l\u00ean men t\u1ef1 nhi\u00ean tr\u00ean d\u00e2y chuy\u1ec1n kh\u00e9p k\u00edn, hi\u1ec7n \u0111\u1ea1i.","og_url":"https:\/\/suatuyetvoi.com\/muasam\/san-pham\/sua-chua-xoai-hat-chia-tu-nhien-th-true-yogurt\/","og_site_name":"S\u1eefa Tuy\u1ec7t V\u1eddi","article_modified_time":"2023-03-31T09:24:33+00:00","og_image":[{"width":800,"height":800,"url":"https:\/\/suatuyetvoi.com\/muasam\/wp-content\/uploads\/2023\/03\/SCA-Pre-Xoai-800x800-1.png","type":"image\/png"}],"twitter_card":"summary_large_image","twitter_title":"S\u1eefa Chua Xo\u00e0i \u2013 H\u1ea1t Chia T\u1ef1 Nhi\u00ean TH true YOGURT","twitter_description":"\u0110\u01b0\u1ee3c l\u00e0m ho\u00e0n to\u00e0n t\u1eeb s\u1eefa t\u01b0\u01a1i s\u1ea1ch nguy\u00ean ch\u1ea5t c\u1ee7a trang tr\u1ea1i TH. S\u1eefa \u0111\u01b0\u1ee3c l\u00ean men t\u1ef1 nhi\u00ean tr\u00ean d\u00e2y chuy\u1ec1n kh\u00e9p k\u00edn, hi\u1ec7n \u0111\u1ea1i.","twitter_misc":{"\u01af\u1edbc t\u00ednh th\u1eddi gian \u0111\u1ecdc":"2 ph\u00fat"},"schema":{"@context":"https:\/\/schema.org","@graph":[{"@type":"WebPage","@id":"https:\/\/suatuyetvoi.com\/muasam\/san-pham\/sua-chua-xoai-hat-chia-tu-nhien-th-true-yogurt\/","url":"https:\/\/suatuyetvoi.com\/muasam\/san-pham\/sua-chua-xoai-hat-chia-tu-nhien-th-true-yogurt\/","name":"S\u1eefa Chua Xo\u00e0i \u2013 H\u1ea1t Chia T\u1ef1 Nhi\u00ean TH true YOGURT","isPartOf":{"@id":"https:\/\/suatuyetvoi.com\/muasam\/#website"},"primaryImageOfPage":{"@id":"https:\/\/suatuyetvoi.com\/muasam\/san-pham\/sua-chua-xoai-hat-chia-tu-nhien-th-true-yogurt\/#primaryimage"},"image":{"@id":"https:\/\/suatuyetvoi.com\/muasam\/san-pham\/sua-chua-xoai-hat-chia-tu-nhien-th-true-yogurt\/#primaryimage"},"thumbnailUrl":"https:\/\/suatuyetvoi.com\/muasam\/wp-content\/uploads\/2023\/03\/SCA-Pre-Xoai-800x800-1.png","datePublished":"2023-03-31T09:23:10+00:00","dateModified":"2023-03-31T09:24:33+00:00","description":"\u0110\u01b0\u1ee3c l\u00e0m ho\u00e0n to\u00e0n t\u1eeb s\u1eefa t\u01b0\u01a1i s\u1ea1ch nguy\u00ean ch\u1ea5t c\u1ee7a trang tr\u1ea1i TH. S\u1eefa \u0111\u01b0\u1ee3c l\u00ean men t\u1ef1 nhi\u00ean tr\u00ean d\u00e2y chuy\u1ec1n kh\u00e9p k\u00edn, hi\u1ec7n \u0111\u1ea1i.","breadcrumb":{"@id":"https:\/\/suatuyetvoi.com\/muasam\/san-pham\/sua-chua-xoai-hat-chia-tu-nhien-th-true-yogurt\/#breadcrumb"},"inLanguage":"vi","potentialAction":[{"@type":"ReadAction","target":["https:\/\/suatuyetvoi.com\/muasam\/san-pham\/sua-chua-xoai-hat-chia-tu-nhien-th-true-yogurt\/"]}]},{"@type":"ImageObject","inLanguage":"vi","@id":"https:\/\/suatuyetvoi.com\/muasam\/san-pham\/sua-chua-xoai-hat-chia-tu-nhien-th-true-yogurt\/#primaryimage","url":"https:\/\/suatuyetvoi.com\/muasam\/wp-content\/uploads\/2023\/03\/SCA-Pre-Xoai-800x800-1.png","contentUrl":"https:\/\/suatuyetvoi.com\/muasam\/wp-content\/uploads\/2023\/03\/SCA-Pre-Xoai-800x800-1.png","width":800,"height":800},{"@type":"BreadcrumbList","@id":"https:\/\/suatuyetvoi.com\/muasam\/san-pham\/sua-chua-xoai-hat-chia-tu-nhien-th-true-yogurt\/#breadcrumb","itemListElement":[{"@type":"ListItem","position":1,"name":"Home","item":"https:\/\/suatuyetvoi.com\/muasam\/"},{"@type":"ListItem","position":2,"name":"Shop","item":"https:\/\/suatuyetvoi.com\/muasam\/shop\/"},{"@type":"ListItem","position":3,"name":"S\u1eefa Chua Xo\u00e0i \u2013 H\u1ea1t Chia T\u1ef1 Nhi\u00ean TH true YOGURT"}]},{"@type":"WebSite","@id":"https:\/\/suatuyetvoi.com\/muasam\/#website","url":"https:\/\/suatuyetvoi.com\/muasam\/","name":"S\u1eefa Tuy\u1ec7t V\u1eddi","description":"S\u1eefa Tuy\u1ec7t V\u1eddi Vi\u1ec7t Nam","potentialAction":[{"@type":"SearchAction","target":{"@type":"EntryPoint","urlTemplate":"https:\/\/suatuyetvoi.com\/muasam\/?s={search_term_string}"},"query-input":{"@type":"PropertyValueSpecification","valueRequired":true,"valueName":"search_term_string"}}],"inLanguage":"vi"}]}},"_links":{"self":[{"href":"https:\/\/suatuyetvoi.com\/muasam\/wp-json\/wp\/v2\/product\/6466","targetHints":{"allow":["GET"]}}],"collection":[{"href":"https:\/\/suatuyetvoi.com\/muasam\/wp-json\/wp\/v2\/product"}],"about":[{"href":"https:\/\/suatuyetvoi.com\/muasam\/wp-json\/wp\/v2\/types\/product"}],"replies":[{"embeddable":true,"href":"https:\/\/suatuyetvoi.com\/muasam\/wp-json\/wp\/v2\/comments?post=6466"}],"wp:featuredmedia":[{"embeddable":true,"href":"https:\/\/suatuyetvoi.com\/muasam\/wp-json\/wp\/v2\/media\/6468"}],"wp:attachment":[{"href":"https:\/\/suatuyetvoi.com\/muasam\/wp-json\/wp\/v2\/media?parent=6466"}],"wp:term":[{"taxonomy":"product_cat","embeddable":true,"href":"https:\/\/suatuyetvoi.com\/muasam\/wp-json\/wp\/v2\/product_cat?post=6466"},{"taxonomy":"product_tag","embeddable":true,"href":"https:\/\/suatuyetvoi.com\/muasam\/wp-json\/wp\/v2\/product_tag?post=6466"}],"curies":[{"name":"wp","href":"https:\/\/api.w.org\/{rel}","templated":true}]}}