{"id":6463,"date":"2023-03-31T16:20:50","date_gmt":"2023-03-31T09:20:50","guid":{"rendered":"https:\/\/suatuyetvoi.com\/muasam\/?post_type=product&#038;p=6463"},"modified":"2023-03-31T16:20:51","modified_gmt":"2023-03-31T09:20:51","slug":"sua-chua-an-th-true-yogurt-chanh-day-tu-nhien","status":"publish","type":"product","link":"https:\/\/suatuyetvoi.com\/muasam\/san-pham\/sua-chua-an-th-true-yogurt-chanh-day-tu-nhien\/","title":{"rendered":"S\u1eefa Chua \u0102n TH true YOGURT Chanh D\u00e2y T\u1ef1 Nhi\u00ean"},"content":{"rendered":"<p>S\u1eefa chua Chanh D\u00e2y T\u1ef1 Nhi\u00ean TH true YOGURT s\u1eed d\u1ee5ng ho\u00e0n to\u00e0n s\u1eefa t\u01b0\u01a1i s\u1ea1ch nguy\u00ean ch\u1ea5t c\u1ee7a trang tr\u1ea1i TH, l\u00ean men t\u1ef1 nhi\u00ean.<br \/>\nS\u1ea3n ph\u1ea9m c\u00f3 ch\u1ee9a m\u1ee9t chanh d\u00e2y t\u1ef1 nhi\u00ean v\u00e0 h\u1ea1t chia mang t\u1edbi tr\u1ea3i nghi\u1ec7m tuy\u1ec7t h\u1ea3o: ngon, m\u1edbi l\u1ea1, h\u1ea5p d\u1eabn.<br \/>\nS\u1ea3n xu\u1ea5t tr\u00ean d\u00e2y truy\u1ec1n hi\u1ec7n \u0111\u1ea1i v\u1edbi c\u00f4ng ngh\u1ec7 kh\u00e9p k\u00edn, l\u01b0u gi\u1eef t\u1ed1i \u0111a c\u00e1c d\u01b0\u1ee1ng ch\u1ea5t t\u1ef1 nhi\u00ean c\u1ee7a s\u1eefa t\u01b0\u01a1i s\u1ea1ch v\u00e0 h\u1ed7 tr\u1ee3 t\u1ed1t cho h\u1ec7 ti\u00eau ho\u00e1.<br \/>\nTo\u00e0n b\u1ed9 c\u00e1c th\u00e0nh ph\u1ea7n ho\u00e0n to\u00e0n t\u1ef1 nhi\u00ean, kh\u00f4ng ch\u1ea5t b\u1ea3o qu\u1ea3n, kh\u00f4ng ch\u1ee9a c\u00e1c th\u00e0nh ph\u1ea7n ph\u1ee5 gia t\u1ed5ng h\u1ee3p.<\/p>\n<h3>H\u01b0\u1edbng d\u1eabn b\u1ea3o qu\u1ea3n v\u00e0 s\u1eed d\u1ee5ng:<\/h3>\n<p>B\u1ea3o qu\u1ea3n l\u1ea1nh \u1edf nhi\u1ec7t \u0111\u1ed9 4-8*C<br \/>\nS\u1eed d\u1ee5ng ngay sau khi m\u1edf<br \/>\nS\u1ea3n ph\u1ea9m ph\u00f9 h\u1ee3p s\u1eed d\u1ee5ng cho c\u1ea3 gia \u0111\u00ecnh v\u00e0 tr\u1ebb em t\u1eeb 6 th\u00e1ng tu\u1ed5i tr\u1edf l\u00ean.<\/p>\n<h3>Th\u00e0nh ph\u1ea7n dinh d\u01b0\u1ee1ng trung b\u00ecnh trong 100 g:<\/h3>\n<table width=\"237\">\n<tbody>\n<tr>\n<td width=\"156\">N\u0103ng l\u01b0\u1ee3ng<\/td>\n<td width=\"81\">100,4 kcal<\/td>\n<\/tr>\n<tr>\n<td>Hydrat carbon<\/td>\n<td>15 g<\/td>\n<\/tr>\n<tr>\n<td>Ch\u1ea5t \u0111\u1ea1m<\/td>\n<td>2,9 g<\/td>\n<\/tr>\n<tr>\n<td>Ch\u1ea5t b\u00e9o<\/td>\n<td>3,2 g<\/td>\n<\/tr>\n<tr>\n<td>Canxi<\/td>\n<td>90 mg<\/td>\n<\/tr>\n<\/tbody>\n<\/table>\n<p>S\u1eefa chua Chanh D\u00e2y T\u1ef1 Nhi\u00ean (C\u1ea3i ti\u1ebfn) kh\u00f4ng thay \u0111\u1ed5i th\u00f4ng tin tr\u00ean nh\u00e3n n\u1eafp v\u00e0 th\u00f9ng carton so v\u1edbi s\u1ea3n ph\u1ea9m c\u0169.<\/p>\n","protected":false},"excerpt":{"rendered":"<p>Quy c\u00e1ch \u0111\u00f3ng g\u00f3i: l\u1ed1c 4 h\u1ed9p<br \/>\nTr\u1ecdng l\u01b0\u1ee3ng: 100 g\/h\u1ed9p<\/p>\n","protected":false},"featured_media":6464,"comment_status":"open","ping_status":"closed","template":"","meta":[],"product_cat":[584],"product_tag":[593],"class_list":["post-6463","product","type-product","status-publish","has-post-thumbnail","hentry","product_cat-sua-chua-an","product_tag-th-true-milk","berocket_brand-th-true-milk"],"yoast_head":"<!-- This site is optimized with the Yoast SEO plugin v27.6 - https:\/\/yoast.com\/product\/yoast-seo-wordpress\/ -->\n<title>S\u1eefa Chua \u0102n TH true YOGURT Chanh D\u00e2y T\u1ef1 Nhi\u00ean<\/title>\n<meta name=\"description\" content=\"S\u1eefa chua Chanh D\u00e2y T\u1ef1 Nhi\u00ean TH true YOGURT s\u1eed d\u1ee5ng ho\u00e0n to\u00e0n s\u1eefa t\u01b0\u01a1i s\u1ea1ch nguy\u00ean ch\u1ea5t c\u1ee7a trang tr\u1ea1i TH, l\u00ean men t\u1ef1 nhi\u00ean.S\u1ea3n ph\u1ea9m c\u00f3 ch\u1ee9a m\u1ee9t chanh d\u00e2y\" \/>\n<meta name=\"robots\" content=\"index, follow, max-snippet:-1, max-image-preview:large, max-video-preview:-1\" \/>\n<link rel=\"canonical\" href=\"https:\/\/suatuyetvoi.com\/muasam\/san-pham\/sua-chua-an-th-true-yogurt-chanh-day-tu-nhien\/\" \/>\n<meta property=\"og:locale\" content=\"vi_VN\" \/>\n<meta property=\"og:type\" content=\"article\" \/>\n<meta property=\"og:title\" content=\"S\u1eefa Chua \u0102n TH true YOGURT Chanh D\u00e2y T\u1ef1 Nhi\u00ean\" \/>\n<meta property=\"og:description\" content=\"S\u1eefa chua Chanh D\u00e2y T\u1ef1 Nhi\u00ean TH true YOGURT s\u1eed d\u1ee5ng ho\u00e0n to\u00e0n s\u1eefa t\u01b0\u01a1i s\u1ea1ch nguy\u00ean ch\u1ea5t c\u1ee7a trang tr\u1ea1i TH, l\u00ean men t\u1ef1 nhi\u00ean.S\u1ea3n ph\u1ea9m c\u00f3 ch\u1ee9a m\u1ee9t chanh d\u00e2y\" \/>\n<meta property=\"og:url\" content=\"https:\/\/suatuyetvoi.com\/muasam\/san-pham\/sua-chua-an-th-true-yogurt-chanh-day-tu-nhien\/\" \/>\n<meta property=\"og:site_name\" content=\"S\u1eefa Tuy\u1ec7t V\u1eddi\" \/>\n<meta property=\"article:modified_time\" content=\"2023-03-31T09:20:51+00:00\" \/>\n<meta property=\"og:image\" content=\"https:\/\/suatuyetvoi.com\/muasam\/wp-content\/uploads\/2023\/03\/SCA-chanh-day-800x800-1.png\" \/>\n\t<meta property=\"og:image:width\" content=\"800\" \/>\n\t<meta property=\"og:image:height\" content=\"800\" \/>\n\t<meta property=\"og:image:type\" content=\"image\/png\" \/>\n<meta name=\"twitter:card\" content=\"summary_large_image\" \/>\n<meta name=\"twitter:label1\" content=\"\u01af\u1edbc t\u00ednh th\u1eddi gian \u0111\u1ecdc\" \/>\n\t<meta name=\"twitter:data1\" content=\"2 ph\u00fat\" \/>\n<script type=\"application\/ld+json\" class=\"yoast-schema-graph\">{\"@context\":\"https:\\\/\\\/schema.org\",\"@graph\":[{\"@type\":\"WebPage\",\"@id\":\"https:\\\/\\\/suatuyetvoi.com\\\/muasam\\\/san-pham\\\/sua-chua-an-th-true-yogurt-chanh-day-tu-nhien\\\/\",\"url\":\"https:\\\/\\\/suatuyetvoi.com\\\/muasam\\\/san-pham\\\/sua-chua-an-th-true-yogurt-chanh-day-tu-nhien\\\/\",\"name\":\"S\u1eefa Chua \u0102n TH true YOGURT Chanh D\u00e2y T\u1ef1 Nhi\u00ean\",\"isPartOf\":{\"@id\":\"https:\\\/\\\/suatuyetvoi.com\\\/muasam\\\/#website\"},\"primaryImageOfPage\":{\"@id\":\"https:\\\/\\\/suatuyetvoi.com\\\/muasam\\\/san-pham\\\/sua-chua-an-th-true-yogurt-chanh-day-tu-nhien\\\/#primaryimage\"},\"image\":{\"@id\":\"https:\\\/\\\/suatuyetvoi.com\\\/muasam\\\/san-pham\\\/sua-chua-an-th-true-yogurt-chanh-day-tu-nhien\\\/#primaryimage\"},\"thumbnailUrl\":\"https:\\\/\\\/suatuyetvoi.com\\\/muasam\\\/wp-content\\\/uploads\\\/2023\\\/03\\\/SCA-chanh-day-800x800-1.png\",\"datePublished\":\"2023-03-31T09:20:50+00:00\",\"dateModified\":\"2023-03-31T09:20:51+00:00\",\"description\":\"S\u1eefa chua Chanh D\u00e2y T\u1ef1 Nhi\u00ean TH true YOGURT s\u1eed d\u1ee5ng ho\u00e0n to\u00e0n s\u1eefa t\u01b0\u01a1i s\u1ea1ch nguy\u00ean ch\u1ea5t c\u1ee7a trang tr\u1ea1i TH, l\u00ean men t\u1ef1 nhi\u00ean.S\u1ea3n ph\u1ea9m c\u00f3 ch\u1ee9a m\u1ee9t chanh d\u00e2y\",\"breadcrumb\":{\"@id\":\"https:\\\/\\\/suatuyetvoi.com\\\/muasam\\\/san-pham\\\/sua-chua-an-th-true-yogurt-chanh-day-tu-nhien\\\/#breadcrumb\"},\"inLanguage\":\"vi\",\"potentialAction\":[{\"@type\":\"ReadAction\",\"target\":[\"https:\\\/\\\/suatuyetvoi.com\\\/muasam\\\/san-pham\\\/sua-chua-an-th-true-yogurt-chanh-day-tu-nhien\\\/\"]}]},{\"@type\":\"ImageObject\",\"inLanguage\":\"vi\",\"@id\":\"https:\\\/\\\/suatuyetvoi.com\\\/muasam\\\/san-pham\\\/sua-chua-an-th-true-yogurt-chanh-day-tu-nhien\\\/#primaryimage\",\"url\":\"https:\\\/\\\/suatuyetvoi.com\\\/muasam\\\/wp-content\\\/uploads\\\/2023\\\/03\\\/SCA-chanh-day-800x800-1.png\",\"contentUrl\":\"https:\\\/\\\/suatuyetvoi.com\\\/muasam\\\/wp-content\\\/uploads\\\/2023\\\/03\\\/SCA-chanh-day-800x800-1.png\",\"width\":800,\"height\":800},{\"@type\":\"BreadcrumbList\",\"@id\":\"https:\\\/\\\/suatuyetvoi.com\\\/muasam\\\/san-pham\\\/sua-chua-an-th-true-yogurt-chanh-day-tu-nhien\\\/#breadcrumb\",\"itemListElement\":[{\"@type\":\"ListItem\",\"position\":1,\"name\":\"Home\",\"item\":\"https:\\\/\\\/suatuyetvoi.com\\\/muasam\\\/\"},{\"@type\":\"ListItem\",\"position\":2,\"name\":\"Shop\",\"item\":\"https:\\\/\\\/suatuyetvoi.com\\\/muasam\\\/shop\\\/\"},{\"@type\":\"ListItem\",\"position\":3,\"name\":\"S\u1eefa Chua \u0102n TH true YOGURT Chanh D\u00e2y T\u1ef1 Nhi\u00ean\"}]},{\"@type\":\"WebSite\",\"@id\":\"https:\\\/\\\/suatuyetvoi.com\\\/muasam\\\/#website\",\"url\":\"https:\\\/\\\/suatuyetvoi.com\\\/muasam\\\/\",\"name\":\"S\u1eefa Tuy\u1ec7t V\u1eddi\",\"description\":\"S\u1eefa Tuy\u1ec7t V\u1eddi Vi\u1ec7t Nam\",\"potentialAction\":[{\"@type\":\"SearchAction\",\"target\":{\"@type\":\"EntryPoint\",\"urlTemplate\":\"https:\\\/\\\/suatuyetvoi.com\\\/muasam\\\/?s={search_term_string}\"},\"query-input\":{\"@type\":\"PropertyValueSpecification\",\"valueRequired\":true,\"valueName\":\"search_term_string\"}}],\"inLanguage\":\"vi\"}]}<\/script>\n<!-- \/ Yoast SEO plugin. -->","yoast_head_json":{"title":"S\u1eefa Chua \u0102n TH true YOGURT Chanh D\u00e2y T\u1ef1 Nhi\u00ean","description":"S\u1eefa chua Chanh D\u00e2y T\u1ef1 Nhi\u00ean TH true YOGURT s\u1eed d\u1ee5ng ho\u00e0n to\u00e0n s\u1eefa t\u01b0\u01a1i s\u1ea1ch nguy\u00ean ch\u1ea5t c\u1ee7a trang tr\u1ea1i TH, l\u00ean men t\u1ef1 nhi\u00ean.S\u1ea3n ph\u1ea9m c\u00f3 ch\u1ee9a m\u1ee9t chanh d\u00e2y","robots":{"index":"index","follow":"follow","max-snippet":"max-snippet:-1","max-image-preview":"max-image-preview:large","max-video-preview":"max-video-preview:-1"},"canonical":"https:\/\/suatuyetvoi.com\/muasam\/san-pham\/sua-chua-an-th-true-yogurt-chanh-day-tu-nhien\/","og_locale":"vi_VN","og_type":"article","og_title":"S\u1eefa Chua \u0102n TH true YOGURT Chanh D\u00e2y T\u1ef1 Nhi\u00ean","og_description":"S\u1eefa chua Chanh D\u00e2y T\u1ef1 Nhi\u00ean TH true YOGURT s\u1eed d\u1ee5ng ho\u00e0n to\u00e0n s\u1eefa t\u01b0\u01a1i s\u1ea1ch nguy\u00ean ch\u1ea5t c\u1ee7a trang tr\u1ea1i TH, l\u00ean men t\u1ef1 nhi\u00ean.S\u1ea3n ph\u1ea9m c\u00f3 ch\u1ee9a m\u1ee9t chanh d\u00e2y","og_url":"https:\/\/suatuyetvoi.com\/muasam\/san-pham\/sua-chua-an-th-true-yogurt-chanh-day-tu-nhien\/","og_site_name":"S\u1eefa Tuy\u1ec7t V\u1eddi","article_modified_time":"2023-03-31T09:20:51+00:00","og_image":[{"width":800,"height":800,"url":"https:\/\/suatuyetvoi.com\/muasam\/wp-content\/uploads\/2023\/03\/SCA-chanh-day-800x800-1.png","type":"image\/png"}],"twitter_card":"summary_large_image","twitter_misc":{"\u01af\u1edbc t\u00ednh th\u1eddi gian \u0111\u1ecdc":"2 ph\u00fat"},"schema":{"@context":"https:\/\/schema.org","@graph":[{"@type":"WebPage","@id":"https:\/\/suatuyetvoi.com\/muasam\/san-pham\/sua-chua-an-th-true-yogurt-chanh-day-tu-nhien\/","url":"https:\/\/suatuyetvoi.com\/muasam\/san-pham\/sua-chua-an-th-true-yogurt-chanh-day-tu-nhien\/","name":"S\u1eefa Chua \u0102n TH true YOGURT Chanh D\u00e2y T\u1ef1 Nhi\u00ean","isPartOf":{"@id":"https:\/\/suatuyetvoi.com\/muasam\/#website"},"primaryImageOfPage":{"@id":"https:\/\/suatuyetvoi.com\/muasam\/san-pham\/sua-chua-an-th-true-yogurt-chanh-day-tu-nhien\/#primaryimage"},"image":{"@id":"https:\/\/suatuyetvoi.com\/muasam\/san-pham\/sua-chua-an-th-true-yogurt-chanh-day-tu-nhien\/#primaryimage"},"thumbnailUrl":"https:\/\/suatuyetvoi.com\/muasam\/wp-content\/uploads\/2023\/03\/SCA-chanh-day-800x800-1.png","datePublished":"2023-03-31T09:20:50+00:00","dateModified":"2023-03-31T09:20:51+00:00","description":"S\u1eefa chua Chanh D\u00e2y T\u1ef1 Nhi\u00ean TH true YOGURT s\u1eed d\u1ee5ng ho\u00e0n to\u00e0n s\u1eefa t\u01b0\u01a1i s\u1ea1ch nguy\u00ean ch\u1ea5t c\u1ee7a trang tr\u1ea1i TH, l\u00ean men t\u1ef1 nhi\u00ean.S\u1ea3n ph\u1ea9m c\u00f3 ch\u1ee9a m\u1ee9t chanh d\u00e2y","breadcrumb":{"@id":"https:\/\/suatuyetvoi.com\/muasam\/san-pham\/sua-chua-an-th-true-yogurt-chanh-day-tu-nhien\/#breadcrumb"},"inLanguage":"vi","potentialAction":[{"@type":"ReadAction","target":["https:\/\/suatuyetvoi.com\/muasam\/san-pham\/sua-chua-an-th-true-yogurt-chanh-day-tu-nhien\/"]}]},{"@type":"ImageObject","inLanguage":"vi","@id":"https:\/\/suatuyetvoi.com\/muasam\/san-pham\/sua-chua-an-th-true-yogurt-chanh-day-tu-nhien\/#primaryimage","url":"https:\/\/suatuyetvoi.com\/muasam\/wp-content\/uploads\/2023\/03\/SCA-chanh-day-800x800-1.png","contentUrl":"https:\/\/suatuyetvoi.com\/muasam\/wp-content\/uploads\/2023\/03\/SCA-chanh-day-800x800-1.png","width":800,"height":800},{"@type":"BreadcrumbList","@id":"https:\/\/suatuyetvoi.com\/muasam\/san-pham\/sua-chua-an-th-true-yogurt-chanh-day-tu-nhien\/#breadcrumb","itemListElement":[{"@type":"ListItem","position":1,"name":"Home","item":"https:\/\/suatuyetvoi.com\/muasam\/"},{"@type":"ListItem","position":2,"name":"Shop","item":"https:\/\/suatuyetvoi.com\/muasam\/shop\/"},{"@type":"ListItem","position":3,"name":"S\u1eefa Chua \u0102n TH true YOGURT Chanh D\u00e2y T\u1ef1 Nhi\u00ean"}]},{"@type":"WebSite","@id":"https:\/\/suatuyetvoi.com\/muasam\/#website","url":"https:\/\/suatuyetvoi.com\/muasam\/","name":"S\u1eefa Tuy\u1ec7t V\u1eddi","description":"S\u1eefa Tuy\u1ec7t V\u1eddi Vi\u1ec7t Nam","potentialAction":[{"@type":"SearchAction","target":{"@type":"EntryPoint","urlTemplate":"https:\/\/suatuyetvoi.com\/muasam\/?s={search_term_string}"},"query-input":{"@type":"PropertyValueSpecification","valueRequired":true,"valueName":"search_term_string"}}],"inLanguage":"vi"}]}},"_links":{"self":[{"href":"https:\/\/suatuyetvoi.com\/muasam\/wp-json\/wp\/v2\/product\/6463","targetHints":{"allow":["GET"]}}],"collection":[{"href":"https:\/\/suatuyetvoi.com\/muasam\/wp-json\/wp\/v2\/product"}],"about":[{"href":"https:\/\/suatuyetvoi.com\/muasam\/wp-json\/wp\/v2\/types\/product"}],"replies":[{"embeddable":true,"href":"https:\/\/suatuyetvoi.com\/muasam\/wp-json\/wp\/v2\/comments?post=6463"}],"wp:featuredmedia":[{"embeddable":true,"href":"https:\/\/suatuyetvoi.com\/muasam\/wp-json\/wp\/v2\/media\/6464"}],"wp:attachment":[{"href":"https:\/\/suatuyetvoi.com\/muasam\/wp-json\/wp\/v2\/media?parent=6463"}],"wp:term":[{"taxonomy":"product_cat","embeddable":true,"href":"https:\/\/suatuyetvoi.com\/muasam\/wp-json\/wp\/v2\/product_cat?post=6463"},{"taxonomy":"product_tag","embeddable":true,"href":"https:\/\/suatuyetvoi.com\/muasam\/wp-json\/wp\/v2\/product_tag?post=6463"}],"curies":[{"name":"wp","href":"https:\/\/api.w.org\/{rel}","templated":true}]}}