{"id":6455,"date":"2023-03-31T15:26:20","date_gmt":"2023-03-31T08:26:20","guid":{"rendered":"https:\/\/suatuyetvoi.com\/muasam\/?post_type=product&#038;p=6455"},"modified":"2023-03-31T15:26:20","modified_gmt":"2023-03-31T08:26:20","slug":"sua-chua-an-th-true-yogurt-nha-dam-tu-nhien","status":"publish","type":"product","link":"https:\/\/suatuyetvoi.com\/muasam\/san-pham\/sua-chua-an-th-true-yogurt-nha-dam-tu-nhien\/","title":{"rendered":"S\u1eefa Chua \u0102n TH true YOGURT Nha \u0110am T\u1ef1 Nhi\u00ean"},"content":{"rendered":"<p>S\u1eefa chua Nha \u0110am T\u1ef1 Nhi\u00ean TH true YOGURT s\u1eed d\u1ee5ng ho\u00e0n to\u00e0n s\u1eefa t\u01b0\u01a1i s\u1ea1ch nguy\u00ean ch\u1ea5t c\u1ee7a trang tr\u1ea1i TH, l\u00ean men t\u1ef1 nhi\u00ean<br \/>\nS\u1ea3n xu\u1ea5t tr\u00ean d\u00e2y chuy\u1ec1n hi\u1ec7n \u0111\u1ea1i v\u1edbi c\u00f4ng ngh\u1ec7 kh\u00e9p k\u00edn, gi\u1eef tr\u1ecdn v\u1eb9n dinh d\u01b0\u1ee1ng t\u1ef1 nhi\u00ean t\u1eeb s\u1eefa t\u01b0\u01a1i s\u1ea1ch.<br \/>\nS\u1eed d\u1ee5ng nguy\u00ean li\u1ec7u ho\u00e0n to\u00e0n t\u1ef1 nhi\u00ean.<br \/>\nS\u1ea3n ph\u1ea9m c\u00f3 ch\u1ee9a mi\u1ebfng nha \u0111am m\u1ec1m, dai, v\u1edbi h\u01b0\u01a1ng v\u1ecb th\u01a1m ngon thanh m\u00e1t, cho c\u1ea3 nh\u00e0 vui kh\u1ecfe m\u1ed7i ng\u00e0y.<br \/>\nKh\u00f4ng s\u1eed d\u1ee5ng ch\u1ea5t b\u1ea3o qu\u1ea3n<\/p>\n<h3>H\u01b0\u1edbng d\u1eabn b\u1ea3o qu\u1ea3n v\u00e0 s\u1eed d\u1ee5ng:<\/h3>\n<p>B\u1ea3o qu\u1ea3n l\u1ea1nh \u1edf 4-8\u02daC.<br \/>\nS\u1eed d\u1ee5ng ngay sau khi m\u1edf.<br \/>\nPh\u00f9 h\u1ee3p s\u1eed d\u1ee5ng cho c\u1ea3 gia \u0111\u00ecnh v\u00e0 tr\u1ebb em t\u1eeb 6 th\u00e1ng tu\u1ed5i tr\u1edf l\u00ean.<\/p>\n<h3>Th\u00e0nh ph\u1ea7n dinh d\u01b0\u1ee1ng trung b\u00ecnh trong 100 g:<\/h3>\n<table width=\"237\">\n<tbody>\n<tr>\n<td width=\"156\">N\u0103ng l\u01b0\u1ee3ng<\/td>\n<td width=\"81\">100,4 kcal<\/td>\n<\/tr>\n<tr>\n<td>Hydrat carbon<\/td>\n<td width=\"81\">15 g<\/td>\n<\/tr>\n<tr>\n<td>Ch\u1ea5t \u0111\u1ea1m<\/td>\n<td>2,9 g<\/td>\n<\/tr>\n<tr>\n<td>Ch\u1ea5t b\u00e9o<\/td>\n<td>3,2 g<\/td>\n<\/tr>\n<\/tbody>\n<\/table>\n","protected":false},"excerpt":{"rendered":"<ul class=\"info1__list1\">\n<li><img decoding=\"async\" class=\"icon1\" src=\"https:\/\/www.thmilk.vn\/wp-content\/uploads\/2019\/11\/Shape-1.png\" alt=\"shape-2\" \/>\u00a0Quy c\u00e1ch \u0111\u00f3ng g\u00f3i: l\u1ed1c 4 h\u1ed9p<\/li>\n<li><img decoding=\"async\" class=\"icon1\" src=\"https:\/\/www.thmilk.vn\/wp-content\/uploads\/2019\/11\/drop.png\" alt=\"drop\" \/>\u00a0Tr\u1ecdng l\u01b0\u1ee3ng: 100 g\/h\u1ed9p<\/li>\n<\/ul>\n","protected":false},"featured_media":6456,"comment_status":"open","ping_status":"closed","template":"","meta":[],"product_cat":[584],"product_tag":[593],"class_list":["post-6455","product","type-product","status-publish","has-post-thumbnail","hentry","product_cat-sua-chua-an","product_tag-th-true-milk","berocket_brand-th-true-milk"],"yoast_head":"<!-- This site is optimized with the Yoast SEO plugin v27.6 - https:\/\/yoast.com\/product\/yoast-seo-wordpress\/ -->\n<title>S\u1eefa Chua \u0102n TH true YOGURT Nha \u0110am T\u1ef1 Nhi\u00ean<\/title>\n<meta name=\"description\" content=\"S\u1eefa chua Nha \u0110am T\u1ef1 Nhi\u00ean TH true YOGURT s\u1eed d\u1ee5ng ho\u00e0n to\u00e0n s\u1eefa t\u01b0\u01a1i s\u1ea1ch nguy\u00ean ch\u1ea5t c\u1ee7a trang tr\u1ea1i TH, l\u00ean men t\u1ef1 nhi\u00ean, s\u1ea3n xu\u1ea5t tr\u00ean d\u00e2y chuy\u1ec1n hi\u1ec7n \u0111\u1ea1i.\" \/>\n<meta name=\"robots\" content=\"index, follow, max-snippet:-1, max-image-preview:large, max-video-preview:-1\" \/>\n<link rel=\"canonical\" href=\"https:\/\/suatuyetvoi.com\/muasam\/san-pham\/sua-chua-an-th-true-yogurt-nha-dam-tu-nhien\/\" \/>\n<meta property=\"og:locale\" content=\"vi_VN\" \/>\n<meta property=\"og:type\" content=\"article\" \/>\n<meta property=\"og:title\" content=\"S\u1eefa Chua \u0102n TH true YOGURT Nha \u0110am T\u1ef1 Nhi\u00ean\" \/>\n<meta property=\"og:description\" content=\"S\u1eefa chua Nha \u0110am T\u1ef1 Nhi\u00ean TH true YOGURT s\u1eed d\u1ee5ng ho\u00e0n to\u00e0n s\u1eefa t\u01b0\u01a1i s\u1ea1ch nguy\u00ean ch\u1ea5t c\u1ee7a trang tr\u1ea1i TH, l\u00ean men t\u1ef1 nhi\u00ean, s\u1ea3n xu\u1ea5t tr\u00ean d\u00e2y chuy\u1ec1n hi\u1ec7n \u0111\u1ea1i.\" \/>\n<meta property=\"og:url\" content=\"https:\/\/suatuyetvoi.com\/muasam\/san-pham\/sua-chua-an-th-true-yogurt-nha-dam-tu-nhien\/\" \/>\n<meta property=\"og:site_name\" content=\"S\u1eefa Tuy\u1ec7t V\u1eddi\" \/>\n<meta property=\"og:image\" content=\"https:\/\/suatuyetvoi.com\/muasam\/wp-content\/uploads\/2023\/03\/SCA-nhadam-800x800-1.png\" \/>\n\t<meta property=\"og:image:width\" content=\"800\" \/>\n\t<meta property=\"og:image:height\" content=\"800\" \/>\n\t<meta property=\"og:image:type\" content=\"image\/png\" \/>\n<meta name=\"twitter:card\" content=\"summary_large_image\" \/>\n<meta name=\"twitter:label1\" content=\"\u01af\u1edbc t\u00ednh th\u1eddi gian \u0111\u1ecdc\" \/>\n\t<meta name=\"twitter:data1\" content=\"1 ph\u00fat\" \/>\n<script type=\"application\/ld+json\" class=\"yoast-schema-graph\">{\"@context\":\"https:\\\/\\\/schema.org\",\"@graph\":[{\"@type\":\"WebPage\",\"@id\":\"https:\\\/\\\/suatuyetvoi.com\\\/muasam\\\/san-pham\\\/sua-chua-an-th-true-yogurt-nha-dam-tu-nhien\\\/\",\"url\":\"https:\\\/\\\/suatuyetvoi.com\\\/muasam\\\/san-pham\\\/sua-chua-an-th-true-yogurt-nha-dam-tu-nhien\\\/\",\"name\":\"S\u1eefa Chua \u0102n TH true YOGURT Nha \u0110am T\u1ef1 Nhi\u00ean\",\"isPartOf\":{\"@id\":\"https:\\\/\\\/suatuyetvoi.com\\\/muasam\\\/#website\"},\"primaryImageOfPage\":{\"@id\":\"https:\\\/\\\/suatuyetvoi.com\\\/muasam\\\/san-pham\\\/sua-chua-an-th-true-yogurt-nha-dam-tu-nhien\\\/#primaryimage\"},\"image\":{\"@id\":\"https:\\\/\\\/suatuyetvoi.com\\\/muasam\\\/san-pham\\\/sua-chua-an-th-true-yogurt-nha-dam-tu-nhien\\\/#primaryimage\"},\"thumbnailUrl\":\"https:\\\/\\\/suatuyetvoi.com\\\/muasam\\\/wp-content\\\/uploads\\\/2023\\\/03\\\/SCA-nhadam-800x800-1.png\",\"datePublished\":\"2023-03-31T08:26:20+00:00\",\"description\":\"S\u1eefa chua Nha \u0110am T\u1ef1 Nhi\u00ean TH true YOGURT s\u1eed d\u1ee5ng ho\u00e0n to\u00e0n s\u1eefa t\u01b0\u01a1i s\u1ea1ch nguy\u00ean ch\u1ea5t c\u1ee7a trang tr\u1ea1i TH, l\u00ean men t\u1ef1 nhi\u00ean, s\u1ea3n xu\u1ea5t tr\u00ean d\u00e2y chuy\u1ec1n hi\u1ec7n \u0111\u1ea1i.\",\"breadcrumb\":{\"@id\":\"https:\\\/\\\/suatuyetvoi.com\\\/muasam\\\/san-pham\\\/sua-chua-an-th-true-yogurt-nha-dam-tu-nhien\\\/#breadcrumb\"},\"inLanguage\":\"vi\",\"potentialAction\":[{\"@type\":\"ReadAction\",\"target\":[\"https:\\\/\\\/suatuyetvoi.com\\\/muasam\\\/san-pham\\\/sua-chua-an-th-true-yogurt-nha-dam-tu-nhien\\\/\"]}]},{\"@type\":\"ImageObject\",\"inLanguage\":\"vi\",\"@id\":\"https:\\\/\\\/suatuyetvoi.com\\\/muasam\\\/san-pham\\\/sua-chua-an-th-true-yogurt-nha-dam-tu-nhien\\\/#primaryimage\",\"url\":\"https:\\\/\\\/suatuyetvoi.com\\\/muasam\\\/wp-content\\\/uploads\\\/2023\\\/03\\\/SCA-nhadam-800x800-1.png\",\"contentUrl\":\"https:\\\/\\\/suatuyetvoi.com\\\/muasam\\\/wp-content\\\/uploads\\\/2023\\\/03\\\/SCA-nhadam-800x800-1.png\",\"width\":800,\"height\":800},{\"@type\":\"BreadcrumbList\",\"@id\":\"https:\\\/\\\/suatuyetvoi.com\\\/muasam\\\/san-pham\\\/sua-chua-an-th-true-yogurt-nha-dam-tu-nhien\\\/#breadcrumb\",\"itemListElement\":[{\"@type\":\"ListItem\",\"position\":1,\"name\":\"Home\",\"item\":\"https:\\\/\\\/suatuyetvoi.com\\\/muasam\\\/\"},{\"@type\":\"ListItem\",\"position\":2,\"name\":\"Shop\",\"item\":\"https:\\\/\\\/suatuyetvoi.com\\\/muasam\\\/shop\\\/\"},{\"@type\":\"ListItem\",\"position\":3,\"name\":\"S\u1eefa Chua \u0102n TH true YOGURT Nha \u0110am T\u1ef1 Nhi\u00ean\"}]},{\"@type\":\"WebSite\",\"@id\":\"https:\\\/\\\/suatuyetvoi.com\\\/muasam\\\/#website\",\"url\":\"https:\\\/\\\/suatuyetvoi.com\\\/muasam\\\/\",\"name\":\"S\u1eefa Tuy\u1ec7t V\u1eddi\",\"description\":\"S\u1eefa Tuy\u1ec7t V\u1eddi Vi\u1ec7t Nam\",\"potentialAction\":[{\"@type\":\"SearchAction\",\"target\":{\"@type\":\"EntryPoint\",\"urlTemplate\":\"https:\\\/\\\/suatuyetvoi.com\\\/muasam\\\/?s={search_term_string}\"},\"query-input\":{\"@type\":\"PropertyValueSpecification\",\"valueRequired\":true,\"valueName\":\"search_term_string\"}}],\"inLanguage\":\"vi\"}]}<\/script>\n<!-- \/ Yoast SEO plugin. -->","yoast_head_json":{"title":"S\u1eefa Chua \u0102n TH true YOGURT Nha \u0110am T\u1ef1 Nhi\u00ean","description":"S\u1eefa chua Nha \u0110am T\u1ef1 Nhi\u00ean TH true YOGURT s\u1eed d\u1ee5ng ho\u00e0n to\u00e0n s\u1eefa t\u01b0\u01a1i s\u1ea1ch nguy\u00ean ch\u1ea5t c\u1ee7a trang tr\u1ea1i TH, l\u00ean men t\u1ef1 nhi\u00ean, s\u1ea3n xu\u1ea5t tr\u00ean d\u00e2y chuy\u1ec1n hi\u1ec7n \u0111\u1ea1i.","robots":{"index":"index","follow":"follow","max-snippet":"max-snippet:-1","max-image-preview":"max-image-preview:large","max-video-preview":"max-video-preview:-1"},"canonical":"https:\/\/suatuyetvoi.com\/muasam\/san-pham\/sua-chua-an-th-true-yogurt-nha-dam-tu-nhien\/","og_locale":"vi_VN","og_type":"article","og_title":"S\u1eefa Chua \u0102n TH true YOGURT Nha \u0110am T\u1ef1 Nhi\u00ean","og_description":"S\u1eefa chua Nha \u0110am T\u1ef1 Nhi\u00ean TH true YOGURT s\u1eed d\u1ee5ng ho\u00e0n to\u00e0n s\u1eefa t\u01b0\u01a1i s\u1ea1ch nguy\u00ean ch\u1ea5t c\u1ee7a trang tr\u1ea1i TH, l\u00ean men t\u1ef1 nhi\u00ean, s\u1ea3n xu\u1ea5t tr\u00ean d\u00e2y chuy\u1ec1n hi\u1ec7n \u0111\u1ea1i.","og_url":"https:\/\/suatuyetvoi.com\/muasam\/san-pham\/sua-chua-an-th-true-yogurt-nha-dam-tu-nhien\/","og_site_name":"S\u1eefa Tuy\u1ec7t V\u1eddi","og_image":[{"width":800,"height":800,"url":"https:\/\/suatuyetvoi.com\/muasam\/wp-content\/uploads\/2023\/03\/SCA-nhadam-800x800-1.png","type":"image\/png"}],"twitter_card":"summary_large_image","twitter_misc":{"\u01af\u1edbc t\u00ednh th\u1eddi gian \u0111\u1ecdc":"1 ph\u00fat"},"schema":{"@context":"https:\/\/schema.org","@graph":[{"@type":"WebPage","@id":"https:\/\/suatuyetvoi.com\/muasam\/san-pham\/sua-chua-an-th-true-yogurt-nha-dam-tu-nhien\/","url":"https:\/\/suatuyetvoi.com\/muasam\/san-pham\/sua-chua-an-th-true-yogurt-nha-dam-tu-nhien\/","name":"S\u1eefa Chua \u0102n TH true YOGURT Nha \u0110am T\u1ef1 Nhi\u00ean","isPartOf":{"@id":"https:\/\/suatuyetvoi.com\/muasam\/#website"},"primaryImageOfPage":{"@id":"https:\/\/suatuyetvoi.com\/muasam\/san-pham\/sua-chua-an-th-true-yogurt-nha-dam-tu-nhien\/#primaryimage"},"image":{"@id":"https:\/\/suatuyetvoi.com\/muasam\/san-pham\/sua-chua-an-th-true-yogurt-nha-dam-tu-nhien\/#primaryimage"},"thumbnailUrl":"https:\/\/suatuyetvoi.com\/muasam\/wp-content\/uploads\/2023\/03\/SCA-nhadam-800x800-1.png","datePublished":"2023-03-31T08:26:20+00:00","description":"S\u1eefa chua Nha \u0110am T\u1ef1 Nhi\u00ean TH true YOGURT s\u1eed d\u1ee5ng ho\u00e0n to\u00e0n s\u1eefa t\u01b0\u01a1i s\u1ea1ch nguy\u00ean ch\u1ea5t c\u1ee7a trang tr\u1ea1i TH, l\u00ean men t\u1ef1 nhi\u00ean, s\u1ea3n xu\u1ea5t tr\u00ean d\u00e2y chuy\u1ec1n hi\u1ec7n \u0111\u1ea1i.","breadcrumb":{"@id":"https:\/\/suatuyetvoi.com\/muasam\/san-pham\/sua-chua-an-th-true-yogurt-nha-dam-tu-nhien\/#breadcrumb"},"inLanguage":"vi","potentialAction":[{"@type":"ReadAction","target":["https:\/\/suatuyetvoi.com\/muasam\/san-pham\/sua-chua-an-th-true-yogurt-nha-dam-tu-nhien\/"]}]},{"@type":"ImageObject","inLanguage":"vi","@id":"https:\/\/suatuyetvoi.com\/muasam\/san-pham\/sua-chua-an-th-true-yogurt-nha-dam-tu-nhien\/#primaryimage","url":"https:\/\/suatuyetvoi.com\/muasam\/wp-content\/uploads\/2023\/03\/SCA-nhadam-800x800-1.png","contentUrl":"https:\/\/suatuyetvoi.com\/muasam\/wp-content\/uploads\/2023\/03\/SCA-nhadam-800x800-1.png","width":800,"height":800},{"@type":"BreadcrumbList","@id":"https:\/\/suatuyetvoi.com\/muasam\/san-pham\/sua-chua-an-th-true-yogurt-nha-dam-tu-nhien\/#breadcrumb","itemListElement":[{"@type":"ListItem","position":1,"name":"Home","item":"https:\/\/suatuyetvoi.com\/muasam\/"},{"@type":"ListItem","position":2,"name":"Shop","item":"https:\/\/suatuyetvoi.com\/muasam\/shop\/"},{"@type":"ListItem","position":3,"name":"S\u1eefa Chua \u0102n TH true YOGURT Nha \u0110am T\u1ef1 Nhi\u00ean"}]},{"@type":"WebSite","@id":"https:\/\/suatuyetvoi.com\/muasam\/#website","url":"https:\/\/suatuyetvoi.com\/muasam\/","name":"S\u1eefa Tuy\u1ec7t V\u1eddi","description":"S\u1eefa Tuy\u1ec7t V\u1eddi Vi\u1ec7t Nam","potentialAction":[{"@type":"SearchAction","target":{"@type":"EntryPoint","urlTemplate":"https:\/\/suatuyetvoi.com\/muasam\/?s={search_term_string}"},"query-input":{"@type":"PropertyValueSpecification","valueRequired":true,"valueName":"search_term_string"}}],"inLanguage":"vi"}]}},"_links":{"self":[{"href":"https:\/\/suatuyetvoi.com\/muasam\/wp-json\/wp\/v2\/product\/6455","targetHints":{"allow":["GET"]}}],"collection":[{"href":"https:\/\/suatuyetvoi.com\/muasam\/wp-json\/wp\/v2\/product"}],"about":[{"href":"https:\/\/suatuyetvoi.com\/muasam\/wp-json\/wp\/v2\/types\/product"}],"replies":[{"embeddable":true,"href":"https:\/\/suatuyetvoi.com\/muasam\/wp-json\/wp\/v2\/comments?post=6455"}],"wp:featuredmedia":[{"embeddable":true,"href":"https:\/\/suatuyetvoi.com\/muasam\/wp-json\/wp\/v2\/media\/6456"}],"wp:attachment":[{"href":"https:\/\/suatuyetvoi.com\/muasam\/wp-json\/wp\/v2\/media?parent=6455"}],"wp:term":[{"taxonomy":"product_cat","embeddable":true,"href":"https:\/\/suatuyetvoi.com\/muasam\/wp-json\/wp\/v2\/product_cat?post=6455"},{"taxonomy":"product_tag","embeddable":true,"href":"https:\/\/suatuyetvoi.com\/muasam\/wp-json\/wp\/v2\/product_tag?post=6455"}],"curies":[{"name":"wp","href":"https:\/\/api.w.org\/{rel}","templated":true}]}}