{"id":6444,"date":"2023-03-31T15:09:12","date_gmt":"2023-03-31T08:09:12","guid":{"rendered":"https:\/\/suatuyetvoi.com\/muasam\/?post_type=product&#038;p=6444"},"modified":"2023-03-31T15:09:13","modified_gmt":"2023-03-31T08:09:13","slug":"sua-chua-an-tao-so-ri-tu-nhien-th-true-yogurt","status":"publish","type":"product","link":"https:\/\/suatuyetvoi.com\/muasam\/san-pham\/sua-chua-an-tao-so-ri-tu-nhien-th-true-yogurt\/","title":{"rendered":"S\u1eeeA CHUA \u0102N T\u00c1O \u2013 S\u01a0 RI T\u1ef0 NHI\u00caN TH true YOGURT"},"content":{"rendered":"<div class=\"p-item1__content1\">\n<div class=\"row\">\n<div class=\"p-item1__box2 col-md-7 col-lg-8\">\n<article class=\"box1\">S\u1eefa chua \u0103n T\u00e1o \u2013 S\u01a1 Ri T\u1ef1 Nhi\u00ean TH true YOGURT s\u1eed d\u1ee5ng ho\u00e0n to\u00e0n s\u1eefa t\u01b0\u01a1i s\u1ea1ch nguy\u00ean ch\u1ea5t c\u1ee7a trang tr\u1ea1i TH, l\u00ean men t\u1ef1 nhi\u00ean.<br \/>\nS\u1ea3n xu\u1ea5t tr\u00ean d\u00e2y chuy\u1ec1n hi\u1ec7n \u0111\u1ea1i v\u1edbi c\u00f4ng ngh\u1ec7 kh\u00e9p k\u00edn, gi\u1eef tr\u1ecdn v\u1eb9n dinh d\u01b0\u1ee1ng t\u1ef1 nhi\u00ean t\u1eeb s\u1eefa t\u01b0\u01a1i s\u1ea1ch.<br \/>\nNguy\u00ean li\u1ec7u ho\u00e0n to\u00e0n t\u1ef1 nhi\u00ean k\u1ebft h\u1ee3p c\u00f9ng tr\u00e1i c\u00e2y t\u1ef1 nhi\u00ean, mang t\u1edbi h\u01b0\u01a1ng v\u1ecb th\u01a1m ngon, th\u1eadt s\u1ef1 thi\u00ean nhi\u00ean.<br \/>\nH\u01b0\u01a1ng v\u1ecb ho\u00e0n to\u00e0n m\u1edbi l\u1ea1 k\u1ebft h\u1ee3p T\u00e1o \u2013 S\u01a1 Ri<br \/>\nKh\u00f4ng s\u1eed d\u1ee5ng ch\u1ea5t b\u1ea3o qu\u1ea3n, kh\u00f4ng ch\u1ea5t t\u1ea1o m\u00e0u, kh\u00f4ng ch\u1ee9a th\u00e0nh ph\u1ea7n h\u00f3a t\u1ed5ng h\u1ee3p.<\/p>\n<h3>H\u01b0\u1edbng d\u1eabn b\u1ea3o qu\u1ea3n v\u00e0 s\u1eed d\u1ee5ng:<\/h3>\n<p>B\u1ea3o qu\u1ea3n l\u1ea1nh \u1edf nhi\u1ec7t \u0111\u1ed9 4-8*C<br \/>\nS\u1eed d\u1ee5ng ngay sau khi m\u1edf<br \/>\nS\u1ea3n ph\u1ea9m ph\u00f9 h\u1ee3p s\u1eed d\u1ee5ng cho c\u1ea3 gia \u0111\u00ecnh v\u00e0 tr\u1ebb em t\u1eeb 1 tu\u1ed5i tr\u1edf l\u00ean.<\/p>\n<h3>Th\u00e0nh ph\u1ea7n dinh d\u01b0\u1ee1ng trung b\u00ecnh trong 100 g:<\/h3>\n<table width=\"237\">\n<tbody>\n<tr>\n<td width=\"156\">N\u0103ng l\u01b0\u1ee3ng<\/td>\n<td width=\"81\">94 kcal<\/td>\n<\/tr>\n<tr>\n<td>Hydrat carbon<\/td>\n<td>13,5 g<\/td>\n<\/tr>\n<tr>\n<td>Ch\u1ea5t \u0111\u1ea1m<\/td>\n<td>2,8 g<\/td>\n<\/tr>\n<tr>\n<td>Ch\u1ea5t b\u00e9o<\/td>\n<td>3,2 g<\/td>\n<\/tr>\n<tr>\n<td>Canxi<\/td>\n<td>85 mg<\/td>\n<\/tr>\n<\/tbody>\n<\/table>\n<p>&nbsp;<\/p>\n<\/article>\n<\/div>\n<\/div>\n<\/div>\n","protected":false},"excerpt":{"rendered":"<ul class=\"info1__list1\">\n<li><img decoding=\"async\" class=\"icon1\" src=\"https:\/\/www.thmilk.vn\/wp-content\/uploads\/2019\/11\/Shape-3.png\" alt=\"shape-5\" \/>\u00a0Quy c\u00e1ch \u0111\u00f3ng g\u00f3i: l\u1ed1c 4 h\u1ed9p<\/li>\n<li><img decoding=\"async\" class=\"icon1\" src=\"https:\/\/www.thmilk.vn\/wp-content\/uploads\/2019\/11\/drop-2.png\" alt=\"drop-4\" \/>\u00a0Tr\u1ecdng l\u01b0\u1ee3ng: 100 g\/h\u1ed9p<\/li>\n<\/ul>\n","protected":false},"featured_media":6445,"comment_status":"open","ping_status":"closed","template":"","meta":[],"product_cat":[584],"product_tag":[593],"class_list":["post-6444","product","type-product","status-publish","has-post-thumbnail","hentry","product_cat-sua-chua-an","product_tag-th-true-milk","berocket_brand-th-true-milk"],"yoast_head":"<!-- This site is optimized with the Yoast SEO plugin v27.6 - https:\/\/yoast.com\/product\/yoast-seo-wordpress\/ -->\n<title>S\u1eeeA CHUA \u0102N T\u00c1O \u2013 S\u01a0 RI T\u1ef0 NHI\u00caN TH true YOGURT<\/title>\n<meta name=\"description\" content=\"S\u1eefa chua \u0103n T\u00e1o \u2013 S\u01a1 Ri T\u1ef1 Nhi\u00ean s\u1eed d\u1ee5ng ho\u00e0n to\u00e0n s\u1eefa t\u01b0\u01a1i s\u1ea1ch nguy\u00ean ch\u1ea5t c\u1ee7a trang tr\u1ea1i TH, l\u00ean men t\u1ef1 nhi\u00ean.S\u1ea3n xu\u1ea5t tr\u00ean d\u00e2y chuy\u1ec1n hi\u1ec7n \u0111\u1ea1i\" \/>\n<meta name=\"robots\" content=\"index, follow, max-snippet:-1, max-image-preview:large, max-video-preview:-1\" \/>\n<link rel=\"canonical\" href=\"https:\/\/suatuyetvoi.com\/muasam\/san-pham\/sua-chua-an-tao-so-ri-tu-nhien-th-true-yogurt\/\" \/>\n<meta property=\"og:locale\" content=\"vi_VN\" \/>\n<meta property=\"og:type\" content=\"article\" \/>\n<meta property=\"og:title\" content=\"S\u1eeeA CHUA \u0102N T\u00c1O \u2013 S\u01a0 RI T\u1ef0 NHI\u00caN TH true YOGURT\" \/>\n<meta property=\"og:description\" content=\"S\u1eefa chua \u0103n T\u00e1o \u2013 S\u01a1 Ri T\u1ef1 Nhi\u00ean s\u1eed d\u1ee5ng ho\u00e0n to\u00e0n s\u1eefa t\u01b0\u01a1i s\u1ea1ch nguy\u00ean ch\u1ea5t c\u1ee7a trang tr\u1ea1i TH, l\u00ean men t\u1ef1 nhi\u00ean.S\u1ea3n xu\u1ea5t tr\u00ean d\u00e2y chuy\u1ec1n hi\u1ec7n \u0111\u1ea1i\" \/>\n<meta property=\"og:url\" content=\"https:\/\/suatuyetvoi.com\/muasam\/san-pham\/sua-chua-an-tao-so-ri-tu-nhien-th-true-yogurt\/\" \/>\n<meta property=\"og:site_name\" content=\"S\u1eefa Tuy\u1ec7t V\u1eddi\" \/>\n<meta property=\"article:modified_time\" content=\"2023-03-31T08:09:13+00:00\" \/>\n<meta property=\"og:image\" content=\"https:\/\/suatuyetvoi.com\/muasam\/wp-content\/uploads\/2023\/03\/SCA-Tao-sori-800x800-1.png\" \/>\n\t<meta property=\"og:image:width\" content=\"800\" \/>\n\t<meta property=\"og:image:height\" content=\"800\" \/>\n\t<meta property=\"og:image:type\" content=\"image\/png\" \/>\n<meta name=\"twitter:card\" content=\"summary_large_image\" \/>\n<meta name=\"twitter:label1\" content=\"\u01af\u1edbc t\u00ednh th\u1eddi gian \u0111\u1ecdc\" \/>\n\t<meta name=\"twitter:data1\" content=\"1 ph\u00fat\" \/>\n<script type=\"application\/ld+json\" class=\"yoast-schema-graph\">{\"@context\":\"https:\\\/\\\/schema.org\",\"@graph\":[{\"@type\":\"WebPage\",\"@id\":\"https:\\\/\\\/suatuyetvoi.com\\\/muasam\\\/san-pham\\\/sua-chua-an-tao-so-ri-tu-nhien-th-true-yogurt\\\/\",\"url\":\"https:\\\/\\\/suatuyetvoi.com\\\/muasam\\\/san-pham\\\/sua-chua-an-tao-so-ri-tu-nhien-th-true-yogurt\\\/\",\"name\":\"S\u1eeeA CHUA \u0102N T\u00c1O \u2013 S\u01a0 RI T\u1ef0 NHI\u00caN TH true YOGURT\",\"isPartOf\":{\"@id\":\"https:\\\/\\\/suatuyetvoi.com\\\/muasam\\\/#website\"},\"primaryImageOfPage\":{\"@id\":\"https:\\\/\\\/suatuyetvoi.com\\\/muasam\\\/san-pham\\\/sua-chua-an-tao-so-ri-tu-nhien-th-true-yogurt\\\/#primaryimage\"},\"image\":{\"@id\":\"https:\\\/\\\/suatuyetvoi.com\\\/muasam\\\/san-pham\\\/sua-chua-an-tao-so-ri-tu-nhien-th-true-yogurt\\\/#primaryimage\"},\"thumbnailUrl\":\"https:\\\/\\\/suatuyetvoi.com\\\/muasam\\\/wp-content\\\/uploads\\\/2023\\\/03\\\/SCA-Tao-sori-800x800-1.png\",\"datePublished\":\"2023-03-31T08:09:12+00:00\",\"dateModified\":\"2023-03-31T08:09:13+00:00\",\"description\":\"S\u1eefa chua \u0103n T\u00e1o \u2013 S\u01a1 Ri T\u1ef1 Nhi\u00ean s\u1eed d\u1ee5ng ho\u00e0n to\u00e0n s\u1eefa t\u01b0\u01a1i s\u1ea1ch nguy\u00ean ch\u1ea5t c\u1ee7a trang tr\u1ea1i TH, l\u00ean men t\u1ef1 nhi\u00ean.S\u1ea3n xu\u1ea5t tr\u00ean d\u00e2y chuy\u1ec1n hi\u1ec7n \u0111\u1ea1i\",\"breadcrumb\":{\"@id\":\"https:\\\/\\\/suatuyetvoi.com\\\/muasam\\\/san-pham\\\/sua-chua-an-tao-so-ri-tu-nhien-th-true-yogurt\\\/#breadcrumb\"},\"inLanguage\":\"vi\",\"potentialAction\":[{\"@type\":\"ReadAction\",\"target\":[\"https:\\\/\\\/suatuyetvoi.com\\\/muasam\\\/san-pham\\\/sua-chua-an-tao-so-ri-tu-nhien-th-true-yogurt\\\/\"]}]},{\"@type\":\"ImageObject\",\"inLanguage\":\"vi\",\"@id\":\"https:\\\/\\\/suatuyetvoi.com\\\/muasam\\\/san-pham\\\/sua-chua-an-tao-so-ri-tu-nhien-th-true-yogurt\\\/#primaryimage\",\"url\":\"https:\\\/\\\/suatuyetvoi.com\\\/muasam\\\/wp-content\\\/uploads\\\/2023\\\/03\\\/SCA-Tao-sori-800x800-1.png\",\"contentUrl\":\"https:\\\/\\\/suatuyetvoi.com\\\/muasam\\\/wp-content\\\/uploads\\\/2023\\\/03\\\/SCA-Tao-sori-800x800-1.png\",\"width\":800,\"height\":800},{\"@type\":\"BreadcrumbList\",\"@id\":\"https:\\\/\\\/suatuyetvoi.com\\\/muasam\\\/san-pham\\\/sua-chua-an-tao-so-ri-tu-nhien-th-true-yogurt\\\/#breadcrumb\",\"itemListElement\":[{\"@type\":\"ListItem\",\"position\":1,\"name\":\"Home\",\"item\":\"https:\\\/\\\/suatuyetvoi.com\\\/muasam\\\/\"},{\"@type\":\"ListItem\",\"position\":2,\"name\":\"Shop\",\"item\":\"https:\\\/\\\/suatuyetvoi.com\\\/muasam\\\/shop\\\/\"},{\"@type\":\"ListItem\",\"position\":3,\"name\":\"S\u1eeeA CHUA \u0102N T\u00c1O \u2013 S\u01a0 RI T\u1ef0 NHI\u00caN TH true YOGURT\"}]},{\"@type\":\"WebSite\",\"@id\":\"https:\\\/\\\/suatuyetvoi.com\\\/muasam\\\/#website\",\"url\":\"https:\\\/\\\/suatuyetvoi.com\\\/muasam\\\/\",\"name\":\"S\u1eefa Tuy\u1ec7t V\u1eddi\",\"description\":\"S\u1eefa Tuy\u1ec7t V\u1eddi Vi\u1ec7t Nam\",\"potentialAction\":[{\"@type\":\"SearchAction\",\"target\":{\"@type\":\"EntryPoint\",\"urlTemplate\":\"https:\\\/\\\/suatuyetvoi.com\\\/muasam\\\/?s={search_term_string}\"},\"query-input\":{\"@type\":\"PropertyValueSpecification\",\"valueRequired\":true,\"valueName\":\"search_term_string\"}}],\"inLanguage\":\"vi\"}]}<\/script>\n<!-- \/ Yoast SEO plugin. -->","yoast_head_json":{"title":"S\u1eeeA CHUA \u0102N T\u00c1O \u2013 S\u01a0 RI T\u1ef0 NHI\u00caN TH true YOGURT","description":"S\u1eefa chua \u0103n T\u00e1o \u2013 S\u01a1 Ri T\u1ef1 Nhi\u00ean s\u1eed d\u1ee5ng ho\u00e0n to\u00e0n s\u1eefa t\u01b0\u01a1i s\u1ea1ch nguy\u00ean ch\u1ea5t c\u1ee7a trang tr\u1ea1i TH, l\u00ean men t\u1ef1 nhi\u00ean.S\u1ea3n xu\u1ea5t tr\u00ean d\u00e2y chuy\u1ec1n hi\u1ec7n \u0111\u1ea1i","robots":{"index":"index","follow":"follow","max-snippet":"max-snippet:-1","max-image-preview":"max-image-preview:large","max-video-preview":"max-video-preview:-1"},"canonical":"https:\/\/suatuyetvoi.com\/muasam\/san-pham\/sua-chua-an-tao-so-ri-tu-nhien-th-true-yogurt\/","og_locale":"vi_VN","og_type":"article","og_title":"S\u1eeeA CHUA \u0102N T\u00c1O \u2013 S\u01a0 RI T\u1ef0 NHI\u00caN TH true YOGURT","og_description":"S\u1eefa chua \u0103n T\u00e1o \u2013 S\u01a1 Ri T\u1ef1 Nhi\u00ean s\u1eed d\u1ee5ng ho\u00e0n to\u00e0n s\u1eefa t\u01b0\u01a1i s\u1ea1ch nguy\u00ean ch\u1ea5t c\u1ee7a trang tr\u1ea1i TH, l\u00ean men t\u1ef1 nhi\u00ean.S\u1ea3n xu\u1ea5t tr\u00ean d\u00e2y chuy\u1ec1n hi\u1ec7n \u0111\u1ea1i","og_url":"https:\/\/suatuyetvoi.com\/muasam\/san-pham\/sua-chua-an-tao-so-ri-tu-nhien-th-true-yogurt\/","og_site_name":"S\u1eefa Tuy\u1ec7t V\u1eddi","article_modified_time":"2023-03-31T08:09:13+00:00","og_image":[{"width":800,"height":800,"url":"https:\/\/suatuyetvoi.com\/muasam\/wp-content\/uploads\/2023\/03\/SCA-Tao-sori-800x800-1.png","type":"image\/png"}],"twitter_card":"summary_large_image","twitter_misc":{"\u01af\u1edbc t\u00ednh th\u1eddi gian \u0111\u1ecdc":"1 ph\u00fat"},"schema":{"@context":"https:\/\/schema.org","@graph":[{"@type":"WebPage","@id":"https:\/\/suatuyetvoi.com\/muasam\/san-pham\/sua-chua-an-tao-so-ri-tu-nhien-th-true-yogurt\/","url":"https:\/\/suatuyetvoi.com\/muasam\/san-pham\/sua-chua-an-tao-so-ri-tu-nhien-th-true-yogurt\/","name":"S\u1eeeA CHUA \u0102N T\u00c1O \u2013 S\u01a0 RI T\u1ef0 NHI\u00caN TH true YOGURT","isPartOf":{"@id":"https:\/\/suatuyetvoi.com\/muasam\/#website"},"primaryImageOfPage":{"@id":"https:\/\/suatuyetvoi.com\/muasam\/san-pham\/sua-chua-an-tao-so-ri-tu-nhien-th-true-yogurt\/#primaryimage"},"image":{"@id":"https:\/\/suatuyetvoi.com\/muasam\/san-pham\/sua-chua-an-tao-so-ri-tu-nhien-th-true-yogurt\/#primaryimage"},"thumbnailUrl":"https:\/\/suatuyetvoi.com\/muasam\/wp-content\/uploads\/2023\/03\/SCA-Tao-sori-800x800-1.png","datePublished":"2023-03-31T08:09:12+00:00","dateModified":"2023-03-31T08:09:13+00:00","description":"S\u1eefa chua \u0103n T\u00e1o \u2013 S\u01a1 Ri T\u1ef1 Nhi\u00ean s\u1eed d\u1ee5ng ho\u00e0n to\u00e0n s\u1eefa t\u01b0\u01a1i s\u1ea1ch nguy\u00ean ch\u1ea5t c\u1ee7a trang tr\u1ea1i TH, l\u00ean men t\u1ef1 nhi\u00ean.S\u1ea3n xu\u1ea5t tr\u00ean d\u00e2y chuy\u1ec1n hi\u1ec7n \u0111\u1ea1i","breadcrumb":{"@id":"https:\/\/suatuyetvoi.com\/muasam\/san-pham\/sua-chua-an-tao-so-ri-tu-nhien-th-true-yogurt\/#breadcrumb"},"inLanguage":"vi","potentialAction":[{"@type":"ReadAction","target":["https:\/\/suatuyetvoi.com\/muasam\/san-pham\/sua-chua-an-tao-so-ri-tu-nhien-th-true-yogurt\/"]}]},{"@type":"ImageObject","inLanguage":"vi","@id":"https:\/\/suatuyetvoi.com\/muasam\/san-pham\/sua-chua-an-tao-so-ri-tu-nhien-th-true-yogurt\/#primaryimage","url":"https:\/\/suatuyetvoi.com\/muasam\/wp-content\/uploads\/2023\/03\/SCA-Tao-sori-800x800-1.png","contentUrl":"https:\/\/suatuyetvoi.com\/muasam\/wp-content\/uploads\/2023\/03\/SCA-Tao-sori-800x800-1.png","width":800,"height":800},{"@type":"BreadcrumbList","@id":"https:\/\/suatuyetvoi.com\/muasam\/san-pham\/sua-chua-an-tao-so-ri-tu-nhien-th-true-yogurt\/#breadcrumb","itemListElement":[{"@type":"ListItem","position":1,"name":"Home","item":"https:\/\/suatuyetvoi.com\/muasam\/"},{"@type":"ListItem","position":2,"name":"Shop","item":"https:\/\/suatuyetvoi.com\/muasam\/shop\/"},{"@type":"ListItem","position":3,"name":"S\u1eeeA CHUA \u0102N T\u00c1O \u2013 S\u01a0 RI T\u1ef0 NHI\u00caN TH true YOGURT"}]},{"@type":"WebSite","@id":"https:\/\/suatuyetvoi.com\/muasam\/#website","url":"https:\/\/suatuyetvoi.com\/muasam\/","name":"S\u1eefa Tuy\u1ec7t V\u1eddi","description":"S\u1eefa Tuy\u1ec7t V\u1eddi Vi\u1ec7t Nam","potentialAction":[{"@type":"SearchAction","target":{"@type":"EntryPoint","urlTemplate":"https:\/\/suatuyetvoi.com\/muasam\/?s={search_term_string}"},"query-input":{"@type":"PropertyValueSpecification","valueRequired":true,"valueName":"search_term_string"}}],"inLanguage":"vi"}]}},"_links":{"self":[{"href":"https:\/\/suatuyetvoi.com\/muasam\/wp-json\/wp\/v2\/product\/6444","targetHints":{"allow":["GET"]}}],"collection":[{"href":"https:\/\/suatuyetvoi.com\/muasam\/wp-json\/wp\/v2\/product"}],"about":[{"href":"https:\/\/suatuyetvoi.com\/muasam\/wp-json\/wp\/v2\/types\/product"}],"replies":[{"embeddable":true,"href":"https:\/\/suatuyetvoi.com\/muasam\/wp-json\/wp\/v2\/comments?post=6444"}],"wp:featuredmedia":[{"embeddable":true,"href":"https:\/\/suatuyetvoi.com\/muasam\/wp-json\/wp\/v2\/media\/6445"}],"wp:attachment":[{"href":"https:\/\/suatuyetvoi.com\/muasam\/wp-json\/wp\/v2\/media?parent=6444"}],"wp:term":[{"taxonomy":"product_cat","embeddable":true,"href":"https:\/\/suatuyetvoi.com\/muasam\/wp-json\/wp\/v2\/product_cat?post=6444"},{"taxonomy":"product_tag","embeddable":true,"href":"https:\/\/suatuyetvoi.com\/muasam\/wp-json\/wp\/v2\/product_tag?post=6444"}],"curies":[{"name":"wp","href":"https:\/\/api.w.org\/{rel}","templated":true}]}}