{"id":6422,"date":"2023-03-31T14:26:54","date_gmt":"2023-03-31T07:26:54","guid":{"rendered":"https:\/\/suatuyetvoi.com\/muasam\/?post_type=product&#038;p=6422"},"modified":"2023-03-31T14:39:19","modified_gmt":"2023-03-31T07:39:19","slug":"sua-chua-nestle-ptit-brasse-vi-chuoi-6-hop-x-60g-tren-6-thang","status":"publish","type":"product","link":"https:\/\/suatuyetvoi.com\/muasam\/san-pham\/sua-chua-nestle-ptit-brasse-vi-chuoi-6-hop-x-60g-tren-6-thang\/","title":{"rendered":"S\u1eefa chua Nestl\u00e9 P&#8217;tit Brasse v\u1ecb chu\u1ed1i 6 h\u1ed9p x 60g (Tr\u00ean 6 th\u00e1ng)"},"content":{"rendered":"<p><strong>S\u1eefa chua Nestl\u00e9 P&#8217;tit Brasse<\/strong>\u00a0v\u1ecb chu\u1ed1i mang \u0111\u1ebfn b\u1eefa \u0103n ho\u00e0n h\u1ea3o cho b\u00e9 m\u1edbi b\u1eaft \u0111\u1ea7u giai \u0111o\u1ea1n \u0103n d\u1eb7m, \u0111\u1eb7c bi\u1ec7t l\u00e0 nh\u1eefng b\u00e9 c\u00f3 h\u1ec7 ti\u00eau h\u00f3a k\u00e9m. V\u1edbi l\u01b0\u1ee3ng l\u1edbn ch\u1ea5t b\u00e9o, \u0111\u1ea1m s\u1eefa, vitamin c\u00f9ng c\u00e1c l\u1ee3i khu\u1ea9n kh\u00e1c, s\u1eefa chua\u00a0Nestl\u00e9 kh\u00f4ng ch\u1ec9 b\u1ed5 sung dinh d\u01b0\u1ee1ng cho b\u00e9 \u0103n ngon c\u00f2n h\u1ed7 tr\u1ee3 c\u1ea3i thi\u1ec7n h\u1ec7 ti\u00eau h\u00f3a b\u00e9 kh\u1ecfe m\u1ea1nh.<\/p>\n<p><img loading=\"lazy\" decoding=\"async\" class=\"alignnone size-full wp-image-6423\" src=\"https:\/\/suatuyetvoi.com\/muasam\/wp-content\/uploads\/2023\/03\/sua-chua-nestle-vi-chuoi-1.jpg\" alt=\"\" width=\"593\" height=\"459\" srcset=\"https:\/\/suatuyetvoi.com\/muasam\/wp-content\/uploads\/2023\/03\/sua-chua-nestle-vi-chuoi-1.jpg 593w, https:\/\/suatuyetvoi.com\/muasam\/wp-content\/uploads\/2023\/03\/sua-chua-nestle-vi-chuoi-1-517x400.jpg 517w\" sizes=\"auto, (max-width: 593px) 100vw, 593px\" \/><\/p>\n<h3><strong>Th\u00e0nh ph\u1ea7n s\u1ea3n ph\u1ea9m<\/strong><\/h3>\n<p>S\u1eefa chua Nestl\u00e9 P&#8217;tit Brasse\u00a0v\u1ecb chu\u1ed1i c\u00f3 th\u00e0nh ph\u1ea7n bao g\u1ed3m s\u1eefa 81%, \u0111\u01b0\u1eddng, maltodextrin, chu\u1ed1i xay nhuy\u1ec5n 3,5%, ch\u1ea5t l\u00e0m d\u00e0y tinh b\u1ed9t bi\u1ebfn t\u00ednh 1422, kem, \u0111\u1ea1m s\u1eefa, Clorua Magie, ch\u1ea5t l\u00e0m d\u00e0y pectin, ch\u1ea5t \u0111i\u1ec1u ch\u1ec9nh \u0111\u1ed9 acid, h\u01b0\u01a1ng chu\u1ed1i t\u1ef1 nhi\u00ean v\u00e0 ch\u1ea5t l\u00ean men lactic.<\/p>\n<p>&#8211; S\u1ea3n ph\u1ea9m kh\u00f4ng s\u1eed d\u1ee5ng ch\u1ea5t b\u1ea3o qu\u1ea3n, ch\u1ea5t t\u1ea1o m\u00e0u v\u00e0 h\u01b0\u01a1ng nh\u00e2n t\u1ea1o, m\u1eb9 ho\u00e0n to\u00e0n y\u00ean t\u00e2m khi cho b\u00e9 s\u1eed d\u1ee5ng.<\/p>\n<h3><strong>\u0110\u1eb7c \u0111i\u1ec3m n\u1ed5i b\u1eadt c\u1ee7a s\u1ea3n ph\u1ea9m<\/strong><\/h3>\n<p>&#8211;\u00a0S\u1eefa chua Nestl\u00e9 P&#8217;tit Brasse v\u1ecb chu\u1ed1i \u0111\u01b0\u1ee3c thi\u1ebft k\u1ebf d\u1ef1a tr\u00ean c\u00f4ng th\u1ee9c d\u00e0nh ri\u00eang cho tr\u1ebb t\u1eeb 6 th\u00e1ng tu\u1ed5i, \u0111\u1eb7c bi\u1ec7t l\u00e0 tr\u1ebb trong giai \u0111o\u1ea1n \u0103n d\u1eb7m v\u1edbi h\u01b0\u01a1ng v\u1ecb chu\u1ed1i th\u01a1m ngon v\u00e0 th\u00e0nh ph\u1ea7n gi\u00e0u dinh d\u01b0\u1ee1ng.<\/p>\n<p>&#8211; S\u1eefa chua ch\u1ee9a nhi\u1ec1u ch\u1ea5t b\u00e9o, kem, chu\u1ed1i xay nhuy\u1ec5n, \u0111\u1ea1m s\u1eefa,.. c\u00f9ng m\u1ed9t s\u1ed1 d\u01b0\u1ee1ng ch\u1ea5t kh\u00e1c gi\u00fap b\u1ed5 sung canxi v\u00e0 c\u00e1c vitamin c\u1ea7n thi\u1ebft, h\u1ed7 tr\u1ee3 b\u00e9 t\u0103ng tr\u01b0\u1edfng v\u00e0 ph\u00e1t tri\u1ec3n kh\u1ecfe m\u1ea1nh.<\/p>\n<p>&#8211; \u0110\u1ed1i v\u1edbi tr\u1ebb nh\u1ecf, s\u1eefa chua ng\u0103n ng\u1eeba m\u1ed9t s\u1ed1 b\u1ec7nh v\u1ec1 \u0111\u01b0\u1eddng ru\u1ed9t, b\u1ed5 sung th\u00eam l\u01b0\u1ee3ng axit c\u1ea7n thi\u1ebft cho d\u1ea1 d\u00e0y gi\u00fap cho vi\u1ec7c ti\u00eau h\u00f3a c\u1ee7a b\u00e9 \u0111\u01b0\u1ee3c t\u1ed1t h\u01a1n.<\/p>\n<h3><strong>H\u01b0\u1edbng d\u1eabn s\u1eed d\u1ee5ng s\u1ea3n ph\u1ea9m<\/strong><\/h3>\n<p>&#8211; S\u1eed d\u1ee5ng tr\u1ef1c ti\u1ebfp khi b\u00f3c h\u1ed9p.<\/p>\n<p>&#8211; N\u00ean d\u00f9ng h\u1ebft s\u1ea3n ph\u1ea9m sau khi m\u1edf h\u1ed9p m\u00e0 c\u1ea7n c\u00f3 s\u1ef1 gi\u00e1m s\u00e1t c\u1ee7a ng\u01b0\u1eddi l\u1edbn.<\/p>\n<p>&#8211; Giai \u0111o\u1ea1n t\u1eeb 6 &#8211; 12 th\u00e1ng tu\u1ed5i, m\u1eb9 ch\u1ec9 n\u00ean d\u00f9ng s\u1eefa ch\u01b0a nh\u01b0 th\u1ef1c ph\u1ea9m b\u1ed5 sung v\u00e0o c\u00e1c b\u1eefa \u0103n ph\u1ee5 gi\u00fap h\u1ed7 tr\u1ee3 h\u1ec7 ti\u00eau h\u00f3a c\u1ee7a b\u00e9 ph\u00e1t tri\u1ec3n.<\/p>\n<p>&#8211; Kh\u00f4ng d\u00f9ng s\u1ea3n ph\u1ea9m c\u00f3 bao b\u00ec h\u01b0 h\u1ecfng.<\/p>\n<p>&#8211; Kh\u00f4ng d\u00f9ng v\u1edbi ng\u01b0\u1eddi d\u1ecb \u1ee9ng v\u1edbi b\u1ea5t k\u1ef3 th\u00e0nh ph\u1ea7n n\u00e0o trong s\u1eefa chua.<\/p>\n<p>&#8211; D\u00f9ng \u0111\u01b0\u1ee3c cho m\u1ecdi \u0111\u1ed1i t\u01b0\u1ee3ng, ngo\u1ea1i tr\u1eeb tr\u1ebb em d\u01b0\u1edbi 6 th\u00e1ng tu\u1ed5i.<\/p>\n<h3><strong>H\u01b0\u1edbng d\u1eabn b\u1ea3o qu\u1ea3n<\/strong><\/h3>\n<p>&#8211; B\u1ea3o qu\u1ea3n \u1edf nhi\u1ec7t \u0111\u1ed9 5 &#8211; 25\u00b0C.<\/p>\n","protected":false},"excerpt":{"rendered":"<p>Th\u01b0\u01a1ng hi\u1ec7u: Nestl\u00e9<\/p>\n<p>\u0110\u1ed9 tu\u1ed5i s\u1eed d\u1ee5ng: Tr\u00ean 6 th\u00e1ng<\/p>\n<p>H\u01b0\u01a1ng v\u1ecb: Chu\u1ed1i<\/p>\n","protected":false},"featured_media":6429,"comment_status":"open","ping_status":"closed","template":"","meta":[],"product_cat":[584],"product_tag":[592],"class_list":["post-6422","product","type-product","status-publish","has-post-thumbnail","hentry","product_cat-sua-chua-an","product_tag-nestle","berocket_brand-nestle"],"yoast_head":"<!-- This site is optimized with the Yoast SEO plugin v27.6 - https:\/\/yoast.com\/product\/yoast-seo-wordpress\/ -->\n<title>S\u1eefa chua Nestl\u00e9 P&#039;tit Brasse v\u1ecb chu\u1ed1i 6 h\u1ed9p x 60g (Tr\u00ean 6 th\u00e1ng)<\/title>\n<meta name=\"description\" content=\"S\u1eefa chua Nestl\u00e9 P&#039;tit Brasse\u00a0v\u1ecb chu\u1ed1i mang \u0111\u1ebfn b\u1eefa \u0103n ho\u00e0n h\u1ea3o cho b\u00e9 m\u1edbi b\u1eaft \u0111\u1ea7u giai \u0111o\u1ea1n \u0103n d\u1eb7m, \u0111\u1eb7c bi\u1ec7t l\u00e0 nh\u1eefng b\u00e9 c\u00f3 h\u1ec7 ti\u00eau h\u00f3a k\u00e9m.\" \/>\n<meta name=\"robots\" content=\"index, follow, max-snippet:-1, max-image-preview:large, max-video-preview:-1\" \/>\n<link rel=\"canonical\" href=\"https:\/\/suatuyetvoi.com\/muasam\/san-pham\/sua-chua-nestle-ptit-brasse-vi-chuoi-6-hop-x-60g-tren-6-thang\/\" \/>\n<meta property=\"og:locale\" content=\"vi_VN\" \/>\n<meta property=\"og:type\" content=\"article\" \/>\n<meta property=\"og:title\" content=\"S\u1eefa chua Nestl\u00e9 P&#039;tit Brasse v\u1ecb chu\u1ed1i 6 h\u1ed9p x 60g (Tr\u00ean 6 th\u00e1ng)\" \/>\n<meta property=\"og:description\" content=\"S\u1eefa chua Nestl\u00e9 P&#039;tit Brasse\u00a0v\u1ecb chu\u1ed1i mang \u0111\u1ebfn b\u1eefa \u0103n ho\u00e0n h\u1ea3o cho b\u00e9 m\u1edbi b\u1eaft \u0111\u1ea7u giai \u0111o\u1ea1n \u0103n d\u1eb7m, \u0111\u1eb7c bi\u1ec7t l\u00e0 nh\u1eefng b\u00e9 c\u00f3 h\u1ec7 ti\u00eau h\u00f3a k\u00e9m.\" \/>\n<meta property=\"og:url\" content=\"https:\/\/suatuyetvoi.com\/muasam\/san-pham\/sua-chua-nestle-ptit-brasse-vi-chuoi-6-hop-x-60g-tren-6-thang\/\" \/>\n<meta property=\"og:site_name\" content=\"S\u1eefa Tuy\u1ec7t V\u1eddi\" \/>\n<meta property=\"article:modified_time\" content=\"2023-03-31T07:39:19+00:00\" \/>\n<meta property=\"og:image\" content=\"https:\/\/suatuyetvoi.com\/muasam\/wp-content\/uploads\/2023\/03\/sua-chua-nguoi-nestle-p-tit-brasse-vi-chuoi-loc-6x60g-2-Edited.png\" \/>\n\t<meta property=\"og:image:width\" content=\"424\" \/>\n\t<meta property=\"og:image:height\" content=\"424\" \/>\n\t<meta property=\"og:image:type\" content=\"image\/png\" \/>\n<meta name=\"twitter:card\" content=\"summary_large_image\" \/>\n<meta name=\"twitter:title\" content=\"S\u1eefa chua Nestl\u00e9 P&#039;tit Brasse v\u1ecb chu\u1ed1i 6 h\u1ed9p x 60g (Tr\u00ean 6 th\u00e1ng)\" \/>\n<meta name=\"twitter:description\" content=\"S\u1eefa chua Nestl\u00e9 P&#039;tit Brasse\u00a0v\u1ecb chu\u1ed1i mang \u0111\u1ebfn b\u1eefa \u0103n ho\u00e0n h\u1ea3o cho b\u00e9 m\u1edbi b\u1eaft \u0111\u1ea7u giai \u0111o\u1ea1n \u0103n d\u1eb7m, \u0111\u1eb7c bi\u1ec7t l\u00e0 nh\u1eefng b\u00e9 c\u00f3 h\u1ec7 ti\u00eau h\u00f3a k\u00e9m.\" \/>\n<meta name=\"twitter:label1\" content=\"\u01af\u1edbc t\u00ednh th\u1eddi gian \u0111\u1ecdc\" \/>\n\t<meta name=\"twitter:data1\" content=\"3 ph\u00fat\" \/>\n<script type=\"application\/ld+json\" class=\"yoast-schema-graph\">{\"@context\":\"https:\\\/\\\/schema.org\",\"@graph\":[{\"@type\":\"WebPage\",\"@id\":\"https:\\\/\\\/suatuyetvoi.com\\\/muasam\\\/san-pham\\\/sua-chua-nestle-ptit-brasse-vi-chuoi-6-hop-x-60g-tren-6-thang\\\/\",\"url\":\"https:\\\/\\\/suatuyetvoi.com\\\/muasam\\\/san-pham\\\/sua-chua-nestle-ptit-brasse-vi-chuoi-6-hop-x-60g-tren-6-thang\\\/\",\"name\":\"S\u1eefa chua Nestl\u00e9 P'tit Brasse v\u1ecb chu\u1ed1i 6 h\u1ed9p x 60g (Tr\u00ean 6 th\u00e1ng)\",\"isPartOf\":{\"@id\":\"https:\\\/\\\/suatuyetvoi.com\\\/muasam\\\/#website\"},\"primaryImageOfPage\":{\"@id\":\"https:\\\/\\\/suatuyetvoi.com\\\/muasam\\\/san-pham\\\/sua-chua-nestle-ptit-brasse-vi-chuoi-6-hop-x-60g-tren-6-thang\\\/#primaryimage\"},\"image\":{\"@id\":\"https:\\\/\\\/suatuyetvoi.com\\\/muasam\\\/san-pham\\\/sua-chua-nestle-ptit-brasse-vi-chuoi-6-hop-x-60g-tren-6-thang\\\/#primaryimage\"},\"thumbnailUrl\":\"https:\\\/\\\/suatuyetvoi.com\\\/muasam\\\/wp-content\\\/uploads\\\/2023\\\/03\\\/sua-chua-nguoi-nestle-p-tit-brasse-vi-chuoi-loc-6x60g-2-Edited.png\",\"datePublished\":\"2023-03-31T07:26:54+00:00\",\"dateModified\":\"2023-03-31T07:39:19+00:00\",\"description\":\"S\u1eefa chua Nestl\u00e9 P'tit Brasse\u00a0v\u1ecb chu\u1ed1i mang \u0111\u1ebfn b\u1eefa \u0103n ho\u00e0n h\u1ea3o cho b\u00e9 m\u1edbi b\u1eaft \u0111\u1ea7u giai \u0111o\u1ea1n \u0103n d\u1eb7m, \u0111\u1eb7c bi\u1ec7t l\u00e0 nh\u1eefng b\u00e9 c\u00f3 h\u1ec7 ti\u00eau h\u00f3a k\u00e9m.\",\"breadcrumb\":{\"@id\":\"https:\\\/\\\/suatuyetvoi.com\\\/muasam\\\/san-pham\\\/sua-chua-nestle-ptit-brasse-vi-chuoi-6-hop-x-60g-tren-6-thang\\\/#breadcrumb\"},\"inLanguage\":\"vi\",\"potentialAction\":[{\"@type\":\"ReadAction\",\"target\":[\"https:\\\/\\\/suatuyetvoi.com\\\/muasam\\\/san-pham\\\/sua-chua-nestle-ptit-brasse-vi-chuoi-6-hop-x-60g-tren-6-thang\\\/\"]}]},{\"@type\":\"ImageObject\",\"inLanguage\":\"vi\",\"@id\":\"https:\\\/\\\/suatuyetvoi.com\\\/muasam\\\/san-pham\\\/sua-chua-nestle-ptit-brasse-vi-chuoi-6-hop-x-60g-tren-6-thang\\\/#primaryimage\",\"url\":\"https:\\\/\\\/suatuyetvoi.com\\\/muasam\\\/wp-content\\\/uploads\\\/2023\\\/03\\\/sua-chua-nguoi-nestle-p-tit-brasse-vi-chuoi-loc-6x60g-2-Edited.png\",\"contentUrl\":\"https:\\\/\\\/suatuyetvoi.com\\\/muasam\\\/wp-content\\\/uploads\\\/2023\\\/03\\\/sua-chua-nguoi-nestle-p-tit-brasse-vi-chuoi-loc-6x60g-2-Edited.png\",\"width\":424,\"height\":424},{\"@type\":\"BreadcrumbList\",\"@id\":\"https:\\\/\\\/suatuyetvoi.com\\\/muasam\\\/san-pham\\\/sua-chua-nestle-ptit-brasse-vi-chuoi-6-hop-x-60g-tren-6-thang\\\/#breadcrumb\",\"itemListElement\":[{\"@type\":\"ListItem\",\"position\":1,\"name\":\"Home\",\"item\":\"https:\\\/\\\/suatuyetvoi.com\\\/muasam\\\/\"},{\"@type\":\"ListItem\",\"position\":2,\"name\":\"Shop\",\"item\":\"https:\\\/\\\/suatuyetvoi.com\\\/muasam\\\/shop\\\/\"},{\"@type\":\"ListItem\",\"position\":3,\"name\":\"S\u1eefa chua Nestl\u00e9 P&#8217;tit Brasse v\u1ecb chu\u1ed1i 6 h\u1ed9p x 60g (Tr\u00ean 6 th\u00e1ng)\"}]},{\"@type\":\"WebSite\",\"@id\":\"https:\\\/\\\/suatuyetvoi.com\\\/muasam\\\/#website\",\"url\":\"https:\\\/\\\/suatuyetvoi.com\\\/muasam\\\/\",\"name\":\"S\u1eefa Tuy\u1ec7t V\u1eddi\",\"description\":\"S\u1eefa Tuy\u1ec7t V\u1eddi Vi\u1ec7t Nam\",\"potentialAction\":[{\"@type\":\"SearchAction\",\"target\":{\"@type\":\"EntryPoint\",\"urlTemplate\":\"https:\\\/\\\/suatuyetvoi.com\\\/muasam\\\/?s={search_term_string}\"},\"query-input\":{\"@type\":\"PropertyValueSpecification\",\"valueRequired\":true,\"valueName\":\"search_term_string\"}}],\"inLanguage\":\"vi\"}]}<\/script>\n<!-- \/ Yoast SEO plugin. -->","yoast_head_json":{"title":"S\u1eefa chua Nestl\u00e9 P'tit Brasse v\u1ecb chu\u1ed1i 6 h\u1ed9p x 60g (Tr\u00ean 6 th\u00e1ng)","description":"S\u1eefa chua Nestl\u00e9 P'tit Brasse\u00a0v\u1ecb chu\u1ed1i mang \u0111\u1ebfn b\u1eefa \u0103n ho\u00e0n h\u1ea3o cho b\u00e9 m\u1edbi b\u1eaft \u0111\u1ea7u giai \u0111o\u1ea1n \u0103n d\u1eb7m, \u0111\u1eb7c bi\u1ec7t l\u00e0 nh\u1eefng b\u00e9 c\u00f3 h\u1ec7 ti\u00eau h\u00f3a k\u00e9m.","robots":{"index":"index","follow":"follow","max-snippet":"max-snippet:-1","max-image-preview":"max-image-preview:large","max-video-preview":"max-video-preview:-1"},"canonical":"https:\/\/suatuyetvoi.com\/muasam\/san-pham\/sua-chua-nestle-ptit-brasse-vi-chuoi-6-hop-x-60g-tren-6-thang\/","og_locale":"vi_VN","og_type":"article","og_title":"S\u1eefa chua Nestl\u00e9 P'tit Brasse v\u1ecb chu\u1ed1i 6 h\u1ed9p x 60g (Tr\u00ean 6 th\u00e1ng)","og_description":"S\u1eefa chua Nestl\u00e9 P'tit Brasse\u00a0v\u1ecb chu\u1ed1i mang \u0111\u1ebfn b\u1eefa \u0103n ho\u00e0n h\u1ea3o cho b\u00e9 m\u1edbi b\u1eaft \u0111\u1ea7u giai \u0111o\u1ea1n \u0103n d\u1eb7m, \u0111\u1eb7c bi\u1ec7t l\u00e0 nh\u1eefng b\u00e9 c\u00f3 h\u1ec7 ti\u00eau h\u00f3a k\u00e9m.","og_url":"https:\/\/suatuyetvoi.com\/muasam\/san-pham\/sua-chua-nestle-ptit-brasse-vi-chuoi-6-hop-x-60g-tren-6-thang\/","og_site_name":"S\u1eefa Tuy\u1ec7t V\u1eddi","article_modified_time":"2023-03-31T07:39:19+00:00","og_image":[{"width":424,"height":424,"url":"https:\/\/suatuyetvoi.com\/muasam\/wp-content\/uploads\/2023\/03\/sua-chua-nguoi-nestle-p-tit-brasse-vi-chuoi-loc-6x60g-2-Edited.png","type":"image\/png"}],"twitter_card":"summary_large_image","twitter_title":"S\u1eefa chua Nestl\u00e9 P'tit Brasse v\u1ecb chu\u1ed1i 6 h\u1ed9p x 60g (Tr\u00ean 6 th\u00e1ng)","twitter_description":"S\u1eefa chua Nestl\u00e9 P'tit Brasse\u00a0v\u1ecb chu\u1ed1i mang \u0111\u1ebfn b\u1eefa \u0103n ho\u00e0n h\u1ea3o cho b\u00e9 m\u1edbi b\u1eaft \u0111\u1ea7u giai \u0111o\u1ea1n \u0103n d\u1eb7m, \u0111\u1eb7c bi\u1ec7t l\u00e0 nh\u1eefng b\u00e9 c\u00f3 h\u1ec7 ti\u00eau h\u00f3a k\u00e9m.","twitter_misc":{"\u01af\u1edbc t\u00ednh th\u1eddi gian \u0111\u1ecdc":"3 ph\u00fat"},"schema":{"@context":"https:\/\/schema.org","@graph":[{"@type":"WebPage","@id":"https:\/\/suatuyetvoi.com\/muasam\/san-pham\/sua-chua-nestle-ptit-brasse-vi-chuoi-6-hop-x-60g-tren-6-thang\/","url":"https:\/\/suatuyetvoi.com\/muasam\/san-pham\/sua-chua-nestle-ptit-brasse-vi-chuoi-6-hop-x-60g-tren-6-thang\/","name":"S\u1eefa chua Nestl\u00e9 P'tit Brasse v\u1ecb chu\u1ed1i 6 h\u1ed9p x 60g (Tr\u00ean 6 th\u00e1ng)","isPartOf":{"@id":"https:\/\/suatuyetvoi.com\/muasam\/#website"},"primaryImageOfPage":{"@id":"https:\/\/suatuyetvoi.com\/muasam\/san-pham\/sua-chua-nestle-ptit-brasse-vi-chuoi-6-hop-x-60g-tren-6-thang\/#primaryimage"},"image":{"@id":"https:\/\/suatuyetvoi.com\/muasam\/san-pham\/sua-chua-nestle-ptit-brasse-vi-chuoi-6-hop-x-60g-tren-6-thang\/#primaryimage"},"thumbnailUrl":"https:\/\/suatuyetvoi.com\/muasam\/wp-content\/uploads\/2023\/03\/sua-chua-nguoi-nestle-p-tit-brasse-vi-chuoi-loc-6x60g-2-Edited.png","datePublished":"2023-03-31T07:26:54+00:00","dateModified":"2023-03-31T07:39:19+00:00","description":"S\u1eefa chua Nestl\u00e9 P'tit Brasse\u00a0v\u1ecb chu\u1ed1i mang \u0111\u1ebfn b\u1eefa \u0103n ho\u00e0n h\u1ea3o cho b\u00e9 m\u1edbi b\u1eaft \u0111\u1ea7u giai \u0111o\u1ea1n \u0103n d\u1eb7m, \u0111\u1eb7c bi\u1ec7t l\u00e0 nh\u1eefng b\u00e9 c\u00f3 h\u1ec7 ti\u00eau h\u00f3a k\u00e9m.","breadcrumb":{"@id":"https:\/\/suatuyetvoi.com\/muasam\/san-pham\/sua-chua-nestle-ptit-brasse-vi-chuoi-6-hop-x-60g-tren-6-thang\/#breadcrumb"},"inLanguage":"vi","potentialAction":[{"@type":"ReadAction","target":["https:\/\/suatuyetvoi.com\/muasam\/san-pham\/sua-chua-nestle-ptit-brasse-vi-chuoi-6-hop-x-60g-tren-6-thang\/"]}]},{"@type":"ImageObject","inLanguage":"vi","@id":"https:\/\/suatuyetvoi.com\/muasam\/san-pham\/sua-chua-nestle-ptit-brasse-vi-chuoi-6-hop-x-60g-tren-6-thang\/#primaryimage","url":"https:\/\/suatuyetvoi.com\/muasam\/wp-content\/uploads\/2023\/03\/sua-chua-nguoi-nestle-p-tit-brasse-vi-chuoi-loc-6x60g-2-Edited.png","contentUrl":"https:\/\/suatuyetvoi.com\/muasam\/wp-content\/uploads\/2023\/03\/sua-chua-nguoi-nestle-p-tit-brasse-vi-chuoi-loc-6x60g-2-Edited.png","width":424,"height":424},{"@type":"BreadcrumbList","@id":"https:\/\/suatuyetvoi.com\/muasam\/san-pham\/sua-chua-nestle-ptit-brasse-vi-chuoi-6-hop-x-60g-tren-6-thang\/#breadcrumb","itemListElement":[{"@type":"ListItem","position":1,"name":"Home","item":"https:\/\/suatuyetvoi.com\/muasam\/"},{"@type":"ListItem","position":2,"name":"Shop","item":"https:\/\/suatuyetvoi.com\/muasam\/shop\/"},{"@type":"ListItem","position":3,"name":"S\u1eefa chua Nestl\u00e9 P&#8217;tit Brasse v\u1ecb chu\u1ed1i 6 h\u1ed9p x 60g (Tr\u00ean 6 th\u00e1ng)"}]},{"@type":"WebSite","@id":"https:\/\/suatuyetvoi.com\/muasam\/#website","url":"https:\/\/suatuyetvoi.com\/muasam\/","name":"S\u1eefa Tuy\u1ec7t V\u1eddi","description":"S\u1eefa Tuy\u1ec7t V\u1eddi Vi\u1ec7t Nam","potentialAction":[{"@type":"SearchAction","target":{"@type":"EntryPoint","urlTemplate":"https:\/\/suatuyetvoi.com\/muasam\/?s={search_term_string}"},"query-input":{"@type":"PropertyValueSpecification","valueRequired":true,"valueName":"search_term_string"}}],"inLanguage":"vi"}]}},"_links":{"self":[{"href":"https:\/\/suatuyetvoi.com\/muasam\/wp-json\/wp\/v2\/product\/6422","targetHints":{"allow":["GET"]}}],"collection":[{"href":"https:\/\/suatuyetvoi.com\/muasam\/wp-json\/wp\/v2\/product"}],"about":[{"href":"https:\/\/suatuyetvoi.com\/muasam\/wp-json\/wp\/v2\/types\/product"}],"replies":[{"embeddable":true,"href":"https:\/\/suatuyetvoi.com\/muasam\/wp-json\/wp\/v2\/comments?post=6422"}],"wp:featuredmedia":[{"embeddable":true,"href":"https:\/\/suatuyetvoi.com\/muasam\/wp-json\/wp\/v2\/media\/6429"}],"wp:attachment":[{"href":"https:\/\/suatuyetvoi.com\/muasam\/wp-json\/wp\/v2\/media?parent=6422"}],"wp:term":[{"taxonomy":"product_cat","embeddable":true,"href":"https:\/\/suatuyetvoi.com\/muasam\/wp-json\/wp\/v2\/product_cat?post=6422"},{"taxonomy":"product_tag","embeddable":true,"href":"https:\/\/suatuyetvoi.com\/muasam\/wp-json\/wp\/v2\/product_tag?post=6422"}],"curies":[{"name":"wp","href":"https:\/\/api.w.org\/{rel}","templated":true}]}}