{"id":6404,"date":"2023-03-30T19:59:32","date_gmt":"2023-03-30T12:59:32","guid":{"rendered":"https:\/\/suatuyetvoi.com\/muasam\/?post_type=product&#038;p=6404"},"modified":"2023-03-30T20:01:45","modified_gmt":"2023-03-30T13:01:45","slug":"sua-tuoi-sach-thanh-trung-th-true-milk-it-duong-450ml-sao-chep","status":"publish","type":"product","link":"https:\/\/suatuyetvoi.com\/muasam\/san-pham\/sua-tuoi-sach-thanh-trung-th-true-milk-it-duong-450ml-sao-chep\/","title":{"rendered":"S\u1eefa T\u01b0\u01a1i S\u1ea1ch Thanh Tr\u00f9ng TH true MILK \u00cdt \u0110\u01b0\u1eddng 450ml"},"content":{"rendered":"<h3>Th\u00f4ng tin chi ti\u1ebft<\/h3>\n<div class=\"addclassfont16\">\n<ul>\n<li>Quy c\u00e1ch \u0111\u00f3ng g\u00f3i: h\u1ed9p gi\u1ea5y<\/li>\n<li>Dung t\u00edch: 450 ml<\/li>\n<\/ul>\n<div class=\"p-item1__content1\">\n<div class=\"row\">\n<div class=\"p-item1__box2 col-md-7 col-lg-8\">\n<article class=\"box1\">S\u1eefa T\u01b0\u01a1i Thanh Tr\u00f9ng TH true MILK m\u1edbi \u0111\u01b0\u1ee3c l\u00e0m ho\u00e0n to\u00e0n s\u1eefa t\u01b0\u01a1i s\u1ea1ch nguy\u00ean ch\u1ea5t c\u1ee7a trang tr\u1ea1i TH, gi\u1eef tr\u1ecdn nh\u1eefng d\u01b0\u1ee1ng ch\u1ea5t v\u00e0 h\u01b0\u01a1ng v\u1ecb t\u1ef1 nhi\u00ean trong t\u1eebng s\u1ea3n ph\u1ea9m.Ngu\u1ed3n s\u1eefa t\u01b0\u01a1i s\u1ea1ch duy nh\u1ea5t cho ch\u1ea5t l\u01b0\u1ee3ng \u0111\u1ed3ng nh\u1ea5t.C\u00f4ng ngh\u1ec7 thanh tr\u00f9ng hi\u1ec7n \u0111\u1ea1i l\u01b0u gi\u1eef t\u1ed1i \u0111a gi\u00e1 tr\u1ecb dinh d\u01b0\u1ee1ng t\u1ef1 nhi\u00ean.<\/p>\n<h3>H\u01b0\u1edbng d\u1eabn b\u1ea3o qu\u1ea3n v\u00e0 s\u1eed d\u1ee5ng:<\/h3>\n<p>Lu\u00f4n v\u1eadn chuy\u1ec3n v\u00e0 b\u1ea3o qu\u1ea3n nghi\u00eam ng\u1eb7t \u1edf 2 \u2013 6\u00baC trong su\u1ed1t th\u1eddi h\u1ea1n s\u1eed d\u1ee5ng.<br \/>\nS\u1eed d\u1ee5ng ngay sau khi m\u1edf n\u1eafp.<br \/>\nNg\u00e0y s\u1ea3n xu\u1ea5t v\u00e0 h\u1ea1n s\u1eed d\u1ee5ng: Xem tr\u00ean bao b\u00ec<\/p>\n<h3>Th\u00e0nh ph\u1ea7n dinh d\u01b0\u1ee1ng trung tr\u00ecnh trong 100 ml:<\/h3>\n<table width=\"209\">\n<tbody>\n<tr>\n<td width=\"125\">N\u0103ng l\u01b0\u1ee3ng:<\/td>\n<td width=\"84\">73 kcal<\/td>\n<\/tr>\n<tr>\n<td>Ch\u1ea5t b\u00e9o:<\/td>\n<td>3,4 g<\/td>\n<\/tr>\n<tr>\n<td>Ch\u1ea5t \u0111\u1ea1m:<\/td>\n<td>3,1 g<\/td>\n<\/tr>\n<tr>\n<td>Hydrat cacbon:<\/td>\n<td>7,5 g<\/td>\n<\/tr>\n<tr>\n<td>Canxi:<\/td>\n<td>104 mg<\/td>\n<\/tr>\n<\/tbody>\n<\/table>\n<p>C\u00e1c vitamin v\u00e0 kho\u00e1ng ch\u1ea5t c\u00f3 s\u1eb5n trong s\u1eefa t\u01b0\u01a1i<\/p>\n<\/article>\n<\/div>\n<\/div>\n<\/div>\n<\/div>\n","protected":false},"excerpt":{"rendered":"<p>H\u1ec7 d\u01b0\u1ee1ng ch\u1ea5t IQ Plus ph\u00e1t tri\u1ec3n n\u00e3o b\u1ed9<br \/>\nT\u0103ng c\u01b0\u1eddng \u0111\u1ec1 kh\u00e1ng v\u00e0 ti\u00eau h\u00f3a kh\u1ecfe m\u1ea1nh<br \/>\nGi\u00fap h\u1ea5p thu Canxi t\u1ed1t<\/p>\n","protected":false},"featured_media":6406,"comment_status":"open","ping_status":"closed","template":"","meta":[],"product_cat":[513],"product_tag":[574,575,566],"class_list":["post-6404","product","type-product","status-publish","has-post-thumbnail","hentry","product_cat-sua-tuoi","product_tag-ho-tro-tang-suc-de-khang","product_tag-tang-cuong-de-khang","product_tag-tang-cuong-suc-de-khang","berocket_brand-th-true-milk"],"yoast_head":"<!-- This site is optimized with the Yoast SEO plugin v27.6 - https:\/\/yoast.com\/product\/yoast-seo-wordpress\/ -->\n<title>S\u1eefa T\u01b0\u01a1i S\u1ea1ch Thanh Tr\u00f9ng TH true MILK \u00cdt \u0110\u01b0\u1eddng 450ml - \u0110ang Khuy\u1ebfn m\u00e3i<\/title>\n<meta name=\"description\" content=\"S\u1eefa T\u01b0\u01a1i Thanh Tr\u00f9ng TH true MILK m\u1edbi \u0111\u01b0\u1ee3c l\u00e0m ho\u00e0n to\u00e0n s\u1eefa t\u01b0\u01a1i s\u1ea1ch nguy\u00ean ch\u1ea5t c\u1ee7a trang tr\u1ea1i TH, gi\u1eef tr\u1ecdn nh\u1eefng d\u01b0\u1ee1ng ch\u1ea5t v\u00e0 h\u01b0\u01a1ng v\u1ecb t\u1ef1 nhi\u00ean trong t\u1eebng s\u1ea3n ph\u1ea9m.\" \/>\n<meta name=\"robots\" content=\"index, follow, max-snippet:-1, max-image-preview:large, max-video-preview:-1\" \/>\n<link rel=\"canonical\" href=\"https:\/\/suatuyetvoi.com\/muasam\/san-pham\/sua-tuoi-sach-thanh-trung-th-true-milk-it-duong-450ml-sao-chep\/\" \/>\n<meta property=\"og:locale\" content=\"vi_VN\" \/>\n<meta property=\"og:type\" content=\"article\" \/>\n<meta property=\"og:title\" content=\"S\u1eefa T\u01b0\u01a1i S\u1ea1ch Thanh Tr\u00f9ng TH true MILK Nguy\u00ean Ch\u1ea5t 450ml - \u0110ang Khuy\u1ebfn m\u00e3i\" \/>\n<meta property=\"og:description\" content=\"S\u1eefa T\u01b0\u01a1i Thanh Tr\u00f9ng TH true MILK m\u1edbi \u0111\u01b0\u1ee3c l\u00e0m ho\u00e0n to\u00e0n s\u1eefa t\u01b0\u01a1i s\u1ea1ch nguy\u00ean ch\u1ea5t c\u1ee7a trang tr\u1ea1i TH, gi\u1eef tr\u1ecdn nh\u1eefng d\u01b0\u1ee1ng ch\u1ea5t v\u00e0 h\u01b0\u01a1ng v\u1ecb t\u1ef1 nhi\u00ean trong t\u1eebng s\u1ea3n ph\u1ea9m.\" \/>\n<meta property=\"og:url\" content=\"https:\/\/suatuyetvoi.com\/muasam\/san-pham\/sua-tuoi-sach-thanh-trung-th-true-milk-it-duong-450ml-sao-chep\/\" \/>\n<meta property=\"og:site_name\" content=\"S\u1eefa Tuy\u1ec7t V\u1eddi\" \/>\n<meta property=\"article:modified_time\" content=\"2023-03-30T13:01:45+00:00\" \/>\n<meta property=\"og:image\" content=\"https:\/\/suatuyetvoi.com\/muasam\/wp-content\/uploads\/2023\/03\/Thanh-trung-450-ID-800x800-2.png\" \/>\n\t<meta property=\"og:image:width\" content=\"800\" \/>\n\t<meta property=\"og:image:height\" content=\"800\" \/>\n\t<meta property=\"og:image:type\" content=\"image\/png\" \/>\n<meta name=\"twitter:card\" content=\"summary_large_image\" \/>\n<meta name=\"twitter:title\" content=\"S\u1eefa T\u01b0\u01a1i S\u1ea1ch Thanh Tr\u00f9ng TH true MILK Nguy\u00ean Ch\u1ea5t 450ml - \u0110ang Khuy\u1ebfn m\u00e3i\" \/>\n<meta name=\"twitter:description\" content=\"S\u1eefa T\u01b0\u01a1i Thanh Tr\u00f9ng TH true MILK m\u1edbi \u0111\u01b0\u1ee3c l\u00e0m ho\u00e0n to\u00e0n s\u1eefa t\u01b0\u01a1i s\u1ea1ch nguy\u00ean ch\u1ea5t c\u1ee7a trang tr\u1ea1i TH, gi\u1eef tr\u1ecdn nh\u1eefng d\u01b0\u1ee1ng ch\u1ea5t v\u00e0 h\u01b0\u01a1ng v\u1ecb t\u1ef1 nhi\u00ean trong t\u1eebng s\u1ea3n ph\u1ea9m.\" \/>\n<meta name=\"twitter:label1\" content=\"\u01af\u1edbc t\u00ednh th\u1eddi gian \u0111\u1ecdc\" \/>\n\t<meta name=\"twitter:data1\" content=\"1 ph\u00fat\" \/>\n<script type=\"application\/ld+json\" class=\"yoast-schema-graph\">{\"@context\":\"https:\\\/\\\/schema.org\",\"@graph\":[{\"@type\":\"WebPage\",\"@id\":\"https:\\\/\\\/suatuyetvoi.com\\\/muasam\\\/san-pham\\\/sua-tuoi-sach-thanh-trung-th-true-milk-it-duong-450ml-sao-chep\\\/\",\"url\":\"https:\\\/\\\/suatuyetvoi.com\\\/muasam\\\/san-pham\\\/sua-tuoi-sach-thanh-trung-th-true-milk-it-duong-450ml-sao-chep\\\/\",\"name\":\"S\u1eefa T\u01b0\u01a1i S\u1ea1ch Thanh Tr\u00f9ng TH true MILK \u00cdt \u0110\u01b0\u1eddng 450ml - \u0110ang Khuy\u1ebfn m\u00e3i\",\"isPartOf\":{\"@id\":\"https:\\\/\\\/suatuyetvoi.com\\\/muasam\\\/#website\"},\"primaryImageOfPage\":{\"@id\":\"https:\\\/\\\/suatuyetvoi.com\\\/muasam\\\/san-pham\\\/sua-tuoi-sach-thanh-trung-th-true-milk-it-duong-450ml-sao-chep\\\/#primaryimage\"},\"image\":{\"@id\":\"https:\\\/\\\/suatuyetvoi.com\\\/muasam\\\/san-pham\\\/sua-tuoi-sach-thanh-trung-th-true-milk-it-duong-450ml-sao-chep\\\/#primaryimage\"},\"thumbnailUrl\":\"https:\\\/\\\/suatuyetvoi.com\\\/muasam\\\/wp-content\\\/uploads\\\/2023\\\/03\\\/Thanh-trung-450-ID-800x800-2.png\",\"datePublished\":\"2023-03-30T12:59:32+00:00\",\"dateModified\":\"2023-03-30T13:01:45+00:00\",\"description\":\"S\u1eefa T\u01b0\u01a1i Thanh Tr\u00f9ng TH true MILK m\u1edbi \u0111\u01b0\u1ee3c l\u00e0m ho\u00e0n to\u00e0n s\u1eefa t\u01b0\u01a1i s\u1ea1ch nguy\u00ean ch\u1ea5t c\u1ee7a trang tr\u1ea1i TH, gi\u1eef tr\u1ecdn nh\u1eefng d\u01b0\u1ee1ng ch\u1ea5t v\u00e0 h\u01b0\u01a1ng v\u1ecb t\u1ef1 nhi\u00ean trong t\u1eebng s\u1ea3n ph\u1ea9m.\",\"breadcrumb\":{\"@id\":\"https:\\\/\\\/suatuyetvoi.com\\\/muasam\\\/san-pham\\\/sua-tuoi-sach-thanh-trung-th-true-milk-it-duong-450ml-sao-chep\\\/#breadcrumb\"},\"inLanguage\":\"vi\",\"potentialAction\":[{\"@type\":\"ReadAction\",\"target\":[\"https:\\\/\\\/suatuyetvoi.com\\\/muasam\\\/san-pham\\\/sua-tuoi-sach-thanh-trung-th-true-milk-it-duong-450ml-sao-chep\\\/\"]}]},{\"@type\":\"ImageObject\",\"inLanguage\":\"vi\",\"@id\":\"https:\\\/\\\/suatuyetvoi.com\\\/muasam\\\/san-pham\\\/sua-tuoi-sach-thanh-trung-th-true-milk-it-duong-450ml-sao-chep\\\/#primaryimage\",\"url\":\"https:\\\/\\\/suatuyetvoi.com\\\/muasam\\\/wp-content\\\/uploads\\\/2023\\\/03\\\/Thanh-trung-450-ID-800x800-2.png\",\"contentUrl\":\"https:\\\/\\\/suatuyetvoi.com\\\/muasam\\\/wp-content\\\/uploads\\\/2023\\\/03\\\/Thanh-trung-450-ID-800x800-2.png\",\"width\":800,\"height\":800},{\"@type\":\"BreadcrumbList\",\"@id\":\"https:\\\/\\\/suatuyetvoi.com\\\/muasam\\\/san-pham\\\/sua-tuoi-sach-thanh-trung-th-true-milk-it-duong-450ml-sao-chep\\\/#breadcrumb\",\"itemListElement\":[{\"@type\":\"ListItem\",\"position\":1,\"name\":\"Home\",\"item\":\"https:\\\/\\\/suatuyetvoi.com\\\/muasam\\\/\"},{\"@type\":\"ListItem\",\"position\":2,\"name\":\"Shop\",\"item\":\"https:\\\/\\\/suatuyetvoi.com\\\/muasam\\\/shop\\\/\"},{\"@type\":\"ListItem\",\"position\":3,\"name\":\"S\u1eefa T\u01b0\u01a1i S\u1ea1ch Thanh Tr\u00f9ng TH true MILK \u00cdt \u0110\u01b0\u1eddng 450ml\"}]},{\"@type\":\"WebSite\",\"@id\":\"https:\\\/\\\/suatuyetvoi.com\\\/muasam\\\/#website\",\"url\":\"https:\\\/\\\/suatuyetvoi.com\\\/muasam\\\/\",\"name\":\"S\u1eefa Tuy\u1ec7t V\u1eddi\",\"description\":\"S\u1eefa Tuy\u1ec7t V\u1eddi Vi\u1ec7t Nam\",\"potentialAction\":[{\"@type\":\"SearchAction\",\"target\":{\"@type\":\"EntryPoint\",\"urlTemplate\":\"https:\\\/\\\/suatuyetvoi.com\\\/muasam\\\/?s={search_term_string}\"},\"query-input\":{\"@type\":\"PropertyValueSpecification\",\"valueRequired\":true,\"valueName\":\"search_term_string\"}}],\"inLanguage\":\"vi\"}]}<\/script>\n<!-- \/ Yoast SEO plugin. -->","yoast_head_json":{"title":"S\u1eefa T\u01b0\u01a1i S\u1ea1ch Thanh Tr\u00f9ng TH true MILK \u00cdt \u0110\u01b0\u1eddng 450ml - \u0110ang Khuy\u1ebfn m\u00e3i","description":"S\u1eefa T\u01b0\u01a1i Thanh Tr\u00f9ng TH true MILK m\u1edbi \u0111\u01b0\u1ee3c l\u00e0m ho\u00e0n to\u00e0n s\u1eefa t\u01b0\u01a1i s\u1ea1ch nguy\u00ean ch\u1ea5t c\u1ee7a trang tr\u1ea1i TH, gi\u1eef tr\u1ecdn nh\u1eefng d\u01b0\u1ee1ng ch\u1ea5t v\u00e0 h\u01b0\u01a1ng v\u1ecb t\u1ef1 nhi\u00ean trong t\u1eebng s\u1ea3n ph\u1ea9m.","robots":{"index":"index","follow":"follow","max-snippet":"max-snippet:-1","max-image-preview":"max-image-preview:large","max-video-preview":"max-video-preview:-1"},"canonical":"https:\/\/suatuyetvoi.com\/muasam\/san-pham\/sua-tuoi-sach-thanh-trung-th-true-milk-it-duong-450ml-sao-chep\/","og_locale":"vi_VN","og_type":"article","og_title":"S\u1eefa T\u01b0\u01a1i S\u1ea1ch Thanh Tr\u00f9ng TH true MILK Nguy\u00ean Ch\u1ea5t 450ml - \u0110ang Khuy\u1ebfn m\u00e3i","og_description":"S\u1eefa T\u01b0\u01a1i Thanh Tr\u00f9ng TH true MILK m\u1edbi \u0111\u01b0\u1ee3c l\u00e0m ho\u00e0n to\u00e0n s\u1eefa t\u01b0\u01a1i s\u1ea1ch nguy\u00ean ch\u1ea5t c\u1ee7a trang tr\u1ea1i TH, gi\u1eef tr\u1ecdn nh\u1eefng d\u01b0\u1ee1ng ch\u1ea5t v\u00e0 h\u01b0\u01a1ng v\u1ecb t\u1ef1 nhi\u00ean trong t\u1eebng s\u1ea3n ph\u1ea9m.","og_url":"https:\/\/suatuyetvoi.com\/muasam\/san-pham\/sua-tuoi-sach-thanh-trung-th-true-milk-it-duong-450ml-sao-chep\/","og_site_name":"S\u1eefa Tuy\u1ec7t V\u1eddi","article_modified_time":"2023-03-30T13:01:45+00:00","og_image":[{"width":800,"height":800,"url":"https:\/\/suatuyetvoi.com\/muasam\/wp-content\/uploads\/2023\/03\/Thanh-trung-450-ID-800x800-2.png","type":"image\/png"}],"twitter_card":"summary_large_image","twitter_title":"S\u1eefa T\u01b0\u01a1i S\u1ea1ch Thanh Tr\u00f9ng TH true MILK Nguy\u00ean Ch\u1ea5t 450ml - \u0110ang Khuy\u1ebfn m\u00e3i","twitter_description":"S\u1eefa T\u01b0\u01a1i Thanh Tr\u00f9ng TH true MILK m\u1edbi \u0111\u01b0\u1ee3c l\u00e0m ho\u00e0n to\u00e0n s\u1eefa t\u01b0\u01a1i s\u1ea1ch nguy\u00ean ch\u1ea5t c\u1ee7a trang tr\u1ea1i TH, gi\u1eef tr\u1ecdn nh\u1eefng d\u01b0\u1ee1ng ch\u1ea5t v\u00e0 h\u01b0\u01a1ng v\u1ecb t\u1ef1 nhi\u00ean trong t\u1eebng s\u1ea3n ph\u1ea9m.","twitter_misc":{"\u01af\u1edbc t\u00ednh th\u1eddi gian \u0111\u1ecdc":"1 ph\u00fat"},"schema":{"@context":"https:\/\/schema.org","@graph":[{"@type":"WebPage","@id":"https:\/\/suatuyetvoi.com\/muasam\/san-pham\/sua-tuoi-sach-thanh-trung-th-true-milk-it-duong-450ml-sao-chep\/","url":"https:\/\/suatuyetvoi.com\/muasam\/san-pham\/sua-tuoi-sach-thanh-trung-th-true-milk-it-duong-450ml-sao-chep\/","name":"S\u1eefa T\u01b0\u01a1i S\u1ea1ch Thanh Tr\u00f9ng TH true MILK \u00cdt \u0110\u01b0\u1eddng 450ml - \u0110ang Khuy\u1ebfn m\u00e3i","isPartOf":{"@id":"https:\/\/suatuyetvoi.com\/muasam\/#website"},"primaryImageOfPage":{"@id":"https:\/\/suatuyetvoi.com\/muasam\/san-pham\/sua-tuoi-sach-thanh-trung-th-true-milk-it-duong-450ml-sao-chep\/#primaryimage"},"image":{"@id":"https:\/\/suatuyetvoi.com\/muasam\/san-pham\/sua-tuoi-sach-thanh-trung-th-true-milk-it-duong-450ml-sao-chep\/#primaryimage"},"thumbnailUrl":"https:\/\/suatuyetvoi.com\/muasam\/wp-content\/uploads\/2023\/03\/Thanh-trung-450-ID-800x800-2.png","datePublished":"2023-03-30T12:59:32+00:00","dateModified":"2023-03-30T13:01:45+00:00","description":"S\u1eefa T\u01b0\u01a1i Thanh Tr\u00f9ng TH true MILK m\u1edbi \u0111\u01b0\u1ee3c l\u00e0m ho\u00e0n to\u00e0n s\u1eefa t\u01b0\u01a1i s\u1ea1ch nguy\u00ean ch\u1ea5t c\u1ee7a trang tr\u1ea1i TH, gi\u1eef tr\u1ecdn nh\u1eefng d\u01b0\u1ee1ng ch\u1ea5t v\u00e0 h\u01b0\u01a1ng v\u1ecb t\u1ef1 nhi\u00ean trong t\u1eebng s\u1ea3n ph\u1ea9m.","breadcrumb":{"@id":"https:\/\/suatuyetvoi.com\/muasam\/san-pham\/sua-tuoi-sach-thanh-trung-th-true-milk-it-duong-450ml-sao-chep\/#breadcrumb"},"inLanguage":"vi","potentialAction":[{"@type":"ReadAction","target":["https:\/\/suatuyetvoi.com\/muasam\/san-pham\/sua-tuoi-sach-thanh-trung-th-true-milk-it-duong-450ml-sao-chep\/"]}]},{"@type":"ImageObject","inLanguage":"vi","@id":"https:\/\/suatuyetvoi.com\/muasam\/san-pham\/sua-tuoi-sach-thanh-trung-th-true-milk-it-duong-450ml-sao-chep\/#primaryimage","url":"https:\/\/suatuyetvoi.com\/muasam\/wp-content\/uploads\/2023\/03\/Thanh-trung-450-ID-800x800-2.png","contentUrl":"https:\/\/suatuyetvoi.com\/muasam\/wp-content\/uploads\/2023\/03\/Thanh-trung-450-ID-800x800-2.png","width":800,"height":800},{"@type":"BreadcrumbList","@id":"https:\/\/suatuyetvoi.com\/muasam\/san-pham\/sua-tuoi-sach-thanh-trung-th-true-milk-it-duong-450ml-sao-chep\/#breadcrumb","itemListElement":[{"@type":"ListItem","position":1,"name":"Home","item":"https:\/\/suatuyetvoi.com\/muasam\/"},{"@type":"ListItem","position":2,"name":"Shop","item":"https:\/\/suatuyetvoi.com\/muasam\/shop\/"},{"@type":"ListItem","position":3,"name":"S\u1eefa T\u01b0\u01a1i S\u1ea1ch Thanh Tr\u00f9ng TH true MILK \u00cdt \u0110\u01b0\u1eddng 450ml"}]},{"@type":"WebSite","@id":"https:\/\/suatuyetvoi.com\/muasam\/#website","url":"https:\/\/suatuyetvoi.com\/muasam\/","name":"S\u1eefa Tuy\u1ec7t V\u1eddi","description":"S\u1eefa Tuy\u1ec7t V\u1eddi Vi\u1ec7t Nam","potentialAction":[{"@type":"SearchAction","target":{"@type":"EntryPoint","urlTemplate":"https:\/\/suatuyetvoi.com\/muasam\/?s={search_term_string}"},"query-input":{"@type":"PropertyValueSpecification","valueRequired":true,"valueName":"search_term_string"}}],"inLanguage":"vi"}]}},"_links":{"self":[{"href":"https:\/\/suatuyetvoi.com\/muasam\/wp-json\/wp\/v2\/product\/6404","targetHints":{"allow":["GET"]}}],"collection":[{"href":"https:\/\/suatuyetvoi.com\/muasam\/wp-json\/wp\/v2\/product"}],"about":[{"href":"https:\/\/suatuyetvoi.com\/muasam\/wp-json\/wp\/v2\/types\/product"}],"replies":[{"embeddable":true,"href":"https:\/\/suatuyetvoi.com\/muasam\/wp-json\/wp\/v2\/comments?post=6404"}],"wp:featuredmedia":[{"embeddable":true,"href":"https:\/\/suatuyetvoi.com\/muasam\/wp-json\/wp\/v2\/media\/6406"}],"wp:attachment":[{"href":"https:\/\/suatuyetvoi.com\/muasam\/wp-json\/wp\/v2\/media?parent=6404"}],"wp:term":[{"taxonomy":"product_cat","embeddable":true,"href":"https:\/\/suatuyetvoi.com\/muasam\/wp-json\/wp\/v2\/product_cat?post=6404"},{"taxonomy":"product_tag","embeddable":true,"href":"https:\/\/suatuyetvoi.com\/muasam\/wp-json\/wp\/v2\/product_tag?post=6404"}],"curies":[{"name":"wp","href":"https:\/\/api.w.org\/{rel}","templated":true}]}}