{"id":6395,"date":"2023-03-30T19:49:48","date_gmt":"2023-03-30T12:49:48","guid":{"rendered":"https:\/\/suatuyetvoi.com\/muasam\/?post_type=product&#038;p=6395"},"modified":"2023-03-30T19:53:47","modified_gmt":"2023-03-30T12:53:47","slug":"sua-tuoi-huu-co-th-true-milk-organic-500ml","status":"publish","type":"product","link":"https:\/\/suatuyetvoi.com\/muasam\/san-pham\/sua-tuoi-huu-co-th-true-milk-organic-500ml\/","title":{"rendered":"S\u1eefa T\u01b0\u01a1i H\u1eefu C\u01a1 TH true MILK Organic 500 ml"},"content":{"rendered":"<h3>Th\u00f4ng tin chi ti\u1ebft<\/h3>\n<div class=\"addclassfont16\">\n<ul>\n<li>Quy c\u00e1ch \u0111\u00f3ng g\u00f3i: h\u1ed9p gi\u1ea5y<\/li>\n<li>Dung t\u00edch: 500 ml<\/li>\n<\/ul>\n<p>\u2013 Ho\u00e0n to\u00e0n t\u1eeb s\u1eefa t\u01b0\u01a1i s\u1ea1ch nguy\u00ean ch\u1ea5t c\u1ee7a Trang tr\u1ea1i TH<br \/>\n\u2013 \u0110\u01b0\u1ee3c s\u1ea3n xu\u1ea5t theo m\u1ed9t quy tr\u00ecnh s\u1ea1ch, kh\u00e9p k\u00edn t\u1eeb \u0111\u1ed3ng c\u1ecf \u0111\u1ebfn b\u00e0n \u0103n<br \/>\n\u2013 Kh\u00f4ng s\u1eed d\u1ee5ng ch\u1ea5t b\u1ea3o qu\u1ea3n<\/p>\n<p>S\u1ea3n ph\u1ea9m s\u1eefa t\u01b0\u01a1i h\u1eefu c\u01a1 TH true MILK Organic v\u01b0\u1ee3t qua nh\u1eefng ti\u00eau chu\u1ea9n g\u1eaft gao v\u1ec1 quy tr\u00ecnh, c\u00f4ng ngh\u1ec7, v\u1edbi s\u1ef1 \u0111\u1ea7u t\u01b0 nghi\u00eam t\u00fac, b\u00e0i b\u1ea3n, mang l\u1ea1i ch\u1ea5t l\u01b0\u1ee3ng v\u01b0\u1ee3t tr\u1ed9i, \u0111\u1ea1t ch\u1ee9ng nh\u1eadn h\u1eefu c\u01a1 ch\u00e2u \u00c2u.<\/p>\n<p>Bao b\u00ec h\u1ed9p gi\u1ea5y dung t\u00edch 500 ml l\u1ea7n \u0111\u1ea7u ti\u00ean \u0111\u01b0\u1ee3c gi\u1edbi thi\u1ec7u tr\u00ean th\u1ecb tr\u01b0\u1eddng, \u0111\u01b0\u1ee3c nghi\u00ean c\u1ee9u ph\u00f9 h\u1ee3p nh\u1ea5t v\u1edbi nhu c\u1ea7u s\u1eed d\u1ee5ng c\u1ee7a ph\u1ea7n l\u1edbn c\u00e1c h\u1ed9 gia \u0111\u00ecnh t\u1ea1i Vi\u1ec7t Nam.<\/p>\n<h3>H\u01b0\u1edbng d\u1eabn b\u1ea3o qu\u1ea3n v\u00e0 s\u1eed d\u1ee5ng:<\/h3>\n<p>B\u1ea3o qu\u1ea3n n\u01a1i kh\u00f4 r\u00e1o v\u00e0 tho\u00e1ng m\u00e1t.<br \/>\nSau khi m\u1edf h\u1ed9p, b\u1ea3o qu\u1ea3n l\u1ea1nh \u1edf 4\u00b0C- 10\u00b0C v\u00e0 s\u1eed d\u1ee5ng h\u1ebft trong v\u00f2ng 3 ng\u00e0y.<br \/>\nNgon h\u01a1n khi u\u1ed1ng l\u1ea1nh.<br \/>\nS\u1ea3n ph\u1ea9m c\u00f3 ch\u1ee9a s\u1eefa.<br \/>\nHSD: 06 th\u00e1ng k\u1ec3 t\u1eeb ng\u00e0y s\u1ea3n xu\u1ea5t<\/p>\n<h3>Th\u00e0nh ph\u1ea7n dinh d\u01b0\u1ee1ng trung tr\u00ecnh trong 100 ml:<\/h3>\n<table width=\"209\">\n<tbody>\n<tr>\n<td width=\"125\">N\u0103ng l\u01b0\u1ee3ng:<\/td>\n<td width=\"84\">60,9 kcal<\/td>\n<\/tr>\n<tr>\n<td>Ch\u1ea5t b\u00e9o:<\/td>\n<td>3,3 g<\/td>\n<\/tr>\n<tr>\n<td>Ch\u1ea5t \u0111\u1ea1m:<\/td>\n<td>3,1 g<\/td>\n<\/tr>\n<tr>\n<td>Hydrat cacbon:<\/td>\n<td>4,7 g<\/td>\n<\/tr>\n<tr>\n<td>Canxi:<\/td>\n<td>100 mg<\/td>\n<\/tr>\n<\/tbody>\n<\/table>\n<p>C\u00e1c vitamin v\u00e0 kho\u00e1ng ch\u1ea5t c\u00f3 s\u1eb5n trong s\u1eefa t\u01b0\u01a1i<\/p>\n<\/div>\n","protected":false},"excerpt":{"rendered":"<p>H\u1ec7 d\u01b0\u1ee1ng ch\u1ea5t IQ Plus ph\u00e1t tri\u1ec3n n\u00e3o b\u1ed9<br \/>\nT\u0103ng c\u01b0\u1eddng \u0111\u1ec1 kh\u00e1ng v\u00e0 ti\u00eau h\u00f3a kh\u1ecfe m\u1ea1nh<br \/>\nGi\u00fap h\u1ea5p thu Canxi t\u1ed1t<\/p>\n","protected":false},"featured_media":6397,"comment_status":"open","ping_status":"closed","template":"","meta":[],"product_cat":[513],"product_tag":[574,575,566],"class_list":["post-6395","product","type-product","status-publish","has-post-thumbnail","hentry","product_cat-sua-tuoi","product_tag-ho-tro-tang-suc-de-khang","product_tag-tang-cuong-de-khang","product_tag-tang-cuong-suc-de-khang","berocket_brand-th-true-milk"],"yoast_head":"<!-- This site is optimized with the Yoast SEO plugin v27.6 - https:\/\/yoast.com\/product\/yoast-seo-wordpress\/ -->\n<title>S\u1eefa T\u01b0\u01a1i H\u1eefu C\u01a1 TH true MILK Organic 500 ml - \u0110ang Khuy\u1ebfn m\u00e3i<\/title>\n<meta name=\"description\" content=\"S\u1ea3n ph\u1ea9m s\u1eefa t\u01b0\u01a1i h\u1eefu c\u01a1 TH true MILK Organic v\u01b0\u1ee3t qua nh\u1eefng ti\u00eau chu\u1ea9n g\u1eaft gao v\u1ec1 quy tr\u00ecnh, c\u00f4ng ngh\u1ec7, v\u1edbi s\u1ef1 \u0111\u1ea7u t\u01b0 nghi\u00eam t\u00fac, b\u00e0i b\u1ea3n, mang l\u1ea1i ch\u1ea5t l\u01b0\u1ee3ng v\u01b0\u1ee3t tr\u1ed9i, \u0111\u1ea1t ch\u1ee9ng nh\u1eadn h\u1eefu c\u01a1 ch\u00e2u \u00c2u.\" \/>\n<meta name=\"robots\" content=\"index, follow, max-snippet:-1, max-image-preview:large, max-video-preview:-1\" \/>\n<link rel=\"canonical\" href=\"https:\/\/suatuyetvoi.com\/muasam\/san-pham\/sua-tuoi-huu-co-th-true-milk-organic-500ml\/\" \/>\n<meta property=\"og:locale\" content=\"vi_VN\" \/>\n<meta property=\"og:type\" content=\"article\" \/>\n<meta property=\"og:title\" content=\"S\u1eefa T\u01b0\u01a1i H\u1eefu C\u01a1 TH true MILK Organic 500 ml - \u0110ang Khuy\u1ebfn m\u00e3i\" \/>\n<meta property=\"og:description\" content=\"S\u1ea3n ph\u1ea9m s\u1eefa t\u01b0\u01a1i h\u1eefu c\u01a1 TH true MILK Organic v\u01b0\u1ee3t qua nh\u1eefng ti\u00eau chu\u1ea9n g\u1eaft gao v\u1ec1 quy tr\u00ecnh, c\u00f4ng ngh\u1ec7, v\u1edbi s\u1ef1 \u0111\u1ea7u t\u01b0 nghi\u00eam t\u00fac, b\u00e0i b\u1ea3n, mang l\u1ea1i ch\u1ea5t l\u01b0\u1ee3ng v\u01b0\u1ee3t tr\u1ed9i, \u0111\u1ea1t ch\u1ee9ng nh\u1eadn h\u1eefu c\u01a1 ch\u00e2u \u00c2u.\" \/>\n<meta property=\"og:url\" content=\"https:\/\/suatuyetvoi.com\/muasam\/san-pham\/sua-tuoi-huu-co-th-true-milk-organic-500ml\/\" \/>\n<meta property=\"og:site_name\" content=\"S\u1eefa Tuy\u1ec7t V\u1eddi\" \/>\n<meta property=\"article:modified_time\" content=\"2023-03-30T12:53:47+00:00\" \/>\n<meta property=\"og:image\" content=\"https:\/\/suatuyetvoi.com\/muasam\/wp-content\/uploads\/2023\/03\/UHT-Organic-800x800-2.png\" \/>\n\t<meta property=\"og:image:width\" content=\"800\" \/>\n\t<meta property=\"og:image:height\" content=\"800\" \/>\n\t<meta property=\"og:image:type\" content=\"image\/png\" \/>\n<meta name=\"twitter:card\" content=\"summary_large_image\" \/>\n<meta name=\"twitter:title\" content=\"S\u1eefa T\u01b0\u01a1i H\u1eefu C\u01a1 TH true MILK Organic 500 ml - \u0110ang Khuy\u1ebfn m\u00e3i\" \/>\n<meta name=\"twitter:description\" content=\"S\u1ea3n ph\u1ea9m s\u1eefa t\u01b0\u01a1i h\u1eefu c\u01a1 TH true MILK Organic v\u01b0\u1ee3t qua nh\u1eefng ti\u00eau chu\u1ea9n g\u1eaft gao v\u1ec1 quy tr\u00ecnh, c\u00f4ng ngh\u1ec7, v\u1edbi s\u1ef1 \u0111\u1ea7u t\u01b0 nghi\u00eam t\u00fac, b\u00e0i b\u1ea3n, mang l\u1ea1i ch\u1ea5t l\u01b0\u1ee3ng v\u01b0\u1ee3t tr\u1ed9i, \u0111\u1ea1t ch\u1ee9ng nh\u1eadn h\u1eefu c\u01a1 ch\u00e2u \u00c2u.\" \/>\n<meta name=\"twitter:label1\" content=\"\u01af\u1edbc t\u00ednh th\u1eddi gian \u0111\u1ecdc\" \/>\n\t<meta name=\"twitter:data1\" content=\"2 ph\u00fat\" \/>\n<script type=\"application\/ld+json\" class=\"yoast-schema-graph\">{\"@context\":\"https:\\\/\\\/schema.org\",\"@graph\":[{\"@type\":\"WebPage\",\"@id\":\"https:\\\/\\\/suatuyetvoi.com\\\/muasam\\\/san-pham\\\/sua-tuoi-huu-co-th-true-milk-organic-500ml\\\/\",\"url\":\"https:\\\/\\\/suatuyetvoi.com\\\/muasam\\\/san-pham\\\/sua-tuoi-huu-co-th-true-milk-organic-500ml\\\/\",\"name\":\"S\u1eefa T\u01b0\u01a1i H\u1eefu C\u01a1 TH true MILK Organic 500 ml - \u0110ang Khuy\u1ebfn m\u00e3i\",\"isPartOf\":{\"@id\":\"https:\\\/\\\/suatuyetvoi.com\\\/muasam\\\/#website\"},\"primaryImageOfPage\":{\"@id\":\"https:\\\/\\\/suatuyetvoi.com\\\/muasam\\\/san-pham\\\/sua-tuoi-huu-co-th-true-milk-organic-500ml\\\/#primaryimage\"},\"image\":{\"@id\":\"https:\\\/\\\/suatuyetvoi.com\\\/muasam\\\/san-pham\\\/sua-tuoi-huu-co-th-true-milk-organic-500ml\\\/#primaryimage\"},\"thumbnailUrl\":\"https:\\\/\\\/suatuyetvoi.com\\\/muasam\\\/wp-content\\\/uploads\\\/2023\\\/03\\\/UHT-Organic-800x800-2.png\",\"datePublished\":\"2023-03-30T12:49:48+00:00\",\"dateModified\":\"2023-03-30T12:53:47+00:00\",\"description\":\"S\u1ea3n ph\u1ea9m s\u1eefa t\u01b0\u01a1i h\u1eefu c\u01a1 TH true MILK Organic v\u01b0\u1ee3t qua nh\u1eefng ti\u00eau chu\u1ea9n g\u1eaft gao v\u1ec1 quy tr\u00ecnh, c\u00f4ng ngh\u1ec7, v\u1edbi s\u1ef1 \u0111\u1ea7u t\u01b0 nghi\u00eam t\u00fac, b\u00e0i b\u1ea3n, mang l\u1ea1i ch\u1ea5t l\u01b0\u1ee3ng v\u01b0\u1ee3t tr\u1ed9i, \u0111\u1ea1t ch\u1ee9ng nh\u1eadn h\u1eefu c\u01a1 ch\u00e2u \u00c2u.\",\"breadcrumb\":{\"@id\":\"https:\\\/\\\/suatuyetvoi.com\\\/muasam\\\/san-pham\\\/sua-tuoi-huu-co-th-true-milk-organic-500ml\\\/#breadcrumb\"},\"inLanguage\":\"vi\",\"potentialAction\":[{\"@type\":\"ReadAction\",\"target\":[\"https:\\\/\\\/suatuyetvoi.com\\\/muasam\\\/san-pham\\\/sua-tuoi-huu-co-th-true-milk-organic-500ml\\\/\"]}]},{\"@type\":\"ImageObject\",\"inLanguage\":\"vi\",\"@id\":\"https:\\\/\\\/suatuyetvoi.com\\\/muasam\\\/san-pham\\\/sua-tuoi-huu-co-th-true-milk-organic-500ml\\\/#primaryimage\",\"url\":\"https:\\\/\\\/suatuyetvoi.com\\\/muasam\\\/wp-content\\\/uploads\\\/2023\\\/03\\\/UHT-Organic-800x800-2.png\",\"contentUrl\":\"https:\\\/\\\/suatuyetvoi.com\\\/muasam\\\/wp-content\\\/uploads\\\/2023\\\/03\\\/UHT-Organic-800x800-2.png\",\"width\":800,\"height\":800},{\"@type\":\"BreadcrumbList\",\"@id\":\"https:\\\/\\\/suatuyetvoi.com\\\/muasam\\\/san-pham\\\/sua-tuoi-huu-co-th-true-milk-organic-500ml\\\/#breadcrumb\",\"itemListElement\":[{\"@type\":\"ListItem\",\"position\":1,\"name\":\"Home\",\"item\":\"https:\\\/\\\/suatuyetvoi.com\\\/muasam\\\/\"},{\"@type\":\"ListItem\",\"position\":2,\"name\":\"Shop\",\"item\":\"https:\\\/\\\/suatuyetvoi.com\\\/muasam\\\/shop\\\/\"},{\"@type\":\"ListItem\",\"position\":3,\"name\":\"S\u1eefa T\u01b0\u01a1i H\u1eefu C\u01a1 TH true MILK Organic 500 ml\"}]},{\"@type\":\"WebSite\",\"@id\":\"https:\\\/\\\/suatuyetvoi.com\\\/muasam\\\/#website\",\"url\":\"https:\\\/\\\/suatuyetvoi.com\\\/muasam\\\/\",\"name\":\"S\u1eefa Tuy\u1ec7t V\u1eddi\",\"description\":\"S\u1eefa Tuy\u1ec7t V\u1eddi Vi\u1ec7t Nam\",\"potentialAction\":[{\"@type\":\"SearchAction\",\"target\":{\"@type\":\"EntryPoint\",\"urlTemplate\":\"https:\\\/\\\/suatuyetvoi.com\\\/muasam\\\/?s={search_term_string}\"},\"query-input\":{\"@type\":\"PropertyValueSpecification\",\"valueRequired\":true,\"valueName\":\"search_term_string\"}}],\"inLanguage\":\"vi\"}]}<\/script>\n<!-- \/ Yoast SEO plugin. -->","yoast_head_json":{"title":"S\u1eefa T\u01b0\u01a1i H\u1eefu C\u01a1 TH true MILK Organic 500 ml - \u0110ang Khuy\u1ebfn m\u00e3i","description":"S\u1ea3n ph\u1ea9m s\u1eefa t\u01b0\u01a1i h\u1eefu c\u01a1 TH true MILK Organic v\u01b0\u1ee3t qua nh\u1eefng ti\u00eau chu\u1ea9n g\u1eaft gao v\u1ec1 quy tr\u00ecnh, c\u00f4ng ngh\u1ec7, v\u1edbi s\u1ef1 \u0111\u1ea7u t\u01b0 nghi\u00eam t\u00fac, b\u00e0i b\u1ea3n, mang l\u1ea1i ch\u1ea5t l\u01b0\u1ee3ng v\u01b0\u1ee3t tr\u1ed9i, \u0111\u1ea1t ch\u1ee9ng nh\u1eadn h\u1eefu c\u01a1 ch\u00e2u \u00c2u.","robots":{"index":"index","follow":"follow","max-snippet":"max-snippet:-1","max-image-preview":"max-image-preview:large","max-video-preview":"max-video-preview:-1"},"canonical":"https:\/\/suatuyetvoi.com\/muasam\/san-pham\/sua-tuoi-huu-co-th-true-milk-organic-500ml\/","og_locale":"vi_VN","og_type":"article","og_title":"S\u1eefa T\u01b0\u01a1i H\u1eefu C\u01a1 TH true MILK Organic 500 ml - \u0110ang Khuy\u1ebfn m\u00e3i","og_description":"S\u1ea3n ph\u1ea9m s\u1eefa t\u01b0\u01a1i h\u1eefu c\u01a1 TH true MILK Organic v\u01b0\u1ee3t qua nh\u1eefng ti\u00eau chu\u1ea9n g\u1eaft gao v\u1ec1 quy tr\u00ecnh, c\u00f4ng ngh\u1ec7, v\u1edbi s\u1ef1 \u0111\u1ea7u t\u01b0 nghi\u00eam t\u00fac, b\u00e0i b\u1ea3n, mang l\u1ea1i ch\u1ea5t l\u01b0\u1ee3ng v\u01b0\u1ee3t tr\u1ed9i, \u0111\u1ea1t ch\u1ee9ng nh\u1eadn h\u1eefu c\u01a1 ch\u00e2u \u00c2u.","og_url":"https:\/\/suatuyetvoi.com\/muasam\/san-pham\/sua-tuoi-huu-co-th-true-milk-organic-500ml\/","og_site_name":"S\u1eefa Tuy\u1ec7t V\u1eddi","article_modified_time":"2023-03-30T12:53:47+00:00","og_image":[{"width":800,"height":800,"url":"https:\/\/suatuyetvoi.com\/muasam\/wp-content\/uploads\/2023\/03\/UHT-Organic-800x800-2.png","type":"image\/png"}],"twitter_card":"summary_large_image","twitter_title":"S\u1eefa T\u01b0\u01a1i H\u1eefu C\u01a1 TH true MILK Organic 500 ml - \u0110ang Khuy\u1ebfn m\u00e3i","twitter_description":"S\u1ea3n ph\u1ea9m s\u1eefa t\u01b0\u01a1i h\u1eefu c\u01a1 TH true MILK Organic v\u01b0\u1ee3t qua nh\u1eefng ti\u00eau chu\u1ea9n g\u1eaft gao v\u1ec1 quy tr\u00ecnh, c\u00f4ng ngh\u1ec7, v\u1edbi s\u1ef1 \u0111\u1ea7u t\u01b0 nghi\u00eam t\u00fac, b\u00e0i b\u1ea3n, mang l\u1ea1i ch\u1ea5t l\u01b0\u1ee3ng v\u01b0\u1ee3t tr\u1ed9i, \u0111\u1ea1t ch\u1ee9ng nh\u1eadn h\u1eefu c\u01a1 ch\u00e2u \u00c2u.","twitter_misc":{"\u01af\u1edbc t\u00ednh th\u1eddi gian \u0111\u1ecdc":"2 ph\u00fat"},"schema":{"@context":"https:\/\/schema.org","@graph":[{"@type":"WebPage","@id":"https:\/\/suatuyetvoi.com\/muasam\/san-pham\/sua-tuoi-huu-co-th-true-milk-organic-500ml\/","url":"https:\/\/suatuyetvoi.com\/muasam\/san-pham\/sua-tuoi-huu-co-th-true-milk-organic-500ml\/","name":"S\u1eefa T\u01b0\u01a1i H\u1eefu C\u01a1 TH true MILK Organic 500 ml - \u0110ang Khuy\u1ebfn m\u00e3i","isPartOf":{"@id":"https:\/\/suatuyetvoi.com\/muasam\/#website"},"primaryImageOfPage":{"@id":"https:\/\/suatuyetvoi.com\/muasam\/san-pham\/sua-tuoi-huu-co-th-true-milk-organic-500ml\/#primaryimage"},"image":{"@id":"https:\/\/suatuyetvoi.com\/muasam\/san-pham\/sua-tuoi-huu-co-th-true-milk-organic-500ml\/#primaryimage"},"thumbnailUrl":"https:\/\/suatuyetvoi.com\/muasam\/wp-content\/uploads\/2023\/03\/UHT-Organic-800x800-2.png","datePublished":"2023-03-30T12:49:48+00:00","dateModified":"2023-03-30T12:53:47+00:00","description":"S\u1ea3n ph\u1ea9m s\u1eefa t\u01b0\u01a1i h\u1eefu c\u01a1 TH true MILK Organic v\u01b0\u1ee3t qua nh\u1eefng ti\u00eau chu\u1ea9n g\u1eaft gao v\u1ec1 quy tr\u00ecnh, c\u00f4ng ngh\u1ec7, v\u1edbi s\u1ef1 \u0111\u1ea7u t\u01b0 nghi\u00eam t\u00fac, b\u00e0i b\u1ea3n, mang l\u1ea1i ch\u1ea5t l\u01b0\u1ee3ng v\u01b0\u1ee3t tr\u1ed9i, \u0111\u1ea1t ch\u1ee9ng nh\u1eadn h\u1eefu c\u01a1 ch\u00e2u \u00c2u.","breadcrumb":{"@id":"https:\/\/suatuyetvoi.com\/muasam\/san-pham\/sua-tuoi-huu-co-th-true-milk-organic-500ml\/#breadcrumb"},"inLanguage":"vi","potentialAction":[{"@type":"ReadAction","target":["https:\/\/suatuyetvoi.com\/muasam\/san-pham\/sua-tuoi-huu-co-th-true-milk-organic-500ml\/"]}]},{"@type":"ImageObject","inLanguage":"vi","@id":"https:\/\/suatuyetvoi.com\/muasam\/san-pham\/sua-tuoi-huu-co-th-true-milk-organic-500ml\/#primaryimage","url":"https:\/\/suatuyetvoi.com\/muasam\/wp-content\/uploads\/2023\/03\/UHT-Organic-800x800-2.png","contentUrl":"https:\/\/suatuyetvoi.com\/muasam\/wp-content\/uploads\/2023\/03\/UHT-Organic-800x800-2.png","width":800,"height":800},{"@type":"BreadcrumbList","@id":"https:\/\/suatuyetvoi.com\/muasam\/san-pham\/sua-tuoi-huu-co-th-true-milk-organic-500ml\/#breadcrumb","itemListElement":[{"@type":"ListItem","position":1,"name":"Home","item":"https:\/\/suatuyetvoi.com\/muasam\/"},{"@type":"ListItem","position":2,"name":"Shop","item":"https:\/\/suatuyetvoi.com\/muasam\/shop\/"},{"@type":"ListItem","position":3,"name":"S\u1eefa T\u01b0\u01a1i H\u1eefu C\u01a1 TH true MILK Organic 500 ml"}]},{"@type":"WebSite","@id":"https:\/\/suatuyetvoi.com\/muasam\/#website","url":"https:\/\/suatuyetvoi.com\/muasam\/","name":"S\u1eefa Tuy\u1ec7t V\u1eddi","description":"S\u1eefa Tuy\u1ec7t V\u1eddi Vi\u1ec7t Nam","potentialAction":[{"@type":"SearchAction","target":{"@type":"EntryPoint","urlTemplate":"https:\/\/suatuyetvoi.com\/muasam\/?s={search_term_string}"},"query-input":{"@type":"PropertyValueSpecification","valueRequired":true,"valueName":"search_term_string"}}],"inLanguage":"vi"}]}},"_links":{"self":[{"href":"https:\/\/suatuyetvoi.com\/muasam\/wp-json\/wp\/v2\/product\/6395","targetHints":{"allow":["GET"]}}],"collection":[{"href":"https:\/\/suatuyetvoi.com\/muasam\/wp-json\/wp\/v2\/product"}],"about":[{"href":"https:\/\/suatuyetvoi.com\/muasam\/wp-json\/wp\/v2\/types\/product"}],"replies":[{"embeddable":true,"href":"https:\/\/suatuyetvoi.com\/muasam\/wp-json\/wp\/v2\/comments?post=6395"}],"wp:featuredmedia":[{"embeddable":true,"href":"https:\/\/suatuyetvoi.com\/muasam\/wp-json\/wp\/v2\/media\/6397"}],"wp:attachment":[{"href":"https:\/\/suatuyetvoi.com\/muasam\/wp-json\/wp\/v2\/media?parent=6395"}],"wp:term":[{"taxonomy":"product_cat","embeddable":true,"href":"https:\/\/suatuyetvoi.com\/muasam\/wp-json\/wp\/v2\/product_cat?post=6395"},{"taxonomy":"product_tag","embeddable":true,"href":"https:\/\/suatuyetvoi.com\/muasam\/wp-json\/wp\/v2\/product_tag?post=6395"}],"curies":[{"name":"wp","href":"https:\/\/api.w.org\/{rel}","templated":true}]}}