{"id":6391,"date":"2023-03-30T19:45:47","date_gmt":"2023-03-30T12:45:47","guid":{"rendered":"https:\/\/suatuyetvoi.com\/muasam\/?post_type=product&#038;p=6391"},"modified":"2023-03-30T19:48:59","modified_gmt":"2023-03-30T12:48:59","slug":"sua-tuoi-tiet-trung-vi-tu-nhien-th-true-milk-gold-180-ml","status":"publish","type":"product","link":"https:\/\/suatuyetvoi.com\/muasam\/san-pham\/sua-tuoi-tiet-trung-vi-tu-nhien-th-true-milk-gold-180-ml\/","title":{"rendered":"S\u1eefa T\u01b0\u01a1i Ti\u1ec7t Tr\u00f9ng V\u1ecb T\u1ef1 Nhi\u00ean TH true MILK GOLD 180 ml \u2013 C\u00f4ng th\u1ee9c dinh d\u01b0\u1ee1ng cho ng\u01b0\u1eddi l\u1edbn tu\u1ed5i"},"content":{"rendered":"<h3>Th\u00f4ng tin chi ti\u1ebft<\/h3>\n<div class=\"addclassfont16\">\n<ul>\n<li>Quy c\u00e1ch \u0111\u00f3ng g\u00f3i: l\u1ed1c 4 h\u1ed9p<\/li>\n<li>Dung t\u00edch: 180 ml\/h\u1ed9p<\/li>\n<\/ul>\n<p>\u2018S\u1eefa T\u01b0\u01a1i Ti\u1ec7t Tr\u00f9ng V\u1ecb T\u1ef1 Nhi\u00ean TH true MILK GOLD l\u00e0 s\u1ea3n ph\u1ea9m s\u1eefa t\u01b0\u01a1i v\u1edbi c\u00f4ng th\u1ee9c dinh d\u01b0\u1ee1ng cho ng\u01b0\u1eddi l\u1edbn \u0111\u1ea7u ti\u00ean t\u1ea1i Vi\u1ec7t Nam nh\u1eb1m h\u1ed7 tr\u1ee3 n\u00e2ng cao s\u1ee9c kho\u1ebb t\u1ed5ng th\u1ec3. S\u1ea3n ph\u1ea9m \u0111\u01b0\u1ee3c b\u1ed5 sung d\u01b0\u1ee1ng ch\u1ea5t cao c\u1ea5p \u0111em l\u1ea1i 06 l\u1ee3i \u00edch:<br \/>\n\u2022 Tim m\u1ea1ch: sterol esters th\u1ef1c v\u1eadt<br \/>\n\u2022 C\u1ea3i thi\u1ec7n gi\u1ea5c ng\u1ee7: ch\u1ea5t GABA<br \/>\n\u2022 X\u01b0\u01a1ng kh\u1edbp: Canxi, Vitamin D3, K2 v\u00e0 Collagen<br \/>\n\u2022 Ti\u00eau ho\u00e1: ch\u1ea5t x\u01a1 Inulin<br \/>\n\u2022 \u0110\u1ec1 kh\u00e1ng: K\u1ebdm, Beta-glucan<br \/>\n\u2022 S\u1ee9c kho\u1ebb t\u1ed5ng th\u1ec3: b\u1ed9 Vitamin v\u00e0 Kho\u00e1ng ch\u1ea5t<\/p>\n<p>TH true MILK GOLD \u0111\u01b0\u1ee3c nghi\u00ean c\u1ee9u v\u00e0 ph\u00e1t tri\u1ec3n v\u1edbi nh\u1eefng \u0111\u1eb7c \u0111i\u1ec3m ri\u00eang ph\u00f9 h\u1ee3p cho ng\u01b0\u1eddi l\u1edbn tu\u1ed5i t\u1ea1i Vi\u1ec7t Nam nh\u01b0:<br \/>\n\u2022 D\u1ec5 ti\u00eau ho\u00e1: H\u00e0m l\u01b0\u1ee3ng Lactose th\u1ea5p, b\u1ed5 sung ch\u1ea5t x\u01a1<br \/>\n\u2022 T\u1ed1t h\u01a1n cho s\u1ee9c kho\u1ebb: \u00cdt B\u00e9o, Kh\u00f4ng b\u1ed5 sung \u0111\u01b0\u1eddng<\/p>\n<h3>H\u01b0\u1edbng d\u1eabn b\u1ea3o qu\u1ea3n v\u00e0 s\u1eed d\u1ee5ng:<\/h3>\n<p>B\u1ea3o qu\u1ea3n n\u01a1i kh\u00f4 r\u00e1o, tho\u00e1ng m\u00e1t.<br \/>\nS\u1eed d\u1ee5ng ngay sau khi m\u1edf.<br \/>\nKh\u00f4ng d\u00f9ng cho tr\u1ebb em d\u01b0\u1edbi 01 tu\u1ed5i.<br \/>\nS\u1ea3n ph\u1ea9m ph\u00f9 h\u1ee3p s\u1eed d\u1ee5ng cho ng\u01b0\u1eddi l\u1edbn tu\u1ed5i.<br \/>\nN\u00ean d\u00f9ng t\u1eeb 1-2 h\u1ed9p m\u1ed7i ng\u00e0y<\/p>\n<h3>Th\u00e0nh ph\u1ea7n dinh d\u01b0\u1ee1ng trong 100ml<\/h3>\n<table width=\"221\">\n<tbody>\n<tr>\n<td width=\"115\">N\u0103ng l\u01b0\u1ee3ng:<\/td>\n<td width=\"62\">52,2 kcal<\/td>\n<\/tr>\n<tr>\n<td>Ch\u1ea5t \u0111\u1ea1m:<\/td>\n<td>3 g<\/td>\n<\/tr>\n<tr>\n<td>Ch\u1ea5t b\u00e9o:<\/td>\n<td>1,8 g<\/td>\n<\/tr>\n<tr>\n<td>Hydrat cacbon:<\/td>\n<td>6 g<\/td>\n<\/tr>\n<tr>\n<td>Lactose:<\/td>\n<td>\u2264 1,5 g<\/td>\n<\/tr>\n<tr>\n<td>Ch\u1ea5t x\u01a1 h\u00f2a tan:<\/td>\n<td>\u00a00,9 g<\/td>\n<\/tr>\n<tr>\n<td>Vitamin D3:<\/td>\n<td>1,7 \u00b5g<\/td>\n<\/tr>\n<tr>\n<td>Vitamin K2:<\/td>\n<td>9 \u00b5g<\/td>\n<\/tr>\n<tr>\n<td>Vitamin C:<\/td>\n<td>7 mg<\/td>\n<\/tr>\n<tr>\n<td>Vitamin B1:<\/td>\n<td>0,09 mg<\/td>\n<\/tr>\n<tr>\n<td>Vitamin B2:<\/td>\n<td>0,18 mg<\/td>\n<\/tr>\n<tr>\n<td>Vitamin B3:<\/td>\n<td>2 mg<\/td>\n<\/tr>\n<tr>\n<td>Vitamin B6:<\/td>\n<td>0,09 mg<\/td>\n<\/tr>\n<tr>\n<td>Vitamin B12:<\/td>\n<td>0,3 \u00b5g<\/td>\n<\/tr>\n<tr>\n<td>Canxi:<\/td>\n<td>140 mg<\/td>\n<\/tr>\n<tr>\n<td>K\u1ebdm:<\/td>\n<td>1 mg<\/td>\n<\/tr>\n<tr>\n<td>Magi\u00ea:<\/td>\n<td>11,5 mg<\/td>\n<\/tr>\n<tr>\n<td>Selen:<\/td>\n<td>0,3 \u00b5g<\/td>\n<\/tr>\n<tr>\n<td>GABA:<\/td>\n<td>5 mg<\/td>\n<\/tr>\n<\/tbody>\n<\/table>\n<\/div>\n","protected":false},"excerpt":{"rendered":"<p>H\u1ec7 d\u01b0\u1ee1ng ch\u1ea5t IQ Plus ph\u00e1t tri\u1ec3n n\u00e3o b\u1ed9<br \/>\nT\u0103ng c\u01b0\u1eddng \u0111\u1ec1 kh\u00e1ng v\u00e0 ti\u00eau h\u00f3a kh\u1ecfe m\u1ea1nh<br \/>\nGi\u00fap h\u1ea5p thu Canxi t\u1ed1t<\/p>\n","protected":false},"featured_media":6392,"comment_status":"open","ping_status":"closed","template":"","meta":[],"product_cat":[513],"product_tag":[574,575,566],"class_list":["post-6391","product","type-product","status-publish","has-post-thumbnail","hentry","product_cat-sua-tuoi","product_tag-ho-tro-tang-suc-de-khang","product_tag-tang-cuong-de-khang","product_tag-tang-cuong-suc-de-khang","berocket_brand-th-true-milk"],"yoast_head":"<!-- This site is optimized with the Yoast SEO plugin v27.6 - https:\/\/yoast.com\/product\/yoast-seo-wordpress\/ -->\n<title>S\u1eefa T\u01b0\u01a1i Ti\u1ec7t Tr\u00f9ng V\u1ecb T\u1ef1 Nhi\u00ean TH true MILK GOLD 180 ml - \u0110ang Khuy\u1ebfn m\u00e3i<\/title>\n<meta name=\"description\" content=\"S\u1ea3n ph\u1ea9m s\u1eefa t\u01b0\u01a1i v\u1edbi c\u00f4ng th\u1ee9c dinh d\u01b0\u1ee1ng cho ng\u01b0\u1eddi l\u1edbn \u0111\u1ea7u ti\u00ean t\u1ea1i Vi\u1ec7t Nam nh\u1eb1m h\u1ed7 tr\u1ee3 n\u00e2ng cao s\u1ee9c kho\u1ebb t\u1ed5ng th\u1ec3. S\u1ea3n ph\u1ea9m \u0111\u01b0\u1ee3c b\u1ed5 sung d\u01b0\u1ee1ng ch\u1ea5t cao c\u1ea5p \u0111em l\u1ea1i 06 l\u1ee3i \u00edch\" \/>\n<meta name=\"robots\" content=\"index, follow, max-snippet:-1, max-image-preview:large, max-video-preview:-1\" \/>\n<link rel=\"canonical\" href=\"https:\/\/suatuyetvoi.com\/muasam\/san-pham\/sua-tuoi-tiet-trung-vi-tu-nhien-th-true-milk-gold-180-ml\/\" \/>\n<meta property=\"og:locale\" content=\"vi_VN\" \/>\n<meta property=\"og:type\" content=\"article\" \/>\n<meta property=\"og:title\" content=\"S\u1eefa T\u01b0\u01a1i Ti\u1ec7t Tr\u00f9ng V\u1ecb T\u1ef1 Nhi\u00ean TH true MILK GOLD 180 ml - \u0110ang Khuy\u1ebfn m\u00e3i\" \/>\n<meta property=\"og:description\" content=\"S\u1ea3n ph\u1ea9m s\u1eefa t\u01b0\u01a1i v\u1edbi c\u00f4ng th\u1ee9c dinh d\u01b0\u1ee1ng cho ng\u01b0\u1eddi l\u1edbn \u0111\u1ea7u ti\u00ean t\u1ea1i Vi\u1ec7t Nam nh\u1eb1m h\u1ed7 tr\u1ee3 n\u00e2ng cao s\u1ee9c kho\u1ebb t\u1ed5ng th\u1ec3. S\u1ea3n ph\u1ea9m \u0111\u01b0\u1ee3c b\u1ed5 sung d\u01b0\u1ee1ng ch\u1ea5t cao c\u1ea5p \u0111em l\u1ea1i 06 l\u1ee3i \u00edch\" \/>\n<meta property=\"og:url\" content=\"https:\/\/suatuyetvoi.com\/muasam\/san-pham\/sua-tuoi-tiet-trung-vi-tu-nhien-th-true-milk-gold-180-ml\/\" \/>\n<meta property=\"og:site_name\" content=\"S\u1eefa Tuy\u1ec7t V\u1eddi\" \/>\n<meta property=\"article:modified_time\" content=\"2023-03-30T12:48:59+00:00\" \/>\n<meta property=\"og:image\" content=\"https:\/\/suatuyetvoi.com\/muasam\/wp-content\/uploads\/2023\/03\/MILK-GOLD-800x800-1.png\" \/>\n\t<meta property=\"og:image:width\" content=\"800\" \/>\n\t<meta property=\"og:image:height\" content=\"800\" \/>\n\t<meta property=\"og:image:type\" content=\"image\/png\" \/>\n<meta name=\"twitter:card\" content=\"summary_large_image\" \/>\n<meta name=\"twitter:title\" content=\"S\u1eefa T\u01b0\u01a1i Ti\u1ec7t Tr\u00f9ng V\u1ecb T\u1ef1 Nhi\u00ean TH true MILK GOLD 180 ml - \u0110ang Khuy\u1ebfn m\u00e3i\" \/>\n<meta name=\"twitter:description\" content=\"S\u1ea3n ph\u1ea9m s\u1eefa t\u01b0\u01a1i v\u1edbi c\u00f4ng th\u1ee9c dinh d\u01b0\u1ee1ng cho ng\u01b0\u1eddi l\u1edbn \u0111\u1ea7u ti\u00ean t\u1ea1i Vi\u1ec7t Nam nh\u1eb1m h\u1ed7 tr\u1ee3 n\u00e2ng cao s\u1ee9c kho\u1ebb t\u1ed5ng th\u1ec3. S\u1ea3n ph\u1ea9m \u0111\u01b0\u1ee3c b\u1ed5 sung d\u01b0\u1ee1ng ch\u1ea5t cao c\u1ea5p \u0111em l\u1ea1i 06 l\u1ee3i \u00edch\" \/>\n<meta name=\"twitter:label1\" content=\"\u01af\u1edbc t\u00ednh th\u1eddi gian \u0111\u1ecdc\" \/>\n\t<meta name=\"twitter:data1\" content=\"2 ph\u00fat\" \/>\n<script type=\"application\/ld+json\" class=\"yoast-schema-graph\">{\"@context\":\"https:\\\/\\\/schema.org\",\"@graph\":[{\"@type\":\"WebPage\",\"@id\":\"https:\\\/\\\/suatuyetvoi.com\\\/muasam\\\/san-pham\\\/sua-tuoi-tiet-trung-vi-tu-nhien-th-true-milk-gold-180-ml\\\/\",\"url\":\"https:\\\/\\\/suatuyetvoi.com\\\/muasam\\\/san-pham\\\/sua-tuoi-tiet-trung-vi-tu-nhien-th-true-milk-gold-180-ml\\\/\",\"name\":\"S\u1eefa T\u01b0\u01a1i Ti\u1ec7t Tr\u00f9ng V\u1ecb T\u1ef1 Nhi\u00ean TH true MILK GOLD 180 ml - \u0110ang Khuy\u1ebfn m\u00e3i\",\"isPartOf\":{\"@id\":\"https:\\\/\\\/suatuyetvoi.com\\\/muasam\\\/#website\"},\"primaryImageOfPage\":{\"@id\":\"https:\\\/\\\/suatuyetvoi.com\\\/muasam\\\/san-pham\\\/sua-tuoi-tiet-trung-vi-tu-nhien-th-true-milk-gold-180-ml\\\/#primaryimage\"},\"image\":{\"@id\":\"https:\\\/\\\/suatuyetvoi.com\\\/muasam\\\/san-pham\\\/sua-tuoi-tiet-trung-vi-tu-nhien-th-true-milk-gold-180-ml\\\/#primaryimage\"},\"thumbnailUrl\":\"https:\\\/\\\/suatuyetvoi.com\\\/muasam\\\/wp-content\\\/uploads\\\/2023\\\/03\\\/MILK-GOLD-800x800-1.png\",\"datePublished\":\"2023-03-30T12:45:47+00:00\",\"dateModified\":\"2023-03-30T12:48:59+00:00\",\"description\":\"S\u1ea3n ph\u1ea9m s\u1eefa t\u01b0\u01a1i v\u1edbi c\u00f4ng th\u1ee9c dinh d\u01b0\u1ee1ng cho ng\u01b0\u1eddi l\u1edbn \u0111\u1ea7u ti\u00ean t\u1ea1i Vi\u1ec7t Nam nh\u1eb1m h\u1ed7 tr\u1ee3 n\u00e2ng cao s\u1ee9c kho\u1ebb t\u1ed5ng th\u1ec3. S\u1ea3n ph\u1ea9m \u0111\u01b0\u1ee3c b\u1ed5 sung d\u01b0\u1ee1ng ch\u1ea5t cao c\u1ea5p \u0111em l\u1ea1i 06 l\u1ee3i \u00edch\",\"breadcrumb\":{\"@id\":\"https:\\\/\\\/suatuyetvoi.com\\\/muasam\\\/san-pham\\\/sua-tuoi-tiet-trung-vi-tu-nhien-th-true-milk-gold-180-ml\\\/#breadcrumb\"},\"inLanguage\":\"vi\",\"potentialAction\":[{\"@type\":\"ReadAction\",\"target\":[\"https:\\\/\\\/suatuyetvoi.com\\\/muasam\\\/san-pham\\\/sua-tuoi-tiet-trung-vi-tu-nhien-th-true-milk-gold-180-ml\\\/\"]}]},{\"@type\":\"ImageObject\",\"inLanguage\":\"vi\",\"@id\":\"https:\\\/\\\/suatuyetvoi.com\\\/muasam\\\/san-pham\\\/sua-tuoi-tiet-trung-vi-tu-nhien-th-true-milk-gold-180-ml\\\/#primaryimage\",\"url\":\"https:\\\/\\\/suatuyetvoi.com\\\/muasam\\\/wp-content\\\/uploads\\\/2023\\\/03\\\/MILK-GOLD-800x800-1.png\",\"contentUrl\":\"https:\\\/\\\/suatuyetvoi.com\\\/muasam\\\/wp-content\\\/uploads\\\/2023\\\/03\\\/MILK-GOLD-800x800-1.png\",\"width\":800,\"height\":800},{\"@type\":\"BreadcrumbList\",\"@id\":\"https:\\\/\\\/suatuyetvoi.com\\\/muasam\\\/san-pham\\\/sua-tuoi-tiet-trung-vi-tu-nhien-th-true-milk-gold-180-ml\\\/#breadcrumb\",\"itemListElement\":[{\"@type\":\"ListItem\",\"position\":1,\"name\":\"Home\",\"item\":\"https:\\\/\\\/suatuyetvoi.com\\\/muasam\\\/\"},{\"@type\":\"ListItem\",\"position\":2,\"name\":\"Shop\",\"item\":\"https:\\\/\\\/suatuyetvoi.com\\\/muasam\\\/shop\\\/\"},{\"@type\":\"ListItem\",\"position\":3,\"name\":\"S\u1eefa T\u01b0\u01a1i Ti\u1ec7t Tr\u00f9ng V\u1ecb T\u1ef1 Nhi\u00ean TH true MILK GOLD 180 ml \u2013 C\u00f4ng th\u1ee9c dinh d\u01b0\u1ee1ng cho ng\u01b0\u1eddi l\u1edbn tu\u1ed5i\"}]},{\"@type\":\"WebSite\",\"@id\":\"https:\\\/\\\/suatuyetvoi.com\\\/muasam\\\/#website\",\"url\":\"https:\\\/\\\/suatuyetvoi.com\\\/muasam\\\/\",\"name\":\"S\u1eefa Tuy\u1ec7t V\u1eddi\",\"description\":\"S\u1eefa Tuy\u1ec7t V\u1eddi Vi\u1ec7t Nam\",\"potentialAction\":[{\"@type\":\"SearchAction\",\"target\":{\"@type\":\"EntryPoint\",\"urlTemplate\":\"https:\\\/\\\/suatuyetvoi.com\\\/muasam\\\/?s={search_term_string}\"},\"query-input\":{\"@type\":\"PropertyValueSpecification\",\"valueRequired\":true,\"valueName\":\"search_term_string\"}}],\"inLanguage\":\"vi\"}]}<\/script>\n<!-- \/ Yoast SEO plugin. -->","yoast_head_json":{"title":"S\u1eefa T\u01b0\u01a1i Ti\u1ec7t Tr\u00f9ng V\u1ecb T\u1ef1 Nhi\u00ean TH true MILK GOLD 180 ml - \u0110ang Khuy\u1ebfn m\u00e3i","description":"S\u1ea3n ph\u1ea9m s\u1eefa t\u01b0\u01a1i v\u1edbi c\u00f4ng th\u1ee9c dinh d\u01b0\u1ee1ng cho ng\u01b0\u1eddi l\u1edbn \u0111\u1ea7u ti\u00ean t\u1ea1i Vi\u1ec7t Nam nh\u1eb1m h\u1ed7 tr\u1ee3 n\u00e2ng cao s\u1ee9c kho\u1ebb t\u1ed5ng th\u1ec3. S\u1ea3n ph\u1ea9m \u0111\u01b0\u1ee3c b\u1ed5 sung d\u01b0\u1ee1ng ch\u1ea5t cao c\u1ea5p \u0111em l\u1ea1i 06 l\u1ee3i \u00edch","robots":{"index":"index","follow":"follow","max-snippet":"max-snippet:-1","max-image-preview":"max-image-preview:large","max-video-preview":"max-video-preview:-1"},"canonical":"https:\/\/suatuyetvoi.com\/muasam\/san-pham\/sua-tuoi-tiet-trung-vi-tu-nhien-th-true-milk-gold-180-ml\/","og_locale":"vi_VN","og_type":"article","og_title":"S\u1eefa T\u01b0\u01a1i Ti\u1ec7t Tr\u00f9ng V\u1ecb T\u1ef1 Nhi\u00ean TH true MILK GOLD 180 ml - \u0110ang Khuy\u1ebfn m\u00e3i","og_description":"S\u1ea3n ph\u1ea9m s\u1eefa t\u01b0\u01a1i v\u1edbi c\u00f4ng th\u1ee9c dinh d\u01b0\u1ee1ng cho ng\u01b0\u1eddi l\u1edbn \u0111\u1ea7u ti\u00ean t\u1ea1i Vi\u1ec7t Nam nh\u1eb1m h\u1ed7 tr\u1ee3 n\u00e2ng cao s\u1ee9c kho\u1ebb t\u1ed5ng th\u1ec3. S\u1ea3n ph\u1ea9m \u0111\u01b0\u1ee3c b\u1ed5 sung d\u01b0\u1ee1ng ch\u1ea5t cao c\u1ea5p \u0111em l\u1ea1i 06 l\u1ee3i \u00edch","og_url":"https:\/\/suatuyetvoi.com\/muasam\/san-pham\/sua-tuoi-tiet-trung-vi-tu-nhien-th-true-milk-gold-180-ml\/","og_site_name":"S\u1eefa Tuy\u1ec7t V\u1eddi","article_modified_time":"2023-03-30T12:48:59+00:00","og_image":[{"width":800,"height":800,"url":"https:\/\/suatuyetvoi.com\/muasam\/wp-content\/uploads\/2023\/03\/MILK-GOLD-800x800-1.png","type":"image\/png"}],"twitter_card":"summary_large_image","twitter_title":"S\u1eefa T\u01b0\u01a1i Ti\u1ec7t Tr\u00f9ng V\u1ecb T\u1ef1 Nhi\u00ean TH true MILK GOLD 180 ml - \u0110ang Khuy\u1ebfn m\u00e3i","twitter_description":"S\u1ea3n ph\u1ea9m s\u1eefa t\u01b0\u01a1i v\u1edbi c\u00f4ng th\u1ee9c dinh d\u01b0\u1ee1ng cho ng\u01b0\u1eddi l\u1edbn \u0111\u1ea7u ti\u00ean t\u1ea1i Vi\u1ec7t Nam nh\u1eb1m h\u1ed7 tr\u1ee3 n\u00e2ng cao s\u1ee9c kho\u1ebb t\u1ed5ng th\u1ec3. S\u1ea3n ph\u1ea9m \u0111\u01b0\u1ee3c b\u1ed5 sung d\u01b0\u1ee1ng ch\u1ea5t cao c\u1ea5p \u0111em l\u1ea1i 06 l\u1ee3i \u00edch","twitter_misc":{"\u01af\u1edbc t\u00ednh th\u1eddi gian \u0111\u1ecdc":"2 ph\u00fat"},"schema":{"@context":"https:\/\/schema.org","@graph":[{"@type":"WebPage","@id":"https:\/\/suatuyetvoi.com\/muasam\/san-pham\/sua-tuoi-tiet-trung-vi-tu-nhien-th-true-milk-gold-180-ml\/","url":"https:\/\/suatuyetvoi.com\/muasam\/san-pham\/sua-tuoi-tiet-trung-vi-tu-nhien-th-true-milk-gold-180-ml\/","name":"S\u1eefa T\u01b0\u01a1i Ti\u1ec7t Tr\u00f9ng V\u1ecb T\u1ef1 Nhi\u00ean TH true MILK GOLD 180 ml - \u0110ang Khuy\u1ebfn m\u00e3i","isPartOf":{"@id":"https:\/\/suatuyetvoi.com\/muasam\/#website"},"primaryImageOfPage":{"@id":"https:\/\/suatuyetvoi.com\/muasam\/san-pham\/sua-tuoi-tiet-trung-vi-tu-nhien-th-true-milk-gold-180-ml\/#primaryimage"},"image":{"@id":"https:\/\/suatuyetvoi.com\/muasam\/san-pham\/sua-tuoi-tiet-trung-vi-tu-nhien-th-true-milk-gold-180-ml\/#primaryimage"},"thumbnailUrl":"https:\/\/suatuyetvoi.com\/muasam\/wp-content\/uploads\/2023\/03\/MILK-GOLD-800x800-1.png","datePublished":"2023-03-30T12:45:47+00:00","dateModified":"2023-03-30T12:48:59+00:00","description":"S\u1ea3n ph\u1ea9m s\u1eefa t\u01b0\u01a1i v\u1edbi c\u00f4ng th\u1ee9c dinh d\u01b0\u1ee1ng cho ng\u01b0\u1eddi l\u1edbn \u0111\u1ea7u ti\u00ean t\u1ea1i Vi\u1ec7t Nam nh\u1eb1m h\u1ed7 tr\u1ee3 n\u00e2ng cao s\u1ee9c kho\u1ebb t\u1ed5ng th\u1ec3. S\u1ea3n ph\u1ea9m \u0111\u01b0\u1ee3c b\u1ed5 sung d\u01b0\u1ee1ng ch\u1ea5t cao c\u1ea5p \u0111em l\u1ea1i 06 l\u1ee3i \u00edch","breadcrumb":{"@id":"https:\/\/suatuyetvoi.com\/muasam\/san-pham\/sua-tuoi-tiet-trung-vi-tu-nhien-th-true-milk-gold-180-ml\/#breadcrumb"},"inLanguage":"vi","potentialAction":[{"@type":"ReadAction","target":["https:\/\/suatuyetvoi.com\/muasam\/san-pham\/sua-tuoi-tiet-trung-vi-tu-nhien-th-true-milk-gold-180-ml\/"]}]},{"@type":"ImageObject","inLanguage":"vi","@id":"https:\/\/suatuyetvoi.com\/muasam\/san-pham\/sua-tuoi-tiet-trung-vi-tu-nhien-th-true-milk-gold-180-ml\/#primaryimage","url":"https:\/\/suatuyetvoi.com\/muasam\/wp-content\/uploads\/2023\/03\/MILK-GOLD-800x800-1.png","contentUrl":"https:\/\/suatuyetvoi.com\/muasam\/wp-content\/uploads\/2023\/03\/MILK-GOLD-800x800-1.png","width":800,"height":800},{"@type":"BreadcrumbList","@id":"https:\/\/suatuyetvoi.com\/muasam\/san-pham\/sua-tuoi-tiet-trung-vi-tu-nhien-th-true-milk-gold-180-ml\/#breadcrumb","itemListElement":[{"@type":"ListItem","position":1,"name":"Home","item":"https:\/\/suatuyetvoi.com\/muasam\/"},{"@type":"ListItem","position":2,"name":"Shop","item":"https:\/\/suatuyetvoi.com\/muasam\/shop\/"},{"@type":"ListItem","position":3,"name":"S\u1eefa T\u01b0\u01a1i Ti\u1ec7t Tr\u00f9ng V\u1ecb T\u1ef1 Nhi\u00ean TH true MILK GOLD 180 ml \u2013 C\u00f4ng th\u1ee9c dinh d\u01b0\u1ee1ng cho ng\u01b0\u1eddi l\u1edbn tu\u1ed5i"}]},{"@type":"WebSite","@id":"https:\/\/suatuyetvoi.com\/muasam\/#website","url":"https:\/\/suatuyetvoi.com\/muasam\/","name":"S\u1eefa Tuy\u1ec7t V\u1eddi","description":"S\u1eefa Tuy\u1ec7t V\u1eddi Vi\u1ec7t Nam","potentialAction":[{"@type":"SearchAction","target":{"@type":"EntryPoint","urlTemplate":"https:\/\/suatuyetvoi.com\/muasam\/?s={search_term_string}"},"query-input":{"@type":"PropertyValueSpecification","valueRequired":true,"valueName":"search_term_string"}}],"inLanguage":"vi"}]}},"_links":{"self":[{"href":"https:\/\/suatuyetvoi.com\/muasam\/wp-json\/wp\/v2\/product\/6391","targetHints":{"allow":["GET"]}}],"collection":[{"href":"https:\/\/suatuyetvoi.com\/muasam\/wp-json\/wp\/v2\/product"}],"about":[{"href":"https:\/\/suatuyetvoi.com\/muasam\/wp-json\/wp\/v2\/types\/product"}],"replies":[{"embeddable":true,"href":"https:\/\/suatuyetvoi.com\/muasam\/wp-json\/wp\/v2\/comments?post=6391"}],"wp:featuredmedia":[{"embeddable":true,"href":"https:\/\/suatuyetvoi.com\/muasam\/wp-json\/wp\/v2\/media\/6392"}],"wp:attachment":[{"href":"https:\/\/suatuyetvoi.com\/muasam\/wp-json\/wp\/v2\/media?parent=6391"}],"wp:term":[{"taxonomy":"product_cat","embeddable":true,"href":"https:\/\/suatuyetvoi.com\/muasam\/wp-json\/wp\/v2\/product_cat?post=6391"},{"taxonomy":"product_tag","embeddable":true,"href":"https:\/\/suatuyetvoi.com\/muasam\/wp-json\/wp\/v2\/product_tag?post=6391"}],"curies":[{"name":"wp","href":"https:\/\/api.w.org\/{rel}","templated":true}]}}