{"id":6358,"date":"2023-03-30T19:15:03","date_gmt":"2023-03-30T12:15:03","guid":{"rendered":"https:\/\/suatuyetvoi.com\/muasam\/?post_type=product&#038;p=6358"},"modified":"2023-03-30T19:22:29","modified_gmt":"2023-03-30T12:22:29","slug":"sua-hat-hanh-nhan-dam-dac-duong-cu-cai-loai-125ml-1-hop","status":"publish","type":"product","link":"https:\/\/suatuyetvoi.com\/muasam\/san-pham\/sua-hat-hanh-nhan-dam-dac-duong-cu-cai-loai-125ml-1-hop\/","title":{"rendered":"S\u1eefa h\u1ea1t h\u1ea1nh nh\u00e2n \u0111\u1eadm \u0111\u1eb7c (\u0111\u01b0\u1eddng c\u1ee7 c\u1ea3i) lo\u1ea1i 125ml\/1 h\u1ed9p"},"content":{"rendered":"<div class=\"content full\">\n<div id=\"motasanpham\" class=\"clearfix\">\n<h2>M\u00d4 T\u1ea2 S\u1ea2N PH\u1ea8M<\/h2>\n<ul>\n<li><strong>T\u00ean s\u1ea3n ph\u1ea9m:\u00a0<\/strong>S\u1eefa h\u1ea1t h\u1ea1nh nh\u00e2n ( \u0111\u01b0\u1eddng c\u1ee7 c\u1ea3i)\u00a0lo\u1ea1i 125ml\/1 h\u1ed9p.<\/li>\n<li><strong>Th\u00e0nh ph\u1ea7n:<\/strong>\u00a0H\u1ea1t h\u1ea1nh nh\u00e2n (100% California), \u0111\u01b0\u1eddng c\u1ee7 c\u1ea3i.<\/li>\n<li><strong>C\u00f4ng d\u1ee5ng:<\/strong>\u00a0S\u1eefa h\u1ea1t h\u1ea1nh nh\u00e2n gi\u00fap t\u0103ng s\u1ee9c \u0111\u1ec1 kh\u00e1ng v\u00e0 h\u1ec7 mi\u1ec5n d\u1ecbch d\u00e0nh cho m\u1ecdi l\u1ee9a tu\u1ed5i.\u00a0Gi\u00fap tr\u1ebb k\u00edch th\u00edch \u0103n u\u1ed1ng v\u00e0 ngon mi\u1ec7ng.\u00a0H\u00e0m l\u01b0\u1ee3ng Vitamin E cao gi\u00fap c\u1ea3i thi\u1ec7n tim m\u1ea1ch, huy\u1ebft \u00e1p, d\u1ed3i d\u00e0o canxi, gi\u00fap x\u01b0\u01a1ng lu\u00f4n ch\u1eafc kh\u1ecfe.<\/li>\n<li><strong>H\u01b0\u1edbng d\u1eabn s\u1eed d\u1ee5ng:\u00a0<\/strong>S\u1ea3n ph\u1ea9m c\u00f3 ch\u1ee9a l\u01b0\u1ee3ng h\u1ea1nh nh\u00e2n cao n\u00ean c\u00f3 th\u1ec3 x\u1ea3y ra t\u00ecnh tr\u1ea1ng l\u1eafng h\u1ea1t. L\u1eafc \u0111\u1ec1u tr\u01b0\u1edbc khi s\u1eed d\u1ee5ng.<\/li>\n<li><strong>QUY C\u00c1CH \u0110\u00d3NG G\u00d3I:<\/strong>\u00a0125ml<\/li>\n<li><strong>B\u1ea2O QU\u1ea2N:\u00a0<\/strong>S\u1eefa h\u1ea1t h\u1ea1nh nh\u00e2n \u0111\u01b0\u1ee3c b\u1ea3o qu\u1ea3n \u1edf nhi\u1ec7t \u0111\u1ed9 ph\u00f2ng (18-25 \u0111\u1ed9), \u0111\u1ec3 n\u01a1i kh\u00f4 r\u00e1o, tr\u00e1nh \u00e1nh s\u00e1ng. S\u1eefa c\u00f3 th\u1eddi gian s\u1eed d\u1ee5ng 1 n\u0103m, ng\u00e0y h\u1ebft h\u1ea1n \u0111\u01b0\u1ee3c in tr\u00ean bao b\u00ec.<\/li>\n<li><strong>CH\u1ee8NG CH\u1ec8 S\u1ea2N PH\u1ea8M:<\/strong>\u00a0Nh\u00e0 m\u00e1y Tsukuba \u0111\u1ea1t ch\u1ee9ng nh\u1eadn ISO9001 x\u00e2y d\u1ef1ng v\u00e0 v\u1eadn h\u00e0nh, ISO22000 v\u00e0 FSSC22000 trong d\u00e2y chuy\u1ec1n s\u1eefa ti\u1ec7t tr\u00f9ng.<\/li>\n<li><strong>B\u1ea3o qu\u1ea3n:\u00a0<\/strong>Gi\u1eef \u1edf nhi\u1ec7t \u0111\u1ed9 ph\u00f2ng. Tr\u00e1nh \u00e1nh s\u00e1ng m\u1eb7t tr\u1eddi v\u00e0 \u1ea9m.<\/li>\n<li><strong>Th\u1eddi h\u1ea1n:\u00a0<\/strong>12 th\u00e1ng sau ng\u00e0y s\u1ea3n xu\u1ea5t.<\/li>\n<li><strong>Ng\u00e0y s\u1ea3n xu\u1ea5t:\u00a0<\/strong>ghi tr\u00ean bao b\u00ec s\u1ea3n ph\u1ea9m<\/li>\n<li><strong>L\u01b0u \u00fd:<\/strong><\/li>\n<\/ul>\n<p>&#8211; Kh\u00f4ng l\u00e0m s\u1ea3n ph\u1ea9m r\u01a1i ho\u1eb7c b\u1ecb h\u01b0 h\u1ecfng.<br \/>\n&#8211; B\u1ecdc l\u1ea1i v\u00e0 b\u1ea3o qu\u1ea3n trong t\u1ee7 l\u1ea1nh; s\u1eed d\u1ee5ng ngay khi c\u00f3 th\u1ec3.<\/p>\n<ul>\n<li><strong>Quy tr\u00ecnh s\u1ea3n xu\u1ea5t:\u00a0<\/strong>Solute raw materials \u2192 Filtering (Mesh300) \u2192 Iron removal (Magnet: \u2265 0.7T) \u2192 Filtering (Mesh200) \u2192 Heating \u2192 Homogenize \u2192 Cooling \u2192 Iron removal (Magnet: \u2265 0.7T) \u2192 Filtering (Mesh200) \u2192 VTIS sterilization (145\u2103 30sec) \u2192 Filtering (Mesh80) \u2192 Homogenize \u2192 Cooling \u2192 Filtering (Mesh100) \u2192 Storage \u2192 Aseptic filling \u2192 Weight check \u2192 X-ray check (Sus: \u03c61.2mm, Sus wire: \u03c60.7mm\uff385.0mm) \u2192 Packing \u2192 Check \u2192 Final product<\/li>\n<li><strong>Kh\u00e1c:\u00a0<\/strong>R\u1ea5t \u00edt gellan gum.<\/li>\n<\/ul>\n<ol>\n<li>Corn and soybean are used as culture medium energy for cultivating gellan gum bacteria. Indication is not needed because bacteria soybean leave no traces at the last stage of cultivating.<\/li>\n<li>Corn and soybean are not selected Non-GMO products. Gellan gum is used as food additive and there is no need to show GMO indication.<\/li>\n<\/ol>\n<\/div>\n<\/div>\n","protected":false},"excerpt":{"rendered":"<p>H\u1ec7 d\u01b0\u1ee1ng ch\u1ea5t IQ Plus ph\u00e1t tri\u1ec3n n\u00e3o b\u1ed9<br \/>\nT\u0103ng c\u01b0\u1eddng \u0111\u1ec1 kh\u00e1ng v\u00e0 ti\u00eau h\u00f3a kh\u1ecfe m\u1ea1nh<br \/>\nGi\u00fap h\u1ea5p thu Canxi t\u1ed1t<\/p>\n","protected":false},"featured_media":6362,"comment_status":"open","ping_status":"closed","template":"","meta":[],"product_cat":[514],"product_tag":[530,545,557],"class_list":["post-6358","product","type-product","status-publish","has-post-thumbnail","hentry","product_cat-sua-hat","product_tag-chong-roi-loan-tieu-hoa","product_tag-he-tim-mach-tot","product_tag-sua-dinh-duong","berocket_brand-sua-noi-dia-nhat"],"yoast_head":"<!-- This site is optimized with the Yoast SEO plugin v27.6 - https:\/\/yoast.com\/product\/yoast-seo-wordpress\/ -->\n<title>S\u1eefa h\u1ea1t h\u1ea1nh nh\u00e2n \u0111\u1eadm \u0111\u1eb7c (\u0111\u01b0\u1eddng c\u1ee7 c\u1ea3i) lo\u1ea1i 125ml\/1 h\u1ed9p - \u0110ang Khuy\u1ebfn M\u00e3i<\/title>\n<meta name=\"description\" content=\"S\u1eefa h\u1ea1t h\u1ea1nh nh\u00e2n gi\u00fap t\u0103ng s\u1ee9c \u0111\u1ec1 kh\u00e1ng v\u00e0 h\u1ec7 mi\u1ec5n d\u1ecbch d\u00e0nh cho m\u1ecdi l\u1ee9a tu\u1ed5i. Gi\u00fap tr\u1ebb k\u00edch th\u00edch \u0103n u\u1ed1ng v\u00e0 ngon mi\u1ec7ng. H\u00e0m l\u01b0\u1ee3ng Vitamin E cao gi\u00fap c\u1ea3i thi\u1ec7n tim m\u1ea1ch, huy\u1ebft \u00e1p, d\u1ed3i d\u00e0o canxi, gi\u00fap x\u01b0\u01a1ng lu\u00f4n ch\u1eafc kh\u1ecfe.\" \/>\n<meta name=\"robots\" content=\"index, follow, max-snippet:-1, max-image-preview:large, max-video-preview:-1\" \/>\n<link rel=\"canonical\" href=\"https:\/\/suatuyetvoi.com\/muasam\/san-pham\/sua-hat-hanh-nhan-dam-dac-duong-cu-cai-loai-125ml-1-hop\/\" \/>\n<meta property=\"og:locale\" content=\"vi_VN\" \/>\n<meta property=\"og:type\" content=\"article\" \/>\n<meta property=\"og:title\" content=\"S\u1eefa t\u01b0\u01a1i ti\u1ec7t tr\u00f9ng c\u00f3 \u0111\u01b0\u1eddng Vinamilk 100% S\u1eefa t\u01b0\u01a1i - Th\u00f9ng 48 b\u1ecbch x 220ml - \u0110ang Khuy\u1ebfn m\u00e3i\" \/>\n<meta property=\"og:description\" content=\"Vinamilk S\u1eefa t\u01b0\u01a1i d\u1ea1ng b\u1ecbch 220ml \u0111\u01b0\u1ee3c l\u00e0m t\u1eeb 100% s\u1eefa b\u00f2 t\u01b0\u01a1i nguy\u00ean ch\u1ea5t t\u1eeb h\u1ec7 th\u1ed1ng trang tr\u1ea1i chu\u1ea9n Qu\u1ed1c t\u1ebf l\u1edbn nh\u1ea5t Ch\u00e2u \u00c1.\" \/>\n<meta property=\"og:url\" content=\"https:\/\/suatuyetvoi.com\/muasam\/san-pham\/sua-hat-hanh-nhan-dam-dac-duong-cu-cai-loai-125ml-1-hop\/\" \/>\n<meta property=\"og:site_name\" content=\"S\u1eefa Tuy\u1ec7t V\u1eddi\" \/>\n<meta property=\"article:modified_time\" content=\"2023-03-30T12:22:29+00:00\" \/>\n<meta property=\"og:image\" content=\"https:\/\/suatuyetvoi.com\/muasam\/wp-content\/uploads\/2023\/03\/cucai1-removebg-preview.png\" \/>\n\t<meta property=\"og:image:width\" content=\"527\" \/>\n\t<meta property=\"og:image:height\" content=\"474\" \/>\n\t<meta property=\"og:image:type\" content=\"image\/png\" \/>\n<meta name=\"twitter:card\" content=\"summary_large_image\" \/>\n<meta name=\"twitter:title\" content=\"S\u1eefa t\u01b0\u01a1i ti\u1ec7t tr\u00f9ng c\u00f3 \u0111\u01b0\u1eddng Vinamilk 100% S\u1eefa t\u01b0\u01a1i - Th\u00f9ng 48 b\u1ecbch x 220ml - \u0110ang Khuy\u1ebfn m\u00e3i\" \/>\n<meta name=\"twitter:description\" content=\"Vinamilk S\u1eefa t\u01b0\u01a1i d\u1ea1ng b\u1ecbch 220ml \u0111\u01b0\u1ee3c l\u00e0m t\u1eeb 100% s\u1eefa b\u00f2 t\u01b0\u01a1i nguy\u00ean ch\u1ea5t t\u1eeb h\u1ec7 th\u1ed1ng trang tr\u1ea1i chu\u1ea9n Qu\u1ed1c t\u1ebf l\u1edbn nh\u1ea5t Ch\u00e2u \u00c1.\" \/>\n<meta name=\"twitter:label1\" content=\"\u01af\u1edbc t\u00ednh th\u1eddi gian \u0111\u1ecdc\" \/>\n\t<meta name=\"twitter:data1\" content=\"2 ph\u00fat\" \/>\n<script type=\"application\/ld+json\" class=\"yoast-schema-graph\">{\"@context\":\"https:\\\/\\\/schema.org\",\"@graph\":[{\"@type\":\"WebPage\",\"@id\":\"https:\\\/\\\/suatuyetvoi.com\\\/muasam\\\/san-pham\\\/sua-hat-hanh-nhan-dam-dac-duong-cu-cai-loai-125ml-1-hop\\\/\",\"url\":\"https:\\\/\\\/suatuyetvoi.com\\\/muasam\\\/san-pham\\\/sua-hat-hanh-nhan-dam-dac-duong-cu-cai-loai-125ml-1-hop\\\/\",\"name\":\"S\u1eefa h\u1ea1t h\u1ea1nh nh\u00e2n \u0111\u1eadm \u0111\u1eb7c (\u0111\u01b0\u1eddng c\u1ee7 c\u1ea3i) lo\u1ea1i 125ml\\\/1 h\u1ed9p - \u0110ang Khuy\u1ebfn M\u00e3i\",\"isPartOf\":{\"@id\":\"https:\\\/\\\/suatuyetvoi.com\\\/muasam\\\/#website\"},\"primaryImageOfPage\":{\"@id\":\"https:\\\/\\\/suatuyetvoi.com\\\/muasam\\\/san-pham\\\/sua-hat-hanh-nhan-dam-dac-duong-cu-cai-loai-125ml-1-hop\\\/#primaryimage\"},\"image\":{\"@id\":\"https:\\\/\\\/suatuyetvoi.com\\\/muasam\\\/san-pham\\\/sua-hat-hanh-nhan-dam-dac-duong-cu-cai-loai-125ml-1-hop\\\/#primaryimage\"},\"thumbnailUrl\":\"https:\\\/\\\/suatuyetvoi.com\\\/muasam\\\/wp-content\\\/uploads\\\/2023\\\/03\\\/cucai1-removebg-preview.png\",\"datePublished\":\"2023-03-30T12:15:03+00:00\",\"dateModified\":\"2023-03-30T12:22:29+00:00\",\"description\":\"S\u1eefa h\u1ea1t h\u1ea1nh nh\u00e2n gi\u00fap t\u0103ng s\u1ee9c \u0111\u1ec1 kh\u00e1ng v\u00e0 h\u1ec7 mi\u1ec5n d\u1ecbch d\u00e0nh cho m\u1ecdi l\u1ee9a tu\u1ed5i. Gi\u00fap tr\u1ebb k\u00edch th\u00edch \u0103n u\u1ed1ng v\u00e0 ngon mi\u1ec7ng. H\u00e0m l\u01b0\u1ee3ng Vitamin E cao gi\u00fap c\u1ea3i thi\u1ec7n tim m\u1ea1ch, huy\u1ebft \u00e1p, d\u1ed3i d\u00e0o canxi, gi\u00fap x\u01b0\u01a1ng lu\u00f4n ch\u1eafc kh\u1ecfe.\",\"breadcrumb\":{\"@id\":\"https:\\\/\\\/suatuyetvoi.com\\\/muasam\\\/san-pham\\\/sua-hat-hanh-nhan-dam-dac-duong-cu-cai-loai-125ml-1-hop\\\/#breadcrumb\"},\"inLanguage\":\"vi\",\"potentialAction\":[{\"@type\":\"ReadAction\",\"target\":[\"https:\\\/\\\/suatuyetvoi.com\\\/muasam\\\/san-pham\\\/sua-hat-hanh-nhan-dam-dac-duong-cu-cai-loai-125ml-1-hop\\\/\"]}]},{\"@type\":\"ImageObject\",\"inLanguage\":\"vi\",\"@id\":\"https:\\\/\\\/suatuyetvoi.com\\\/muasam\\\/san-pham\\\/sua-hat-hanh-nhan-dam-dac-duong-cu-cai-loai-125ml-1-hop\\\/#primaryimage\",\"url\":\"https:\\\/\\\/suatuyetvoi.com\\\/muasam\\\/wp-content\\\/uploads\\\/2023\\\/03\\\/cucai1-removebg-preview.png\",\"contentUrl\":\"https:\\\/\\\/suatuyetvoi.com\\\/muasam\\\/wp-content\\\/uploads\\\/2023\\\/03\\\/cucai1-removebg-preview.png\",\"width\":527,\"height\":474},{\"@type\":\"BreadcrumbList\",\"@id\":\"https:\\\/\\\/suatuyetvoi.com\\\/muasam\\\/san-pham\\\/sua-hat-hanh-nhan-dam-dac-duong-cu-cai-loai-125ml-1-hop\\\/#breadcrumb\",\"itemListElement\":[{\"@type\":\"ListItem\",\"position\":1,\"name\":\"Home\",\"item\":\"https:\\\/\\\/suatuyetvoi.com\\\/muasam\\\/\"},{\"@type\":\"ListItem\",\"position\":2,\"name\":\"Shop\",\"item\":\"https:\\\/\\\/suatuyetvoi.com\\\/muasam\\\/shop\\\/\"},{\"@type\":\"ListItem\",\"position\":3,\"name\":\"S\u1eefa h\u1ea1t h\u1ea1nh nh\u00e2n \u0111\u1eadm \u0111\u1eb7c (\u0111\u01b0\u1eddng c\u1ee7 c\u1ea3i) lo\u1ea1i 125ml\\\/1 h\u1ed9p\"}]},{\"@type\":\"WebSite\",\"@id\":\"https:\\\/\\\/suatuyetvoi.com\\\/muasam\\\/#website\",\"url\":\"https:\\\/\\\/suatuyetvoi.com\\\/muasam\\\/\",\"name\":\"S\u1eefa Tuy\u1ec7t V\u1eddi\",\"description\":\"S\u1eefa Tuy\u1ec7t V\u1eddi Vi\u1ec7t Nam\",\"potentialAction\":[{\"@type\":\"SearchAction\",\"target\":{\"@type\":\"EntryPoint\",\"urlTemplate\":\"https:\\\/\\\/suatuyetvoi.com\\\/muasam\\\/?s={search_term_string}\"},\"query-input\":{\"@type\":\"PropertyValueSpecification\",\"valueRequired\":true,\"valueName\":\"search_term_string\"}}],\"inLanguage\":\"vi\"}]}<\/script>\n<!-- \/ Yoast SEO plugin. -->","yoast_head_json":{"title":"S\u1eefa h\u1ea1t h\u1ea1nh nh\u00e2n \u0111\u1eadm \u0111\u1eb7c (\u0111\u01b0\u1eddng c\u1ee7 c\u1ea3i) lo\u1ea1i 125ml\/1 h\u1ed9p - \u0110ang Khuy\u1ebfn M\u00e3i","description":"S\u1eefa h\u1ea1t h\u1ea1nh nh\u00e2n gi\u00fap t\u0103ng s\u1ee9c \u0111\u1ec1 kh\u00e1ng v\u00e0 h\u1ec7 mi\u1ec5n d\u1ecbch d\u00e0nh cho m\u1ecdi l\u1ee9a tu\u1ed5i. Gi\u00fap tr\u1ebb k\u00edch th\u00edch \u0103n u\u1ed1ng v\u00e0 ngon mi\u1ec7ng. H\u00e0m l\u01b0\u1ee3ng Vitamin E cao gi\u00fap c\u1ea3i thi\u1ec7n tim m\u1ea1ch, huy\u1ebft \u00e1p, d\u1ed3i d\u00e0o canxi, gi\u00fap x\u01b0\u01a1ng lu\u00f4n ch\u1eafc kh\u1ecfe.","robots":{"index":"index","follow":"follow","max-snippet":"max-snippet:-1","max-image-preview":"max-image-preview:large","max-video-preview":"max-video-preview:-1"},"canonical":"https:\/\/suatuyetvoi.com\/muasam\/san-pham\/sua-hat-hanh-nhan-dam-dac-duong-cu-cai-loai-125ml-1-hop\/","og_locale":"vi_VN","og_type":"article","og_title":"S\u1eefa t\u01b0\u01a1i ti\u1ec7t tr\u00f9ng c\u00f3 \u0111\u01b0\u1eddng Vinamilk 100% S\u1eefa t\u01b0\u01a1i - Th\u00f9ng 48 b\u1ecbch x 220ml - \u0110ang Khuy\u1ebfn m\u00e3i","og_description":"Vinamilk S\u1eefa t\u01b0\u01a1i d\u1ea1ng b\u1ecbch 220ml \u0111\u01b0\u1ee3c l\u00e0m t\u1eeb 100% s\u1eefa b\u00f2 t\u01b0\u01a1i nguy\u00ean ch\u1ea5t t\u1eeb h\u1ec7 th\u1ed1ng trang tr\u1ea1i chu\u1ea9n Qu\u1ed1c t\u1ebf l\u1edbn nh\u1ea5t Ch\u00e2u \u00c1.","og_url":"https:\/\/suatuyetvoi.com\/muasam\/san-pham\/sua-hat-hanh-nhan-dam-dac-duong-cu-cai-loai-125ml-1-hop\/","og_site_name":"S\u1eefa Tuy\u1ec7t V\u1eddi","article_modified_time":"2023-03-30T12:22:29+00:00","og_image":[{"width":527,"height":474,"url":"https:\/\/suatuyetvoi.com\/muasam\/wp-content\/uploads\/2023\/03\/cucai1-removebg-preview.png","type":"image\/png"}],"twitter_card":"summary_large_image","twitter_title":"S\u1eefa t\u01b0\u01a1i ti\u1ec7t tr\u00f9ng c\u00f3 \u0111\u01b0\u1eddng Vinamilk 100% S\u1eefa t\u01b0\u01a1i - Th\u00f9ng 48 b\u1ecbch x 220ml - \u0110ang Khuy\u1ebfn m\u00e3i","twitter_description":"Vinamilk S\u1eefa t\u01b0\u01a1i d\u1ea1ng b\u1ecbch 220ml \u0111\u01b0\u1ee3c l\u00e0m t\u1eeb 100% s\u1eefa b\u00f2 t\u01b0\u01a1i nguy\u00ean ch\u1ea5t t\u1eeb h\u1ec7 th\u1ed1ng trang tr\u1ea1i chu\u1ea9n Qu\u1ed1c t\u1ebf l\u1edbn nh\u1ea5t Ch\u00e2u \u00c1.","twitter_misc":{"\u01af\u1edbc t\u00ednh th\u1eddi gian \u0111\u1ecdc":"2 ph\u00fat"},"schema":{"@context":"https:\/\/schema.org","@graph":[{"@type":"WebPage","@id":"https:\/\/suatuyetvoi.com\/muasam\/san-pham\/sua-hat-hanh-nhan-dam-dac-duong-cu-cai-loai-125ml-1-hop\/","url":"https:\/\/suatuyetvoi.com\/muasam\/san-pham\/sua-hat-hanh-nhan-dam-dac-duong-cu-cai-loai-125ml-1-hop\/","name":"S\u1eefa h\u1ea1t h\u1ea1nh nh\u00e2n \u0111\u1eadm \u0111\u1eb7c (\u0111\u01b0\u1eddng c\u1ee7 c\u1ea3i) lo\u1ea1i 125ml\/1 h\u1ed9p - \u0110ang Khuy\u1ebfn M\u00e3i","isPartOf":{"@id":"https:\/\/suatuyetvoi.com\/muasam\/#website"},"primaryImageOfPage":{"@id":"https:\/\/suatuyetvoi.com\/muasam\/san-pham\/sua-hat-hanh-nhan-dam-dac-duong-cu-cai-loai-125ml-1-hop\/#primaryimage"},"image":{"@id":"https:\/\/suatuyetvoi.com\/muasam\/san-pham\/sua-hat-hanh-nhan-dam-dac-duong-cu-cai-loai-125ml-1-hop\/#primaryimage"},"thumbnailUrl":"https:\/\/suatuyetvoi.com\/muasam\/wp-content\/uploads\/2023\/03\/cucai1-removebg-preview.png","datePublished":"2023-03-30T12:15:03+00:00","dateModified":"2023-03-30T12:22:29+00:00","description":"S\u1eefa h\u1ea1t h\u1ea1nh nh\u00e2n gi\u00fap t\u0103ng s\u1ee9c \u0111\u1ec1 kh\u00e1ng v\u00e0 h\u1ec7 mi\u1ec5n d\u1ecbch d\u00e0nh cho m\u1ecdi l\u1ee9a tu\u1ed5i. Gi\u00fap tr\u1ebb k\u00edch th\u00edch \u0103n u\u1ed1ng v\u00e0 ngon mi\u1ec7ng. H\u00e0m l\u01b0\u1ee3ng Vitamin E cao gi\u00fap c\u1ea3i thi\u1ec7n tim m\u1ea1ch, huy\u1ebft \u00e1p, d\u1ed3i d\u00e0o canxi, gi\u00fap x\u01b0\u01a1ng lu\u00f4n ch\u1eafc kh\u1ecfe.","breadcrumb":{"@id":"https:\/\/suatuyetvoi.com\/muasam\/san-pham\/sua-hat-hanh-nhan-dam-dac-duong-cu-cai-loai-125ml-1-hop\/#breadcrumb"},"inLanguage":"vi","potentialAction":[{"@type":"ReadAction","target":["https:\/\/suatuyetvoi.com\/muasam\/san-pham\/sua-hat-hanh-nhan-dam-dac-duong-cu-cai-loai-125ml-1-hop\/"]}]},{"@type":"ImageObject","inLanguage":"vi","@id":"https:\/\/suatuyetvoi.com\/muasam\/san-pham\/sua-hat-hanh-nhan-dam-dac-duong-cu-cai-loai-125ml-1-hop\/#primaryimage","url":"https:\/\/suatuyetvoi.com\/muasam\/wp-content\/uploads\/2023\/03\/cucai1-removebg-preview.png","contentUrl":"https:\/\/suatuyetvoi.com\/muasam\/wp-content\/uploads\/2023\/03\/cucai1-removebg-preview.png","width":527,"height":474},{"@type":"BreadcrumbList","@id":"https:\/\/suatuyetvoi.com\/muasam\/san-pham\/sua-hat-hanh-nhan-dam-dac-duong-cu-cai-loai-125ml-1-hop\/#breadcrumb","itemListElement":[{"@type":"ListItem","position":1,"name":"Home","item":"https:\/\/suatuyetvoi.com\/muasam\/"},{"@type":"ListItem","position":2,"name":"Shop","item":"https:\/\/suatuyetvoi.com\/muasam\/shop\/"},{"@type":"ListItem","position":3,"name":"S\u1eefa h\u1ea1t h\u1ea1nh nh\u00e2n \u0111\u1eadm \u0111\u1eb7c (\u0111\u01b0\u1eddng c\u1ee7 c\u1ea3i) lo\u1ea1i 125ml\/1 h\u1ed9p"}]},{"@type":"WebSite","@id":"https:\/\/suatuyetvoi.com\/muasam\/#website","url":"https:\/\/suatuyetvoi.com\/muasam\/","name":"S\u1eefa Tuy\u1ec7t V\u1eddi","description":"S\u1eefa Tuy\u1ec7t V\u1eddi Vi\u1ec7t Nam","potentialAction":[{"@type":"SearchAction","target":{"@type":"EntryPoint","urlTemplate":"https:\/\/suatuyetvoi.com\/muasam\/?s={search_term_string}"},"query-input":{"@type":"PropertyValueSpecification","valueRequired":true,"valueName":"search_term_string"}}],"inLanguage":"vi"}]}},"_links":{"self":[{"href":"https:\/\/suatuyetvoi.com\/muasam\/wp-json\/wp\/v2\/product\/6358","targetHints":{"allow":["GET"]}}],"collection":[{"href":"https:\/\/suatuyetvoi.com\/muasam\/wp-json\/wp\/v2\/product"}],"about":[{"href":"https:\/\/suatuyetvoi.com\/muasam\/wp-json\/wp\/v2\/types\/product"}],"replies":[{"embeddable":true,"href":"https:\/\/suatuyetvoi.com\/muasam\/wp-json\/wp\/v2\/comments?post=6358"}],"wp:featuredmedia":[{"embeddable":true,"href":"https:\/\/suatuyetvoi.com\/muasam\/wp-json\/wp\/v2\/media\/6362"}],"wp:attachment":[{"href":"https:\/\/suatuyetvoi.com\/muasam\/wp-json\/wp\/v2\/media?parent=6358"}],"wp:term":[{"taxonomy":"product_cat","embeddable":true,"href":"https:\/\/suatuyetvoi.com\/muasam\/wp-json\/wp\/v2\/product_cat?post=6358"},{"taxonomy":"product_tag","embeddable":true,"href":"https:\/\/suatuyetvoi.com\/muasam\/wp-json\/wp\/v2\/product_tag?post=6358"}],"curies":[{"name":"wp","href":"https:\/\/api.w.org\/{rel}","templated":true}]}}