{"id":6357,"date":"2023-03-30T19:14:44","date_gmt":"2023-03-30T12:14:44","guid":{"rendered":"https:\/\/suatuyetvoi.com\/muasam\/?post_type=product&#038;p=6357"},"modified":"2023-03-30T19:17:35","modified_gmt":"2023-03-30T12:17:35","slug":"sua-tuoi-tiet-trung-th-true-milk-huong-dau-tu-nhien-180-ml","status":"publish","type":"product","link":"https:\/\/suatuyetvoi.com\/muasam\/san-pham\/sua-tuoi-tiet-trung-th-true-milk-huong-dau-tu-nhien-180-ml\/","title":{"rendered":"S\u1eefa T\u01b0\u01a1i Ti\u1ec7t Tr\u00f9ng TH true MILK H\u01b0\u01a1ng D\u00e2u T\u1ef1 Nhi\u00ean 180 ml"},"content":{"rendered":"<h3>Th\u00f4ng tin chi ti\u1ebft<\/h3>\n<div class=\"addclassfont16\">\n<ul>\n<li>Quy c\u00e1ch \u0111\u00f3ng g\u00f3i: l\u1ed1c 4 h\u1ed9p<\/li>\n<li>Dung t\u00edch: 180 ml\/h\u1ed9p<\/li>\n<\/ul>\n<p>\u2013 Ho\u00e0n to\u00e0n t\u1eeb s\u1eefa t\u01b0\u01a1i s\u1ea1ch nguy\u00ean ch\u1ea5t c\u1ee7a Trang tr\u1ea1i TH<br \/>\n\u2013 \u0110\u01b0\u1ee3c s\u1ea3n xu\u1ea5t theo m\u1ed9t quy tr\u00ecnh s\u1ea1ch, kh\u00e9p k\u00edn t\u1eeb \u0111\u1ed3ng c\u1ecf \u0111\u1ebfn b\u00e0n \u0103n<br \/>\n\u2013 Kh\u00f4ng s\u1eed d\u1ee5ng ch\u1ea5t b\u1ea3o qu\u1ea3n<\/p>\n<p><strong>H\u1ea1n s\u1eed d\u1ee5ng:<\/strong> 6 th\u00e1ng k\u1ec3 t\u1eeb ng\u00e0y s\u1ea3n xu\u1ea5t<\/p>\n<h3>H\u01b0\u1edbng d\u1eabn b\u1ea3o qu\u1ea3n v\u00e0 s\u1eed d\u1ee5ng:<\/h3>\n<p>B\u1ea3o qu\u1ea3n n\u01a1i kh\u00f4 r\u00e1o v\u00e0 tho\u00e1ng m\u00e1t.<br \/>\nSau khi m\u1edf h\u1ed9p, b\u1ea3o qu\u1ea3n l\u1ea1nh \u1edf 4\u00b0C- 10\u00b0C v\u00e0 s\u1eed d\u1ee5ng h\u1ebft trong v\u00f2ng 3 ng\u00e0y.<br \/>\nNgon h\u01a1n khi u\u1ed1ng l\u1ea1nh.<br \/>\nS\u1ea3n ph\u1ea9m c\u00f3 ch\u1ee9a s\u1eefa.<br \/>\nHSD: 06 th\u00e1ng k\u1ec3 t\u1eeb ng\u00e0y s\u1ea3n xu\u1ea5t<\/p>\n<h3>Th\u00e0nh ph\u1ea7n dinh d\u01b0\u1ee1ng trung tr\u00ecnh trong 100 ml:<\/h3>\n<table width=\"223\">\n<tbody>\n<tr>\n<td width=\"109\">N\u0103ng l\u01b0\u1ee3ng:<\/td>\n<td width=\"67\">80 kcal<\/td>\n<\/tr>\n<tr>\n<td>Ch\u1ea5t b\u00e9o:<\/td>\n<td>3,2 g<\/td>\n<\/tr>\n<tr>\n<td>Ch\u1ea5t \u0111\u1ea1m:<\/td>\n<td>2,8 g<\/td>\n<\/tr>\n<tr>\n<td>Hydrat cacbon:<\/td>\n<td>10 g<\/td>\n<\/tr>\n<tr>\n<td>Canxi:<\/td>\n<td>107 mg<\/td>\n<\/tr>\n<\/tbody>\n<\/table>\n<p>C\u00e1c vitamin v\u00e0 kho\u00e1ng ch\u1ea5t c\u00f3 s\u1eb5n trong s\u1eefa t\u01b0\u01a1i<\/p>\n<\/div>\n","protected":false},"excerpt":{"rendered":"<p>H\u1ec7 d\u01b0\u1ee1ng ch\u1ea5t IQ Plus ph\u00e1t tri\u1ec3n n\u00e3o b\u1ed9<br \/>\nT\u0103ng c\u01b0\u1eddng \u0111\u1ec1 kh\u00e1ng v\u00e0 ti\u00eau h\u00f3a kh\u1ecfe m\u1ea1nh<br \/>\nGi\u00fap h\u1ea5p thu Canxi t\u1ed1t<\/p>\n","protected":false},"featured_media":6360,"comment_status":"open","ping_status":"closed","template":"","meta":[],"product_cat":[513],"product_tag":[574,575,566],"class_list":["post-6357","product","type-product","status-publish","has-post-thumbnail","hentry","product_cat-sua-tuoi","product_tag-ho-tro-tang-suc-de-khang","product_tag-tang-cuong-de-khang","product_tag-tang-cuong-suc-de-khang","berocket_brand-th-true-milk"],"yoast_head":"<!-- This site is optimized with the Yoast SEO plugin v27.6 - https:\/\/yoast.com\/product\/yoast-seo-wordpress\/ -->\n<title>S\u1eefa T\u01b0\u01a1i Ti\u1ec7t Tr\u00f9ng TH true MILK H\u01b0\u01a1ng D\u00e2u T\u1ef1 Nhi\u00ean 180 ml - \u0110ang Khuy\u1ebfn m\u00e3i<\/title>\n<meta name=\"description\" content=\"Ho\u00e0n to\u00e0n t\u1eeb s\u1eefa t\u01b0\u01a1i s\u1ea1ch nguy\u00ean ch\u1ea5t c\u1ee7a. Trang tr\u1ea1i TH \u0110\u01b0\u1ee3c s\u1ea3n xu\u1ea5t theo m\u1ed9t quy tr\u00ecnh s\u1ea1ch, kh\u00e9p k\u00edn t\u1eeb \u0111\u1ed3ng c\u1ecf \u0111\u1ebfn b\u00e0n \u0103n. Kh\u00f4ng s\u1eed d\u1ee5ng ch\u1ea5t b\u1ea3o qu\u1ea3n\" \/>\n<meta name=\"robots\" content=\"index, follow, max-snippet:-1, max-image-preview:large, max-video-preview:-1\" \/>\n<link rel=\"canonical\" href=\"https:\/\/suatuyetvoi.com\/muasam\/san-pham\/sua-tuoi-tiet-trung-th-true-milk-huong-dau-tu-nhien-180-ml\/\" \/>\n<meta property=\"og:locale\" content=\"vi_VN\" \/>\n<meta property=\"og:type\" content=\"article\" \/>\n<meta property=\"og:title\" content=\"S\u1eefa T\u01b0\u01a1i Ti\u1ec7t Tr\u00f9ng TH true MILK H\u01b0\u01a1ng D\u00e2u T\u1ef1 Nhi\u00ean 180 ml - \u0110ang Khuy\u1ebfn m\u00e3i\" \/>\n<meta property=\"og:description\" content=\"Ho\u00e0n to\u00e0n t\u1eeb s\u1eefa t\u01b0\u01a1i s\u1ea1ch nguy\u00ean ch\u1ea5t c\u1ee7a. Trang tr\u1ea1i TH \u0110\u01b0\u1ee3c s\u1ea3n xu\u1ea5t theo m\u1ed9t quy tr\u00ecnh s\u1ea1ch, kh\u00e9p k\u00edn t\u1eeb \u0111\u1ed3ng c\u1ecf \u0111\u1ebfn b\u00e0n \u0103n. Kh\u00f4ng s\u1eed d\u1ee5ng ch\u1ea5t b\u1ea3o qu\u1ea3n\" \/>\n<meta property=\"og:url\" content=\"https:\/\/suatuyetvoi.com\/muasam\/san-pham\/sua-tuoi-tiet-trung-th-true-milk-huong-dau-tu-nhien-180-ml\/\" \/>\n<meta property=\"og:site_name\" content=\"S\u1eefa Tuy\u1ec7t V\u1eddi\" \/>\n<meta property=\"article:modified_time\" content=\"2023-03-30T12:17:35+00:00\" \/>\n<meta property=\"og:image\" content=\"https:\/\/suatuyetvoi.com\/muasam\/wp-content\/uploads\/2023\/03\/UHT-180-dau-800x800-1.png\" \/>\n\t<meta property=\"og:image:width\" content=\"800\" \/>\n\t<meta property=\"og:image:height\" content=\"800\" \/>\n\t<meta property=\"og:image:type\" content=\"image\/png\" \/>\n<meta name=\"twitter:card\" content=\"summary_large_image\" \/>\n<meta name=\"twitter:title\" content=\"S\u1eefa T\u01b0\u01a1i Ti\u1ec7t Tr\u00f9ng TH true MILK H\u01b0\u01a1ng D\u00e2u T\u1ef1 Nhi\u00ean 180 ml - \u0110ang Khuy\u1ebfn m\u00e3i\" \/>\n<meta name=\"twitter:description\" content=\"Ho\u00e0n to\u00e0n t\u1eeb s\u1eefa t\u01b0\u01a1i s\u1ea1ch nguy\u00ean ch\u1ea5t c\u1ee7a. Trang tr\u1ea1i TH \u0110\u01b0\u1ee3c s\u1ea3n xu\u1ea5t theo m\u1ed9t quy tr\u00ecnh s\u1ea1ch, kh\u00e9p k\u00edn t\u1eeb \u0111\u1ed3ng c\u1ecf \u0111\u1ebfn b\u00e0n \u0103n. Kh\u00f4ng s\u1eed d\u1ee5ng ch\u1ea5t b\u1ea3o qu\u1ea3n\" \/>\n<meta name=\"twitter:label1\" content=\"\u01af\u1edbc t\u00ednh th\u1eddi gian \u0111\u1ecdc\" \/>\n\t<meta name=\"twitter:data1\" content=\"1 ph\u00fat\" \/>\n<script type=\"application\/ld+json\" class=\"yoast-schema-graph\">{\"@context\":\"https:\\\/\\\/schema.org\",\"@graph\":[{\"@type\":\"WebPage\",\"@id\":\"https:\\\/\\\/suatuyetvoi.com\\\/muasam\\\/san-pham\\\/sua-tuoi-tiet-trung-th-true-milk-huong-dau-tu-nhien-180-ml\\\/\",\"url\":\"https:\\\/\\\/suatuyetvoi.com\\\/muasam\\\/san-pham\\\/sua-tuoi-tiet-trung-th-true-milk-huong-dau-tu-nhien-180-ml\\\/\",\"name\":\"S\u1eefa T\u01b0\u01a1i Ti\u1ec7t Tr\u00f9ng TH true MILK H\u01b0\u01a1ng D\u00e2u T\u1ef1 Nhi\u00ean 180 ml - \u0110ang Khuy\u1ebfn m\u00e3i\",\"isPartOf\":{\"@id\":\"https:\\\/\\\/suatuyetvoi.com\\\/muasam\\\/#website\"},\"primaryImageOfPage\":{\"@id\":\"https:\\\/\\\/suatuyetvoi.com\\\/muasam\\\/san-pham\\\/sua-tuoi-tiet-trung-th-true-milk-huong-dau-tu-nhien-180-ml\\\/#primaryimage\"},\"image\":{\"@id\":\"https:\\\/\\\/suatuyetvoi.com\\\/muasam\\\/san-pham\\\/sua-tuoi-tiet-trung-th-true-milk-huong-dau-tu-nhien-180-ml\\\/#primaryimage\"},\"thumbnailUrl\":\"https:\\\/\\\/suatuyetvoi.com\\\/muasam\\\/wp-content\\\/uploads\\\/2023\\\/03\\\/UHT-180-dau-800x800-1.png\",\"datePublished\":\"2023-03-30T12:14:44+00:00\",\"dateModified\":\"2023-03-30T12:17:35+00:00\",\"description\":\"Ho\u00e0n to\u00e0n t\u1eeb s\u1eefa t\u01b0\u01a1i s\u1ea1ch nguy\u00ean ch\u1ea5t c\u1ee7a. Trang tr\u1ea1i TH \u0110\u01b0\u1ee3c s\u1ea3n xu\u1ea5t theo m\u1ed9t quy tr\u00ecnh s\u1ea1ch, kh\u00e9p k\u00edn t\u1eeb \u0111\u1ed3ng c\u1ecf \u0111\u1ebfn b\u00e0n \u0103n. Kh\u00f4ng s\u1eed d\u1ee5ng ch\u1ea5t b\u1ea3o qu\u1ea3n\",\"breadcrumb\":{\"@id\":\"https:\\\/\\\/suatuyetvoi.com\\\/muasam\\\/san-pham\\\/sua-tuoi-tiet-trung-th-true-milk-huong-dau-tu-nhien-180-ml\\\/#breadcrumb\"},\"inLanguage\":\"vi\",\"potentialAction\":[{\"@type\":\"ReadAction\",\"target\":[\"https:\\\/\\\/suatuyetvoi.com\\\/muasam\\\/san-pham\\\/sua-tuoi-tiet-trung-th-true-milk-huong-dau-tu-nhien-180-ml\\\/\"]}]},{\"@type\":\"ImageObject\",\"inLanguage\":\"vi\",\"@id\":\"https:\\\/\\\/suatuyetvoi.com\\\/muasam\\\/san-pham\\\/sua-tuoi-tiet-trung-th-true-milk-huong-dau-tu-nhien-180-ml\\\/#primaryimage\",\"url\":\"https:\\\/\\\/suatuyetvoi.com\\\/muasam\\\/wp-content\\\/uploads\\\/2023\\\/03\\\/UHT-180-dau-800x800-1.png\",\"contentUrl\":\"https:\\\/\\\/suatuyetvoi.com\\\/muasam\\\/wp-content\\\/uploads\\\/2023\\\/03\\\/UHT-180-dau-800x800-1.png\",\"width\":800,\"height\":800},{\"@type\":\"BreadcrumbList\",\"@id\":\"https:\\\/\\\/suatuyetvoi.com\\\/muasam\\\/san-pham\\\/sua-tuoi-tiet-trung-th-true-milk-huong-dau-tu-nhien-180-ml\\\/#breadcrumb\",\"itemListElement\":[{\"@type\":\"ListItem\",\"position\":1,\"name\":\"Home\",\"item\":\"https:\\\/\\\/suatuyetvoi.com\\\/muasam\\\/\"},{\"@type\":\"ListItem\",\"position\":2,\"name\":\"Shop\",\"item\":\"https:\\\/\\\/suatuyetvoi.com\\\/muasam\\\/shop\\\/\"},{\"@type\":\"ListItem\",\"position\":3,\"name\":\"S\u1eefa T\u01b0\u01a1i Ti\u1ec7t Tr\u00f9ng TH true MILK H\u01b0\u01a1ng D\u00e2u T\u1ef1 Nhi\u00ean 180 ml\"}]},{\"@type\":\"WebSite\",\"@id\":\"https:\\\/\\\/suatuyetvoi.com\\\/muasam\\\/#website\",\"url\":\"https:\\\/\\\/suatuyetvoi.com\\\/muasam\\\/\",\"name\":\"S\u1eefa Tuy\u1ec7t V\u1eddi\",\"description\":\"S\u1eefa Tuy\u1ec7t V\u1eddi Vi\u1ec7t Nam\",\"potentialAction\":[{\"@type\":\"SearchAction\",\"target\":{\"@type\":\"EntryPoint\",\"urlTemplate\":\"https:\\\/\\\/suatuyetvoi.com\\\/muasam\\\/?s={search_term_string}\"},\"query-input\":{\"@type\":\"PropertyValueSpecification\",\"valueRequired\":true,\"valueName\":\"search_term_string\"}}],\"inLanguage\":\"vi\"}]}<\/script>\n<!-- \/ Yoast SEO plugin. -->","yoast_head_json":{"title":"S\u1eefa T\u01b0\u01a1i Ti\u1ec7t Tr\u00f9ng TH true MILK H\u01b0\u01a1ng D\u00e2u T\u1ef1 Nhi\u00ean 180 ml - \u0110ang Khuy\u1ebfn m\u00e3i","description":"Ho\u00e0n to\u00e0n t\u1eeb s\u1eefa t\u01b0\u01a1i s\u1ea1ch nguy\u00ean ch\u1ea5t c\u1ee7a. Trang tr\u1ea1i TH \u0110\u01b0\u1ee3c s\u1ea3n xu\u1ea5t theo m\u1ed9t quy tr\u00ecnh s\u1ea1ch, kh\u00e9p k\u00edn t\u1eeb \u0111\u1ed3ng c\u1ecf \u0111\u1ebfn b\u00e0n \u0103n. Kh\u00f4ng s\u1eed d\u1ee5ng ch\u1ea5t b\u1ea3o qu\u1ea3n","robots":{"index":"index","follow":"follow","max-snippet":"max-snippet:-1","max-image-preview":"max-image-preview:large","max-video-preview":"max-video-preview:-1"},"canonical":"https:\/\/suatuyetvoi.com\/muasam\/san-pham\/sua-tuoi-tiet-trung-th-true-milk-huong-dau-tu-nhien-180-ml\/","og_locale":"vi_VN","og_type":"article","og_title":"S\u1eefa T\u01b0\u01a1i Ti\u1ec7t Tr\u00f9ng TH true MILK H\u01b0\u01a1ng D\u00e2u T\u1ef1 Nhi\u00ean 180 ml - \u0110ang Khuy\u1ebfn m\u00e3i","og_description":"Ho\u00e0n to\u00e0n t\u1eeb s\u1eefa t\u01b0\u01a1i s\u1ea1ch nguy\u00ean ch\u1ea5t c\u1ee7a. Trang tr\u1ea1i TH \u0110\u01b0\u1ee3c s\u1ea3n xu\u1ea5t theo m\u1ed9t quy tr\u00ecnh s\u1ea1ch, kh\u00e9p k\u00edn t\u1eeb \u0111\u1ed3ng c\u1ecf \u0111\u1ebfn b\u00e0n \u0103n. Kh\u00f4ng s\u1eed d\u1ee5ng ch\u1ea5t b\u1ea3o qu\u1ea3n","og_url":"https:\/\/suatuyetvoi.com\/muasam\/san-pham\/sua-tuoi-tiet-trung-th-true-milk-huong-dau-tu-nhien-180-ml\/","og_site_name":"S\u1eefa Tuy\u1ec7t V\u1eddi","article_modified_time":"2023-03-30T12:17:35+00:00","og_image":[{"width":800,"height":800,"url":"https:\/\/suatuyetvoi.com\/muasam\/wp-content\/uploads\/2023\/03\/UHT-180-dau-800x800-1.png","type":"image\/png"}],"twitter_card":"summary_large_image","twitter_title":"S\u1eefa T\u01b0\u01a1i Ti\u1ec7t Tr\u00f9ng TH true MILK H\u01b0\u01a1ng D\u00e2u T\u1ef1 Nhi\u00ean 180 ml - \u0110ang Khuy\u1ebfn m\u00e3i","twitter_description":"Ho\u00e0n to\u00e0n t\u1eeb s\u1eefa t\u01b0\u01a1i s\u1ea1ch nguy\u00ean ch\u1ea5t c\u1ee7a. Trang tr\u1ea1i TH \u0110\u01b0\u1ee3c s\u1ea3n xu\u1ea5t theo m\u1ed9t quy tr\u00ecnh s\u1ea1ch, kh\u00e9p k\u00edn t\u1eeb \u0111\u1ed3ng c\u1ecf \u0111\u1ebfn b\u00e0n \u0103n. Kh\u00f4ng s\u1eed d\u1ee5ng ch\u1ea5t b\u1ea3o qu\u1ea3n","twitter_misc":{"\u01af\u1edbc t\u00ednh th\u1eddi gian \u0111\u1ecdc":"1 ph\u00fat"},"schema":{"@context":"https:\/\/schema.org","@graph":[{"@type":"WebPage","@id":"https:\/\/suatuyetvoi.com\/muasam\/san-pham\/sua-tuoi-tiet-trung-th-true-milk-huong-dau-tu-nhien-180-ml\/","url":"https:\/\/suatuyetvoi.com\/muasam\/san-pham\/sua-tuoi-tiet-trung-th-true-milk-huong-dau-tu-nhien-180-ml\/","name":"S\u1eefa T\u01b0\u01a1i Ti\u1ec7t Tr\u00f9ng TH true MILK H\u01b0\u01a1ng D\u00e2u T\u1ef1 Nhi\u00ean 180 ml - \u0110ang Khuy\u1ebfn m\u00e3i","isPartOf":{"@id":"https:\/\/suatuyetvoi.com\/muasam\/#website"},"primaryImageOfPage":{"@id":"https:\/\/suatuyetvoi.com\/muasam\/san-pham\/sua-tuoi-tiet-trung-th-true-milk-huong-dau-tu-nhien-180-ml\/#primaryimage"},"image":{"@id":"https:\/\/suatuyetvoi.com\/muasam\/san-pham\/sua-tuoi-tiet-trung-th-true-milk-huong-dau-tu-nhien-180-ml\/#primaryimage"},"thumbnailUrl":"https:\/\/suatuyetvoi.com\/muasam\/wp-content\/uploads\/2023\/03\/UHT-180-dau-800x800-1.png","datePublished":"2023-03-30T12:14:44+00:00","dateModified":"2023-03-30T12:17:35+00:00","description":"Ho\u00e0n to\u00e0n t\u1eeb s\u1eefa t\u01b0\u01a1i s\u1ea1ch nguy\u00ean ch\u1ea5t c\u1ee7a. Trang tr\u1ea1i TH \u0110\u01b0\u1ee3c s\u1ea3n xu\u1ea5t theo m\u1ed9t quy tr\u00ecnh s\u1ea1ch, kh\u00e9p k\u00edn t\u1eeb \u0111\u1ed3ng c\u1ecf \u0111\u1ebfn b\u00e0n \u0103n. Kh\u00f4ng s\u1eed d\u1ee5ng ch\u1ea5t b\u1ea3o qu\u1ea3n","breadcrumb":{"@id":"https:\/\/suatuyetvoi.com\/muasam\/san-pham\/sua-tuoi-tiet-trung-th-true-milk-huong-dau-tu-nhien-180-ml\/#breadcrumb"},"inLanguage":"vi","potentialAction":[{"@type":"ReadAction","target":["https:\/\/suatuyetvoi.com\/muasam\/san-pham\/sua-tuoi-tiet-trung-th-true-milk-huong-dau-tu-nhien-180-ml\/"]}]},{"@type":"ImageObject","inLanguage":"vi","@id":"https:\/\/suatuyetvoi.com\/muasam\/san-pham\/sua-tuoi-tiet-trung-th-true-milk-huong-dau-tu-nhien-180-ml\/#primaryimage","url":"https:\/\/suatuyetvoi.com\/muasam\/wp-content\/uploads\/2023\/03\/UHT-180-dau-800x800-1.png","contentUrl":"https:\/\/suatuyetvoi.com\/muasam\/wp-content\/uploads\/2023\/03\/UHT-180-dau-800x800-1.png","width":800,"height":800},{"@type":"BreadcrumbList","@id":"https:\/\/suatuyetvoi.com\/muasam\/san-pham\/sua-tuoi-tiet-trung-th-true-milk-huong-dau-tu-nhien-180-ml\/#breadcrumb","itemListElement":[{"@type":"ListItem","position":1,"name":"Home","item":"https:\/\/suatuyetvoi.com\/muasam\/"},{"@type":"ListItem","position":2,"name":"Shop","item":"https:\/\/suatuyetvoi.com\/muasam\/shop\/"},{"@type":"ListItem","position":3,"name":"S\u1eefa T\u01b0\u01a1i Ti\u1ec7t Tr\u00f9ng TH true MILK H\u01b0\u01a1ng D\u00e2u T\u1ef1 Nhi\u00ean 180 ml"}]},{"@type":"WebSite","@id":"https:\/\/suatuyetvoi.com\/muasam\/#website","url":"https:\/\/suatuyetvoi.com\/muasam\/","name":"S\u1eefa Tuy\u1ec7t V\u1eddi","description":"S\u1eefa Tuy\u1ec7t V\u1eddi Vi\u1ec7t Nam","potentialAction":[{"@type":"SearchAction","target":{"@type":"EntryPoint","urlTemplate":"https:\/\/suatuyetvoi.com\/muasam\/?s={search_term_string}"},"query-input":{"@type":"PropertyValueSpecification","valueRequired":true,"valueName":"search_term_string"}}],"inLanguage":"vi"}]}},"_links":{"self":[{"href":"https:\/\/suatuyetvoi.com\/muasam\/wp-json\/wp\/v2\/product\/6357","targetHints":{"allow":["GET"]}}],"collection":[{"href":"https:\/\/suatuyetvoi.com\/muasam\/wp-json\/wp\/v2\/product"}],"about":[{"href":"https:\/\/suatuyetvoi.com\/muasam\/wp-json\/wp\/v2\/types\/product"}],"replies":[{"embeddable":true,"href":"https:\/\/suatuyetvoi.com\/muasam\/wp-json\/wp\/v2\/comments?post=6357"}],"wp:featuredmedia":[{"embeddable":true,"href":"https:\/\/suatuyetvoi.com\/muasam\/wp-json\/wp\/v2\/media\/6360"}],"wp:attachment":[{"href":"https:\/\/suatuyetvoi.com\/muasam\/wp-json\/wp\/v2\/media?parent=6357"}],"wp:term":[{"taxonomy":"product_cat","embeddable":true,"href":"https:\/\/suatuyetvoi.com\/muasam\/wp-json\/wp\/v2\/product_cat?post=6357"},{"taxonomy":"product_tag","embeddable":true,"href":"https:\/\/suatuyetvoi.com\/muasam\/wp-json\/wp\/v2\/product_tag?post=6357"}],"curies":[{"name":"wp","href":"https:\/\/api.w.org\/{rel}","templated":true}]}}