{"id":6331,"date":"2023-03-30T18:48:11","date_gmt":"2023-03-30T11:48:11","guid":{"rendered":"https:\/\/suatuyetvoi.com\/muasam\/?post_type=product&#038;p=6331"},"modified":"2023-03-30T18:50:44","modified_gmt":"2023-03-30T11:50:44","slug":"sua-hat-hanh-nhan-th-true-nut-1-l","status":"publish","type":"product","link":"https:\/\/suatuyetvoi.com\/muasam\/san-pham\/sua-hat-hanh-nhan-th-true-nut-1-l\/","title":{"rendered":"S\u1eefa H\u1ea1t H\u1ea1nh Nh\u00e2n TH true NUT 1 L"},"content":{"rendered":"<div class=\"content full\">\n<div id=\"motasanpham\" class=\"clearfix\">\n<h2>M\u00d4 T\u1ea2 S\u1ea2N PH\u1ea8M<\/h2>\n<p>\u2022 C\u00f4ng th\u1ee9c s\u1ea3n ph\u1ea9m: L\u00e0 s\u1ef1 k\u1ebft h\u1ee3p s\u00e1ng t\u1ea1o mang t\u00ednh khoa h\u1ecdc v\u1ec1 dinh d\u01b0\u1ee1ng gi\u1eefa h\u1ea1t h\u1ea1nh nh\u00e2n, s\u1eefa t\u01b0\u01a1i s\u1ea1ch c\u1ee7a trang tr\u1ea1i TH v\u00e0 qu\u1ea3 ch\u00e0 l\u00e0, t\u1ed1t h\u01a1n cho s\u1ee9c kh\u1ecfe c\u1ea3 gia \u0111\u00ecnh.<br \/>\n\u2022 S\u1ea3n ph\u1ea9m c\u00f3 v\u1ecb thanh ng\u1ecdt t\u1ef1 nhi\u00ean t\u1eeb qu\u1ea3 Ch\u00e0 L\u00e0 \u2013 v\u1edbi v\u1ecb ng\u1ecdt t\u1ef1 nhi\u00ean, h\u00e0m l\u01b0\u1ee3ng b\u00e9o v\u00e0 ch\u1ec9 s\u1ed1 \u0111\u01b0\u1eddng huy\u1ebft th\u1ea5p, \u0111\u1ed3ng th\u1eddi gi\u00e0u selen, kali, s\u1eaft v\u00e0 ch\u1ea5t ch\u1ed1ng oxi h\u00f3a.<br \/>\n\u2022 Ho\u00e0n to\u00e0n t\u1eeb thi\u00ean nhi\u00ean: S\u1ea3n ph\u1ea9m \u0111\u01b0\u1ee3c l\u00e0m t\u1eeb h\u1ea1t gi\u00e0u dinh d\u01b0\u1ee1ng k\u1ebft h\u1ee3p v\u1edbi s\u1eefa t\u01b0\u01a1i s\u1ea1ch c\u1ee7a trang tr\u1ea1i TH c\u00f9ng c\u00e1c nguy\u00ean li\u1ec7u ho\u00e0n to\u00e0n t\u1ef1 nhi\u00ean.<br \/>\n\u2022 L\u01a1\u0323i i\u0301ch cu\u0309a ha\u0323t H\u1ea1nh Nh\u00e2n:<br \/>\n\u2013 T\u1ed1t cho s\u1ee9c kh\u1ecfe tim m\u1ea1ch<br \/>\n\u2013 T\u1ed1t cho n\u00e3o b\u1ed9<br \/>\n\u2013 T\u1ed1t cho da<br \/>\n\u2013 Cung c\u1ea5p c\u00e1c d\u01b0\u1ee1ng ch\u1ea5t c\u00f3 l\u1ee3i cho s\u1ee9c kh\u1ecfe<\/p>\n<h3>H\u01b0\u1edbng d\u1eabn s\u1eed d\u1ee5ng v\u00e0 b\u1ea3o qu\u1ea3n:<\/h3>\n<p>\u2013 B\u1ea3o qu\u1ea3n n\u01a1i kh\u00f4 r\u00e1o v\u00e0 tho\u00e1ng m\u00e1t.<br \/>\n\u2013 Ngon h\u01a1n khi u\u1ed1ng l\u1ea1nh.<br \/>\n\u2013 L\u1eafc \u0111\u1ec1u tr\u01b0\u1edbc khi s\u1eed d\u1ee5ng.<br \/>\n\u2013 Sau khi m\u1edf, b\u1ea3o qu\u1ea3n l\u1ea1nh \u1edf 4oC \u2013 10oC v\u00e0 s\u1eed d\u1ee5ng h\u1ebft trong v\u00f2ng 3 ng\u00e0y.<br \/>\n\u2013 HSD: 9 th\u00e1ng k\u1ec3 t\u1eeb ng\u00e0y s\u1ea3n xu\u1ea5t.<\/p>\n<h3>Th\u00e0nh ph\u1ea7n dinh d\u01b0\u1ee1ng trung tr\u00ecnh trong 100 ml:<\/h3>\n<table border=\"0\" width=\"209\" cellspacing=\"0\" cellpadding=\"0\">\n<colgroup>\n<col \/>\n<col \/><\/colgroup>\n<tbody>\n<tr>\n<td align=\"left\" height=\"20\">N\u0103ng l\u01b0\u1ee3ng<\/td>\n<td align=\"left\">35,5 kcal<\/td>\n<\/tr>\n<tr>\n<td align=\"left\" height=\"20\">Hydrat cacbon<\/td>\n<td align=\"left\">4,4 g<\/td>\n<\/tr>\n<tr>\n<td align=\"left\" height=\"20\">Ch\u1ea5t \u0111\u1ea1m<\/td>\n<td align=\"left\">1,1 g<\/td>\n<\/tr>\n<tr>\n<td align=\"left\" height=\"20\">Ch\u1ea5t b\u00e9o<\/td>\n<td align=\"left\">1,5 g<\/td>\n<\/tr>\n<\/tbody>\n<\/table>\n<\/div>\n<\/div>\n","protected":false},"excerpt":{"rendered":"<p>H\u1ec7 d\u01b0\u1ee1ng ch\u1ea5t IQ Plus ph\u00e1t tri\u1ec3n n\u00e3o b\u1ed9<br \/>\nT\u0103ng c\u01b0\u1eddng \u0111\u1ec1 kh\u00e1ng v\u00e0 ti\u00eau h\u00f3a kh\u1ecfe m\u1ea1nh<br \/>\nGi\u00fap h\u1ea5p thu Canxi t\u1ed1t<\/p>\n","protected":false},"featured_media":6333,"comment_status":"open","ping_status":"closed","template":"","meta":[],"product_cat":[514],"product_tag":[530,545,557],"class_list":["post-6331","product","type-product","status-publish","has-post-thumbnail","hentry","product_cat-sua-hat","product_tag-chong-roi-loan-tieu-hoa","product_tag-he-tim-mach-tot","product_tag-sua-dinh-duong","berocket_brand-th-true-milk"],"yoast_head":"<!-- This site is optimized with the Yoast SEO plugin v27.6 - https:\/\/yoast.com\/product\/yoast-seo-wordpress\/ -->\n<title>S\u1eefa H\u1ea1t H\u1ea1nh Nh\u00e2n TH true NUT 1 L - \u0110ang Khuy\u1ebfn M\u00e3i<\/title>\n<meta name=\"description\" content=\"C\u00f4ng th\u1ee9c s\u1ea3n ph\u1ea9m: L\u00e0 s\u1ef1 k\u1ebft h\u1ee3p s\u00e1ng t\u1ea1o mang t\u00ednh khoa h\u1ecdc v\u1ec1 dinh d\u01b0\u1ee1ng gi\u1eefa h\u1ea1t h\u1ea1nh nh\u00e2n, s\u1eefa t\u01b0\u01a1i s\u1ea1ch c\u1ee7a trang tr\u1ea1i TH v\u00e0 qu\u1ea3 ch\u00e0 l\u00e0, t\u1ed1t h\u01a1n cho s\u1ee9c kh\u1ecfe c\u1ea3 gia \u0111\u00ecnh.\" \/>\n<meta name=\"robots\" content=\"index, follow, max-snippet:-1, max-image-preview:large, max-video-preview:-1\" \/>\n<link rel=\"canonical\" href=\"https:\/\/suatuyetvoi.com\/muasam\/san-pham\/sua-hat-hanh-nhan-th-true-nut-1-l\/\" \/>\n<meta property=\"og:locale\" content=\"vi_VN\" \/>\n<meta property=\"og:type\" content=\"article\" \/>\n<meta property=\"og:title\" content=\"S\u1eefa t\u01b0\u01a1i ti\u1ec7t tr\u00f9ng c\u00f3 \u0111\u01b0\u1eddng Vinamilk 100% S\u1eefa t\u01b0\u01a1i - Th\u00f9ng 48 b\u1ecbch x 220ml - \u0110ang Khuy\u1ebfn m\u00e3i\" \/>\n<meta property=\"og:description\" content=\"Vinamilk S\u1eefa t\u01b0\u01a1i d\u1ea1ng b\u1ecbch 220ml \u0111\u01b0\u1ee3c l\u00e0m t\u1eeb 100% s\u1eefa b\u00f2 t\u01b0\u01a1i nguy\u00ean ch\u1ea5t t\u1eeb h\u1ec7 th\u1ed1ng trang tr\u1ea1i chu\u1ea9n Qu\u1ed1c t\u1ebf l\u1edbn nh\u1ea5t Ch\u00e2u \u00c1.\" \/>\n<meta property=\"og:url\" content=\"https:\/\/suatuyetvoi.com\/muasam\/san-pham\/sua-hat-hanh-nhan-th-true-nut-1-l\/\" \/>\n<meta property=\"og:site_name\" content=\"S\u1eefa Tuy\u1ec7t V\u1eddi\" \/>\n<meta property=\"article:modified_time\" content=\"2023-03-30T11:50:44+00:00\" \/>\n<meta property=\"og:image\" content=\"https:\/\/suatuyetvoi.com\/muasam\/wp-content\/uploads\/2023\/03\/NUT-1L-hanh-nhan-800.png\" \/>\n\t<meta property=\"og:image:width\" content=\"800\" \/>\n\t<meta property=\"og:image:height\" content=\"800\" \/>\n\t<meta property=\"og:image:type\" content=\"image\/png\" \/>\n<meta name=\"twitter:card\" content=\"summary_large_image\" \/>\n<meta name=\"twitter:title\" content=\"S\u1eefa t\u01b0\u01a1i ti\u1ec7t tr\u00f9ng c\u00f3 \u0111\u01b0\u1eddng Vinamilk 100% S\u1eefa t\u01b0\u01a1i - Th\u00f9ng 48 b\u1ecbch x 220ml - \u0110ang Khuy\u1ebfn m\u00e3i\" \/>\n<meta name=\"twitter:description\" content=\"Vinamilk S\u1eefa t\u01b0\u01a1i d\u1ea1ng b\u1ecbch 220ml \u0111\u01b0\u1ee3c l\u00e0m t\u1eeb 100% s\u1eefa b\u00f2 t\u01b0\u01a1i nguy\u00ean ch\u1ea5t t\u1eeb h\u1ec7 th\u1ed1ng trang tr\u1ea1i chu\u1ea9n Qu\u1ed1c t\u1ebf l\u1edbn nh\u1ea5t Ch\u00e2u \u00c1.\" \/>\n<meta name=\"twitter:label1\" content=\"\u01af\u1edbc t\u00ednh th\u1eddi gian \u0111\u1ecdc\" \/>\n\t<meta name=\"twitter:data1\" content=\"2 ph\u00fat\" \/>\n<script type=\"application\/ld+json\" class=\"yoast-schema-graph\">{\"@context\":\"https:\\\/\\\/schema.org\",\"@graph\":[{\"@type\":\"WebPage\",\"@id\":\"https:\\\/\\\/suatuyetvoi.com\\\/muasam\\\/san-pham\\\/sua-hat-hanh-nhan-th-true-nut-1-l\\\/\",\"url\":\"https:\\\/\\\/suatuyetvoi.com\\\/muasam\\\/san-pham\\\/sua-hat-hanh-nhan-th-true-nut-1-l\\\/\",\"name\":\"S\u1eefa H\u1ea1t H\u1ea1nh Nh\u00e2n TH true NUT 1 L - \u0110ang Khuy\u1ebfn M\u00e3i\",\"isPartOf\":{\"@id\":\"https:\\\/\\\/suatuyetvoi.com\\\/muasam\\\/#website\"},\"primaryImageOfPage\":{\"@id\":\"https:\\\/\\\/suatuyetvoi.com\\\/muasam\\\/san-pham\\\/sua-hat-hanh-nhan-th-true-nut-1-l\\\/#primaryimage\"},\"image\":{\"@id\":\"https:\\\/\\\/suatuyetvoi.com\\\/muasam\\\/san-pham\\\/sua-hat-hanh-nhan-th-true-nut-1-l\\\/#primaryimage\"},\"thumbnailUrl\":\"https:\\\/\\\/suatuyetvoi.com\\\/muasam\\\/wp-content\\\/uploads\\\/2023\\\/03\\\/NUT-1L-hanh-nhan-800.png\",\"datePublished\":\"2023-03-30T11:48:11+00:00\",\"dateModified\":\"2023-03-30T11:50:44+00:00\",\"description\":\"C\u00f4ng th\u1ee9c s\u1ea3n ph\u1ea9m: L\u00e0 s\u1ef1 k\u1ebft h\u1ee3p s\u00e1ng t\u1ea1o mang t\u00ednh khoa h\u1ecdc v\u1ec1 dinh d\u01b0\u1ee1ng gi\u1eefa h\u1ea1t h\u1ea1nh nh\u00e2n, s\u1eefa t\u01b0\u01a1i s\u1ea1ch c\u1ee7a trang tr\u1ea1i TH v\u00e0 qu\u1ea3 ch\u00e0 l\u00e0, t\u1ed1t h\u01a1n cho s\u1ee9c kh\u1ecfe c\u1ea3 gia \u0111\u00ecnh.\",\"breadcrumb\":{\"@id\":\"https:\\\/\\\/suatuyetvoi.com\\\/muasam\\\/san-pham\\\/sua-hat-hanh-nhan-th-true-nut-1-l\\\/#breadcrumb\"},\"inLanguage\":\"vi\",\"potentialAction\":[{\"@type\":\"ReadAction\",\"target\":[\"https:\\\/\\\/suatuyetvoi.com\\\/muasam\\\/san-pham\\\/sua-hat-hanh-nhan-th-true-nut-1-l\\\/\"]}]},{\"@type\":\"ImageObject\",\"inLanguage\":\"vi\",\"@id\":\"https:\\\/\\\/suatuyetvoi.com\\\/muasam\\\/san-pham\\\/sua-hat-hanh-nhan-th-true-nut-1-l\\\/#primaryimage\",\"url\":\"https:\\\/\\\/suatuyetvoi.com\\\/muasam\\\/wp-content\\\/uploads\\\/2023\\\/03\\\/NUT-1L-hanh-nhan-800.png\",\"contentUrl\":\"https:\\\/\\\/suatuyetvoi.com\\\/muasam\\\/wp-content\\\/uploads\\\/2023\\\/03\\\/NUT-1L-hanh-nhan-800.png\",\"width\":800,\"height\":800},{\"@type\":\"BreadcrumbList\",\"@id\":\"https:\\\/\\\/suatuyetvoi.com\\\/muasam\\\/san-pham\\\/sua-hat-hanh-nhan-th-true-nut-1-l\\\/#breadcrumb\",\"itemListElement\":[{\"@type\":\"ListItem\",\"position\":1,\"name\":\"Home\",\"item\":\"https:\\\/\\\/suatuyetvoi.com\\\/muasam\\\/\"},{\"@type\":\"ListItem\",\"position\":2,\"name\":\"Shop\",\"item\":\"https:\\\/\\\/suatuyetvoi.com\\\/muasam\\\/shop\\\/\"},{\"@type\":\"ListItem\",\"position\":3,\"name\":\"S\u1eefa H\u1ea1t H\u1ea1nh Nh\u00e2n TH true NUT 1 L\"}]},{\"@type\":\"WebSite\",\"@id\":\"https:\\\/\\\/suatuyetvoi.com\\\/muasam\\\/#website\",\"url\":\"https:\\\/\\\/suatuyetvoi.com\\\/muasam\\\/\",\"name\":\"S\u1eefa Tuy\u1ec7t V\u1eddi\",\"description\":\"S\u1eefa Tuy\u1ec7t V\u1eddi Vi\u1ec7t Nam\",\"potentialAction\":[{\"@type\":\"SearchAction\",\"target\":{\"@type\":\"EntryPoint\",\"urlTemplate\":\"https:\\\/\\\/suatuyetvoi.com\\\/muasam\\\/?s={search_term_string}\"},\"query-input\":{\"@type\":\"PropertyValueSpecification\",\"valueRequired\":true,\"valueName\":\"search_term_string\"}}],\"inLanguage\":\"vi\"}]}<\/script>\n<!-- \/ Yoast SEO plugin. -->","yoast_head_json":{"title":"S\u1eefa H\u1ea1t H\u1ea1nh Nh\u00e2n TH true NUT 1 L - \u0110ang Khuy\u1ebfn M\u00e3i","description":"C\u00f4ng th\u1ee9c s\u1ea3n ph\u1ea9m: L\u00e0 s\u1ef1 k\u1ebft h\u1ee3p s\u00e1ng t\u1ea1o mang t\u00ednh khoa h\u1ecdc v\u1ec1 dinh d\u01b0\u1ee1ng gi\u1eefa h\u1ea1t h\u1ea1nh nh\u00e2n, s\u1eefa t\u01b0\u01a1i s\u1ea1ch c\u1ee7a trang tr\u1ea1i TH v\u00e0 qu\u1ea3 ch\u00e0 l\u00e0, t\u1ed1t h\u01a1n cho s\u1ee9c kh\u1ecfe c\u1ea3 gia \u0111\u00ecnh.","robots":{"index":"index","follow":"follow","max-snippet":"max-snippet:-1","max-image-preview":"max-image-preview:large","max-video-preview":"max-video-preview:-1"},"canonical":"https:\/\/suatuyetvoi.com\/muasam\/san-pham\/sua-hat-hanh-nhan-th-true-nut-1-l\/","og_locale":"vi_VN","og_type":"article","og_title":"S\u1eefa t\u01b0\u01a1i ti\u1ec7t tr\u00f9ng c\u00f3 \u0111\u01b0\u1eddng Vinamilk 100% S\u1eefa t\u01b0\u01a1i - Th\u00f9ng 48 b\u1ecbch x 220ml - \u0110ang Khuy\u1ebfn m\u00e3i","og_description":"Vinamilk S\u1eefa t\u01b0\u01a1i d\u1ea1ng b\u1ecbch 220ml \u0111\u01b0\u1ee3c l\u00e0m t\u1eeb 100% s\u1eefa b\u00f2 t\u01b0\u01a1i nguy\u00ean ch\u1ea5t t\u1eeb h\u1ec7 th\u1ed1ng trang tr\u1ea1i chu\u1ea9n Qu\u1ed1c t\u1ebf l\u1edbn nh\u1ea5t Ch\u00e2u \u00c1.","og_url":"https:\/\/suatuyetvoi.com\/muasam\/san-pham\/sua-hat-hanh-nhan-th-true-nut-1-l\/","og_site_name":"S\u1eefa Tuy\u1ec7t V\u1eddi","article_modified_time":"2023-03-30T11:50:44+00:00","og_image":[{"width":800,"height":800,"url":"https:\/\/suatuyetvoi.com\/muasam\/wp-content\/uploads\/2023\/03\/NUT-1L-hanh-nhan-800.png","type":"image\/png"}],"twitter_card":"summary_large_image","twitter_title":"S\u1eefa t\u01b0\u01a1i ti\u1ec7t tr\u00f9ng c\u00f3 \u0111\u01b0\u1eddng Vinamilk 100% S\u1eefa t\u01b0\u01a1i - Th\u00f9ng 48 b\u1ecbch x 220ml - \u0110ang Khuy\u1ebfn m\u00e3i","twitter_description":"Vinamilk S\u1eefa t\u01b0\u01a1i d\u1ea1ng b\u1ecbch 220ml \u0111\u01b0\u1ee3c l\u00e0m t\u1eeb 100% s\u1eefa b\u00f2 t\u01b0\u01a1i nguy\u00ean ch\u1ea5t t\u1eeb h\u1ec7 th\u1ed1ng trang tr\u1ea1i chu\u1ea9n Qu\u1ed1c t\u1ebf l\u1edbn nh\u1ea5t Ch\u00e2u \u00c1.","twitter_misc":{"\u01af\u1edbc t\u00ednh th\u1eddi gian \u0111\u1ecdc":"2 ph\u00fat"},"schema":{"@context":"https:\/\/schema.org","@graph":[{"@type":"WebPage","@id":"https:\/\/suatuyetvoi.com\/muasam\/san-pham\/sua-hat-hanh-nhan-th-true-nut-1-l\/","url":"https:\/\/suatuyetvoi.com\/muasam\/san-pham\/sua-hat-hanh-nhan-th-true-nut-1-l\/","name":"S\u1eefa H\u1ea1t H\u1ea1nh Nh\u00e2n TH true NUT 1 L - \u0110ang Khuy\u1ebfn M\u00e3i","isPartOf":{"@id":"https:\/\/suatuyetvoi.com\/muasam\/#website"},"primaryImageOfPage":{"@id":"https:\/\/suatuyetvoi.com\/muasam\/san-pham\/sua-hat-hanh-nhan-th-true-nut-1-l\/#primaryimage"},"image":{"@id":"https:\/\/suatuyetvoi.com\/muasam\/san-pham\/sua-hat-hanh-nhan-th-true-nut-1-l\/#primaryimage"},"thumbnailUrl":"https:\/\/suatuyetvoi.com\/muasam\/wp-content\/uploads\/2023\/03\/NUT-1L-hanh-nhan-800.png","datePublished":"2023-03-30T11:48:11+00:00","dateModified":"2023-03-30T11:50:44+00:00","description":"C\u00f4ng th\u1ee9c s\u1ea3n ph\u1ea9m: L\u00e0 s\u1ef1 k\u1ebft h\u1ee3p s\u00e1ng t\u1ea1o mang t\u00ednh khoa h\u1ecdc v\u1ec1 dinh d\u01b0\u1ee1ng gi\u1eefa h\u1ea1t h\u1ea1nh nh\u00e2n, s\u1eefa t\u01b0\u01a1i s\u1ea1ch c\u1ee7a trang tr\u1ea1i TH v\u00e0 qu\u1ea3 ch\u00e0 l\u00e0, t\u1ed1t h\u01a1n cho s\u1ee9c kh\u1ecfe c\u1ea3 gia \u0111\u00ecnh.","breadcrumb":{"@id":"https:\/\/suatuyetvoi.com\/muasam\/san-pham\/sua-hat-hanh-nhan-th-true-nut-1-l\/#breadcrumb"},"inLanguage":"vi","potentialAction":[{"@type":"ReadAction","target":["https:\/\/suatuyetvoi.com\/muasam\/san-pham\/sua-hat-hanh-nhan-th-true-nut-1-l\/"]}]},{"@type":"ImageObject","inLanguage":"vi","@id":"https:\/\/suatuyetvoi.com\/muasam\/san-pham\/sua-hat-hanh-nhan-th-true-nut-1-l\/#primaryimage","url":"https:\/\/suatuyetvoi.com\/muasam\/wp-content\/uploads\/2023\/03\/NUT-1L-hanh-nhan-800.png","contentUrl":"https:\/\/suatuyetvoi.com\/muasam\/wp-content\/uploads\/2023\/03\/NUT-1L-hanh-nhan-800.png","width":800,"height":800},{"@type":"BreadcrumbList","@id":"https:\/\/suatuyetvoi.com\/muasam\/san-pham\/sua-hat-hanh-nhan-th-true-nut-1-l\/#breadcrumb","itemListElement":[{"@type":"ListItem","position":1,"name":"Home","item":"https:\/\/suatuyetvoi.com\/muasam\/"},{"@type":"ListItem","position":2,"name":"Shop","item":"https:\/\/suatuyetvoi.com\/muasam\/shop\/"},{"@type":"ListItem","position":3,"name":"S\u1eefa H\u1ea1t H\u1ea1nh Nh\u00e2n TH true NUT 1 L"}]},{"@type":"WebSite","@id":"https:\/\/suatuyetvoi.com\/muasam\/#website","url":"https:\/\/suatuyetvoi.com\/muasam\/","name":"S\u1eefa Tuy\u1ec7t V\u1eddi","description":"S\u1eefa Tuy\u1ec7t V\u1eddi Vi\u1ec7t Nam","potentialAction":[{"@type":"SearchAction","target":{"@type":"EntryPoint","urlTemplate":"https:\/\/suatuyetvoi.com\/muasam\/?s={search_term_string}"},"query-input":{"@type":"PropertyValueSpecification","valueRequired":true,"valueName":"search_term_string"}}],"inLanguage":"vi"}]}},"_links":{"self":[{"href":"https:\/\/suatuyetvoi.com\/muasam\/wp-json\/wp\/v2\/product\/6331","targetHints":{"allow":["GET"]}}],"collection":[{"href":"https:\/\/suatuyetvoi.com\/muasam\/wp-json\/wp\/v2\/product"}],"about":[{"href":"https:\/\/suatuyetvoi.com\/muasam\/wp-json\/wp\/v2\/types\/product"}],"replies":[{"embeddable":true,"href":"https:\/\/suatuyetvoi.com\/muasam\/wp-json\/wp\/v2\/comments?post=6331"}],"wp:featuredmedia":[{"embeddable":true,"href":"https:\/\/suatuyetvoi.com\/muasam\/wp-json\/wp\/v2\/media\/6333"}],"wp:attachment":[{"href":"https:\/\/suatuyetvoi.com\/muasam\/wp-json\/wp\/v2\/media?parent=6331"}],"wp:term":[{"taxonomy":"product_cat","embeddable":true,"href":"https:\/\/suatuyetvoi.com\/muasam\/wp-json\/wp\/v2\/product_cat?post=6331"},{"taxonomy":"product_tag","embeddable":true,"href":"https:\/\/suatuyetvoi.com\/muasam\/wp-json\/wp\/v2\/product_tag?post=6331"}],"curies":[{"name":"wp","href":"https:\/\/api.w.org\/{rel}","templated":true}]}}