{"id":6280,"date":"2023-03-30T17:42:20","date_gmt":"2023-03-30T10:42:20","guid":{"rendered":"https:\/\/suatuyetvoi.com\/muasam\/?post_type=product&#038;p=6280"},"modified":"2023-03-30T17:42:21","modified_gmt":"2023-03-30T10:42:21","slug":"sua-chua-an-vinamilk-khong-duong-thung-48-hop-100g","status":"publish","type":"product","link":"https:\/\/suatuyetvoi.com\/muasam\/san-pham\/sua-chua-an-vinamilk-khong-duong-thung-48-hop-100g\/","title":{"rendered":"S\u1eefa chua \u0103n Vinamilk kh\u00f4ng \u0111\u01b0\u1eddng &#8211; Th\u00f9ng 48 h\u1ed9p 100g"},"content":{"rendered":"<p>Quy c\u00e1ch th\u00f9ng: 12 v\u1ec9\/th\u00f9ng<\/p>\n<p><strong>T\u00ean s\u1ea3n ph\u1ea9m: Th\u1ef1c ph\u1ea9m b\u1ed5 sung\u00a0S\u1eefa chua \u0103n Vinamilk Kh\u00f4ng \u0111\u01b0\u1eddng &#8211; V\u1ec9 4 h\u1ed9p x 100g<\/strong><\/p>\n<p>Vinamilk gi\u1edbi thi\u1ec7u d\u00f2ng s\u1ea3n ph\u1ea9m S\u1eefa chua \u0103n Vinamilk Kh\u00f4ng \u0111\u01b0\u1eddng v\u1edbi h\u01b0\u01a1ng v\u1ecb th\u01a1m ngon tinh khi\u1ebft v\u00e0 gi\u00e0u d\u01b0\u1ee1ng ch\u1ea5t, cho c\u1ea3 gi\u00e0 \u0111\u00ecnh lu\u00f4n n\u0103ng \u0111\u1ed9ng v\u00e0 vui kh\u1ecfe m\u1ed7i ng\u00e0y.<\/p>\n<p>S\u1eefa chua \u0103n Vinamilk Kh\u00f4ng \u0111\u01b0\u1eddng ch\u00ednh l\u00e0 b\u00ed quy\u1ebft ngon kh\u1ecfe t\u1eeb thi\u00ean nhi\u00ean:<\/p>\n<p>\u2022 S\u1eed d\u1ee5ng c\u00f4ng ngh\u1ec7 l\u00ean men hi\u1ec7n \u0111\u1ea1i t\u1eeb ch\u00e2u \u00c2u v\u1edbi ch\u1ee7ng men thu\u1ea7n khi\u1ebft Bulgaricus, h\u1ed7 tr\u1ee3 ti\u00eau h\u00f3a v\u00e0 gi\u00fap h\u1ea5p thu d\u01b0\u1ee1ng ch\u1ea5t t\u1ed1t h\u01a1n<br \/>\n\u2022 B\u1ed5 sung canxi &amp; vitamin cho h\u1ec7 x\u01b0\u01a1ng ch\u1eafc kho\u1ebb, c\u01a1 th\u1ec3 d\u1ebbo dai<br \/>\n\u2022 L\u00ean men t\u1ef1 nhi\u00ean, kh\u00f4ng s\u1eed d\u1ee5ng ch\u1ea5t b\u1ea3o qu\u1ea3n<\/p>\n<p>S\u1ea3n ph\u1ea9m d\u00f9ng cho c\u1ea3 gia \u0111\u00ecnh.<\/p>\n<p><img loading=\"lazy\" decoding=\"async\" class=\"alignnone size-full wp-image-6281\" src=\"https:\/\/suatuyetvoi.com\/muasam\/wp-content\/uploads\/2023\/03\/loc-4-hop-sua-chua-vinamilk-khong-duong-100g-202107051744214725-1.jpg\" alt=\"\" width=\"1024\" height=\"768\" srcset=\"https:\/\/suatuyetvoi.com\/muasam\/wp-content\/uploads\/2023\/03\/loc-4-hop-sua-chua-vinamilk-khong-duong-100g-202107051744214725-1.jpg 1024w, https:\/\/suatuyetvoi.com\/muasam\/wp-content\/uploads\/2023\/03\/loc-4-hop-sua-chua-vinamilk-khong-duong-100g-202107051744214725-1-533x400.jpg 533w, https:\/\/suatuyetvoi.com\/muasam\/wp-content\/uploads\/2023\/03\/loc-4-hop-sua-chua-vinamilk-khong-duong-100g-202107051744214725-1-768x576.jpg 768w, https:\/\/suatuyetvoi.com\/muasam\/wp-content\/uploads\/2023\/03\/loc-4-hop-sua-chua-vinamilk-khong-duong-100g-202107051744214725-1-600x450.jpg 600w\" sizes=\"auto, (max-width: 1024px) 100vw, 1024px\" \/><\/p>\n","protected":false},"excerpt":{"rendered":"<ul>\n<li>Quy c\u00e1ch th\u00f9ng: 12 v\u1ec9\/th\u00f9ng<\/li>\n<li>H\u01b0\u01a1ng v\u1ecb th\u01a1m ngon tinh khi\u1ebft v\u00e0 gi\u00e0u d\u01b0\u1ee1ng ch\u1ea5t<\/li>\n<li>S\u1ea3n ph\u1ea9m d\u00e0nh cho c\u1ea3 gi\u00e0 \u0111\u00ecnh lu\u00f4n n\u0103ng \u0111\u1ed9ng v\u00e0 vui kh\u1ecfe m\u1ed7i ng\u00e0y.<\/li>\n<\/ul>\n","protected":false},"featured_media":6284,"comment_status":"open","ping_status":"closed","template":"","meta":[],"product_cat":[584],"product_tag":[587],"class_list":["post-6280","product","type-product","status-publish","has-post-thumbnail","hentry","product_cat-sua-chua-an","product_tag-vinamilk","berocket_brand-vinamilk"],"yoast_head":"<!-- This site is optimized with the Yoast SEO plugin v27.6 - https:\/\/yoast.com\/product\/yoast-seo-wordpress\/ -->\n<title>S\u1eefa chua \u0103n Vinamilk kh\u00f4ng \u0111\u01b0\u1eddng - Th\u00f9ng 48 h\u1ed9p 100g<\/title>\n<meta name=\"description\" content=\"Vinamilk gi\u1edbi thi\u1ec7u d\u00f2ng s\u1ea3n ph\u1ea9m S\u1eefa chua \u0103n Vinamilk Kh\u00f4ng \u0111\u01b0\u1eddng v\u1edbi h\u01b0\u01a1ng v\u1ecb th\u01a1m ngon tinh khi\u1ebft v\u00e0 gi\u00e0u d\u01b0\u1ee1ng ch\u1ea5t, cho c\u1ea3 gi\u00e0 \u0111\u00ecnh lu\u00f4n n\u0103ng \u0111\u1ed9ng\" \/>\n<meta name=\"robots\" content=\"index, follow, max-snippet:-1, max-image-preview:large, max-video-preview:-1\" \/>\n<link rel=\"canonical\" href=\"https:\/\/suatuyetvoi.com\/muasam\/san-pham\/sua-chua-an-vinamilk-khong-duong-thung-48-hop-100g\/\" \/>\n<meta property=\"og:locale\" content=\"vi_VN\" \/>\n<meta property=\"og:type\" content=\"article\" \/>\n<meta property=\"og:title\" content=\"S\u1eefa chua \u0103n Vinamilk kh\u00f4ng \u0111\u01b0\u1eddng - Th\u00f9ng 48 h\u1ed9p 100g\" \/>\n<meta property=\"og:description\" content=\"Vinamilk gi\u1edbi thi\u1ec7u d\u00f2ng s\u1ea3n ph\u1ea9m S\u1eefa chua \u0103n Vinamilk Kh\u00f4ng \u0111\u01b0\u1eddng v\u1edbi h\u01b0\u01a1ng v\u1ecb th\u01a1m ngon tinh khi\u1ebft v\u00e0 gi\u00e0u d\u01b0\u1ee1ng ch\u1ea5t, cho c\u1ea3 gi\u00e0 \u0111\u00ecnh lu\u00f4n n\u0103ng \u0111\u1ed9ng\" \/>\n<meta property=\"og:url\" content=\"https:\/\/suatuyetvoi.com\/muasam\/san-pham\/sua-chua-an-vinamilk-khong-duong-thung-48-hop-100g\/\" \/>\n<meta property=\"og:site_name\" content=\"S\u1eefa Tuy\u1ec7t V\u1eddi\" \/>\n<meta property=\"article:modified_time\" content=\"2023-03-30T10:42:21+00:00\" \/>\n<meta property=\"og:image\" content=\"https:\/\/suatuyetvoi.com\/muasam\/wp-content\/uploads\/2023\/03\/khong_duong_thung_f595af62d1c642a1bf28b117a43dbf05_master-Edited.png\" \/>\n\t<meta property=\"og:image:width\" content=\"1600\" \/>\n\t<meta property=\"og:image:height\" content=\"1600\" \/>\n\t<meta property=\"og:image:type\" content=\"image\/png\" \/>\n<meta name=\"twitter:card\" content=\"summary_large_image\" \/>\n<meta name=\"twitter:label1\" content=\"\u01af\u1edbc t\u00ednh th\u1eddi gian \u0111\u1ecdc\" \/>\n\t<meta name=\"twitter:data1\" content=\"1 ph\u00fat\" \/>\n<script type=\"application\/ld+json\" class=\"yoast-schema-graph\">{\"@context\":\"https:\\\/\\\/schema.org\",\"@graph\":[{\"@type\":\"WebPage\",\"@id\":\"https:\\\/\\\/suatuyetvoi.com\\\/muasam\\\/san-pham\\\/sua-chua-an-vinamilk-khong-duong-thung-48-hop-100g\\\/\",\"url\":\"https:\\\/\\\/suatuyetvoi.com\\\/muasam\\\/san-pham\\\/sua-chua-an-vinamilk-khong-duong-thung-48-hop-100g\\\/\",\"name\":\"S\u1eefa chua \u0103n Vinamilk kh\u00f4ng \u0111\u01b0\u1eddng - Th\u00f9ng 48 h\u1ed9p 100g\",\"isPartOf\":{\"@id\":\"https:\\\/\\\/suatuyetvoi.com\\\/muasam\\\/#website\"},\"primaryImageOfPage\":{\"@id\":\"https:\\\/\\\/suatuyetvoi.com\\\/muasam\\\/san-pham\\\/sua-chua-an-vinamilk-khong-duong-thung-48-hop-100g\\\/#primaryimage\"},\"image\":{\"@id\":\"https:\\\/\\\/suatuyetvoi.com\\\/muasam\\\/san-pham\\\/sua-chua-an-vinamilk-khong-duong-thung-48-hop-100g\\\/#primaryimage\"},\"thumbnailUrl\":\"https:\\\/\\\/suatuyetvoi.com\\\/muasam\\\/wp-content\\\/uploads\\\/2023\\\/03\\\/khong_duong_thung_f595af62d1c642a1bf28b117a43dbf05_master-Edited.png\",\"datePublished\":\"2023-03-30T10:42:20+00:00\",\"dateModified\":\"2023-03-30T10:42:21+00:00\",\"description\":\"Vinamilk gi\u1edbi thi\u1ec7u d\u00f2ng s\u1ea3n ph\u1ea9m S\u1eefa chua \u0103n Vinamilk Kh\u00f4ng \u0111\u01b0\u1eddng v\u1edbi h\u01b0\u01a1ng v\u1ecb th\u01a1m ngon tinh khi\u1ebft v\u00e0 gi\u00e0u d\u01b0\u1ee1ng ch\u1ea5t, cho c\u1ea3 gi\u00e0 \u0111\u00ecnh lu\u00f4n n\u0103ng \u0111\u1ed9ng\",\"breadcrumb\":{\"@id\":\"https:\\\/\\\/suatuyetvoi.com\\\/muasam\\\/san-pham\\\/sua-chua-an-vinamilk-khong-duong-thung-48-hop-100g\\\/#breadcrumb\"},\"inLanguage\":\"vi\",\"potentialAction\":[{\"@type\":\"ReadAction\",\"target\":[\"https:\\\/\\\/suatuyetvoi.com\\\/muasam\\\/san-pham\\\/sua-chua-an-vinamilk-khong-duong-thung-48-hop-100g\\\/\"]}]},{\"@type\":\"ImageObject\",\"inLanguage\":\"vi\",\"@id\":\"https:\\\/\\\/suatuyetvoi.com\\\/muasam\\\/san-pham\\\/sua-chua-an-vinamilk-khong-duong-thung-48-hop-100g\\\/#primaryimage\",\"url\":\"https:\\\/\\\/suatuyetvoi.com\\\/muasam\\\/wp-content\\\/uploads\\\/2023\\\/03\\\/khong_duong_thung_f595af62d1c642a1bf28b117a43dbf05_master-Edited.png\",\"contentUrl\":\"https:\\\/\\\/suatuyetvoi.com\\\/muasam\\\/wp-content\\\/uploads\\\/2023\\\/03\\\/khong_duong_thung_f595af62d1c642a1bf28b117a43dbf05_master-Edited.png\",\"width\":1600,\"height\":1600},{\"@type\":\"BreadcrumbList\",\"@id\":\"https:\\\/\\\/suatuyetvoi.com\\\/muasam\\\/san-pham\\\/sua-chua-an-vinamilk-khong-duong-thung-48-hop-100g\\\/#breadcrumb\",\"itemListElement\":[{\"@type\":\"ListItem\",\"position\":1,\"name\":\"Home\",\"item\":\"https:\\\/\\\/suatuyetvoi.com\\\/muasam\\\/\"},{\"@type\":\"ListItem\",\"position\":2,\"name\":\"Shop\",\"item\":\"https:\\\/\\\/suatuyetvoi.com\\\/muasam\\\/shop\\\/\"},{\"@type\":\"ListItem\",\"position\":3,\"name\":\"S\u1eefa chua \u0103n Vinamilk kh\u00f4ng \u0111\u01b0\u1eddng &#8211; Th\u00f9ng 48 h\u1ed9p 100g\"}]},{\"@type\":\"WebSite\",\"@id\":\"https:\\\/\\\/suatuyetvoi.com\\\/muasam\\\/#website\",\"url\":\"https:\\\/\\\/suatuyetvoi.com\\\/muasam\\\/\",\"name\":\"S\u1eefa Tuy\u1ec7t V\u1eddi\",\"description\":\"S\u1eefa Tuy\u1ec7t V\u1eddi Vi\u1ec7t Nam\",\"potentialAction\":[{\"@type\":\"SearchAction\",\"target\":{\"@type\":\"EntryPoint\",\"urlTemplate\":\"https:\\\/\\\/suatuyetvoi.com\\\/muasam\\\/?s={search_term_string}\"},\"query-input\":{\"@type\":\"PropertyValueSpecification\",\"valueRequired\":true,\"valueName\":\"search_term_string\"}}],\"inLanguage\":\"vi\"}]}<\/script>\n<!-- \/ Yoast SEO plugin. -->","yoast_head_json":{"title":"S\u1eefa chua \u0103n Vinamilk kh\u00f4ng \u0111\u01b0\u1eddng - Th\u00f9ng 48 h\u1ed9p 100g","description":"Vinamilk gi\u1edbi thi\u1ec7u d\u00f2ng s\u1ea3n ph\u1ea9m S\u1eefa chua \u0103n Vinamilk Kh\u00f4ng \u0111\u01b0\u1eddng v\u1edbi h\u01b0\u01a1ng v\u1ecb th\u01a1m ngon tinh khi\u1ebft v\u00e0 gi\u00e0u d\u01b0\u1ee1ng ch\u1ea5t, cho c\u1ea3 gi\u00e0 \u0111\u00ecnh lu\u00f4n n\u0103ng \u0111\u1ed9ng","robots":{"index":"index","follow":"follow","max-snippet":"max-snippet:-1","max-image-preview":"max-image-preview:large","max-video-preview":"max-video-preview:-1"},"canonical":"https:\/\/suatuyetvoi.com\/muasam\/san-pham\/sua-chua-an-vinamilk-khong-duong-thung-48-hop-100g\/","og_locale":"vi_VN","og_type":"article","og_title":"S\u1eefa chua \u0103n Vinamilk kh\u00f4ng \u0111\u01b0\u1eddng - Th\u00f9ng 48 h\u1ed9p 100g","og_description":"Vinamilk gi\u1edbi thi\u1ec7u d\u00f2ng s\u1ea3n ph\u1ea9m S\u1eefa chua \u0103n Vinamilk Kh\u00f4ng \u0111\u01b0\u1eddng v\u1edbi h\u01b0\u01a1ng v\u1ecb th\u01a1m ngon tinh khi\u1ebft v\u00e0 gi\u00e0u d\u01b0\u1ee1ng ch\u1ea5t, cho c\u1ea3 gi\u00e0 \u0111\u00ecnh lu\u00f4n n\u0103ng \u0111\u1ed9ng","og_url":"https:\/\/suatuyetvoi.com\/muasam\/san-pham\/sua-chua-an-vinamilk-khong-duong-thung-48-hop-100g\/","og_site_name":"S\u1eefa Tuy\u1ec7t V\u1eddi","article_modified_time":"2023-03-30T10:42:21+00:00","og_image":[{"width":1600,"height":1600,"url":"https:\/\/suatuyetvoi.com\/muasam\/wp-content\/uploads\/2023\/03\/khong_duong_thung_f595af62d1c642a1bf28b117a43dbf05_master-Edited.png","type":"image\/png"}],"twitter_card":"summary_large_image","twitter_misc":{"\u01af\u1edbc t\u00ednh th\u1eddi gian \u0111\u1ecdc":"1 ph\u00fat"},"schema":{"@context":"https:\/\/schema.org","@graph":[{"@type":"WebPage","@id":"https:\/\/suatuyetvoi.com\/muasam\/san-pham\/sua-chua-an-vinamilk-khong-duong-thung-48-hop-100g\/","url":"https:\/\/suatuyetvoi.com\/muasam\/san-pham\/sua-chua-an-vinamilk-khong-duong-thung-48-hop-100g\/","name":"S\u1eefa chua \u0103n Vinamilk kh\u00f4ng \u0111\u01b0\u1eddng - Th\u00f9ng 48 h\u1ed9p 100g","isPartOf":{"@id":"https:\/\/suatuyetvoi.com\/muasam\/#website"},"primaryImageOfPage":{"@id":"https:\/\/suatuyetvoi.com\/muasam\/san-pham\/sua-chua-an-vinamilk-khong-duong-thung-48-hop-100g\/#primaryimage"},"image":{"@id":"https:\/\/suatuyetvoi.com\/muasam\/san-pham\/sua-chua-an-vinamilk-khong-duong-thung-48-hop-100g\/#primaryimage"},"thumbnailUrl":"https:\/\/suatuyetvoi.com\/muasam\/wp-content\/uploads\/2023\/03\/khong_duong_thung_f595af62d1c642a1bf28b117a43dbf05_master-Edited.png","datePublished":"2023-03-30T10:42:20+00:00","dateModified":"2023-03-30T10:42:21+00:00","description":"Vinamilk gi\u1edbi thi\u1ec7u d\u00f2ng s\u1ea3n ph\u1ea9m S\u1eefa chua \u0103n Vinamilk Kh\u00f4ng \u0111\u01b0\u1eddng v\u1edbi h\u01b0\u01a1ng v\u1ecb th\u01a1m ngon tinh khi\u1ebft v\u00e0 gi\u00e0u d\u01b0\u1ee1ng ch\u1ea5t, cho c\u1ea3 gi\u00e0 \u0111\u00ecnh lu\u00f4n n\u0103ng \u0111\u1ed9ng","breadcrumb":{"@id":"https:\/\/suatuyetvoi.com\/muasam\/san-pham\/sua-chua-an-vinamilk-khong-duong-thung-48-hop-100g\/#breadcrumb"},"inLanguage":"vi","potentialAction":[{"@type":"ReadAction","target":["https:\/\/suatuyetvoi.com\/muasam\/san-pham\/sua-chua-an-vinamilk-khong-duong-thung-48-hop-100g\/"]}]},{"@type":"ImageObject","inLanguage":"vi","@id":"https:\/\/suatuyetvoi.com\/muasam\/san-pham\/sua-chua-an-vinamilk-khong-duong-thung-48-hop-100g\/#primaryimage","url":"https:\/\/suatuyetvoi.com\/muasam\/wp-content\/uploads\/2023\/03\/khong_duong_thung_f595af62d1c642a1bf28b117a43dbf05_master-Edited.png","contentUrl":"https:\/\/suatuyetvoi.com\/muasam\/wp-content\/uploads\/2023\/03\/khong_duong_thung_f595af62d1c642a1bf28b117a43dbf05_master-Edited.png","width":1600,"height":1600},{"@type":"BreadcrumbList","@id":"https:\/\/suatuyetvoi.com\/muasam\/san-pham\/sua-chua-an-vinamilk-khong-duong-thung-48-hop-100g\/#breadcrumb","itemListElement":[{"@type":"ListItem","position":1,"name":"Home","item":"https:\/\/suatuyetvoi.com\/muasam\/"},{"@type":"ListItem","position":2,"name":"Shop","item":"https:\/\/suatuyetvoi.com\/muasam\/shop\/"},{"@type":"ListItem","position":3,"name":"S\u1eefa chua \u0103n Vinamilk kh\u00f4ng \u0111\u01b0\u1eddng &#8211; Th\u00f9ng 48 h\u1ed9p 100g"}]},{"@type":"WebSite","@id":"https:\/\/suatuyetvoi.com\/muasam\/#website","url":"https:\/\/suatuyetvoi.com\/muasam\/","name":"S\u1eefa Tuy\u1ec7t V\u1eddi","description":"S\u1eefa Tuy\u1ec7t V\u1eddi Vi\u1ec7t Nam","potentialAction":[{"@type":"SearchAction","target":{"@type":"EntryPoint","urlTemplate":"https:\/\/suatuyetvoi.com\/muasam\/?s={search_term_string}"},"query-input":{"@type":"PropertyValueSpecification","valueRequired":true,"valueName":"search_term_string"}}],"inLanguage":"vi"}]}},"_links":{"self":[{"href":"https:\/\/suatuyetvoi.com\/muasam\/wp-json\/wp\/v2\/product\/6280","targetHints":{"allow":["GET"]}}],"collection":[{"href":"https:\/\/suatuyetvoi.com\/muasam\/wp-json\/wp\/v2\/product"}],"about":[{"href":"https:\/\/suatuyetvoi.com\/muasam\/wp-json\/wp\/v2\/types\/product"}],"replies":[{"embeddable":true,"href":"https:\/\/suatuyetvoi.com\/muasam\/wp-json\/wp\/v2\/comments?post=6280"}],"wp:featuredmedia":[{"embeddable":true,"href":"https:\/\/suatuyetvoi.com\/muasam\/wp-json\/wp\/v2\/media\/6284"}],"wp:attachment":[{"href":"https:\/\/suatuyetvoi.com\/muasam\/wp-json\/wp\/v2\/media?parent=6280"}],"wp:term":[{"taxonomy":"product_cat","embeddable":true,"href":"https:\/\/suatuyetvoi.com\/muasam\/wp-json\/wp\/v2\/product_cat?post=6280"},{"taxonomy":"product_tag","embeddable":true,"href":"https:\/\/suatuyetvoi.com\/muasam\/wp-json\/wp\/v2\/product_tag?post=6280"}],"curies":[{"name":"wp","href":"https:\/\/api.w.org\/{rel}","templated":true}]}}