{"id":6261,"date":"2023-03-30T16:51:26","date_gmt":"2023-03-30T09:51:26","guid":{"rendered":"https:\/\/suatuyetvoi.com\/muasam\/?post_type=product&#038;p=6261"},"modified":"2023-03-30T16:57:14","modified_gmt":"2023-03-30T09:57:14","slug":"sua-tuoi-tiet-trung-vinamilk-100-it-duong-thung-48-hop-110ml","status":"publish","type":"product","link":"https:\/\/suatuyetvoi.com\/muasam\/san-pham\/sua-tuoi-tiet-trung-vinamilk-100-it-duong-thung-48-hop-110ml\/","title":{"rendered":"S\u1eefa t\u01b0\u01a1i ti\u1ec7t tr\u00f9ng Vinamilk 100% \u00edt \u0111\u01b0\u1eddng &#8211; Th\u00f9ng 48 h\u1ed9p 110ml"},"content":{"rendered":"<h3>Th\u00f4ng tin chi ti\u1ebft<\/h3>\n<div class=\"addclassfont16\">\n<ul>\n<li>Quy c\u00e1ch th\u00f9ng: 12 l\u1ed1c\/th\u00f9ng<\/li>\n<li>Th\u01a1m ngon thu\u1ea7n khi\u1ebft<\/li>\n<li>Gi\u00e0u d\u01b0\u1ee1ng ch\u1ea5t t\u1ef1 nhi\u00ean t\u1ed1t cho s\u1ee9c kh\u1ecfe<\/li>\n<li>B\u1ed5 sung Vitamin D3 theo chu\u1ea9n EFSA Ch\u00e2u \u00c2u gi\u00fap h\u1ed7 tr\u1ee3 mi\u1ec5n d\u1ecbch<\/li>\n<li>Thay \u0111\u1ed5i bao b\u00ec t\u1eeb th\u00e1ng 04\/2020<\/li>\n<\/ul>\n<p>\u2022 100% s\u1eefa b\u00f2 t\u01b0\u01a1i nguy\u00ean ch\u1ea5t t\u1eeb nh\u1eefng c\u00f4 b\u00f2 h\u1ea1nh ph\u00fac \u0111\u01b0\u1ee3c ch\u0103m s\u00f3c trong m\u00f4i tr\u01b0\u1eddng l\u00fd t\u01b0\u1edfng t\u1ea1i h\u1ec7 th\u1ed1ng 12 trang tr\u1ea1i r\u1ed9ng l\u1edbn tr\u1ea3i d\u00e0i kh\u1eafp Vi\u1ec7t Nam, \u0111\u01b0\u1ee3c v\u00ed nh\u01b0ng nh\u1eefng &#8220;Resort b\u00f2 s\u1eefa&#8221;, n\u01a1i c\u00e1c c\u00f4 b\u00f2 \u0111\u01b0\u1ee3c \u0103n ngon, t\u1eafm m\u00e1t, m\u00e1t xa, n\u1eb1m \u0111\u1ec7m.<br \/>\n\u2022 \u0110\u01b0\u1ee3c b\u1ed5 sung th\u00eam Vitamin A, D3 v\u00e0 Selen gi\u00fap h\u1ed7 tr\u1ee3 mi\u1ec5n d\u1ecbch cho c\u1ea3 gia \u0111\u00ecnh.<\/p>\n<p><strong>H\u1ea1n s\u1eed d\u1ee5ng:<\/strong>\u00a06 th\u00e1ng k\u1ec3 t\u1eeb ng\u00e0y s\u1ea3n xu\u1ea5t<\/p>\n<p><img loading=\"lazy\" decoding=\"async\" class=\"alignnone wp-image-6106 size-full\" src=\"https:\/\/suatuyetvoi.com\/muasam\/wp-content\/uploads\/2023\/03\/3.png\" alt=\"\" width=\"2048\" height=\"978\" srcset=\"https:\/\/suatuyetvoi.com\/muasam\/wp-content\/uploads\/2023\/03\/3.png 2048w, https:\/\/suatuyetvoi.com\/muasam\/wp-content\/uploads\/2023\/03\/3-800x382.png 800w, https:\/\/suatuyetvoi.com\/muasam\/wp-content\/uploads\/2023\/03\/3-1400x669.png 1400w, https:\/\/suatuyetvoi.com\/muasam\/wp-content\/uploads\/2023\/03\/3-768x367.png 768w, https:\/\/suatuyetvoi.com\/muasam\/wp-content\/uploads\/2023\/03\/3-1536x734.png 1536w, https:\/\/suatuyetvoi.com\/muasam\/wp-content\/uploads\/2023\/03\/3-600x287.png 600w\" sizes=\"auto, (max-width: 2048px) 100vw, 2048px\" \/><\/p>\n<p><img loading=\"lazy\" decoding=\"async\" class=\"alignnone wp-image-6108 size-full\" src=\"https:\/\/suatuyetvoi.com\/muasam\/wp-content\/uploads\/2023\/03\/2-1.png\" alt=\"\" width=\"2048\" height=\"978\" srcset=\"https:\/\/suatuyetvoi.com\/muasam\/wp-content\/uploads\/2023\/03\/2-1.png 2048w, https:\/\/suatuyetvoi.com\/muasam\/wp-content\/uploads\/2023\/03\/2-1-800x382.png 800w, https:\/\/suatuyetvoi.com\/muasam\/wp-content\/uploads\/2023\/03\/2-1-1400x669.png 1400w, https:\/\/suatuyetvoi.com\/muasam\/wp-content\/uploads\/2023\/03\/2-1-768x367.png 768w, https:\/\/suatuyetvoi.com\/muasam\/wp-content\/uploads\/2023\/03\/2-1-1536x734.png 1536w, https:\/\/suatuyetvoi.com\/muasam\/wp-content\/uploads\/2023\/03\/2-1-600x287.png 600w\" sizes=\"auto, (max-width: 2048px) 100vw, 2048px\" \/> <img loading=\"lazy\" decoding=\"async\" class=\"alignnone wp-image-6109 size-full\" src=\"https:\/\/suatuyetvoi.com\/muasam\/wp-content\/uploads\/2023\/03\/4.png\" alt=\"\" width=\"2048\" height=\"978\" srcset=\"https:\/\/suatuyetvoi.com\/muasam\/wp-content\/uploads\/2023\/03\/4.png 2048w, https:\/\/suatuyetvoi.com\/muasam\/wp-content\/uploads\/2023\/03\/4-800x382.png 800w, https:\/\/suatuyetvoi.com\/muasam\/wp-content\/uploads\/2023\/03\/4-1400x669.png 1400w, https:\/\/suatuyetvoi.com\/muasam\/wp-content\/uploads\/2023\/03\/4-768x367.png 768w, https:\/\/suatuyetvoi.com\/muasam\/wp-content\/uploads\/2023\/03\/4-1536x734.png 1536w, https:\/\/suatuyetvoi.com\/muasam\/wp-content\/uploads\/2023\/03\/4-600x287.png 600w\" sizes=\"auto, (max-width: 2048px) 100vw, 2048px\" \/><img loading=\"lazy\" decoding=\"async\" class=\"alignnone wp-image-6107 size-full\" src=\"https:\/\/suatuyetvoi.com\/muasam\/wp-content\/uploads\/2023\/03\/1.png\" alt=\"\" width=\"2048\" height=\"978\" srcset=\"https:\/\/suatuyetvoi.com\/muasam\/wp-content\/uploads\/2023\/03\/1.png 2048w, https:\/\/suatuyetvoi.com\/muasam\/wp-content\/uploads\/2023\/03\/1-800x382.png 800w, https:\/\/suatuyetvoi.com\/muasam\/wp-content\/uploads\/2023\/03\/1-1400x669.png 1400w, https:\/\/suatuyetvoi.com\/muasam\/wp-content\/uploads\/2023\/03\/1-768x367.png 768w, https:\/\/suatuyetvoi.com\/muasam\/wp-content\/uploads\/2023\/03\/1-1536x734.png 1536w, https:\/\/suatuyetvoi.com\/muasam\/wp-content\/uploads\/2023\/03\/1-600x287.png 600w\" sizes=\"auto, (max-width: 2048px) 100vw, 2048px\" \/><\/p>\n<\/div>\n","protected":false},"excerpt":{"rendered":"<p>H\u1ec7 d\u01b0\u1ee1ng ch\u1ea5t IQ Plus ph\u00e1t tri\u1ec3n n\u00e3o b\u1ed9<br \/>\nT\u0103ng c\u01b0\u1eddng \u0111\u1ec1 kh\u00e1ng v\u00e0 ti\u00eau h\u00f3a kh\u1ecfe m\u1ea1nh<br \/>\nGi\u00fap h\u1ea5p thu Canxi t\u1ed1t<\/p>\n","protected":false},"featured_media":6264,"comment_status":"open","ping_status":"closed","template":"","meta":[],"product_cat":[513],"product_tag":[574,575,566],"class_list":["post-6261","product","type-product","status-publish","has-post-thumbnail","hentry","product_cat-sua-tuoi","product_tag-ho-tro-tang-suc-de-khang","product_tag-tang-cuong-de-khang","product_tag-tang-cuong-suc-de-khang","berocket_brand-vinamilk"],"yoast_head":"<!-- This site is optimized with the Yoast SEO plugin v27.6 - https:\/\/yoast.com\/product\/yoast-seo-wordpress\/ -->\n<title>S\u1eefa t\u01b0\u01a1i ti\u1ec7t tr\u00f9ng Vinamilk 100% \u00edt \u0111\u01b0\u1eddng - Th\u00f9ng 48 h\u1ed9p 110ml - \u0110ang Khuy\u1ebfn m\u00e3i<\/title>\n<meta name=\"description\" content=\"100% s\u1eefa b\u00f2 t\u01b0\u01a1i nguy\u00ean ch\u1ea5t t\u1eeb nh\u1eefng c\u00f4 b\u00f2 h\u1ea1nh ph\u00fac \u0111\u01b0\u1ee3c ch\u0103m s\u00f3c trong m\u00f4i tr\u01b0\u1eddng l\u00fd t\u01b0\u1edfng t\u1ea1i h\u1ec7 th\u1ed1ng 12 trang tr\u1ea1i r\u1ed9ng l\u1edbn tr\u1ea3i d\u00e0i kh\u1eafp Vi\u1ec7t Nam.\" \/>\n<meta name=\"robots\" content=\"index, follow, max-snippet:-1, max-image-preview:large, max-video-preview:-1\" \/>\n<link rel=\"canonical\" href=\"https:\/\/suatuyetvoi.com\/muasam\/san-pham\/sua-tuoi-tiet-trung-vinamilk-100-it-duong-thung-48-hop-110ml\/\" \/>\n<meta property=\"og:locale\" content=\"vi_VN\" \/>\n<meta property=\"og:type\" content=\"article\" \/>\n<meta property=\"og:title\" content=\"S\u1eefa t\u01b0\u01a1i ti\u1ec7t tr\u00f9ng Vinamilk 100% \u00edt \u0111\u01b0\u1eddng - Th\u00f9ng 48 h\u1ed9p 110ml - \u0110ang Khuy\u1ebfn m\u00e3i\" \/>\n<meta property=\"og:description\" content=\"100% s\u1eefa b\u00f2 t\u01b0\u01a1i nguy\u00ean ch\u1ea5t t\u1eeb nh\u1eefng c\u00f4 b\u00f2 h\u1ea1nh ph\u00fac \u0111\u01b0\u1ee3c ch\u0103m s\u00f3c trong m\u00f4i tr\u01b0\u1eddng l\u00fd t\u01b0\u1edfng t\u1ea1i h\u1ec7 th\u1ed1ng 12 trang tr\u1ea1i r\u1ed9ng l\u1edbn tr\u1ea3i d\u00e0i kh\u1eafp Vi\u1ec7t Nam.\" \/>\n<meta property=\"og:url\" content=\"https:\/\/suatuyetvoi.com\/muasam\/san-pham\/sua-tuoi-tiet-trung-vinamilk-100-it-duong-thung-48-hop-110ml\/\" \/>\n<meta property=\"og:site_name\" content=\"S\u1eefa Tuy\u1ec7t V\u1eddi\" \/>\n<meta property=\"article:modified_time\" content=\"2023-03-30T09:57:14+00:00\" \/>\n<meta property=\"og:image\" content=\"https:\/\/suatuyetvoi.com\/muasam\/wp-content\/uploads\/2023\/03\/21-2.png\" \/>\n\t<meta property=\"og:image:width\" content=\"1080\" \/>\n\t<meta property=\"og:image:height\" content=\"1080\" \/>\n\t<meta property=\"og:image:type\" content=\"image\/png\" \/>\n<meta name=\"twitter:card\" content=\"summary_large_image\" \/>\n<meta name=\"twitter:title\" content=\"S\u1eefa t\u01b0\u01a1i ti\u1ec7t tr\u00f9ng Vinamilk 100% \u00edt \u0111\u01b0\u1eddng - Th\u00f9ng 48 h\u1ed9p 110ml - \u0110ang Khuy\u1ebfn m\u00e3i\" \/>\n<meta name=\"twitter:description\" content=\"100% s\u1eefa b\u00f2 t\u01b0\u01a1i nguy\u00ean ch\u1ea5t t\u1eeb nh\u1eefng c\u00f4 b\u00f2 h\u1ea1nh ph\u00fac \u0111\u01b0\u1ee3c ch\u0103m s\u00f3c trong m\u00f4i tr\u01b0\u1eddng l\u00fd t\u01b0\u1edfng t\u1ea1i h\u1ec7 th\u1ed1ng 12 trang tr\u1ea1i r\u1ed9ng l\u1edbn tr\u1ea3i d\u00e0i kh\u1eafp Vi\u1ec7t Nam.\" \/>\n<meta name=\"twitter:label1\" content=\"\u01af\u1edbc t\u00ednh th\u1eddi gian \u0111\u1ecdc\" \/>\n\t<meta name=\"twitter:data1\" content=\"2 ph\u00fat\" \/>\n<script type=\"application\/ld+json\" class=\"yoast-schema-graph\">{\"@context\":\"https:\\\/\\\/schema.org\",\"@graph\":[{\"@type\":\"WebPage\",\"@id\":\"https:\\\/\\\/suatuyetvoi.com\\\/muasam\\\/san-pham\\\/sua-tuoi-tiet-trung-vinamilk-100-it-duong-thung-48-hop-110ml\\\/\",\"url\":\"https:\\\/\\\/suatuyetvoi.com\\\/muasam\\\/san-pham\\\/sua-tuoi-tiet-trung-vinamilk-100-it-duong-thung-48-hop-110ml\\\/\",\"name\":\"S\u1eefa t\u01b0\u01a1i ti\u1ec7t tr\u00f9ng Vinamilk 100% \u00edt \u0111\u01b0\u1eddng - Th\u00f9ng 48 h\u1ed9p 110ml - \u0110ang Khuy\u1ebfn m\u00e3i\",\"isPartOf\":{\"@id\":\"https:\\\/\\\/suatuyetvoi.com\\\/muasam\\\/#website\"},\"primaryImageOfPage\":{\"@id\":\"https:\\\/\\\/suatuyetvoi.com\\\/muasam\\\/san-pham\\\/sua-tuoi-tiet-trung-vinamilk-100-it-duong-thung-48-hop-110ml\\\/#primaryimage\"},\"image\":{\"@id\":\"https:\\\/\\\/suatuyetvoi.com\\\/muasam\\\/san-pham\\\/sua-tuoi-tiet-trung-vinamilk-100-it-duong-thung-48-hop-110ml\\\/#primaryimage\"},\"thumbnailUrl\":\"https:\\\/\\\/suatuyetvoi.com\\\/muasam\\\/wp-content\\\/uploads\\\/2023\\\/03\\\/21-2.png\",\"datePublished\":\"2023-03-30T09:51:26+00:00\",\"dateModified\":\"2023-03-30T09:57:14+00:00\",\"description\":\"100% s\u1eefa b\u00f2 t\u01b0\u01a1i nguy\u00ean ch\u1ea5t t\u1eeb nh\u1eefng c\u00f4 b\u00f2 h\u1ea1nh ph\u00fac \u0111\u01b0\u1ee3c ch\u0103m s\u00f3c trong m\u00f4i tr\u01b0\u1eddng l\u00fd t\u01b0\u1edfng t\u1ea1i h\u1ec7 th\u1ed1ng 12 trang tr\u1ea1i r\u1ed9ng l\u1edbn tr\u1ea3i d\u00e0i kh\u1eafp Vi\u1ec7t Nam.\",\"breadcrumb\":{\"@id\":\"https:\\\/\\\/suatuyetvoi.com\\\/muasam\\\/san-pham\\\/sua-tuoi-tiet-trung-vinamilk-100-it-duong-thung-48-hop-110ml\\\/#breadcrumb\"},\"inLanguage\":\"vi\",\"potentialAction\":[{\"@type\":\"ReadAction\",\"target\":[\"https:\\\/\\\/suatuyetvoi.com\\\/muasam\\\/san-pham\\\/sua-tuoi-tiet-trung-vinamilk-100-it-duong-thung-48-hop-110ml\\\/\"]}]},{\"@type\":\"ImageObject\",\"inLanguage\":\"vi\",\"@id\":\"https:\\\/\\\/suatuyetvoi.com\\\/muasam\\\/san-pham\\\/sua-tuoi-tiet-trung-vinamilk-100-it-duong-thung-48-hop-110ml\\\/#primaryimage\",\"url\":\"https:\\\/\\\/suatuyetvoi.com\\\/muasam\\\/wp-content\\\/uploads\\\/2023\\\/03\\\/21-2.png\",\"contentUrl\":\"https:\\\/\\\/suatuyetvoi.com\\\/muasam\\\/wp-content\\\/uploads\\\/2023\\\/03\\\/21-2.png\",\"width\":1080,\"height\":1080},{\"@type\":\"BreadcrumbList\",\"@id\":\"https:\\\/\\\/suatuyetvoi.com\\\/muasam\\\/san-pham\\\/sua-tuoi-tiet-trung-vinamilk-100-it-duong-thung-48-hop-110ml\\\/#breadcrumb\",\"itemListElement\":[{\"@type\":\"ListItem\",\"position\":1,\"name\":\"Home\",\"item\":\"https:\\\/\\\/suatuyetvoi.com\\\/muasam\\\/\"},{\"@type\":\"ListItem\",\"position\":2,\"name\":\"Shop\",\"item\":\"https:\\\/\\\/suatuyetvoi.com\\\/muasam\\\/shop\\\/\"},{\"@type\":\"ListItem\",\"position\":3,\"name\":\"S\u1eefa t\u01b0\u01a1i ti\u1ec7t tr\u00f9ng Vinamilk 100% \u00edt \u0111\u01b0\u1eddng &#8211; Th\u00f9ng 48 h\u1ed9p 110ml\"}]},{\"@type\":\"WebSite\",\"@id\":\"https:\\\/\\\/suatuyetvoi.com\\\/muasam\\\/#website\",\"url\":\"https:\\\/\\\/suatuyetvoi.com\\\/muasam\\\/\",\"name\":\"S\u1eefa Tuy\u1ec7t V\u1eddi\",\"description\":\"S\u1eefa Tuy\u1ec7t V\u1eddi Vi\u1ec7t Nam\",\"potentialAction\":[{\"@type\":\"SearchAction\",\"target\":{\"@type\":\"EntryPoint\",\"urlTemplate\":\"https:\\\/\\\/suatuyetvoi.com\\\/muasam\\\/?s={search_term_string}\"},\"query-input\":{\"@type\":\"PropertyValueSpecification\",\"valueRequired\":true,\"valueName\":\"search_term_string\"}}],\"inLanguage\":\"vi\"}]}<\/script>\n<!-- \/ Yoast SEO plugin. -->","yoast_head_json":{"title":"S\u1eefa t\u01b0\u01a1i ti\u1ec7t tr\u00f9ng Vinamilk 100% \u00edt \u0111\u01b0\u1eddng - Th\u00f9ng 48 h\u1ed9p 110ml - \u0110ang Khuy\u1ebfn m\u00e3i","description":"100% s\u1eefa b\u00f2 t\u01b0\u01a1i nguy\u00ean ch\u1ea5t t\u1eeb nh\u1eefng c\u00f4 b\u00f2 h\u1ea1nh ph\u00fac \u0111\u01b0\u1ee3c ch\u0103m s\u00f3c trong m\u00f4i tr\u01b0\u1eddng l\u00fd t\u01b0\u1edfng t\u1ea1i h\u1ec7 th\u1ed1ng 12 trang tr\u1ea1i r\u1ed9ng l\u1edbn tr\u1ea3i d\u00e0i kh\u1eafp Vi\u1ec7t Nam.","robots":{"index":"index","follow":"follow","max-snippet":"max-snippet:-1","max-image-preview":"max-image-preview:large","max-video-preview":"max-video-preview:-1"},"canonical":"https:\/\/suatuyetvoi.com\/muasam\/san-pham\/sua-tuoi-tiet-trung-vinamilk-100-it-duong-thung-48-hop-110ml\/","og_locale":"vi_VN","og_type":"article","og_title":"S\u1eefa t\u01b0\u01a1i ti\u1ec7t tr\u00f9ng Vinamilk 100% \u00edt \u0111\u01b0\u1eddng - Th\u00f9ng 48 h\u1ed9p 110ml - \u0110ang Khuy\u1ebfn m\u00e3i","og_description":"100% s\u1eefa b\u00f2 t\u01b0\u01a1i nguy\u00ean ch\u1ea5t t\u1eeb nh\u1eefng c\u00f4 b\u00f2 h\u1ea1nh ph\u00fac \u0111\u01b0\u1ee3c ch\u0103m s\u00f3c trong m\u00f4i tr\u01b0\u1eddng l\u00fd t\u01b0\u1edfng t\u1ea1i h\u1ec7 th\u1ed1ng 12 trang tr\u1ea1i r\u1ed9ng l\u1edbn tr\u1ea3i d\u00e0i kh\u1eafp Vi\u1ec7t Nam.","og_url":"https:\/\/suatuyetvoi.com\/muasam\/san-pham\/sua-tuoi-tiet-trung-vinamilk-100-it-duong-thung-48-hop-110ml\/","og_site_name":"S\u1eefa Tuy\u1ec7t V\u1eddi","article_modified_time":"2023-03-30T09:57:14+00:00","og_image":[{"width":1080,"height":1080,"url":"https:\/\/suatuyetvoi.com\/muasam\/wp-content\/uploads\/2023\/03\/21-2.png","type":"image\/png"}],"twitter_card":"summary_large_image","twitter_title":"S\u1eefa t\u01b0\u01a1i ti\u1ec7t tr\u00f9ng Vinamilk 100% \u00edt \u0111\u01b0\u1eddng - Th\u00f9ng 48 h\u1ed9p 110ml - \u0110ang Khuy\u1ebfn m\u00e3i","twitter_description":"100% s\u1eefa b\u00f2 t\u01b0\u01a1i nguy\u00ean ch\u1ea5t t\u1eeb nh\u1eefng c\u00f4 b\u00f2 h\u1ea1nh ph\u00fac \u0111\u01b0\u1ee3c ch\u0103m s\u00f3c trong m\u00f4i tr\u01b0\u1eddng l\u00fd t\u01b0\u1edfng t\u1ea1i h\u1ec7 th\u1ed1ng 12 trang tr\u1ea1i r\u1ed9ng l\u1edbn tr\u1ea3i d\u00e0i kh\u1eafp Vi\u1ec7t Nam.","twitter_misc":{"\u01af\u1edbc t\u00ednh th\u1eddi gian \u0111\u1ecdc":"2 ph\u00fat"},"schema":{"@context":"https:\/\/schema.org","@graph":[{"@type":"WebPage","@id":"https:\/\/suatuyetvoi.com\/muasam\/san-pham\/sua-tuoi-tiet-trung-vinamilk-100-it-duong-thung-48-hop-110ml\/","url":"https:\/\/suatuyetvoi.com\/muasam\/san-pham\/sua-tuoi-tiet-trung-vinamilk-100-it-duong-thung-48-hop-110ml\/","name":"S\u1eefa t\u01b0\u01a1i ti\u1ec7t tr\u00f9ng Vinamilk 100% \u00edt \u0111\u01b0\u1eddng - Th\u00f9ng 48 h\u1ed9p 110ml - \u0110ang Khuy\u1ebfn m\u00e3i","isPartOf":{"@id":"https:\/\/suatuyetvoi.com\/muasam\/#website"},"primaryImageOfPage":{"@id":"https:\/\/suatuyetvoi.com\/muasam\/san-pham\/sua-tuoi-tiet-trung-vinamilk-100-it-duong-thung-48-hop-110ml\/#primaryimage"},"image":{"@id":"https:\/\/suatuyetvoi.com\/muasam\/san-pham\/sua-tuoi-tiet-trung-vinamilk-100-it-duong-thung-48-hop-110ml\/#primaryimage"},"thumbnailUrl":"https:\/\/suatuyetvoi.com\/muasam\/wp-content\/uploads\/2023\/03\/21-2.png","datePublished":"2023-03-30T09:51:26+00:00","dateModified":"2023-03-30T09:57:14+00:00","description":"100% s\u1eefa b\u00f2 t\u01b0\u01a1i nguy\u00ean ch\u1ea5t t\u1eeb nh\u1eefng c\u00f4 b\u00f2 h\u1ea1nh ph\u00fac \u0111\u01b0\u1ee3c ch\u0103m s\u00f3c trong m\u00f4i tr\u01b0\u1eddng l\u00fd t\u01b0\u1edfng t\u1ea1i h\u1ec7 th\u1ed1ng 12 trang tr\u1ea1i r\u1ed9ng l\u1edbn tr\u1ea3i d\u00e0i kh\u1eafp Vi\u1ec7t Nam.","breadcrumb":{"@id":"https:\/\/suatuyetvoi.com\/muasam\/san-pham\/sua-tuoi-tiet-trung-vinamilk-100-it-duong-thung-48-hop-110ml\/#breadcrumb"},"inLanguage":"vi","potentialAction":[{"@type":"ReadAction","target":["https:\/\/suatuyetvoi.com\/muasam\/san-pham\/sua-tuoi-tiet-trung-vinamilk-100-it-duong-thung-48-hop-110ml\/"]}]},{"@type":"ImageObject","inLanguage":"vi","@id":"https:\/\/suatuyetvoi.com\/muasam\/san-pham\/sua-tuoi-tiet-trung-vinamilk-100-it-duong-thung-48-hop-110ml\/#primaryimage","url":"https:\/\/suatuyetvoi.com\/muasam\/wp-content\/uploads\/2023\/03\/21-2.png","contentUrl":"https:\/\/suatuyetvoi.com\/muasam\/wp-content\/uploads\/2023\/03\/21-2.png","width":1080,"height":1080},{"@type":"BreadcrumbList","@id":"https:\/\/suatuyetvoi.com\/muasam\/san-pham\/sua-tuoi-tiet-trung-vinamilk-100-it-duong-thung-48-hop-110ml\/#breadcrumb","itemListElement":[{"@type":"ListItem","position":1,"name":"Home","item":"https:\/\/suatuyetvoi.com\/muasam\/"},{"@type":"ListItem","position":2,"name":"Shop","item":"https:\/\/suatuyetvoi.com\/muasam\/shop\/"},{"@type":"ListItem","position":3,"name":"S\u1eefa t\u01b0\u01a1i ti\u1ec7t tr\u00f9ng Vinamilk 100% \u00edt \u0111\u01b0\u1eddng &#8211; Th\u00f9ng 48 h\u1ed9p 110ml"}]},{"@type":"WebSite","@id":"https:\/\/suatuyetvoi.com\/muasam\/#website","url":"https:\/\/suatuyetvoi.com\/muasam\/","name":"S\u1eefa Tuy\u1ec7t V\u1eddi","description":"S\u1eefa Tuy\u1ec7t V\u1eddi Vi\u1ec7t Nam","potentialAction":[{"@type":"SearchAction","target":{"@type":"EntryPoint","urlTemplate":"https:\/\/suatuyetvoi.com\/muasam\/?s={search_term_string}"},"query-input":{"@type":"PropertyValueSpecification","valueRequired":true,"valueName":"search_term_string"}}],"inLanguage":"vi"}]}},"_links":{"self":[{"href":"https:\/\/suatuyetvoi.com\/muasam\/wp-json\/wp\/v2\/product\/6261","targetHints":{"allow":["GET"]}}],"collection":[{"href":"https:\/\/suatuyetvoi.com\/muasam\/wp-json\/wp\/v2\/product"}],"about":[{"href":"https:\/\/suatuyetvoi.com\/muasam\/wp-json\/wp\/v2\/types\/product"}],"replies":[{"embeddable":true,"href":"https:\/\/suatuyetvoi.com\/muasam\/wp-json\/wp\/v2\/comments?post=6261"}],"wp:featuredmedia":[{"embeddable":true,"href":"https:\/\/suatuyetvoi.com\/muasam\/wp-json\/wp\/v2\/media\/6264"}],"wp:attachment":[{"href":"https:\/\/suatuyetvoi.com\/muasam\/wp-json\/wp\/v2\/media?parent=6261"}],"wp:term":[{"taxonomy":"product_cat","embeddable":true,"href":"https:\/\/suatuyetvoi.com\/muasam\/wp-json\/wp\/v2\/product_cat?post=6261"},{"taxonomy":"product_tag","embeddable":true,"href":"https:\/\/suatuyetvoi.com\/muasam\/wp-json\/wp\/v2\/product_tag?post=6261"}],"curies":[{"name":"wp","href":"https:\/\/api.w.org\/{rel}","templated":true}]}}