{"id":6241,"date":"2023-03-30T16:10:01","date_gmt":"2023-03-30T09:10:01","guid":{"rendered":"https:\/\/suatuyetvoi.com\/muasam\/?post_type=product&#038;p=6241"},"modified":"2023-03-30T16:11:46","modified_gmt":"2023-03-30T09:11:46","slug":"sua-chua-an-vinamilk-dau-thung-48-hop-100g","status":"publish","type":"product","link":"https:\/\/suatuyetvoi.com\/muasam\/san-pham\/sua-chua-an-vinamilk-dau-thung-48-hop-100g\/","title":{"rendered":"S\u1eefa chua \u0103n Vinamilk d\u00e2u &#8211; Th\u00f9ng 48 h\u1ed9p 100g"},"content":{"rendered":"<p>Quy c\u00e1ch th\u00f9ng: 12 v\u1ec9\/th\u00f9ng<\/p>\n<p><strong>T\u00ean s\u1ea3n ph\u1ea9m: Th\u1ef1c ph\u1ea9m b\u1ed5 sung S\u1eefa chua \u0103n Vinamilk v\u1ecb D\u00e2u &#8211; V\u1ec9 4 h\u1ed9p x 100g\u00a0<\/strong><\/p>\n<p>Vinamilk gi\u1edbi thi\u1ec7u d\u00f2ng s\u1ea3n ph\u1ea9m S\u1eefa chua \u0103n Vinamilk v\u1ecb D\u00e2u v\u1edbi chi\u1ebft xu\u1ea5t d\u00e2u t\u01b0\u01a1i gi\u00e0u ch\u1ea5t ch\u1ed1ng oxy h\u00f3a, cung c\u1ea5p ngu\u1ed3n vitamin C v\u00e0 d\u01b0\u1ee1ng ch\u1ea5t d\u1ed3i d\u00e0o, cho l\u00e0n da c\u0103ng m\u1ecdng &amp; t\u01b0\u01a1i tr\u1ebb t\u1eeb b\u00ean trong.<\/p>\n<ul>\n<li>S\u1eed d\u1ee5ng ch\u1ee7ng men thu\u1ea7n khi\u1ebft Bulgaricus t\u1ed1t cho s\u1ee9c kh\u1ecfe v\u1edbi c\u00f4ng ngh\u1ec7 men hi\u1ec7n \u0111\u1ea1i t\u1eeb ch\u00e2u \u00c2u.<\/li>\n<li>S\u1eefa chua c\u00f9ng chi\u1ebft xu\u1ea5t d\u00e2u l\u00e0 ngu\u1ed3n cung c\u1ea5p vitamin v\u00e0 d\u01b0\u1ee1ng ch\u1ea5t, cho l\u00e0n da c\u0103ng m\u1ecdng &amp; t\u01b0\u01a1i tr\u1ebb t\u1eeb b\u00ean trong.<\/li>\n<\/ul>\n<p>V\u1ecb chua ng\u1ecdt thanh m\u00e1t c\u1ee7a m\u1ee9t d\u00e2u, th\u00eam th\u1ea1ch gi\u00f2n dai cho v\u1ecb ngon kh\u00f3 c\u01b0\u1ee1ng.<\/p>\n<p>S\u1ea3n ph\u1ea9m d\u00f9ng cho c\u1ea3 gia \u0111\u00ecnh, \u0111\u1eb7c bi\u1ec7t ph\u1ee5 n\u1eef c\u00f3 nhu c\u1ea7u l\u00e0m \u0111\u1eb9p.<\/p>\n<div class=\"title_news\">\n<div class=\"fck_detail width_common block_ads_connect\">\n<ul>\n<li class=\"subtitle\">Gi\u1ea3m ch\u1ee9ng say t\u00e0u xe<\/li>\n<li class=\"subtitle\">H\u1ec7 ti\u00eau ho\u00e1 kho\u1ebb m\u1ea1nh<\/li>\n<li class=\"subtitle\">T\u0103ng c\u01b0\u1eddng s\u1ee9c \u0111\u1ec1 kh\u00e1ng<\/li>\n<li class=\"subtitle\">D\u01b0\u1ee1ng \u1ea9m, b\u1ea3o v\u1ec7 da<\/li>\n<\/ul>\n<p class=\"Normal\">B\u1ea1n c\u00f3 th\u1ec3 d\u1ec5 d\u00e0ng t\u00ecm th\u1ea5y s\u1eefa chua c\u00f9ng c\u00e1c nguy\u00ean li\u1ec7u t\u1ef1 nhi\u00ean kh\u00e1c nh\u01b0 m\u1eadt ong, chanh, b\u1ed9t y\u1ebfn m\u1ea1ch\u2026t\u1ea1i c\u00e1c c\u1ee7a h\u00e0ng ti\u1ec7n l\u1ee3i ho\u1eb7c ch\u1ee3 \u0111\u1ecba ph\u01b0\u01a1ng. N\u1ebfu mu\u1ed1n \u0111\u01a1n gi\u1ea3n v\u00e0 ti\u1ec7n l\u1ee3i h\u01a1n th\u00ec ch\u1ec9 c\u1ea7n m\u1ed9t h\u0169 s\u1eefa chua kh\u00f4ng \u0111\u01b0\u1eddng l\u00e0 \u0111\u1ee7. \u0110\u1ec3 an to\u00e0n cho l\u00e0n da c\u1ee7a b\u1ea1n, n\u00ean ch\u1ecdn lo\u1ea1i s\u1eefa chua \u0111\u01b0\u1ee3c l\u00ean men t\u1ef1 nhi\u00ean, kh\u00f4ng ch\u1ea5t b\u1ea3o qu\u1ea3n v\u00e0 s\u1eed d\u1ee5ng c\u00f4ng ngh\u1ec7 ch\u00e2u \u00c2u uy t\u00edn nh\u01b0 s\u1eefa chua Vinamilk.<\/p>\n<p class=\"Normal\">V\u1edbi nhi\u1ec1u l\u1ee3i \u00edch cho s\u1ee9c kho\u1ebb c\u0169ng nh\u01b0 l\u00e0n da, s\u1eefa chua m\u00f3n \u0103n \u0111\u01a1n gi\u1ea3n v\u00e0 ti\u1ec7n l\u1ee3i n\u00ean c\u00f3 trong th\u1ef1c \u0111\u01a1n du l\u1ecbch c\u1ee7a b\u1ea1n.<\/p>\n<\/div>\n<\/div>\n","protected":false},"excerpt":{"rendered":"<ul>\n<li>Quy c\u00e1ch \u0111\u00f3ng g\u00f3i: 48 h\u1ed9p\/ th\u00f9ng<\/li>\n<li>S\u1ea3n xu\u1ea5t, \u0111\u00f3ng g\u00f3i tr\u00ean 2 lo\u1ea1i d\u00e2y chuy\u1ec1n t\u1ed1c \u0111\u1ed9 cao (th\u00e2n h\u0169 th\u1ea5p, c\u00f3 s\u1ecdc) v\u00e0 d\u00e2y chuy\u1ec1n t\u1ed1c \u0111\u1ed9 th\u1ea5p (th\u00e2n h\u0169 cao, tr\u01a1n).<\/li>\n<li>Cung c\u1ea5p ngu\u1ed3n vitamin C v\u00e0 d\u01b0\u1ee1ng ch\u1ea5t d\u1ed3i d\u00e0o<\/li>\n<\/ul>\n","protected":false},"featured_media":6242,"comment_status":"open","ping_status":"closed","template":"","meta":[],"product_cat":[584],"product_tag":[587],"class_list":["post-6241","product","type-product","status-publish","has-post-thumbnail","hentry","product_cat-sua-chua-an","product_tag-vinamilk","berocket_brand-vinamilk"],"yoast_head":"<!-- This site is optimized with the Yoast SEO plugin v27.6 - https:\/\/yoast.com\/product\/yoast-seo-wordpress\/ -->\n<title>S\u1eefa chua \u0103n Vinamilk d\u00e2u - Th\u00f9ng 48 h\u1ed9p 100g<\/title>\n<meta name=\"description\" content=\"Vinamilk gi\u1edbi thi\u1ec7u d\u00f2ng s\u1ea3n ph\u1ea9m S\u1eefa chua \u0103n Vinamilk v\u1ecb D\u00e2u v\u1edbi chi\u1ebft xu\u1ea5t d\u00e2u t\u01b0\u01a1i gi\u00e0u ch\u1ea5t ch\u1ed1ng oxy h\u00f3a, cung c\u1ea5p ngu\u1ed3n vitamin C\" \/>\n<meta name=\"robots\" content=\"index, follow, max-snippet:-1, max-image-preview:large, max-video-preview:-1\" \/>\n<link rel=\"canonical\" href=\"https:\/\/suatuyetvoi.com\/muasam\/san-pham\/sua-chua-an-vinamilk-dau-thung-48-hop-100g\/\" \/>\n<meta property=\"og:locale\" content=\"vi_VN\" \/>\n<meta property=\"og:type\" content=\"article\" \/>\n<meta property=\"og:title\" content=\"S\u1eefa chua \u0103n Vinamilk d\u00e2u - Th\u00f9ng 48 h\u1ed9p 100g\" \/>\n<meta property=\"og:description\" content=\"Vinamilk gi\u1edbi thi\u1ec7u d\u00f2ng s\u1ea3n ph\u1ea9m S\u1eefa chua \u0103n Vinamilk v\u1ecb D\u00e2u v\u1edbi chi\u1ebft xu\u1ea5t d\u00e2u t\u01b0\u01a1i gi\u00e0u ch\u1ea5t ch\u1ed1ng oxy h\u00f3a, cung c\u1ea5p ngu\u1ed3n vitamin C\" \/>\n<meta property=\"og:url\" content=\"https:\/\/suatuyetvoi.com\/muasam\/san-pham\/sua-chua-an-vinamilk-dau-thung-48-hop-100g\/\" \/>\n<meta property=\"og:site_name\" content=\"S\u1eefa Tuy\u1ec7t V\u1eddi\" \/>\n<meta property=\"article:modified_time\" content=\"2023-03-30T09:11:46+00:00\" \/>\n<meta property=\"og:image\" content=\"https:\/\/suatuyetvoi.com\/muasam\/wp-content\/uploads\/2023\/03\/moi-sca-traicay-dau-thung_4b4dafe74378457ca67248492e93e049_master-Edited.png\" \/>\n\t<meta property=\"og:image:width\" content=\"600\" \/>\n\t<meta property=\"og:image:height\" content=\"600\" \/>\n\t<meta property=\"og:image:type\" content=\"image\/png\" \/>\n<meta name=\"twitter:card\" content=\"summary_large_image\" \/>\n<meta name=\"twitter:title\" content=\"S\u1eefa chua \u0103n Vinamilk d\u00e2u - Th\u00f9ng 48 h\u1ed9p 100g\" \/>\n<meta name=\"twitter:description\" content=\"Vinamilk gi\u1edbi thi\u1ec7u d\u00f2ng s\u1ea3n ph\u1ea9m S\u1eefa chua \u0103n Vinamilk v\u1ecb D\u00e2u v\u1edbi chi\u1ebft xu\u1ea5t d\u00e2u t\u01b0\u01a1i gi\u00e0u ch\u1ea5t ch\u1ed1ng oxy h\u00f3a, cung c\u1ea5p ngu\u1ed3n vitamin C\" \/>\n<meta name=\"twitter:label1\" content=\"\u01af\u1edbc t\u00ednh th\u1eddi gian \u0111\u1ecdc\" \/>\n\t<meta name=\"twitter:data1\" content=\"2 ph\u00fat\" \/>\n<script type=\"application\/ld+json\" class=\"yoast-schema-graph\">{\"@context\":\"https:\\\/\\\/schema.org\",\"@graph\":[{\"@type\":\"WebPage\",\"@id\":\"https:\\\/\\\/suatuyetvoi.com\\\/muasam\\\/san-pham\\\/sua-chua-an-vinamilk-dau-thung-48-hop-100g\\\/\",\"url\":\"https:\\\/\\\/suatuyetvoi.com\\\/muasam\\\/san-pham\\\/sua-chua-an-vinamilk-dau-thung-48-hop-100g\\\/\",\"name\":\"S\u1eefa chua \u0103n Vinamilk d\u00e2u - Th\u00f9ng 48 h\u1ed9p 100g\",\"isPartOf\":{\"@id\":\"https:\\\/\\\/suatuyetvoi.com\\\/muasam\\\/#website\"},\"primaryImageOfPage\":{\"@id\":\"https:\\\/\\\/suatuyetvoi.com\\\/muasam\\\/san-pham\\\/sua-chua-an-vinamilk-dau-thung-48-hop-100g\\\/#primaryimage\"},\"image\":{\"@id\":\"https:\\\/\\\/suatuyetvoi.com\\\/muasam\\\/san-pham\\\/sua-chua-an-vinamilk-dau-thung-48-hop-100g\\\/#primaryimage\"},\"thumbnailUrl\":\"https:\\\/\\\/suatuyetvoi.com\\\/muasam\\\/wp-content\\\/uploads\\\/2023\\\/03\\\/moi-sca-traicay-dau-thung_4b4dafe74378457ca67248492e93e049_master-Edited.png\",\"datePublished\":\"2023-03-30T09:10:01+00:00\",\"dateModified\":\"2023-03-30T09:11:46+00:00\",\"description\":\"Vinamilk gi\u1edbi thi\u1ec7u d\u00f2ng s\u1ea3n ph\u1ea9m S\u1eefa chua \u0103n Vinamilk v\u1ecb D\u00e2u v\u1edbi chi\u1ebft xu\u1ea5t d\u00e2u t\u01b0\u01a1i gi\u00e0u ch\u1ea5t ch\u1ed1ng oxy h\u00f3a, cung c\u1ea5p ngu\u1ed3n vitamin C\",\"breadcrumb\":{\"@id\":\"https:\\\/\\\/suatuyetvoi.com\\\/muasam\\\/san-pham\\\/sua-chua-an-vinamilk-dau-thung-48-hop-100g\\\/#breadcrumb\"},\"inLanguage\":\"vi\",\"potentialAction\":[{\"@type\":\"ReadAction\",\"target\":[\"https:\\\/\\\/suatuyetvoi.com\\\/muasam\\\/san-pham\\\/sua-chua-an-vinamilk-dau-thung-48-hop-100g\\\/\"]}]},{\"@type\":\"ImageObject\",\"inLanguage\":\"vi\",\"@id\":\"https:\\\/\\\/suatuyetvoi.com\\\/muasam\\\/san-pham\\\/sua-chua-an-vinamilk-dau-thung-48-hop-100g\\\/#primaryimage\",\"url\":\"https:\\\/\\\/suatuyetvoi.com\\\/muasam\\\/wp-content\\\/uploads\\\/2023\\\/03\\\/moi-sca-traicay-dau-thung_4b4dafe74378457ca67248492e93e049_master-Edited.png\",\"contentUrl\":\"https:\\\/\\\/suatuyetvoi.com\\\/muasam\\\/wp-content\\\/uploads\\\/2023\\\/03\\\/moi-sca-traicay-dau-thung_4b4dafe74378457ca67248492e93e049_master-Edited.png\",\"width\":600,\"height\":600},{\"@type\":\"BreadcrumbList\",\"@id\":\"https:\\\/\\\/suatuyetvoi.com\\\/muasam\\\/san-pham\\\/sua-chua-an-vinamilk-dau-thung-48-hop-100g\\\/#breadcrumb\",\"itemListElement\":[{\"@type\":\"ListItem\",\"position\":1,\"name\":\"Home\",\"item\":\"https:\\\/\\\/suatuyetvoi.com\\\/muasam\\\/\"},{\"@type\":\"ListItem\",\"position\":2,\"name\":\"Shop\",\"item\":\"https:\\\/\\\/suatuyetvoi.com\\\/muasam\\\/shop\\\/\"},{\"@type\":\"ListItem\",\"position\":3,\"name\":\"S\u1eefa chua \u0103n Vinamilk d\u00e2u &#8211; Th\u00f9ng 48 h\u1ed9p 100g\"}]},{\"@type\":\"WebSite\",\"@id\":\"https:\\\/\\\/suatuyetvoi.com\\\/muasam\\\/#website\",\"url\":\"https:\\\/\\\/suatuyetvoi.com\\\/muasam\\\/\",\"name\":\"S\u1eefa Tuy\u1ec7t V\u1eddi\",\"description\":\"S\u1eefa Tuy\u1ec7t V\u1eddi Vi\u1ec7t Nam\",\"potentialAction\":[{\"@type\":\"SearchAction\",\"target\":{\"@type\":\"EntryPoint\",\"urlTemplate\":\"https:\\\/\\\/suatuyetvoi.com\\\/muasam\\\/?s={search_term_string}\"},\"query-input\":{\"@type\":\"PropertyValueSpecification\",\"valueRequired\":true,\"valueName\":\"search_term_string\"}}],\"inLanguage\":\"vi\"}]}<\/script>\n<!-- \/ Yoast SEO plugin. -->","yoast_head_json":{"title":"S\u1eefa chua \u0103n Vinamilk d\u00e2u - Th\u00f9ng 48 h\u1ed9p 100g","description":"Vinamilk gi\u1edbi thi\u1ec7u d\u00f2ng s\u1ea3n ph\u1ea9m S\u1eefa chua \u0103n Vinamilk v\u1ecb D\u00e2u v\u1edbi chi\u1ebft xu\u1ea5t d\u00e2u t\u01b0\u01a1i gi\u00e0u ch\u1ea5t ch\u1ed1ng oxy h\u00f3a, cung c\u1ea5p ngu\u1ed3n vitamin C","robots":{"index":"index","follow":"follow","max-snippet":"max-snippet:-1","max-image-preview":"max-image-preview:large","max-video-preview":"max-video-preview:-1"},"canonical":"https:\/\/suatuyetvoi.com\/muasam\/san-pham\/sua-chua-an-vinamilk-dau-thung-48-hop-100g\/","og_locale":"vi_VN","og_type":"article","og_title":"S\u1eefa chua \u0103n Vinamilk d\u00e2u - Th\u00f9ng 48 h\u1ed9p 100g","og_description":"Vinamilk gi\u1edbi thi\u1ec7u d\u00f2ng s\u1ea3n ph\u1ea9m S\u1eefa chua \u0103n Vinamilk v\u1ecb D\u00e2u v\u1edbi chi\u1ebft xu\u1ea5t d\u00e2u t\u01b0\u01a1i gi\u00e0u ch\u1ea5t ch\u1ed1ng oxy h\u00f3a, cung c\u1ea5p ngu\u1ed3n vitamin C","og_url":"https:\/\/suatuyetvoi.com\/muasam\/san-pham\/sua-chua-an-vinamilk-dau-thung-48-hop-100g\/","og_site_name":"S\u1eefa Tuy\u1ec7t V\u1eddi","article_modified_time":"2023-03-30T09:11:46+00:00","og_image":[{"width":600,"height":600,"url":"https:\/\/suatuyetvoi.com\/muasam\/wp-content\/uploads\/2023\/03\/moi-sca-traicay-dau-thung_4b4dafe74378457ca67248492e93e049_master-Edited.png","type":"image\/png"}],"twitter_card":"summary_large_image","twitter_title":"S\u1eefa chua \u0103n Vinamilk d\u00e2u - Th\u00f9ng 48 h\u1ed9p 100g","twitter_description":"Vinamilk gi\u1edbi thi\u1ec7u d\u00f2ng s\u1ea3n ph\u1ea9m S\u1eefa chua \u0103n Vinamilk v\u1ecb D\u00e2u v\u1edbi chi\u1ebft xu\u1ea5t d\u00e2u t\u01b0\u01a1i gi\u00e0u ch\u1ea5t ch\u1ed1ng oxy h\u00f3a, cung c\u1ea5p ngu\u1ed3n vitamin C","twitter_misc":{"\u01af\u1edbc t\u00ednh th\u1eddi gian \u0111\u1ecdc":"2 ph\u00fat"},"schema":{"@context":"https:\/\/schema.org","@graph":[{"@type":"WebPage","@id":"https:\/\/suatuyetvoi.com\/muasam\/san-pham\/sua-chua-an-vinamilk-dau-thung-48-hop-100g\/","url":"https:\/\/suatuyetvoi.com\/muasam\/san-pham\/sua-chua-an-vinamilk-dau-thung-48-hop-100g\/","name":"S\u1eefa chua \u0103n Vinamilk d\u00e2u - Th\u00f9ng 48 h\u1ed9p 100g","isPartOf":{"@id":"https:\/\/suatuyetvoi.com\/muasam\/#website"},"primaryImageOfPage":{"@id":"https:\/\/suatuyetvoi.com\/muasam\/san-pham\/sua-chua-an-vinamilk-dau-thung-48-hop-100g\/#primaryimage"},"image":{"@id":"https:\/\/suatuyetvoi.com\/muasam\/san-pham\/sua-chua-an-vinamilk-dau-thung-48-hop-100g\/#primaryimage"},"thumbnailUrl":"https:\/\/suatuyetvoi.com\/muasam\/wp-content\/uploads\/2023\/03\/moi-sca-traicay-dau-thung_4b4dafe74378457ca67248492e93e049_master-Edited.png","datePublished":"2023-03-30T09:10:01+00:00","dateModified":"2023-03-30T09:11:46+00:00","description":"Vinamilk gi\u1edbi thi\u1ec7u d\u00f2ng s\u1ea3n ph\u1ea9m S\u1eefa chua \u0103n Vinamilk v\u1ecb D\u00e2u v\u1edbi chi\u1ebft xu\u1ea5t d\u00e2u t\u01b0\u01a1i gi\u00e0u ch\u1ea5t ch\u1ed1ng oxy h\u00f3a, cung c\u1ea5p ngu\u1ed3n vitamin C","breadcrumb":{"@id":"https:\/\/suatuyetvoi.com\/muasam\/san-pham\/sua-chua-an-vinamilk-dau-thung-48-hop-100g\/#breadcrumb"},"inLanguage":"vi","potentialAction":[{"@type":"ReadAction","target":["https:\/\/suatuyetvoi.com\/muasam\/san-pham\/sua-chua-an-vinamilk-dau-thung-48-hop-100g\/"]}]},{"@type":"ImageObject","inLanguage":"vi","@id":"https:\/\/suatuyetvoi.com\/muasam\/san-pham\/sua-chua-an-vinamilk-dau-thung-48-hop-100g\/#primaryimage","url":"https:\/\/suatuyetvoi.com\/muasam\/wp-content\/uploads\/2023\/03\/moi-sca-traicay-dau-thung_4b4dafe74378457ca67248492e93e049_master-Edited.png","contentUrl":"https:\/\/suatuyetvoi.com\/muasam\/wp-content\/uploads\/2023\/03\/moi-sca-traicay-dau-thung_4b4dafe74378457ca67248492e93e049_master-Edited.png","width":600,"height":600},{"@type":"BreadcrumbList","@id":"https:\/\/suatuyetvoi.com\/muasam\/san-pham\/sua-chua-an-vinamilk-dau-thung-48-hop-100g\/#breadcrumb","itemListElement":[{"@type":"ListItem","position":1,"name":"Home","item":"https:\/\/suatuyetvoi.com\/muasam\/"},{"@type":"ListItem","position":2,"name":"Shop","item":"https:\/\/suatuyetvoi.com\/muasam\/shop\/"},{"@type":"ListItem","position":3,"name":"S\u1eefa chua \u0103n Vinamilk d\u00e2u &#8211; Th\u00f9ng 48 h\u1ed9p 100g"}]},{"@type":"WebSite","@id":"https:\/\/suatuyetvoi.com\/muasam\/#website","url":"https:\/\/suatuyetvoi.com\/muasam\/","name":"S\u1eefa Tuy\u1ec7t V\u1eddi","description":"S\u1eefa Tuy\u1ec7t V\u1eddi Vi\u1ec7t Nam","potentialAction":[{"@type":"SearchAction","target":{"@type":"EntryPoint","urlTemplate":"https:\/\/suatuyetvoi.com\/muasam\/?s={search_term_string}"},"query-input":{"@type":"PropertyValueSpecification","valueRequired":true,"valueName":"search_term_string"}}],"inLanguage":"vi"}]}},"_links":{"self":[{"href":"https:\/\/suatuyetvoi.com\/muasam\/wp-json\/wp\/v2\/product\/6241","targetHints":{"allow":["GET"]}}],"collection":[{"href":"https:\/\/suatuyetvoi.com\/muasam\/wp-json\/wp\/v2\/product"}],"about":[{"href":"https:\/\/suatuyetvoi.com\/muasam\/wp-json\/wp\/v2\/types\/product"}],"replies":[{"embeddable":true,"href":"https:\/\/suatuyetvoi.com\/muasam\/wp-json\/wp\/v2\/comments?post=6241"}],"wp:featuredmedia":[{"embeddable":true,"href":"https:\/\/suatuyetvoi.com\/muasam\/wp-json\/wp\/v2\/media\/6242"}],"wp:attachment":[{"href":"https:\/\/suatuyetvoi.com\/muasam\/wp-json\/wp\/v2\/media?parent=6241"}],"wp:term":[{"taxonomy":"product_cat","embeddable":true,"href":"https:\/\/suatuyetvoi.com\/muasam\/wp-json\/wp\/v2\/product_cat?post=6241"},{"taxonomy":"product_tag","embeddable":true,"href":"https:\/\/suatuyetvoi.com\/muasam\/wp-json\/wp\/v2\/product_tag?post=6241"}],"curies":[{"name":"wp","href":"https:\/\/api.w.org\/{rel}","templated":true}]}}