{"id":6231,"date":"2023-03-30T15:21:08","date_gmt":"2023-03-30T08:21:08","guid":{"rendered":"https:\/\/suatuyetvoi.com\/muasam\/?post_type=product&#038;p=6231"},"modified":"2023-03-30T17:11:09","modified_gmt":"2023-03-30T10:11:09","slug":"sua-chua-an-vinamilk-green-farm-co-duong-thung-48-hop","status":"publish","type":"product","link":"https:\/\/suatuyetvoi.com\/muasam\/san-pham\/sua-chua-an-vinamilk-green-farm-co-duong-thung-48-hop\/","title":{"rendered":"S\u1eefa chua \u0103n Vinamilk Green Farm C\u00f3 \u0110\u01b0\u1eddng &#8211; Th\u00f9ng 48 H\u1ed9p 100gr"},"content":{"rendered":"<div class=\"content full\">\n<div id=\"motasanpham\" class=\"clearfix\">\n<p>\u0110\u1eb7c \u0111i\u1ec3m n\u1ed5i b\u1eadt:<\/p>\n<ul>\n<li>S\u1eefa chua t\u1eeb ngu\u1ed3n s\u1eefa t\u01b0\u01a1i trang tr\u1ea1i sinh th\u00e1i Vinamilk Green Farm c\u00f9ng b\u00ed quy\u1ebft l\u00ean men t\u1ef1 nhi\u00ean g\u1ea7n 30 n\u0103m<\/li>\n<li>S\u1eefa chua s\u00e1nh m\u1ecbn, thanh nh\u1eb9 m\u00e1t l\u00e0nh<\/li>\n<li>H\u1ea1n s\u1eed d\u1ee5ng: 45 ng\u00e0y k\u1ec3 t\u1eeb ng\u00e0y s\u1ea3n xu\u1ea5t<\/li>\n<\/ul>\n<p><img loading=\"lazy\" decoding=\"async\" class=\"alignnone size-full wp-image-6233\" src=\"https:\/\/suatuyetvoi.com\/muasam\/wp-content\/uploads\/2023\/03\/28338819f3ae26ed28c41a644bbc10ff.jpg_2200x2200q80.jpg_.webp\" alt=\"\" width=\"1920\" height=\"1920\" srcset=\"https:\/\/suatuyetvoi.com\/muasam\/wp-content\/uploads\/2023\/03\/28338819f3ae26ed28c41a644bbc10ff.jpg_2200x2200q80.jpg_.webp 1920w, https:\/\/suatuyetvoi.com\/muasam\/wp-content\/uploads\/2023\/03\/28338819f3ae26ed28c41a644bbc10ff.jpg_2200x2200q80.jpg_-400x400.webp 400w, https:\/\/suatuyetvoi.com\/muasam\/wp-content\/uploads\/2023\/03\/28338819f3ae26ed28c41a644bbc10ff.jpg_2200x2200q80.jpg_-800x800.webp 800w, https:\/\/suatuyetvoi.com\/muasam\/wp-content\/uploads\/2023\/03\/28338819f3ae26ed28c41a644bbc10ff.jpg_2200x2200q80.jpg_-280x280.webp 280w, https:\/\/suatuyetvoi.com\/muasam\/wp-content\/uploads\/2023\/03\/28338819f3ae26ed28c41a644bbc10ff.jpg_2200x2200q80.jpg_-768x768.webp 768w, https:\/\/suatuyetvoi.com\/muasam\/wp-content\/uploads\/2023\/03\/28338819f3ae26ed28c41a644bbc10ff.jpg_2200x2200q80.jpg_-1536x1536.webp 1536w, https:\/\/suatuyetvoi.com\/muasam\/wp-content\/uploads\/2023\/03\/28338819f3ae26ed28c41a644bbc10ff.jpg_2200x2200q80.jpg_-300x300.webp 300w, https:\/\/suatuyetvoi.com\/muasam\/wp-content\/uploads\/2023\/03\/28338819f3ae26ed28c41a644bbc10ff.jpg_2200x2200q80.jpg_-600x600.webp 600w, https:\/\/suatuyetvoi.com\/muasam\/wp-content\/uploads\/2023\/03\/28338819f3ae26ed28c41a644bbc10ff.jpg_2200x2200q80.jpg_-100x100.webp 100w\" sizes=\"auto, (max-width: 1920px) 100vw, 1920px\" \/><\/p>\n<\/div>\n<\/div>\n","protected":false},"excerpt":{"rendered":"<p>S\u1eefa chua t\u1eeb ngu\u1ed3n s\u1eefa t\u01b0\u01a1i trang tr\u1ea1i sinh th\u00e1i Vinamilk Green Farm c\u00f9ng b\u00ed quy\u1ebft l\u00ean men t\u1ef1 nhi\u00ean g\u1ea7n 30 n\u0103m<\/p>\n<p>S\u1eefa chua s\u00e1nh m\u1ecbn, thanh nh\u1eb9 m\u00e1t l\u00e0nh<\/p>\n<p data-spm-anchor-id=\"a2o4n.pdp_revamp.product_detail.i2.3bb735eaKUncsj\">H\u1ea1n s\u1eed d\u1ee5ng: 45 ng\u00e0y k\u1ec3 t\u1eeb ng\u00e0y s\u1ea3n xu\u1ea5t<\/p>\n","protected":false},"featured_media":6272,"comment_status":"open","ping_status":"closed","template":"","meta":[],"product_cat":[584],"product_tag":[587],"class_list":["post-6231","product","type-product","status-publish","has-post-thumbnail","hentry","product_cat-sua-chua-an","product_tag-vinamilk","berocket_brand-vinamilk"],"yoast_head":"<!-- This site is optimized with the Yoast SEO plugin v27.6 - https:\/\/yoast.com\/product\/yoast-seo-wordpress\/ -->\n<title>S\u1eefa chua \u0103n Vinamilk Green Farm C\u00f3 \u0110\u01b0\u1eddng - Th\u00f9ng 48 H\u1ed9p<\/title>\n<meta name=\"description\" content=\"S\u1eefa chua t\u1eeb ngu\u1ed3n s\u1eefa t\u01b0\u01a1i trang tr\u1ea1i sinh th\u00e1i Vinamilk Green Farm c\u00f9ng b\u00ed quy\u1ebft l\u00ean men t\u1ef1 nhi\u00ean g\u1ea7n 30 n\u0103mS\u1eefa chua s\u00e1nh m\u1ecbn, thanh nh\u1eb9 m\u00e1t l\u00e0nh\" \/>\n<meta name=\"robots\" content=\"index, follow, max-snippet:-1, max-image-preview:large, max-video-preview:-1\" \/>\n<link rel=\"canonical\" href=\"https:\/\/suatuyetvoi.com\/muasam\/san-pham\/sua-chua-an-vinamilk-green-farm-co-duong-thung-48-hop\/\" \/>\n<meta property=\"og:locale\" content=\"vi_VN\" \/>\n<meta property=\"og:type\" content=\"article\" \/>\n<meta property=\"og:title\" content=\"S\u1eefa chua \u0103n Vinamilk Green Farm C\u00f3 \u0110\u01b0\u1eddng - Th\u00f9ng 48 H\u1ed9p\" \/>\n<meta property=\"og:description\" content=\"S\u1eefa chua t\u1eeb ngu\u1ed3n s\u1eefa t\u01b0\u01a1i trang tr\u1ea1i sinh th\u00e1i Vinamilk Green Farm c\u00f9ng b\u00ed quy\u1ebft l\u00ean men t\u1ef1 nhi\u00ean g\u1ea7n 30 n\u0103mS\u1eefa chua s\u00e1nh m\u1ecbn, thanh nh\u1eb9 m\u00e1t l\u00e0nh\" \/>\n<meta property=\"og:url\" content=\"https:\/\/suatuyetvoi.com\/muasam\/san-pham\/sua-chua-an-vinamilk-green-farm-co-duong-thung-48-hop\/\" \/>\n<meta property=\"og:site_name\" content=\"S\u1eefa Tuy\u1ec7t V\u1eddi\" \/>\n<meta property=\"article:modified_time\" content=\"2023-03-30T10:11:09+00:00\" \/>\n<meta property=\"og:image\" content=\"https:\/\/suatuyetvoi.com\/muasam\/wp-content\/uploads\/2023\/03\/28338819f3ae26ed28c41a644bbc10ff-Edited.png\" \/>\n\t<meta property=\"og:image:width\" content=\"1600\" \/>\n\t<meta property=\"og:image:height\" content=\"1600\" \/>\n\t<meta property=\"og:image:type\" content=\"image\/png\" \/>\n<meta name=\"twitter:card\" content=\"summary_large_image\" \/>\n<meta name=\"twitter:title\" content=\"S\u1eefa chua \u0103n Vinamilk Green Farm C\u00f3 \u0110\u01b0\u1eddng - Th\u00f9ng 48 H\u1ed9p\" \/>\n<meta name=\"twitter:description\" content=\"S\u1eefa chua t\u1eeb ngu\u1ed3n s\u1eefa t\u01b0\u01a1i trang tr\u1ea1i sinh th\u00e1i Vinamilk Green Farm c\u00f9ng b\u00ed quy\u1ebft l\u00ean men t\u1ef1 nhi\u00ean g\u1ea7n 30 n\u0103mS\u1eefa chua s\u00e1nh m\u1ecbn, thanh nh\u1eb9 m\u00e1t l\u00e0nh\" \/>\n<meta name=\"twitter:label1\" content=\"\u01af\u1edbc t\u00ednh th\u1eddi gian \u0111\u1ecdc\" \/>\n\t<meta name=\"twitter:data1\" content=\"1 ph\u00fat\" \/>\n<script type=\"application\/ld+json\" class=\"yoast-schema-graph\">{\"@context\":\"https:\\\/\\\/schema.org\",\"@graph\":[{\"@type\":\"WebPage\",\"@id\":\"https:\\\/\\\/suatuyetvoi.com\\\/muasam\\\/san-pham\\\/sua-chua-an-vinamilk-green-farm-co-duong-thung-48-hop\\\/\",\"url\":\"https:\\\/\\\/suatuyetvoi.com\\\/muasam\\\/san-pham\\\/sua-chua-an-vinamilk-green-farm-co-duong-thung-48-hop\\\/\",\"name\":\"S\u1eefa chua \u0103n Vinamilk Green Farm C\u00f3 \u0110\u01b0\u1eddng - Th\u00f9ng 48 H\u1ed9p\",\"isPartOf\":{\"@id\":\"https:\\\/\\\/suatuyetvoi.com\\\/muasam\\\/#website\"},\"primaryImageOfPage\":{\"@id\":\"https:\\\/\\\/suatuyetvoi.com\\\/muasam\\\/san-pham\\\/sua-chua-an-vinamilk-green-farm-co-duong-thung-48-hop\\\/#primaryimage\"},\"image\":{\"@id\":\"https:\\\/\\\/suatuyetvoi.com\\\/muasam\\\/san-pham\\\/sua-chua-an-vinamilk-green-farm-co-duong-thung-48-hop\\\/#primaryimage\"},\"thumbnailUrl\":\"https:\\\/\\\/suatuyetvoi.com\\\/muasam\\\/wp-content\\\/uploads\\\/2023\\\/03\\\/28338819f3ae26ed28c41a644bbc10ff-Edited.png\",\"datePublished\":\"2023-03-30T08:21:08+00:00\",\"dateModified\":\"2023-03-30T10:11:09+00:00\",\"description\":\"S\u1eefa chua t\u1eeb ngu\u1ed3n s\u1eefa t\u01b0\u01a1i trang tr\u1ea1i sinh th\u00e1i Vinamilk Green Farm c\u00f9ng b\u00ed quy\u1ebft l\u00ean men t\u1ef1 nhi\u00ean g\u1ea7n 30 n\u0103mS\u1eefa chua s\u00e1nh m\u1ecbn, thanh nh\u1eb9 m\u00e1t l\u00e0nh\",\"breadcrumb\":{\"@id\":\"https:\\\/\\\/suatuyetvoi.com\\\/muasam\\\/san-pham\\\/sua-chua-an-vinamilk-green-farm-co-duong-thung-48-hop\\\/#breadcrumb\"},\"inLanguage\":\"vi\",\"potentialAction\":[{\"@type\":\"ReadAction\",\"target\":[\"https:\\\/\\\/suatuyetvoi.com\\\/muasam\\\/san-pham\\\/sua-chua-an-vinamilk-green-farm-co-duong-thung-48-hop\\\/\"]}]},{\"@type\":\"ImageObject\",\"inLanguage\":\"vi\",\"@id\":\"https:\\\/\\\/suatuyetvoi.com\\\/muasam\\\/san-pham\\\/sua-chua-an-vinamilk-green-farm-co-duong-thung-48-hop\\\/#primaryimage\",\"url\":\"https:\\\/\\\/suatuyetvoi.com\\\/muasam\\\/wp-content\\\/uploads\\\/2023\\\/03\\\/28338819f3ae26ed28c41a644bbc10ff-Edited.png\",\"contentUrl\":\"https:\\\/\\\/suatuyetvoi.com\\\/muasam\\\/wp-content\\\/uploads\\\/2023\\\/03\\\/28338819f3ae26ed28c41a644bbc10ff-Edited.png\",\"width\":1600,\"height\":1600},{\"@type\":\"BreadcrumbList\",\"@id\":\"https:\\\/\\\/suatuyetvoi.com\\\/muasam\\\/san-pham\\\/sua-chua-an-vinamilk-green-farm-co-duong-thung-48-hop\\\/#breadcrumb\",\"itemListElement\":[{\"@type\":\"ListItem\",\"position\":1,\"name\":\"Home\",\"item\":\"https:\\\/\\\/suatuyetvoi.com\\\/muasam\\\/\"},{\"@type\":\"ListItem\",\"position\":2,\"name\":\"Shop\",\"item\":\"https:\\\/\\\/suatuyetvoi.com\\\/muasam\\\/shop\\\/\"},{\"@type\":\"ListItem\",\"position\":3,\"name\":\"S\u1eefa chua \u0103n Vinamilk Green Farm C\u00f3 \u0110\u01b0\u1eddng &#8211; Th\u00f9ng 48 H\u1ed9p 100gr\"}]},{\"@type\":\"WebSite\",\"@id\":\"https:\\\/\\\/suatuyetvoi.com\\\/muasam\\\/#website\",\"url\":\"https:\\\/\\\/suatuyetvoi.com\\\/muasam\\\/\",\"name\":\"S\u1eefa Tuy\u1ec7t V\u1eddi\",\"description\":\"S\u1eefa Tuy\u1ec7t V\u1eddi Vi\u1ec7t Nam\",\"potentialAction\":[{\"@type\":\"SearchAction\",\"target\":{\"@type\":\"EntryPoint\",\"urlTemplate\":\"https:\\\/\\\/suatuyetvoi.com\\\/muasam\\\/?s={search_term_string}\"},\"query-input\":{\"@type\":\"PropertyValueSpecification\",\"valueRequired\":true,\"valueName\":\"search_term_string\"}}],\"inLanguage\":\"vi\"}]}<\/script>\n<!-- \/ Yoast SEO plugin. -->","yoast_head_json":{"title":"S\u1eefa chua \u0103n Vinamilk Green Farm C\u00f3 \u0110\u01b0\u1eddng - Th\u00f9ng 48 H\u1ed9p","description":"S\u1eefa chua t\u1eeb ngu\u1ed3n s\u1eefa t\u01b0\u01a1i trang tr\u1ea1i sinh th\u00e1i Vinamilk Green Farm c\u00f9ng b\u00ed quy\u1ebft l\u00ean men t\u1ef1 nhi\u00ean g\u1ea7n 30 n\u0103mS\u1eefa chua s\u00e1nh m\u1ecbn, thanh nh\u1eb9 m\u00e1t l\u00e0nh","robots":{"index":"index","follow":"follow","max-snippet":"max-snippet:-1","max-image-preview":"max-image-preview:large","max-video-preview":"max-video-preview:-1"},"canonical":"https:\/\/suatuyetvoi.com\/muasam\/san-pham\/sua-chua-an-vinamilk-green-farm-co-duong-thung-48-hop\/","og_locale":"vi_VN","og_type":"article","og_title":"S\u1eefa chua \u0103n Vinamilk Green Farm C\u00f3 \u0110\u01b0\u1eddng - Th\u00f9ng 48 H\u1ed9p","og_description":"S\u1eefa chua t\u1eeb ngu\u1ed3n s\u1eefa t\u01b0\u01a1i trang tr\u1ea1i sinh th\u00e1i Vinamilk Green Farm c\u00f9ng b\u00ed quy\u1ebft l\u00ean men t\u1ef1 nhi\u00ean g\u1ea7n 30 n\u0103mS\u1eefa chua s\u00e1nh m\u1ecbn, thanh nh\u1eb9 m\u00e1t l\u00e0nh","og_url":"https:\/\/suatuyetvoi.com\/muasam\/san-pham\/sua-chua-an-vinamilk-green-farm-co-duong-thung-48-hop\/","og_site_name":"S\u1eefa Tuy\u1ec7t V\u1eddi","article_modified_time":"2023-03-30T10:11:09+00:00","og_image":[{"width":1600,"height":1600,"url":"https:\/\/suatuyetvoi.com\/muasam\/wp-content\/uploads\/2023\/03\/28338819f3ae26ed28c41a644bbc10ff-Edited.png","type":"image\/png"}],"twitter_card":"summary_large_image","twitter_title":"S\u1eefa chua \u0103n Vinamilk Green Farm C\u00f3 \u0110\u01b0\u1eddng - Th\u00f9ng 48 H\u1ed9p","twitter_description":"S\u1eefa chua t\u1eeb ngu\u1ed3n s\u1eefa t\u01b0\u01a1i trang tr\u1ea1i sinh th\u00e1i Vinamilk Green Farm c\u00f9ng b\u00ed quy\u1ebft l\u00ean men t\u1ef1 nhi\u00ean g\u1ea7n 30 n\u0103mS\u1eefa chua s\u00e1nh m\u1ecbn, thanh nh\u1eb9 m\u00e1t l\u00e0nh","twitter_misc":{"\u01af\u1edbc t\u00ednh th\u1eddi gian \u0111\u1ecdc":"1 ph\u00fat"},"schema":{"@context":"https:\/\/schema.org","@graph":[{"@type":"WebPage","@id":"https:\/\/suatuyetvoi.com\/muasam\/san-pham\/sua-chua-an-vinamilk-green-farm-co-duong-thung-48-hop\/","url":"https:\/\/suatuyetvoi.com\/muasam\/san-pham\/sua-chua-an-vinamilk-green-farm-co-duong-thung-48-hop\/","name":"S\u1eefa chua \u0103n Vinamilk Green Farm C\u00f3 \u0110\u01b0\u1eddng - Th\u00f9ng 48 H\u1ed9p","isPartOf":{"@id":"https:\/\/suatuyetvoi.com\/muasam\/#website"},"primaryImageOfPage":{"@id":"https:\/\/suatuyetvoi.com\/muasam\/san-pham\/sua-chua-an-vinamilk-green-farm-co-duong-thung-48-hop\/#primaryimage"},"image":{"@id":"https:\/\/suatuyetvoi.com\/muasam\/san-pham\/sua-chua-an-vinamilk-green-farm-co-duong-thung-48-hop\/#primaryimage"},"thumbnailUrl":"https:\/\/suatuyetvoi.com\/muasam\/wp-content\/uploads\/2023\/03\/28338819f3ae26ed28c41a644bbc10ff-Edited.png","datePublished":"2023-03-30T08:21:08+00:00","dateModified":"2023-03-30T10:11:09+00:00","description":"S\u1eefa chua t\u1eeb ngu\u1ed3n s\u1eefa t\u01b0\u01a1i trang tr\u1ea1i sinh th\u00e1i Vinamilk Green Farm c\u00f9ng b\u00ed quy\u1ebft l\u00ean men t\u1ef1 nhi\u00ean g\u1ea7n 30 n\u0103mS\u1eefa chua s\u00e1nh m\u1ecbn, thanh nh\u1eb9 m\u00e1t l\u00e0nh","breadcrumb":{"@id":"https:\/\/suatuyetvoi.com\/muasam\/san-pham\/sua-chua-an-vinamilk-green-farm-co-duong-thung-48-hop\/#breadcrumb"},"inLanguage":"vi","potentialAction":[{"@type":"ReadAction","target":["https:\/\/suatuyetvoi.com\/muasam\/san-pham\/sua-chua-an-vinamilk-green-farm-co-duong-thung-48-hop\/"]}]},{"@type":"ImageObject","inLanguage":"vi","@id":"https:\/\/suatuyetvoi.com\/muasam\/san-pham\/sua-chua-an-vinamilk-green-farm-co-duong-thung-48-hop\/#primaryimage","url":"https:\/\/suatuyetvoi.com\/muasam\/wp-content\/uploads\/2023\/03\/28338819f3ae26ed28c41a644bbc10ff-Edited.png","contentUrl":"https:\/\/suatuyetvoi.com\/muasam\/wp-content\/uploads\/2023\/03\/28338819f3ae26ed28c41a644bbc10ff-Edited.png","width":1600,"height":1600},{"@type":"BreadcrumbList","@id":"https:\/\/suatuyetvoi.com\/muasam\/san-pham\/sua-chua-an-vinamilk-green-farm-co-duong-thung-48-hop\/#breadcrumb","itemListElement":[{"@type":"ListItem","position":1,"name":"Home","item":"https:\/\/suatuyetvoi.com\/muasam\/"},{"@type":"ListItem","position":2,"name":"Shop","item":"https:\/\/suatuyetvoi.com\/muasam\/shop\/"},{"@type":"ListItem","position":3,"name":"S\u1eefa chua \u0103n Vinamilk Green Farm C\u00f3 \u0110\u01b0\u1eddng &#8211; Th\u00f9ng 48 H\u1ed9p 100gr"}]},{"@type":"WebSite","@id":"https:\/\/suatuyetvoi.com\/muasam\/#website","url":"https:\/\/suatuyetvoi.com\/muasam\/","name":"S\u1eefa Tuy\u1ec7t V\u1eddi","description":"S\u1eefa Tuy\u1ec7t V\u1eddi Vi\u1ec7t Nam","potentialAction":[{"@type":"SearchAction","target":{"@type":"EntryPoint","urlTemplate":"https:\/\/suatuyetvoi.com\/muasam\/?s={search_term_string}"},"query-input":{"@type":"PropertyValueSpecification","valueRequired":true,"valueName":"search_term_string"}}],"inLanguage":"vi"}]}},"_links":{"self":[{"href":"https:\/\/suatuyetvoi.com\/muasam\/wp-json\/wp\/v2\/product\/6231","targetHints":{"allow":["GET"]}}],"collection":[{"href":"https:\/\/suatuyetvoi.com\/muasam\/wp-json\/wp\/v2\/product"}],"about":[{"href":"https:\/\/suatuyetvoi.com\/muasam\/wp-json\/wp\/v2\/types\/product"}],"replies":[{"embeddable":true,"href":"https:\/\/suatuyetvoi.com\/muasam\/wp-json\/wp\/v2\/comments?post=6231"}],"wp:featuredmedia":[{"embeddable":true,"href":"https:\/\/suatuyetvoi.com\/muasam\/wp-json\/wp\/v2\/media\/6272"}],"wp:attachment":[{"href":"https:\/\/suatuyetvoi.com\/muasam\/wp-json\/wp\/v2\/media?parent=6231"}],"wp:term":[{"taxonomy":"product_cat","embeddable":true,"href":"https:\/\/suatuyetvoi.com\/muasam\/wp-json\/wp\/v2\/product_cat?post=6231"},{"taxonomy":"product_tag","embeddable":true,"href":"https:\/\/suatuyetvoi.com\/muasam\/wp-json\/wp\/v2\/product_tag?post=6231"}],"curies":[{"name":"wp","href":"https:\/\/api.w.org\/{rel}","templated":true}]}}