{"id":6228,"date":"2023-03-30T14:59:26","date_gmt":"2023-03-30T07:59:26","guid":{"rendered":"https:\/\/suatuyetvoi.com\/muasam\/?post_type=product&#038;p=6228"},"modified":"2023-03-30T15:12:26","modified_gmt":"2023-03-30T08:12:26","slug":"thung-sua-chua-uong-probi-dua-10-loc-x-chai-65ml","status":"publish","type":"product","link":"https:\/\/suatuyetvoi.com\/muasam\/san-pham\/thung-sua-chua-uong-probi-dua-10-loc-x-chai-65ml\/","title":{"rendered":"Th\u00f9ng S\u1eefa Chua U\u1ed1ng Probi D\u1ee9a &#8211; 10 L\u1ed1c x Chai 65ml"},"content":{"rendered":"<p><strong>S\u1eefa Chua U\u1ed1ng Probi D\u1ee9a Chai 65ml &#8211; Th\u00f9ng 10 L\u1ed1c<\/strong><\/p>\n<p>Vinamilk h\u1ee3p t\u00e1c c\u00f9ng CHR Hansen &#8211; C\u00f4ng ty men s\u1ed1ng h\u00e0ng \u0111\u1ea7u Ch\u00e2u \u00c2u, cho ra \u0111\u1eddi s\u1ea3n ph\u1ea9m \u0111\u1ed9t ph\u00e1: S\u1eefa chua u\u1ed1ng Probi v\u1edbi 13 t\u1ef7 l\u1ee3i khu\u1ea9n \u0111\u1ed9c quy\u1ec1n L. Casei 431\u00ae, gi\u00fap \u0111\u01b0\u1eddng ru\u1ed9t kh\u1ecfe m\u1ea1nh, gi\u00fap t\u0103ng c\u01b0\u1eddng \u0111\u1ec1 kh\u00e1ng, h\u1ea1n ch\u1ebf c\u1ea3m c\u00fam\u00a0\u2013 cho c\u1ea3 gia \u0111\u00ecnh vui kh\u1ecfe m\u1ed7i ng\u00e0y<\/p>\n<p>\u2022 S\u1eed d\u1ee5ng c\u00f4ng ngh\u1ec7 l\u00ean men hi\u1ec7n \u0111\u1ea1i Ch\u00e2u \u00c2u.<br \/>\n\u2022 B\u1ed5 sung 13 t\u1ef7 l\u1ee3i khu\u1ea9n L. Casei 431\u00ae.<br \/>\n\u2022 \u0110\u01b0\u1ee3c ki\u1ec3m ch\u1ee9ng l\u00e2m s\u00e0ng v\u00e0 \u0111\u01b0\u1ee3c T\u1ed5ng H\u1ed9i Y h\u1ecdc Vi\u1ec7t Nam khuy\u00ean d\u00f9ng.<\/p>\n<p><strong>B\u1ea3o qu\u1ea3n l\u1ea1nh 6<sup>o<\/sup>C<\/strong><strong>\u00a0\u2013 8<sup>o<\/sup>C<\/strong><\/p>\n<p><strong>HSD:\u00a0<\/strong><strong>50\u00a0<\/strong><strong>ng\u00e0y<\/strong><\/p>\n<p>S\u1ea3n ph\u1ea9m d\u00f9ng cho c\u1ea3 gia \u0111\u00ecnh.\u00a0<strong>Kh\u00f4ng d\u00f9ng cho tr\u1ebb em d\u01b0\u1edbi 1 tu\u1ed5i.<\/strong><\/p>\n<p><img loading=\"lazy\" decoding=\"async\" class=\"alignnone size-full wp-image-6081\" src=\"https:\/\/suatuyetvoi.com\/muasam\/wp-content\/uploads\/2023\/03\/banner_mo_ta_sp_54001dedd7c84301a4dfe3d28ffab27a-1.webp\" alt=\"\" width=\"1213\" height=\"2048\" srcset=\"https:\/\/suatuyetvoi.com\/muasam\/wp-content\/uploads\/2023\/03\/banner_mo_ta_sp_54001dedd7c84301a4dfe3d28ffab27a-1.webp 1213w, https:\/\/suatuyetvoi.com\/muasam\/wp-content\/uploads\/2023\/03\/banner_mo_ta_sp_54001dedd7c84301a4dfe3d28ffab27a-1-237x400.webp 237w, https:\/\/suatuyetvoi.com\/muasam\/wp-content\/uploads\/2023\/03\/banner_mo_ta_sp_54001dedd7c84301a4dfe3d28ffab27a-1-474x800.webp 474w, https:\/\/suatuyetvoi.com\/muasam\/wp-content\/uploads\/2023\/03\/banner_mo_ta_sp_54001dedd7c84301a4dfe3d28ffab27a-1-768x1297.webp 768w, https:\/\/suatuyetvoi.com\/muasam\/wp-content\/uploads\/2023\/03\/banner_mo_ta_sp_54001dedd7c84301a4dfe3d28ffab27a-1-910x1536.webp 910w, https:\/\/suatuyetvoi.com\/muasam\/wp-content\/uploads\/2023\/03\/banner_mo_ta_sp_54001dedd7c84301a4dfe3d28ffab27a-1-600x1013.webp 600w\" sizes=\"auto, (max-width: 1213px) 100vw, 1213px\" \/><\/p>\n","protected":false},"excerpt":{"rendered":"<p><strong>B\u1ea3o qu\u1ea3n l\u1ea1nh 6<sup>o<\/sup>C<\/strong><strong>\u00a0\u2013 8<sup>o<\/sup>C<\/strong><\/p>\n<p><strong>HSD:\u00a0<\/strong><strong>50\u00a0<\/strong><strong>ng\u00e0y<\/strong><\/p>\n<p>S\u1ea3n ph\u1ea9m d\u00f9ng cho c\u1ea3 gia \u0111\u00ecnh.\u00a0<strong>Kh\u00f4ng d\u00f9ng cho tr\u1ebb em d\u01b0\u1edbi 1 tu\u1ed5i.<\/strong><\/p>\n","protected":false},"featured_media":6229,"comment_status":"open","ping_status":"closed","template":"","meta":[],"product_cat":[589],"product_tag":[587],"class_list":["post-6228","product","type-product","status-publish","has-post-thumbnail","hentry","product_cat-sua-chua-uong","product_tag-vinamilk","berocket_brand-vinamilk"],"yoast_head":"<!-- This site is optimized with the Yoast SEO plugin v27.6 - https:\/\/yoast.com\/product\/yoast-seo-wordpress\/ -->\n<title>Th\u00f9ng S\u1eefa Chua U\u1ed1ng Probi D\u1ee9a - 10 L\u1ed1c x Chai 65ml<\/title>\n<meta name=\"description\" content=\"Vinamilk h\u1ee3p t\u00e1c c\u00f9ng CHR Hansen - C\u00f4ng ty men s\u1ed1ng h\u00e0ng \u0111\u1ea7u Ch\u00e2u \u00c2u, cho ra \u0111\u1eddi s\u1ea3n ph\u1ea9m \u0111\u1ed9t ph\u00e1: S\u1eefa chua u\u1ed1ng Probi v\u1edbi 13 t\u1ef7 l\u1ee3i khu\u1ea9n \u0111\u1ed9c quy\u1ec1n\" \/>\n<meta name=\"robots\" content=\"index, follow, max-snippet:-1, max-image-preview:large, max-video-preview:-1\" \/>\n<link rel=\"canonical\" href=\"https:\/\/suatuyetvoi.com\/muasam\/san-pham\/thung-sua-chua-uong-probi-dua-10-loc-x-chai-65ml\/\" \/>\n<meta property=\"og:locale\" content=\"vi_VN\" \/>\n<meta property=\"og:type\" content=\"article\" \/>\n<meta property=\"og:title\" content=\"Th\u00f9ng S\u1eefa Chua U\u1ed1ng Probi D\u1ee9a - 10 L\u1ed1c x Chai 65ml\" \/>\n<meta property=\"og:description\" content=\"Vinamilk h\u1ee3p t\u00e1c c\u00f9ng CHR Hansen - C\u00f4ng ty men s\u1ed1ng h\u00e0ng \u0111\u1ea7u Ch\u00e2u \u00c2u, cho ra \u0111\u1eddi s\u1ea3n ph\u1ea9m \u0111\u1ed9t ph\u00e1: S\u1eefa chua u\u1ed1ng Probi v\u1edbi 13 t\u1ef7 l\u1ee3i khu\u1ea9n \u0111\u1ed9c quy\u1ec1n\" \/>\n<meta property=\"og:url\" content=\"https:\/\/suatuyetvoi.com\/muasam\/san-pham\/thung-sua-chua-uong-probi-dua-10-loc-x-chai-65ml\/\" \/>\n<meta property=\"og:site_name\" content=\"S\u1eefa Tuy\u1ec7t V\u1eddi\" \/>\n<meta property=\"article:modified_time\" content=\"2023-03-30T08:12:26+00:00\" \/>\n<meta property=\"og:image\" content=\"https:\/\/suatuyetvoi.com\/muasam\/wp-content\/uploads\/2023\/03\/canh_giua_thung_dua_65_88238482e7914495b35e3411814b2b6f_master-Edited.png\" \/>\n\t<meta property=\"og:image:width\" content=\"1600\" \/>\n\t<meta property=\"og:image:height\" content=\"1600\" \/>\n\t<meta property=\"og:image:type\" content=\"image\/png\" \/>\n<meta name=\"twitter:card\" content=\"summary_large_image\" \/>\n<meta name=\"twitter:title\" content=\"Th\u00f9ng S\u1eefa Chua U\u1ed1ng Probi D\u1ee9a - 10 L\u1ed1c x Chai 65ml\" \/>\n<meta name=\"twitter:description\" content=\"Vinamilk h\u1ee3p t\u00e1c c\u00f9ng CHR Hansen - C\u00f4ng ty men s\u1ed1ng h\u00e0ng \u0111\u1ea7u Ch\u00e2u \u00c2u, cho ra \u0111\u1eddi s\u1ea3n ph\u1ea9m \u0111\u1ed9t ph\u00e1: S\u1eefa chua u\u1ed1ng Probi v\u1edbi 13 t\u1ef7 l\u1ee3i khu\u1ea9n \u0111\u1ed9c quy\u1ec1n\" \/>\n<meta name=\"twitter:label1\" content=\"\u01af\u1edbc t\u00ednh th\u1eddi gian \u0111\u1ecdc\" \/>\n\t<meta name=\"twitter:data1\" content=\"1 ph\u00fat\" \/>\n<script type=\"application\/ld+json\" class=\"yoast-schema-graph\">{\"@context\":\"https:\\\/\\\/schema.org\",\"@graph\":[{\"@type\":\"WebPage\",\"@id\":\"https:\\\/\\\/suatuyetvoi.com\\\/muasam\\\/san-pham\\\/thung-sua-chua-uong-probi-dua-10-loc-x-chai-65ml\\\/\",\"url\":\"https:\\\/\\\/suatuyetvoi.com\\\/muasam\\\/san-pham\\\/thung-sua-chua-uong-probi-dua-10-loc-x-chai-65ml\\\/\",\"name\":\"Th\u00f9ng S\u1eefa Chua U\u1ed1ng Probi D\u1ee9a - 10 L\u1ed1c x Chai 65ml\",\"isPartOf\":{\"@id\":\"https:\\\/\\\/suatuyetvoi.com\\\/muasam\\\/#website\"},\"primaryImageOfPage\":{\"@id\":\"https:\\\/\\\/suatuyetvoi.com\\\/muasam\\\/san-pham\\\/thung-sua-chua-uong-probi-dua-10-loc-x-chai-65ml\\\/#primaryimage\"},\"image\":{\"@id\":\"https:\\\/\\\/suatuyetvoi.com\\\/muasam\\\/san-pham\\\/thung-sua-chua-uong-probi-dua-10-loc-x-chai-65ml\\\/#primaryimage\"},\"thumbnailUrl\":\"https:\\\/\\\/suatuyetvoi.com\\\/muasam\\\/wp-content\\\/uploads\\\/2023\\\/03\\\/canh_giua_thung_dua_65_88238482e7914495b35e3411814b2b6f_master-Edited.png\",\"datePublished\":\"2023-03-30T07:59:26+00:00\",\"dateModified\":\"2023-03-30T08:12:26+00:00\",\"description\":\"Vinamilk h\u1ee3p t\u00e1c c\u00f9ng CHR Hansen - C\u00f4ng ty men s\u1ed1ng h\u00e0ng \u0111\u1ea7u Ch\u00e2u \u00c2u, cho ra \u0111\u1eddi s\u1ea3n ph\u1ea9m \u0111\u1ed9t ph\u00e1: S\u1eefa chua u\u1ed1ng Probi v\u1edbi 13 t\u1ef7 l\u1ee3i khu\u1ea9n \u0111\u1ed9c quy\u1ec1n\",\"breadcrumb\":{\"@id\":\"https:\\\/\\\/suatuyetvoi.com\\\/muasam\\\/san-pham\\\/thung-sua-chua-uong-probi-dua-10-loc-x-chai-65ml\\\/#breadcrumb\"},\"inLanguage\":\"vi\",\"potentialAction\":[{\"@type\":\"ReadAction\",\"target\":[\"https:\\\/\\\/suatuyetvoi.com\\\/muasam\\\/san-pham\\\/thung-sua-chua-uong-probi-dua-10-loc-x-chai-65ml\\\/\"]}]},{\"@type\":\"ImageObject\",\"inLanguage\":\"vi\",\"@id\":\"https:\\\/\\\/suatuyetvoi.com\\\/muasam\\\/san-pham\\\/thung-sua-chua-uong-probi-dua-10-loc-x-chai-65ml\\\/#primaryimage\",\"url\":\"https:\\\/\\\/suatuyetvoi.com\\\/muasam\\\/wp-content\\\/uploads\\\/2023\\\/03\\\/canh_giua_thung_dua_65_88238482e7914495b35e3411814b2b6f_master-Edited.png\",\"contentUrl\":\"https:\\\/\\\/suatuyetvoi.com\\\/muasam\\\/wp-content\\\/uploads\\\/2023\\\/03\\\/canh_giua_thung_dua_65_88238482e7914495b35e3411814b2b6f_master-Edited.png\",\"width\":1600,\"height\":1600},{\"@type\":\"BreadcrumbList\",\"@id\":\"https:\\\/\\\/suatuyetvoi.com\\\/muasam\\\/san-pham\\\/thung-sua-chua-uong-probi-dua-10-loc-x-chai-65ml\\\/#breadcrumb\",\"itemListElement\":[{\"@type\":\"ListItem\",\"position\":1,\"name\":\"Home\",\"item\":\"https:\\\/\\\/suatuyetvoi.com\\\/muasam\\\/\"},{\"@type\":\"ListItem\",\"position\":2,\"name\":\"Shop\",\"item\":\"https:\\\/\\\/suatuyetvoi.com\\\/muasam\\\/shop\\\/\"},{\"@type\":\"ListItem\",\"position\":3,\"name\":\"Th\u00f9ng S\u1eefa Chua U\u1ed1ng Probi D\u1ee9a &#8211; 10 L\u1ed1c x Chai 65ml\"}]},{\"@type\":\"WebSite\",\"@id\":\"https:\\\/\\\/suatuyetvoi.com\\\/muasam\\\/#website\",\"url\":\"https:\\\/\\\/suatuyetvoi.com\\\/muasam\\\/\",\"name\":\"S\u1eefa Tuy\u1ec7t V\u1eddi\",\"description\":\"S\u1eefa Tuy\u1ec7t V\u1eddi Vi\u1ec7t Nam\",\"potentialAction\":[{\"@type\":\"SearchAction\",\"target\":{\"@type\":\"EntryPoint\",\"urlTemplate\":\"https:\\\/\\\/suatuyetvoi.com\\\/muasam\\\/?s={search_term_string}\"},\"query-input\":{\"@type\":\"PropertyValueSpecification\",\"valueRequired\":true,\"valueName\":\"search_term_string\"}}],\"inLanguage\":\"vi\"}]}<\/script>\n<!-- \/ Yoast SEO plugin. -->","yoast_head_json":{"title":"Th\u00f9ng S\u1eefa Chua U\u1ed1ng Probi D\u1ee9a - 10 L\u1ed1c x Chai 65ml","description":"Vinamilk h\u1ee3p t\u00e1c c\u00f9ng CHR Hansen - C\u00f4ng ty men s\u1ed1ng h\u00e0ng \u0111\u1ea7u Ch\u00e2u \u00c2u, cho ra \u0111\u1eddi s\u1ea3n ph\u1ea9m \u0111\u1ed9t ph\u00e1: S\u1eefa chua u\u1ed1ng Probi v\u1edbi 13 t\u1ef7 l\u1ee3i khu\u1ea9n \u0111\u1ed9c quy\u1ec1n","robots":{"index":"index","follow":"follow","max-snippet":"max-snippet:-1","max-image-preview":"max-image-preview:large","max-video-preview":"max-video-preview:-1"},"canonical":"https:\/\/suatuyetvoi.com\/muasam\/san-pham\/thung-sua-chua-uong-probi-dua-10-loc-x-chai-65ml\/","og_locale":"vi_VN","og_type":"article","og_title":"Th\u00f9ng S\u1eefa Chua U\u1ed1ng Probi D\u1ee9a - 10 L\u1ed1c x Chai 65ml","og_description":"Vinamilk h\u1ee3p t\u00e1c c\u00f9ng CHR Hansen - C\u00f4ng ty men s\u1ed1ng h\u00e0ng \u0111\u1ea7u Ch\u00e2u \u00c2u, cho ra \u0111\u1eddi s\u1ea3n ph\u1ea9m \u0111\u1ed9t ph\u00e1: S\u1eefa chua u\u1ed1ng Probi v\u1edbi 13 t\u1ef7 l\u1ee3i khu\u1ea9n \u0111\u1ed9c quy\u1ec1n","og_url":"https:\/\/suatuyetvoi.com\/muasam\/san-pham\/thung-sua-chua-uong-probi-dua-10-loc-x-chai-65ml\/","og_site_name":"S\u1eefa Tuy\u1ec7t V\u1eddi","article_modified_time":"2023-03-30T08:12:26+00:00","og_image":[{"width":1600,"height":1600,"url":"https:\/\/suatuyetvoi.com\/muasam\/wp-content\/uploads\/2023\/03\/canh_giua_thung_dua_65_88238482e7914495b35e3411814b2b6f_master-Edited.png","type":"image\/png"}],"twitter_card":"summary_large_image","twitter_title":"Th\u00f9ng S\u1eefa Chua U\u1ed1ng Probi D\u1ee9a - 10 L\u1ed1c x Chai 65ml","twitter_description":"Vinamilk h\u1ee3p t\u00e1c c\u00f9ng CHR Hansen - C\u00f4ng ty men s\u1ed1ng h\u00e0ng \u0111\u1ea7u Ch\u00e2u \u00c2u, cho ra \u0111\u1eddi s\u1ea3n ph\u1ea9m \u0111\u1ed9t ph\u00e1: S\u1eefa chua u\u1ed1ng Probi v\u1edbi 13 t\u1ef7 l\u1ee3i khu\u1ea9n \u0111\u1ed9c quy\u1ec1n","twitter_misc":{"\u01af\u1edbc t\u00ednh th\u1eddi gian \u0111\u1ecdc":"1 ph\u00fat"},"schema":{"@context":"https:\/\/schema.org","@graph":[{"@type":"WebPage","@id":"https:\/\/suatuyetvoi.com\/muasam\/san-pham\/thung-sua-chua-uong-probi-dua-10-loc-x-chai-65ml\/","url":"https:\/\/suatuyetvoi.com\/muasam\/san-pham\/thung-sua-chua-uong-probi-dua-10-loc-x-chai-65ml\/","name":"Th\u00f9ng S\u1eefa Chua U\u1ed1ng Probi D\u1ee9a - 10 L\u1ed1c x Chai 65ml","isPartOf":{"@id":"https:\/\/suatuyetvoi.com\/muasam\/#website"},"primaryImageOfPage":{"@id":"https:\/\/suatuyetvoi.com\/muasam\/san-pham\/thung-sua-chua-uong-probi-dua-10-loc-x-chai-65ml\/#primaryimage"},"image":{"@id":"https:\/\/suatuyetvoi.com\/muasam\/san-pham\/thung-sua-chua-uong-probi-dua-10-loc-x-chai-65ml\/#primaryimage"},"thumbnailUrl":"https:\/\/suatuyetvoi.com\/muasam\/wp-content\/uploads\/2023\/03\/canh_giua_thung_dua_65_88238482e7914495b35e3411814b2b6f_master-Edited.png","datePublished":"2023-03-30T07:59:26+00:00","dateModified":"2023-03-30T08:12:26+00:00","description":"Vinamilk h\u1ee3p t\u00e1c c\u00f9ng CHR Hansen - C\u00f4ng ty men s\u1ed1ng h\u00e0ng \u0111\u1ea7u Ch\u00e2u \u00c2u, cho ra \u0111\u1eddi s\u1ea3n ph\u1ea9m \u0111\u1ed9t ph\u00e1: S\u1eefa chua u\u1ed1ng Probi v\u1edbi 13 t\u1ef7 l\u1ee3i khu\u1ea9n \u0111\u1ed9c quy\u1ec1n","breadcrumb":{"@id":"https:\/\/suatuyetvoi.com\/muasam\/san-pham\/thung-sua-chua-uong-probi-dua-10-loc-x-chai-65ml\/#breadcrumb"},"inLanguage":"vi","potentialAction":[{"@type":"ReadAction","target":["https:\/\/suatuyetvoi.com\/muasam\/san-pham\/thung-sua-chua-uong-probi-dua-10-loc-x-chai-65ml\/"]}]},{"@type":"ImageObject","inLanguage":"vi","@id":"https:\/\/suatuyetvoi.com\/muasam\/san-pham\/thung-sua-chua-uong-probi-dua-10-loc-x-chai-65ml\/#primaryimage","url":"https:\/\/suatuyetvoi.com\/muasam\/wp-content\/uploads\/2023\/03\/canh_giua_thung_dua_65_88238482e7914495b35e3411814b2b6f_master-Edited.png","contentUrl":"https:\/\/suatuyetvoi.com\/muasam\/wp-content\/uploads\/2023\/03\/canh_giua_thung_dua_65_88238482e7914495b35e3411814b2b6f_master-Edited.png","width":1600,"height":1600},{"@type":"BreadcrumbList","@id":"https:\/\/suatuyetvoi.com\/muasam\/san-pham\/thung-sua-chua-uong-probi-dua-10-loc-x-chai-65ml\/#breadcrumb","itemListElement":[{"@type":"ListItem","position":1,"name":"Home","item":"https:\/\/suatuyetvoi.com\/muasam\/"},{"@type":"ListItem","position":2,"name":"Shop","item":"https:\/\/suatuyetvoi.com\/muasam\/shop\/"},{"@type":"ListItem","position":3,"name":"Th\u00f9ng S\u1eefa Chua U\u1ed1ng Probi D\u1ee9a &#8211; 10 L\u1ed1c x Chai 65ml"}]},{"@type":"WebSite","@id":"https:\/\/suatuyetvoi.com\/muasam\/#website","url":"https:\/\/suatuyetvoi.com\/muasam\/","name":"S\u1eefa Tuy\u1ec7t V\u1eddi","description":"S\u1eefa Tuy\u1ec7t V\u1eddi Vi\u1ec7t Nam","potentialAction":[{"@type":"SearchAction","target":{"@type":"EntryPoint","urlTemplate":"https:\/\/suatuyetvoi.com\/muasam\/?s={search_term_string}"},"query-input":{"@type":"PropertyValueSpecification","valueRequired":true,"valueName":"search_term_string"}}],"inLanguage":"vi"}]}},"_links":{"self":[{"href":"https:\/\/suatuyetvoi.com\/muasam\/wp-json\/wp\/v2\/product\/6228","targetHints":{"allow":["GET"]}}],"collection":[{"href":"https:\/\/suatuyetvoi.com\/muasam\/wp-json\/wp\/v2\/product"}],"about":[{"href":"https:\/\/suatuyetvoi.com\/muasam\/wp-json\/wp\/v2\/types\/product"}],"replies":[{"embeddable":true,"href":"https:\/\/suatuyetvoi.com\/muasam\/wp-json\/wp\/v2\/comments?post=6228"}],"wp:featuredmedia":[{"embeddable":true,"href":"https:\/\/suatuyetvoi.com\/muasam\/wp-json\/wp\/v2\/media\/6229"}],"wp:attachment":[{"href":"https:\/\/suatuyetvoi.com\/muasam\/wp-json\/wp\/v2\/media?parent=6228"}],"wp:term":[{"taxonomy":"product_cat","embeddable":true,"href":"https:\/\/suatuyetvoi.com\/muasam\/wp-json\/wp\/v2\/product_cat?post=6228"},{"taxonomy":"product_tag","embeddable":true,"href":"https:\/\/suatuyetvoi.com\/muasam\/wp-json\/wp\/v2\/product_tag?post=6228"}],"curies":[{"name":"wp","href":"https:\/\/api.w.org\/{rel}","templated":true}]}}