{"id":6186,"date":"2023-03-29T14:06:45","date_gmt":"2023-03-29T07:06:45","guid":{"rendered":"https:\/\/suatuyetvoi.com\/muasam\/?post_type=product&#038;p=6186"},"modified":"2023-03-29T14:10:28","modified_gmt":"2023-03-29T07:10:28","slug":"sua-dau-nanh-vinamilk-super-nut-hat-oc-cho-thung-48-hop-180ml","status":"publish","type":"product","link":"https:\/\/suatuyetvoi.com\/muasam\/san-pham\/sua-dau-nanh-vinamilk-super-nut-hat-oc-cho-thung-48-hop-180ml\/","title":{"rendered":"S\u1eefa \u0111\u1eadu n\u00e0nh Vinamilk Super Nut h\u1ea1t \u00f3c ch\u00f3 &#8211; Th\u00f9ng 48 h\u1ed9p 180ml"},"content":{"rendered":"<div class=\"content full\">\n<div id=\"motasanpham\" class=\"clearfix\">\n<h2>M\u00d4 T\u1ea2 S\u1ea2N PH\u1ea8M<\/h2>\n<div>\n<p><strong>S\u1eefa \u0111\u1eadu n\u00e0nh Vinamilk Super Nut h\u1ea1t \u00f3c ch\u00f3 &#8211; L\u1ed1c 4 h\u1ed9p 180ml<\/strong><\/p>\n<ul>\n<li>\u0110\u01b0\u1ee3c l\u00e0m t\u1eeb h\u1ea1t \u00d3c ch\u00f3 cao c\u1ea5p t\u1eeb M\u1ef9, gi\u00e0u ch\u1ea5t ch\u1ed1ng oxy h\u00f3a t\u1ed1t cho tr\u00ed n\u00e3o.<\/li>\n<li>K\u1ebft h\u1ee3p c\u00f9ng nh\u1eefng h\u1ea1t \u0111\u1eadu n\u00e0nh nguy\u00ean ch\u1ea5t 100% \u0111\u01b0\u1ee3c ch\u1ecdn l\u1ecdc,\u00a0kh\u00f4ng bi\u1ebfn \u0111\u1ed5i gen, th\u01a1m ngon t\u1ef1 nhi\u00ean.<\/li>\n<li>B\u1ed5 sung nhi\u1ec1u lo\u1ea1i Vitamin: A, D3, E, PP, Omega 3<\/li>\n<\/ul>\n<p><strong>L\u1ee3i \u00edch 3 T\u1ed0T:<\/strong>\u00a0\u0111\u1eb9p d\u00e1ng, \u0111\u1eb9p da, t\u1ed1t cho tr\u00ed n\u00e3o<\/p>\n<hr \/>\n<p><strong>H\u1ea1t \u00f3c ch\u00f3 \u2013 \u201cTh\u1ea7n d\u01b0\u1ee3c\u201d s\u1ee9c kho\u1ebb n\u00e3o b\u1ed9<\/strong><\/p>\n<p><strong><em>B\u00ed quy\u1ebft \u0111\u01a1n gi\u1ea3n \u0111\u1ec3 n\u00e3o b\u1ed9 lu\u00f4n ho\u1ea1t \u0111\u1ed9ng linh ho\u1ea1t ch\u00ednh l\u00e0 b\u1ed5 sung h\u1ea1t \u00f3c ch\u00f3 ho\u1eb7c c\u00e1c ch\u1ebf ph\u1ea9m t\u1eeb lo\u1ea1i h\u1ea1t n\u00e0y nh\u01b0 s\u1eefa h\u1ea1t \u00f3c ch\u00f3 ho\u1eb7c s\u1eefa \u0111\u1eadu n\u00e0nh h\u1ea1t \u00f3c ch\u00f3 v\u00e0o th\u1ef1c \u0111\u01a1n m\u1ed7i ng\u00e0y!<\/em><\/strong><\/p>\n<p><strong>C\u00f9ng kh\u00e1m ph\u00e1 nh\u1eefng d\u01b0\u1ee1ng ch\u1ea5t t\u1ed1t cho tr\u00ed n\u00e3o t\u1eeb h\u1ea1t \u00f3c ch\u00f3!<\/strong><\/p>\n<p>B\u1ea1n c\u00f3 bi\u1ebft, nh\u1edd mang \u0111\u1ebfn nhi\u1ec1u c\u00f4ng d\u1ee5ng t\u1ed1t cho c\u01a1 th\u1ec3 v\u00e0 nh\u1ea5t l\u00e0 nh\u1eefng l\u1ee3i \u00edch tuy\u1ec7t v\u1eddi cho tr\u00ed n\u00e3o n\u00ean h\u1ea1t \u00f3c ch\u00f3 ng\u00e0y c\u00e0ng \u0111\u01b0\u1ee3c \u01b0a chu\u1ed9ng v\u00e0 \u0111\u01b0\u1ee3c \u01b0u \u00e1i \u0111\u1eb7t t\u00ean l\u00e0 \u201cVua c\u1ee7a c\u00e1c lo\u1ea1i h\u1ea1t\u201d!<\/p>\n<p>Tuy h\u1ea1t \u00f3c ch\u00f3 kh\u00f4ng ph\u1ea3i l\u00e0 th\u1ef1c ph\u1ea9m duy nh\u1ea5t mang l\u1ea1i c\u00f4ng d\u1ee5ng t\u1ed1t cho tr\u00ed n\u00e3o nh\u01b0ng v\u1edbi ngu\u1ed3n\u00a0<strong>Omega-3<\/strong>\u00a0v\u00e0\u00a0<strong>Omega-6<\/strong>\u00a0d\u1ed3i d\u00e0o, lo\u1ea1i h\u1ea1t n\u00e0y v\u00e0 c\u00e1c ch\u1ebf ph\u1ea9m nh\u01b0 s\u1eefa h\u1ea1t \u00f3c ch\u00f3 v\u00e0 s\u1eefa \u0111\u1eadu n\u00e0nh h\u1ea1t \u00f3c ch\u00f3 lu\u00f4n \u0111\u01b0\u1ee3c xem l\u00e0 l\u1ef1a ch\u1ecdn \u0111\u1ea7u ti\u00ean cho s\u1ee9c kh\u1ecfe n\u00e3o b\u1ed9.<\/p>\n<p>Theo\u00a0<strong>T\u1ed5 ch\u1ee9c Nghi\u00ean c\u1ee9u v\u1ec1 Tim m\u1ea1ch (\u00dac)<\/strong>, h\u00e0m l\u01b0\u1ee3ng\u00a0<strong>Omega-3<\/strong>\u00a0trong h\u1ea1t \u00f3c ch\u00f3 l\u00e0 cao nh\u1ea5t trong c\u00e1c lo\u1ea1i h\u1ea1t, cao g\u1ea5p 10 l\u1ea7n h\u1ea1t h\u1ed3 \u0111\u00e0o, th\u1eadm ch\u00ed c\u00f2n cao g\u1ea5p nhi\u1ec1u l\u1ea7n h\u1ea1t ph\u1ec9 v\u00e0 v\u1eebng! \u0110\u00e2y l\u00e0 lo\u1ea1i axit b\u00e9o c\u1ea7n thi\u1ebft \u0111\u1ec3 t\u1ed5ng h\u1ee3p\u00a0<strong>DHA<\/strong>\u00a0\u2013 d\u01b0\u1ee1ng ch\u1ea5t quan tr\u1ecdng \u1ea3nh h\u01b0\u1edfng \u0111\u1ebfn kh\u1ea3 n\u0103ng ghi nh\u1edb v\u00e0 ng\u00f4n ng\u1eef c\u1ee7a con ng\u01b0\u1eddi. Theo nhi\u1ec1u nghi\u00ean c\u1ee9u khoa h\u1ecdc, DHA c\u00f2n l\u00e0 ho\u1ea1t ch\u1ea5t chi\u1ebfm \u0111\u1ebfn\u00a0<strong>50-60%<\/strong>\u00a0c\u1ea5u t\u1ea1o v\u00f5ng m\u1ea1c v\u00e0 h\u1ed7 tr\u1ee3 qu\u00e1 tr\u00ecnh ph\u00e1t tri\u1ec3n th\u1ecb gi\u00e1c. Ngo\u00e0i\u00a0<strong>Omega-3<\/strong>, h\u1ea1t \u00f3c ch\u00f3 c\u00f2n \u201dd\u1ef1 tr\u1eef\u201d m\u1ed9t l\u01b0\u1ee3ng l\u1edbn\u00a0<strong>Omega-6<\/strong>\u00a0gi\u00fap t\u0103ng kh\u1ea3 n\u0103ng t\u1eadp trung v\u00e0 gi\u1ea3m tri\u1ec7u c\u00e1c tri\u1ec7u ch\u1ee9ng \u0111au d\u00e2y th\u1ea7n kinh, theo nghi\u00ean c\u1ee9u c\u1ee7a\u00a0<strong>Vi\u1ec7n C\u00f4ng ngh\u1ec7 sinh h\u1ecdc Ireland<\/strong>.<\/p>\n<p>Kh\u00f4ng ch\u1ec9 tr\u1ebb con hay ng\u01b0\u1eddi l\u1edbn tu\u1ed5i m\u1edbi c\u1ea7n ph\u1ea3i b\u1ed5 sung dinh d\u01b0\u1ee1ng cho tr\u00ed n\u00e3o, n\u00e3o b\u1ed9 ng\u01b0\u1eddi tr\u1ebb c\u0169ng nhi\u1ec1u l\u1ea7n \u201c\u0111\u00f3ng b\u0103ng\u201d do \u00e1p l\u1ef1c c\u0103ng th\u1eb3ng. V\u00ec v\u1eady, d\u00f9 b\u1ea1n \u0111ang \u1edf l\u1ee9a tu\u1ed5i n\u00e0o c\u0169ng \u0111\u1eebng qu\u00ean b\u1ed5 sung \u00f3c ch\u00f3 nguy\u00ean h\u1ea1t, s\u1eefa h\u1ea1t \u00f3c ch\u00f3 hay s\u1eefa \u0111\u1eadu n\u00e0nh h\u1ea1t \u00f3c ch\u00f3 th\u01a1m ngon v\u00e0o th\u1ef1c \u0111\u01a1n m\u1ed7i ng\u00e0y \u0111\u1ec3 ch\u0103m s\u00f3c s\u1ee9c kh\u1ecfe tr\u00ed n\u00e3o!<\/p>\n<hr \/>\n<p><strong>H\u1ea1t \u00f3c ch\u00f3 v\u00e0 c\u00e1c \u201cd\u01b0\u1ee1ng ch\u1ea5t v\u00e0ng\u201d cho c\u01a1 th\u1ec3<\/strong><\/p>\n<p><em>S\u1eefa \u0111\u1eadu n\u00e0nh h\u1ea1t \u00f3c ch\u00f3 gi\u00fap n\u00e3o b\u1ed9 l\u00e0m vi\u1ec7c linh ho\u1ea1t h\u01a1n<\/em><\/p>\n<p>B\u1ea1n bi\u1ebft kh\u00f4ng, kh\u00f4ng ch\u1ec9 t\u1ed1t cho tr\u00ed n\u00e3o, h\u1ea1t \u00f3c ch\u00f3 c\u00f2n l\u00e0 lo\u1ea1i \u201csi\u00eau th\u1ef1c ph\u1ea9m\u201d cho c\u01a1 th\u1ec3 v\u00ec ch\u1ee9a nh\u1eefng d\u01b0\u1ee1ng ch\u1ea5t c\u1ea7n thi\u1ebft cho m\u1ecdi ho\u1ea1t \u0111\u1ed9ng v\u00e0 c\u00f2n mang \u0111\u1ebfn nh\u1eefng c\u00f4ng d\u1ee5ng l\u00e0m \u0111\u1eb9p kh\u00f4ng ng\u1edd!<\/p>\n<ul>\n<li><strong>N\u0103ng l\u01b0\u1ee3ng:<\/strong>\u00a0H\u1ea1t \u00f3c ch\u00f3 l\u00e0 m\u1ed9t trong nh\u1eefng lo\u1ea1i h\u1ea1t gi\u00e0u n\u0103ng l\u01b0\u1ee3ng nh\u1ea5t, x\u1ebfp tr\u00ean c\u1ea3 h\u1ea1nh nh\u00e2n, h\u1ea1t d\u1ebb hay h\u1ea1t \u0111i\u1ec1u. Trong 100g h\u1ea1t \u00f3c ch\u00f3 ch\u1ee9a \u0111\u1ebfn 654kcal, t\u01b0\u01a1ng \u0111\u01b0\u01a1ng g\u1ea7n 33% nhu c\u1ea7u n\u0103ng l\u01b0\u1ee3ng h\u1eb1ng ng\u00e0y c\u1ee7a c\u01a1 th\u1ec3, trong khi l\u01b0\u1ee3ng calories c\u1ee7a ba lo\u1ea1i h\u1ea1t tr\u00ean \u0111\u1ec1u \u1edf ch\u1ec9 \u1edf m\u1ee9c d\u01b0\u1edbi 30%\u00a0<em><strong>(Theo USDA Nutrient Database).<\/strong><\/em><\/li>\n<li><strong>Protein:<\/strong>\u00a0\u0110\u00e2y l\u00e0 d\u01b0\u1ee1ng ch\u1ea5t quan tr\u1ecdng cho m\u1ecdi ho\u1ea1t \u0111\u1ed9ng c\u1ee7a c\u01a1 th\u1ec3 v\u00ec v\u1eeba tham gia v\u00e0o qu\u00e1 tr\u00ecnh tu\u1ea7n ho\u00e0n m\u00e1u, chuy\u1ec3n h\u00f3a ch\u1ea5t dinh d\u01b0\u1ee1ng l\u1ea1i gi\u00fap t\u00e1i t\u1ea1o v\u00e0 c\u1ee7ng c\u1ed1 s\u1ee9c m\u1ea1nh c\u01a1 b\u1eafp\u2026 \u0110\u1ea1i h\u1ecdc California (M\u1ef9) \u0111\u00e3 gi\u00fap ch\u1ee9ng minh protein c\u00f2n c\u00f3 th\u00eam kh\u1ea3 n\u0103ng n\u00e2ng cao s\u1ee9c kh\u1ecfe h\u1ec7 mi\u1ec5n d\u1ecbch, t\u1eeb \u0111\u00f3 gi\u00fap c\u01a1 th\u1ec3 ph\u00f2ng b\u1ec7nh t\u1ed1t h\u01a1n.<\/li>\n<li><strong>Ch\u1ea5t ch\u1ed1ng oxy h\u00f3a:<\/strong>\u00a0Theo c\u00f4ng b\u1ed1 c\u1ee7a\u00a0<em><strong>Th\u01b0 vi\u1ec7n Qu\u1ed1c gia M\u1ef9 v\u1ec1 C\u00f4ng ngh\u1ec7 Sinh h\u1ecdc<\/strong><\/em>, qu\u1ea3 \u00f3c ch\u00f3 ch\u1ee9a l\u00e0m l\u01b0\u1ee3ng ch\u1ea5t ch\u1ed1ng oxy h\u00f3a cao nh\u1ea5t trong t\u1ea5t c\u1ea3 c\u00e1c lo\u1ea1i h\u1ea1t. Th\u00fa v\u1ecb h\u01a1n, ho\u1ea1t ch\u1ea5t n\u00e0y trong qu\u1ea3 \u00f3c ch\u00f3 c\u00f3 kh\u1ea3 n\u0103ng cao g\u1ea5p 15 l\u1ea7n vitamin E, ng\u1eeba l\u00e3o h\u00f3a v\u00e0 mang l\u1ea1i v\u1ebb t\u01b0\u01a1i tr\u1ebb, r\u1ea1ng ng\u1eddi \u0111\u00e1ng ng\u01b0\u1ee1ng m\u1ed9 cho l\u00e0n da!<\/li>\n<li><strong>Vitamin v\u00e0 kho\u00e1ng ch\u1ea5t:<\/strong>\u00a0\u0110\u1ea1i h\u1ecdc California (M\u1ef9) c\u0169ng \u0111\u00e3 ca ng\u1ee3i \u00edch l\u1ee3i c\u1ee7a H\u1ea1t \u00f3c ch\u00f3 nh\u01b0 gi\u00e0u canxi, magie, s\u1eaft, k\u1ebdm\u2026 v\u1ed1n l\u00e0 nh\u1eefng d\u01b0\u1ee1ng ch\u1ea5t kh\u00f4ng th\u1ec3 thi\u1ebfu cho h\u1ec7 x\u01b0\u01a1ng r\u0103ng ch\u1eafc kh\u1ecfe. Th\u00eam v\u00e0o \u0111\u00f3, qu\u1ea3 \u00f3c ch\u00f3 c\u00f2n l\u00e0 ngu\u1ed3n cung c\u1ea5p vitamin nh\u00f3m B \u201c\u0111a n\u0103ng\u201d v\u00ec v\u1eeba gi\u00fap ngon mi\u1ec7ng, gia t\u0103ng h\u1ec7 mi\u1ec5n d\u1ecbch l\u1ea1i c\u00f2n \u201cch\u0103m s\u00f3c\u201d da v\u00e0 t\u00f3c nh\u01b0 m\u1ed9t v\u1ecb \u201cchuy\u00ean gia\u201d.<\/li>\n<\/ul>\n<p><em>H\u1ea1t \u00f3c ch\u00f3 mang \u0111\u1ebfn r\u1ea5t nhi\u1ec1u \u201cd\u01b0\u1ee1ng ch\u1ea5t v\u00e0ng\u201d cho c\u01a1 th\u1ec3<\/em><\/p>\n<p>V\u00ec mang \u0111\u1ebfn nh\u1eefng d\u01b0\u1ee1ng ch\u1ea5t c\u1ea7n thi\u1ebft cho c\u1ea3 c\u01a1 th\u1ec3 v\u00e0 tr\u00ed n\u00e3o, n\u00ean h\u1ea1t \u00f3c ch\u00f3 d\u1ea7n \u0111\u01b0\u1ee3c xem l\u00e0 ngu\u1ed3n dinh d\u01b0\u1ee1ng b\u1ed5 sung c\u1ea7n thi\u1ebft h\u1eb1ng ng\u00e0y. Tuy nhi\u00ean, m\u1ed7i ng\u00e0y \u0111\u1ec1u \u0103n h\u1ea1t \u00f3c ch\u00f3 th\u00ec c\u0169ng r\u1ea5t d\u1ec5 ng\u00e1n! V\u1eady n\u00ean, n\u1ebfu b\u1ea1n mu\u1ed1n t\u1ef1 l\u00e0m m\u1edbi th\u1ef1c \u0111\u01a1n h\u1eb1ng ng\u00e0y c\u1ee7a m\u00ecnh th\u00ec h\u00e3y th\u1eed ngay m\u1ed9t l\u1ef1a ch\u1ecdn dinh d\u01b0\u1ee1ng c\u1ef1c k\u1ef3 m\u1edbi, \u0111\u00f3 l\u00e0 \u201cS\u1eefa \u0111\u1eadu n\u00e0nh h\u1ea1t \u00f3c ch\u00f3\u201d!<\/p>\n<hr \/>\n<p><strong>S\u1eefa \u0111\u1eadu n\u00e0nh h\u1ea1t \u00f3c ch\u00f3 Vinamilk \u2013 L\u1ef1a ch\u1ecdn dinh d\u01b0\u1ee1ng 3 T\u1ed0T m\u1ed7i ng\u00e0y!<\/strong><\/p>\n<p>S\u1eefa \u0111\u1eadu n\u00e0nh h\u1ea1t \u00f3c ch\u00f3 Vinamilk l\u00e0 s\u1ef1 k\u1ebft h\u1ee3p tuy\u1ec7t v\u1eddi gi\u1eefa h\u1ea1t \u00f3c ch\u00f3 nh\u1eadp kh\u1ea9u t\u1eeb M\u1ef9 c\u00f9ng 100% \u0111\u1eadu n\u00e0nh kh\u00f4ng bi\u1ebfn \u0111\u1ed5i gen, mang \u0111\u1ebfn gi\u1ea3i ph\u00e1p dinh d\u01b0\u1ee1ng an to\u00e0n v\u00e0 th\u00e2n thi\u1ec7n cho s\u1ee9c kh\u1ecfe, \u0111\u1eb7c bi\u1ec7t l\u00e0 nh\u1eefng l\u1ee3i \u00edch cho tr\u00ed n\u00e3o. N\u1ebfu b\u1ea1n l\u00e0 ng\u01b0\u1eddi \u201cghi\u1ec1n\u201d nh\u1eefng m\u00f3n ngon th\u00ec s\u1eefa \u0111\u1eadu n\u00e0nh h\u1ea1t \u00f3c ch\u00f3 Vinamilk s\u1ebd kh\u00f4ng l\u00e0m b\u1ea1n th\u1ea5t v\u1ecdng v\u1edbi v\u1ecb th\u01a1m b\u00e9o \u0111\u1eadm \u0111\u00e0 \u0111\u1eb7c tr\u01b0ng c\u1ee7a h\u1ea1t \u00f3c ch\u00f3, h\u00f2a c\u00f9ng v\u1ecb thanh d\u1ecbu c\u1ee7a \u0111\u1eadu n\u00e0nh, ngon kh\u00f3 m\u00e0 c\u01b0\u1ee1ng l\u1ea1i!<\/p>\n<p>Tr\u00ean h\u1ebft, s\u1eefa \u0111\u1eadu n\u00e0nh h\u1ea1t \u00f3c ch\u00f3 c\u00f2n l\u00e0 m\u00f3n qu\u00e0 ho\u00e0n h\u1ea3o cho s\u1ee9c kh\u1ecfe v\u00ec mang l\u1ea1i l\u1ee3i \u00edch\u00a0<strong>3 T\u1ed0T v\u01b0\u1ee3t tr\u1ed9i<\/strong>\u00a0!<\/p>\n<ul>\n<li>T\u1ed1t cho tr\u00ed n\u00e3o<\/li>\n<li>T\u1ed1t cho l\u00e0n da<\/li>\n<li>T\u1ed1t cho v\u00f3c d\u00e1ng<\/li>\n<\/ul>\n<p><em>S\u1eefa \u0111\u1eadu n\u00e0nh h\u1ea1t \u00f3c ch\u00f3 Vinamilk v\u00e0 c\u00f4ng d\u1ee5ng 3 T\u1ed0T v\u01b0\u1ee3t tr\u1ed9i<\/em><\/p>\n<p>S\u1eefa \u0111\u1eadu n\u00e0nh h\u1ea1t \u00f3c ch\u00f3 Vinamilk tr\u1ecdn v\u1ecb ngon, tr\u00f2n l\u1ee3i \u00edch 3 T\u1ed0T mang \u0111\u1ebfn cho c\u1ea3 gia \u0111\u00ecnh \u0111\u1ea7y \u0111\u1ee7 nh\u1eefng l\u1ee3i \u00edch tuy\u1ec7t v\u1eddi nh\u1ea5t t\u1eeb h\u1ea1t \u00f3c ch\u00f3, nh\u1ea5t l\u00e0 kh\u1ea3 n\u0103ng \u201cth\u1ea7n k\u1ef3\u201d trong ch\u0103m s\u00f3c s\u1ee9c kho\u1ebb tr\u00ed n\u00e3o. \u0110\u00e2y l\u00e0 l\u1ef1a ch\u1ecdn dinh d\u01b0\u1ee1ng b\u1ed5 sung th\u00edch h\u1ee3p cho c\u01a1 th\u1ec3 d\u1ebbo dai, kh\u1ecfe kho\u1eafn, gi\u00fap n\u00e3o b\u1ed9 linh ho\u1ea1t \u0111\u1ec3 b\u1ea1n lu\u00f4n s\u1eb5n s\u00e0ng cho m\u1ed7i ng\u00e0y \u0111\u1ec1u vui kho\u1ebb v\u00e0 n\u0103ng \u0111\u1ed9ng!<\/p>\n<\/div>\n<\/div>\n<\/div>\n","protected":false},"excerpt":{"rendered":"<p>H\u1ec7 d\u01b0\u1ee1ng ch\u1ea5t IQ Plus ph\u00e1t tri\u1ec3n n\u00e3o b\u1ed9<br \/>\nT\u0103ng c\u01b0\u1eddng \u0111\u1ec1 kh\u00e1ng v\u00e0 ti\u00eau h\u00f3a kh\u1ecfe m\u1ea1nh<br \/>\nGi\u00fap h\u1ea5p thu Canxi t\u1ed1t<\/p>\n","protected":false},"featured_media":6187,"comment_status":"open","ping_status":"closed","template":"","meta":[],"product_cat":[514],"product_tag":[586,563],"class_list":["post-6186","product","type-product","status-publish","has-post-thumbnail","hentry","product_cat-sua-hat","product_tag-dinh-duong-doi-dao","product_tag-tri-nao","berocket_brand-vinamilk"],"yoast_head":"<!-- This site is optimized with the Yoast SEO plugin v27.6 - https:\/\/yoast.com\/product\/yoast-seo-wordpress\/ -->\n<title>S\u1eefa \u0111\u1eadu n\u00e0nh Vinamilk Super Nut h\u1ea1t \u00f3c ch\u00f3 - Th\u00f9ng 48 h\u1ed9p 180ml - \u0110ang Khuy\u1ebfn m\u00e3i<\/title>\n<meta name=\"description\" content=\"S\u1eefa \u0111\u1eadu n\u00e0nh h\u1ea1t \u00f3c ch\u00f3 Vinamilk l\u00e0 s\u1ef1 k\u1ebft h\u1ee3p tuy\u1ec7t v\u1eddi gi\u1eefa h\u1ea1t \u00f3c ch\u00f3 nh\u1eadp kh\u1ea9u t\u1eeb M\u1ef9 c\u00f9ng 100% \u0111\u1eadu n\u00e0nh kh\u00f4ng bi\u1ebfn \u0111\u1ed5i gen, mang \u0111\u1ebfn gi\u1ea3i ph\u00e1p dinh d\u01b0\u1ee1ng an to\u00e0n v\u00e0 th\u00e2n thi\u1ec7n cho s\u1ee9c kh\u1ecfe, \u0111\u1eb7c bi\u1ec7t l\u00e0 nh\u1eefng l\u1ee3i \u00edch cho tr\u00ed n\u00e3o.\" \/>\n<meta name=\"robots\" content=\"index, follow, max-snippet:-1, max-image-preview:large, max-video-preview:-1\" \/>\n<link rel=\"canonical\" href=\"https:\/\/suatuyetvoi.com\/muasam\/san-pham\/sua-dau-nanh-vinamilk-super-nut-hat-oc-cho-thung-48-hop-180ml\/\" \/>\n<meta property=\"og:locale\" content=\"vi_VN\" \/>\n<meta property=\"og:type\" content=\"article\" \/>\n<meta property=\"og:title\" content=\"S\u1eefa t\u01b0\u01a1i ti\u1ec7t tr\u00f9ng c\u00f3 \u0111\u01b0\u1eddng Vinamilk 100% S\u1eefa t\u01b0\u01a1i - Th\u00f9ng 48 b\u1ecbch x 220ml - \u0110ang Khuy\u1ebfn m\u00e3i\" \/>\n<meta property=\"og:description\" content=\"Vinamilk S\u1eefa t\u01b0\u01a1i d\u1ea1ng b\u1ecbch 220ml \u0111\u01b0\u1ee3c l\u00e0m t\u1eeb 100% s\u1eefa b\u00f2 t\u01b0\u01a1i nguy\u00ean ch\u1ea5t t\u1eeb h\u1ec7 th\u1ed1ng trang tr\u1ea1i chu\u1ea9n Qu\u1ed1c t\u1ebf l\u1edbn nh\u1ea5t Ch\u00e2u \u00c1.\" \/>\n<meta property=\"og:url\" content=\"https:\/\/suatuyetvoi.com\/muasam\/san-pham\/sua-dau-nanh-vinamilk-super-nut-hat-oc-cho-thung-48-hop-180ml\/\" \/>\n<meta property=\"og:site_name\" content=\"S\u1eefa Tuy\u1ec7t V\u1eddi\" \/>\n<meta property=\"article:modified_time\" content=\"2023-03-29T07:10:28+00:00\" \/>\n<meta property=\"og:image\" content=\"https:\/\/suatuyetvoi.com\/muasam\/wp-content\/uploads\/2023\/03\/AnyConv.com__thung-super-nut-oc-cho-_b3084253ac674321a68befbcbc69eecb_master-removebg-preview.png\" \/>\n\t<meta property=\"og:image:width\" content=\"500\" \/>\n\t<meta property=\"og:image:height\" content=\"500\" \/>\n\t<meta property=\"og:image:type\" content=\"image\/png\" \/>\n<meta name=\"twitter:card\" content=\"summary_large_image\" \/>\n<meta name=\"twitter:title\" content=\"S\u1eefa t\u01b0\u01a1i ti\u1ec7t tr\u00f9ng c\u00f3 \u0111\u01b0\u1eddng Vinamilk 100% S\u1eefa t\u01b0\u01a1i - Th\u00f9ng 48 b\u1ecbch x 220ml - \u0110ang Khuy\u1ebfn m\u00e3i\" \/>\n<meta name=\"twitter:description\" content=\"Vinamilk S\u1eefa t\u01b0\u01a1i d\u1ea1ng b\u1ecbch 220ml \u0111\u01b0\u1ee3c l\u00e0m t\u1eeb 100% s\u1eefa b\u00f2 t\u01b0\u01a1i nguy\u00ean ch\u1ea5t t\u1eeb h\u1ec7 th\u1ed1ng trang tr\u1ea1i chu\u1ea9n Qu\u1ed1c t\u1ebf l\u1edbn nh\u1ea5t Ch\u00e2u \u00c1.\" \/>\n<meta name=\"twitter:label1\" content=\"\u01af\u1edbc t\u00ednh th\u1eddi gian \u0111\u1ecdc\" \/>\n\t<meta name=\"twitter:data1\" content=\"7 ph\u00fat\" \/>\n<script type=\"application\/ld+json\" class=\"yoast-schema-graph\">{\"@context\":\"https:\\\/\\\/schema.org\",\"@graph\":[{\"@type\":\"WebPage\",\"@id\":\"https:\\\/\\\/suatuyetvoi.com\\\/muasam\\\/san-pham\\\/sua-dau-nanh-vinamilk-super-nut-hat-oc-cho-thung-48-hop-180ml\\\/\",\"url\":\"https:\\\/\\\/suatuyetvoi.com\\\/muasam\\\/san-pham\\\/sua-dau-nanh-vinamilk-super-nut-hat-oc-cho-thung-48-hop-180ml\\\/\",\"name\":\"S\u1eefa \u0111\u1eadu n\u00e0nh Vinamilk Super Nut h\u1ea1t \u00f3c ch\u00f3 - Th\u00f9ng 48 h\u1ed9p 180ml - \u0110ang Khuy\u1ebfn m\u00e3i\",\"isPartOf\":{\"@id\":\"https:\\\/\\\/suatuyetvoi.com\\\/muasam\\\/#website\"},\"primaryImageOfPage\":{\"@id\":\"https:\\\/\\\/suatuyetvoi.com\\\/muasam\\\/san-pham\\\/sua-dau-nanh-vinamilk-super-nut-hat-oc-cho-thung-48-hop-180ml\\\/#primaryimage\"},\"image\":{\"@id\":\"https:\\\/\\\/suatuyetvoi.com\\\/muasam\\\/san-pham\\\/sua-dau-nanh-vinamilk-super-nut-hat-oc-cho-thung-48-hop-180ml\\\/#primaryimage\"},\"thumbnailUrl\":\"https:\\\/\\\/suatuyetvoi.com\\\/muasam\\\/wp-content\\\/uploads\\\/2023\\\/03\\\/AnyConv.com__thung-super-nut-oc-cho-_b3084253ac674321a68befbcbc69eecb_master-removebg-preview.png\",\"datePublished\":\"2023-03-29T07:06:45+00:00\",\"dateModified\":\"2023-03-29T07:10:28+00:00\",\"description\":\"S\u1eefa \u0111\u1eadu n\u00e0nh h\u1ea1t \u00f3c ch\u00f3 Vinamilk l\u00e0 s\u1ef1 k\u1ebft h\u1ee3p tuy\u1ec7t v\u1eddi gi\u1eefa h\u1ea1t \u00f3c ch\u00f3 nh\u1eadp kh\u1ea9u t\u1eeb M\u1ef9 c\u00f9ng 100% \u0111\u1eadu n\u00e0nh kh\u00f4ng bi\u1ebfn \u0111\u1ed5i gen, mang \u0111\u1ebfn gi\u1ea3i ph\u00e1p dinh d\u01b0\u1ee1ng an to\u00e0n v\u00e0 th\u00e2n thi\u1ec7n cho s\u1ee9c kh\u1ecfe, \u0111\u1eb7c bi\u1ec7t l\u00e0 nh\u1eefng l\u1ee3i \u00edch cho tr\u00ed n\u00e3o.\",\"breadcrumb\":{\"@id\":\"https:\\\/\\\/suatuyetvoi.com\\\/muasam\\\/san-pham\\\/sua-dau-nanh-vinamilk-super-nut-hat-oc-cho-thung-48-hop-180ml\\\/#breadcrumb\"},\"inLanguage\":\"vi\",\"potentialAction\":[{\"@type\":\"ReadAction\",\"target\":[\"https:\\\/\\\/suatuyetvoi.com\\\/muasam\\\/san-pham\\\/sua-dau-nanh-vinamilk-super-nut-hat-oc-cho-thung-48-hop-180ml\\\/\"]}]},{\"@type\":\"ImageObject\",\"inLanguage\":\"vi\",\"@id\":\"https:\\\/\\\/suatuyetvoi.com\\\/muasam\\\/san-pham\\\/sua-dau-nanh-vinamilk-super-nut-hat-oc-cho-thung-48-hop-180ml\\\/#primaryimage\",\"url\":\"https:\\\/\\\/suatuyetvoi.com\\\/muasam\\\/wp-content\\\/uploads\\\/2023\\\/03\\\/AnyConv.com__thung-super-nut-oc-cho-_b3084253ac674321a68befbcbc69eecb_master-removebg-preview.png\",\"contentUrl\":\"https:\\\/\\\/suatuyetvoi.com\\\/muasam\\\/wp-content\\\/uploads\\\/2023\\\/03\\\/AnyConv.com__thung-super-nut-oc-cho-_b3084253ac674321a68befbcbc69eecb_master-removebg-preview.png\",\"width\":500,\"height\":500},{\"@type\":\"BreadcrumbList\",\"@id\":\"https:\\\/\\\/suatuyetvoi.com\\\/muasam\\\/san-pham\\\/sua-dau-nanh-vinamilk-super-nut-hat-oc-cho-thung-48-hop-180ml\\\/#breadcrumb\",\"itemListElement\":[{\"@type\":\"ListItem\",\"position\":1,\"name\":\"Home\",\"item\":\"https:\\\/\\\/suatuyetvoi.com\\\/muasam\\\/\"},{\"@type\":\"ListItem\",\"position\":2,\"name\":\"Shop\",\"item\":\"https:\\\/\\\/suatuyetvoi.com\\\/muasam\\\/shop\\\/\"},{\"@type\":\"ListItem\",\"position\":3,\"name\":\"S\u1eefa \u0111\u1eadu n\u00e0nh Vinamilk Super Nut h\u1ea1t \u00f3c ch\u00f3 &#8211; Th\u00f9ng 48 h\u1ed9p 180ml\"}]},{\"@type\":\"WebSite\",\"@id\":\"https:\\\/\\\/suatuyetvoi.com\\\/muasam\\\/#website\",\"url\":\"https:\\\/\\\/suatuyetvoi.com\\\/muasam\\\/\",\"name\":\"S\u1eefa Tuy\u1ec7t V\u1eddi\",\"description\":\"S\u1eefa Tuy\u1ec7t V\u1eddi Vi\u1ec7t Nam\",\"potentialAction\":[{\"@type\":\"SearchAction\",\"target\":{\"@type\":\"EntryPoint\",\"urlTemplate\":\"https:\\\/\\\/suatuyetvoi.com\\\/muasam\\\/?s={search_term_string}\"},\"query-input\":{\"@type\":\"PropertyValueSpecification\",\"valueRequired\":true,\"valueName\":\"search_term_string\"}}],\"inLanguage\":\"vi\"}]}<\/script>\n<!-- \/ Yoast SEO plugin. -->","yoast_head_json":{"title":"S\u1eefa \u0111\u1eadu n\u00e0nh Vinamilk Super Nut h\u1ea1t \u00f3c ch\u00f3 - Th\u00f9ng 48 h\u1ed9p 180ml - \u0110ang Khuy\u1ebfn m\u00e3i","description":"S\u1eefa \u0111\u1eadu n\u00e0nh h\u1ea1t \u00f3c ch\u00f3 Vinamilk l\u00e0 s\u1ef1 k\u1ebft h\u1ee3p tuy\u1ec7t v\u1eddi gi\u1eefa h\u1ea1t \u00f3c ch\u00f3 nh\u1eadp kh\u1ea9u t\u1eeb M\u1ef9 c\u00f9ng 100% \u0111\u1eadu n\u00e0nh kh\u00f4ng bi\u1ebfn \u0111\u1ed5i gen, mang \u0111\u1ebfn gi\u1ea3i ph\u00e1p dinh d\u01b0\u1ee1ng an to\u00e0n v\u00e0 th\u00e2n thi\u1ec7n cho s\u1ee9c kh\u1ecfe, \u0111\u1eb7c bi\u1ec7t l\u00e0 nh\u1eefng l\u1ee3i \u00edch cho tr\u00ed n\u00e3o.","robots":{"index":"index","follow":"follow","max-snippet":"max-snippet:-1","max-image-preview":"max-image-preview:large","max-video-preview":"max-video-preview:-1"},"canonical":"https:\/\/suatuyetvoi.com\/muasam\/san-pham\/sua-dau-nanh-vinamilk-super-nut-hat-oc-cho-thung-48-hop-180ml\/","og_locale":"vi_VN","og_type":"article","og_title":"S\u1eefa t\u01b0\u01a1i ti\u1ec7t tr\u00f9ng c\u00f3 \u0111\u01b0\u1eddng Vinamilk 100% S\u1eefa t\u01b0\u01a1i - Th\u00f9ng 48 b\u1ecbch x 220ml - \u0110ang Khuy\u1ebfn m\u00e3i","og_description":"Vinamilk S\u1eefa t\u01b0\u01a1i d\u1ea1ng b\u1ecbch 220ml \u0111\u01b0\u1ee3c l\u00e0m t\u1eeb 100% s\u1eefa b\u00f2 t\u01b0\u01a1i nguy\u00ean ch\u1ea5t t\u1eeb h\u1ec7 th\u1ed1ng trang tr\u1ea1i chu\u1ea9n Qu\u1ed1c t\u1ebf l\u1edbn nh\u1ea5t Ch\u00e2u \u00c1.","og_url":"https:\/\/suatuyetvoi.com\/muasam\/san-pham\/sua-dau-nanh-vinamilk-super-nut-hat-oc-cho-thung-48-hop-180ml\/","og_site_name":"S\u1eefa Tuy\u1ec7t V\u1eddi","article_modified_time":"2023-03-29T07:10:28+00:00","og_image":[{"width":500,"height":500,"url":"https:\/\/suatuyetvoi.com\/muasam\/wp-content\/uploads\/2023\/03\/AnyConv.com__thung-super-nut-oc-cho-_b3084253ac674321a68befbcbc69eecb_master-removebg-preview.png","type":"image\/png"}],"twitter_card":"summary_large_image","twitter_title":"S\u1eefa t\u01b0\u01a1i ti\u1ec7t tr\u00f9ng c\u00f3 \u0111\u01b0\u1eddng Vinamilk 100% S\u1eefa t\u01b0\u01a1i - Th\u00f9ng 48 b\u1ecbch x 220ml - \u0110ang Khuy\u1ebfn m\u00e3i","twitter_description":"Vinamilk S\u1eefa t\u01b0\u01a1i d\u1ea1ng b\u1ecbch 220ml \u0111\u01b0\u1ee3c l\u00e0m t\u1eeb 100% s\u1eefa b\u00f2 t\u01b0\u01a1i nguy\u00ean ch\u1ea5t t\u1eeb h\u1ec7 th\u1ed1ng trang tr\u1ea1i chu\u1ea9n Qu\u1ed1c t\u1ebf l\u1edbn nh\u1ea5t Ch\u00e2u \u00c1.","twitter_misc":{"\u01af\u1edbc t\u00ednh th\u1eddi gian \u0111\u1ecdc":"7 ph\u00fat"},"schema":{"@context":"https:\/\/schema.org","@graph":[{"@type":"WebPage","@id":"https:\/\/suatuyetvoi.com\/muasam\/san-pham\/sua-dau-nanh-vinamilk-super-nut-hat-oc-cho-thung-48-hop-180ml\/","url":"https:\/\/suatuyetvoi.com\/muasam\/san-pham\/sua-dau-nanh-vinamilk-super-nut-hat-oc-cho-thung-48-hop-180ml\/","name":"S\u1eefa \u0111\u1eadu n\u00e0nh Vinamilk Super Nut h\u1ea1t \u00f3c ch\u00f3 - Th\u00f9ng 48 h\u1ed9p 180ml - \u0110ang Khuy\u1ebfn m\u00e3i","isPartOf":{"@id":"https:\/\/suatuyetvoi.com\/muasam\/#website"},"primaryImageOfPage":{"@id":"https:\/\/suatuyetvoi.com\/muasam\/san-pham\/sua-dau-nanh-vinamilk-super-nut-hat-oc-cho-thung-48-hop-180ml\/#primaryimage"},"image":{"@id":"https:\/\/suatuyetvoi.com\/muasam\/san-pham\/sua-dau-nanh-vinamilk-super-nut-hat-oc-cho-thung-48-hop-180ml\/#primaryimage"},"thumbnailUrl":"https:\/\/suatuyetvoi.com\/muasam\/wp-content\/uploads\/2023\/03\/AnyConv.com__thung-super-nut-oc-cho-_b3084253ac674321a68befbcbc69eecb_master-removebg-preview.png","datePublished":"2023-03-29T07:06:45+00:00","dateModified":"2023-03-29T07:10:28+00:00","description":"S\u1eefa \u0111\u1eadu n\u00e0nh h\u1ea1t \u00f3c ch\u00f3 Vinamilk l\u00e0 s\u1ef1 k\u1ebft h\u1ee3p tuy\u1ec7t v\u1eddi gi\u1eefa h\u1ea1t \u00f3c ch\u00f3 nh\u1eadp kh\u1ea9u t\u1eeb M\u1ef9 c\u00f9ng 100% \u0111\u1eadu n\u00e0nh kh\u00f4ng bi\u1ebfn \u0111\u1ed5i gen, mang \u0111\u1ebfn gi\u1ea3i ph\u00e1p dinh d\u01b0\u1ee1ng an to\u00e0n v\u00e0 th\u00e2n thi\u1ec7n cho s\u1ee9c kh\u1ecfe, \u0111\u1eb7c bi\u1ec7t l\u00e0 nh\u1eefng l\u1ee3i \u00edch cho tr\u00ed n\u00e3o.","breadcrumb":{"@id":"https:\/\/suatuyetvoi.com\/muasam\/san-pham\/sua-dau-nanh-vinamilk-super-nut-hat-oc-cho-thung-48-hop-180ml\/#breadcrumb"},"inLanguage":"vi","potentialAction":[{"@type":"ReadAction","target":["https:\/\/suatuyetvoi.com\/muasam\/san-pham\/sua-dau-nanh-vinamilk-super-nut-hat-oc-cho-thung-48-hop-180ml\/"]}]},{"@type":"ImageObject","inLanguage":"vi","@id":"https:\/\/suatuyetvoi.com\/muasam\/san-pham\/sua-dau-nanh-vinamilk-super-nut-hat-oc-cho-thung-48-hop-180ml\/#primaryimage","url":"https:\/\/suatuyetvoi.com\/muasam\/wp-content\/uploads\/2023\/03\/AnyConv.com__thung-super-nut-oc-cho-_b3084253ac674321a68befbcbc69eecb_master-removebg-preview.png","contentUrl":"https:\/\/suatuyetvoi.com\/muasam\/wp-content\/uploads\/2023\/03\/AnyConv.com__thung-super-nut-oc-cho-_b3084253ac674321a68befbcbc69eecb_master-removebg-preview.png","width":500,"height":500},{"@type":"BreadcrumbList","@id":"https:\/\/suatuyetvoi.com\/muasam\/san-pham\/sua-dau-nanh-vinamilk-super-nut-hat-oc-cho-thung-48-hop-180ml\/#breadcrumb","itemListElement":[{"@type":"ListItem","position":1,"name":"Home","item":"https:\/\/suatuyetvoi.com\/muasam\/"},{"@type":"ListItem","position":2,"name":"Shop","item":"https:\/\/suatuyetvoi.com\/muasam\/shop\/"},{"@type":"ListItem","position":3,"name":"S\u1eefa \u0111\u1eadu n\u00e0nh Vinamilk Super Nut h\u1ea1t \u00f3c ch\u00f3 &#8211; Th\u00f9ng 48 h\u1ed9p 180ml"}]},{"@type":"WebSite","@id":"https:\/\/suatuyetvoi.com\/muasam\/#website","url":"https:\/\/suatuyetvoi.com\/muasam\/","name":"S\u1eefa Tuy\u1ec7t V\u1eddi","description":"S\u1eefa Tuy\u1ec7t V\u1eddi Vi\u1ec7t Nam","potentialAction":[{"@type":"SearchAction","target":{"@type":"EntryPoint","urlTemplate":"https:\/\/suatuyetvoi.com\/muasam\/?s={search_term_string}"},"query-input":{"@type":"PropertyValueSpecification","valueRequired":true,"valueName":"search_term_string"}}],"inLanguage":"vi"}]}},"_links":{"self":[{"href":"https:\/\/suatuyetvoi.com\/muasam\/wp-json\/wp\/v2\/product\/6186","targetHints":{"allow":["GET"]}}],"collection":[{"href":"https:\/\/suatuyetvoi.com\/muasam\/wp-json\/wp\/v2\/product"}],"about":[{"href":"https:\/\/suatuyetvoi.com\/muasam\/wp-json\/wp\/v2\/types\/product"}],"replies":[{"embeddable":true,"href":"https:\/\/suatuyetvoi.com\/muasam\/wp-json\/wp\/v2\/comments?post=6186"}],"wp:featuredmedia":[{"embeddable":true,"href":"https:\/\/suatuyetvoi.com\/muasam\/wp-json\/wp\/v2\/media\/6187"}],"wp:attachment":[{"href":"https:\/\/suatuyetvoi.com\/muasam\/wp-json\/wp\/v2\/media?parent=6186"}],"wp:term":[{"taxonomy":"product_cat","embeddable":true,"href":"https:\/\/suatuyetvoi.com\/muasam\/wp-json\/wp\/v2\/product_cat?post=6186"},{"taxonomy":"product_tag","embeddable":true,"href":"https:\/\/suatuyetvoi.com\/muasam\/wp-json\/wp\/v2\/product_tag?post=6186"}],"curies":[{"name":"wp","href":"https:\/\/api.w.org\/{rel}","templated":true}]}}