{"id":6143,"date":"2023-03-29T11:38:10","date_gmt":"2023-03-29T04:38:10","guid":{"rendered":"https:\/\/suatuyetvoi.com\/muasam\/?post_type=product&#038;p=6143"},"modified":"2023-03-29T11:50:06","modified_gmt":"2023-03-29T04:50:06","slug":"sua-dau-nanh-vinamilk-super-nut-dau-do-thung-48-hop-180ml","status":"publish","type":"product","link":"https:\/\/suatuyetvoi.com\/muasam\/san-pham\/sua-dau-nanh-vinamilk-super-nut-dau-do-thung-48-hop-180ml\/","title":{"rendered":"S\u1eefa \u0111\u1eadu n\u00e0nh Vinamilk Super Nut \u0111\u1eadu \u0111\u1ecf &#8211; Th\u00f9ng 48 h\u1ed9p 180ml"},"content":{"rendered":"<div class=\"content full\">\n<div id=\"motasanpham\" class=\"clearfix\">\n<h2>M\u00d4 T\u1ea2 S\u1ea2N PH\u1ea8M<\/h2>\n<div>\n<div>\n<p><strong>S\u1eefa \u0111\u1eadu n\u00e0nh Vinamilk Super Nut \u0111\u1eadu \u0111\u1ecf<\/strong><\/p>\n<p>&#8211; L\u00e0m t\u1eeb 100% nguy\u00ean li\u1ec7u ch\u1ecdn l\u1ecdc kh\u00f4ng bi\u1ebfn \u0111\u1ed5i gen, S\u1eefa \u0111\u1eadu n\u00e0nh Vinamilk Super Nut \u0111\u1eadu \u0111\u1ecf l\u00e0 s\u1ef1 k\u1ebft h\u1ee3p gi\u1eefa \u0111\u1eadu n\u00e0nh th\u01a1m b\u00e9o v\u00e0 \u0111\u1eadu \u0111\u1ecf ng\u1ecdt thanh, m\u00e1t l\u00e0nh.<\/p>\n<p>&#8211; B\u1ed5 sung vitamin A, D3, E, PP v\u00e0 vitamin nh\u00f3m B, mang l\u1ea1i l\u1ee3i \u00edch 3 T\u1ed0T cho c\u1ea3 gia \u0111\u00ecnh.<\/p>\n<ul>\n<li>T\u1ed1t cho V\u00f3c d\u00e1ng<\/li>\n<li>T\u1ed1t cho L\u00e0n da<\/li>\n<li>T\u1ed1t cho C\u01a1 th\u1ec3<\/li>\n<\/ul>\n<p>&#8211; Gi\u1ea3m 26% l\u01b0\u1ee3ng \u0111\u01b0\u1eddng, th\u01a1m ngon, dinh d\u01b0\u1ee1ng, m\u00e0 kh\u00f4ng ng\u1ea1i b\u00e9o.<\/p>\n<\/div>\n<\/div>\n<\/div>\n<\/div>\n","protected":false},"excerpt":{"rendered":"<p>H\u1ec7 d\u01b0\u1ee1ng ch\u1ea5t IQ Plus ph\u00e1t tri\u1ec3n n\u00e3o b\u1ed9<br \/>\nT\u0103ng c\u01b0\u1eddng \u0111\u1ec1 kh\u00e1ng v\u00e0 ti\u00eau h\u00f3a kh\u1ecfe m\u1ea1nh<br \/>\nGi\u00fap h\u1ea5p thu Canxi t\u1ed1t<\/p>\n","protected":false},"featured_media":6149,"comment_status":"open","ping_status":"closed","template":"","meta":[],"product_cat":[514],"product_tag":[586,563],"class_list":["post-6143","product","type-product","status-publish","has-post-thumbnail","hentry","product_cat-sua-hat","product_tag-dinh-duong-doi-dao","product_tag-tri-nao","berocket_brand-vinamilk"],"yoast_head":"<!-- This site is optimized with the Yoast SEO plugin v27.6 - https:\/\/yoast.com\/product\/yoast-seo-wordpress\/ -->\n<title>S\u1eefa \u0111\u1eadu n\u00e0nh Vinamilk Super Nut \u0111\u1eadu \u0111\u1ecf - Th\u00f9ng 48 h\u1ed9p 180ml - \u0110ang Khuy\u1ebfn m\u00e3i<\/title>\n<meta name=\"description\" content=\"L\u00e0m t\u1eeb 100% nguy\u00ean li\u1ec7u ch\u1ecdn l\u1ecdc kh\u00f4ng bi\u1ebfn \u0111\u1ed5i gen, S\u1eefa \u0111\u1eadu n\u00e0nh Vinamilk Super Nut \u0111\u1eadu \u0111\u1ecf l\u00e0 s\u1ef1 k\u1ebft h\u1ee3p gi\u1eefa \u0111\u1eadu n\u00e0nh th\u01a1m b\u00e9o v\u00e0 \u0111\u1eadu \u0111\u1ecf ng\u1ecdt thanh, m\u00e1t l\u00e0nh.\" \/>\n<meta name=\"robots\" content=\"index, follow, max-snippet:-1, max-image-preview:large, max-video-preview:-1\" \/>\n<link rel=\"canonical\" href=\"https:\/\/suatuyetvoi.com\/muasam\/san-pham\/sua-dau-nanh-vinamilk-super-nut-dau-do-thung-48-hop-180ml\/\" \/>\n<meta property=\"og:locale\" content=\"vi_VN\" \/>\n<meta property=\"og:type\" content=\"article\" \/>\n<meta property=\"og:title\" content=\"S\u1eefa t\u01b0\u01a1i ti\u1ec7t tr\u00f9ng c\u00f3 \u0111\u01b0\u1eddng Vinamilk 100% S\u1eefa t\u01b0\u01a1i - Th\u00f9ng 48 b\u1ecbch x 220ml - \u0110ang Khuy\u1ebfn m\u00e3i\" \/>\n<meta property=\"og:description\" content=\"Vinamilk S\u1eefa t\u01b0\u01a1i d\u1ea1ng b\u1ecbch 220ml \u0111\u01b0\u1ee3c l\u00e0m t\u1eeb 100% s\u1eefa b\u00f2 t\u01b0\u01a1i nguy\u00ean ch\u1ea5t t\u1eeb h\u1ec7 th\u1ed1ng trang tr\u1ea1i chu\u1ea9n Qu\u1ed1c t\u1ebf l\u1edbn nh\u1ea5t Ch\u00e2u \u00c1.\" \/>\n<meta property=\"og:url\" content=\"https:\/\/suatuyetvoi.com\/muasam\/san-pham\/sua-dau-nanh-vinamilk-super-nut-dau-do-thung-48-hop-180ml\/\" \/>\n<meta property=\"og:site_name\" content=\"S\u1eefa Tuy\u1ec7t V\u1eddi\" \/>\n<meta property=\"article:modified_time\" content=\"2023-03-29T04:50:06+00:00\" \/>\n<meta property=\"og:image\" content=\"https:\/\/suatuyetvoi.com\/muasam\/wp-content\/uploads\/2023\/03\/AnyConv.com__super_nut_dau_do_thung_9ffa7f0ba0d14ae88174752bae58d31b_master-removebg-preview.png\" \/>\n\t<meta property=\"og:image:width\" content=\"500\" \/>\n\t<meta property=\"og:image:height\" content=\"500\" \/>\n\t<meta property=\"og:image:type\" content=\"image\/png\" \/>\n<meta name=\"twitter:card\" content=\"summary_large_image\" \/>\n<meta name=\"twitter:title\" content=\"S\u1eefa t\u01b0\u01a1i ti\u1ec7t tr\u00f9ng c\u00f3 \u0111\u01b0\u1eddng Vinamilk 100% S\u1eefa t\u01b0\u01a1i - Th\u00f9ng 48 b\u1ecbch x 220ml - \u0110ang Khuy\u1ebfn m\u00e3i\" \/>\n<meta name=\"twitter:description\" content=\"Vinamilk S\u1eefa t\u01b0\u01a1i d\u1ea1ng b\u1ecbch 220ml \u0111\u01b0\u1ee3c l\u00e0m t\u1eeb 100% s\u1eefa b\u00f2 t\u01b0\u01a1i nguy\u00ean ch\u1ea5t t\u1eeb h\u1ec7 th\u1ed1ng trang tr\u1ea1i chu\u1ea9n Qu\u1ed1c t\u1ebf l\u1edbn nh\u1ea5t Ch\u00e2u \u00c1.\" \/>\n<meta name=\"twitter:label1\" content=\"\u01af\u1edbc t\u00ednh th\u1eddi gian \u0111\u1ecdc\" \/>\n\t<meta name=\"twitter:data1\" content=\"1 ph\u00fat\" \/>\n<script type=\"application\/ld+json\" class=\"yoast-schema-graph\">{\"@context\":\"https:\\\/\\\/schema.org\",\"@graph\":[{\"@type\":\"WebPage\",\"@id\":\"https:\\\/\\\/suatuyetvoi.com\\\/muasam\\\/san-pham\\\/sua-dau-nanh-vinamilk-super-nut-dau-do-thung-48-hop-180ml\\\/\",\"url\":\"https:\\\/\\\/suatuyetvoi.com\\\/muasam\\\/san-pham\\\/sua-dau-nanh-vinamilk-super-nut-dau-do-thung-48-hop-180ml\\\/\",\"name\":\"S\u1eefa \u0111\u1eadu n\u00e0nh Vinamilk Super Nut \u0111\u1eadu \u0111\u1ecf - Th\u00f9ng 48 h\u1ed9p 180ml - \u0110ang Khuy\u1ebfn m\u00e3i\",\"isPartOf\":{\"@id\":\"https:\\\/\\\/suatuyetvoi.com\\\/muasam\\\/#website\"},\"primaryImageOfPage\":{\"@id\":\"https:\\\/\\\/suatuyetvoi.com\\\/muasam\\\/san-pham\\\/sua-dau-nanh-vinamilk-super-nut-dau-do-thung-48-hop-180ml\\\/#primaryimage\"},\"image\":{\"@id\":\"https:\\\/\\\/suatuyetvoi.com\\\/muasam\\\/san-pham\\\/sua-dau-nanh-vinamilk-super-nut-dau-do-thung-48-hop-180ml\\\/#primaryimage\"},\"thumbnailUrl\":\"https:\\\/\\\/suatuyetvoi.com\\\/muasam\\\/wp-content\\\/uploads\\\/2023\\\/03\\\/AnyConv.com__super_nut_dau_do_thung_9ffa7f0ba0d14ae88174752bae58d31b_master-removebg-preview.png\",\"datePublished\":\"2023-03-29T04:38:10+00:00\",\"dateModified\":\"2023-03-29T04:50:06+00:00\",\"description\":\"L\u00e0m t\u1eeb 100% nguy\u00ean li\u1ec7u ch\u1ecdn l\u1ecdc kh\u00f4ng bi\u1ebfn \u0111\u1ed5i gen, S\u1eefa \u0111\u1eadu n\u00e0nh Vinamilk Super Nut \u0111\u1eadu \u0111\u1ecf l\u00e0 s\u1ef1 k\u1ebft h\u1ee3p gi\u1eefa \u0111\u1eadu n\u00e0nh th\u01a1m b\u00e9o v\u00e0 \u0111\u1eadu \u0111\u1ecf ng\u1ecdt thanh, m\u00e1t l\u00e0nh.\",\"breadcrumb\":{\"@id\":\"https:\\\/\\\/suatuyetvoi.com\\\/muasam\\\/san-pham\\\/sua-dau-nanh-vinamilk-super-nut-dau-do-thung-48-hop-180ml\\\/#breadcrumb\"},\"inLanguage\":\"vi\",\"potentialAction\":[{\"@type\":\"ReadAction\",\"target\":[\"https:\\\/\\\/suatuyetvoi.com\\\/muasam\\\/san-pham\\\/sua-dau-nanh-vinamilk-super-nut-dau-do-thung-48-hop-180ml\\\/\"]}]},{\"@type\":\"ImageObject\",\"inLanguage\":\"vi\",\"@id\":\"https:\\\/\\\/suatuyetvoi.com\\\/muasam\\\/san-pham\\\/sua-dau-nanh-vinamilk-super-nut-dau-do-thung-48-hop-180ml\\\/#primaryimage\",\"url\":\"https:\\\/\\\/suatuyetvoi.com\\\/muasam\\\/wp-content\\\/uploads\\\/2023\\\/03\\\/AnyConv.com__super_nut_dau_do_thung_9ffa7f0ba0d14ae88174752bae58d31b_master-removebg-preview.png\",\"contentUrl\":\"https:\\\/\\\/suatuyetvoi.com\\\/muasam\\\/wp-content\\\/uploads\\\/2023\\\/03\\\/AnyConv.com__super_nut_dau_do_thung_9ffa7f0ba0d14ae88174752bae58d31b_master-removebg-preview.png\",\"width\":500,\"height\":500},{\"@type\":\"BreadcrumbList\",\"@id\":\"https:\\\/\\\/suatuyetvoi.com\\\/muasam\\\/san-pham\\\/sua-dau-nanh-vinamilk-super-nut-dau-do-thung-48-hop-180ml\\\/#breadcrumb\",\"itemListElement\":[{\"@type\":\"ListItem\",\"position\":1,\"name\":\"Home\",\"item\":\"https:\\\/\\\/suatuyetvoi.com\\\/muasam\\\/\"},{\"@type\":\"ListItem\",\"position\":2,\"name\":\"Shop\",\"item\":\"https:\\\/\\\/suatuyetvoi.com\\\/muasam\\\/shop\\\/\"},{\"@type\":\"ListItem\",\"position\":3,\"name\":\"S\u1eefa \u0111\u1eadu n\u00e0nh Vinamilk Super Nut \u0111\u1eadu \u0111\u1ecf &#8211; Th\u00f9ng 48 h\u1ed9p 180ml\"}]},{\"@type\":\"WebSite\",\"@id\":\"https:\\\/\\\/suatuyetvoi.com\\\/muasam\\\/#website\",\"url\":\"https:\\\/\\\/suatuyetvoi.com\\\/muasam\\\/\",\"name\":\"S\u1eefa Tuy\u1ec7t V\u1eddi\",\"description\":\"S\u1eefa Tuy\u1ec7t V\u1eddi Vi\u1ec7t Nam\",\"potentialAction\":[{\"@type\":\"SearchAction\",\"target\":{\"@type\":\"EntryPoint\",\"urlTemplate\":\"https:\\\/\\\/suatuyetvoi.com\\\/muasam\\\/?s={search_term_string}\"},\"query-input\":{\"@type\":\"PropertyValueSpecification\",\"valueRequired\":true,\"valueName\":\"search_term_string\"}}],\"inLanguage\":\"vi\"}]}<\/script>\n<!-- \/ Yoast SEO plugin. -->","yoast_head_json":{"title":"S\u1eefa \u0111\u1eadu n\u00e0nh Vinamilk Super Nut \u0111\u1eadu \u0111\u1ecf - Th\u00f9ng 48 h\u1ed9p 180ml - \u0110ang Khuy\u1ebfn m\u00e3i","description":"L\u00e0m t\u1eeb 100% nguy\u00ean li\u1ec7u ch\u1ecdn l\u1ecdc kh\u00f4ng bi\u1ebfn \u0111\u1ed5i gen, S\u1eefa \u0111\u1eadu n\u00e0nh Vinamilk Super Nut \u0111\u1eadu \u0111\u1ecf l\u00e0 s\u1ef1 k\u1ebft h\u1ee3p gi\u1eefa \u0111\u1eadu n\u00e0nh th\u01a1m b\u00e9o v\u00e0 \u0111\u1eadu \u0111\u1ecf ng\u1ecdt thanh, m\u00e1t l\u00e0nh.","robots":{"index":"index","follow":"follow","max-snippet":"max-snippet:-1","max-image-preview":"max-image-preview:large","max-video-preview":"max-video-preview:-1"},"canonical":"https:\/\/suatuyetvoi.com\/muasam\/san-pham\/sua-dau-nanh-vinamilk-super-nut-dau-do-thung-48-hop-180ml\/","og_locale":"vi_VN","og_type":"article","og_title":"S\u1eefa t\u01b0\u01a1i ti\u1ec7t tr\u00f9ng c\u00f3 \u0111\u01b0\u1eddng Vinamilk 100% S\u1eefa t\u01b0\u01a1i - Th\u00f9ng 48 b\u1ecbch x 220ml - \u0110ang Khuy\u1ebfn m\u00e3i","og_description":"Vinamilk S\u1eefa t\u01b0\u01a1i d\u1ea1ng b\u1ecbch 220ml \u0111\u01b0\u1ee3c l\u00e0m t\u1eeb 100% s\u1eefa b\u00f2 t\u01b0\u01a1i nguy\u00ean ch\u1ea5t t\u1eeb h\u1ec7 th\u1ed1ng trang tr\u1ea1i chu\u1ea9n Qu\u1ed1c t\u1ebf l\u1edbn nh\u1ea5t Ch\u00e2u \u00c1.","og_url":"https:\/\/suatuyetvoi.com\/muasam\/san-pham\/sua-dau-nanh-vinamilk-super-nut-dau-do-thung-48-hop-180ml\/","og_site_name":"S\u1eefa Tuy\u1ec7t V\u1eddi","article_modified_time":"2023-03-29T04:50:06+00:00","og_image":[{"width":500,"height":500,"url":"https:\/\/suatuyetvoi.com\/muasam\/wp-content\/uploads\/2023\/03\/AnyConv.com__super_nut_dau_do_thung_9ffa7f0ba0d14ae88174752bae58d31b_master-removebg-preview.png","type":"image\/png"}],"twitter_card":"summary_large_image","twitter_title":"S\u1eefa t\u01b0\u01a1i ti\u1ec7t tr\u00f9ng c\u00f3 \u0111\u01b0\u1eddng Vinamilk 100% S\u1eefa t\u01b0\u01a1i - Th\u00f9ng 48 b\u1ecbch x 220ml - \u0110ang Khuy\u1ebfn m\u00e3i","twitter_description":"Vinamilk S\u1eefa t\u01b0\u01a1i d\u1ea1ng b\u1ecbch 220ml \u0111\u01b0\u1ee3c l\u00e0m t\u1eeb 100% s\u1eefa b\u00f2 t\u01b0\u01a1i nguy\u00ean ch\u1ea5t t\u1eeb h\u1ec7 th\u1ed1ng trang tr\u1ea1i chu\u1ea9n Qu\u1ed1c t\u1ebf l\u1edbn nh\u1ea5t Ch\u00e2u \u00c1.","twitter_misc":{"\u01af\u1edbc t\u00ednh th\u1eddi gian \u0111\u1ecdc":"1 ph\u00fat"},"schema":{"@context":"https:\/\/schema.org","@graph":[{"@type":"WebPage","@id":"https:\/\/suatuyetvoi.com\/muasam\/san-pham\/sua-dau-nanh-vinamilk-super-nut-dau-do-thung-48-hop-180ml\/","url":"https:\/\/suatuyetvoi.com\/muasam\/san-pham\/sua-dau-nanh-vinamilk-super-nut-dau-do-thung-48-hop-180ml\/","name":"S\u1eefa \u0111\u1eadu n\u00e0nh Vinamilk Super Nut \u0111\u1eadu \u0111\u1ecf - Th\u00f9ng 48 h\u1ed9p 180ml - \u0110ang Khuy\u1ebfn m\u00e3i","isPartOf":{"@id":"https:\/\/suatuyetvoi.com\/muasam\/#website"},"primaryImageOfPage":{"@id":"https:\/\/suatuyetvoi.com\/muasam\/san-pham\/sua-dau-nanh-vinamilk-super-nut-dau-do-thung-48-hop-180ml\/#primaryimage"},"image":{"@id":"https:\/\/suatuyetvoi.com\/muasam\/san-pham\/sua-dau-nanh-vinamilk-super-nut-dau-do-thung-48-hop-180ml\/#primaryimage"},"thumbnailUrl":"https:\/\/suatuyetvoi.com\/muasam\/wp-content\/uploads\/2023\/03\/AnyConv.com__super_nut_dau_do_thung_9ffa7f0ba0d14ae88174752bae58d31b_master-removebg-preview.png","datePublished":"2023-03-29T04:38:10+00:00","dateModified":"2023-03-29T04:50:06+00:00","description":"L\u00e0m t\u1eeb 100% nguy\u00ean li\u1ec7u ch\u1ecdn l\u1ecdc kh\u00f4ng bi\u1ebfn \u0111\u1ed5i gen, S\u1eefa \u0111\u1eadu n\u00e0nh Vinamilk Super Nut \u0111\u1eadu \u0111\u1ecf l\u00e0 s\u1ef1 k\u1ebft h\u1ee3p gi\u1eefa \u0111\u1eadu n\u00e0nh th\u01a1m b\u00e9o v\u00e0 \u0111\u1eadu \u0111\u1ecf ng\u1ecdt thanh, m\u00e1t l\u00e0nh.","breadcrumb":{"@id":"https:\/\/suatuyetvoi.com\/muasam\/san-pham\/sua-dau-nanh-vinamilk-super-nut-dau-do-thung-48-hop-180ml\/#breadcrumb"},"inLanguage":"vi","potentialAction":[{"@type":"ReadAction","target":["https:\/\/suatuyetvoi.com\/muasam\/san-pham\/sua-dau-nanh-vinamilk-super-nut-dau-do-thung-48-hop-180ml\/"]}]},{"@type":"ImageObject","inLanguage":"vi","@id":"https:\/\/suatuyetvoi.com\/muasam\/san-pham\/sua-dau-nanh-vinamilk-super-nut-dau-do-thung-48-hop-180ml\/#primaryimage","url":"https:\/\/suatuyetvoi.com\/muasam\/wp-content\/uploads\/2023\/03\/AnyConv.com__super_nut_dau_do_thung_9ffa7f0ba0d14ae88174752bae58d31b_master-removebg-preview.png","contentUrl":"https:\/\/suatuyetvoi.com\/muasam\/wp-content\/uploads\/2023\/03\/AnyConv.com__super_nut_dau_do_thung_9ffa7f0ba0d14ae88174752bae58d31b_master-removebg-preview.png","width":500,"height":500},{"@type":"BreadcrumbList","@id":"https:\/\/suatuyetvoi.com\/muasam\/san-pham\/sua-dau-nanh-vinamilk-super-nut-dau-do-thung-48-hop-180ml\/#breadcrumb","itemListElement":[{"@type":"ListItem","position":1,"name":"Home","item":"https:\/\/suatuyetvoi.com\/muasam\/"},{"@type":"ListItem","position":2,"name":"Shop","item":"https:\/\/suatuyetvoi.com\/muasam\/shop\/"},{"@type":"ListItem","position":3,"name":"S\u1eefa \u0111\u1eadu n\u00e0nh Vinamilk Super Nut \u0111\u1eadu \u0111\u1ecf &#8211; Th\u00f9ng 48 h\u1ed9p 180ml"}]},{"@type":"WebSite","@id":"https:\/\/suatuyetvoi.com\/muasam\/#website","url":"https:\/\/suatuyetvoi.com\/muasam\/","name":"S\u1eefa Tuy\u1ec7t V\u1eddi","description":"S\u1eefa Tuy\u1ec7t V\u1eddi Vi\u1ec7t Nam","potentialAction":[{"@type":"SearchAction","target":{"@type":"EntryPoint","urlTemplate":"https:\/\/suatuyetvoi.com\/muasam\/?s={search_term_string}"},"query-input":{"@type":"PropertyValueSpecification","valueRequired":true,"valueName":"search_term_string"}}],"inLanguage":"vi"}]}},"_links":{"self":[{"href":"https:\/\/suatuyetvoi.com\/muasam\/wp-json\/wp\/v2\/product\/6143","targetHints":{"allow":["GET"]}}],"collection":[{"href":"https:\/\/suatuyetvoi.com\/muasam\/wp-json\/wp\/v2\/product"}],"about":[{"href":"https:\/\/suatuyetvoi.com\/muasam\/wp-json\/wp\/v2\/types\/product"}],"replies":[{"embeddable":true,"href":"https:\/\/suatuyetvoi.com\/muasam\/wp-json\/wp\/v2\/comments?post=6143"}],"wp:featuredmedia":[{"embeddable":true,"href":"https:\/\/suatuyetvoi.com\/muasam\/wp-json\/wp\/v2\/media\/6149"}],"wp:attachment":[{"href":"https:\/\/suatuyetvoi.com\/muasam\/wp-json\/wp\/v2\/media?parent=6143"}],"wp:term":[{"taxonomy":"product_cat","embeddable":true,"href":"https:\/\/suatuyetvoi.com\/muasam\/wp-json\/wp\/v2\/product_cat?post=6143"},{"taxonomy":"product_tag","embeddable":true,"href":"https:\/\/suatuyetvoi.com\/muasam\/wp-json\/wp\/v2\/product_tag?post=6143"}],"curies":[{"name":"wp","href":"https:\/\/api.w.org\/{rel}","templated":true}]}}