{"id":6126,"date":"2023-03-29T11:36:08","date_gmt":"2023-03-29T04:36:08","guid":{"rendered":"https:\/\/suatuyetvoi.com\/muasam\/?post_type=product&#038;p=6126"},"modified":"2023-03-29T11:36:09","modified_gmt":"2023-03-29T04:36:09","slug":"sua-chua-uong-vinamilk-susu-huong-dau-thung-24-tui-x-110ml","status":"publish","type":"product","link":"https:\/\/suatuyetvoi.com\/muasam\/san-pham\/sua-chua-uong-vinamilk-susu-huong-dau-thung-24-tui-x-110ml\/","title":{"rendered":"S\u1eefa Chua U\u1ed1ng Vinamilk Susu H\u01b0\u01a1ng D\u00e2u &#8211; Th\u00f9ng 24 T\u00fai x 110ml"},"content":{"rendered":"<p>S\u1eefa chua u\u1ed1ng SuSu\u00a0v\u1edbi v\u1ecb ng\u1ecdt b\u00e9o, chua chua th\u01a1m ngon.\u00a0S\u1eefa chua\u00a0b\u1ed5 sung th\u00eam vitamin A, canxi v\u00e0 vitamin D3 cho x\u01b0\u01a1ng ch\u1eafc kho\u1ebb, vintamin B6, B12, ch\u1ea5t x\u01a1 cho b\u00e9 kho\u1ebb m\u1ea1nh v\u00e0 n\u0103ng \u0111\u1ed9ng.\u00a0Th\u00f9ng 24 t\u00fai s\u1eefa chua u\u1ed1ng ti\u1ec7t tr\u00f9ng h\u01b0\u01a1ng d\u00e2u SuSu 110ml\u00a0h\u01b0\u01a1ng d\u00e2u th\u01a1m l\u1eebng, d\u1ec5 u\u1ed1ng.<\/p>\n<p><img loading=\"lazy\" decoding=\"async\" class=\"alignnone size-full wp-image-6127\" src=\"https:\/\/suatuyetvoi.com\/muasam\/wp-content\/uploads\/2023\/03\/thung-24-tui-sua-chua-uong-tiet-trung-huong-dau-susu-110ml-202202231029137059.jpg\" alt=\"\" width=\"1024\" height=\"768\" srcset=\"https:\/\/suatuyetvoi.com\/muasam\/wp-content\/uploads\/2023\/03\/thung-24-tui-sua-chua-uong-tiet-trung-huong-dau-susu-110ml-202202231029137059.jpg 1024w, https:\/\/suatuyetvoi.com\/muasam\/wp-content\/uploads\/2023\/03\/thung-24-tui-sua-chua-uong-tiet-trung-huong-dau-susu-110ml-202202231029137059-533x400.jpg 533w, https:\/\/suatuyetvoi.com\/muasam\/wp-content\/uploads\/2023\/03\/thung-24-tui-sua-chua-uong-tiet-trung-huong-dau-susu-110ml-202202231029137059-768x576.jpg 768w, https:\/\/suatuyetvoi.com\/muasam\/wp-content\/uploads\/2023\/03\/thung-24-tui-sua-chua-uong-tiet-trung-huong-dau-susu-110ml-202202231029137059-600x450.jpg 600w\" sizes=\"auto, (max-width: 1024px) 100vw, 1024px\" \/><\/p>\n","protected":false},"excerpt":{"rendered":"<ul class=\"infoproduct nospeci\">\n<li>H\u01b0\u01a1ng v\u1ecb: H\u01b0\u01a1ng d\u00e2u<\/li>\n<li>Ph\u00f9 h\u1ee3p: Tr\u1ebb em tr\u00ean 1 tu\u1ed5i<\/li>\n<li>Th\u1ec3 t\u00edch: 110ml<\/li>\n<li>Th\u01b0\u01a1ng hi\u1ec7u: SuSu (Vi\u1ec7t Nam)<\/li>\n<li>S\u1ea3n xu\u1ea5t: Vi\u1ec7t Nam<\/li>\n<\/ul>\n","protected":false},"featured_media":6130,"comment_status":"open","ping_status":"closed","template":"","meta":[],"product_cat":[589],"product_tag":[587],"class_list":["post-6126","product","type-product","status-publish","has-post-thumbnail","hentry","product_cat-sua-chua-uong","product_tag-vinamilk","berocket_brand-vinamilk"],"yoast_head":"<!-- This site is optimized with the Yoast SEO plugin v27.6 - https:\/\/yoast.com\/product\/yoast-seo-wordpress\/ -->\n<title>S\u1eefa Chua U\u1ed1ng Vinamilk Susu H\u01b0\u01a1ng D\u00e2u - Th\u00f9ng 24 T\u00fai x 110ml<\/title>\n<meta name=\"description\" content=\"S\u1eefa chua u\u1ed1ng SuSu\u00a0v\u1edbi v\u1ecb ng\u1ecdt b\u00e9o, chua chua th\u01a1m ngon.\u00a0S\u1eefa chua\u00a0b\u1ed5 sung th\u00eam vitamin A, canxi v\u00e0 vitamin D3 cho x\u01b0\u01a1ng ch\u1eafc kho\u1ebb, vintamin B6, B12\" \/>\n<meta name=\"robots\" content=\"index, follow, max-snippet:-1, max-image-preview:large, max-video-preview:-1\" \/>\n<link rel=\"canonical\" href=\"https:\/\/suatuyetvoi.com\/muasam\/san-pham\/sua-chua-uong-vinamilk-susu-huong-dau-thung-24-tui-x-110ml\/\" \/>\n<meta property=\"og:locale\" content=\"vi_VN\" \/>\n<meta property=\"og:type\" content=\"article\" \/>\n<meta property=\"og:title\" content=\"S\u1eefa Chua U\u1ed1ng Vinamilk Susu H\u01b0\u01a1ng D\u00e2u - Th\u00f9ng 24 T\u00fai x 110ml\" \/>\n<meta property=\"og:description\" content=\"S\u1eefa chua u\u1ed1ng SuSu\u00a0v\u1edbi v\u1ecb ng\u1ecdt b\u00e9o, chua chua th\u01a1m ngon.\u00a0S\u1eefa chua\u00a0b\u1ed5 sung th\u00eam vitamin A, canxi v\u00e0 vitamin D3 cho x\u01b0\u01a1ng ch\u1eafc kho\u1ebb, vintamin B6, B12\" \/>\n<meta property=\"og:url\" content=\"https:\/\/suatuyetvoi.com\/muasam\/san-pham\/sua-chua-uong-vinamilk-susu-huong-dau-thung-24-tui-x-110ml\/\" \/>\n<meta property=\"og:site_name\" content=\"S\u1eefa Tuy\u1ec7t V\u1eddi\" \/>\n<meta property=\"article:modified_time\" content=\"2023-03-29T04:36:09+00:00\" \/>\n<meta property=\"og:image\" content=\"https:\/\/suatuyetvoi.com\/muasam\/wp-content\/uploads\/2023\/03\/copyof_1_40de725b84864be79c6332de81d8d1cf_master-Edited-800x800.png\" \/>\n\t<meta property=\"og:image:width\" content=\"800\" \/>\n\t<meta property=\"og:image:height\" content=\"800\" \/>\n\t<meta property=\"og:image:type\" content=\"image\/png\" \/>\n<meta name=\"twitter:card\" content=\"summary_large_image\" \/>\n<meta name=\"twitter:title\" content=\"S\u1eefa Chua U\u1ed1ng Vinamilk Susu H\u01b0\u01a1ng D\u00e2u - Th\u00f9ng 24 T\u00fai x 110ml\" \/>\n<meta name=\"twitter:description\" content=\"S\u1eefa chua u\u1ed1ng SuSu\u00a0v\u1edbi v\u1ecb ng\u1ecdt b\u00e9o, chua chua th\u01a1m ngon.\u00a0S\u1eefa chua\u00a0b\u1ed5 sung th\u00eam vitamin A, canxi v\u00e0 vitamin D3 cho x\u01b0\u01a1ng ch\u1eafc kho\u1ebb, vintamin B6, B12\" \/>\n<meta name=\"twitter:label1\" content=\"\u01af\u1edbc t\u00ednh th\u1eddi gian \u0111\u1ecdc\" \/>\n\t<meta name=\"twitter:data1\" content=\"1 ph\u00fat\" \/>\n<script type=\"application\/ld+json\" class=\"yoast-schema-graph\">{\"@context\":\"https:\\\/\\\/schema.org\",\"@graph\":[{\"@type\":\"WebPage\",\"@id\":\"https:\\\/\\\/suatuyetvoi.com\\\/muasam\\\/san-pham\\\/sua-chua-uong-vinamilk-susu-huong-dau-thung-24-tui-x-110ml\\\/\",\"url\":\"https:\\\/\\\/suatuyetvoi.com\\\/muasam\\\/san-pham\\\/sua-chua-uong-vinamilk-susu-huong-dau-thung-24-tui-x-110ml\\\/\",\"name\":\"S\u1eefa Chua U\u1ed1ng Vinamilk Susu H\u01b0\u01a1ng D\u00e2u - Th\u00f9ng 24 T\u00fai x 110ml\",\"isPartOf\":{\"@id\":\"https:\\\/\\\/suatuyetvoi.com\\\/muasam\\\/#website\"},\"primaryImageOfPage\":{\"@id\":\"https:\\\/\\\/suatuyetvoi.com\\\/muasam\\\/san-pham\\\/sua-chua-uong-vinamilk-susu-huong-dau-thung-24-tui-x-110ml\\\/#primaryimage\"},\"image\":{\"@id\":\"https:\\\/\\\/suatuyetvoi.com\\\/muasam\\\/san-pham\\\/sua-chua-uong-vinamilk-susu-huong-dau-thung-24-tui-x-110ml\\\/#primaryimage\"},\"thumbnailUrl\":\"https:\\\/\\\/suatuyetvoi.com\\\/muasam\\\/wp-content\\\/uploads\\\/2023\\\/03\\\/copyof_1_40de725b84864be79c6332de81d8d1cf_master-Edited.png\",\"datePublished\":\"2023-03-29T04:36:08+00:00\",\"dateModified\":\"2023-03-29T04:36:09+00:00\",\"description\":\"S\u1eefa chua u\u1ed1ng SuSu\u00a0v\u1edbi v\u1ecb ng\u1ecdt b\u00e9o, chua chua th\u01a1m ngon.\u00a0S\u1eefa chua\u00a0b\u1ed5 sung th\u00eam vitamin A, canxi v\u00e0 vitamin D3 cho x\u01b0\u01a1ng ch\u1eafc kho\u1ebb, vintamin B6, B12\",\"breadcrumb\":{\"@id\":\"https:\\\/\\\/suatuyetvoi.com\\\/muasam\\\/san-pham\\\/sua-chua-uong-vinamilk-susu-huong-dau-thung-24-tui-x-110ml\\\/#breadcrumb\"},\"inLanguage\":\"vi\",\"potentialAction\":[{\"@type\":\"ReadAction\",\"target\":[\"https:\\\/\\\/suatuyetvoi.com\\\/muasam\\\/san-pham\\\/sua-chua-uong-vinamilk-susu-huong-dau-thung-24-tui-x-110ml\\\/\"]}]},{\"@type\":\"ImageObject\",\"inLanguage\":\"vi\",\"@id\":\"https:\\\/\\\/suatuyetvoi.com\\\/muasam\\\/san-pham\\\/sua-chua-uong-vinamilk-susu-huong-dau-thung-24-tui-x-110ml\\\/#primaryimage\",\"url\":\"https:\\\/\\\/suatuyetvoi.com\\\/muasam\\\/wp-content\\\/uploads\\\/2023\\\/03\\\/copyof_1_40de725b84864be79c6332de81d8d1cf_master-Edited.png\",\"contentUrl\":\"https:\\\/\\\/suatuyetvoi.com\\\/muasam\\\/wp-content\\\/uploads\\\/2023\\\/03\\\/copyof_1_40de725b84864be79c6332de81d8d1cf_master-Edited.png\",\"width\":1600,\"height\":1600},{\"@type\":\"BreadcrumbList\",\"@id\":\"https:\\\/\\\/suatuyetvoi.com\\\/muasam\\\/san-pham\\\/sua-chua-uong-vinamilk-susu-huong-dau-thung-24-tui-x-110ml\\\/#breadcrumb\",\"itemListElement\":[{\"@type\":\"ListItem\",\"position\":1,\"name\":\"Home\",\"item\":\"https:\\\/\\\/suatuyetvoi.com\\\/muasam\\\/\"},{\"@type\":\"ListItem\",\"position\":2,\"name\":\"Shop\",\"item\":\"https:\\\/\\\/suatuyetvoi.com\\\/muasam\\\/shop\\\/\"},{\"@type\":\"ListItem\",\"position\":3,\"name\":\"S\u1eefa Chua U\u1ed1ng Vinamilk Susu H\u01b0\u01a1ng D\u00e2u &#8211; Th\u00f9ng 24 T\u00fai x 110ml\"}]},{\"@type\":\"WebSite\",\"@id\":\"https:\\\/\\\/suatuyetvoi.com\\\/muasam\\\/#website\",\"url\":\"https:\\\/\\\/suatuyetvoi.com\\\/muasam\\\/\",\"name\":\"S\u1eefa Tuy\u1ec7t V\u1eddi\",\"description\":\"S\u1eefa Tuy\u1ec7t V\u1eddi Vi\u1ec7t Nam\",\"potentialAction\":[{\"@type\":\"SearchAction\",\"target\":{\"@type\":\"EntryPoint\",\"urlTemplate\":\"https:\\\/\\\/suatuyetvoi.com\\\/muasam\\\/?s={search_term_string}\"},\"query-input\":{\"@type\":\"PropertyValueSpecification\",\"valueRequired\":true,\"valueName\":\"search_term_string\"}}],\"inLanguage\":\"vi\"}]}<\/script>\n<!-- \/ Yoast SEO plugin. -->","yoast_head_json":{"title":"S\u1eefa Chua U\u1ed1ng Vinamilk Susu H\u01b0\u01a1ng D\u00e2u - Th\u00f9ng 24 T\u00fai x 110ml","description":"S\u1eefa chua u\u1ed1ng SuSu\u00a0v\u1edbi v\u1ecb ng\u1ecdt b\u00e9o, chua chua th\u01a1m ngon.\u00a0S\u1eefa chua\u00a0b\u1ed5 sung th\u00eam vitamin A, canxi v\u00e0 vitamin D3 cho x\u01b0\u01a1ng ch\u1eafc kho\u1ebb, vintamin B6, B12","robots":{"index":"index","follow":"follow","max-snippet":"max-snippet:-1","max-image-preview":"max-image-preview:large","max-video-preview":"max-video-preview:-1"},"canonical":"https:\/\/suatuyetvoi.com\/muasam\/san-pham\/sua-chua-uong-vinamilk-susu-huong-dau-thung-24-tui-x-110ml\/","og_locale":"vi_VN","og_type":"article","og_title":"S\u1eefa Chua U\u1ed1ng Vinamilk Susu H\u01b0\u01a1ng D\u00e2u - Th\u00f9ng 24 T\u00fai x 110ml","og_description":"S\u1eefa chua u\u1ed1ng SuSu\u00a0v\u1edbi v\u1ecb ng\u1ecdt b\u00e9o, chua chua th\u01a1m ngon.\u00a0S\u1eefa chua\u00a0b\u1ed5 sung th\u00eam vitamin A, canxi v\u00e0 vitamin D3 cho x\u01b0\u01a1ng ch\u1eafc kho\u1ebb, vintamin B6, B12","og_url":"https:\/\/suatuyetvoi.com\/muasam\/san-pham\/sua-chua-uong-vinamilk-susu-huong-dau-thung-24-tui-x-110ml\/","og_site_name":"S\u1eefa Tuy\u1ec7t V\u1eddi","article_modified_time":"2023-03-29T04:36:09+00:00","og_image":[{"width":800,"height":800,"url":"https:\/\/suatuyetvoi.com\/muasam\/wp-content\/uploads\/2023\/03\/copyof_1_40de725b84864be79c6332de81d8d1cf_master-Edited-800x800.png","type":"image\/png"}],"twitter_card":"summary_large_image","twitter_title":"S\u1eefa Chua U\u1ed1ng Vinamilk Susu H\u01b0\u01a1ng D\u00e2u - Th\u00f9ng 24 T\u00fai x 110ml","twitter_description":"S\u1eefa chua u\u1ed1ng SuSu\u00a0v\u1edbi v\u1ecb ng\u1ecdt b\u00e9o, chua chua th\u01a1m ngon.\u00a0S\u1eefa chua\u00a0b\u1ed5 sung th\u00eam vitamin A, canxi v\u00e0 vitamin D3 cho x\u01b0\u01a1ng ch\u1eafc kho\u1ebb, vintamin B6, B12","twitter_misc":{"\u01af\u1edbc t\u00ednh th\u1eddi gian \u0111\u1ecdc":"1 ph\u00fat"},"schema":{"@context":"https:\/\/schema.org","@graph":[{"@type":"WebPage","@id":"https:\/\/suatuyetvoi.com\/muasam\/san-pham\/sua-chua-uong-vinamilk-susu-huong-dau-thung-24-tui-x-110ml\/","url":"https:\/\/suatuyetvoi.com\/muasam\/san-pham\/sua-chua-uong-vinamilk-susu-huong-dau-thung-24-tui-x-110ml\/","name":"S\u1eefa Chua U\u1ed1ng Vinamilk Susu H\u01b0\u01a1ng D\u00e2u - Th\u00f9ng 24 T\u00fai x 110ml","isPartOf":{"@id":"https:\/\/suatuyetvoi.com\/muasam\/#website"},"primaryImageOfPage":{"@id":"https:\/\/suatuyetvoi.com\/muasam\/san-pham\/sua-chua-uong-vinamilk-susu-huong-dau-thung-24-tui-x-110ml\/#primaryimage"},"image":{"@id":"https:\/\/suatuyetvoi.com\/muasam\/san-pham\/sua-chua-uong-vinamilk-susu-huong-dau-thung-24-tui-x-110ml\/#primaryimage"},"thumbnailUrl":"https:\/\/suatuyetvoi.com\/muasam\/wp-content\/uploads\/2023\/03\/copyof_1_40de725b84864be79c6332de81d8d1cf_master-Edited.png","datePublished":"2023-03-29T04:36:08+00:00","dateModified":"2023-03-29T04:36:09+00:00","description":"S\u1eefa chua u\u1ed1ng SuSu\u00a0v\u1edbi v\u1ecb ng\u1ecdt b\u00e9o, chua chua th\u01a1m ngon.\u00a0S\u1eefa chua\u00a0b\u1ed5 sung th\u00eam vitamin A, canxi v\u00e0 vitamin D3 cho x\u01b0\u01a1ng ch\u1eafc kho\u1ebb, vintamin B6, B12","breadcrumb":{"@id":"https:\/\/suatuyetvoi.com\/muasam\/san-pham\/sua-chua-uong-vinamilk-susu-huong-dau-thung-24-tui-x-110ml\/#breadcrumb"},"inLanguage":"vi","potentialAction":[{"@type":"ReadAction","target":["https:\/\/suatuyetvoi.com\/muasam\/san-pham\/sua-chua-uong-vinamilk-susu-huong-dau-thung-24-tui-x-110ml\/"]}]},{"@type":"ImageObject","inLanguage":"vi","@id":"https:\/\/suatuyetvoi.com\/muasam\/san-pham\/sua-chua-uong-vinamilk-susu-huong-dau-thung-24-tui-x-110ml\/#primaryimage","url":"https:\/\/suatuyetvoi.com\/muasam\/wp-content\/uploads\/2023\/03\/copyof_1_40de725b84864be79c6332de81d8d1cf_master-Edited.png","contentUrl":"https:\/\/suatuyetvoi.com\/muasam\/wp-content\/uploads\/2023\/03\/copyof_1_40de725b84864be79c6332de81d8d1cf_master-Edited.png","width":1600,"height":1600},{"@type":"BreadcrumbList","@id":"https:\/\/suatuyetvoi.com\/muasam\/san-pham\/sua-chua-uong-vinamilk-susu-huong-dau-thung-24-tui-x-110ml\/#breadcrumb","itemListElement":[{"@type":"ListItem","position":1,"name":"Home","item":"https:\/\/suatuyetvoi.com\/muasam\/"},{"@type":"ListItem","position":2,"name":"Shop","item":"https:\/\/suatuyetvoi.com\/muasam\/shop\/"},{"@type":"ListItem","position":3,"name":"S\u1eefa Chua U\u1ed1ng Vinamilk Susu H\u01b0\u01a1ng D\u00e2u &#8211; Th\u00f9ng 24 T\u00fai x 110ml"}]},{"@type":"WebSite","@id":"https:\/\/suatuyetvoi.com\/muasam\/#website","url":"https:\/\/suatuyetvoi.com\/muasam\/","name":"S\u1eefa Tuy\u1ec7t V\u1eddi","description":"S\u1eefa Tuy\u1ec7t V\u1eddi Vi\u1ec7t Nam","potentialAction":[{"@type":"SearchAction","target":{"@type":"EntryPoint","urlTemplate":"https:\/\/suatuyetvoi.com\/muasam\/?s={search_term_string}"},"query-input":{"@type":"PropertyValueSpecification","valueRequired":true,"valueName":"search_term_string"}}],"inLanguage":"vi"}]}},"_links":{"self":[{"href":"https:\/\/suatuyetvoi.com\/muasam\/wp-json\/wp\/v2\/product\/6126","targetHints":{"allow":["GET"]}}],"collection":[{"href":"https:\/\/suatuyetvoi.com\/muasam\/wp-json\/wp\/v2\/product"}],"about":[{"href":"https:\/\/suatuyetvoi.com\/muasam\/wp-json\/wp\/v2\/types\/product"}],"replies":[{"embeddable":true,"href":"https:\/\/suatuyetvoi.com\/muasam\/wp-json\/wp\/v2\/comments?post=6126"}],"wp:featuredmedia":[{"embeddable":true,"href":"https:\/\/suatuyetvoi.com\/muasam\/wp-json\/wp\/v2\/media\/6130"}],"wp:attachment":[{"href":"https:\/\/suatuyetvoi.com\/muasam\/wp-json\/wp\/v2\/media?parent=6126"}],"wp:term":[{"taxonomy":"product_cat","embeddable":true,"href":"https:\/\/suatuyetvoi.com\/muasam\/wp-json\/wp\/v2\/product_cat?post=6126"},{"taxonomy":"product_tag","embeddable":true,"href":"https:\/\/suatuyetvoi.com\/muasam\/wp-json\/wp\/v2\/product_tag?post=6126"}],"curies":[{"name":"wp","href":"https:\/\/api.w.org\/{rel}","templated":true}]}}