{"id":6115,"date":"2023-03-29T11:24:26","date_gmt":"2023-03-29T04:24:26","guid":{"rendered":"https:\/\/suatuyetvoi.com\/muasam\/?post_type=product&#038;p=6115"},"modified":"2023-03-29T11:29:50","modified_gmt":"2023-03-29T04:29:50","slug":"sua-9-loai-hat-vinamilk-super-nut-thung-24-hop-180ml","status":"publish","type":"product","link":"https:\/\/suatuyetvoi.com\/muasam\/san-pham\/sua-9-loai-hat-vinamilk-super-nut-thung-24-hop-180ml\/","title":{"rendered":"S\u1eefa 9 lo\u1ea1i h\u1ea1t Vinamilk Super Nut &#8211; Th\u00f9ng 24 h\u1ed9p 180ml"},"content":{"rendered":"<div class=\"content full\">\n<div id=\"motasanpham\" class=\"clearfix\">\n<h2>M\u00d4 T\u1ea2 S\u1ea2N PH\u1ea8M<\/h2>\n<div>\n<div>\n<p><img loading=\"lazy\" decoding=\"async\" class=\"alignnone size-medium wp-image-6111\" src=\"https:\/\/suatuyetvoi.com\/muasam\/wp-content\/uploads\/2023\/03\/AnyConv.com__banner_super_nut_d14e45dd5af04be0a5c141d0a8b59ad7-800x320.png\" alt=\"\" width=\"800\" height=\"320\" srcset=\"https:\/\/suatuyetvoi.com\/muasam\/wp-content\/uploads\/2023\/03\/AnyConv.com__banner_super_nut_d14e45dd5af04be0a5c141d0a8b59ad7-800x320.png 800w, https:\/\/suatuyetvoi.com\/muasam\/wp-content\/uploads\/2023\/03\/AnyConv.com__banner_super_nut_d14e45dd5af04be0a5c141d0a8b59ad7-1400x560.png 1400w, https:\/\/suatuyetvoi.com\/muasam\/wp-content\/uploads\/2023\/03\/AnyConv.com__banner_super_nut_d14e45dd5af04be0a5c141d0a8b59ad7-768x307.png 768w, https:\/\/suatuyetvoi.com\/muasam\/wp-content\/uploads\/2023\/03\/AnyConv.com__banner_super_nut_d14e45dd5af04be0a5c141d0a8b59ad7-1536x614.png 1536w, https:\/\/suatuyetvoi.com\/muasam\/wp-content\/uploads\/2023\/03\/AnyConv.com__banner_super_nut_d14e45dd5af04be0a5c141d0a8b59ad7-600x240.png 600w, https:\/\/suatuyetvoi.com\/muasam\/wp-content\/uploads\/2023\/03\/AnyConv.com__banner_super_nut_d14e45dd5af04be0a5c141d0a8b59ad7.png 1920w\" sizes=\"auto, (max-width: 800px) 100vw, 800px\" \/><\/p>\n<p>Quy c\u00e1ch th\u00f9ng: 6 l\u1ed1c\/th\u00f9ng<\/p>\n<\/div>\n<div>\n<p><strong>Gi\u1edbi thi\u1ec7u s\u1ea3n ph\u1ea9m:<\/strong><\/p>\n<p>S\u1eefa 9 lo\u1ea1i h\u1ea1t Vinamilk Super Nut \u0111u\u1ee3c l\u00e0m t\u1eeb 9 lo\u1ea1i h\u1ea1t cao c\u1ea5p, m\u00f9i v\u1ecb th\u01a1m ngon, s\u00e1nh quy\u1ec7n,\u00a0ch\u1ee9a 94% s\u1eefa h\u1ea1t h\u00e0m l\u01b0\u1ee3ng dinh d\u01b0\u1ee1ng cao\u00a0t\u1ed1t cho tr\u00ed n\u00e3o, v\u00f3c d\u00e1ng, l\u00e0n da<\/p>\n<p><strong>\u0110\u1eb7c \u0111i\u1ec3m n\u1ed5i b\u1eadt:<\/strong><\/p>\n<p>&#8211; S\u1eefa H\u1ea1t Vinamilk Super Nut \u0111\u01b0\u1ee3c l\u00e0m t\u1eeb 9 lo\u1ea1i h\u1ea1t cao c\u1ea5p v\u1edbi h\u00e0m l\u01b0\u1ee3ng ch\u1ea5t dinh d\u01b0\u1ee1ng cao.<br \/>\n&#8211; Ch\u1ee9a h\u1ea1t \u00d3c ch\u00f3, H\u1ea1nh nh\u00e2n cao c\u1ea5p nh\u1eadp kh\u1ea9u t\u1eeb M\u1ef9, k\u1ebft h\u1ee3p v\u1edbi c\u00e1c lo\u1ea1i h\u1ea1t gi\u00e0u ch\u1ea5t x\u01a1, h\u00f2a quy\u1ec7n c\u00f9ng \u0111\u1eadu \u0111en ngon s\u00e1nh quy\u1ec7n.<br \/>\n&#8211; Super Nut v\u1edbi h\u00e0m l\u01b0\u1ee3ng s\u1eefa h\u1ea1t 94% cung c\u1ea5p Omega-3, ch\u1ea5t x\u01a1 c\u00f9ng nhi\u1ec1u vitamin t\u1ed1t cho tr\u00ed n\u00e3o, v\u00f3c d\u00e1ng v\u00e0 l\u00e0n da.<\/p>\n<p>&nbsp;<\/p>\n<\/div>\n<\/div>\n<\/div>\n<\/div>\n","protected":false},"excerpt":{"rendered":"<p>H\u1ec7 d\u01b0\u1ee1ng ch\u1ea5t IQ Plus ph\u00e1t tri\u1ec3n n\u00e3o b\u1ed9<br \/>\nT\u0103ng c\u01b0\u1eddng \u0111\u1ec1 kh\u00e1ng v\u00e0 ti\u00eau h\u00f3a kh\u1ecfe m\u1ea1nh<br \/>\nGi\u00fap h\u1ea5p thu Canxi t\u1ed1t<\/p>\n","protected":false},"featured_media":6122,"comment_status":"open","ping_status":"closed","template":"","meta":[],"product_cat":[514],"product_tag":[586,563],"class_list":["post-6115","product","type-product","status-publish","has-post-thumbnail","hentry","product_cat-sua-hat","product_tag-dinh-duong-doi-dao","product_tag-tri-nao","berocket_brand-vinamilk"],"yoast_head":"<!-- This site is optimized with the Yoast SEO plugin v27.6 - https:\/\/yoast.com\/product\/yoast-seo-wordpress\/ -->\n<title>S\u1eefa 9 lo\u1ea1i h\u1ea1t Vinamilk Super Nut - Th\u00f9ng 24 h\u1ed9p 180ml - \u0110ang Khuy\u1ebfn m\u00e3i<\/title>\n<meta name=\"description\" content=\"S\u1eefa 9 lo\u1ea1i h\u1ea1t Vinamilk Super Nut \u0111u\u1ee3c l\u00e0m t\u1eeb 9 lo\u1ea1i h\u1ea1t cao c\u1ea5p, m\u00f9i v\u1ecb th\u01a1m ngon, s\u00e1nh quy\u1ec7n,\u00a0ch\u1ee9a 94% s\u1eefa h\u1ea1t h\u00e0m l\u01b0\u1ee3ng dinh d\u01b0\u1ee1ng cao\u00a0t\u1ed1t cho tr\u00ed n\u00e3o, v\u00f3c d\u00e1ng, l\u00e0n da\" \/>\n<meta name=\"robots\" content=\"index, follow, max-snippet:-1, max-image-preview:large, max-video-preview:-1\" \/>\n<link rel=\"canonical\" href=\"https:\/\/suatuyetvoi.com\/muasam\/san-pham\/sua-9-loai-hat-vinamilk-super-nut-thung-24-hop-180ml\/\" \/>\n<meta property=\"og:locale\" content=\"vi_VN\" \/>\n<meta property=\"og:type\" content=\"article\" \/>\n<meta property=\"og:title\" content=\"S\u1eefa t\u01b0\u01a1i ti\u1ec7t tr\u00f9ng c\u00f3 \u0111\u01b0\u1eddng Vinamilk 100% S\u1eefa t\u01b0\u01a1i - Th\u00f9ng 48 b\u1ecbch x 220ml - \u0110ang Khuy\u1ebfn m\u00e3i\" \/>\n<meta property=\"og:description\" content=\"Vinamilk S\u1eefa t\u01b0\u01a1i d\u1ea1ng b\u1ecbch 220ml \u0111\u01b0\u1ee3c l\u00e0m t\u1eeb 100% s\u1eefa b\u00f2 t\u01b0\u01a1i nguy\u00ean ch\u1ea5t t\u1eeb h\u1ec7 th\u1ed1ng trang tr\u1ea1i chu\u1ea9n Qu\u1ed1c t\u1ebf l\u1edbn nh\u1ea5t Ch\u00e2u \u00c1.\" \/>\n<meta property=\"og:url\" content=\"https:\/\/suatuyetvoi.com\/muasam\/san-pham\/sua-9-loai-hat-vinamilk-super-nut-thung-24-hop-180ml\/\" \/>\n<meta property=\"og:site_name\" content=\"S\u1eefa Tuy\u1ec7t V\u1eddi\" \/>\n<meta property=\"article:modified_time\" content=\"2023-03-29T04:29:50+00:00\" \/>\n<meta property=\"og:image\" content=\"https:\/\/suatuyetvoi.com\/muasam\/wp-content\/uploads\/2023\/03\/AnyConv.com___nut_-_9_loai_hat_180ml_-_thung_24_hop_slim_-_final-01_-_truc_dien__1__f3574d001ca949aaa1d3ccbd04d86057_master-800x800.png\" \/>\n\t<meta property=\"og:image:width\" content=\"800\" \/>\n\t<meta property=\"og:image:height\" content=\"800\" \/>\n\t<meta property=\"og:image:type\" content=\"image\/png\" \/>\n<meta name=\"twitter:card\" content=\"summary_large_image\" \/>\n<meta name=\"twitter:title\" content=\"S\u1eefa t\u01b0\u01a1i ti\u1ec7t tr\u00f9ng c\u00f3 \u0111\u01b0\u1eddng Vinamilk 100% S\u1eefa t\u01b0\u01a1i - Th\u00f9ng 48 b\u1ecbch x 220ml - \u0110ang Khuy\u1ebfn m\u00e3i\" \/>\n<meta name=\"twitter:description\" content=\"Vinamilk S\u1eefa t\u01b0\u01a1i d\u1ea1ng b\u1ecbch 220ml \u0111\u01b0\u1ee3c l\u00e0m t\u1eeb 100% s\u1eefa b\u00f2 t\u01b0\u01a1i nguy\u00ean ch\u1ea5t t\u1eeb h\u1ec7 th\u1ed1ng trang tr\u1ea1i chu\u1ea9n Qu\u1ed1c t\u1ebf l\u1edbn nh\u1ea5t Ch\u00e2u \u00c1.\" \/>\n<meta name=\"twitter:label1\" content=\"\u01af\u1edbc t\u00ednh th\u1eddi gian \u0111\u1ecdc\" \/>\n\t<meta name=\"twitter:data1\" content=\"1 ph\u00fat\" \/>\n<script type=\"application\/ld+json\" class=\"yoast-schema-graph\">{\"@context\":\"https:\\\/\\\/schema.org\",\"@graph\":[{\"@type\":\"WebPage\",\"@id\":\"https:\\\/\\\/suatuyetvoi.com\\\/muasam\\\/san-pham\\\/sua-9-loai-hat-vinamilk-super-nut-thung-24-hop-180ml\\\/\",\"url\":\"https:\\\/\\\/suatuyetvoi.com\\\/muasam\\\/san-pham\\\/sua-9-loai-hat-vinamilk-super-nut-thung-24-hop-180ml\\\/\",\"name\":\"S\u1eefa 9 lo\u1ea1i h\u1ea1t Vinamilk Super Nut - Th\u00f9ng 24 h\u1ed9p 180ml - \u0110ang Khuy\u1ebfn m\u00e3i\",\"isPartOf\":{\"@id\":\"https:\\\/\\\/suatuyetvoi.com\\\/muasam\\\/#website\"},\"primaryImageOfPage\":{\"@id\":\"https:\\\/\\\/suatuyetvoi.com\\\/muasam\\\/san-pham\\\/sua-9-loai-hat-vinamilk-super-nut-thung-24-hop-180ml\\\/#primaryimage\"},\"image\":{\"@id\":\"https:\\\/\\\/suatuyetvoi.com\\\/muasam\\\/san-pham\\\/sua-9-loai-hat-vinamilk-super-nut-thung-24-hop-180ml\\\/#primaryimage\"},\"thumbnailUrl\":\"https:\\\/\\\/suatuyetvoi.com\\\/muasam\\\/wp-content\\\/uploads\\\/2023\\\/03\\\/AnyConv.com___nut_-_9_loai_hat_180ml_-_thung_24_hop_slim_-_final-01_-_truc_dien__1__f3574d001ca949aaa1d3ccbd04d86057_master.png\",\"datePublished\":\"2023-03-29T04:24:26+00:00\",\"dateModified\":\"2023-03-29T04:29:50+00:00\",\"description\":\"S\u1eefa 9 lo\u1ea1i h\u1ea1t Vinamilk Super Nut \u0111u\u1ee3c l\u00e0m t\u1eeb 9 lo\u1ea1i h\u1ea1t cao c\u1ea5p, m\u00f9i v\u1ecb th\u01a1m ngon, s\u00e1nh quy\u1ec7n,\u00a0ch\u1ee9a 94% s\u1eefa h\u1ea1t h\u00e0m l\u01b0\u1ee3ng dinh d\u01b0\u1ee1ng cao\u00a0t\u1ed1t cho tr\u00ed n\u00e3o, v\u00f3c d\u00e1ng, l\u00e0n da\",\"breadcrumb\":{\"@id\":\"https:\\\/\\\/suatuyetvoi.com\\\/muasam\\\/san-pham\\\/sua-9-loai-hat-vinamilk-super-nut-thung-24-hop-180ml\\\/#breadcrumb\"},\"inLanguage\":\"vi\",\"potentialAction\":[{\"@type\":\"ReadAction\",\"target\":[\"https:\\\/\\\/suatuyetvoi.com\\\/muasam\\\/san-pham\\\/sua-9-loai-hat-vinamilk-super-nut-thung-24-hop-180ml\\\/\"]}]},{\"@type\":\"ImageObject\",\"inLanguage\":\"vi\",\"@id\":\"https:\\\/\\\/suatuyetvoi.com\\\/muasam\\\/san-pham\\\/sua-9-loai-hat-vinamilk-super-nut-thung-24-hop-180ml\\\/#primaryimage\",\"url\":\"https:\\\/\\\/suatuyetvoi.com\\\/muasam\\\/wp-content\\\/uploads\\\/2023\\\/03\\\/AnyConv.com___nut_-_9_loai_hat_180ml_-_thung_24_hop_slim_-_final-01_-_truc_dien__1__f3574d001ca949aaa1d3ccbd04d86057_master.png\",\"contentUrl\":\"https:\\\/\\\/suatuyetvoi.com\\\/muasam\\\/wp-content\\\/uploads\\\/2023\\\/03\\\/AnyConv.com___nut_-_9_loai_hat_180ml_-_thung_24_hop_slim_-_final-01_-_truc_dien__1__f3574d001ca949aaa1d3ccbd04d86057_master.png\",\"width\":2048,\"height\":2048},{\"@type\":\"BreadcrumbList\",\"@id\":\"https:\\\/\\\/suatuyetvoi.com\\\/muasam\\\/san-pham\\\/sua-9-loai-hat-vinamilk-super-nut-thung-24-hop-180ml\\\/#breadcrumb\",\"itemListElement\":[{\"@type\":\"ListItem\",\"position\":1,\"name\":\"Home\",\"item\":\"https:\\\/\\\/suatuyetvoi.com\\\/muasam\\\/\"},{\"@type\":\"ListItem\",\"position\":2,\"name\":\"Shop\",\"item\":\"https:\\\/\\\/suatuyetvoi.com\\\/muasam\\\/shop\\\/\"},{\"@type\":\"ListItem\",\"position\":3,\"name\":\"S\u1eefa 9 lo\u1ea1i h\u1ea1t Vinamilk Super Nut &#8211; Th\u00f9ng 24 h\u1ed9p 180ml\"}]},{\"@type\":\"WebSite\",\"@id\":\"https:\\\/\\\/suatuyetvoi.com\\\/muasam\\\/#website\",\"url\":\"https:\\\/\\\/suatuyetvoi.com\\\/muasam\\\/\",\"name\":\"S\u1eefa Tuy\u1ec7t V\u1eddi\",\"description\":\"S\u1eefa Tuy\u1ec7t V\u1eddi Vi\u1ec7t Nam\",\"potentialAction\":[{\"@type\":\"SearchAction\",\"target\":{\"@type\":\"EntryPoint\",\"urlTemplate\":\"https:\\\/\\\/suatuyetvoi.com\\\/muasam\\\/?s={search_term_string}\"},\"query-input\":{\"@type\":\"PropertyValueSpecification\",\"valueRequired\":true,\"valueName\":\"search_term_string\"}}],\"inLanguage\":\"vi\"}]}<\/script>\n<!-- \/ Yoast SEO plugin. -->","yoast_head_json":{"title":"S\u1eefa 9 lo\u1ea1i h\u1ea1t Vinamilk Super Nut - Th\u00f9ng 24 h\u1ed9p 180ml - \u0110ang Khuy\u1ebfn m\u00e3i","description":"S\u1eefa 9 lo\u1ea1i h\u1ea1t Vinamilk Super Nut \u0111u\u1ee3c l\u00e0m t\u1eeb 9 lo\u1ea1i h\u1ea1t cao c\u1ea5p, m\u00f9i v\u1ecb th\u01a1m ngon, s\u00e1nh quy\u1ec7n,\u00a0ch\u1ee9a 94% s\u1eefa h\u1ea1t h\u00e0m l\u01b0\u1ee3ng dinh d\u01b0\u1ee1ng cao\u00a0t\u1ed1t cho tr\u00ed n\u00e3o, v\u00f3c d\u00e1ng, l\u00e0n da","robots":{"index":"index","follow":"follow","max-snippet":"max-snippet:-1","max-image-preview":"max-image-preview:large","max-video-preview":"max-video-preview:-1"},"canonical":"https:\/\/suatuyetvoi.com\/muasam\/san-pham\/sua-9-loai-hat-vinamilk-super-nut-thung-24-hop-180ml\/","og_locale":"vi_VN","og_type":"article","og_title":"S\u1eefa t\u01b0\u01a1i ti\u1ec7t tr\u00f9ng c\u00f3 \u0111\u01b0\u1eddng Vinamilk 100% S\u1eefa t\u01b0\u01a1i - Th\u00f9ng 48 b\u1ecbch x 220ml - \u0110ang Khuy\u1ebfn m\u00e3i","og_description":"Vinamilk S\u1eefa t\u01b0\u01a1i d\u1ea1ng b\u1ecbch 220ml \u0111\u01b0\u1ee3c l\u00e0m t\u1eeb 100% s\u1eefa b\u00f2 t\u01b0\u01a1i nguy\u00ean ch\u1ea5t t\u1eeb h\u1ec7 th\u1ed1ng trang tr\u1ea1i chu\u1ea9n Qu\u1ed1c t\u1ebf l\u1edbn nh\u1ea5t Ch\u00e2u \u00c1.","og_url":"https:\/\/suatuyetvoi.com\/muasam\/san-pham\/sua-9-loai-hat-vinamilk-super-nut-thung-24-hop-180ml\/","og_site_name":"S\u1eefa Tuy\u1ec7t V\u1eddi","article_modified_time":"2023-03-29T04:29:50+00:00","og_image":[{"width":800,"height":800,"url":"https:\/\/suatuyetvoi.com\/muasam\/wp-content\/uploads\/2023\/03\/AnyConv.com___nut_-_9_loai_hat_180ml_-_thung_24_hop_slim_-_final-01_-_truc_dien__1__f3574d001ca949aaa1d3ccbd04d86057_master-800x800.png","type":"image\/png"}],"twitter_card":"summary_large_image","twitter_title":"S\u1eefa t\u01b0\u01a1i ti\u1ec7t tr\u00f9ng c\u00f3 \u0111\u01b0\u1eddng Vinamilk 100% S\u1eefa t\u01b0\u01a1i - Th\u00f9ng 48 b\u1ecbch x 220ml - \u0110ang Khuy\u1ebfn m\u00e3i","twitter_description":"Vinamilk S\u1eefa t\u01b0\u01a1i d\u1ea1ng b\u1ecbch 220ml \u0111\u01b0\u1ee3c l\u00e0m t\u1eeb 100% s\u1eefa b\u00f2 t\u01b0\u01a1i nguy\u00ean ch\u1ea5t t\u1eeb h\u1ec7 th\u1ed1ng trang tr\u1ea1i chu\u1ea9n Qu\u1ed1c t\u1ebf l\u1edbn nh\u1ea5t Ch\u00e2u \u00c1.","twitter_misc":{"\u01af\u1edbc t\u00ednh th\u1eddi gian \u0111\u1ecdc":"1 ph\u00fat"},"schema":{"@context":"https:\/\/schema.org","@graph":[{"@type":"WebPage","@id":"https:\/\/suatuyetvoi.com\/muasam\/san-pham\/sua-9-loai-hat-vinamilk-super-nut-thung-24-hop-180ml\/","url":"https:\/\/suatuyetvoi.com\/muasam\/san-pham\/sua-9-loai-hat-vinamilk-super-nut-thung-24-hop-180ml\/","name":"S\u1eefa 9 lo\u1ea1i h\u1ea1t Vinamilk Super Nut - Th\u00f9ng 24 h\u1ed9p 180ml - \u0110ang Khuy\u1ebfn m\u00e3i","isPartOf":{"@id":"https:\/\/suatuyetvoi.com\/muasam\/#website"},"primaryImageOfPage":{"@id":"https:\/\/suatuyetvoi.com\/muasam\/san-pham\/sua-9-loai-hat-vinamilk-super-nut-thung-24-hop-180ml\/#primaryimage"},"image":{"@id":"https:\/\/suatuyetvoi.com\/muasam\/san-pham\/sua-9-loai-hat-vinamilk-super-nut-thung-24-hop-180ml\/#primaryimage"},"thumbnailUrl":"https:\/\/suatuyetvoi.com\/muasam\/wp-content\/uploads\/2023\/03\/AnyConv.com___nut_-_9_loai_hat_180ml_-_thung_24_hop_slim_-_final-01_-_truc_dien__1__f3574d001ca949aaa1d3ccbd04d86057_master.png","datePublished":"2023-03-29T04:24:26+00:00","dateModified":"2023-03-29T04:29:50+00:00","description":"S\u1eefa 9 lo\u1ea1i h\u1ea1t Vinamilk Super Nut \u0111u\u1ee3c l\u00e0m t\u1eeb 9 lo\u1ea1i h\u1ea1t cao c\u1ea5p, m\u00f9i v\u1ecb th\u01a1m ngon, s\u00e1nh quy\u1ec7n,\u00a0ch\u1ee9a 94% s\u1eefa h\u1ea1t h\u00e0m l\u01b0\u1ee3ng dinh d\u01b0\u1ee1ng cao\u00a0t\u1ed1t cho tr\u00ed n\u00e3o, v\u00f3c d\u00e1ng, l\u00e0n da","breadcrumb":{"@id":"https:\/\/suatuyetvoi.com\/muasam\/san-pham\/sua-9-loai-hat-vinamilk-super-nut-thung-24-hop-180ml\/#breadcrumb"},"inLanguage":"vi","potentialAction":[{"@type":"ReadAction","target":["https:\/\/suatuyetvoi.com\/muasam\/san-pham\/sua-9-loai-hat-vinamilk-super-nut-thung-24-hop-180ml\/"]}]},{"@type":"ImageObject","inLanguage":"vi","@id":"https:\/\/suatuyetvoi.com\/muasam\/san-pham\/sua-9-loai-hat-vinamilk-super-nut-thung-24-hop-180ml\/#primaryimage","url":"https:\/\/suatuyetvoi.com\/muasam\/wp-content\/uploads\/2023\/03\/AnyConv.com___nut_-_9_loai_hat_180ml_-_thung_24_hop_slim_-_final-01_-_truc_dien__1__f3574d001ca949aaa1d3ccbd04d86057_master.png","contentUrl":"https:\/\/suatuyetvoi.com\/muasam\/wp-content\/uploads\/2023\/03\/AnyConv.com___nut_-_9_loai_hat_180ml_-_thung_24_hop_slim_-_final-01_-_truc_dien__1__f3574d001ca949aaa1d3ccbd04d86057_master.png","width":2048,"height":2048},{"@type":"BreadcrumbList","@id":"https:\/\/suatuyetvoi.com\/muasam\/san-pham\/sua-9-loai-hat-vinamilk-super-nut-thung-24-hop-180ml\/#breadcrumb","itemListElement":[{"@type":"ListItem","position":1,"name":"Home","item":"https:\/\/suatuyetvoi.com\/muasam\/"},{"@type":"ListItem","position":2,"name":"Shop","item":"https:\/\/suatuyetvoi.com\/muasam\/shop\/"},{"@type":"ListItem","position":3,"name":"S\u1eefa 9 lo\u1ea1i h\u1ea1t Vinamilk Super Nut &#8211; Th\u00f9ng 24 h\u1ed9p 180ml"}]},{"@type":"WebSite","@id":"https:\/\/suatuyetvoi.com\/muasam\/#website","url":"https:\/\/suatuyetvoi.com\/muasam\/","name":"S\u1eefa Tuy\u1ec7t V\u1eddi","description":"S\u1eefa Tuy\u1ec7t V\u1eddi Vi\u1ec7t Nam","potentialAction":[{"@type":"SearchAction","target":{"@type":"EntryPoint","urlTemplate":"https:\/\/suatuyetvoi.com\/muasam\/?s={search_term_string}"},"query-input":{"@type":"PropertyValueSpecification","valueRequired":true,"valueName":"search_term_string"}}],"inLanguage":"vi"}]}},"_links":{"self":[{"href":"https:\/\/suatuyetvoi.com\/muasam\/wp-json\/wp\/v2\/product\/6115","targetHints":{"allow":["GET"]}}],"collection":[{"href":"https:\/\/suatuyetvoi.com\/muasam\/wp-json\/wp\/v2\/product"}],"about":[{"href":"https:\/\/suatuyetvoi.com\/muasam\/wp-json\/wp\/v2\/types\/product"}],"replies":[{"embeddable":true,"href":"https:\/\/suatuyetvoi.com\/muasam\/wp-json\/wp\/v2\/comments?post=6115"}],"wp:featuredmedia":[{"embeddable":true,"href":"https:\/\/suatuyetvoi.com\/muasam\/wp-json\/wp\/v2\/media\/6122"}],"wp:attachment":[{"href":"https:\/\/suatuyetvoi.com\/muasam\/wp-json\/wp\/v2\/media?parent=6115"}],"wp:term":[{"taxonomy":"product_cat","embeddable":true,"href":"https:\/\/suatuyetvoi.com\/muasam\/wp-json\/wp\/v2\/product_cat?post=6115"},{"taxonomy":"product_tag","embeddable":true,"href":"https:\/\/suatuyetvoi.com\/muasam\/wp-json\/wp\/v2\/product_tag?post=6115"}],"curies":[{"name":"wp","href":"https:\/\/api.w.org\/{rel}","templated":true}]}}