{"id":6094,"date":"2023-03-28T18:22:52","date_gmt":"2023-03-28T11:22:52","guid":{"rendered":"https:\/\/suatuyetvoi.com\/muasam\/?post_type=product&#038;p=6094"},"modified":"2023-03-28T18:22:53","modified_gmt":"2023-03-28T11:22:53","slug":"sua-chua-uong-vinamilk-susu-huong-dau-loc-6-chai-x-80ml","status":"publish","type":"product","link":"https:\/\/suatuyetvoi.com\/muasam\/san-pham\/sua-chua-uong-vinamilk-susu-huong-dau-loc-6-chai-x-80ml\/","title":{"rendered":"S\u1eefa Chua U\u1ed1ng Vinamilk Susu H\u01b0\u01a1ng D\u00e2u &#8211; L\u1ed1c 6 Chai x 80ml"},"content":{"rendered":"<p><img loading=\"lazy\" decoding=\"async\" class=\"alignnone size-full wp-image-6095\" src=\"https:\/\/suatuyetvoi.com\/muasam\/wp-content\/uploads\/2023\/03\/05.webp\" alt=\"\" width=\"823\" height=\"2048\" srcset=\"https:\/\/suatuyetvoi.com\/muasam\/wp-content\/uploads\/2023\/03\/05.webp 823w, https:\/\/suatuyetvoi.com\/muasam\/wp-content\/uploads\/2023\/03\/05-161x400.webp 161w, https:\/\/suatuyetvoi.com\/muasam\/wp-content\/uploads\/2023\/03\/05-321x800.webp 321w, https:\/\/suatuyetvoi.com\/muasam\/wp-content\/uploads\/2023\/03\/05-768x1911.webp 768w, https:\/\/suatuyetvoi.com\/muasam\/wp-content\/uploads\/2023\/03\/05-617x1536.webp 617w, https:\/\/suatuyetvoi.com\/muasam\/wp-content\/uploads\/2023\/03\/05-600x1493.webp 600w\" sizes=\"auto, (max-width: 823px) 100vw, 823px\" \/><\/p>\n<p><strong>S\u1eefa chua u\u1ed1ng SuSu\u00a0H\u01b0\u01a1ng D\u00e2u\u00a0<\/strong><\/p>\n<p>&#8211; S\u1eefa chua u\u1ed1ng\u00a0<strong>Vinamilk SuSu<\/strong>\u00a0m\u1edbi \u2013 c\u00f4ng th\u1ee9c \u0111\u1ed9t ph\u00e1 Vitamin A gi\u00fap b\u00e9 m\u1eaft s\u00e1ng tinh anh, ngo\u00e0i ra c\u00f2n c\u00f3 Vitamin B6, B12 v\u00e0 ch\u1ea5t x\u01a1 h\u00f2a tan gi\u00fap b\u00e9 kh\u1ecfe m\u1ea1nh v\u00e0 n\u0103ng \u0111\u1ed9ng m\u1ed7i ng\u00e0y. S\u1eefa Chua u\u1ed1ng Vinamilk SuSu\u00a0\u2013 S\u00e1ng tr\u00ed tinh anh.<\/p>\n<p>&#8211; B\u00e9 s\u1ebd th\u00edch ngay\u00a0<strong>SuSu<\/strong>\u00a0v\u1edbi nhi\u1ec1u h\u01b0\u01a1ng v\u1ecb tr\u00e1i c\u00e2y chua chua ng\u1ecdt ng\u1ecdt th\u01a1m m\u00e1t, c\u00f9ng bao b\u00ec m\u1edbi c\u1ef1c vui nh\u1ed9n v\u1edbi nhi\u1ec1u con th\u00fa ng\u1ed9 ngh\u0129nh.<\/p>\n<p>&#8211; H\u1ea1n s\u1eed d\u1ee5ng: 08 th\u00e1ng. Kh\u00f4ng s\u1eed d\u1ee5ng ch\u1ea5t b\u1ea3o qu\u1ea3n.<\/p>\n","protected":false},"excerpt":{"rendered":"<table>\n<tbody>\n<tr class=\"d-flex mb-2\">\n<td class=\"d-flex align-items-start\"><strong class=\"mr-2\">Danh m\u1ee5c:<\/strong><\/td>\n<td>S\u1eefa cho tr\u1ebb em<\/td>\n<\/tr>\n<tr class=\"d-flex mb-2\">\n<td class=\"d-flex align-items-start\"><strong class=\"mr-2\">Th\u01b0\u01a1ng hi\u1ec7u:<\/strong><\/td>\n<td>Vinamilk<\/td>\n<\/tr>\n<tr class=\"d-flex mb-2\">\n<td class=\"d-flex align-items-start\"><strong class=\"mr-2\">N\u01b0\u1edbc s\u1ea3n xu\u1ea5t:<\/strong><\/td>\n<td>Vi\u1ec7t Nam<\/td>\n<\/tr>\n<tr class=\"d-flex mb-2\">\n<td class=\"d-flex align-items-start\"><strong class=\"mr-2\">H\u1ea1n d\u00f9ng:<\/strong><\/td>\n<td>Xem tr\u00ean s\u1ea3n ph\u1ea9m.<\/td>\n<\/tr>\n<\/tbody>\n<\/table>\n","protected":false},"featured_media":6097,"comment_status":"open","ping_status":"closed","template":"","meta":[],"product_cat":[589],"product_tag":[587],"class_list":["post-6094","product","type-product","status-publish","has-post-thumbnail","hentry","product_cat-sua-chua-uong","product_tag-vinamilk","berocket_brand-vinamilk"],"yoast_head":"<!-- This site is optimized with the Yoast SEO plugin v27.6 - https:\/\/yoast.com\/product\/yoast-seo-wordpress\/ -->\n<title>S\u1eefa Chua U\u1ed1ng Vinamilk Susu H\u01b0\u01a1ng D\u00e2u - L\u1ed1c 6 Chai x 80ml<\/title>\n<meta name=\"description\" content=\"S\u1eefa chua u\u1ed1ng\u00a0Vinamilk SuSu\u00a0m\u1edbi \u2013 c\u00f4ng th\u1ee9c \u0111\u1ed9t ph\u00e1 Vitamin A gi\u00fap b\u00e9 m\u1eaft s\u00e1ng tinh anh, ngo\u00e0i ra c\u00f2n c\u00f3 Vitamin B6, B12 v\u00e0 ch\u1ea5t x\u01a1 h\u00f2a tan\" \/>\n<meta name=\"robots\" content=\"index, follow, max-snippet:-1, max-image-preview:large, max-video-preview:-1\" \/>\n<link rel=\"canonical\" href=\"https:\/\/suatuyetvoi.com\/muasam\/san-pham\/sua-chua-uong-vinamilk-susu-huong-dau-loc-6-chai-x-80ml\/\" \/>\n<meta property=\"og:locale\" content=\"vi_VN\" \/>\n<meta property=\"og:type\" content=\"article\" \/>\n<meta property=\"og:title\" content=\"S\u1eefa Chua U\u1ed1ng Vinamilk Susu H\u01b0\u01a1ng D\u00e2u - L\u1ed1c 6 Chai x 80ml\" \/>\n<meta property=\"og:description\" content=\"S\u1eefa chua u\u1ed1ng\u00a0Vinamilk SuSu\u00a0m\u1edbi \u2013 c\u00f4ng th\u1ee9c \u0111\u1ed9t ph\u00e1 Vitamin A gi\u00fap b\u00e9 m\u1eaft s\u00e1ng tinh anh, ngo\u00e0i ra c\u00f2n c\u00f3 Vitamin B6, B12 v\u00e0 ch\u1ea5t x\u01a1 h\u00f2a tan\" \/>\n<meta property=\"og:url\" content=\"https:\/\/suatuyetvoi.com\/muasam\/san-pham\/sua-chua-uong-vinamilk-susu-huong-dau-loc-6-chai-x-80ml\/\" \/>\n<meta property=\"og:site_name\" content=\"S\u1eefa Tuy\u1ec7t V\u1eddi\" \/>\n<meta property=\"article:modified_time\" content=\"2023-03-28T11:22:53+00:00\" \/>\n<meta property=\"og:image\" content=\"https:\/\/suatuyetvoi.com\/muasam\/wp-content\/uploads\/2023\/03\/slide7_f5ca8bbedac0486e903630e2dab7f521_master-Edited.png\" \/>\n\t<meta property=\"og:image:width\" content=\"1600\" \/>\n\t<meta property=\"og:image:height\" content=\"1600\" \/>\n\t<meta property=\"og:image:type\" content=\"image\/png\" \/>\n<meta name=\"twitter:card\" content=\"summary_large_image\" \/>\n<meta name=\"twitter:title\" content=\"S\u1eefa Chua U\u1ed1ng Vinamilk Susu H\u01b0\u01a1ng D\u00e2u - L\u1ed1c 6 Chai x 80ml\" \/>\n<meta name=\"twitter:description\" content=\"S\u1eefa chua u\u1ed1ng\u00a0Vinamilk SuSu\u00a0m\u1edbi \u2013 c\u00f4ng th\u1ee9c \u0111\u1ed9t ph\u00e1 Vitamin A gi\u00fap b\u00e9 m\u1eaft s\u00e1ng tinh anh, ngo\u00e0i ra c\u00f2n c\u00f3 Vitamin B6, B12 v\u00e0 ch\u1ea5t x\u01a1 h\u00f2a tan\" \/>\n<meta name=\"twitter:label1\" content=\"\u01af\u1edbc t\u00ednh th\u1eddi gian \u0111\u1ecdc\" \/>\n\t<meta name=\"twitter:data1\" content=\"1 ph\u00fat\" \/>\n<script type=\"application\/ld+json\" class=\"yoast-schema-graph\">{\"@context\":\"https:\\\/\\\/schema.org\",\"@graph\":[{\"@type\":\"WebPage\",\"@id\":\"https:\\\/\\\/suatuyetvoi.com\\\/muasam\\\/san-pham\\\/sua-chua-uong-vinamilk-susu-huong-dau-loc-6-chai-x-80ml\\\/\",\"url\":\"https:\\\/\\\/suatuyetvoi.com\\\/muasam\\\/san-pham\\\/sua-chua-uong-vinamilk-susu-huong-dau-loc-6-chai-x-80ml\\\/\",\"name\":\"S\u1eefa Chua U\u1ed1ng Vinamilk Susu H\u01b0\u01a1ng D\u00e2u - L\u1ed1c 6 Chai x 80ml\",\"isPartOf\":{\"@id\":\"https:\\\/\\\/suatuyetvoi.com\\\/muasam\\\/#website\"},\"primaryImageOfPage\":{\"@id\":\"https:\\\/\\\/suatuyetvoi.com\\\/muasam\\\/san-pham\\\/sua-chua-uong-vinamilk-susu-huong-dau-loc-6-chai-x-80ml\\\/#primaryimage\"},\"image\":{\"@id\":\"https:\\\/\\\/suatuyetvoi.com\\\/muasam\\\/san-pham\\\/sua-chua-uong-vinamilk-susu-huong-dau-loc-6-chai-x-80ml\\\/#primaryimage\"},\"thumbnailUrl\":\"https:\\\/\\\/suatuyetvoi.com\\\/muasam\\\/wp-content\\\/uploads\\\/2023\\\/03\\\/slide7_f5ca8bbedac0486e903630e2dab7f521_master-Edited.png\",\"datePublished\":\"2023-03-28T11:22:52+00:00\",\"dateModified\":\"2023-03-28T11:22:53+00:00\",\"description\":\"S\u1eefa chua u\u1ed1ng\u00a0Vinamilk SuSu\u00a0m\u1edbi \u2013 c\u00f4ng th\u1ee9c \u0111\u1ed9t ph\u00e1 Vitamin A gi\u00fap b\u00e9 m\u1eaft s\u00e1ng tinh anh, ngo\u00e0i ra c\u00f2n c\u00f3 Vitamin B6, B12 v\u00e0 ch\u1ea5t x\u01a1 h\u00f2a tan\",\"breadcrumb\":{\"@id\":\"https:\\\/\\\/suatuyetvoi.com\\\/muasam\\\/san-pham\\\/sua-chua-uong-vinamilk-susu-huong-dau-loc-6-chai-x-80ml\\\/#breadcrumb\"},\"inLanguage\":\"vi\",\"potentialAction\":[{\"@type\":\"ReadAction\",\"target\":[\"https:\\\/\\\/suatuyetvoi.com\\\/muasam\\\/san-pham\\\/sua-chua-uong-vinamilk-susu-huong-dau-loc-6-chai-x-80ml\\\/\"]}]},{\"@type\":\"ImageObject\",\"inLanguage\":\"vi\",\"@id\":\"https:\\\/\\\/suatuyetvoi.com\\\/muasam\\\/san-pham\\\/sua-chua-uong-vinamilk-susu-huong-dau-loc-6-chai-x-80ml\\\/#primaryimage\",\"url\":\"https:\\\/\\\/suatuyetvoi.com\\\/muasam\\\/wp-content\\\/uploads\\\/2023\\\/03\\\/slide7_f5ca8bbedac0486e903630e2dab7f521_master-Edited.png\",\"contentUrl\":\"https:\\\/\\\/suatuyetvoi.com\\\/muasam\\\/wp-content\\\/uploads\\\/2023\\\/03\\\/slide7_f5ca8bbedac0486e903630e2dab7f521_master-Edited.png\",\"width\":1600,\"height\":1600},{\"@type\":\"BreadcrumbList\",\"@id\":\"https:\\\/\\\/suatuyetvoi.com\\\/muasam\\\/san-pham\\\/sua-chua-uong-vinamilk-susu-huong-dau-loc-6-chai-x-80ml\\\/#breadcrumb\",\"itemListElement\":[{\"@type\":\"ListItem\",\"position\":1,\"name\":\"Home\",\"item\":\"https:\\\/\\\/suatuyetvoi.com\\\/muasam\\\/\"},{\"@type\":\"ListItem\",\"position\":2,\"name\":\"Shop\",\"item\":\"https:\\\/\\\/suatuyetvoi.com\\\/muasam\\\/shop\\\/\"},{\"@type\":\"ListItem\",\"position\":3,\"name\":\"S\u1eefa Chua U\u1ed1ng Vinamilk Susu H\u01b0\u01a1ng D\u00e2u &#8211; L\u1ed1c 6 Chai x 80ml\"}]},{\"@type\":\"WebSite\",\"@id\":\"https:\\\/\\\/suatuyetvoi.com\\\/muasam\\\/#website\",\"url\":\"https:\\\/\\\/suatuyetvoi.com\\\/muasam\\\/\",\"name\":\"S\u1eefa Tuy\u1ec7t V\u1eddi\",\"description\":\"S\u1eefa Tuy\u1ec7t V\u1eddi Vi\u1ec7t Nam\",\"potentialAction\":[{\"@type\":\"SearchAction\",\"target\":{\"@type\":\"EntryPoint\",\"urlTemplate\":\"https:\\\/\\\/suatuyetvoi.com\\\/muasam\\\/?s={search_term_string}\"},\"query-input\":{\"@type\":\"PropertyValueSpecification\",\"valueRequired\":true,\"valueName\":\"search_term_string\"}}],\"inLanguage\":\"vi\"}]}<\/script>\n<!-- \/ Yoast SEO plugin. -->","yoast_head_json":{"title":"S\u1eefa Chua U\u1ed1ng Vinamilk Susu H\u01b0\u01a1ng D\u00e2u - L\u1ed1c 6 Chai x 80ml","description":"S\u1eefa chua u\u1ed1ng\u00a0Vinamilk SuSu\u00a0m\u1edbi \u2013 c\u00f4ng th\u1ee9c \u0111\u1ed9t ph\u00e1 Vitamin A gi\u00fap b\u00e9 m\u1eaft s\u00e1ng tinh anh, ngo\u00e0i ra c\u00f2n c\u00f3 Vitamin B6, B12 v\u00e0 ch\u1ea5t x\u01a1 h\u00f2a tan","robots":{"index":"index","follow":"follow","max-snippet":"max-snippet:-1","max-image-preview":"max-image-preview:large","max-video-preview":"max-video-preview:-1"},"canonical":"https:\/\/suatuyetvoi.com\/muasam\/san-pham\/sua-chua-uong-vinamilk-susu-huong-dau-loc-6-chai-x-80ml\/","og_locale":"vi_VN","og_type":"article","og_title":"S\u1eefa Chua U\u1ed1ng Vinamilk Susu H\u01b0\u01a1ng D\u00e2u - L\u1ed1c 6 Chai x 80ml","og_description":"S\u1eefa chua u\u1ed1ng\u00a0Vinamilk SuSu\u00a0m\u1edbi \u2013 c\u00f4ng th\u1ee9c \u0111\u1ed9t ph\u00e1 Vitamin A gi\u00fap b\u00e9 m\u1eaft s\u00e1ng tinh anh, ngo\u00e0i ra c\u00f2n c\u00f3 Vitamin B6, B12 v\u00e0 ch\u1ea5t x\u01a1 h\u00f2a tan","og_url":"https:\/\/suatuyetvoi.com\/muasam\/san-pham\/sua-chua-uong-vinamilk-susu-huong-dau-loc-6-chai-x-80ml\/","og_site_name":"S\u1eefa Tuy\u1ec7t V\u1eddi","article_modified_time":"2023-03-28T11:22:53+00:00","og_image":[{"width":1600,"height":1600,"url":"https:\/\/suatuyetvoi.com\/muasam\/wp-content\/uploads\/2023\/03\/slide7_f5ca8bbedac0486e903630e2dab7f521_master-Edited.png","type":"image\/png"}],"twitter_card":"summary_large_image","twitter_title":"S\u1eefa Chua U\u1ed1ng Vinamilk Susu H\u01b0\u01a1ng D\u00e2u - L\u1ed1c 6 Chai x 80ml","twitter_description":"S\u1eefa chua u\u1ed1ng\u00a0Vinamilk SuSu\u00a0m\u1edbi \u2013 c\u00f4ng th\u1ee9c \u0111\u1ed9t ph\u00e1 Vitamin A gi\u00fap b\u00e9 m\u1eaft s\u00e1ng tinh anh, ngo\u00e0i ra c\u00f2n c\u00f3 Vitamin B6, B12 v\u00e0 ch\u1ea5t x\u01a1 h\u00f2a tan","twitter_misc":{"\u01af\u1edbc t\u00ednh th\u1eddi gian \u0111\u1ecdc":"1 ph\u00fat"},"schema":{"@context":"https:\/\/schema.org","@graph":[{"@type":"WebPage","@id":"https:\/\/suatuyetvoi.com\/muasam\/san-pham\/sua-chua-uong-vinamilk-susu-huong-dau-loc-6-chai-x-80ml\/","url":"https:\/\/suatuyetvoi.com\/muasam\/san-pham\/sua-chua-uong-vinamilk-susu-huong-dau-loc-6-chai-x-80ml\/","name":"S\u1eefa Chua U\u1ed1ng Vinamilk Susu H\u01b0\u01a1ng D\u00e2u - L\u1ed1c 6 Chai x 80ml","isPartOf":{"@id":"https:\/\/suatuyetvoi.com\/muasam\/#website"},"primaryImageOfPage":{"@id":"https:\/\/suatuyetvoi.com\/muasam\/san-pham\/sua-chua-uong-vinamilk-susu-huong-dau-loc-6-chai-x-80ml\/#primaryimage"},"image":{"@id":"https:\/\/suatuyetvoi.com\/muasam\/san-pham\/sua-chua-uong-vinamilk-susu-huong-dau-loc-6-chai-x-80ml\/#primaryimage"},"thumbnailUrl":"https:\/\/suatuyetvoi.com\/muasam\/wp-content\/uploads\/2023\/03\/slide7_f5ca8bbedac0486e903630e2dab7f521_master-Edited.png","datePublished":"2023-03-28T11:22:52+00:00","dateModified":"2023-03-28T11:22:53+00:00","description":"S\u1eefa chua u\u1ed1ng\u00a0Vinamilk SuSu\u00a0m\u1edbi \u2013 c\u00f4ng th\u1ee9c \u0111\u1ed9t ph\u00e1 Vitamin A gi\u00fap b\u00e9 m\u1eaft s\u00e1ng tinh anh, ngo\u00e0i ra c\u00f2n c\u00f3 Vitamin B6, B12 v\u00e0 ch\u1ea5t x\u01a1 h\u00f2a tan","breadcrumb":{"@id":"https:\/\/suatuyetvoi.com\/muasam\/san-pham\/sua-chua-uong-vinamilk-susu-huong-dau-loc-6-chai-x-80ml\/#breadcrumb"},"inLanguage":"vi","potentialAction":[{"@type":"ReadAction","target":["https:\/\/suatuyetvoi.com\/muasam\/san-pham\/sua-chua-uong-vinamilk-susu-huong-dau-loc-6-chai-x-80ml\/"]}]},{"@type":"ImageObject","inLanguage":"vi","@id":"https:\/\/suatuyetvoi.com\/muasam\/san-pham\/sua-chua-uong-vinamilk-susu-huong-dau-loc-6-chai-x-80ml\/#primaryimage","url":"https:\/\/suatuyetvoi.com\/muasam\/wp-content\/uploads\/2023\/03\/slide7_f5ca8bbedac0486e903630e2dab7f521_master-Edited.png","contentUrl":"https:\/\/suatuyetvoi.com\/muasam\/wp-content\/uploads\/2023\/03\/slide7_f5ca8bbedac0486e903630e2dab7f521_master-Edited.png","width":1600,"height":1600},{"@type":"BreadcrumbList","@id":"https:\/\/suatuyetvoi.com\/muasam\/san-pham\/sua-chua-uong-vinamilk-susu-huong-dau-loc-6-chai-x-80ml\/#breadcrumb","itemListElement":[{"@type":"ListItem","position":1,"name":"Home","item":"https:\/\/suatuyetvoi.com\/muasam\/"},{"@type":"ListItem","position":2,"name":"Shop","item":"https:\/\/suatuyetvoi.com\/muasam\/shop\/"},{"@type":"ListItem","position":3,"name":"S\u1eefa Chua U\u1ed1ng Vinamilk Susu H\u01b0\u01a1ng D\u00e2u &#8211; L\u1ed1c 6 Chai x 80ml"}]},{"@type":"WebSite","@id":"https:\/\/suatuyetvoi.com\/muasam\/#website","url":"https:\/\/suatuyetvoi.com\/muasam\/","name":"S\u1eefa Tuy\u1ec7t V\u1eddi","description":"S\u1eefa Tuy\u1ec7t V\u1eddi Vi\u1ec7t Nam","potentialAction":[{"@type":"SearchAction","target":{"@type":"EntryPoint","urlTemplate":"https:\/\/suatuyetvoi.com\/muasam\/?s={search_term_string}"},"query-input":{"@type":"PropertyValueSpecification","valueRequired":true,"valueName":"search_term_string"}}],"inLanguage":"vi"}]}},"_links":{"self":[{"href":"https:\/\/suatuyetvoi.com\/muasam\/wp-json\/wp\/v2\/product\/6094","targetHints":{"allow":["GET"]}}],"collection":[{"href":"https:\/\/suatuyetvoi.com\/muasam\/wp-json\/wp\/v2\/product"}],"about":[{"href":"https:\/\/suatuyetvoi.com\/muasam\/wp-json\/wp\/v2\/types\/product"}],"replies":[{"embeddable":true,"href":"https:\/\/suatuyetvoi.com\/muasam\/wp-json\/wp\/v2\/comments?post=6094"}],"wp:featuredmedia":[{"embeddable":true,"href":"https:\/\/suatuyetvoi.com\/muasam\/wp-json\/wp\/v2\/media\/6097"}],"wp:attachment":[{"href":"https:\/\/suatuyetvoi.com\/muasam\/wp-json\/wp\/v2\/media?parent=6094"}],"wp:term":[{"taxonomy":"product_cat","embeddable":true,"href":"https:\/\/suatuyetvoi.com\/muasam\/wp-json\/wp\/v2\/product_cat?post=6094"},{"taxonomy":"product_tag","embeddable":true,"href":"https:\/\/suatuyetvoi.com\/muasam\/wp-json\/wp\/v2\/product_tag?post=6094"}],"curies":[{"name":"wp","href":"https:\/\/api.w.org\/{rel}","templated":true}]}}