{"id":6042,"date":"2023-03-28T00:13:27","date_gmt":"2023-03-27T17:13:27","guid":{"rendered":"https:\/\/suatuyetvoi.com\/muasam\/?post_type=product&#038;p=6042"},"modified":"2023-03-28T00:14:16","modified_gmt":"2023-03-27T17:14:16","slug":"sua-chua-an-vinamilk-vi-luu-do-vi-4-hop-x-100g","status":"publish","type":"product","link":"https:\/\/suatuyetvoi.com\/muasam\/san-pham\/sua-chua-an-vinamilk-vi-luu-do-vi-4-hop-x-100g\/","title":{"rendered":"S\u1eefa chua \u0103n Vinamilk v\u1ecb l\u1ef1u \u0111\u1ecf &#8211; V\u1ec9 4 h\u1ed9p x 100g"},"content":{"rendered":"<p><strong>S\u1eefa chua l\u1ef1u \u0111\u1ecf Vinamilk\u00a0<\/strong>c\u00f3 b\u1ed5 sung th\u1ea1ch d\u1eeba v\u00e0 l\u1ef1u \u0111\u1ecf th\u01a1m ngon k\u1ebft h\u1ee3p v\u1edbi ch\u1ea5t\u00a0<strong>s\u1eefa chua<\/strong>\u00a0d\u1ebbo m\u1ecbn c\u00f3 t\u00e1c d\u1ee5ng\u00a0<strong>l\u00e0m l\u00e0n da c\u0103ng m\u1ecdng, t\u01b0\u01a1i tr\u1ebb<\/strong>\u00a0t\u1eeb b\u00ean trong \u0111\u1ed3ng th\u1eddi\u00a0<strong>h\u1ed7 tr\u1ee3 h\u1ec7 ti\u00eau ho\u00e1 kho\u1ebb m\u1ea1nh<\/strong>\u00a0\u0111\u1ec3 h\u1ea5p th\u1ee5 dinh d\u01b0\u1ee1ng d\u1ec5 d\u00e0ng h\u01a1n.<\/p>\n<p>S\u1ea3n ph\u1ea9m th\u00edch h\u1ee3p cho m\u1ecdi ng\u01b0\u1eddi trong gia \u0111\u00ecnh \u0111\u1eb7c bi\u1ec7t l\u00e0 ph\u00e1i \u0111\u1eb9p mu\u1ed1n d\u01b0\u1ee1ng da, \u0111\u1eb9p d\u00e1ng.<\/p>\n<p><img loading=\"lazy\" decoding=\"async\" class=\"alignnone size-full wp-image-6049\" src=\"https:\/\/suatuyetvoi.com\/muasam\/wp-content\/uploads\/2023\/03\/luu-1.jpg\" alt=\"\" width=\"800\" height=\"800\" srcset=\"https:\/\/suatuyetvoi.com\/muasam\/wp-content\/uploads\/2023\/03\/luu-1.jpg 800w, https:\/\/suatuyetvoi.com\/muasam\/wp-content\/uploads\/2023\/03\/luu-1-400x400.jpg 400w, https:\/\/suatuyetvoi.com\/muasam\/wp-content\/uploads\/2023\/03\/luu-1-280x280.jpg 280w, https:\/\/suatuyetvoi.com\/muasam\/wp-content\/uploads\/2023\/03\/luu-1-768x768.jpg 768w, https:\/\/suatuyetvoi.com\/muasam\/wp-content\/uploads\/2023\/03\/luu-1-300x300.jpg 300w, https:\/\/suatuyetvoi.com\/muasam\/wp-content\/uploads\/2023\/03\/luu-1-600x600.jpg 600w, https:\/\/suatuyetvoi.com\/muasam\/wp-content\/uploads\/2023\/03\/luu-1-100x100.jpg 100w\" sizes=\"auto, (max-width: 800px) 100vw, 800px\" \/><\/p>\n<h2>C\u00f4ng d\u1ee5ng\u00a0t\u1eeb l\u1ef1u \u0111\u1ecf v\u00e0 s\u1eefa chua v\u1edbi s\u1ee9c kho\u1ebb<\/h2>\n<p><strong>L\u1ef1u \u0111\u1ecf<\/strong>\u00a0gi\u00e0u ch\u1ea5t ch\u1ed1ng oxy ho\u00e1 polyphenols, vitamin A, E, C v\u00e0 ch\u1ea5t x\u01a1, kh\u00f4ng ch\u1ec9 c\u00f3\u00a0<strong>t\u00e1c d\u1ee5ng trong vi\u1ec7c l\u00e0m \u0111\u1eb9p<\/strong>\u00a0m\u00e0 c\u00f2n\u00a0<strong>ph\u00f2ng ng\u1eeba b\u1ec7nh ung th\u01b0<\/strong>\u00a0v\u00e0 c\u00e1c b\u1ec7nh v\u1ec1 tim m\u1ea1ch hi\u1ec7u qu\u1ea3.<\/p>\n<p>Trong khi \u0111\u00f3, s\u1eefa chua Vinamilk \u0111\u01b0\u1ee3c l\u00ean men t\u1eeb\u00a0<strong>ch\u1ee7ng men Bulgaricus<\/strong>, b\u1ed5 sung\u00a0<strong>l\u1ee3i khu\u1ea9n probiotics<\/strong>\u00a0c\u00f9ng nhi\u1ec1u vitamin v\u00e0 kho\u00e1ng ch\u1ea5t, gi\u00fap\u00a0<strong>t\u0103ng s\u1ee9c \u0111\u1ec1 kh\u00e1ng v\u00e0 cho h\u1ec7 ti\u00eau ho\u00e1 kho\u1ebb m\u1ea1nh<\/strong>.<\/p>\n<p><img loading=\"lazy\" decoding=\"async\" class=\"alignnone size-full wp-image-6050\" src=\"https:\/\/suatuyetvoi.com\/muasam\/wp-content\/uploads\/2023\/03\/untitled-5c-20i_40375466-4.jpg\" alt=\"\" width=\"800\" height=\"528\" srcset=\"https:\/\/suatuyetvoi.com\/muasam\/wp-content\/uploads\/2023\/03\/untitled-5c-20i_40375466-4.jpg 800w, https:\/\/suatuyetvoi.com\/muasam\/wp-content\/uploads\/2023\/03\/untitled-5c-20i_40375466-4-606x400.jpg 606w, https:\/\/suatuyetvoi.com\/muasam\/wp-content\/uploads\/2023\/03\/untitled-5c-20i_40375466-4-768x507.jpg 768w, https:\/\/suatuyetvoi.com\/muasam\/wp-content\/uploads\/2023\/03\/untitled-5c-20i_40375466-4-600x396.jpg 600w\" sizes=\"auto, (max-width: 800px) 100vw, 800px\" \/><\/p>\n<h2>Th\u01a1m ngon t\u1ef1 nhi\u00ean, kh\u00f4ng ch\u1ea5t b\u1ea3o qu\u1ea3n<\/h2>\n<p>\u2756 S\u1eefa chua l\u1ef1u \u0111\u1ecf Vinamilk c\u00f3 th\u00eam c\u00e1c\u00a0<strong>h\u1ea1t th\u1ea1ch d\u1eeba dai ngon<\/strong>\u00a0v\u00e0\u00a0<strong>chi\u1ebft xu\u1ea5t l\u1ef1u \u0111\u1ecf<\/strong>\u00a0gi\u00e0u ch\u1ea5t ch\u1ed1ng oxy ho\u00e1.<\/p>\n<p>\u2756 S\u1ea3n ph\u1ea9m \u0111\u01b0\u1ee3c\u00a0<strong>l\u00ean men t\u1ef1 nhi\u00ean, kh\u00f4ng ch\u1ee9a ch\u1ea5t b\u1ea3o qu\u1ea3n<\/strong>.<\/p>\n<p>\u2756 S\u1eed d\u1ee5ng\u00a0<strong>c\u00f4ng ngh\u1ec7 l\u00ean men \u0111\u1ea1t ti\u00eau chu\u1ea9n Ch\u00e2u \u00c2u<\/strong>, kh\u00f4ng ch\u1ec9 an to\u00e0n cho s\u1ee9c kho\u1ebb m\u00e0 c\u00f2n gi\u1eef \u0111\u01b0\u1ee3c tr\u1ecdn v\u1eb9n d\u01b0\u1ee1ng ch\u1ea5t t\u1eeb l\u1ef1u \u0111\u1ecf v\u00e0 protein s\u1eefa.<\/p>\n","protected":false},"excerpt":{"rendered":"<ul>\n<li>Quy c\u00e1ch th\u00f9ng: 12 v\u1ec9\/th\u00f9ng.<\/li>\n<li>Chi\u1ebft xu\u1ea5t l\u1ef1u \u0111\u1ecf gi\u00e0u ch\u1ea5t ch\u1ed1ng oxy h\u00f3a t\u1eeb ch\u00e2u \u00c2u<\/li>\n<li>Cung c\u1ea5p ngu\u1ed3n vitamin C v\u00e0 d\u01b0\u1ee1ng ch\u1ea5t d\u1ed3i d\u00e0o<\/li>\n<li>Cho l\u00e0n da c\u0103ng m\u1ecdng &amp; t\u01b0\u01a1i tr\u1ebb t\u1eeb b\u00ean trong<\/li>\n<\/ul>\n","protected":false},"featured_media":6046,"comment_status":"open","ping_status":"closed","template":"","meta":[],"product_cat":[584],"product_tag":[587],"class_list":["post-6042","product","type-product","status-publish","has-post-thumbnail","hentry","product_cat-sua-chua-an","product_tag-vinamilk","berocket_brand-vinamilk"],"yoast_head":"<!-- This site is optimized with the Yoast SEO plugin v27.6 - https:\/\/yoast.com\/product\/yoast-seo-wordpress\/ -->\n<title>S\u1eefa chua \u0103n Vinamilk v\u1ecb l\u1ef1u \u0111\u1ecf - V\u1ec9 4 h\u1ed9p x 100g<\/title>\n<meta name=\"description\" content=\"S\u1eefa chua l\u1ef1u \u0111\u1ecf Vinamilk\u00a0c\u00f3 b\u1ed5 sung th\u1ea1ch d\u1eeba v\u00e0 l\u1ef1u \u0111\u1ecf th\u01a1m ngon k\u1ebft h\u1ee3p v\u1edbi ch\u1ea5t\u00a0s\u1eefa chua\u00a0d\u1ebbo m\u1ecbn c\u00f3 t\u00e1c d\u1ee5ng\u00a0l\u00e0m l\u00e0n da c\u0103ng m\u1ecdng\" \/>\n<meta name=\"robots\" content=\"index, follow, max-snippet:-1, max-image-preview:large, max-video-preview:-1\" \/>\n<link rel=\"canonical\" href=\"https:\/\/suatuyetvoi.com\/muasam\/san-pham\/sua-chua-an-vinamilk-vi-luu-do-vi-4-hop-x-100g\/\" \/>\n<meta property=\"og:locale\" content=\"vi_VN\" \/>\n<meta property=\"og:type\" content=\"article\" \/>\n<meta property=\"og:title\" content=\"S\u1eefa chua \u0103n Vinamilk v\u1ecb l\u1ef1u \u0111\u1ecf - V\u1ec9 4 h\u1ed9p x 100g\" \/>\n<meta property=\"og:description\" content=\"S\u1eefa chua l\u1ef1u \u0111\u1ecf Vinamilk\u00a0c\u00f3 b\u1ed5 sung th\u1ea1ch d\u1eeba v\u00e0 l\u1ef1u \u0111\u1ecf th\u01a1m ngon k\u1ebft h\u1ee3p v\u1edbi ch\u1ea5t\u00a0s\u1eefa chua\u00a0d\u1ebbo m\u1ecbn c\u00f3 t\u00e1c d\u1ee5ng\u00a0l\u00e0m l\u00e0n da c\u0103ng m\u1ecdng\" \/>\n<meta property=\"og:url\" content=\"https:\/\/suatuyetvoi.com\/muasam\/san-pham\/sua-chua-an-vinamilk-vi-luu-do-vi-4-hop-x-100g\/\" \/>\n<meta property=\"og:site_name\" content=\"S\u1eefa Tuy\u1ec7t V\u1eddi\" \/>\n<meta property=\"article:modified_time\" content=\"2023-03-27T17:14:16+00:00\" \/>\n<meta property=\"og:image\" content=\"https:\/\/suatuyetvoi.com\/muasam\/wp-content\/uploads\/2023\/03\/moi-sca-traicay-luu_8228f10ec6e442658570871973dcde76_master-Edited.png\" \/>\n\t<meta property=\"og:image:width\" content=\"600\" \/>\n\t<meta property=\"og:image:height\" content=\"600\" \/>\n\t<meta property=\"og:image:type\" content=\"image\/png\" \/>\n<meta name=\"twitter:card\" content=\"summary_large_image\" \/>\n<meta name=\"twitter:title\" content=\"S\u1eefa chua \u0103n Vinamilk v\u1ecb l\u1ef1u \u0111\u1ecf - V\u1ec9 4 h\u1ed9p x 100g\" \/>\n<meta name=\"twitter:description\" content=\"S\u1eefa chua l\u1ef1u \u0111\u1ecf Vinamilk\u00a0c\u00f3 b\u1ed5 sung th\u1ea1ch d\u1eeba v\u00e0 l\u1ef1u \u0111\u1ecf th\u01a1m ngon k\u1ebft h\u1ee3p v\u1edbi ch\u1ea5t\u00a0s\u1eefa chua\u00a0d\u1ebbo m\u1ecbn c\u00f3 t\u00e1c d\u1ee5ng\u00a0l\u00e0m l\u00e0n da c\u0103ng m\u1ecdng\" \/>\n<meta name=\"twitter:label1\" content=\"\u01af\u1edbc t\u00ednh th\u1eddi gian \u0111\u1ecdc\" \/>\n\t<meta name=\"twitter:data1\" content=\"2 ph\u00fat\" \/>\n<script type=\"application\/ld+json\" class=\"yoast-schema-graph\">{\"@context\":\"https:\\\/\\\/schema.org\",\"@graph\":[{\"@type\":\"WebPage\",\"@id\":\"https:\\\/\\\/suatuyetvoi.com\\\/muasam\\\/san-pham\\\/sua-chua-an-vinamilk-vi-luu-do-vi-4-hop-x-100g\\\/\",\"url\":\"https:\\\/\\\/suatuyetvoi.com\\\/muasam\\\/san-pham\\\/sua-chua-an-vinamilk-vi-luu-do-vi-4-hop-x-100g\\\/\",\"name\":\"S\u1eefa chua \u0103n Vinamilk v\u1ecb l\u1ef1u \u0111\u1ecf - V\u1ec9 4 h\u1ed9p x 100g\",\"isPartOf\":{\"@id\":\"https:\\\/\\\/suatuyetvoi.com\\\/muasam\\\/#website\"},\"primaryImageOfPage\":{\"@id\":\"https:\\\/\\\/suatuyetvoi.com\\\/muasam\\\/san-pham\\\/sua-chua-an-vinamilk-vi-luu-do-vi-4-hop-x-100g\\\/#primaryimage\"},\"image\":{\"@id\":\"https:\\\/\\\/suatuyetvoi.com\\\/muasam\\\/san-pham\\\/sua-chua-an-vinamilk-vi-luu-do-vi-4-hop-x-100g\\\/#primaryimage\"},\"thumbnailUrl\":\"https:\\\/\\\/suatuyetvoi.com\\\/muasam\\\/wp-content\\\/uploads\\\/2023\\\/03\\\/moi-sca-traicay-luu_8228f10ec6e442658570871973dcde76_master-Edited.png\",\"datePublished\":\"2023-03-27T17:13:27+00:00\",\"dateModified\":\"2023-03-27T17:14:16+00:00\",\"description\":\"S\u1eefa chua l\u1ef1u \u0111\u1ecf Vinamilk\u00a0c\u00f3 b\u1ed5 sung th\u1ea1ch d\u1eeba v\u00e0 l\u1ef1u \u0111\u1ecf th\u01a1m ngon k\u1ebft h\u1ee3p v\u1edbi ch\u1ea5t\u00a0s\u1eefa chua\u00a0d\u1ebbo m\u1ecbn c\u00f3 t\u00e1c d\u1ee5ng\u00a0l\u00e0m l\u00e0n da c\u0103ng m\u1ecdng\",\"breadcrumb\":{\"@id\":\"https:\\\/\\\/suatuyetvoi.com\\\/muasam\\\/san-pham\\\/sua-chua-an-vinamilk-vi-luu-do-vi-4-hop-x-100g\\\/#breadcrumb\"},\"inLanguage\":\"vi\",\"potentialAction\":[{\"@type\":\"ReadAction\",\"target\":[\"https:\\\/\\\/suatuyetvoi.com\\\/muasam\\\/san-pham\\\/sua-chua-an-vinamilk-vi-luu-do-vi-4-hop-x-100g\\\/\"]}]},{\"@type\":\"ImageObject\",\"inLanguage\":\"vi\",\"@id\":\"https:\\\/\\\/suatuyetvoi.com\\\/muasam\\\/san-pham\\\/sua-chua-an-vinamilk-vi-luu-do-vi-4-hop-x-100g\\\/#primaryimage\",\"url\":\"https:\\\/\\\/suatuyetvoi.com\\\/muasam\\\/wp-content\\\/uploads\\\/2023\\\/03\\\/moi-sca-traicay-luu_8228f10ec6e442658570871973dcde76_master-Edited.png\",\"contentUrl\":\"https:\\\/\\\/suatuyetvoi.com\\\/muasam\\\/wp-content\\\/uploads\\\/2023\\\/03\\\/moi-sca-traicay-luu_8228f10ec6e442658570871973dcde76_master-Edited.png\",\"width\":600,\"height\":600},{\"@type\":\"BreadcrumbList\",\"@id\":\"https:\\\/\\\/suatuyetvoi.com\\\/muasam\\\/san-pham\\\/sua-chua-an-vinamilk-vi-luu-do-vi-4-hop-x-100g\\\/#breadcrumb\",\"itemListElement\":[{\"@type\":\"ListItem\",\"position\":1,\"name\":\"Home\",\"item\":\"https:\\\/\\\/suatuyetvoi.com\\\/muasam\\\/\"},{\"@type\":\"ListItem\",\"position\":2,\"name\":\"Shop\",\"item\":\"https:\\\/\\\/suatuyetvoi.com\\\/muasam\\\/shop\\\/\"},{\"@type\":\"ListItem\",\"position\":3,\"name\":\"S\u1eefa chua \u0103n Vinamilk v\u1ecb l\u1ef1u \u0111\u1ecf &#8211; V\u1ec9 4 h\u1ed9p x 100g\"}]},{\"@type\":\"WebSite\",\"@id\":\"https:\\\/\\\/suatuyetvoi.com\\\/muasam\\\/#website\",\"url\":\"https:\\\/\\\/suatuyetvoi.com\\\/muasam\\\/\",\"name\":\"S\u1eefa Tuy\u1ec7t V\u1eddi\",\"description\":\"S\u1eefa Tuy\u1ec7t V\u1eddi Vi\u1ec7t Nam\",\"potentialAction\":[{\"@type\":\"SearchAction\",\"target\":{\"@type\":\"EntryPoint\",\"urlTemplate\":\"https:\\\/\\\/suatuyetvoi.com\\\/muasam\\\/?s={search_term_string}\"},\"query-input\":{\"@type\":\"PropertyValueSpecification\",\"valueRequired\":true,\"valueName\":\"search_term_string\"}}],\"inLanguage\":\"vi\"}]}<\/script>\n<!-- \/ Yoast SEO plugin. -->","yoast_head_json":{"title":"S\u1eefa chua \u0103n Vinamilk v\u1ecb l\u1ef1u \u0111\u1ecf - V\u1ec9 4 h\u1ed9p x 100g","description":"S\u1eefa chua l\u1ef1u \u0111\u1ecf Vinamilk\u00a0c\u00f3 b\u1ed5 sung th\u1ea1ch d\u1eeba v\u00e0 l\u1ef1u \u0111\u1ecf th\u01a1m ngon k\u1ebft h\u1ee3p v\u1edbi ch\u1ea5t\u00a0s\u1eefa chua\u00a0d\u1ebbo m\u1ecbn c\u00f3 t\u00e1c d\u1ee5ng\u00a0l\u00e0m l\u00e0n da c\u0103ng m\u1ecdng","robots":{"index":"index","follow":"follow","max-snippet":"max-snippet:-1","max-image-preview":"max-image-preview:large","max-video-preview":"max-video-preview:-1"},"canonical":"https:\/\/suatuyetvoi.com\/muasam\/san-pham\/sua-chua-an-vinamilk-vi-luu-do-vi-4-hop-x-100g\/","og_locale":"vi_VN","og_type":"article","og_title":"S\u1eefa chua \u0103n Vinamilk v\u1ecb l\u1ef1u \u0111\u1ecf - V\u1ec9 4 h\u1ed9p x 100g","og_description":"S\u1eefa chua l\u1ef1u \u0111\u1ecf Vinamilk\u00a0c\u00f3 b\u1ed5 sung th\u1ea1ch d\u1eeba v\u00e0 l\u1ef1u \u0111\u1ecf th\u01a1m ngon k\u1ebft h\u1ee3p v\u1edbi ch\u1ea5t\u00a0s\u1eefa chua\u00a0d\u1ebbo m\u1ecbn c\u00f3 t\u00e1c d\u1ee5ng\u00a0l\u00e0m l\u00e0n da c\u0103ng m\u1ecdng","og_url":"https:\/\/suatuyetvoi.com\/muasam\/san-pham\/sua-chua-an-vinamilk-vi-luu-do-vi-4-hop-x-100g\/","og_site_name":"S\u1eefa Tuy\u1ec7t V\u1eddi","article_modified_time":"2023-03-27T17:14:16+00:00","og_image":[{"width":600,"height":600,"url":"https:\/\/suatuyetvoi.com\/muasam\/wp-content\/uploads\/2023\/03\/moi-sca-traicay-luu_8228f10ec6e442658570871973dcde76_master-Edited.png","type":"image\/png"}],"twitter_card":"summary_large_image","twitter_title":"S\u1eefa chua \u0103n Vinamilk v\u1ecb l\u1ef1u \u0111\u1ecf - V\u1ec9 4 h\u1ed9p x 100g","twitter_description":"S\u1eefa chua l\u1ef1u \u0111\u1ecf Vinamilk\u00a0c\u00f3 b\u1ed5 sung th\u1ea1ch d\u1eeba v\u00e0 l\u1ef1u \u0111\u1ecf th\u01a1m ngon k\u1ebft h\u1ee3p v\u1edbi ch\u1ea5t\u00a0s\u1eefa chua\u00a0d\u1ebbo m\u1ecbn c\u00f3 t\u00e1c d\u1ee5ng\u00a0l\u00e0m l\u00e0n da c\u0103ng m\u1ecdng","twitter_misc":{"\u01af\u1edbc t\u00ednh th\u1eddi gian \u0111\u1ecdc":"2 ph\u00fat"},"schema":{"@context":"https:\/\/schema.org","@graph":[{"@type":"WebPage","@id":"https:\/\/suatuyetvoi.com\/muasam\/san-pham\/sua-chua-an-vinamilk-vi-luu-do-vi-4-hop-x-100g\/","url":"https:\/\/suatuyetvoi.com\/muasam\/san-pham\/sua-chua-an-vinamilk-vi-luu-do-vi-4-hop-x-100g\/","name":"S\u1eefa chua \u0103n Vinamilk v\u1ecb l\u1ef1u \u0111\u1ecf - V\u1ec9 4 h\u1ed9p x 100g","isPartOf":{"@id":"https:\/\/suatuyetvoi.com\/muasam\/#website"},"primaryImageOfPage":{"@id":"https:\/\/suatuyetvoi.com\/muasam\/san-pham\/sua-chua-an-vinamilk-vi-luu-do-vi-4-hop-x-100g\/#primaryimage"},"image":{"@id":"https:\/\/suatuyetvoi.com\/muasam\/san-pham\/sua-chua-an-vinamilk-vi-luu-do-vi-4-hop-x-100g\/#primaryimage"},"thumbnailUrl":"https:\/\/suatuyetvoi.com\/muasam\/wp-content\/uploads\/2023\/03\/moi-sca-traicay-luu_8228f10ec6e442658570871973dcde76_master-Edited.png","datePublished":"2023-03-27T17:13:27+00:00","dateModified":"2023-03-27T17:14:16+00:00","description":"S\u1eefa chua l\u1ef1u \u0111\u1ecf Vinamilk\u00a0c\u00f3 b\u1ed5 sung th\u1ea1ch d\u1eeba v\u00e0 l\u1ef1u \u0111\u1ecf th\u01a1m ngon k\u1ebft h\u1ee3p v\u1edbi ch\u1ea5t\u00a0s\u1eefa chua\u00a0d\u1ebbo m\u1ecbn c\u00f3 t\u00e1c d\u1ee5ng\u00a0l\u00e0m l\u00e0n da c\u0103ng m\u1ecdng","breadcrumb":{"@id":"https:\/\/suatuyetvoi.com\/muasam\/san-pham\/sua-chua-an-vinamilk-vi-luu-do-vi-4-hop-x-100g\/#breadcrumb"},"inLanguage":"vi","potentialAction":[{"@type":"ReadAction","target":["https:\/\/suatuyetvoi.com\/muasam\/san-pham\/sua-chua-an-vinamilk-vi-luu-do-vi-4-hop-x-100g\/"]}]},{"@type":"ImageObject","inLanguage":"vi","@id":"https:\/\/suatuyetvoi.com\/muasam\/san-pham\/sua-chua-an-vinamilk-vi-luu-do-vi-4-hop-x-100g\/#primaryimage","url":"https:\/\/suatuyetvoi.com\/muasam\/wp-content\/uploads\/2023\/03\/moi-sca-traicay-luu_8228f10ec6e442658570871973dcde76_master-Edited.png","contentUrl":"https:\/\/suatuyetvoi.com\/muasam\/wp-content\/uploads\/2023\/03\/moi-sca-traicay-luu_8228f10ec6e442658570871973dcde76_master-Edited.png","width":600,"height":600},{"@type":"BreadcrumbList","@id":"https:\/\/suatuyetvoi.com\/muasam\/san-pham\/sua-chua-an-vinamilk-vi-luu-do-vi-4-hop-x-100g\/#breadcrumb","itemListElement":[{"@type":"ListItem","position":1,"name":"Home","item":"https:\/\/suatuyetvoi.com\/muasam\/"},{"@type":"ListItem","position":2,"name":"Shop","item":"https:\/\/suatuyetvoi.com\/muasam\/shop\/"},{"@type":"ListItem","position":3,"name":"S\u1eefa chua \u0103n Vinamilk v\u1ecb l\u1ef1u \u0111\u1ecf &#8211; V\u1ec9 4 h\u1ed9p x 100g"}]},{"@type":"WebSite","@id":"https:\/\/suatuyetvoi.com\/muasam\/#website","url":"https:\/\/suatuyetvoi.com\/muasam\/","name":"S\u1eefa Tuy\u1ec7t V\u1eddi","description":"S\u1eefa Tuy\u1ec7t V\u1eddi Vi\u1ec7t Nam","potentialAction":[{"@type":"SearchAction","target":{"@type":"EntryPoint","urlTemplate":"https:\/\/suatuyetvoi.com\/muasam\/?s={search_term_string}"},"query-input":{"@type":"PropertyValueSpecification","valueRequired":true,"valueName":"search_term_string"}}],"inLanguage":"vi"}]}},"_links":{"self":[{"href":"https:\/\/suatuyetvoi.com\/muasam\/wp-json\/wp\/v2\/product\/6042","targetHints":{"allow":["GET"]}}],"collection":[{"href":"https:\/\/suatuyetvoi.com\/muasam\/wp-json\/wp\/v2\/product"}],"about":[{"href":"https:\/\/suatuyetvoi.com\/muasam\/wp-json\/wp\/v2\/types\/product"}],"replies":[{"embeddable":true,"href":"https:\/\/suatuyetvoi.com\/muasam\/wp-json\/wp\/v2\/comments?post=6042"}],"wp:featuredmedia":[{"embeddable":true,"href":"https:\/\/suatuyetvoi.com\/muasam\/wp-json\/wp\/v2\/media\/6046"}],"wp:attachment":[{"href":"https:\/\/suatuyetvoi.com\/muasam\/wp-json\/wp\/v2\/media?parent=6042"}],"wp:term":[{"taxonomy":"product_cat","embeddable":true,"href":"https:\/\/suatuyetvoi.com\/muasam\/wp-json\/wp\/v2\/product_cat?post=6042"},{"taxonomy":"product_tag","embeddable":true,"href":"https:\/\/suatuyetvoi.com\/muasam\/wp-json\/wp\/v2\/product_tag?post=6042"}],"curies":[{"name":"wp","href":"https:\/\/api.w.org\/{rel}","templated":true}]}}