{"id":6011,"date":"2023-03-27T23:34:01","date_gmt":"2023-03-27T16:34:01","guid":{"rendered":"https:\/\/suatuyetvoi.com\/muasam\/?post_type=product&#038;p=6011"},"modified":"2023-03-27T23:45:10","modified_gmt":"2023-03-27T16:45:10","slug":"sua-dau-nanh-goldsoy-khong-duong-hop-giay-1l","status":"publish","type":"product","link":"https:\/\/suatuyetvoi.com\/muasam\/san-pham\/sua-dau-nanh-goldsoy-khong-duong-hop-giay-1l\/","title":{"rendered":"S\u1eefa \u0111\u1eadu n\u00e0nh GoldSoy kh\u00f4ng \u0111\u01b0\u1eddng &#8211; H\u1ed9p gi\u1ea5y 1L"},"content":{"rendered":"<div class=\"content full\">\n<div id=\"motasanpham\" class=\"clearfix\">\n<h2>M\u00d4 T\u1ea2 S\u1ea2N PH\u1ea8M<\/h2>\n<div>\n<p>Quy c\u00e1ch th\u00f9ng:\u00a012 h\u1ed9p\/th\u00f9ng<\/p>\n<p><strong>Th\u1ef1c ph\u1ea9m b\u1ed5 sung S\u1eefa \u0111\u1eadu n\u00e0nh GoldSoy kh\u00f4ng \u0111\u01b0\u1eddng &#8211; H\u1ed9p gi\u1ea5y 1L<\/strong><\/p>\n<p>\u2022 C\u00f3 \u0111\u1ebfn 3,2g \u0111\u1ea1m\/100ml. C\u00f3 h\u01b0\u01a1ng v\u1ecb t\u01b0\u01a1i ngon t\u1ef1 nhi\u00ean, cung c\u1ea5p ngu\u1ed3n dinh d\u01b0\u1ee1ng thi\u1ebft y\u1ebfu m\u1ed7i ng\u00e0y cho c\u01a1 th\u1ec3.<br \/>\n\u2022 B\u1ed5 sung vitamin D (16.7IU\/100ml) v\u00e0 canxi (60mg\/100ml) h\u1ed7 tr\u1ee3 h\u1ec7 x\u01b0\u01a1ng, gi\u00fap c\u01a1 th\u1ec3 lu\u00f4n d\u1ebbo dai, gi\u1eef cho m\u1ed7i ng\u00e0y lu\u00f4n n\u0103ng \u0111\u1ed9ng.<br \/>\n\u2022 C\u1ed5 v\u0169 xu h\u01b0\u1edbng s\u1ed1ng xanh, ch\u1ee7 \u0111\u1ed9ng l\u1ef1a ch\u1ecdn th\u1ef1c ph\u1ea9m th\u00f4ng minh, g\u1ea7n v\u1edbi thi\u00ean nhi\u00ean, an to\u00e0n cho s\u1ee9c kho\u1ebb.<\/p>\n<hr \/>\n<div class=\"title_news\">\n<h1><strong>5 l\u00fd do ph\u1ee5 n\u1eef n\u00ean u\u1ed1ng s\u1eefa \u0111\u1eadu n\u00e0nh m\u1ed7i ng\u00e0y<\/strong><\/h1>\n<\/div>\n<h4 class=\"short_intro txt_666\">S\u1eefa \u0111\u1eadu n\u00e0nh \u0111\u01b0\u1ee3c ch\u1ebf bi\u1ebfn t\u1eeb \u0111\u1eadu n\u00e0nh t\u1ef1 nhi\u00ean lu\u00f4n \u0111\u01b0\u1ee3c c\u00e1c chuy\u00ean gia khuy\u00ean d\u00f9ng h\u1eb1ng ng\u00e0y, \u0111\u1eb7c bi\u1ec7t l\u00e0 v\u1edbi ch\u1ecb em ph\u1ee5 n\u1eef. D\u01b0\u1edbi \u0111\u00e2y l\u00e0 5 l\u00fd do khi\u1ebfn ph\u00e1i \u0111\u1eb9p kh\u00f4ng th\u1ec3 b\u1ecf qua th\u1ee9c u\u1ed1ng gi\u00e0u dinh d\u01b0\u1ee1ng n\u00e0y m\u1ed7i ng\u00e0y.<\/h4>\n<div id=\"left_calculator\">\n<div class=\"fck_detail width_common block_ads_connect\">\n<h3 class=\"SubTitle\"><strong>Ng\u0103n ng\u1eeba b\u1ec7nh t\u1eadt<\/strong><\/h3>\n<p class=\"Normal\">M\u1ed7i h\u1ea1t \u0111\u1eadu n\u00e0nh nh\u1ecf b\u00e9 nh\u01b0ng l\u1ea1i ch\u1ee9a m\u1ed9t l\u01b0\u1ee3ng ch\u1ea5t dinh d\u01b0\u1ee1ng l\u00fd t\u01b0\u1edfng v\u1edbi \u0111\u1ea7y \u0111\u1ee7 protein, 8 lo\u1ea1i axit amin v\u00e0 c\u00e1c vitamin A, E, B12, k\u1ebdm\u2026 c\u00f3 t\u00e1c d\u1ee5ng l\u00e0m gi\u1ea3m cholesterol, t\u1ed1t cho tim m\u1ea1ch v\u00e0 h\u1ec7 ti\u00eau h\u00f3a, ph\u00f2ng ng\u1eeba lo\u00e3ng x\u01b0\u01a1ng. \u0110\u1eb7c bi\u1ec7t, isoflavone c\u00f3 trong \u0111\u1eadu n\u00e0nh \u2013 t\u01b0\u01a1ng t\u1ef1 nh\u01b0 estrogen \u1edf n\u1eef gi\u1edbi, gi\u00fap ch\u1ecb em ph\u1ee5 n\u1eef ng\u0103n ng\u1eeba c\u00e1c b\u1ec7nh ung th\u01b0 v\u00fa, ung th\u01b0 bu\u1ed3ng tr\u1ee9ng\u2026<\/p>\n<p><img loading=\"lazy\" decoding=\"async\" class=\"alignnone size-full wp-image-6015\" src=\"https:\/\/suatuyetvoi.com\/muasam\/wp-content\/uploads\/2023\/03\/images781317_sua_dau_nanh_lam_tu_dau_nanh_gen_t__nhien.phunutoday2_grande.jpg\" alt=\"\" width=\"456\" height=\"288\" \/><\/p>\n<h3 class=\"SubTitle\"><strong>L\u00e0m \u0111\u1eb9p da<\/strong><\/h3>\n<p class=\"Normal\">L\u00e0n da c\u0103ng m\u1ec1m, m\u1ecbn m\u00e0ng lu\u00f4n l\u00e0 ni\u1ec1m m\u01a1 \u01b0\u1edbc c\u1ee7a m\u1ed7i ph\u1ee5 n\u1eef, \u0111\u1eb7c bi\u1ec7t l\u00e0 nh\u1eefng ai \u0111ang b\u01b0\u1edbc d\u1ea7n qua ng\u01b0\u1ee1ng tu\u1ed5i 30. Ch\u00ednh v\u00ec th\u1ebf, isoflavone v\u00e0 genistein t\u00ecm th\u1ea5y trong \u0111\u1eadu n\u00e0nh l\u00e0 ph\u01b0\u01a1ng th\u1ee9c d\u01b0\u1ee1ng da \u00edt t\u1ed1n k\u00e9m m\u00e0 m\u1ed7i ng\u01b0\u1eddi ph\u1ee5 n\u1eef c\u00f3 th\u1ec3 d\u00f9ng h\u1eb1ng ng\u00e0y \u0111\u1ec3 lo\u1ea1i tr\u1eeb t\u1ebf b\u00e0o ch\u1ebft d\u01b0\u1edbi da, t\u0103ng \u0111\u1ed9 \u0111\u00e0n h\u1ed3i v\u00e0 v\u1ebb kh\u1ecfe kho\u1eafn, \u0111\u1ea7y s\u1ee9c s\u1ed1ng cho l\u00e0n da c\u1ee7a m\u00ecnh.<\/p>\n<h3 class=\"SubTitle\"><strong>Duy tr\u00ec v\u00f3c d\u00e1ng<\/strong><\/h3>\n<p class=\"Normal\">\u0110\u00e3 c\u00f3 r\u1ea5t nhi\u1ec1u nghi\u00ean c\u1ee9u cho th\u1ea5y, ph\u1ee5 n\u1eef u\u1ed1ng s\u1eefa \u0111\u1eadu n\u00e0nh li\u00ean t\u1ee5c trong ba th\u00e1ng s\u1ebd th\u1ea5y r\u00f5 s\u1ef1 bi\u1ebfn \u0111\u1ed5i trong v\u00f3c d\u00e1ng, \u0111\u1eb7c bi\u1ec7t l\u00e0 v\u00f9ng m\u1ee1 b\u1ee5ng kh\u00f3 b\u1ea3o. 8 lo\u1ea1i axit amin c\u1ea7n thi\u1ebft cho c\u01a1 th\u1ec3 c\u00f3 trong s\u1eefa \u0111\u1eadu n\u00e0nh c\u00f3 kh\u1ea3 n\u0103ng th\u00fac \u0111\u1ea9y qu\u00e1 tr\u00ecnh trao \u0111\u1ed5i ch\u1ea5t v\u00e0 b\u00e0i ti\u1ebft insulin, gi\u00fap gi\u1ea3m v\u00e0 duy tr\u00ec s\u1ed1 \u0111o v\u00f2ng 2 \u0111\u00fang chu\u1ea9n.<\/p>\n<h3 class=\"SubTitle\"><strong>K\u00e9o d\u00e0i tu\u1ed5i xu\u00e2n<\/strong><\/h3>\n<p class=\"Normal\">S\u1eefa \u0111\u1eadu n\u00e0nh ch\u1ee9a m\u1ed9t l\u01b0\u1ee3ng l\u1edbn isoflavone n\u00ean u\u1ed1ng ch\u00fang, ph\u00e1i \u0111\u1eb9p nh\u01b0 \u0111\u01b0\u1ee3c &#8220;ti\u00eam&#8221; th\u00eam l\u01b0\u1ee3ng hormone n\u1eef estrogen v\u00e0o c\u01a1 th\u1ec3, gi\u00fap \u0111\u00e0o th\u1ea3i t\u1ebf b\u00e0o ch\u1ebft, k\u00e9o d\u00e0i sinh l\u1ef1c v\u00e0 v\u1ebb \u0111\u1eb9p c\u1ee7a ng\u01b0\u1eddi ph\u1ee5 n\u1eef.<\/p>\n<h3 class=\"SubTitle\"><strong>Ng\u01b0\u1eddi b\u1ea1n c\u1ee7a ph\u1ee5 n\u1eef trung ni\u00ean<\/strong><\/h3>\n<p class=\"Normal\">Kh\u00f4ng ch\u1ec9 c\u00f3 t\u00e1c d\u1ee5ng t\u00edch c\u1ef1c v\u1edbi ph\u1ee5 n\u1eef n\u00f3i chung, s\u1eefa \u0111\u1eadu n\u00e0nh l\u00e0 th\u1ee9c u\u1ed1ng \u0111\u1eb7c bi\u1ec7t khuy\u00ean d\u00f9ng v\u1edbi ph\u1ee5 n\u1eef trung ni\u00ean. 2 ly s\u1eefa \u0111\u1eadu n\u00e0nh m\u1ed7i ng\u00e0y l\u00e0 li\u1ec7u ph\u00e1p gi\u00fap ph\u1ee5 n\u1eef m\u00e3n kinh gi\u1ea3m c\u0103ng th\u1eb3ng t\u00e2m l\u00fd v\u00e0 nh\u1eefng suy gi\u1ea3m v\u1ec1 th\u1ec3 ch\u1ea5t, ph\u00f2ng ng\u1eeba c\u00e1c ch\u1ee9ng b\u1ec7nh ph\u1ee5 khoa th\u01b0\u1eddng g\u1eb7p.<\/p>\n<table border=\"1\" cellspacing=\"0\" cellpadding=\"3\">\n<tbody>\n<tr>\n<td>\n<p class=\"Normal\">V\u1edbi s\u1ef1 ra \u0111\u1eddi c\u1ee7a s\u1ea3n ph\u1ea9m s\u1eefa \u0111\u1eadu n\u00e0nh gi\u00e0u \u0111\u1ea1m GoldSoy l\u00e0m t\u1eeb 100% h\u1ea1t \u0111\u1eadu n\u00e0nh kh\u00f4ng bi\u1ebfn \u0111\u1ed5i gen, Vinamilk \u0111\u00e3 mang \u0111\u1ebfn cho ng\u01b0\u1eddi ti\u00eau d\u00f9ng quy\u1ec1n \u0111\u01b0\u1ee3c l\u1ef1a ch\u1ecdn s\u1ea3n ph\u1ea9m an to\u00e0n s\u1ee9c kh\u1ecfe, g\u00f3p ph\u1ea7n c\u1ed5 v\u0169 xu h\u01b0\u1edbng s\u1ed1ng h\u01b0\u1edbng v\u1ec1 thi\u00ean nhi\u00ean.<\/p>\n<p class=\"Normal\">B\u00ean c\u1ea1nh vi\u1ec7c s\u1eed d\u1ee5ng ngu\u1ed3n nguy\u00ean li\u1ec7u l\u00e0 100% h\u1ea1t \u0111\u1eadu n\u00e0nh kh\u00f4ng bi\u1ebfn \u0111\u1ed5i gen nh\u1eadp kh\u1ea9u t\u1eeb B\u1eafc M\u1ef9, GoldSoy l\u00e0 s\u1ea3n ph\u1ea9m s\u1eefa \u0111\u1eadu n\u00e0nh gi\u00e0u \u0111\u1ea1m tr\u00ean th\u1ecb tr\u01b0\u1eddng hi\u1ec7n nay v\u1edbi 3,4 g \u0111\u1ea1m trong 100 ml. \u0110\u1eb7c bi\u1ec7t \u0111\u1ea1m \u0111\u1eadu n\u00e0nh r\u1ea5t t\u1ed1t cho h\u1ec7 tim m\u1ea1ch c\u0169ng nh\u01b0 s\u1ee9c kh\u1ecfe c\u1ee7a ng\u01b0\u1eddi ti\u00eau d\u00f9ng. \u0110\u1ed3ng th\u1eddi, GoldSoy c\u0169ng l\u00e0 lo\u1ea1i s\u1eefa \u0111\u1eadu n\u00e0nh \u0111\u1ea7u ti\u00ean c\u00f3 b\u1ed5 sung Vitamin D (16.7 IU\/100 ml) v\u00e0 canxi (60 mg\/100 ml) c\u00f3 t\u00e1c d\u1ee5ng ng\u0103n ng\u1eeba lo\u00e3ng x\u01b0\u01a1ng, gi\u00fap x\u01b0\u01a1ng ch\u1eafc kh\u1ecfe.<\/p>\n<\/td>\n<\/tr>\n<\/tbody>\n<\/table>\n<\/div>\n<\/div>\n<\/div>\n<\/div>\n<\/div>\n","protected":false},"excerpt":{"rendered":"<p>H\u1ec7 d\u01b0\u1ee1ng ch\u1ea5t IQ Plus ph\u00e1t tri\u1ec3n n\u00e3o b\u1ed9<br \/>\nT\u0103ng c\u01b0\u1eddng \u0111\u1ec1 kh\u00e1ng v\u00e0 ti\u00eau h\u00f3a kh\u1ecfe m\u1ea1nh<br \/>\nGi\u00fap h\u1ea5p thu Canxi t\u1ed1t<\/p>\n","protected":false},"featured_media":6017,"comment_status":"open","ping_status":"closed","template":"","meta":[],"product_cat":[514],"product_tag":[561,560],"class_list":["post-6011","product","type-product","status-publish","has-post-thumbnail","hentry","product_cat-sua-hat","product_tag-chac-khoe-xuong","product_tag-hap-thu-canxi","berocket_brand-vinamilk"],"yoast_head":"<!-- This site is optimized with the Yoast SEO plugin v27.6 - https:\/\/yoast.com\/product\/yoast-seo-wordpress\/ -->\n<title>S\u1eefa \u0111\u1eadu n\u00e0nh GoldSoy kh\u00f4ng \u0111\u01b0\u1eddng - H\u1ed9p gi\u1ea5y 1L - \u0110ang Khuy\u1ebfn m\u00e3i<\/title>\n<meta name=\"description\" content=\"Vinamilk gi\u1edbi thi\u1ec7u d\u00f2ng s\u1ea3n ph\u1ea9m s\u1eefa \u0111\u1eadu n\u00e0nh GoldSoy gi\u00e0u \u0111\u1ea1m \u0111\u01b0\u1ee3c l\u00e0m t\u1eeb 100% h\u1ea1t \u0111\u1eadu n\u00e0nh kh\u00f4ng bi\u1ebfn \u0111\u1ed5i gen: gi\u00e0u \u0111\u1ea1m, t\u01b0\u01a1i ngon v\u00e0 an to\u00e0n cho s\u1ee9c kho\u1ebb.\" \/>\n<meta name=\"robots\" content=\"index, follow, max-snippet:-1, max-image-preview:large, max-video-preview:-1\" \/>\n<link rel=\"canonical\" href=\"https:\/\/suatuyetvoi.com\/muasam\/san-pham\/sua-dau-nanh-goldsoy-khong-duong-hop-giay-1l\/\" \/>\n<meta property=\"og:locale\" content=\"vi_VN\" \/>\n<meta property=\"og:type\" content=\"article\" \/>\n<meta property=\"og:title\" content=\"S\u1eefa t\u01b0\u01a1i ti\u1ec7t tr\u00f9ng c\u00f3 \u0111\u01b0\u1eddng Vinamilk 100% S\u1eefa t\u01b0\u01a1i - Th\u00f9ng 48 b\u1ecbch x 220ml - \u0110ang Khuy\u1ebfn m\u00e3i\" \/>\n<meta property=\"og:description\" content=\"Vinamilk S\u1eefa t\u01b0\u01a1i d\u1ea1ng b\u1ecbch 220ml \u0111\u01b0\u1ee3c l\u00e0m t\u1eeb 100% s\u1eefa b\u00f2 t\u01b0\u01a1i nguy\u00ean ch\u1ea5t t\u1eeb h\u1ec7 th\u1ed1ng trang tr\u1ea1i chu\u1ea9n Qu\u1ed1c t\u1ebf l\u1edbn nh\u1ea5t Ch\u00e2u \u00c1.\" \/>\n<meta property=\"og:url\" content=\"https:\/\/suatuyetvoi.com\/muasam\/san-pham\/sua-dau-nanh-goldsoy-khong-duong-hop-giay-1l\/\" \/>\n<meta property=\"og:site_name\" content=\"S\u1eefa Tuy\u1ec7t V\u1eddi\" \/>\n<meta property=\"article:modified_time\" content=\"2023-03-27T16:45:10+00:00\" \/>\n<meta property=\"og:image\" content=\"https:\/\/suatuyetvoi.com\/muasam\/wp-content\/uploads\/2023\/03\/sua-dau-nanh-khong-duong-vinamilk-goldsoy-1-lit-202208090938109152-removebg-preview.png\" \/>\n\t<meta property=\"og:image:width\" content=\"577\" \/>\n\t<meta property=\"og:image:height\" content=\"433\" \/>\n\t<meta property=\"og:image:type\" content=\"image\/png\" \/>\n<meta name=\"twitter:card\" content=\"summary_large_image\" \/>\n<meta name=\"twitter:title\" content=\"S\u1eefa t\u01b0\u01a1i ti\u1ec7t tr\u00f9ng c\u00f3 \u0111\u01b0\u1eddng Vinamilk 100% S\u1eefa t\u01b0\u01a1i - Th\u00f9ng 48 b\u1ecbch x 220ml - \u0110ang Khuy\u1ebfn m\u00e3i\" \/>\n<meta name=\"twitter:description\" content=\"Vinamilk S\u1eefa t\u01b0\u01a1i d\u1ea1ng b\u1ecbch 220ml \u0111\u01b0\u1ee3c l\u00e0m t\u1eeb 100% s\u1eefa b\u00f2 t\u01b0\u01a1i nguy\u00ean ch\u1ea5t t\u1eeb h\u1ec7 th\u1ed1ng trang tr\u1ea1i chu\u1ea9n Qu\u1ed1c t\u1ebf l\u1edbn nh\u1ea5t Ch\u00e2u \u00c1.\" \/>\n<meta name=\"twitter:label1\" content=\"\u01af\u1edbc t\u00ednh th\u1eddi gian \u0111\u1ecdc\" \/>\n\t<meta name=\"twitter:data1\" content=\"4 ph\u00fat\" \/>\n<script type=\"application\/ld+json\" class=\"yoast-schema-graph\">{\"@context\":\"https:\\\/\\\/schema.org\",\"@graph\":[{\"@type\":\"WebPage\",\"@id\":\"https:\\\/\\\/suatuyetvoi.com\\\/muasam\\\/san-pham\\\/sua-dau-nanh-goldsoy-khong-duong-hop-giay-1l\\\/\",\"url\":\"https:\\\/\\\/suatuyetvoi.com\\\/muasam\\\/san-pham\\\/sua-dau-nanh-goldsoy-khong-duong-hop-giay-1l\\\/\",\"name\":\"S\u1eefa \u0111\u1eadu n\u00e0nh GoldSoy kh\u00f4ng \u0111\u01b0\u1eddng - H\u1ed9p gi\u1ea5y 1L - \u0110ang Khuy\u1ebfn m\u00e3i\",\"isPartOf\":{\"@id\":\"https:\\\/\\\/suatuyetvoi.com\\\/muasam\\\/#website\"},\"primaryImageOfPage\":{\"@id\":\"https:\\\/\\\/suatuyetvoi.com\\\/muasam\\\/san-pham\\\/sua-dau-nanh-goldsoy-khong-duong-hop-giay-1l\\\/#primaryimage\"},\"image\":{\"@id\":\"https:\\\/\\\/suatuyetvoi.com\\\/muasam\\\/san-pham\\\/sua-dau-nanh-goldsoy-khong-duong-hop-giay-1l\\\/#primaryimage\"},\"thumbnailUrl\":\"https:\\\/\\\/suatuyetvoi.com\\\/muasam\\\/wp-content\\\/uploads\\\/2023\\\/03\\\/sua-dau-nanh-khong-duong-vinamilk-goldsoy-1-lit-202208090938109152-removebg-preview.png\",\"datePublished\":\"2023-03-27T16:34:01+00:00\",\"dateModified\":\"2023-03-27T16:45:10+00:00\",\"description\":\"Vinamilk gi\u1edbi thi\u1ec7u d\u00f2ng s\u1ea3n ph\u1ea9m s\u1eefa \u0111\u1eadu n\u00e0nh GoldSoy gi\u00e0u \u0111\u1ea1m \u0111\u01b0\u1ee3c l\u00e0m t\u1eeb 100% h\u1ea1t \u0111\u1eadu n\u00e0nh kh\u00f4ng bi\u1ebfn \u0111\u1ed5i gen: gi\u00e0u \u0111\u1ea1m, t\u01b0\u01a1i ngon v\u00e0 an to\u00e0n cho s\u1ee9c kho\u1ebb.\",\"breadcrumb\":{\"@id\":\"https:\\\/\\\/suatuyetvoi.com\\\/muasam\\\/san-pham\\\/sua-dau-nanh-goldsoy-khong-duong-hop-giay-1l\\\/#breadcrumb\"},\"inLanguage\":\"vi\",\"potentialAction\":[{\"@type\":\"ReadAction\",\"target\":[\"https:\\\/\\\/suatuyetvoi.com\\\/muasam\\\/san-pham\\\/sua-dau-nanh-goldsoy-khong-duong-hop-giay-1l\\\/\"]}]},{\"@type\":\"ImageObject\",\"inLanguage\":\"vi\",\"@id\":\"https:\\\/\\\/suatuyetvoi.com\\\/muasam\\\/san-pham\\\/sua-dau-nanh-goldsoy-khong-duong-hop-giay-1l\\\/#primaryimage\",\"url\":\"https:\\\/\\\/suatuyetvoi.com\\\/muasam\\\/wp-content\\\/uploads\\\/2023\\\/03\\\/sua-dau-nanh-khong-duong-vinamilk-goldsoy-1-lit-202208090938109152-removebg-preview.png\",\"contentUrl\":\"https:\\\/\\\/suatuyetvoi.com\\\/muasam\\\/wp-content\\\/uploads\\\/2023\\\/03\\\/sua-dau-nanh-khong-duong-vinamilk-goldsoy-1-lit-202208090938109152-removebg-preview.png\",\"width\":577,\"height\":433},{\"@type\":\"BreadcrumbList\",\"@id\":\"https:\\\/\\\/suatuyetvoi.com\\\/muasam\\\/san-pham\\\/sua-dau-nanh-goldsoy-khong-duong-hop-giay-1l\\\/#breadcrumb\",\"itemListElement\":[{\"@type\":\"ListItem\",\"position\":1,\"name\":\"Home\",\"item\":\"https:\\\/\\\/suatuyetvoi.com\\\/muasam\\\/\"},{\"@type\":\"ListItem\",\"position\":2,\"name\":\"Shop\",\"item\":\"https:\\\/\\\/suatuyetvoi.com\\\/muasam\\\/shop\\\/\"},{\"@type\":\"ListItem\",\"position\":3,\"name\":\"S\u1eefa \u0111\u1eadu n\u00e0nh GoldSoy kh\u00f4ng \u0111\u01b0\u1eddng &#8211; H\u1ed9p gi\u1ea5y 1L\"}]},{\"@type\":\"WebSite\",\"@id\":\"https:\\\/\\\/suatuyetvoi.com\\\/muasam\\\/#website\",\"url\":\"https:\\\/\\\/suatuyetvoi.com\\\/muasam\\\/\",\"name\":\"S\u1eefa Tuy\u1ec7t V\u1eddi\",\"description\":\"S\u1eefa Tuy\u1ec7t V\u1eddi Vi\u1ec7t Nam\",\"potentialAction\":[{\"@type\":\"SearchAction\",\"target\":{\"@type\":\"EntryPoint\",\"urlTemplate\":\"https:\\\/\\\/suatuyetvoi.com\\\/muasam\\\/?s={search_term_string}\"},\"query-input\":{\"@type\":\"PropertyValueSpecification\",\"valueRequired\":true,\"valueName\":\"search_term_string\"}}],\"inLanguage\":\"vi\"}]}<\/script>\n<!-- \/ Yoast SEO plugin. -->","yoast_head_json":{"title":"S\u1eefa \u0111\u1eadu n\u00e0nh GoldSoy kh\u00f4ng \u0111\u01b0\u1eddng - H\u1ed9p gi\u1ea5y 1L - \u0110ang Khuy\u1ebfn m\u00e3i","description":"Vinamilk gi\u1edbi thi\u1ec7u d\u00f2ng s\u1ea3n ph\u1ea9m s\u1eefa \u0111\u1eadu n\u00e0nh GoldSoy gi\u00e0u \u0111\u1ea1m \u0111\u01b0\u1ee3c l\u00e0m t\u1eeb 100% h\u1ea1t \u0111\u1eadu n\u00e0nh kh\u00f4ng bi\u1ebfn \u0111\u1ed5i gen: gi\u00e0u \u0111\u1ea1m, t\u01b0\u01a1i ngon v\u00e0 an to\u00e0n cho s\u1ee9c kho\u1ebb.","robots":{"index":"index","follow":"follow","max-snippet":"max-snippet:-1","max-image-preview":"max-image-preview:large","max-video-preview":"max-video-preview:-1"},"canonical":"https:\/\/suatuyetvoi.com\/muasam\/san-pham\/sua-dau-nanh-goldsoy-khong-duong-hop-giay-1l\/","og_locale":"vi_VN","og_type":"article","og_title":"S\u1eefa t\u01b0\u01a1i ti\u1ec7t tr\u00f9ng c\u00f3 \u0111\u01b0\u1eddng Vinamilk 100% S\u1eefa t\u01b0\u01a1i - Th\u00f9ng 48 b\u1ecbch x 220ml - \u0110ang Khuy\u1ebfn m\u00e3i","og_description":"Vinamilk S\u1eefa t\u01b0\u01a1i d\u1ea1ng b\u1ecbch 220ml \u0111\u01b0\u1ee3c l\u00e0m t\u1eeb 100% s\u1eefa b\u00f2 t\u01b0\u01a1i nguy\u00ean ch\u1ea5t t\u1eeb h\u1ec7 th\u1ed1ng trang tr\u1ea1i chu\u1ea9n Qu\u1ed1c t\u1ebf l\u1edbn nh\u1ea5t Ch\u00e2u \u00c1.","og_url":"https:\/\/suatuyetvoi.com\/muasam\/san-pham\/sua-dau-nanh-goldsoy-khong-duong-hop-giay-1l\/","og_site_name":"S\u1eefa Tuy\u1ec7t V\u1eddi","article_modified_time":"2023-03-27T16:45:10+00:00","og_image":[{"width":577,"height":433,"url":"https:\/\/suatuyetvoi.com\/muasam\/wp-content\/uploads\/2023\/03\/sua-dau-nanh-khong-duong-vinamilk-goldsoy-1-lit-202208090938109152-removebg-preview.png","type":"image\/png"}],"twitter_card":"summary_large_image","twitter_title":"S\u1eefa t\u01b0\u01a1i ti\u1ec7t tr\u00f9ng c\u00f3 \u0111\u01b0\u1eddng Vinamilk 100% S\u1eefa t\u01b0\u01a1i - Th\u00f9ng 48 b\u1ecbch x 220ml - \u0110ang Khuy\u1ebfn m\u00e3i","twitter_description":"Vinamilk S\u1eefa t\u01b0\u01a1i d\u1ea1ng b\u1ecbch 220ml \u0111\u01b0\u1ee3c l\u00e0m t\u1eeb 100% s\u1eefa b\u00f2 t\u01b0\u01a1i nguy\u00ean ch\u1ea5t t\u1eeb h\u1ec7 th\u1ed1ng trang tr\u1ea1i chu\u1ea9n Qu\u1ed1c t\u1ebf l\u1edbn nh\u1ea5t Ch\u00e2u \u00c1.","twitter_misc":{"\u01af\u1edbc t\u00ednh th\u1eddi gian \u0111\u1ecdc":"4 ph\u00fat"},"schema":{"@context":"https:\/\/schema.org","@graph":[{"@type":"WebPage","@id":"https:\/\/suatuyetvoi.com\/muasam\/san-pham\/sua-dau-nanh-goldsoy-khong-duong-hop-giay-1l\/","url":"https:\/\/suatuyetvoi.com\/muasam\/san-pham\/sua-dau-nanh-goldsoy-khong-duong-hop-giay-1l\/","name":"S\u1eefa \u0111\u1eadu n\u00e0nh GoldSoy kh\u00f4ng \u0111\u01b0\u1eddng - H\u1ed9p gi\u1ea5y 1L - \u0110ang Khuy\u1ebfn m\u00e3i","isPartOf":{"@id":"https:\/\/suatuyetvoi.com\/muasam\/#website"},"primaryImageOfPage":{"@id":"https:\/\/suatuyetvoi.com\/muasam\/san-pham\/sua-dau-nanh-goldsoy-khong-duong-hop-giay-1l\/#primaryimage"},"image":{"@id":"https:\/\/suatuyetvoi.com\/muasam\/san-pham\/sua-dau-nanh-goldsoy-khong-duong-hop-giay-1l\/#primaryimage"},"thumbnailUrl":"https:\/\/suatuyetvoi.com\/muasam\/wp-content\/uploads\/2023\/03\/sua-dau-nanh-khong-duong-vinamilk-goldsoy-1-lit-202208090938109152-removebg-preview.png","datePublished":"2023-03-27T16:34:01+00:00","dateModified":"2023-03-27T16:45:10+00:00","description":"Vinamilk gi\u1edbi thi\u1ec7u d\u00f2ng s\u1ea3n ph\u1ea9m s\u1eefa \u0111\u1eadu n\u00e0nh GoldSoy gi\u00e0u \u0111\u1ea1m \u0111\u01b0\u1ee3c l\u00e0m t\u1eeb 100% h\u1ea1t \u0111\u1eadu n\u00e0nh kh\u00f4ng bi\u1ebfn \u0111\u1ed5i gen: gi\u00e0u \u0111\u1ea1m, t\u01b0\u01a1i ngon v\u00e0 an to\u00e0n cho s\u1ee9c kho\u1ebb.","breadcrumb":{"@id":"https:\/\/suatuyetvoi.com\/muasam\/san-pham\/sua-dau-nanh-goldsoy-khong-duong-hop-giay-1l\/#breadcrumb"},"inLanguage":"vi","potentialAction":[{"@type":"ReadAction","target":["https:\/\/suatuyetvoi.com\/muasam\/san-pham\/sua-dau-nanh-goldsoy-khong-duong-hop-giay-1l\/"]}]},{"@type":"ImageObject","inLanguage":"vi","@id":"https:\/\/suatuyetvoi.com\/muasam\/san-pham\/sua-dau-nanh-goldsoy-khong-duong-hop-giay-1l\/#primaryimage","url":"https:\/\/suatuyetvoi.com\/muasam\/wp-content\/uploads\/2023\/03\/sua-dau-nanh-khong-duong-vinamilk-goldsoy-1-lit-202208090938109152-removebg-preview.png","contentUrl":"https:\/\/suatuyetvoi.com\/muasam\/wp-content\/uploads\/2023\/03\/sua-dau-nanh-khong-duong-vinamilk-goldsoy-1-lit-202208090938109152-removebg-preview.png","width":577,"height":433},{"@type":"BreadcrumbList","@id":"https:\/\/suatuyetvoi.com\/muasam\/san-pham\/sua-dau-nanh-goldsoy-khong-duong-hop-giay-1l\/#breadcrumb","itemListElement":[{"@type":"ListItem","position":1,"name":"Home","item":"https:\/\/suatuyetvoi.com\/muasam\/"},{"@type":"ListItem","position":2,"name":"Shop","item":"https:\/\/suatuyetvoi.com\/muasam\/shop\/"},{"@type":"ListItem","position":3,"name":"S\u1eefa \u0111\u1eadu n\u00e0nh GoldSoy kh\u00f4ng \u0111\u01b0\u1eddng &#8211; H\u1ed9p gi\u1ea5y 1L"}]},{"@type":"WebSite","@id":"https:\/\/suatuyetvoi.com\/muasam\/#website","url":"https:\/\/suatuyetvoi.com\/muasam\/","name":"S\u1eefa Tuy\u1ec7t V\u1eddi","description":"S\u1eefa Tuy\u1ec7t V\u1eddi Vi\u1ec7t Nam","potentialAction":[{"@type":"SearchAction","target":{"@type":"EntryPoint","urlTemplate":"https:\/\/suatuyetvoi.com\/muasam\/?s={search_term_string}"},"query-input":{"@type":"PropertyValueSpecification","valueRequired":true,"valueName":"search_term_string"}}],"inLanguage":"vi"}]}},"_links":{"self":[{"href":"https:\/\/suatuyetvoi.com\/muasam\/wp-json\/wp\/v2\/product\/6011","targetHints":{"allow":["GET"]}}],"collection":[{"href":"https:\/\/suatuyetvoi.com\/muasam\/wp-json\/wp\/v2\/product"}],"about":[{"href":"https:\/\/suatuyetvoi.com\/muasam\/wp-json\/wp\/v2\/types\/product"}],"replies":[{"embeddable":true,"href":"https:\/\/suatuyetvoi.com\/muasam\/wp-json\/wp\/v2\/comments?post=6011"}],"wp:featuredmedia":[{"embeddable":true,"href":"https:\/\/suatuyetvoi.com\/muasam\/wp-json\/wp\/v2\/media\/6017"}],"wp:attachment":[{"href":"https:\/\/suatuyetvoi.com\/muasam\/wp-json\/wp\/v2\/media?parent=6011"}],"wp:term":[{"taxonomy":"product_cat","embeddable":true,"href":"https:\/\/suatuyetvoi.com\/muasam\/wp-json\/wp\/v2\/product_cat?post=6011"},{"taxonomy":"product_tag","embeddable":true,"href":"https:\/\/suatuyetvoi.com\/muasam\/wp-json\/wp\/v2\/product_tag?post=6011"}],"curies":[{"name":"wp","href":"https:\/\/api.w.org\/{rel}","templated":true}]}}