{"id":6003,"date":"2023-03-27T23:34:03","date_gmt":"2023-03-27T16:34:03","guid":{"rendered":"https:\/\/suatuyetvoi.com\/muasam\/?post_type=product&#038;p=6003"},"modified":"2023-03-27T23:35:24","modified_gmt":"2023-03-27T16:35:24","slug":"sua-chua-an-love-yogurt-tran-chau-duong-den-vi-4-hop-100gr","status":"publish","type":"product","link":"https:\/\/suatuyetvoi.com\/muasam\/san-pham\/sua-chua-an-love-yogurt-tran-chau-duong-den-vi-4-hop-100gr\/","title":{"rendered":"S\u1eefa chua \u0103n Love Yogurt tr\u00e2n ch\u00e2u \u0111\u01b0\u1eddng \u0111en &#8211; V\u1ec9 4 h\u1ee3p 100gr"},"content":{"rendered":"<p><img loading=\"lazy\" decoding=\"async\" class=\"alignnone size-full wp-image-6004\" src=\"https:\/\/suatuyetvoi.com\/muasam\/wp-content\/uploads\/2023\/03\/sua_chua_an_tran_chau_duong_den1_0adbd40dc33d4547954939c2f8e06b70.webp\" alt=\"\" width=\"1280\" height=\"720\" srcset=\"https:\/\/suatuyetvoi.com\/muasam\/wp-content\/uploads\/2023\/03\/sua_chua_an_tran_chau_duong_den1_0adbd40dc33d4547954939c2f8e06b70.webp 1280w, https:\/\/suatuyetvoi.com\/muasam\/wp-content\/uploads\/2023\/03\/sua_chua_an_tran_chau_duong_den1_0adbd40dc33d4547954939c2f8e06b70-711x400.webp 711w, https:\/\/suatuyetvoi.com\/muasam\/wp-content\/uploads\/2023\/03\/sua_chua_an_tran_chau_duong_den1_0adbd40dc33d4547954939c2f8e06b70-768x432.webp 768w, https:\/\/suatuyetvoi.com\/muasam\/wp-content\/uploads\/2023\/03\/sua_chua_an_tran_chau_duong_den1_0adbd40dc33d4547954939c2f8e06b70-600x338.webp 600w\" sizes=\"auto, (max-width: 1280px) 100vw, 1280px\" \/><\/p>\n<p><img loading=\"lazy\" decoding=\"async\" class=\"alignnone size-full wp-image-6006\" src=\"https:\/\/suatuyetvoi.com\/muasam\/wp-content\/uploads\/2023\/03\/sua_chua_an_tran_chau_duong_den_e46608b6a025467bac927f55b54d45b5.webp\" alt=\"\" width=\"1450\" height=\"747\" srcset=\"https:\/\/suatuyetvoi.com\/muasam\/wp-content\/uploads\/2023\/03\/sua_chua_an_tran_chau_duong_den_e46608b6a025467bac927f55b54d45b5.webp 1450w, https:\/\/suatuyetvoi.com\/muasam\/wp-content\/uploads\/2023\/03\/sua_chua_an_tran_chau_duong_den_e46608b6a025467bac927f55b54d45b5-776x400.webp 776w, https:\/\/suatuyetvoi.com\/muasam\/wp-content\/uploads\/2023\/03\/sua_chua_an_tran_chau_duong_den_e46608b6a025467bac927f55b54d45b5-1400x721.webp 1400w, https:\/\/suatuyetvoi.com\/muasam\/wp-content\/uploads\/2023\/03\/sua_chua_an_tran_chau_duong_den_e46608b6a025467bac927f55b54d45b5-768x396.webp 768w, https:\/\/suatuyetvoi.com\/muasam\/wp-content\/uploads\/2023\/03\/sua_chua_an_tran_chau_duong_den_e46608b6a025467bac927f55b54d45b5-600x309.webp 600w\" sizes=\"auto, (max-width: 1450px) 100vw, 1450px\" \/><\/p>\n<p>\u0110\u1eb7c \u0111i\u1ec3m n\u1ed5i b\u1eadt:<\/p>\n<ul>\n<li>S\u1eefa chua s\u00e1nh m\u1ecbn h\u00f2a quy\u1ec7n c\u00f9ng h\u01b0\u01a1ng v\u1ecb \u0111\u01b0\u1eddng \u0111en th\u01a1m ngon, tr\u00e2n ch\u00e2u gi\u00f2n dai ngon mi\u1ec7ng.<\/li>\n<li>S\u1eefa chua l\u00ean men t\u1ef1 nhi\u00ean, s\u1eed d\u1ee5ng ch\u1ee7ng men Bulgaricus t\u1ed1t cho s\u1ee9c kh\u1ecfe.<\/li>\n<li>C\u00f4ng ngh\u1ec7 men hi\u1ec7n \u0111\u1ea1i t\u1eeb Ch\u00e2u \u00c2u.<\/li>\n<li>H\u1ea1n s\u1eed d\u1ee5ng: 45 ng\u00e0y k\u1ec3 t\u1eeb ng\u00e0y s\u1ea3n xu\u1ea5t.<\/li>\n<\/ul>\n","protected":false},"excerpt":{"rendered":"<ul class=\"infoproduct nospeci\">\n<li>Loa\u0323i sa\u0309n ph\u00e2\u0309m: S\u01b0\u0303a chua \u0103n<\/li>\n<li>Kh\u00f4\u0301i l\u01b0\u01a1\u0323ng: 100g\/h\u00f4\u0323p<\/li>\n<li>L\u01b0\u01a1\u0323ng du\u0300ng: N\u00ean d\u00f9ng t\u1eeb 2-3 h\u1ed9p\/ng\u00e0y<\/li>\n<li>N\u0103ng l\u01b0\u01a1\u0323ng: 105 kcal\/100g<\/li>\n<li>Tha\u0300nh ph\u00e2\u0300n: S\u1eefa, whey b\u1ed9t, tr\u00e2n ch\u00e2u \u0111\u01b0\u1eddng \u0111en, \u0111\u01b0\u1eddng, gelatin th\u1ef1c ph\u1ea9m, ch\u1ea5t \u1ed5n \u0111\u1ecbnh,<\/li>\n<li>Ba\u0309o qua\u0309n: nhi\u00ea\u0323t \u0111\u00f4\u0323 4 &#8211; 8 \u0111\u00f4\u0323 C<\/li>\n<li>Th\u01b0\u01a1ng hi\u00ea\u0323u: Vinamilk (Vi\u1ec7t Nam)<\/li>\n<li>N\u01a1i sa\u0309n xu\u00e2\u0301t: Vi\u00ea\u0323t Nam<\/li>\n<\/ul>\n","protected":false},"featured_media":6007,"comment_status":"open","ping_status":"closed","template":"","meta":[],"product_cat":[584],"product_tag":[587],"class_list":["post-6003","product","type-product","status-publish","has-post-thumbnail","hentry","product_cat-sua-chua-an","product_tag-vinamilk"],"yoast_head":"<!-- This site is optimized with the Yoast SEO plugin v27.6 - https:\/\/yoast.com\/product\/yoast-seo-wordpress\/ -->\n<title>S\u1eefa chua \u0103n Love Yogurt tr\u00e2n ch\u00e2u \u0111\u01b0\u1eddng \u0111en - V\u1ec9 4 h\u1ee3p 100gr<\/title>\n<meta name=\"description\" content=\"S\u1eefa chua s\u00e1nh m\u1ecbn h\u00f2a quy\u1ec7n c\u00f9ng h\u01b0\u01a1ng v\u1ecb \u0111\u01b0\u1eddng \u0111en th\u01a1m ngon, tr\u00e2n ch\u00e2u gi\u00f2n dai ngon mi\u1ec7ng.S\u1eefa chua l\u00ean men t\u1ef1 nhi\u00ean, t\u1ed1t cho s\u1ee9c kh\u1ecfe.\u00a0\" \/>\n<meta name=\"robots\" content=\"index, follow, max-snippet:-1, max-image-preview:large, max-video-preview:-1\" \/>\n<link rel=\"canonical\" href=\"https:\/\/suatuyetvoi.com\/muasam\/san-pham\/sua-chua-an-love-yogurt-tran-chau-duong-den-vi-4-hop-100gr\/\" \/>\n<meta property=\"og:locale\" content=\"vi_VN\" \/>\n<meta property=\"og:type\" content=\"article\" \/>\n<meta property=\"og:title\" content=\"S\u1eefa chua \u0103n Love Yogurt tr\u00e2n ch\u00e2u \u0111\u01b0\u1eddng \u0111en - V\u1ec9 4 h\u1ee3p 100gr\" \/>\n<meta property=\"og:description\" content=\"S\u1eefa chua s\u00e1nh m\u1ecbn h\u00f2a quy\u1ec7n c\u00f9ng h\u01b0\u01a1ng v\u1ecb \u0111\u01b0\u1eddng \u0111en th\u01a1m ngon, tr\u00e2n ch\u00e2u gi\u00f2n dai ngon mi\u1ec7ng.S\u1eefa chua l\u00ean men t\u1ef1 nhi\u00ean, s\u1eed d\u1ee5ng ch\u1ee7ng men Bulgaricus t\u1ed1t cho s\u1ee9c kh\u1ecfe.\u00a0\" \/>\n<meta property=\"og:url\" content=\"https:\/\/suatuyetvoi.com\/muasam\/san-pham\/sua-chua-an-love-yogurt-tran-chau-duong-den-vi-4-hop-100gr\/\" \/>\n<meta property=\"og:site_name\" content=\"S\u1eefa Tuy\u1ec7t V\u1eddi\" \/>\n<meta property=\"article:modified_time\" content=\"2023-03-27T16:35:24+00:00\" \/>\n<meta property=\"og:image\" content=\"https:\/\/suatuyetvoi.com\/muasam\/wp-content\/uploads\/2023\/03\/loc_sca_vnm_tran_chau_duong_den__1__a942831f24dc4a6f9fefd20157b45391.webp\" \/>\n\t<meta property=\"og:image:width\" content=\"1200\" \/>\n\t<meta property=\"og:image:height\" content=\"1259\" \/>\n\t<meta property=\"og:image:type\" content=\"image\/webp\" \/>\n<meta name=\"twitter:card\" content=\"summary_large_image\" \/>\n<meta name=\"twitter:title\" content=\"S\u1eefa chua \u0103n Love Yogurt tr\u00e2n ch\u00e2u \u0111\u01b0\u1eddng \u0111en - V\u1ec9 4 h\u1ee3p 100gr\" \/>\n<meta name=\"twitter:description\" content=\"S\u1eefa chua s\u00e1nh m\u1ecbn h\u00f2a quy\u1ec7n c\u00f9ng h\u01b0\u01a1ng v\u1ecb \u0111\u01b0\u1eddng \u0111en th\u01a1m ngon, tr\u00e2n ch\u00e2u gi\u00f2n dai ngon mi\u1ec7ng.S\u1eefa chua l\u00ean men t\u1ef1 nhi\u00ean, s\u1eed d\u1ee5ng ch\u1ee7ng men Bulgaricus t\u1ed1t cho s\u1ee9c kh\u1ecfe.\u00a0\" \/>\n<meta name=\"twitter:label1\" content=\"\u01af\u1edbc t\u00ednh th\u1eddi gian \u0111\u1ecdc\" \/>\n\t<meta name=\"twitter:data1\" content=\"1 ph\u00fat\" \/>\n<script type=\"application\/ld+json\" class=\"yoast-schema-graph\">{\"@context\":\"https:\\\/\\\/schema.org\",\"@graph\":[{\"@type\":\"WebPage\",\"@id\":\"https:\\\/\\\/suatuyetvoi.com\\\/muasam\\\/san-pham\\\/sua-chua-an-love-yogurt-tran-chau-duong-den-vi-4-hop-100gr\\\/\",\"url\":\"https:\\\/\\\/suatuyetvoi.com\\\/muasam\\\/san-pham\\\/sua-chua-an-love-yogurt-tran-chau-duong-den-vi-4-hop-100gr\\\/\",\"name\":\"S\u1eefa chua \u0103n Love Yogurt tr\u00e2n ch\u00e2u \u0111\u01b0\u1eddng \u0111en - V\u1ec9 4 h\u1ee3p 100gr\",\"isPartOf\":{\"@id\":\"https:\\\/\\\/suatuyetvoi.com\\\/muasam\\\/#website\"},\"primaryImageOfPage\":{\"@id\":\"https:\\\/\\\/suatuyetvoi.com\\\/muasam\\\/san-pham\\\/sua-chua-an-love-yogurt-tran-chau-duong-den-vi-4-hop-100gr\\\/#primaryimage\"},\"image\":{\"@id\":\"https:\\\/\\\/suatuyetvoi.com\\\/muasam\\\/san-pham\\\/sua-chua-an-love-yogurt-tran-chau-duong-den-vi-4-hop-100gr\\\/#primaryimage\"},\"thumbnailUrl\":\"https:\\\/\\\/suatuyetvoi.com\\\/muasam\\\/wp-content\\\/uploads\\\/2023\\\/03\\\/loc_sca_vnm_tran_chau_duong_den__1__a942831f24dc4a6f9fefd20157b45391.webp\",\"datePublished\":\"2023-03-27T16:34:03+00:00\",\"dateModified\":\"2023-03-27T16:35:24+00:00\",\"description\":\"S\u1eefa chua s\u00e1nh m\u1ecbn h\u00f2a quy\u1ec7n c\u00f9ng h\u01b0\u01a1ng v\u1ecb \u0111\u01b0\u1eddng \u0111en th\u01a1m ngon, tr\u00e2n ch\u00e2u gi\u00f2n dai ngon mi\u1ec7ng.S\u1eefa chua l\u00ean men t\u1ef1 nhi\u00ean, t\u1ed1t cho s\u1ee9c kh\u1ecfe.\u00a0\",\"breadcrumb\":{\"@id\":\"https:\\\/\\\/suatuyetvoi.com\\\/muasam\\\/san-pham\\\/sua-chua-an-love-yogurt-tran-chau-duong-den-vi-4-hop-100gr\\\/#breadcrumb\"},\"inLanguage\":\"vi\",\"potentialAction\":[{\"@type\":\"ReadAction\",\"target\":[\"https:\\\/\\\/suatuyetvoi.com\\\/muasam\\\/san-pham\\\/sua-chua-an-love-yogurt-tran-chau-duong-den-vi-4-hop-100gr\\\/\"]}]},{\"@type\":\"ImageObject\",\"inLanguage\":\"vi\",\"@id\":\"https:\\\/\\\/suatuyetvoi.com\\\/muasam\\\/san-pham\\\/sua-chua-an-love-yogurt-tran-chau-duong-den-vi-4-hop-100gr\\\/#primaryimage\",\"url\":\"https:\\\/\\\/suatuyetvoi.com\\\/muasam\\\/wp-content\\\/uploads\\\/2023\\\/03\\\/loc_sca_vnm_tran_chau_duong_den__1__a942831f24dc4a6f9fefd20157b45391.webp\",\"contentUrl\":\"https:\\\/\\\/suatuyetvoi.com\\\/muasam\\\/wp-content\\\/uploads\\\/2023\\\/03\\\/loc_sca_vnm_tran_chau_duong_den__1__a942831f24dc4a6f9fefd20157b45391.webp\",\"width\":1200,\"height\":1259},{\"@type\":\"BreadcrumbList\",\"@id\":\"https:\\\/\\\/suatuyetvoi.com\\\/muasam\\\/san-pham\\\/sua-chua-an-love-yogurt-tran-chau-duong-den-vi-4-hop-100gr\\\/#breadcrumb\",\"itemListElement\":[{\"@type\":\"ListItem\",\"position\":1,\"name\":\"Home\",\"item\":\"https:\\\/\\\/suatuyetvoi.com\\\/muasam\\\/\"},{\"@type\":\"ListItem\",\"position\":2,\"name\":\"Shop\",\"item\":\"https:\\\/\\\/suatuyetvoi.com\\\/muasam\\\/shop\\\/\"},{\"@type\":\"ListItem\",\"position\":3,\"name\":\"S\u1eefa chua \u0103n Love Yogurt tr\u00e2n ch\u00e2u \u0111\u01b0\u1eddng \u0111en &#8211; V\u1ec9 4 h\u1ee3p 100gr\"}]},{\"@type\":\"WebSite\",\"@id\":\"https:\\\/\\\/suatuyetvoi.com\\\/muasam\\\/#website\",\"url\":\"https:\\\/\\\/suatuyetvoi.com\\\/muasam\\\/\",\"name\":\"S\u1eefa Tuy\u1ec7t V\u1eddi\",\"description\":\"S\u1eefa Tuy\u1ec7t V\u1eddi Vi\u1ec7t Nam\",\"potentialAction\":[{\"@type\":\"SearchAction\",\"target\":{\"@type\":\"EntryPoint\",\"urlTemplate\":\"https:\\\/\\\/suatuyetvoi.com\\\/muasam\\\/?s={search_term_string}\"},\"query-input\":{\"@type\":\"PropertyValueSpecification\",\"valueRequired\":true,\"valueName\":\"search_term_string\"}}],\"inLanguage\":\"vi\"}]}<\/script>\n<!-- \/ Yoast SEO plugin. -->","yoast_head_json":{"title":"S\u1eefa chua \u0103n Love Yogurt tr\u00e2n ch\u00e2u \u0111\u01b0\u1eddng \u0111en - V\u1ec9 4 h\u1ee3p 100gr","description":"S\u1eefa chua s\u00e1nh m\u1ecbn h\u00f2a quy\u1ec7n c\u00f9ng h\u01b0\u01a1ng v\u1ecb \u0111\u01b0\u1eddng \u0111en th\u01a1m ngon, tr\u00e2n ch\u00e2u gi\u00f2n dai ngon mi\u1ec7ng.S\u1eefa chua l\u00ean men t\u1ef1 nhi\u00ean, t\u1ed1t cho s\u1ee9c kh\u1ecfe.\u00a0","robots":{"index":"index","follow":"follow","max-snippet":"max-snippet:-1","max-image-preview":"max-image-preview:large","max-video-preview":"max-video-preview:-1"},"canonical":"https:\/\/suatuyetvoi.com\/muasam\/san-pham\/sua-chua-an-love-yogurt-tran-chau-duong-den-vi-4-hop-100gr\/","og_locale":"vi_VN","og_type":"article","og_title":"S\u1eefa chua \u0103n Love Yogurt tr\u00e2n ch\u00e2u \u0111\u01b0\u1eddng \u0111en - V\u1ec9 4 h\u1ee3p 100gr","og_description":"S\u1eefa chua s\u00e1nh m\u1ecbn h\u00f2a quy\u1ec7n c\u00f9ng h\u01b0\u01a1ng v\u1ecb \u0111\u01b0\u1eddng \u0111en th\u01a1m ngon, tr\u00e2n ch\u00e2u gi\u00f2n dai ngon mi\u1ec7ng.S\u1eefa chua l\u00ean men t\u1ef1 nhi\u00ean, s\u1eed d\u1ee5ng ch\u1ee7ng men Bulgaricus t\u1ed1t cho s\u1ee9c kh\u1ecfe.\u00a0","og_url":"https:\/\/suatuyetvoi.com\/muasam\/san-pham\/sua-chua-an-love-yogurt-tran-chau-duong-den-vi-4-hop-100gr\/","og_site_name":"S\u1eefa Tuy\u1ec7t V\u1eddi","article_modified_time":"2023-03-27T16:35:24+00:00","og_image":[{"width":1200,"height":1259,"url":"https:\/\/suatuyetvoi.com\/muasam\/wp-content\/uploads\/2023\/03\/loc_sca_vnm_tran_chau_duong_den__1__a942831f24dc4a6f9fefd20157b45391.webp","type":"image\/webp"}],"twitter_card":"summary_large_image","twitter_title":"S\u1eefa chua \u0103n Love Yogurt tr\u00e2n ch\u00e2u \u0111\u01b0\u1eddng \u0111en - V\u1ec9 4 h\u1ee3p 100gr","twitter_description":"S\u1eefa chua s\u00e1nh m\u1ecbn h\u00f2a quy\u1ec7n c\u00f9ng h\u01b0\u01a1ng v\u1ecb \u0111\u01b0\u1eddng \u0111en th\u01a1m ngon, tr\u00e2n ch\u00e2u gi\u00f2n dai ngon mi\u1ec7ng.S\u1eefa chua l\u00ean men t\u1ef1 nhi\u00ean, s\u1eed d\u1ee5ng ch\u1ee7ng men Bulgaricus t\u1ed1t cho s\u1ee9c kh\u1ecfe.\u00a0","twitter_misc":{"\u01af\u1edbc t\u00ednh th\u1eddi gian \u0111\u1ecdc":"1 ph\u00fat"},"schema":{"@context":"https:\/\/schema.org","@graph":[{"@type":"WebPage","@id":"https:\/\/suatuyetvoi.com\/muasam\/san-pham\/sua-chua-an-love-yogurt-tran-chau-duong-den-vi-4-hop-100gr\/","url":"https:\/\/suatuyetvoi.com\/muasam\/san-pham\/sua-chua-an-love-yogurt-tran-chau-duong-den-vi-4-hop-100gr\/","name":"S\u1eefa chua \u0103n Love Yogurt tr\u00e2n ch\u00e2u \u0111\u01b0\u1eddng \u0111en - V\u1ec9 4 h\u1ee3p 100gr","isPartOf":{"@id":"https:\/\/suatuyetvoi.com\/muasam\/#website"},"primaryImageOfPage":{"@id":"https:\/\/suatuyetvoi.com\/muasam\/san-pham\/sua-chua-an-love-yogurt-tran-chau-duong-den-vi-4-hop-100gr\/#primaryimage"},"image":{"@id":"https:\/\/suatuyetvoi.com\/muasam\/san-pham\/sua-chua-an-love-yogurt-tran-chau-duong-den-vi-4-hop-100gr\/#primaryimage"},"thumbnailUrl":"https:\/\/suatuyetvoi.com\/muasam\/wp-content\/uploads\/2023\/03\/loc_sca_vnm_tran_chau_duong_den__1__a942831f24dc4a6f9fefd20157b45391.webp","datePublished":"2023-03-27T16:34:03+00:00","dateModified":"2023-03-27T16:35:24+00:00","description":"S\u1eefa chua s\u00e1nh m\u1ecbn h\u00f2a quy\u1ec7n c\u00f9ng h\u01b0\u01a1ng v\u1ecb \u0111\u01b0\u1eddng \u0111en th\u01a1m ngon, tr\u00e2n ch\u00e2u gi\u00f2n dai ngon mi\u1ec7ng.S\u1eefa chua l\u00ean men t\u1ef1 nhi\u00ean, t\u1ed1t cho s\u1ee9c kh\u1ecfe.\u00a0","breadcrumb":{"@id":"https:\/\/suatuyetvoi.com\/muasam\/san-pham\/sua-chua-an-love-yogurt-tran-chau-duong-den-vi-4-hop-100gr\/#breadcrumb"},"inLanguage":"vi","potentialAction":[{"@type":"ReadAction","target":["https:\/\/suatuyetvoi.com\/muasam\/san-pham\/sua-chua-an-love-yogurt-tran-chau-duong-den-vi-4-hop-100gr\/"]}]},{"@type":"ImageObject","inLanguage":"vi","@id":"https:\/\/suatuyetvoi.com\/muasam\/san-pham\/sua-chua-an-love-yogurt-tran-chau-duong-den-vi-4-hop-100gr\/#primaryimage","url":"https:\/\/suatuyetvoi.com\/muasam\/wp-content\/uploads\/2023\/03\/loc_sca_vnm_tran_chau_duong_den__1__a942831f24dc4a6f9fefd20157b45391.webp","contentUrl":"https:\/\/suatuyetvoi.com\/muasam\/wp-content\/uploads\/2023\/03\/loc_sca_vnm_tran_chau_duong_den__1__a942831f24dc4a6f9fefd20157b45391.webp","width":1200,"height":1259},{"@type":"BreadcrumbList","@id":"https:\/\/suatuyetvoi.com\/muasam\/san-pham\/sua-chua-an-love-yogurt-tran-chau-duong-den-vi-4-hop-100gr\/#breadcrumb","itemListElement":[{"@type":"ListItem","position":1,"name":"Home","item":"https:\/\/suatuyetvoi.com\/muasam\/"},{"@type":"ListItem","position":2,"name":"Shop","item":"https:\/\/suatuyetvoi.com\/muasam\/shop\/"},{"@type":"ListItem","position":3,"name":"S\u1eefa chua \u0103n Love Yogurt tr\u00e2n ch\u00e2u \u0111\u01b0\u1eddng \u0111en &#8211; V\u1ec9 4 h\u1ee3p 100gr"}]},{"@type":"WebSite","@id":"https:\/\/suatuyetvoi.com\/muasam\/#website","url":"https:\/\/suatuyetvoi.com\/muasam\/","name":"S\u1eefa Tuy\u1ec7t V\u1eddi","description":"S\u1eefa Tuy\u1ec7t V\u1eddi Vi\u1ec7t Nam","potentialAction":[{"@type":"SearchAction","target":{"@type":"EntryPoint","urlTemplate":"https:\/\/suatuyetvoi.com\/muasam\/?s={search_term_string}"},"query-input":{"@type":"PropertyValueSpecification","valueRequired":true,"valueName":"search_term_string"}}],"inLanguage":"vi"}]}},"_links":{"self":[{"href":"https:\/\/suatuyetvoi.com\/muasam\/wp-json\/wp\/v2\/product\/6003","targetHints":{"allow":["GET"]}}],"collection":[{"href":"https:\/\/suatuyetvoi.com\/muasam\/wp-json\/wp\/v2\/product"}],"about":[{"href":"https:\/\/suatuyetvoi.com\/muasam\/wp-json\/wp\/v2\/types\/product"}],"replies":[{"embeddable":true,"href":"https:\/\/suatuyetvoi.com\/muasam\/wp-json\/wp\/v2\/comments?post=6003"}],"wp:featuredmedia":[{"embeddable":true,"href":"https:\/\/suatuyetvoi.com\/muasam\/wp-json\/wp\/v2\/media\/6007"}],"wp:attachment":[{"href":"https:\/\/suatuyetvoi.com\/muasam\/wp-json\/wp\/v2\/media?parent=6003"}],"wp:term":[{"taxonomy":"product_cat","embeddable":true,"href":"https:\/\/suatuyetvoi.com\/muasam\/wp-json\/wp\/v2\/product_cat?post=6003"},{"taxonomy":"product_tag","embeddable":true,"href":"https:\/\/suatuyetvoi.com\/muasam\/wp-json\/wp\/v2\/product_tag?post=6003"}],"curies":[{"name":"wp","href":"https:\/\/api.w.org\/{rel}","templated":true}]}}