{"id":5997,"date":"2023-03-27T23:18:53","date_gmt":"2023-03-27T16:18:53","guid":{"rendered":"https:\/\/suatuyetvoi.com\/muasam\/?post_type=product&#038;p=5997"},"modified":"2023-03-27T23:33:17","modified_gmt":"2023-03-27T16:33:17","slug":"sua-dau-nanh-goldsoy-co-duong-hop-giay-1l","status":"publish","type":"product","link":"https:\/\/suatuyetvoi.com\/muasam\/san-pham\/sua-dau-nanh-goldsoy-co-duong-hop-giay-1l\/","title":{"rendered":"S\u1eefa \u0111\u1eadu n\u00e0nh GoldSoy c\u00f3 \u0111\u01b0\u1eddng &#8211; H\u1ed9p gi\u1ea5y 1L"},"content":{"rendered":"<div class=\"content full\">\n<div id=\"motasanpham\" class=\"clearfix\">\n<h2>M\u00d4 T\u1ea2 S\u1ea2N PH\u1ea8M<\/h2>\n<div>Quy c\u00e1ch th\u00f9ng:\u00a012 h\u1ed9p\/th\u00f9ng<\/div>\n<div><\/div>\n<div><strong>Th\u1ef1c ph\u1ea9m b\u1ed5 sung\u00a0S\u1eefa \u0111\u1eadu n\u00e0nh GoldSoy c\u00f3 \u0111\u01b0\u1eddng &#8211; H\u1ed9p gi\u1ea5y 1L<\/strong><\/div>\n<div><\/div>\n<div>Vinamilk gi\u1edbi thi\u1ec7u d\u00f2ng s\u1ea3n ph\u1ea9m s\u1eefa \u0111\u1eadu n\u00e0nh GoldSoy gi\u00e0u \u0111\u1ea1m \u0111\u01b0\u1ee3c l\u00e0m t\u1eeb 100% h\u1ea1t \u0111\u1eadu n\u00e0nh kh\u00f4ng bi\u1ebfn \u0111\u1ed5i gen: gi\u00e0u \u0111\u1ea1m, t\u01b0\u01a1i ngon v\u00e0 an to\u00e0n cho s\u1ee9c kho\u1ebb.<\/div>\n<div><\/div>\n<div>S\u1eefa \u0111\u1eadu n\u00e0nh GoldSoy:<\/div>\n<div>\u2022 C\u00f3 \u0111\u1ebfn 3,2g \u0111\u1ea1m\/100ml. C\u00f3 h\u01b0\u01a1ng v\u1ecb t\u01b0\u01a1i ngon t\u1ef1 nhi\u00ean, cung c\u1ea5p ngu\u1ed3n dinh d\u01b0\u1ee1ng thi\u1ebft y\u1ebfu m\u1ed7i ng\u00e0y cho c\u01a1 th\u1ec3.<\/div>\n<div>\u2022 B\u1ed5 sung vitamin D (16.7IU\/100ml) v\u00e0 canxi (60mg\/100ml) h\u1ed7 tr\u1ee3 h\u1ec7 x\u01b0\u01a1ng, gi\u00fap c\u01a1 th\u1ec3 lu\u00f4n d\u1ebbo dai, gi\u1eef cho m\u1ed7i ng\u00e0y lu\u00f4n n\u0103ng \u0111\u1ed9ng.<\/div>\n<div>\u2022 C\u1ed5 v\u0169 xu h\u01b0\u1edbng s\u1ed1ng xanh, ch\u1ee7 \u0111\u1ed9ng l\u1ef1a ch\u1ecdn th\u1ef1c ph\u1ea9m th\u00f4ng minh, g\u1ea7n v\u1edbi thi\u00ean nhi\u00ean, an to\u00e0n cho s\u1ee9c kho\u1ebb.<\/p>\n<div>\u0110\u1eb7c \u0111i\u1ec3m n\u1ed5i tr\u1ed9i<\/div>\n<div>\u2022 GoldSoy l\u00e0m t\u1eeb 100% h\u1ea1t \u0111\u1eadu n\u00e0nh kh\u00f4ng bi\u1ebfn \u0111\u1ed5i gen.<\/div>\n<div>\u2022 S\u1ea3n ph\u1ea9m kh\u00f4ng ch\u1ea5t b\u1ea3o qu\u1ea3n nh\u01b0ng v\u1eabn gi\u1eef \u0111\u01b0\u1ee3c v\u1ecb th\u01a1m ngon c\u1ee7a \u0111\u1eadu n\u00e0nh t\u1ef1 nhi\u00ean.<\/p>\n<hr \/>\n<\/div>\n<div>\n<div class=\"title_news\">\n<h1><strong>Ch\u1ecdn s\u1eefa \u0111\u1eadu n\u00e0nh t\u1ed1t cho s\u1ee9c kh\u1ecfe<\/strong><\/h1>\n<\/div>\n<h3 class=\"short_intro txt_666\">S\u1eefa \u0111\u1eadu n\u00e0nh l\u00e0 th\u1ee9c u\u1ed1ng c\u00f3 l\u1ee3i cho s\u1ee9c kh\u1ecfe n\u00ean \u0111\u01b0\u1ee3c nhi\u1ec1u ng\u01b0\u1eddi \u01b0a chu\u1ed9ng, \u0111\u1eb7c bi\u1ec7t l\u00e0 nh\u1eefng s\u1ea3n ph\u1ea9m c\u00f3 ngu\u1ed3n g\u1ed1c ho\u00e0n to\u00e0n t\u1ef1 nhi\u00ean, kh\u00f4ng c\u00f3 s\u1ef1 can thi\u1ec7p c\u1ee7a c\u00f4ng ngh\u1ec7 bi\u1ebfn \u0111\u1ed5i gen.<\/h3>\n<div id=\"left_calculator\">\n<div class=\"fck_detail width_common block_ads_connect\">\n<p class=\"Normal\">Th\u1ef1c ph\u1ea9m bi\u1ebfn \u0111\u1ed5i gen gi\u00fap gi\u1ea3m chi ph\u00ed s\u1ea3n xu\u1ea5t, t\u0103ng s\u1ea3n l\u01b0\u1ee3ng v\u00e0 l\u1ee3i nhu\u1eadn. V\u1edbi nh\u1eefng \u01b0u \u0111i\u1ec3m \u0111\u00f3, nhi\u1ec1u n\u01a1i \u0111\u00e3 \u00e1p d\u1ee5ng c\u00f4ng ngh\u1ec7 bi\u1ebfn \u0111\u1ed5i gen v\u00e0o s\u1ea3n xu\u1ea5t tr\u00e0n lan, trong \u0111\u00f3 c\u00f3 c\u1ea3 \u0111\u1eadu n\u00e0nh. V\u00ec v\u1eady, \u0111i\u1ec1u quan tr\u1ecdng l\u00e0 l\u00e0m sao \u0111\u1ec3 l\u1ef1a ch\u1ecdn \u0111\u01b0\u1ee3c m\u1ed9t s\u1ea3n ph\u1ea9m s\u1eefa \u0111\u1eadu n\u00e0nh th\u00edch h\u1ee3p, ho\u00e0n to\u00e0n t\u1ef1 nhi\u00ean.<\/p>\n<h3 class=\"SubTitle\">L\u1ee3i \u00edch c\u1ee7a s\u1eefa \u0111\u1eadu n\u00e0nh<\/h3>\n<p class=\"Normal\">Kh\u00f4ng nh\u1eefng ch\u1ee9a nhi\u1ec1u lo\u1ea1i a-x\u00edt amin c\u1ea7n thi\u1ebft cho c\u01a1 th\u1ec3 c\u00f9ng c\u00e1c kho\u00e1ng ch\u1ea5t nh\u01b0 can-xi, s\u1eaft, ma-gi\u00ea, ph\u1ed1t-pho, ka-li\u2026 s\u1eefa \u0111\u1eadu n\u00e0nh l\u00e0 ngu\u1ed3n th\u1ef1c ph\u1ea9m t\u1ed1t, gi\u00e0u ch\u1ea5t x\u01a1 n\u00ean r\u1ea5t t\u1ed1t cho h\u1ec7 ti\u00eau h\u00f3a. S\u1eefa \u0111\u1eadu n\u00e0nh gi\u00fap ng\u0103n ng\u1eeba b\u1ec7nh tim, m\u1ed9t s\u1ed1 b\u1ec7nh ung th\u01b0 v\u00e0 lo\u00e3ng x\u01b0\u01a1ng.<\/p>\n<p class=\"Normal\">Ngo\u00e0i ra, s\u1eefa \u0111\u1eadu n\u00e0nh c\u00f2n gi\u00e0u lecithin, vitamin nh\u00f3m B v\u00e0 vitamin E, gi\u00fap duy tr\u00ec l\u00e0n da kh\u1ecfe m\u1ea1nh. Trung b\u00ecnh \u0111\u1ec1u \u0111\u1eb7n u\u1ed1ng m\u1ed9t \u0111\u1ebfn hai ly s\u1eefa \u0111\u1eadu n\u00e0nh m\u1ed7i ng\u00e0y s\u1ebd gi\u00fap ch\u00fang ta t\u0103ng c\u01b0\u1eddng s\u1ee9c kh\u1ecfe, duy tr\u00ec v\u1ebb \u0111\u1eb9p c\u1ee7a v\u00f3c d\u00e1ng v\u00e0 l\u00e0n da.<\/p>\n<h3 class=\"SubTitle\">Ch\u1ecdn s\u1ea3n ph\u1ea9m c\u00f3 ngu\u1ed3n g\u1ed1c t\u1ef1 nhi\u00ean<\/h3>\n<p class=\"Normal\">Hi\u1ec7n nay, \u1edf m\u1ed9t s\u1ed1 qu\u1ed1c gia, nhi\u1ec1u ng\u01b0\u1eddi \u00e1p d\u1ee5ng c\u00f4ng ngh\u1ec7 bi\u1ebfn \u0111\u1ed5i gen trong s\u1ea3n xu\u1ea5t m\u1ed9t s\u1ed1 s\u1ea3n ph\u1ea9m n\u00f4ng nghi\u1ec7p. \u0110i\u1ec1u n\u00e0y \u0111\u1ed3ng ngh\u0129a v\u1edbi vi\u1ec7c th\u1ef1c ph\u1ea9m ch\u00fang ta \u0103n u\u1ed1ng h\u1eb1ng ng\u00e0y \u0111\u00e2u \u0111\u00f3 v\u1eabn \u0111i t\u1eeb nh\u1eefng nguy\u00ean li\u1ec7u c\u00f3 bi\u1ebfn \u0111\u1ed5i gen.<\/p>\n<p class=\"Normal\">Xu\u1ea5t ph\u00e1t t\u1eeb m\u1ee5c \u0111\u00edch t\u1ea1o ra nh\u1eefng s\u1ea3n ph\u1ea9m c\u00f3 nh\u1eefng t\u00ednh n\u0103ng \u01b0u vi\u1ec7t, con ng\u01b0\u1eddi \u0111\u00e3 \u00e1p d\u1ee5ng c\u00f4ng ngh\u1ec7 sinh h\u1ecdc hi\u1ec7n \u0111\u1ea1i v\u00e0o c\u00e2y tr\u1ed3ng, v\u1eadt nu\u00f4i \u0111\u1ec3 t\u1ea1o ra nh\u1eefng b\u1ed9 gen nh\u01b0 mong mu\u1ed1n. D\u00f9 ch\u01b0a c\u00f3 b\u00e1o c\u00e1o khoa h\u1ecdc n\u00e0o ch\u1ee9ng minh v\u1ec1 \u1ea3nh h\u01b0\u1edfng c\u1ee7a th\u1ef1c ph\u1ea9m bi\u1ebfn \u0111\u1ed5i gen \u0111\u1ed1i v\u1edbi con ng\u01b0\u1eddi nh\u01b0ng c\u00e1c nh\u00e0 khoa h\u1ecdc t\u1ea1i nhi\u1ec1u qu\u1ed1c gia ti\u00ean ti\u1ebfn tr\u00ean th\u1ebf gi\u1edbi v\u1eabn khuy\u00ean ng\u01b0\u1eddi ti\u00eau d\u00f9ng n\u00ean l\u1ef1a ch\u1ecdn th\u1ef1c ph\u1ea9m kh\u00f4ng bi\u1ebfn \u0111\u1ed5i gen, v\u00ec nh\u1eefng g\u00ec \u0111\u1ebfn t\u1eeb thi\u00ean nhi\u00ean \u0111\u1ec1u thu\u1ea7n khi\u1ebft v\u00e0 t\u1ed1t cho s\u1ee9c kh\u1ecfe.<\/p>\n<h3 class=\"SubTitle\">Ng\u01b0\u1eddi ti\u00eau d\u00f9ng c\u00f3 quy\u1ec1n l\u1ef1a ch\u1ecdn<\/h3>\n<p class=\"Normal\">V\u1edbi nh\u1eefng lo\u1ea1i tr\u00e1i c\u00e2y bi\u1ebfn \u0111\u1ed5i gen, ng\u01b0\u1eddi ti\u00eau d\u00f9ng d\u1ec5 d\u00e0ng nh\u1eadn bi\u1ebft nh\u01b0ng v\u1edbi nh\u1eefng s\u1ea3n ph\u1ea9m \u0111\u00e3 qua ch\u1ebf bi\u1ebfn, ng\u01b0\u1eddi ti\u00eau d\u00f9ng kh\u00f3 ph\u00e2n bi\u1ebft \u0111\u01b0\u1ee3c. \u1ede n\u01b0\u1edbc ta, m\u1eb7c d\u00f9 \u0111\u00e3 c\u00f3 quy \u0111\u1ecbnh s\u1ea3n ph\u1ea9m c\u00f3 s\u1eed d\u1ee5ng nguy\u00ean li\u1ec7u bi\u1ebfn \u0111\u1ed5i gen v\u1edbi t\u1ef7 l\u1ec7 tr\u00ean 5% ph\u1ea3i ghi r\u00f5 tr\u00ean nh\u00e3n m\u00e1c nh\u01b0ng vi\u1ec7c \u00e1p d\u1ee5ng v\u1eabn ch\u01b0a \u0111\u01b0\u1ee3c th\u1ef1c hi\u1ec7n n\u00ean ng\u01b0\u1eddi ti\u00eau d\u00f9ng v\u1eabn thi\u1ebfu th\u00f4ng tin khi l\u1ef1a ch\u1ecdn th\u1ef1c ph\u1ea9m.<\/p>\n<p class=\"Normal\">Khi m\u1eb7t l\u1ee3i v\u00e0 m\u1eb7t h\u1ea1i c\u1ee7a th\u1ef1c ph\u1ea9m bi\u1ebfn \u0111\u1ed5i gen ch\u01b0a \u0111\u01b0\u1ee3c c\u00f4ng b\u1ed1 r\u00f5 r\u00e0ng th\u00ec ng\u01b0\u1eddi ti\u00eau d\u00f9ng c\u00f3 quy\u1ec1n c\u00e2n nh\u1eafc v\u00e0 l\u1ef1a ch\u1ecdn nh\u1eefng s\u1ea3n ph\u1ea9m an to\u00e0n v\u00e0 ph\u00f9 h\u1ee3p cho s\u1ee9c kh\u1ecfe c\u1ee7a m\u00ecnh. \u0110\u1ed1i v\u1edbi s\u1eefa \u0111\u1eadu n\u00e0nh, \u0111i\u1ec1u quan tr\u1ecdng l\u00e0 b\u1ea1n n\u00ean ch\u1ecdn mua s\u1eefa \u0111\u1eadu n\u00e0nh t\u1eeb th\u01b0\u01a1ng hi\u1ec7u uy t\u00edn, c\u00f3 cam k\u1ebft s\u1ea3n ph\u1ea9m ch\u1ebf bi\u1ebfn t\u1eeb nguy\u00ean li\u1ec7u t\u1ef1 nhi\u00ean.<\/p>\n<p class=\"Normal\">V\u1edbi s\u1ef1 ra \u0111\u1eddi c\u1ee7a s\u1ea3n ph\u1ea9m s\u1eefa \u0111\u1eadu n\u00e0nh gi\u00e0u \u0111\u1ea1m GoldSoy l\u00e0m t\u1eeb 100% h\u1ea1t \u0111\u1eadu n\u00e0nh kh\u00f4ng bi\u1ebfn \u0111\u1ed5i gen, Vinamilk \u0111\u00e3 mang \u0111\u1ebfn cho ng\u01b0\u1eddi ti\u00eau d\u00f9ng quy\u1ec1n \u0111\u01b0\u1ee3c l\u1ef1a ch\u1ecdn s\u1ea3n ph\u1ea9m an to\u00e0n s\u1ee9c kh\u1ecfe, g\u00f3p ph\u1ea7n c\u1ed5 v\u0169 xu h\u01b0\u1edbng s\u1ed1ng h\u01b0\u1edbng v\u1ec1 thi\u00ean nhi\u00ean.<\/p>\n<p class=\"Normal\">B\u00ean c\u1ea1nh vi\u1ec7c s\u1eed d\u1ee5ng ngu\u1ed3n nguy\u00ean li\u1ec7u l\u00e0 100% h\u1ea1t \u0111\u1eadu n\u00e0nh kh\u00f4ng bi\u1ebfn \u0111\u1ed5i gen nh\u1eadp kh\u1ea9u t\u1eeb B\u1eafc M\u1ef9, GoldSoy l\u00e0 s\u1ea3n ph\u1ea9m s\u1eefa \u0111\u1eadu n\u00e0nh gi\u00e0u \u0111\u1ea1m tr\u00ean th\u1ecb tr\u01b0\u1eddng hi\u1ec7n nay v\u1edbi 3,4 g \u0111\u1ea1m trong 100 ml. \u0110\u1eb7c bi\u1ec7t \u0111\u1ea1m \u0111\u1eadu n\u00e0nh r\u1ea5t t\u1ed1t cho h\u1ec7 tim m\u1ea1ch c\u0169ng nh\u01b0 s\u1ee9c kh\u1ecfe c\u1ee7a ng\u01b0\u1eddi ti\u00eau d\u00f9ng. \u0110\u1ed3ng th\u1eddi, GoldSoy c\u0169ng l\u00e0 lo\u1ea1i s\u1eefa \u0111\u1eadu n\u00e0nh \u0111\u1ea7u ti\u00ean c\u00f3 b\u1ed5 sung Vitamin D (16.7 IU\/100 ml) v\u00e0 canxi (60 mg\/100 ml) c\u00f3 t\u00e1c d\u1ee5ng ng\u0103n ng\u1eeba lo\u00e3ng x\u01b0\u01a1ng, gi\u00fap x\u01b0\u01a1ng ch\u1eafc kh\u1ecfe.<\/p>\n<\/div>\n<\/div>\n<\/div>\n<\/div>\n<\/div>\n<\/div>\n","protected":false},"excerpt":{"rendered":"<p>H\u1ec7 d\u01b0\u1ee1ng ch\u1ea5t IQ Plus ph\u00e1t tri\u1ec3n n\u00e3o b\u1ed9<br \/>\nT\u0103ng c\u01b0\u1eddng \u0111\u1ec1 kh\u00e1ng v\u00e0 ti\u00eau h\u00f3a kh\u1ecfe m\u1ea1nh<br \/>\nGi\u00fap h\u1ea5p thu Canxi t\u1ed1t<\/p>\n","protected":false},"featured_media":6005,"comment_status":"open","ping_status":"closed","template":"","meta":[],"product_cat":[514],"product_tag":[561,560],"class_list":["post-5997","product","type-product","status-publish","has-post-thumbnail","hentry","product_cat-sua-hat","product_tag-chac-khoe-xuong","product_tag-hap-thu-canxi","berocket_brand-vinamilk"],"yoast_head":"<!-- This site is optimized with the Yoast SEO plugin v27.6 - https:\/\/yoast.com\/product\/yoast-seo-wordpress\/ -->\n<title>S\u1eefa \u0111\u1eadu n\u00e0nh GoldSoy c\u00f3 \u0111\u01b0\u1eddng - H\u1ed9p gi\u1ea5y 1L - \u0110ang Khuy\u1ebfn m\u00e3i<\/title>\n<meta name=\"description\" content=\"Vinamilk gi\u1edbi thi\u1ec7u d\u00f2ng s\u1ea3n ph\u1ea9m s\u1eefa \u0111\u1eadu n\u00e0nh GoldSoy gi\u00e0u \u0111\u1ea1m \u0111\u01b0\u1ee3c l\u00e0m t\u1eeb 100% h\u1ea1t \u0111\u1eadu n\u00e0nh kh\u00f4ng bi\u1ebfn \u0111\u1ed5i gen: gi\u00e0u \u0111\u1ea1m, t\u01b0\u01a1i ngon v\u00e0 an to\u00e0n cho s\u1ee9c kho\u1ebb.\" \/>\n<meta name=\"robots\" content=\"index, follow, max-snippet:-1, max-image-preview:large, max-video-preview:-1\" \/>\n<link rel=\"canonical\" href=\"https:\/\/suatuyetvoi.com\/muasam\/san-pham\/sua-dau-nanh-goldsoy-co-duong-hop-giay-1l\/\" \/>\n<meta property=\"og:locale\" content=\"vi_VN\" \/>\n<meta property=\"og:type\" content=\"article\" \/>\n<meta property=\"og:title\" content=\"S\u1eefa t\u01b0\u01a1i ti\u1ec7t tr\u00f9ng c\u00f3 \u0111\u01b0\u1eddng Vinamilk 100% S\u1eefa t\u01b0\u01a1i - Th\u00f9ng 48 b\u1ecbch x 220ml - \u0110ang Khuy\u1ebfn m\u00e3i\" \/>\n<meta property=\"og:description\" content=\"Vinamilk S\u1eefa t\u01b0\u01a1i d\u1ea1ng b\u1ecbch 220ml \u0111\u01b0\u1ee3c l\u00e0m t\u1eeb 100% s\u1eefa b\u00f2 t\u01b0\u01a1i nguy\u00ean ch\u1ea5t t\u1eeb h\u1ec7 th\u1ed1ng trang tr\u1ea1i chu\u1ea9n Qu\u1ed1c t\u1ebf l\u1edbn nh\u1ea5t Ch\u00e2u \u00c1.\" \/>\n<meta property=\"og:url\" content=\"https:\/\/suatuyetvoi.com\/muasam\/san-pham\/sua-dau-nanh-goldsoy-co-duong-hop-giay-1l\/\" \/>\n<meta property=\"og:site_name\" content=\"S\u1eefa Tuy\u1ec7t V\u1eddi\" \/>\n<meta property=\"article:modified_time\" content=\"2023-03-27T16:33:17+00:00\" \/>\n<meta property=\"og:image\" content=\"https:\/\/suatuyetvoi.com\/muasam\/wp-content\/uploads\/2023\/03\/sdn-goldsoy-cd-1l-chinh-800x_fe4fb39f7c65474985efe3c4add56494-removebg-preview.png\" \/>\n\t<meta property=\"og:image:width\" content=\"500\" \/>\n\t<meta property=\"og:image:height\" content=\"500\" \/>\n\t<meta property=\"og:image:type\" content=\"image\/png\" \/>\n<meta name=\"twitter:card\" content=\"summary_large_image\" \/>\n<meta name=\"twitter:title\" content=\"S\u1eefa t\u01b0\u01a1i ti\u1ec7t tr\u00f9ng c\u00f3 \u0111\u01b0\u1eddng Vinamilk 100% S\u1eefa t\u01b0\u01a1i - Th\u00f9ng 48 b\u1ecbch x 220ml - \u0110ang Khuy\u1ebfn m\u00e3i\" \/>\n<meta name=\"twitter:description\" content=\"Vinamilk S\u1eefa t\u01b0\u01a1i d\u1ea1ng b\u1ecbch 220ml \u0111\u01b0\u1ee3c l\u00e0m t\u1eeb 100% s\u1eefa b\u00f2 t\u01b0\u01a1i nguy\u00ean ch\u1ea5t t\u1eeb h\u1ec7 th\u1ed1ng trang tr\u1ea1i chu\u1ea9n Qu\u1ed1c t\u1ebf l\u1edbn nh\u1ea5t Ch\u00e2u \u00c1.\" \/>\n<meta name=\"twitter:label1\" content=\"\u01af\u1edbc t\u00ednh th\u1eddi gian \u0111\u1ecdc\" \/>\n\t<meta name=\"twitter:data1\" content=\"5 ph\u00fat\" \/>\n<script type=\"application\/ld+json\" class=\"yoast-schema-graph\">{\"@context\":\"https:\\\/\\\/schema.org\",\"@graph\":[{\"@type\":\"WebPage\",\"@id\":\"https:\\\/\\\/suatuyetvoi.com\\\/muasam\\\/san-pham\\\/sua-dau-nanh-goldsoy-co-duong-hop-giay-1l\\\/\",\"url\":\"https:\\\/\\\/suatuyetvoi.com\\\/muasam\\\/san-pham\\\/sua-dau-nanh-goldsoy-co-duong-hop-giay-1l\\\/\",\"name\":\"S\u1eefa \u0111\u1eadu n\u00e0nh GoldSoy c\u00f3 \u0111\u01b0\u1eddng - H\u1ed9p gi\u1ea5y 1L - \u0110ang Khuy\u1ebfn m\u00e3i\",\"isPartOf\":{\"@id\":\"https:\\\/\\\/suatuyetvoi.com\\\/muasam\\\/#website\"},\"primaryImageOfPage\":{\"@id\":\"https:\\\/\\\/suatuyetvoi.com\\\/muasam\\\/san-pham\\\/sua-dau-nanh-goldsoy-co-duong-hop-giay-1l\\\/#primaryimage\"},\"image\":{\"@id\":\"https:\\\/\\\/suatuyetvoi.com\\\/muasam\\\/san-pham\\\/sua-dau-nanh-goldsoy-co-duong-hop-giay-1l\\\/#primaryimage\"},\"thumbnailUrl\":\"https:\\\/\\\/suatuyetvoi.com\\\/muasam\\\/wp-content\\\/uploads\\\/2023\\\/03\\\/sdn-goldsoy-cd-1l-chinh-800x_fe4fb39f7c65474985efe3c4add56494-removebg-preview.png\",\"datePublished\":\"2023-03-27T16:18:53+00:00\",\"dateModified\":\"2023-03-27T16:33:17+00:00\",\"description\":\"Vinamilk gi\u1edbi thi\u1ec7u d\u00f2ng s\u1ea3n ph\u1ea9m s\u1eefa \u0111\u1eadu n\u00e0nh GoldSoy gi\u00e0u \u0111\u1ea1m \u0111\u01b0\u1ee3c l\u00e0m t\u1eeb 100% h\u1ea1t \u0111\u1eadu n\u00e0nh kh\u00f4ng bi\u1ebfn \u0111\u1ed5i gen: gi\u00e0u \u0111\u1ea1m, t\u01b0\u01a1i ngon v\u00e0 an to\u00e0n cho s\u1ee9c kho\u1ebb.\",\"breadcrumb\":{\"@id\":\"https:\\\/\\\/suatuyetvoi.com\\\/muasam\\\/san-pham\\\/sua-dau-nanh-goldsoy-co-duong-hop-giay-1l\\\/#breadcrumb\"},\"inLanguage\":\"vi\",\"potentialAction\":[{\"@type\":\"ReadAction\",\"target\":[\"https:\\\/\\\/suatuyetvoi.com\\\/muasam\\\/san-pham\\\/sua-dau-nanh-goldsoy-co-duong-hop-giay-1l\\\/\"]}]},{\"@type\":\"ImageObject\",\"inLanguage\":\"vi\",\"@id\":\"https:\\\/\\\/suatuyetvoi.com\\\/muasam\\\/san-pham\\\/sua-dau-nanh-goldsoy-co-duong-hop-giay-1l\\\/#primaryimage\",\"url\":\"https:\\\/\\\/suatuyetvoi.com\\\/muasam\\\/wp-content\\\/uploads\\\/2023\\\/03\\\/sdn-goldsoy-cd-1l-chinh-800x_fe4fb39f7c65474985efe3c4add56494-removebg-preview.png\",\"contentUrl\":\"https:\\\/\\\/suatuyetvoi.com\\\/muasam\\\/wp-content\\\/uploads\\\/2023\\\/03\\\/sdn-goldsoy-cd-1l-chinh-800x_fe4fb39f7c65474985efe3c4add56494-removebg-preview.png\",\"width\":500,\"height\":500},{\"@type\":\"BreadcrumbList\",\"@id\":\"https:\\\/\\\/suatuyetvoi.com\\\/muasam\\\/san-pham\\\/sua-dau-nanh-goldsoy-co-duong-hop-giay-1l\\\/#breadcrumb\",\"itemListElement\":[{\"@type\":\"ListItem\",\"position\":1,\"name\":\"Home\",\"item\":\"https:\\\/\\\/suatuyetvoi.com\\\/muasam\\\/\"},{\"@type\":\"ListItem\",\"position\":2,\"name\":\"Shop\",\"item\":\"https:\\\/\\\/suatuyetvoi.com\\\/muasam\\\/shop\\\/\"},{\"@type\":\"ListItem\",\"position\":3,\"name\":\"S\u1eefa \u0111\u1eadu n\u00e0nh GoldSoy c\u00f3 \u0111\u01b0\u1eddng &#8211; H\u1ed9p gi\u1ea5y 1L\"}]},{\"@type\":\"WebSite\",\"@id\":\"https:\\\/\\\/suatuyetvoi.com\\\/muasam\\\/#website\",\"url\":\"https:\\\/\\\/suatuyetvoi.com\\\/muasam\\\/\",\"name\":\"S\u1eefa Tuy\u1ec7t V\u1eddi\",\"description\":\"S\u1eefa Tuy\u1ec7t V\u1eddi Vi\u1ec7t Nam\",\"potentialAction\":[{\"@type\":\"SearchAction\",\"target\":{\"@type\":\"EntryPoint\",\"urlTemplate\":\"https:\\\/\\\/suatuyetvoi.com\\\/muasam\\\/?s={search_term_string}\"},\"query-input\":{\"@type\":\"PropertyValueSpecification\",\"valueRequired\":true,\"valueName\":\"search_term_string\"}}],\"inLanguage\":\"vi\"}]}<\/script>\n<!-- \/ Yoast SEO plugin. -->","yoast_head_json":{"title":"S\u1eefa \u0111\u1eadu n\u00e0nh GoldSoy c\u00f3 \u0111\u01b0\u1eddng - H\u1ed9p gi\u1ea5y 1L - \u0110ang Khuy\u1ebfn m\u00e3i","description":"Vinamilk gi\u1edbi thi\u1ec7u d\u00f2ng s\u1ea3n ph\u1ea9m s\u1eefa \u0111\u1eadu n\u00e0nh GoldSoy gi\u00e0u \u0111\u1ea1m \u0111\u01b0\u1ee3c l\u00e0m t\u1eeb 100% h\u1ea1t \u0111\u1eadu n\u00e0nh kh\u00f4ng bi\u1ebfn \u0111\u1ed5i gen: gi\u00e0u \u0111\u1ea1m, t\u01b0\u01a1i ngon v\u00e0 an to\u00e0n cho s\u1ee9c kho\u1ebb.","robots":{"index":"index","follow":"follow","max-snippet":"max-snippet:-1","max-image-preview":"max-image-preview:large","max-video-preview":"max-video-preview:-1"},"canonical":"https:\/\/suatuyetvoi.com\/muasam\/san-pham\/sua-dau-nanh-goldsoy-co-duong-hop-giay-1l\/","og_locale":"vi_VN","og_type":"article","og_title":"S\u1eefa t\u01b0\u01a1i ti\u1ec7t tr\u00f9ng c\u00f3 \u0111\u01b0\u1eddng Vinamilk 100% S\u1eefa t\u01b0\u01a1i - Th\u00f9ng 48 b\u1ecbch x 220ml - \u0110ang Khuy\u1ebfn m\u00e3i","og_description":"Vinamilk S\u1eefa t\u01b0\u01a1i d\u1ea1ng b\u1ecbch 220ml \u0111\u01b0\u1ee3c l\u00e0m t\u1eeb 100% s\u1eefa b\u00f2 t\u01b0\u01a1i nguy\u00ean ch\u1ea5t t\u1eeb h\u1ec7 th\u1ed1ng trang tr\u1ea1i chu\u1ea9n Qu\u1ed1c t\u1ebf l\u1edbn nh\u1ea5t Ch\u00e2u \u00c1.","og_url":"https:\/\/suatuyetvoi.com\/muasam\/san-pham\/sua-dau-nanh-goldsoy-co-duong-hop-giay-1l\/","og_site_name":"S\u1eefa Tuy\u1ec7t V\u1eddi","article_modified_time":"2023-03-27T16:33:17+00:00","og_image":[{"width":500,"height":500,"url":"https:\/\/suatuyetvoi.com\/muasam\/wp-content\/uploads\/2023\/03\/sdn-goldsoy-cd-1l-chinh-800x_fe4fb39f7c65474985efe3c4add56494-removebg-preview.png","type":"image\/png"}],"twitter_card":"summary_large_image","twitter_title":"S\u1eefa t\u01b0\u01a1i ti\u1ec7t tr\u00f9ng c\u00f3 \u0111\u01b0\u1eddng Vinamilk 100% S\u1eefa t\u01b0\u01a1i - Th\u00f9ng 48 b\u1ecbch x 220ml - \u0110ang Khuy\u1ebfn m\u00e3i","twitter_description":"Vinamilk S\u1eefa t\u01b0\u01a1i d\u1ea1ng b\u1ecbch 220ml \u0111\u01b0\u1ee3c l\u00e0m t\u1eeb 100% s\u1eefa b\u00f2 t\u01b0\u01a1i nguy\u00ean ch\u1ea5t t\u1eeb h\u1ec7 th\u1ed1ng trang tr\u1ea1i chu\u1ea9n Qu\u1ed1c t\u1ebf l\u1edbn nh\u1ea5t Ch\u00e2u \u00c1.","twitter_misc":{"\u01af\u1edbc t\u00ednh th\u1eddi gian \u0111\u1ecdc":"5 ph\u00fat"},"schema":{"@context":"https:\/\/schema.org","@graph":[{"@type":"WebPage","@id":"https:\/\/suatuyetvoi.com\/muasam\/san-pham\/sua-dau-nanh-goldsoy-co-duong-hop-giay-1l\/","url":"https:\/\/suatuyetvoi.com\/muasam\/san-pham\/sua-dau-nanh-goldsoy-co-duong-hop-giay-1l\/","name":"S\u1eefa \u0111\u1eadu n\u00e0nh GoldSoy c\u00f3 \u0111\u01b0\u1eddng - H\u1ed9p gi\u1ea5y 1L - \u0110ang Khuy\u1ebfn m\u00e3i","isPartOf":{"@id":"https:\/\/suatuyetvoi.com\/muasam\/#website"},"primaryImageOfPage":{"@id":"https:\/\/suatuyetvoi.com\/muasam\/san-pham\/sua-dau-nanh-goldsoy-co-duong-hop-giay-1l\/#primaryimage"},"image":{"@id":"https:\/\/suatuyetvoi.com\/muasam\/san-pham\/sua-dau-nanh-goldsoy-co-duong-hop-giay-1l\/#primaryimage"},"thumbnailUrl":"https:\/\/suatuyetvoi.com\/muasam\/wp-content\/uploads\/2023\/03\/sdn-goldsoy-cd-1l-chinh-800x_fe4fb39f7c65474985efe3c4add56494-removebg-preview.png","datePublished":"2023-03-27T16:18:53+00:00","dateModified":"2023-03-27T16:33:17+00:00","description":"Vinamilk gi\u1edbi thi\u1ec7u d\u00f2ng s\u1ea3n ph\u1ea9m s\u1eefa \u0111\u1eadu n\u00e0nh GoldSoy gi\u00e0u \u0111\u1ea1m \u0111\u01b0\u1ee3c l\u00e0m t\u1eeb 100% h\u1ea1t \u0111\u1eadu n\u00e0nh kh\u00f4ng bi\u1ebfn \u0111\u1ed5i gen: gi\u00e0u \u0111\u1ea1m, t\u01b0\u01a1i ngon v\u00e0 an to\u00e0n cho s\u1ee9c kho\u1ebb.","breadcrumb":{"@id":"https:\/\/suatuyetvoi.com\/muasam\/san-pham\/sua-dau-nanh-goldsoy-co-duong-hop-giay-1l\/#breadcrumb"},"inLanguage":"vi","potentialAction":[{"@type":"ReadAction","target":["https:\/\/suatuyetvoi.com\/muasam\/san-pham\/sua-dau-nanh-goldsoy-co-duong-hop-giay-1l\/"]}]},{"@type":"ImageObject","inLanguage":"vi","@id":"https:\/\/suatuyetvoi.com\/muasam\/san-pham\/sua-dau-nanh-goldsoy-co-duong-hop-giay-1l\/#primaryimage","url":"https:\/\/suatuyetvoi.com\/muasam\/wp-content\/uploads\/2023\/03\/sdn-goldsoy-cd-1l-chinh-800x_fe4fb39f7c65474985efe3c4add56494-removebg-preview.png","contentUrl":"https:\/\/suatuyetvoi.com\/muasam\/wp-content\/uploads\/2023\/03\/sdn-goldsoy-cd-1l-chinh-800x_fe4fb39f7c65474985efe3c4add56494-removebg-preview.png","width":500,"height":500},{"@type":"BreadcrumbList","@id":"https:\/\/suatuyetvoi.com\/muasam\/san-pham\/sua-dau-nanh-goldsoy-co-duong-hop-giay-1l\/#breadcrumb","itemListElement":[{"@type":"ListItem","position":1,"name":"Home","item":"https:\/\/suatuyetvoi.com\/muasam\/"},{"@type":"ListItem","position":2,"name":"Shop","item":"https:\/\/suatuyetvoi.com\/muasam\/shop\/"},{"@type":"ListItem","position":3,"name":"S\u1eefa \u0111\u1eadu n\u00e0nh GoldSoy c\u00f3 \u0111\u01b0\u1eddng &#8211; H\u1ed9p gi\u1ea5y 1L"}]},{"@type":"WebSite","@id":"https:\/\/suatuyetvoi.com\/muasam\/#website","url":"https:\/\/suatuyetvoi.com\/muasam\/","name":"S\u1eefa Tuy\u1ec7t V\u1eddi","description":"S\u1eefa Tuy\u1ec7t V\u1eddi Vi\u1ec7t Nam","potentialAction":[{"@type":"SearchAction","target":{"@type":"EntryPoint","urlTemplate":"https:\/\/suatuyetvoi.com\/muasam\/?s={search_term_string}"},"query-input":{"@type":"PropertyValueSpecification","valueRequired":true,"valueName":"search_term_string"}}],"inLanguage":"vi"}]}},"_links":{"self":[{"href":"https:\/\/suatuyetvoi.com\/muasam\/wp-json\/wp\/v2\/product\/5997","targetHints":{"allow":["GET"]}}],"collection":[{"href":"https:\/\/suatuyetvoi.com\/muasam\/wp-json\/wp\/v2\/product"}],"about":[{"href":"https:\/\/suatuyetvoi.com\/muasam\/wp-json\/wp\/v2\/types\/product"}],"replies":[{"embeddable":true,"href":"https:\/\/suatuyetvoi.com\/muasam\/wp-json\/wp\/v2\/comments?post=5997"}],"wp:featuredmedia":[{"embeddable":true,"href":"https:\/\/suatuyetvoi.com\/muasam\/wp-json\/wp\/v2\/media\/6005"}],"wp:attachment":[{"href":"https:\/\/suatuyetvoi.com\/muasam\/wp-json\/wp\/v2\/media?parent=5997"}],"wp:term":[{"taxonomy":"product_cat","embeddable":true,"href":"https:\/\/suatuyetvoi.com\/muasam\/wp-json\/wp\/v2\/product_cat?post=5997"},{"taxonomy":"product_tag","embeddable":true,"href":"https:\/\/suatuyetvoi.com\/muasam\/wp-json\/wp\/v2\/product_tag?post=5997"}],"curies":[{"name":"wp","href":"https:\/\/api.w.org\/{rel}","templated":true}]}}