{"id":5991,"date":"2023-03-27T23:19:20","date_gmt":"2023-03-27T16:19:20","guid":{"rendered":"https:\/\/suatuyetvoi.com\/muasam\/?post_type=product&#038;p=5991"},"modified":"2023-03-28T00:06:41","modified_gmt":"2023-03-27T17:06:41","slug":"sua-chua-an-love-yogurt-nep-cam-vi-4-hop-100g","status":"publish","type":"product","link":"https:\/\/suatuyetvoi.com\/muasam\/san-pham\/sua-chua-an-love-yogurt-nep-cam-vi-4-hop-100g\/","title":{"rendered":"S\u1eefa Chua \u0102n Love Yogurt N\u1ebfp C\u1ea9m &#8211; V\u1ec9 4 H\u1ed9p 100g"},"content":{"rendered":"<div class=\"content full\">\n<div id=\"motasanpham\" class=\"clearfix\">\n<p>Quy c\u00e1ch th\u00f9ng: 12 v\u1ec9\/th\u00f9ng<\/p>\n<p><strong>T\u00ean s\u1ea3n ph\u1ea9m: S\u1eefa Chua \u0102n Love Yogurt N\u1ebfp C\u1ea9m &#8211; V\u1ec9 4 H\u1ed9p 100g<\/strong><\/p>\n<p><strong>S\u1eeeA CHUA LOVE YOGURT N\u1ebeP C\u1ea8M &#8211; V\u1eca NGON TRUY\u1ec0N TH\u1ed0NG, NG\u01af\u1edcI NG\u01af\u1edcI \u0110\u1eaeM SAY<\/strong><\/p>\n<p>L\u00e0 m\u1ed9t ng\u01b0\u1eddi con g\u1ed1c B\u1eafc, m\u00f3n \u0103n v\u1eb7t kho\u00e1i kh\u1ea9u trong nh\u1eefng ng\u00e0y h\u00e8 n\u00f3ng n\u1ef1c hay chi\u1ec1u \u0111\u00f4ng se l\u1ea1nh c\u1ee7a m\u00ecnh th\u01b0\u1eddng l\u00e0 m\u1ed9t ly s\u1eefa chua n\u1ebfp c\u1ea9m tr\u00e0n \u0111\u1ea7y. C\u00e1i c\u1ea3m gi\u00e1c m\u00e1t l\u1ea1nh do s\u1eefa chua mang l\u1ea1i, c\u00f9ng v\u1edbi nh\u1eefng h\u1ea1t n\u1ebfp dai dai , th\u01a1m n\u1ed3ng trong mi\u1ec7ng th\u1eadt th\u00fa v\u1ecb, \u00a0lu\u00f4n l\u00e0 th\u00e0nh ph\u1ea9m \u0111\u00e1p \u1ee9ng \u0111\u01b0\u1ee3c y\u00eau c\u1ea7u trong quan ni\u1ec7m c\u1ee7a m\u1ed7i gia \u0111\u00ecnh x\u1ee9 B\u1eafc.<\/p>\n<p>M\u1edbi! S\u1eefa Chua \u0102n Love Yogurt N\u1ebfp C\u1ea9m \u0111\u1ea7y dinh d\u01b0\u1ee1ng, ngon kh\u00f3 c\u01b0\u1ee1ng, \u0111\u1eadm \u0111\u00e0 h\u01b0\u01a1ng v\u1ecb truy\u1ec1n th\u1ed1ng!<\/p>\n<p>B\u1eb1ng c\u00f4ng ngh\u1ec7 l\u00ean men t\u1ef1 nhi\u00ean \u0111\u1ea1t ti\u00eau chu\u1ea9n ch\u00e2u \u00c2u, s\u1ea3n ph\u1ea9m gi\u1eef \u0111\u01b0\u1ee3c tr\u1ecdn v\u1eb9n c\u00e1c ch\u1ea5t dinh d\u01b0\u1ee1ng t\u1eeb m\u1ed7i h\u1ea1t n\u1ebfp c\u1ea9m ng\u1ecdt d\u1ebbo v\u1edbi h\u01b0\u01a1ng v\u1ecb th\u01a1m n\u1ed3ng, quy\u1ec7n c\u00f9ng s\u1eefa chua s\u00e1nh m\u1ecbn. S\u1eefa Chua \u0102n Love Yogurt N\u1ebfp C\u1ea9m nhi\u1ec1u dinh d\u01b0\u1ee1ng v\u00e0 th\u01a1m ngon m\u00e0 c\u1ea3 nh\u00e0 kh\u00f4ng th\u1ec3 ch\u1ed1i t\u1eeb!<\/p>\n<p>S\u1ea3n ph\u1ea9m kh\u00f4ng s\u1eed d\u1ee5ng ch\u1ea5t b\u1ea3o qu\u1ea3n.<\/p>\n<p>H\u1ea1n s\u1eed d\u1ee5ng:\u00a045\u00a0ng\u00e0y.<\/p>\n<p><img loading=\"lazy\" decoding=\"async\" class=\"alignnone size-full wp-image-5992\" src=\"https:\/\/suatuyetvoi.com\/muasam\/wp-content\/uploads\/2023\/03\/sales_brief__vnm_love_yogurt_-_st-ch_t9-2020-10-min_41dbdb8801de4cc9996214e87eb8c749.webp\" alt=\"\" width=\"1080\" height=\"608\" srcset=\"https:\/\/suatuyetvoi.com\/muasam\/wp-content\/uploads\/2023\/03\/sales_brief__vnm_love_yogurt_-_st-ch_t9-2020-10-min_41dbdb8801de4cc9996214e87eb8c749.webp 1080w, https:\/\/suatuyetvoi.com\/muasam\/wp-content\/uploads\/2023\/03\/sales_brief__vnm_love_yogurt_-_st-ch_t9-2020-10-min_41dbdb8801de4cc9996214e87eb8c749-711x400.webp 711w, https:\/\/suatuyetvoi.com\/muasam\/wp-content\/uploads\/2023\/03\/sales_brief__vnm_love_yogurt_-_st-ch_t9-2020-10-min_41dbdb8801de4cc9996214e87eb8c749-768x432.webp 768w, https:\/\/suatuyetvoi.com\/muasam\/wp-content\/uploads\/2023\/03\/sales_brief__vnm_love_yogurt_-_st-ch_t9-2020-10-min_41dbdb8801de4cc9996214e87eb8c749-600x338.webp 600w\" sizes=\"auto, (max-width: 1080px) 100vw, 1080px\" \/><\/p>\n<p><img loading=\"lazy\" decoding=\"async\" class=\"alignnone size-full wp-image-5993\" src=\"https:\/\/suatuyetvoi.com\/muasam\/wp-content\/uploads\/2023\/03\/sales_brief__vnm_love_yogurt_-_st-ch_t9-2020-4-min_382704c335844b6aa06782dc667df39e.webp\" alt=\"\" width=\"1920\" height=\"1080\" srcset=\"https:\/\/suatuyetvoi.com\/muasam\/wp-content\/uploads\/2023\/03\/sales_brief__vnm_love_yogurt_-_st-ch_t9-2020-4-min_382704c335844b6aa06782dc667df39e.webp 1920w, https:\/\/suatuyetvoi.com\/muasam\/wp-content\/uploads\/2023\/03\/sales_brief__vnm_love_yogurt_-_st-ch_t9-2020-4-min_382704c335844b6aa06782dc667df39e-711x400.webp 711w, https:\/\/suatuyetvoi.com\/muasam\/wp-content\/uploads\/2023\/03\/sales_brief__vnm_love_yogurt_-_st-ch_t9-2020-4-min_382704c335844b6aa06782dc667df39e-1400x788.webp 1400w, https:\/\/suatuyetvoi.com\/muasam\/wp-content\/uploads\/2023\/03\/sales_brief__vnm_love_yogurt_-_st-ch_t9-2020-4-min_382704c335844b6aa06782dc667df39e-768x432.webp 768w, https:\/\/suatuyetvoi.com\/muasam\/wp-content\/uploads\/2023\/03\/sales_brief__vnm_love_yogurt_-_st-ch_t9-2020-4-min_382704c335844b6aa06782dc667df39e-1536x864.webp 1536w, https:\/\/suatuyetvoi.com\/muasam\/wp-content\/uploads\/2023\/03\/sales_brief__vnm_love_yogurt_-_st-ch_t9-2020-4-min_382704c335844b6aa06782dc667df39e-600x338.webp 600w\" sizes=\"auto, (max-width: 1920px) 100vw, 1920px\" \/><\/p>\n<\/div>\n<\/div>\n","protected":false},"excerpt":{"rendered":"<ul>\n<li>L\u1ed1c 4 h\u1ed9p. Th\u00f9ng 12 l\u1ed1c<\/li>\n<li>H\u1ea1t n\u1ebfp c\u1ea9m ng\u1ecdt d\u1ebbo v\u1edbi v\u1ecb ngon, th\u01a1m n\u1ed3ng, quy\u1ec7n c\u00f9ng s\u1eefa chua s\u00e1nh m\u1ecbn \u0111em l\u1ea1i ngu\u1ed3n dinh d\u01b0\u1ee1ng d\u1ed3i d\u00e0o.<\/li>\n<li>S\u1eefa chua l\u00ean men t\u1ef1 nhi\u00ean, s\u1eed d\u1ee5ng ch\u1ee7ng men thu\u1ea7n khi\u1ebft Bulgaricus t\u1ed1t cho s\u1ee9c kh\u1ecfe v\u1edbi c\u00f4ng ngh\u1ec7 men hi\u1ec7n \u0111\u1ea1i t\u1eeb ch\u00e2u \u00c2u.<\/li>\n<\/ul>\n","protected":false},"featured_media":5994,"comment_status":"open","ping_status":"closed","template":"","meta":[],"product_cat":[584],"product_tag":[586,585],"class_list":["post-5991","product","type-product","status-publish","has-post-thumbnail","hentry","product_cat-sua-chua-an","product_tag-dinh-duong-doi-dao","product_tag-sua-chua-len-men-tu-nhien","berocket_brand-vinamilk"],"yoast_head":"<!-- This site is optimized with the Yoast SEO plugin v27.6 - https:\/\/yoast.com\/product\/yoast-seo-wordpress\/ -->\n<title>S\u1eefa Chua \u0102n Love Yogurt N\u1ebfp C\u1ea9m - V\u1ec9 4 H\u1ed9p 100g<\/title>\n<meta name=\"description\" content=\"B\u1eb1ng c\u00f4ng ngh\u1ec7 l\u00ean men t\u1ef1 nhi\u00ean \u0111\u1ea1t ti\u00eau chu\u1ea9n ch\u00e2u \u00c2u, s\u1ea3n ph\u1ea9m gi\u1eef \u0111\u01b0\u1ee3c tr\u1ecdn v\u1eb9n c\u00e1c ch\u1ea5t dinh d\u01b0\u1ee1ng t\u1eeb m\u1ed7i h\u1ea1t n\u1ebfp c\u1ea9m ng\u1ecdt d\u1ebbo v\u1edbi h\u01b0\u01a1ng v\u1ecb th\u01a1m n\u1ed3ng\" \/>\n<meta name=\"robots\" content=\"index, follow, max-snippet:-1, max-image-preview:large, max-video-preview:-1\" \/>\n<link rel=\"canonical\" href=\"https:\/\/suatuyetvoi.com\/muasam\/san-pham\/sua-chua-an-love-yogurt-nep-cam-vi-4-hop-100g\/\" \/>\n<meta property=\"og:locale\" content=\"vi_VN\" \/>\n<meta property=\"og:type\" content=\"article\" \/>\n<meta property=\"og:title\" content=\"S\u1eefa Chua \u0102n Love Yogurt N\u1ebfp C\u1ea9m - V\u1ec9 4 H\u1ed9p 100g\" \/>\n<meta property=\"og:description\" content=\"B\u1eb1ng c\u00f4ng ngh\u1ec7 l\u00ean men t\u1ef1 nhi\u00ean \u0111\u1ea1t ti\u00eau chu\u1ea9n ch\u00e2u \u00c2u, s\u1ea3n ph\u1ea9m gi\u1eef \u0111\u01b0\u1ee3c tr\u1ecdn v\u1eb9n c\u00e1c ch\u1ea5t dinh d\u01b0\u1ee1ng t\u1eeb m\u1ed7i h\u1ea1t n\u1ebfp c\u1ea9m ng\u1ecdt d\u1ebbo v\u1edbi h\u01b0\u01a1ng v\u1ecb th\u01a1m n\u1ed3ng\" \/>\n<meta property=\"og:url\" content=\"https:\/\/suatuyetvoi.com\/muasam\/san-pham\/sua-chua-an-love-yogurt-nep-cam-vi-4-hop-100g\/\" \/>\n<meta property=\"og:site_name\" content=\"S\u1eefa Tuy\u1ec7t V\u1eddi\" \/>\n<meta property=\"article:modified_time\" content=\"2023-03-27T17:06:41+00:00\" \/>\n<meta property=\"og:image\" content=\"https:\/\/suatuyetvoi.com\/muasam\/wp-content\/uploads\/2023\/03\/loc_sca_vnm_nep_cam_9a1f4f456c6c4cb8b808fd895ad9f020_master.png\" \/>\n\t<meta property=\"og:image:width\" content=\"1200\" \/>\n\t<meta property=\"og:image:height\" content=\"1259\" \/>\n\t<meta property=\"og:image:type\" content=\"image\/png\" \/>\n<meta name=\"twitter:card\" content=\"summary_large_image\" \/>\n<meta name=\"twitter:title\" content=\"S\u1eefa Chua \u0102n Love Yogurt N\u1ebfp C\u1ea9m - V\u1ec9 4 H\u1ed9p 100g\" \/>\n<meta name=\"twitter:description\" content=\"B\u1eb1ng c\u00f4ng ngh\u1ec7 l\u00ean men t\u1ef1 nhi\u00ean \u0111\u1ea1t ti\u00eau chu\u1ea9n ch\u00e2u \u00c2u, s\u1ea3n ph\u1ea9m gi\u1eef \u0111\u01b0\u1ee3c tr\u1ecdn v\u1eb9n c\u00e1c ch\u1ea5t dinh d\u01b0\u1ee1ng t\u1eeb m\u1ed7i h\u1ea1t n\u1ebfp c\u1ea9m ng\u1ecdt d\u1ebbo v\u1edbi h\u01b0\u01a1ng v\u1ecb th\u01a1m n\u1ed3ng\" \/>\n<meta name=\"twitter:label1\" content=\"\u01af\u1edbc t\u00ednh th\u1eddi gian \u0111\u1ecdc\" \/>\n\t<meta name=\"twitter:data1\" content=\"2 ph\u00fat\" \/>\n<script type=\"application\/ld+json\" class=\"yoast-schema-graph\">{\"@context\":\"https:\\\/\\\/schema.org\",\"@graph\":[{\"@type\":\"WebPage\",\"@id\":\"https:\\\/\\\/suatuyetvoi.com\\\/muasam\\\/san-pham\\\/sua-chua-an-love-yogurt-nep-cam-vi-4-hop-100g\\\/\",\"url\":\"https:\\\/\\\/suatuyetvoi.com\\\/muasam\\\/san-pham\\\/sua-chua-an-love-yogurt-nep-cam-vi-4-hop-100g\\\/\",\"name\":\"S\u1eefa Chua \u0102n Love Yogurt N\u1ebfp C\u1ea9m - V\u1ec9 4 H\u1ed9p 100g\",\"isPartOf\":{\"@id\":\"https:\\\/\\\/suatuyetvoi.com\\\/muasam\\\/#website\"},\"primaryImageOfPage\":{\"@id\":\"https:\\\/\\\/suatuyetvoi.com\\\/muasam\\\/san-pham\\\/sua-chua-an-love-yogurt-nep-cam-vi-4-hop-100g\\\/#primaryimage\"},\"image\":{\"@id\":\"https:\\\/\\\/suatuyetvoi.com\\\/muasam\\\/san-pham\\\/sua-chua-an-love-yogurt-nep-cam-vi-4-hop-100g\\\/#primaryimage\"},\"thumbnailUrl\":\"https:\\\/\\\/suatuyetvoi.com\\\/muasam\\\/wp-content\\\/uploads\\\/2023\\\/03\\\/loc_sca_vnm_nep_cam_9a1f4f456c6c4cb8b808fd895ad9f020_master.png\",\"datePublished\":\"2023-03-27T16:19:20+00:00\",\"dateModified\":\"2023-03-27T17:06:41+00:00\",\"description\":\"B\u1eb1ng c\u00f4ng ngh\u1ec7 l\u00ean men t\u1ef1 nhi\u00ean \u0111\u1ea1t ti\u00eau chu\u1ea9n ch\u00e2u \u00c2u, s\u1ea3n ph\u1ea9m gi\u1eef \u0111\u01b0\u1ee3c tr\u1ecdn v\u1eb9n c\u00e1c ch\u1ea5t dinh d\u01b0\u1ee1ng t\u1eeb m\u1ed7i h\u1ea1t n\u1ebfp c\u1ea9m ng\u1ecdt d\u1ebbo v\u1edbi h\u01b0\u01a1ng v\u1ecb th\u01a1m n\u1ed3ng\",\"breadcrumb\":{\"@id\":\"https:\\\/\\\/suatuyetvoi.com\\\/muasam\\\/san-pham\\\/sua-chua-an-love-yogurt-nep-cam-vi-4-hop-100g\\\/#breadcrumb\"},\"inLanguage\":\"vi\",\"potentialAction\":[{\"@type\":\"ReadAction\",\"target\":[\"https:\\\/\\\/suatuyetvoi.com\\\/muasam\\\/san-pham\\\/sua-chua-an-love-yogurt-nep-cam-vi-4-hop-100g\\\/\"]}]},{\"@type\":\"ImageObject\",\"inLanguage\":\"vi\",\"@id\":\"https:\\\/\\\/suatuyetvoi.com\\\/muasam\\\/san-pham\\\/sua-chua-an-love-yogurt-nep-cam-vi-4-hop-100g\\\/#primaryimage\",\"url\":\"https:\\\/\\\/suatuyetvoi.com\\\/muasam\\\/wp-content\\\/uploads\\\/2023\\\/03\\\/loc_sca_vnm_nep_cam_9a1f4f456c6c4cb8b808fd895ad9f020_master.png\",\"contentUrl\":\"https:\\\/\\\/suatuyetvoi.com\\\/muasam\\\/wp-content\\\/uploads\\\/2023\\\/03\\\/loc_sca_vnm_nep_cam_9a1f4f456c6c4cb8b808fd895ad9f020_master.png\",\"width\":1200,\"height\":1259},{\"@type\":\"BreadcrumbList\",\"@id\":\"https:\\\/\\\/suatuyetvoi.com\\\/muasam\\\/san-pham\\\/sua-chua-an-love-yogurt-nep-cam-vi-4-hop-100g\\\/#breadcrumb\",\"itemListElement\":[{\"@type\":\"ListItem\",\"position\":1,\"name\":\"Home\",\"item\":\"https:\\\/\\\/suatuyetvoi.com\\\/muasam\\\/\"},{\"@type\":\"ListItem\",\"position\":2,\"name\":\"Shop\",\"item\":\"https:\\\/\\\/suatuyetvoi.com\\\/muasam\\\/shop\\\/\"},{\"@type\":\"ListItem\",\"position\":3,\"name\":\"S\u1eefa Chua \u0102n Love Yogurt N\u1ebfp C\u1ea9m &#8211; V\u1ec9 4 H\u1ed9p 100g\"}]},{\"@type\":\"WebSite\",\"@id\":\"https:\\\/\\\/suatuyetvoi.com\\\/muasam\\\/#website\",\"url\":\"https:\\\/\\\/suatuyetvoi.com\\\/muasam\\\/\",\"name\":\"S\u1eefa Tuy\u1ec7t V\u1eddi\",\"description\":\"S\u1eefa Tuy\u1ec7t V\u1eddi Vi\u1ec7t Nam\",\"potentialAction\":[{\"@type\":\"SearchAction\",\"target\":{\"@type\":\"EntryPoint\",\"urlTemplate\":\"https:\\\/\\\/suatuyetvoi.com\\\/muasam\\\/?s={search_term_string}\"},\"query-input\":{\"@type\":\"PropertyValueSpecification\",\"valueRequired\":true,\"valueName\":\"search_term_string\"}}],\"inLanguage\":\"vi\"}]}<\/script>\n<!-- \/ Yoast SEO plugin. -->","yoast_head_json":{"title":"S\u1eefa Chua \u0102n Love Yogurt N\u1ebfp C\u1ea9m - V\u1ec9 4 H\u1ed9p 100g","description":"B\u1eb1ng c\u00f4ng ngh\u1ec7 l\u00ean men t\u1ef1 nhi\u00ean \u0111\u1ea1t ti\u00eau chu\u1ea9n ch\u00e2u \u00c2u, s\u1ea3n ph\u1ea9m gi\u1eef \u0111\u01b0\u1ee3c tr\u1ecdn v\u1eb9n c\u00e1c ch\u1ea5t dinh d\u01b0\u1ee1ng t\u1eeb m\u1ed7i h\u1ea1t n\u1ebfp c\u1ea9m ng\u1ecdt d\u1ebbo v\u1edbi h\u01b0\u01a1ng v\u1ecb th\u01a1m n\u1ed3ng","robots":{"index":"index","follow":"follow","max-snippet":"max-snippet:-1","max-image-preview":"max-image-preview:large","max-video-preview":"max-video-preview:-1"},"canonical":"https:\/\/suatuyetvoi.com\/muasam\/san-pham\/sua-chua-an-love-yogurt-nep-cam-vi-4-hop-100g\/","og_locale":"vi_VN","og_type":"article","og_title":"S\u1eefa Chua \u0102n Love Yogurt N\u1ebfp C\u1ea9m - V\u1ec9 4 H\u1ed9p 100g","og_description":"B\u1eb1ng c\u00f4ng ngh\u1ec7 l\u00ean men t\u1ef1 nhi\u00ean \u0111\u1ea1t ti\u00eau chu\u1ea9n ch\u00e2u \u00c2u, s\u1ea3n ph\u1ea9m gi\u1eef \u0111\u01b0\u1ee3c tr\u1ecdn v\u1eb9n c\u00e1c ch\u1ea5t dinh d\u01b0\u1ee1ng t\u1eeb m\u1ed7i h\u1ea1t n\u1ebfp c\u1ea9m ng\u1ecdt d\u1ebbo v\u1edbi h\u01b0\u01a1ng v\u1ecb th\u01a1m n\u1ed3ng","og_url":"https:\/\/suatuyetvoi.com\/muasam\/san-pham\/sua-chua-an-love-yogurt-nep-cam-vi-4-hop-100g\/","og_site_name":"S\u1eefa Tuy\u1ec7t V\u1eddi","article_modified_time":"2023-03-27T17:06:41+00:00","og_image":[{"width":1200,"height":1259,"url":"https:\/\/suatuyetvoi.com\/muasam\/wp-content\/uploads\/2023\/03\/loc_sca_vnm_nep_cam_9a1f4f456c6c4cb8b808fd895ad9f020_master.png","type":"image\/png"}],"twitter_card":"summary_large_image","twitter_title":"S\u1eefa Chua \u0102n Love Yogurt N\u1ebfp C\u1ea9m - V\u1ec9 4 H\u1ed9p 100g","twitter_description":"B\u1eb1ng c\u00f4ng ngh\u1ec7 l\u00ean men t\u1ef1 nhi\u00ean \u0111\u1ea1t ti\u00eau chu\u1ea9n ch\u00e2u \u00c2u, s\u1ea3n ph\u1ea9m gi\u1eef \u0111\u01b0\u1ee3c tr\u1ecdn v\u1eb9n c\u00e1c ch\u1ea5t dinh d\u01b0\u1ee1ng t\u1eeb m\u1ed7i h\u1ea1t n\u1ebfp c\u1ea9m ng\u1ecdt d\u1ebbo v\u1edbi h\u01b0\u01a1ng v\u1ecb th\u01a1m n\u1ed3ng","twitter_misc":{"\u01af\u1edbc t\u00ednh th\u1eddi gian \u0111\u1ecdc":"2 ph\u00fat"},"schema":{"@context":"https:\/\/schema.org","@graph":[{"@type":"WebPage","@id":"https:\/\/suatuyetvoi.com\/muasam\/san-pham\/sua-chua-an-love-yogurt-nep-cam-vi-4-hop-100g\/","url":"https:\/\/suatuyetvoi.com\/muasam\/san-pham\/sua-chua-an-love-yogurt-nep-cam-vi-4-hop-100g\/","name":"S\u1eefa Chua \u0102n Love Yogurt N\u1ebfp C\u1ea9m - V\u1ec9 4 H\u1ed9p 100g","isPartOf":{"@id":"https:\/\/suatuyetvoi.com\/muasam\/#website"},"primaryImageOfPage":{"@id":"https:\/\/suatuyetvoi.com\/muasam\/san-pham\/sua-chua-an-love-yogurt-nep-cam-vi-4-hop-100g\/#primaryimage"},"image":{"@id":"https:\/\/suatuyetvoi.com\/muasam\/san-pham\/sua-chua-an-love-yogurt-nep-cam-vi-4-hop-100g\/#primaryimage"},"thumbnailUrl":"https:\/\/suatuyetvoi.com\/muasam\/wp-content\/uploads\/2023\/03\/loc_sca_vnm_nep_cam_9a1f4f456c6c4cb8b808fd895ad9f020_master.png","datePublished":"2023-03-27T16:19:20+00:00","dateModified":"2023-03-27T17:06:41+00:00","description":"B\u1eb1ng c\u00f4ng ngh\u1ec7 l\u00ean men t\u1ef1 nhi\u00ean \u0111\u1ea1t ti\u00eau chu\u1ea9n ch\u00e2u \u00c2u, s\u1ea3n ph\u1ea9m gi\u1eef \u0111\u01b0\u1ee3c tr\u1ecdn v\u1eb9n c\u00e1c ch\u1ea5t dinh d\u01b0\u1ee1ng t\u1eeb m\u1ed7i h\u1ea1t n\u1ebfp c\u1ea9m ng\u1ecdt d\u1ebbo v\u1edbi h\u01b0\u01a1ng v\u1ecb th\u01a1m n\u1ed3ng","breadcrumb":{"@id":"https:\/\/suatuyetvoi.com\/muasam\/san-pham\/sua-chua-an-love-yogurt-nep-cam-vi-4-hop-100g\/#breadcrumb"},"inLanguage":"vi","potentialAction":[{"@type":"ReadAction","target":["https:\/\/suatuyetvoi.com\/muasam\/san-pham\/sua-chua-an-love-yogurt-nep-cam-vi-4-hop-100g\/"]}]},{"@type":"ImageObject","inLanguage":"vi","@id":"https:\/\/suatuyetvoi.com\/muasam\/san-pham\/sua-chua-an-love-yogurt-nep-cam-vi-4-hop-100g\/#primaryimage","url":"https:\/\/suatuyetvoi.com\/muasam\/wp-content\/uploads\/2023\/03\/loc_sca_vnm_nep_cam_9a1f4f456c6c4cb8b808fd895ad9f020_master.png","contentUrl":"https:\/\/suatuyetvoi.com\/muasam\/wp-content\/uploads\/2023\/03\/loc_sca_vnm_nep_cam_9a1f4f456c6c4cb8b808fd895ad9f020_master.png","width":1200,"height":1259},{"@type":"BreadcrumbList","@id":"https:\/\/suatuyetvoi.com\/muasam\/san-pham\/sua-chua-an-love-yogurt-nep-cam-vi-4-hop-100g\/#breadcrumb","itemListElement":[{"@type":"ListItem","position":1,"name":"Home","item":"https:\/\/suatuyetvoi.com\/muasam\/"},{"@type":"ListItem","position":2,"name":"Shop","item":"https:\/\/suatuyetvoi.com\/muasam\/shop\/"},{"@type":"ListItem","position":3,"name":"S\u1eefa Chua \u0102n Love Yogurt N\u1ebfp C\u1ea9m &#8211; V\u1ec9 4 H\u1ed9p 100g"}]},{"@type":"WebSite","@id":"https:\/\/suatuyetvoi.com\/muasam\/#website","url":"https:\/\/suatuyetvoi.com\/muasam\/","name":"S\u1eefa Tuy\u1ec7t V\u1eddi","description":"S\u1eefa Tuy\u1ec7t V\u1eddi Vi\u1ec7t Nam","potentialAction":[{"@type":"SearchAction","target":{"@type":"EntryPoint","urlTemplate":"https:\/\/suatuyetvoi.com\/muasam\/?s={search_term_string}"},"query-input":{"@type":"PropertyValueSpecification","valueRequired":true,"valueName":"search_term_string"}}],"inLanguage":"vi"}]}},"_links":{"self":[{"href":"https:\/\/suatuyetvoi.com\/muasam\/wp-json\/wp\/v2\/product\/5991","targetHints":{"allow":["GET"]}}],"collection":[{"href":"https:\/\/suatuyetvoi.com\/muasam\/wp-json\/wp\/v2\/product"}],"about":[{"href":"https:\/\/suatuyetvoi.com\/muasam\/wp-json\/wp\/v2\/types\/product"}],"replies":[{"embeddable":true,"href":"https:\/\/suatuyetvoi.com\/muasam\/wp-json\/wp\/v2\/comments?post=5991"}],"wp:featuredmedia":[{"embeddable":true,"href":"https:\/\/suatuyetvoi.com\/muasam\/wp-json\/wp\/v2\/media\/5994"}],"wp:attachment":[{"href":"https:\/\/suatuyetvoi.com\/muasam\/wp-json\/wp\/v2\/media?parent=5991"}],"wp:term":[{"taxonomy":"product_cat","embeddable":true,"href":"https:\/\/suatuyetvoi.com\/muasam\/wp-json\/wp\/v2\/product_cat?post=5991"},{"taxonomy":"product_tag","embeddable":true,"href":"https:\/\/suatuyetvoi.com\/muasam\/wp-json\/wp\/v2\/product_tag?post=5991"}],"curies":[{"name":"wp","href":"https:\/\/api.w.org\/{rel}","templated":true}]}}