{"id":5982,"date":"2023-03-27T17:53:12","date_gmt":"2023-03-27T10:53:12","guid":{"rendered":"https:\/\/suatuyetvoi.com\/muasam\/?post_type=product&#038;p=5982"},"modified":"2023-03-27T18:04:26","modified_gmt":"2023-03-27T11:04:26","slug":"sua-tiet-trung-co-duong-vinamilk-thung-48-bich-220ml","status":"publish","type":"product","link":"https:\/\/suatuyetvoi.com\/muasam\/san-pham\/sua-tiet-trung-co-duong-vinamilk-thung-48-bich-220ml\/","title":{"rendered":"S\u1eefa t\u01b0\u01a1i ti\u1ec7t tr\u00f9ng c\u00f3 \u0111\u01b0\u1eddng Vinamilk 100% S\u1eefa t\u01b0\u01a1i &#8211; Th\u00f9ng 48 b\u1ecbch x 220ml"},"content":{"rendered":"<h3>Th\u00f4ng tin chi ti\u1ebft<\/h3>\n<div class=\"addclassfont16\">\n<p>Quy c\u00e1ch th\u00f9ng:\u00a048 b\u1ecbch\/th\u00f9ng<\/p>\n<p><strong>T\u00ean S\u1ea3n ph\u1ea9m: Th\u00f9ng S\u1eefa t\u01b0\u01a1i ti\u1ec7t tr\u00f9ng c\u00f3 \u0111\u01b0\u1eddng Vinamilk 100% S\u1eefa t\u01b0\u01a1i &#8211; 220ml x 48 B\u1ecbch<\/strong><\/p>\n<p>&#8211; S\u1eefa t\u01b0\u01a1i 100% d\u1ea1ng b\u1ecbch \u0111\u01b0\u1ee3c l\u00e0m t\u1eeb 100% s\u1eefa b\u00f2 t\u01b0\u01a1i nguy\u00ean ch\u1ea5t t\u1eeb h\u1ec7 th\u1ed1ng trang tr\u1ea1i chu\u1ea9n Qu\u1ed1c t\u1ebf l\u1edbn nh\u1ea5t Ch\u00e2u \u00c1<br \/>\n&#8211; \u0110\u00e0n b\u00f2 \u0111\u01b0\u1ee3c ch\u0103m s\u00f3c t\u1ed1t, n\u00ean lu\u00f4n vui t\u01b0\u01a1i, cho s\u1eefa t\u01b0\u01a1i ngon, ch\u1ea5t l\u01b0\u1ee3ng<br \/>\n&#8211; Gi\u00fap c\u01b0\u1eddng \u0111\u1ec1 kh\u00e1ng nh\u1edd b\u1ed5 sung Vitamin A, D3 v\u00e0 Selen<\/p>\n<\/div>\n<p><img loading=\"lazy\" decoding=\"async\" class=\"alignnone wp-image-5983 size-full\" src=\"https:\/\/suatuyetvoi.com\/muasam\/wp-content\/uploads\/2023\/03\/Suatuyetvoi-ngang.png\" alt=\"\" width=\"1920\" height=\"1080\" srcset=\"https:\/\/suatuyetvoi.com\/muasam\/wp-content\/uploads\/2023\/03\/Suatuyetvoi-ngang.png 1920w, https:\/\/suatuyetvoi.com\/muasam\/wp-content\/uploads\/2023\/03\/Suatuyetvoi-ngang-711x400.png 711w, https:\/\/suatuyetvoi.com\/muasam\/wp-content\/uploads\/2023\/03\/Suatuyetvoi-ngang-1400x788.png 1400w, https:\/\/suatuyetvoi.com\/muasam\/wp-content\/uploads\/2023\/03\/Suatuyetvoi-ngang-768x432.png 768w, https:\/\/suatuyetvoi.com\/muasam\/wp-content\/uploads\/2023\/03\/Suatuyetvoi-ngang-1536x864.png 1536w, https:\/\/suatuyetvoi.com\/muasam\/wp-content\/uploads\/2023\/03\/Suatuyetvoi-ngang-600x338.png 600w\" sizes=\"auto, (max-width: 1920px) 100vw, 1920px\" \/><\/p>\n","protected":false},"excerpt":{"rendered":"<p>H\u1ec7 d\u01b0\u1ee1ng ch\u1ea5t IQ Plus ph\u00e1t tri\u1ec3n n\u00e3o b\u1ed9<br \/>\nT\u0103ng c\u01b0\u1eddng \u0111\u1ec1 kh\u00e1ng v\u00e0 ti\u00eau h\u00f3a kh\u1ecfe m\u1ea1nh<br \/>\nGi\u00fap h\u1ea5p thu Canxi t\u1ed1t<\/p>\n","protected":false},"featured_media":5984,"comment_status":"open","ping_status":"closed","template":"","meta":[],"product_cat":[513],"product_tag":[574,575,566],"class_list":["post-5982","product","type-product","status-publish","has-post-thumbnail","hentry","product_cat-sua-tuoi","product_tag-ho-tro-tang-suc-de-khang","product_tag-tang-cuong-de-khang","product_tag-tang-cuong-suc-de-khang","berocket_brand-vinamilk"],"yoast_head":"<!-- This site is optimized with the Yoast SEO plugin v27.6 - https:\/\/yoast.com\/product\/yoast-seo-wordpress\/ -->\n<title>S\u1eefa t\u01b0\u01a1i ti\u1ec7t tr\u00f9ng c\u00f3 \u0111\u01b0\u1eddng Vinamilk 100% S\u1eefa t\u01b0\u01a1i - Th\u00f9ng 48 b\u1ecbch x 220ml - \u0110ang Khuy\u1ebfn m\u00e3i<\/title>\n<meta name=\"description\" content=\"Vinamilk S\u1eefa t\u01b0\u01a1i d\u1ea1ng b\u1ecbch 220ml \u0111\u01b0\u1ee3c l\u00e0m t\u1eeb 100% s\u1eefa b\u00f2 t\u01b0\u01a1i nguy\u00ean ch\u1ea5t t\u1eeb h\u1ec7 th\u1ed1ng trang tr\u1ea1i chu\u1ea9n Qu\u1ed1c t\u1ebf l\u1edbn nh\u1ea5t Ch\u00e2u \u00c1.\" \/>\n<meta name=\"robots\" content=\"index, follow, max-snippet:-1, max-image-preview:large, max-video-preview:-1\" \/>\n<link rel=\"canonical\" href=\"https:\/\/suatuyetvoi.com\/muasam\/san-pham\/sua-tiet-trung-co-duong-vinamilk-thung-48-bich-220ml\/\" \/>\n<meta property=\"og:locale\" content=\"vi_VN\" \/>\n<meta property=\"og:type\" content=\"article\" \/>\n<meta property=\"og:title\" content=\"S\u1eefa t\u01b0\u01a1i ti\u1ec7t tr\u00f9ng c\u00f3 \u0111\u01b0\u1eddng Vinamilk 100% S\u1eefa t\u01b0\u01a1i - Th\u00f9ng 48 b\u1ecbch x 220ml - \u0110ang Khuy\u1ebfn m\u00e3i\" \/>\n<meta property=\"og:description\" content=\"Vinamilk S\u1eefa t\u01b0\u01a1i d\u1ea1ng b\u1ecbch 220ml \u0111\u01b0\u1ee3c l\u00e0m t\u1eeb 100% s\u1eefa b\u00f2 t\u01b0\u01a1i nguy\u00ean ch\u1ea5t t\u1eeb h\u1ec7 th\u1ed1ng trang tr\u1ea1i chu\u1ea9n Qu\u1ed1c t\u1ebf l\u1edbn nh\u1ea5t Ch\u00e2u \u00c1.\" \/>\n<meta property=\"og:url\" content=\"https:\/\/suatuyetvoi.com\/muasam\/san-pham\/sua-tiet-trung-co-duong-vinamilk-thung-48-bich-220ml\/\" \/>\n<meta property=\"og:site_name\" content=\"S\u1eefa Tuy\u1ec7t V\u1eddi\" \/>\n<meta property=\"article:modified_time\" content=\"2023-03-27T11:04:26+00:00\" \/>\n<meta property=\"og:image\" content=\"https:\/\/suatuyetvoi.com\/muasam\/wp-content\/uploads\/2023\/03\/18.png\" \/>\n\t<meta property=\"og:image:width\" content=\"1080\" \/>\n\t<meta property=\"og:image:height\" content=\"1080\" \/>\n\t<meta property=\"og:image:type\" content=\"image\/png\" \/>\n<meta name=\"twitter:card\" content=\"summary_large_image\" \/>\n<meta name=\"twitter:title\" content=\"S\u1eefa t\u01b0\u01a1i ti\u1ec7t tr\u00f9ng c\u00f3 \u0111\u01b0\u1eddng Vinamilk 100% S\u1eefa t\u01b0\u01a1i - Th\u00f9ng 48 b\u1ecbch x 220ml - \u0110ang Khuy\u1ebfn m\u00e3i\" \/>\n<meta name=\"twitter:description\" content=\"Vinamilk S\u1eefa t\u01b0\u01a1i d\u1ea1ng b\u1ecbch 220ml \u0111\u01b0\u1ee3c l\u00e0m t\u1eeb 100% s\u1eefa b\u00f2 t\u01b0\u01a1i nguy\u00ean ch\u1ea5t t\u1eeb h\u1ec7 th\u1ed1ng trang tr\u1ea1i chu\u1ea9n Qu\u1ed1c t\u1ebf l\u1edbn nh\u1ea5t Ch\u00e2u \u00c1.\" \/>\n<meta name=\"twitter:label1\" content=\"\u01af\u1edbc t\u00ednh th\u1eddi gian \u0111\u1ecdc\" \/>\n\t<meta name=\"twitter:data1\" content=\"1 ph\u00fat\" \/>\n<script type=\"application\/ld+json\" class=\"yoast-schema-graph\">{\"@context\":\"https:\\\/\\\/schema.org\",\"@graph\":[{\"@type\":\"WebPage\",\"@id\":\"https:\\\/\\\/suatuyetvoi.com\\\/muasam\\\/san-pham\\\/sua-tiet-trung-co-duong-vinamilk-thung-48-bich-220ml\\\/\",\"url\":\"https:\\\/\\\/suatuyetvoi.com\\\/muasam\\\/san-pham\\\/sua-tiet-trung-co-duong-vinamilk-thung-48-bich-220ml\\\/\",\"name\":\"S\u1eefa t\u01b0\u01a1i ti\u1ec7t tr\u00f9ng c\u00f3 \u0111\u01b0\u1eddng Vinamilk 100% S\u1eefa t\u01b0\u01a1i - Th\u00f9ng 48 b\u1ecbch x 220ml - \u0110ang Khuy\u1ebfn m\u00e3i\",\"isPartOf\":{\"@id\":\"https:\\\/\\\/suatuyetvoi.com\\\/muasam\\\/#website\"},\"primaryImageOfPage\":{\"@id\":\"https:\\\/\\\/suatuyetvoi.com\\\/muasam\\\/san-pham\\\/sua-tiet-trung-co-duong-vinamilk-thung-48-bich-220ml\\\/#primaryimage\"},\"image\":{\"@id\":\"https:\\\/\\\/suatuyetvoi.com\\\/muasam\\\/san-pham\\\/sua-tiet-trung-co-duong-vinamilk-thung-48-bich-220ml\\\/#primaryimage\"},\"thumbnailUrl\":\"https:\\\/\\\/suatuyetvoi.com\\\/muasam\\\/wp-content\\\/uploads\\\/2023\\\/03\\\/18.png\",\"datePublished\":\"2023-03-27T10:53:12+00:00\",\"dateModified\":\"2023-03-27T11:04:26+00:00\",\"description\":\"Vinamilk S\u1eefa t\u01b0\u01a1i d\u1ea1ng b\u1ecbch 220ml \u0111\u01b0\u1ee3c l\u00e0m t\u1eeb 100% s\u1eefa b\u00f2 t\u01b0\u01a1i nguy\u00ean ch\u1ea5t t\u1eeb h\u1ec7 th\u1ed1ng trang tr\u1ea1i chu\u1ea9n Qu\u1ed1c t\u1ebf l\u1edbn nh\u1ea5t Ch\u00e2u \u00c1.\",\"breadcrumb\":{\"@id\":\"https:\\\/\\\/suatuyetvoi.com\\\/muasam\\\/san-pham\\\/sua-tiet-trung-co-duong-vinamilk-thung-48-bich-220ml\\\/#breadcrumb\"},\"inLanguage\":\"vi\",\"potentialAction\":[{\"@type\":\"ReadAction\",\"target\":[\"https:\\\/\\\/suatuyetvoi.com\\\/muasam\\\/san-pham\\\/sua-tiet-trung-co-duong-vinamilk-thung-48-bich-220ml\\\/\"]}]},{\"@type\":\"ImageObject\",\"inLanguage\":\"vi\",\"@id\":\"https:\\\/\\\/suatuyetvoi.com\\\/muasam\\\/san-pham\\\/sua-tiet-trung-co-duong-vinamilk-thung-48-bich-220ml\\\/#primaryimage\",\"url\":\"https:\\\/\\\/suatuyetvoi.com\\\/muasam\\\/wp-content\\\/uploads\\\/2023\\\/03\\\/18.png\",\"contentUrl\":\"https:\\\/\\\/suatuyetvoi.com\\\/muasam\\\/wp-content\\\/uploads\\\/2023\\\/03\\\/18.png\",\"width\":1080,\"height\":1080},{\"@type\":\"BreadcrumbList\",\"@id\":\"https:\\\/\\\/suatuyetvoi.com\\\/muasam\\\/san-pham\\\/sua-tiet-trung-co-duong-vinamilk-thung-48-bich-220ml\\\/#breadcrumb\",\"itemListElement\":[{\"@type\":\"ListItem\",\"position\":1,\"name\":\"Home\",\"item\":\"https:\\\/\\\/suatuyetvoi.com\\\/muasam\\\/\"},{\"@type\":\"ListItem\",\"position\":2,\"name\":\"Shop\",\"item\":\"https:\\\/\\\/suatuyetvoi.com\\\/muasam\\\/shop\\\/\"},{\"@type\":\"ListItem\",\"position\":3,\"name\":\"S\u1eefa t\u01b0\u01a1i ti\u1ec7t tr\u00f9ng c\u00f3 \u0111\u01b0\u1eddng Vinamilk 100% S\u1eefa t\u01b0\u01a1i &#8211; Th\u00f9ng 48 b\u1ecbch x 220ml\"}]},{\"@type\":\"WebSite\",\"@id\":\"https:\\\/\\\/suatuyetvoi.com\\\/muasam\\\/#website\",\"url\":\"https:\\\/\\\/suatuyetvoi.com\\\/muasam\\\/\",\"name\":\"S\u1eefa Tuy\u1ec7t V\u1eddi\",\"description\":\"S\u1eefa Tuy\u1ec7t V\u1eddi Vi\u1ec7t Nam\",\"potentialAction\":[{\"@type\":\"SearchAction\",\"target\":{\"@type\":\"EntryPoint\",\"urlTemplate\":\"https:\\\/\\\/suatuyetvoi.com\\\/muasam\\\/?s={search_term_string}\"},\"query-input\":{\"@type\":\"PropertyValueSpecification\",\"valueRequired\":true,\"valueName\":\"search_term_string\"}}],\"inLanguage\":\"vi\"}]}<\/script>\n<!-- \/ Yoast SEO plugin. -->","yoast_head_json":{"title":"S\u1eefa t\u01b0\u01a1i ti\u1ec7t tr\u00f9ng c\u00f3 \u0111\u01b0\u1eddng Vinamilk 100% S\u1eefa t\u01b0\u01a1i - Th\u00f9ng 48 b\u1ecbch x 220ml - \u0110ang Khuy\u1ebfn m\u00e3i","description":"Vinamilk S\u1eefa t\u01b0\u01a1i d\u1ea1ng b\u1ecbch 220ml \u0111\u01b0\u1ee3c l\u00e0m t\u1eeb 100% s\u1eefa b\u00f2 t\u01b0\u01a1i nguy\u00ean ch\u1ea5t t\u1eeb h\u1ec7 th\u1ed1ng trang tr\u1ea1i chu\u1ea9n Qu\u1ed1c t\u1ebf l\u1edbn nh\u1ea5t Ch\u00e2u \u00c1.","robots":{"index":"index","follow":"follow","max-snippet":"max-snippet:-1","max-image-preview":"max-image-preview:large","max-video-preview":"max-video-preview:-1"},"canonical":"https:\/\/suatuyetvoi.com\/muasam\/san-pham\/sua-tiet-trung-co-duong-vinamilk-thung-48-bich-220ml\/","og_locale":"vi_VN","og_type":"article","og_title":"S\u1eefa t\u01b0\u01a1i ti\u1ec7t tr\u00f9ng c\u00f3 \u0111\u01b0\u1eddng Vinamilk 100% S\u1eefa t\u01b0\u01a1i - Th\u00f9ng 48 b\u1ecbch x 220ml - \u0110ang Khuy\u1ebfn m\u00e3i","og_description":"Vinamilk S\u1eefa t\u01b0\u01a1i d\u1ea1ng b\u1ecbch 220ml \u0111\u01b0\u1ee3c l\u00e0m t\u1eeb 100% s\u1eefa b\u00f2 t\u01b0\u01a1i nguy\u00ean ch\u1ea5t t\u1eeb h\u1ec7 th\u1ed1ng trang tr\u1ea1i chu\u1ea9n Qu\u1ed1c t\u1ebf l\u1edbn nh\u1ea5t Ch\u00e2u \u00c1.","og_url":"https:\/\/suatuyetvoi.com\/muasam\/san-pham\/sua-tiet-trung-co-duong-vinamilk-thung-48-bich-220ml\/","og_site_name":"S\u1eefa Tuy\u1ec7t V\u1eddi","article_modified_time":"2023-03-27T11:04:26+00:00","og_image":[{"width":1080,"height":1080,"url":"https:\/\/suatuyetvoi.com\/muasam\/wp-content\/uploads\/2023\/03\/18.png","type":"image\/png"}],"twitter_card":"summary_large_image","twitter_title":"S\u1eefa t\u01b0\u01a1i ti\u1ec7t tr\u00f9ng c\u00f3 \u0111\u01b0\u1eddng Vinamilk 100% S\u1eefa t\u01b0\u01a1i - Th\u00f9ng 48 b\u1ecbch x 220ml - \u0110ang Khuy\u1ebfn m\u00e3i","twitter_description":"Vinamilk S\u1eefa t\u01b0\u01a1i d\u1ea1ng b\u1ecbch 220ml \u0111\u01b0\u1ee3c l\u00e0m t\u1eeb 100% s\u1eefa b\u00f2 t\u01b0\u01a1i nguy\u00ean ch\u1ea5t t\u1eeb h\u1ec7 th\u1ed1ng trang tr\u1ea1i chu\u1ea9n Qu\u1ed1c t\u1ebf l\u1edbn nh\u1ea5t Ch\u00e2u \u00c1.","twitter_misc":{"\u01af\u1edbc t\u00ednh th\u1eddi gian \u0111\u1ecdc":"1 ph\u00fat"},"schema":{"@context":"https:\/\/schema.org","@graph":[{"@type":"WebPage","@id":"https:\/\/suatuyetvoi.com\/muasam\/san-pham\/sua-tiet-trung-co-duong-vinamilk-thung-48-bich-220ml\/","url":"https:\/\/suatuyetvoi.com\/muasam\/san-pham\/sua-tiet-trung-co-duong-vinamilk-thung-48-bich-220ml\/","name":"S\u1eefa t\u01b0\u01a1i ti\u1ec7t tr\u00f9ng c\u00f3 \u0111\u01b0\u1eddng Vinamilk 100% S\u1eefa t\u01b0\u01a1i - Th\u00f9ng 48 b\u1ecbch x 220ml - \u0110ang Khuy\u1ebfn m\u00e3i","isPartOf":{"@id":"https:\/\/suatuyetvoi.com\/muasam\/#website"},"primaryImageOfPage":{"@id":"https:\/\/suatuyetvoi.com\/muasam\/san-pham\/sua-tiet-trung-co-duong-vinamilk-thung-48-bich-220ml\/#primaryimage"},"image":{"@id":"https:\/\/suatuyetvoi.com\/muasam\/san-pham\/sua-tiet-trung-co-duong-vinamilk-thung-48-bich-220ml\/#primaryimage"},"thumbnailUrl":"https:\/\/suatuyetvoi.com\/muasam\/wp-content\/uploads\/2023\/03\/18.png","datePublished":"2023-03-27T10:53:12+00:00","dateModified":"2023-03-27T11:04:26+00:00","description":"Vinamilk S\u1eefa t\u01b0\u01a1i d\u1ea1ng b\u1ecbch 220ml \u0111\u01b0\u1ee3c l\u00e0m t\u1eeb 100% s\u1eefa b\u00f2 t\u01b0\u01a1i nguy\u00ean ch\u1ea5t t\u1eeb h\u1ec7 th\u1ed1ng trang tr\u1ea1i chu\u1ea9n Qu\u1ed1c t\u1ebf l\u1edbn nh\u1ea5t Ch\u00e2u \u00c1.","breadcrumb":{"@id":"https:\/\/suatuyetvoi.com\/muasam\/san-pham\/sua-tiet-trung-co-duong-vinamilk-thung-48-bich-220ml\/#breadcrumb"},"inLanguage":"vi","potentialAction":[{"@type":"ReadAction","target":["https:\/\/suatuyetvoi.com\/muasam\/san-pham\/sua-tiet-trung-co-duong-vinamilk-thung-48-bich-220ml\/"]}]},{"@type":"ImageObject","inLanguage":"vi","@id":"https:\/\/suatuyetvoi.com\/muasam\/san-pham\/sua-tiet-trung-co-duong-vinamilk-thung-48-bich-220ml\/#primaryimage","url":"https:\/\/suatuyetvoi.com\/muasam\/wp-content\/uploads\/2023\/03\/18.png","contentUrl":"https:\/\/suatuyetvoi.com\/muasam\/wp-content\/uploads\/2023\/03\/18.png","width":1080,"height":1080},{"@type":"BreadcrumbList","@id":"https:\/\/suatuyetvoi.com\/muasam\/san-pham\/sua-tiet-trung-co-duong-vinamilk-thung-48-bich-220ml\/#breadcrumb","itemListElement":[{"@type":"ListItem","position":1,"name":"Home","item":"https:\/\/suatuyetvoi.com\/muasam\/"},{"@type":"ListItem","position":2,"name":"Shop","item":"https:\/\/suatuyetvoi.com\/muasam\/shop\/"},{"@type":"ListItem","position":3,"name":"S\u1eefa t\u01b0\u01a1i ti\u1ec7t tr\u00f9ng c\u00f3 \u0111\u01b0\u1eddng Vinamilk 100% S\u1eefa t\u01b0\u01a1i &#8211; Th\u00f9ng 48 b\u1ecbch x 220ml"}]},{"@type":"WebSite","@id":"https:\/\/suatuyetvoi.com\/muasam\/#website","url":"https:\/\/suatuyetvoi.com\/muasam\/","name":"S\u1eefa Tuy\u1ec7t V\u1eddi","description":"S\u1eefa Tuy\u1ec7t V\u1eddi Vi\u1ec7t Nam","potentialAction":[{"@type":"SearchAction","target":{"@type":"EntryPoint","urlTemplate":"https:\/\/suatuyetvoi.com\/muasam\/?s={search_term_string}"},"query-input":{"@type":"PropertyValueSpecification","valueRequired":true,"valueName":"search_term_string"}}],"inLanguage":"vi"}]}},"_links":{"self":[{"href":"https:\/\/suatuyetvoi.com\/muasam\/wp-json\/wp\/v2\/product\/5982","targetHints":{"allow":["GET"]}}],"collection":[{"href":"https:\/\/suatuyetvoi.com\/muasam\/wp-json\/wp\/v2\/product"}],"about":[{"href":"https:\/\/suatuyetvoi.com\/muasam\/wp-json\/wp\/v2\/types\/product"}],"replies":[{"embeddable":true,"href":"https:\/\/suatuyetvoi.com\/muasam\/wp-json\/wp\/v2\/comments?post=5982"}],"wp:featuredmedia":[{"embeddable":true,"href":"https:\/\/suatuyetvoi.com\/muasam\/wp-json\/wp\/v2\/media\/5984"}],"wp:attachment":[{"href":"https:\/\/suatuyetvoi.com\/muasam\/wp-json\/wp\/v2\/media?parent=5982"}],"wp:term":[{"taxonomy":"product_cat","embeddable":true,"href":"https:\/\/suatuyetvoi.com\/muasam\/wp-json\/wp\/v2\/product_cat?post=5982"},{"taxonomy":"product_tag","embeddable":true,"href":"https:\/\/suatuyetvoi.com\/muasam\/wp-json\/wp\/v2\/product_tag?post=5982"}],"curies":[{"name":"wp","href":"https:\/\/api.w.org\/{rel}","templated":true}]}}