{"id":5968,"date":"2023-03-27T17:09:39","date_gmt":"2023-03-27T10:09:39","guid":{"rendered":"https:\/\/suatuyetvoi.com\/muasam\/?post_type=product&#038;p=5968"},"modified":"2023-03-27T17:19:40","modified_gmt":"2023-03-27T10:19:40","slug":"sua-growplus-it-duong-110ml-loc-4-hop","status":"publish","type":"product","link":"https:\/\/suatuyetvoi.com\/muasam\/san-pham\/sua-growplus-it-duong-110ml-loc-4-hop\/","title":{"rendered":"S\u1eefa GrowPLUS+ \u00edt \u0111\u01b0\u1eddng 110ml (l\u1ed1c 4 h\u1ed9p)"},"content":{"rendered":"<h3>Th\u00f4ng tin chi ti\u1ebft<\/h3>\n<table class=\"table table-bordered table-striped p_bottom_0\">\n<tbody>\n<tr>\n<td>T\u00ean s\u1ea3n ph\u1ea9m<\/td>\n<td>S\u1eefa GrowPLUS+ \u00edt \u0111\u01b0\u1eddng 110ml (l\u1ed1c 4 h\u1ed9p)<\/td>\n<\/tr>\n<tr>\n<td>Th\u01b0\u01a1ng hi\u1ec7u<\/td>\n<td>GrowPLUS+<\/td>\n<\/tr>\n<tr>\n<td>S\u1ea3n xu\u1ea5t t\u1ea1i<\/td>\n<td>Vi\u1ec7t Nam<\/td>\n<\/tr>\n<tr>\n<td>Th\u1ec3 t\u00edch<\/td>\n<td>110ml x 4 h\u1ed9p<\/td>\n<\/tr>\n<tr>\n<td>\u0110\u1ed9 tu\u1ed5i ph\u00f9 h\u1ee3p<\/td>\n<td>Tr\u00ean 1 tu\u1ed5i<\/td>\n<\/tr>\n<tr>\n<td>Nh\u00e0 s\u1ea3n xu\u1ea5t<\/td>\n<td>Nutifood Vi\u1ec7t Nam<\/td>\n<\/tr>\n<tr>\n<td>H\u01b0\u1edbng d\u1eabn s\u1eed d\u1ee5ng<\/td>\n<td>. L\u1eafc \u0111\u1ec1u tr\u01b0\u1edbc khi s\u1eed d\u1ee5ng.Ngon h\u01a1n khi u\u1ed1ng l\u1ea1nh.<br \/>\n. S\u1ea3n ph\u1ea9m s\u1eed d\u1ee5ng cho 1 l\u1ea7n u\u1ed1ng.N\u00ean d\u00f9ng 3-4 h\u1ed9p 110ml\/ ng\u00e0y ho\u1eb7c 2-3 h\u1ed9p 180ml\/ ng\u00e0y ho\u1eb7c theo h\u01b0\u1edbng d\u1eabn c\u1ee7a b\u00e1c s\u0129.<\/td>\n<\/tr>\n<tr>\n<td>H\u01b0\u1edbng d\u1eabn b\u1ea3o qu\u1ea3n<\/td>\n<td>S\u1ea3n ph\u1ea9m \u0111\u01b0\u1ee3c \u0111\u1eb7t trong h\u1ed9p gi\u1ea5y ti\u1ec7t tr\u00f9ng, b\u1ea3o qu\u1ea3n n\u01a1i kh\u00f4 r\u00e1o, tho\u00e1ng m\u00e1t, tr\u00e1nh \u00e1nh s\u00e1ng tr\u1ef1c ti\u1ebfp \u0111\u1ec3 b\u1ea3o qu\u1ea3n ch\u1ea5t l\u01b0\u1ee3ng ban \u0111\u1ea7u.<\/td>\n<\/tr>\n<\/tbody>\n<\/table>\n<div class=\"addclassfont16\"><b>S\u1eefa Grow Plus \u0111\u1ecf<\/b> l\u00e0 s\u1ea3n ph\u1ea9m \u0111\u1eb7c tr\u1ecb d\u00e0nh tr\u1ebb t\u1eeb 1 tu\u1ed5i tr\u1edf l\u00ean v\u00e0 c\u00f3 th\u1ec3 tr\u1ea1ng suy dinh d\u01b0\u1ee1ng th\u1ea5p c\u00f2i. \u0110\u01b0\u1ee3c ph\u00e1t tri\u1ec3n d\u1ef1a tr\u00ean n\u1ec1n t\u1ea3ng c\u00f4ng th\u1ee9c FDA \u0111\u1ed9c quy\u1ec1n c\u1ee7a Vi\u1ec7n nghi\u00ean c\u1ee9u Dinh d\u01b0\u1ee1ng Nutifood Th\u1ee5y \u0110i\u1ec3n v\u00e0 tr\u1ea3i qua qu\u00e1 tr\u00ecnh ki\u1ec3m \u0111\u1ecbnh ch\u1ea5t l\u01b0\u1ee3ng nghi\u00eam ng\u1eb7t, s\u1eefa Grow Plus \u0111\u1ecf s\u1ebd l\u00e0 s\u1ea3n ph\u1ea9m ph\u00f9 h\u1ee3p m\u00e0 ba m\u1eb9 n\u00ean d\u00e0nh cho b\u00e9 t\u1eeb 1 tu\u1ed5i tr\u1edf l\u00ean v\u00e0 \u0111ang b\u1ecb thi\u1ebfu c\u00e2n n\u1eb7ng, th\u1ea5p c\u00f2i.<\/div>\n<p><img loading=\"lazy\" decoding=\"async\" class=\"alignnone wp-image-5969 size-full\" src=\"https:\/\/suatuyetvoi.com\/muasam\/wp-content\/uploads\/2023\/03\/1679282199-loc-gp-do-it-duong-110-ml-crop.png\" alt=\"\" width=\"950\" height=\"469\" srcset=\"https:\/\/suatuyetvoi.com\/muasam\/wp-content\/uploads\/2023\/03\/1679282199-loc-gp-do-it-duong-110-ml-crop.png 950w, https:\/\/suatuyetvoi.com\/muasam\/wp-content\/uploads\/2023\/03\/1679282199-loc-gp-do-it-duong-110-ml-crop-800x395.png 800w, https:\/\/suatuyetvoi.com\/muasam\/wp-content\/uploads\/2023\/03\/1679282199-loc-gp-do-it-duong-110-ml-crop-768x379.png 768w, https:\/\/suatuyetvoi.com\/muasam\/wp-content\/uploads\/2023\/03\/1679282199-loc-gp-do-it-duong-110-ml-crop-600x296.png 600w\" sizes=\"auto, (max-width: 950px) 100vw, 950px\" \/><\/p>\n<div>\n<p dir=\"ltr\"><b>\u01afu \u0111i\u1ec3m n\u1ed5i b\u1eadt<br \/>\n<\/b>. B\u1ed5 sung ch\u1ea5t b\u00e9o d\u1ec5 h\u1ea5p thu v\u00e0 chuy\u1ec3n h\u00f3a nhanh MCT c\u00f9ng FOS\/ Inulin, Lysin, S\u1eaft, K\u1ebdm, Vitamin nh\u00f3m B;<br \/>\n. Ch\u1ee9a t\u1ef7 l\u1ec7 Canxi : Ph\u1ed1t pho h\u1ee3p l\u00fd, k\u1ebft h\u1ee3p c\u00f9ng Vitamin D3;<br \/>\n. H\u00e0m l\u01b0\u1ee3ng DHA cao g\u1ea5p 3 l\u1ea7n v\u00e0 Cholin, Taurin;<br \/>\n. Ch\u1ee9a h\u1ec7 Prebiotics k\u00e9p 2\u2019- FL HMO v\u00e0 FOS\/ Inulin c\u00f9ng S\u1eaft, K\u1ebdm, Vitamin A, E, C, Selen;<br \/>\n. Ch\u1ee9a ch\u1ea5t x\u01a1 h\u00f2a tan (FOS\/ Inulin).<\/p>\n<div>\n<p dir=\"ltr\"><b>Th\u00e0nh ph\u1ea7n\u00a0<\/b><\/p>\n<p dir=\"ltr\">N\u01b0\u1edbc, s\u1eefa b\u1ed9t, sucrose (2,9 %), ch\u1ea5t b\u00e9o s\u1eefa, maltodextrin, ch\u1ea5t x\u01a1 th\u1ef1c ph\u1ea9m (FOS\/ Inulin), MCT, ch\u1ea5t b\u00e9o th\u1ef1c v\u1eadt, ch\u1ea5t \u1ed5n \u0111\u1ecbnh (466, 460i, 407, 471), DHA t\u1eeb d\u1ea7u c\u00e1, h\u01b0\u01a1ng li\u1ec7u t\u1ed5ng h\u1ee3p d\u00f9ng cho th\u1ef1c ph\u1ea9m, h\u1ed7n h\u1ee3p vitamin v\u00e0 kho\u00e1ng ch\u1ea5t (A, D3, C, E, K1, B1, B3, B5, B6, B12, axit folic, k\u1ebdm oxit, biotin, kali iodua, inositol), 2&#8242;-Fucosyllactose (2&#8242;-FL), cholin, taurin. C\u00f3 ch\u1ee9a s\u1eefa \u0111\u1eadu n\u00e0nh. Kh\u00f4ng s\u1eed d\u1ee5ng ch\u1ea5t b\u1ea3o qu\u1ea3n.<\/p>\n<\/div>\n<\/div>\n","protected":false},"excerpt":{"rendered":"<p>H\u1ec7 d\u01b0\u1ee1ng ch\u1ea5t IQ Plus ph\u00e1t tri\u1ec3n n\u00e3o b\u1ed9<br \/>\nT\u0103ng c\u01b0\u1eddng \u0111\u1ec1 kh\u00e1ng v\u00e0 ti\u00eau h\u00f3a kh\u1ecfe m\u1ea1nh<br \/>\nGi\u00fap h\u1ea5p thu Canxi t\u1ed1t<\/p>\n","protected":false},"featured_media":5970,"comment_status":"open","ping_status":"closed","template":"","meta":[],"product_cat":[581],"product_tag":[576,573,574,578,544,542,528,518,575,566,563],"class_list":["post-5968","product","type-product","status-publish","has-post-thumbnail","hentry","product_cat-sua-nuoc","product_tag-ho-tro-chieu-cao","product_tag-ho-tro-giup-phat-trien-nao-bo","product_tag-ho-tro-tang-suc-de-khang","product_tag-ho-tro-tieu-hoa","product_tag-phat-trien-chieu-cao","product_tag-phat-trien-tri-nao","product_tag-tang-can","product_tag-tang-chieu-cao","product_tag-tang-cuong-de-khang","product_tag-tang-cuong-suc-de-khang","product_tag-tri-nao","berocket_brand-nutifood"],"yoast_head":"<!-- This site is optimized with the Yoast SEO plugin v27.6 - https:\/\/yoast.com\/product\/yoast-seo-wordpress\/ -->\n<title>S\u1eefa GrowPLUS+ \u00edt \u0111\u01b0\u1eddng 110ml (l\u1ed1c 4 h\u1ed9p) - \u0110ang Khuy\u1ebfn m\u00e3i<\/title>\n<meta name=\"description\" content=\"S\u1eefa Grow Plus \u0111\u1ecf l\u00e0 s\u1ea3n ph\u1ea9m \u0111\u1eb7c tr\u1ecb d\u00e0nh tr\u1ebb t\u1eeb 1 tu\u1ed5i tr\u1edf l\u00ean v\u00e0 c\u00f3 th\u1ec3 tr\u1ea1ng suy dinh d\u01b0\u1ee1ng th\u1ea5p c\u00f2i.\" \/>\n<meta name=\"robots\" content=\"index, follow, max-snippet:-1, max-image-preview:large, max-video-preview:-1\" \/>\n<link rel=\"canonical\" href=\"https:\/\/suatuyetvoi.com\/muasam\/san-pham\/sua-growplus-it-duong-110ml-loc-4-hop\/\" \/>\n<meta property=\"og:locale\" content=\"vi_VN\" \/>\n<meta property=\"og:type\" content=\"article\" \/>\n<meta property=\"og:title\" content=\"S\u1eefa GrowPLUS+ \u00edt \u0111\u01b0\u1eddng 110ml (l\u1ed1c 4 h\u1ed9p) - \u0110ang Khuy\u1ebfn m\u00e3i\" \/>\n<meta property=\"og:description\" content=\"S\u1eefa Grow Plus \u0111\u1ecf l\u00e0 s\u1ea3n ph\u1ea9m \u0111\u1eb7c tr\u1ecb d\u00e0nh tr\u1ebb t\u1eeb 1 tu\u1ed5i tr\u1edf l\u00ean v\u00e0 c\u00f3 th\u1ec3 tr\u1ea1ng suy dinh d\u01b0\u1ee1ng th\u1ea5p c\u00f2i.\" \/>\n<meta property=\"og:url\" content=\"https:\/\/suatuyetvoi.com\/muasam\/san-pham\/sua-growplus-it-duong-110ml-loc-4-hop\/\" \/>\n<meta property=\"og:site_name\" content=\"S\u1eefa Tuy\u1ec7t V\u1eddi\" \/>\n<meta property=\"article:modified_time\" content=\"2023-03-27T10:19:40+00:00\" \/>\n<meta property=\"og:image\" content=\"https:\/\/suatuyetvoi.com\/muasam\/wp-content\/uploads\/2023\/03\/abbott-10.png\" \/>\n\t<meta property=\"og:image:width\" content=\"1080\" \/>\n\t<meta property=\"og:image:height\" content=\"1080\" \/>\n\t<meta property=\"og:image:type\" content=\"image\/png\" \/>\n<meta name=\"twitter:card\" content=\"summary_large_image\" \/>\n<meta name=\"twitter:title\" content=\"S\u1eefa GrowPLUS+ \u00edt \u0111\u01b0\u1eddng 110ml (l\u1ed1c 4 h\u1ed9p) - \u0110ang Khuy\u1ebfn m\u00e3i\" \/>\n<meta name=\"twitter:description\" content=\"S\u1eefa Grow Plus \u0111\u1ecf l\u00e0 s\u1ea3n ph\u1ea9m \u0111\u1eb7c tr\u1ecb d\u00e0nh tr\u1ebb t\u1eeb 1 tu\u1ed5i tr\u1edf l\u00ean v\u00e0 c\u00f3 th\u1ec3 tr\u1ea1ng suy dinh d\u01b0\u1ee1ng th\u1ea5p c\u00f2i.\" \/>\n<meta name=\"twitter:label1\" content=\"\u01af\u1edbc t\u00ednh th\u1eddi gian \u0111\u1ecdc\" \/>\n\t<meta name=\"twitter:data1\" content=\"3 ph\u00fat\" \/>\n<script type=\"application\/ld+json\" class=\"yoast-schema-graph\">{\"@context\":\"https:\\\/\\\/schema.org\",\"@graph\":[{\"@type\":\"WebPage\",\"@id\":\"https:\\\/\\\/suatuyetvoi.com\\\/muasam\\\/san-pham\\\/sua-growplus-it-duong-110ml-loc-4-hop\\\/\",\"url\":\"https:\\\/\\\/suatuyetvoi.com\\\/muasam\\\/san-pham\\\/sua-growplus-it-duong-110ml-loc-4-hop\\\/\",\"name\":\"S\u1eefa GrowPLUS+ \u00edt \u0111\u01b0\u1eddng 110ml (l\u1ed1c 4 h\u1ed9p) - \u0110ang Khuy\u1ebfn m\u00e3i\",\"isPartOf\":{\"@id\":\"https:\\\/\\\/suatuyetvoi.com\\\/muasam\\\/#website\"},\"primaryImageOfPage\":{\"@id\":\"https:\\\/\\\/suatuyetvoi.com\\\/muasam\\\/san-pham\\\/sua-growplus-it-duong-110ml-loc-4-hop\\\/#primaryimage\"},\"image\":{\"@id\":\"https:\\\/\\\/suatuyetvoi.com\\\/muasam\\\/san-pham\\\/sua-growplus-it-duong-110ml-loc-4-hop\\\/#primaryimage\"},\"thumbnailUrl\":\"https:\\\/\\\/suatuyetvoi.com\\\/muasam\\\/wp-content\\\/uploads\\\/2023\\\/03\\\/abbott-10.png\",\"datePublished\":\"2023-03-27T10:09:39+00:00\",\"dateModified\":\"2023-03-27T10:19:40+00:00\",\"description\":\"S\u1eefa Grow Plus \u0111\u1ecf l\u00e0 s\u1ea3n ph\u1ea9m \u0111\u1eb7c tr\u1ecb d\u00e0nh tr\u1ebb t\u1eeb 1 tu\u1ed5i tr\u1edf l\u00ean v\u00e0 c\u00f3 th\u1ec3 tr\u1ea1ng suy dinh d\u01b0\u1ee1ng th\u1ea5p c\u00f2i.\",\"breadcrumb\":{\"@id\":\"https:\\\/\\\/suatuyetvoi.com\\\/muasam\\\/san-pham\\\/sua-growplus-it-duong-110ml-loc-4-hop\\\/#breadcrumb\"},\"inLanguage\":\"vi\",\"potentialAction\":[{\"@type\":\"ReadAction\",\"target\":[\"https:\\\/\\\/suatuyetvoi.com\\\/muasam\\\/san-pham\\\/sua-growplus-it-duong-110ml-loc-4-hop\\\/\"]}]},{\"@type\":\"ImageObject\",\"inLanguage\":\"vi\",\"@id\":\"https:\\\/\\\/suatuyetvoi.com\\\/muasam\\\/san-pham\\\/sua-growplus-it-duong-110ml-loc-4-hop\\\/#primaryimage\",\"url\":\"https:\\\/\\\/suatuyetvoi.com\\\/muasam\\\/wp-content\\\/uploads\\\/2023\\\/03\\\/abbott-10.png\",\"contentUrl\":\"https:\\\/\\\/suatuyetvoi.com\\\/muasam\\\/wp-content\\\/uploads\\\/2023\\\/03\\\/abbott-10.png\",\"width\":1080,\"height\":1080},{\"@type\":\"BreadcrumbList\",\"@id\":\"https:\\\/\\\/suatuyetvoi.com\\\/muasam\\\/san-pham\\\/sua-growplus-it-duong-110ml-loc-4-hop\\\/#breadcrumb\",\"itemListElement\":[{\"@type\":\"ListItem\",\"position\":1,\"name\":\"Home\",\"item\":\"https:\\\/\\\/suatuyetvoi.com\\\/muasam\\\/\"},{\"@type\":\"ListItem\",\"position\":2,\"name\":\"Shop\",\"item\":\"https:\\\/\\\/suatuyetvoi.com\\\/muasam\\\/shop\\\/\"},{\"@type\":\"ListItem\",\"position\":3,\"name\":\"S\u1eefa GrowPLUS+ \u00edt \u0111\u01b0\u1eddng 110ml (l\u1ed1c 4 h\u1ed9p)\"}]},{\"@type\":\"WebSite\",\"@id\":\"https:\\\/\\\/suatuyetvoi.com\\\/muasam\\\/#website\",\"url\":\"https:\\\/\\\/suatuyetvoi.com\\\/muasam\\\/\",\"name\":\"S\u1eefa Tuy\u1ec7t V\u1eddi\",\"description\":\"S\u1eefa Tuy\u1ec7t V\u1eddi Vi\u1ec7t Nam\",\"potentialAction\":[{\"@type\":\"SearchAction\",\"target\":{\"@type\":\"EntryPoint\",\"urlTemplate\":\"https:\\\/\\\/suatuyetvoi.com\\\/muasam\\\/?s={search_term_string}\"},\"query-input\":{\"@type\":\"PropertyValueSpecification\",\"valueRequired\":true,\"valueName\":\"search_term_string\"}}],\"inLanguage\":\"vi\"}]}<\/script>\n<!-- \/ Yoast SEO plugin. -->","yoast_head_json":{"title":"S\u1eefa GrowPLUS+ \u00edt \u0111\u01b0\u1eddng 110ml (l\u1ed1c 4 h\u1ed9p) - \u0110ang Khuy\u1ebfn m\u00e3i","description":"S\u1eefa Grow Plus \u0111\u1ecf l\u00e0 s\u1ea3n ph\u1ea9m \u0111\u1eb7c tr\u1ecb d\u00e0nh tr\u1ebb t\u1eeb 1 tu\u1ed5i tr\u1edf l\u00ean v\u00e0 c\u00f3 th\u1ec3 tr\u1ea1ng suy dinh d\u01b0\u1ee1ng th\u1ea5p c\u00f2i.","robots":{"index":"index","follow":"follow","max-snippet":"max-snippet:-1","max-image-preview":"max-image-preview:large","max-video-preview":"max-video-preview:-1"},"canonical":"https:\/\/suatuyetvoi.com\/muasam\/san-pham\/sua-growplus-it-duong-110ml-loc-4-hop\/","og_locale":"vi_VN","og_type":"article","og_title":"S\u1eefa GrowPLUS+ \u00edt \u0111\u01b0\u1eddng 110ml (l\u1ed1c 4 h\u1ed9p) - \u0110ang Khuy\u1ebfn m\u00e3i","og_description":"S\u1eefa Grow Plus \u0111\u1ecf l\u00e0 s\u1ea3n ph\u1ea9m \u0111\u1eb7c tr\u1ecb d\u00e0nh tr\u1ebb t\u1eeb 1 tu\u1ed5i tr\u1edf l\u00ean v\u00e0 c\u00f3 th\u1ec3 tr\u1ea1ng suy dinh d\u01b0\u1ee1ng th\u1ea5p c\u00f2i.","og_url":"https:\/\/suatuyetvoi.com\/muasam\/san-pham\/sua-growplus-it-duong-110ml-loc-4-hop\/","og_site_name":"S\u1eefa Tuy\u1ec7t V\u1eddi","article_modified_time":"2023-03-27T10:19:40+00:00","og_image":[{"width":1080,"height":1080,"url":"https:\/\/suatuyetvoi.com\/muasam\/wp-content\/uploads\/2023\/03\/abbott-10.png","type":"image\/png"}],"twitter_card":"summary_large_image","twitter_title":"S\u1eefa GrowPLUS+ \u00edt \u0111\u01b0\u1eddng 110ml (l\u1ed1c 4 h\u1ed9p) - \u0110ang Khuy\u1ebfn m\u00e3i","twitter_description":"S\u1eefa Grow Plus \u0111\u1ecf l\u00e0 s\u1ea3n ph\u1ea9m \u0111\u1eb7c tr\u1ecb d\u00e0nh tr\u1ebb t\u1eeb 1 tu\u1ed5i tr\u1edf l\u00ean v\u00e0 c\u00f3 th\u1ec3 tr\u1ea1ng suy dinh d\u01b0\u1ee1ng th\u1ea5p c\u00f2i.","twitter_misc":{"\u01af\u1edbc t\u00ednh th\u1eddi gian \u0111\u1ecdc":"3 ph\u00fat"},"schema":{"@context":"https:\/\/schema.org","@graph":[{"@type":"WebPage","@id":"https:\/\/suatuyetvoi.com\/muasam\/san-pham\/sua-growplus-it-duong-110ml-loc-4-hop\/","url":"https:\/\/suatuyetvoi.com\/muasam\/san-pham\/sua-growplus-it-duong-110ml-loc-4-hop\/","name":"S\u1eefa GrowPLUS+ \u00edt \u0111\u01b0\u1eddng 110ml (l\u1ed1c 4 h\u1ed9p) - \u0110ang Khuy\u1ebfn m\u00e3i","isPartOf":{"@id":"https:\/\/suatuyetvoi.com\/muasam\/#website"},"primaryImageOfPage":{"@id":"https:\/\/suatuyetvoi.com\/muasam\/san-pham\/sua-growplus-it-duong-110ml-loc-4-hop\/#primaryimage"},"image":{"@id":"https:\/\/suatuyetvoi.com\/muasam\/san-pham\/sua-growplus-it-duong-110ml-loc-4-hop\/#primaryimage"},"thumbnailUrl":"https:\/\/suatuyetvoi.com\/muasam\/wp-content\/uploads\/2023\/03\/abbott-10.png","datePublished":"2023-03-27T10:09:39+00:00","dateModified":"2023-03-27T10:19:40+00:00","description":"S\u1eefa Grow Plus \u0111\u1ecf l\u00e0 s\u1ea3n ph\u1ea9m \u0111\u1eb7c tr\u1ecb d\u00e0nh tr\u1ebb t\u1eeb 1 tu\u1ed5i tr\u1edf l\u00ean v\u00e0 c\u00f3 th\u1ec3 tr\u1ea1ng suy dinh d\u01b0\u1ee1ng th\u1ea5p c\u00f2i.","breadcrumb":{"@id":"https:\/\/suatuyetvoi.com\/muasam\/san-pham\/sua-growplus-it-duong-110ml-loc-4-hop\/#breadcrumb"},"inLanguage":"vi","potentialAction":[{"@type":"ReadAction","target":["https:\/\/suatuyetvoi.com\/muasam\/san-pham\/sua-growplus-it-duong-110ml-loc-4-hop\/"]}]},{"@type":"ImageObject","inLanguage":"vi","@id":"https:\/\/suatuyetvoi.com\/muasam\/san-pham\/sua-growplus-it-duong-110ml-loc-4-hop\/#primaryimage","url":"https:\/\/suatuyetvoi.com\/muasam\/wp-content\/uploads\/2023\/03\/abbott-10.png","contentUrl":"https:\/\/suatuyetvoi.com\/muasam\/wp-content\/uploads\/2023\/03\/abbott-10.png","width":1080,"height":1080},{"@type":"BreadcrumbList","@id":"https:\/\/suatuyetvoi.com\/muasam\/san-pham\/sua-growplus-it-duong-110ml-loc-4-hop\/#breadcrumb","itemListElement":[{"@type":"ListItem","position":1,"name":"Home","item":"https:\/\/suatuyetvoi.com\/muasam\/"},{"@type":"ListItem","position":2,"name":"Shop","item":"https:\/\/suatuyetvoi.com\/muasam\/shop\/"},{"@type":"ListItem","position":3,"name":"S\u1eefa GrowPLUS+ \u00edt \u0111\u01b0\u1eddng 110ml (l\u1ed1c 4 h\u1ed9p)"}]},{"@type":"WebSite","@id":"https:\/\/suatuyetvoi.com\/muasam\/#website","url":"https:\/\/suatuyetvoi.com\/muasam\/","name":"S\u1eefa Tuy\u1ec7t V\u1eddi","description":"S\u1eefa Tuy\u1ec7t V\u1eddi Vi\u1ec7t Nam","potentialAction":[{"@type":"SearchAction","target":{"@type":"EntryPoint","urlTemplate":"https:\/\/suatuyetvoi.com\/muasam\/?s={search_term_string}"},"query-input":{"@type":"PropertyValueSpecification","valueRequired":true,"valueName":"search_term_string"}}],"inLanguage":"vi"}]}},"_links":{"self":[{"href":"https:\/\/suatuyetvoi.com\/muasam\/wp-json\/wp\/v2\/product\/5968","targetHints":{"allow":["GET"]}}],"collection":[{"href":"https:\/\/suatuyetvoi.com\/muasam\/wp-json\/wp\/v2\/product"}],"about":[{"href":"https:\/\/suatuyetvoi.com\/muasam\/wp-json\/wp\/v2\/types\/product"}],"replies":[{"embeddable":true,"href":"https:\/\/suatuyetvoi.com\/muasam\/wp-json\/wp\/v2\/comments?post=5968"}],"wp:featuredmedia":[{"embeddable":true,"href":"https:\/\/suatuyetvoi.com\/muasam\/wp-json\/wp\/v2\/media\/5970"}],"wp:attachment":[{"href":"https:\/\/suatuyetvoi.com\/muasam\/wp-json\/wp\/v2\/media?parent=5968"}],"wp:term":[{"taxonomy":"product_cat","embeddable":true,"href":"https:\/\/suatuyetvoi.com\/muasam\/wp-json\/wp\/v2\/product_cat?post=5968"},{"taxonomy":"product_tag","embeddable":true,"href":"https:\/\/suatuyetvoi.com\/muasam\/wp-json\/wp\/v2\/product_tag?post=5968"}],"curies":[{"name":"wp","href":"https:\/\/api.w.org\/{rel}","templated":true}]}}