{"id":5964,"date":"2023-03-27T16:55:06","date_gmt":"2023-03-27T09:55:06","guid":{"rendered":"https:\/\/suatuyetvoi.com\/muasam\/?post_type=product&#038;p=5964"},"modified":"2023-03-27T17:07:15","modified_gmt":"2023-03-27T10:07:15","slug":"thung-thuc-pham-bo-sung-sua-tiet-trung-similac-eye-q-180ml-loc-4-hop-moi-12-loc","status":"publish","type":"product","link":"https:\/\/suatuyetvoi.com\/muasam\/san-pham\/thung-thuc-pham-bo-sung-sua-tiet-trung-similac-eye-q-180ml-loc-4-hop-moi-12-loc\/","title":{"rendered":"Th\u00f9ng Th\u1ef1c ph\u1ea9m b\u1ed5 sung S\u1eefa ti\u1ec7t tr\u00f9ng Similac Eye-Q 180ml (L\u1ed1c 4 h\u1ed9p m\u1edbi) &#8211; 12 l\u1ed1c"},"content":{"rendered":"<h3>Th\u00f4ng tin chi ti\u1ebft<\/h3>\n<table class=\"table table-bordered table-striped p_bottom_0\">\n<tbody>\n<tr>\n<td>T\u00ean s\u1ea3n ph\u1ea9m<\/td>\n<td>S\u1eefa ti\u1ec7t tr\u00f9ng Similac Eye-Q 180ml (t\u1eeb 1 tu\u1ed5i)<\/td>\n<\/tr>\n<tr>\n<td>Th\u01b0\u01a1ng hi\u1ec7u<\/td>\n<td>Similac<\/td>\n<\/tr>\n<tr>\n<td>Xu\u1ea5t x\u1ee9 th\u01b0\u01a1ng hi\u1ec7u<\/td>\n<td>M\u1ef9<\/td>\n<\/tr>\n<tr>\n<td>H\u01b0\u1edbng d\u1eabn s\u1eed d\u1ee5ng<\/td>\n<td>. S\u1eed d\u1ee5ng cho 1 l\u1ea7n u\u1ed1ng.<br \/>\n. L\u1eafc \u0111\u1ec1u tr\u01b0\u1edbc khi s\u1eed d\u1ee5ng.<br \/>\n. Ngon h\u01a1n khi u\u1ed1ng l\u1ea1nh.<\/td>\n<\/tr>\n<tr>\n<td>H\u01b0\u1edbng d\u1eabn b\u1ea3o qu\u1ea3n<\/td>\n<td>B\u1ea3o qu\u1ea3n n\u01a1i kh\u00f4 r\u00e1o, tho\u00e1ng m\u00e1t, tr\u00e1nh \u00e1nh n\u1eafng tr\u1ef1c ti\u1ebfp.<\/td>\n<\/tr>\n<\/tbody>\n<\/table>\n<p>S\u1eefa ti\u1ec7t tr\u00f9ng Similac Eye-Q l\u00e0 s\u1eefa b\u1ed9t pha s\u1eb5n d\u00e0nh cho b\u00e9 t\u1eeb 1 tu\u1ed5i \u0111\u1ebfn t\u1eeb th\u01b0\u01a1ng hi\u1ec7u uy t\u00edn c\u1ee7a M\u1ef9. S\u1ea3n ph\u1ea9m kh\u00f4ng ch\u1ec9 ti\u1ec7n l\u1ee3i m\u00e0 c\u00f2n cung c\u1ea5p cho b\u00e9 \u0111\u1ea7y \u0111\u1ee7 d\u01b0\u1ee1ng ch\u1ea5t thi\u1ebft y\u1ebfu, \u0111\u1ec3 con \u0111\u1ee7 n\u0103ng l\u01b0\u1ee3ng ho\u1ea1t \u0111\u1ed9ng, vui ch\u01a1i v\u00e0 kh\u00e1m ph\u00e1 th\u1ebf gi\u1edbi.<\/p>\n<p><img loading=\"lazy\" decoding=\"async\" class=\"alignnone wp-image-5961 size-full\" src=\"https:\/\/suatuyetvoi.com\/muasam\/wp-content\/uploads\/2023\/03\/1663664191.png\" alt=\"\" width=\"600\" height=\"600\" srcset=\"https:\/\/suatuyetvoi.com\/muasam\/wp-content\/uploads\/2023\/03\/1663664191.png 600w, https:\/\/suatuyetvoi.com\/muasam\/wp-content\/uploads\/2023\/03\/1663664191-400x400.png 400w, https:\/\/suatuyetvoi.com\/muasam\/wp-content\/uploads\/2023\/03\/1663664191-280x280.png 280w, https:\/\/suatuyetvoi.com\/muasam\/wp-content\/uploads\/2023\/03\/1663664191-300x300.png 300w, https:\/\/suatuyetvoi.com\/muasam\/wp-content\/uploads\/2023\/03\/1663664191-100x100.png 100w\" sizes=\"auto, (max-width: 600px) 100vw, 600px\" \/><\/p>\n<p><b>\u01afu \u0111i\u1ec3m n\u1ed5i b\u1eadt<\/b><\/p>\n<p>. Cung c\u1ea5p \u0111\u1ea7y \u0111\u1ee7 d\u01b0\u1ee1ng ch\u1ea5t thi\u1ebft y\u1ebfu nh\u01b0:\u00a0Vitamin A, C, E, Prebiotic,\u00a0DHA, Choline, Omega 3, Lutein,&#8230;<\/p>\n<p>. \u0110\u00f3ng g\u00f3i th\u00e0nh h\u1ed9p nh\u1ecf\u00a0ti\u1ec7n d\u1ee5ng, th\u00edch h\u1ee3p mang theo cho b\u00e9 \u0111i h\u1ecdc, \u0111i ch\u01a1i, d\u00e3 ngo\u1ea1i\u2026<\/p>\n<p>. C\u00f3\u00a0h\u01b0\u01a1ng vani th\u01a1m b\u00e9o d\u1ec5 u\u1ed1ng.<\/p>\n<p><b>Th\u00e0nh ph\u1ea7n\u00a0<\/b><\/p>\n<p>N\u01b0\u1edbc, s\u1eefa to\u00e0n ph\u1ea7n, sucrose, s\u1eefa t\u00e1ch kem, m\u1eadt b\u1eafp, lactose, h\u1ed7n h\u1ee3p inulin v\u00e0 fructo-oligosaccharid (FOS), kho\u00e1ng ch\u1ea5t (canxi carbonat, kali citrat, s\u1eaft sulfat, k\u1ebdm sulfat, mangan sulfat, \u0111\u1ed3ng sulfat, natri selenat, kali iodid),&#8230;<\/p>\n<p>&nbsp;<\/p>\n<p dir=\"ltr\">\n","protected":false},"excerpt":{"rendered":"<p>H\u1ec7 d\u01b0\u1ee1ng ch\u1ea5t IQ Plus ph\u00e1t tri\u1ec3n n\u00e3o b\u1ed9<br \/>\nT\u0103ng c\u01b0\u1eddng \u0111\u1ec1 kh\u00e1ng v\u00e0 ti\u00eau h\u00f3a kh\u1ecfe m\u1ea1nh<br \/>\nGi\u00fap h\u1ea5p thu Canxi t\u1ed1t<\/p>\n","protected":false},"featured_media":5965,"comment_status":"open","ping_status":"closed","template":"","meta":[],"product_cat":[581],"product_tag":[573,574,542,556,529,563],"class_list":["post-5964","product","type-product","status-publish","has-post-thumbnail","hentry","product_cat-sua-nuoc","product_tag-ho-tro-giup-phat-trien-nao-bo","product_tag-ho-tro-tang-suc-de-khang","product_tag-phat-trien-tri-nao","product_tag-tang-cuong-he-mien-dich","product_tag-tang-cuong-mien-dich","product_tag-tri-nao","berocket_brand-abbott"],"yoast_head":"<!-- This site is optimized with the Yoast SEO plugin v27.6 - https:\/\/yoast.com\/product\/yoast-seo-wordpress\/ -->\n<title>Th\u00f9ng S\u1eefa ti\u1ec7t tr\u00f9ng Similac Eye-Q 180ML (L\u1ed1c 4 h\u1ed9p m\u1edbi) - 12 l\u1ed1c - \u0110ang Khuy\u1ebfn m\u00e3i<\/title>\n<meta name=\"description\" content=\"S\u1eefa ti\u1ec7t tr\u00f9ng Similac Eye-Q l\u00e0 s\u1eefa b\u1ed9t pha s\u1eb5n d\u00e0nh cho b\u00e9 t\u1eeb 1 tu\u1ed5i \u0111\u1ebfn t\u1eeb th\u01b0\u01a1ng hi\u1ec7u uy t\u00edn c\u1ee7a M\u1ef9. S\u1ea3n ph\u1ea9m kh\u00f4ng ch\u1ec9 ti\u1ec7n l\u1ee3i m\u00e0 c\u00f2n cung c\u1ea5p cho b\u00e9 \u0111\u1ea7y \u0111\u1ee7 d\u01b0\u1ee1ng ch\u1ea5t thi\u1ebft y\u1ebfu, \u0111\u1ec3 con \u0111\u1ee7 n\u0103ng l\u01b0\u1ee3ng ho\u1ea1t \u0111\u1ed9ng, vui ch\u01a1i v\u00e0 kh\u00e1m ph\u00e1 th\u1ebf gi\u1edbi.\u00a0\" \/>\n<meta name=\"robots\" content=\"index, follow, max-snippet:-1, max-image-preview:large, max-video-preview:-1\" \/>\n<link rel=\"canonical\" href=\"https:\/\/suatuyetvoi.com\/muasam\/san-pham\/thung-thuc-pham-bo-sung-sua-tiet-trung-similac-eye-q-180ml-loc-4-hop-moi-12-loc\/\" \/>\n<meta property=\"og:locale\" content=\"vi_VN\" \/>\n<meta property=\"og:type\" content=\"article\" \/>\n<meta property=\"og:title\" content=\"Th\u00f9ng S\u1eefa ti\u1ec7t tr\u00f9ng Similac Eye-Q 180ML (L\u1ed1c 4 h\u1ed9p m\u1edbi) - 12 l\u1ed1c - \u0110ang Khuy\u1ebfn m\u00e3i\" \/>\n<meta property=\"og:description\" content=\"S\u1eefa ti\u1ec7t tr\u00f9ng Similac Eye-Q l\u00e0 s\u1eefa b\u1ed9t pha s\u1eb5n d\u00e0nh cho b\u00e9 t\u1eeb 1 tu\u1ed5i \u0111\u1ebfn t\u1eeb th\u01b0\u01a1ng hi\u1ec7u uy t\u00edn c\u1ee7a M\u1ef9. S\u1ea3n ph\u1ea9m kh\u00f4ng ch\u1ec9 ti\u1ec7n l\u1ee3i m\u00e0 c\u00f2n cung c\u1ea5p cho b\u00e9 \u0111\u1ea7y \u0111\u1ee7 d\u01b0\u1ee1ng ch\u1ea5t thi\u1ebft y\u1ebfu, \u0111\u1ec3 con \u0111\u1ee7 n\u0103ng l\u01b0\u1ee3ng ho\u1ea1t \u0111\u1ed9ng, vui ch\u01a1i v\u00e0 kh\u00e1m ph\u00e1 th\u1ebf gi\u1edbi.\u00a0\" \/>\n<meta property=\"og:url\" content=\"https:\/\/suatuyetvoi.com\/muasam\/san-pham\/thung-thuc-pham-bo-sung-sua-tiet-trung-similac-eye-q-180ml-loc-4-hop-moi-12-loc\/\" \/>\n<meta property=\"og:site_name\" content=\"S\u1eefa Tuy\u1ec7t V\u1eddi\" \/>\n<meta property=\"article:modified_time\" content=\"2023-03-27T10:07:15+00:00\" \/>\n<meta property=\"og:image\" content=\"https:\/\/suatuyetvoi.com\/muasam\/wp-content\/uploads\/2023\/03\/abbott-1-5.png\" \/>\n\t<meta property=\"og:image:width\" content=\"1080\" \/>\n\t<meta property=\"og:image:height\" content=\"1080\" \/>\n\t<meta property=\"og:image:type\" content=\"image\/png\" \/>\n<meta name=\"twitter:card\" content=\"summary_large_image\" \/>\n<meta name=\"twitter:title\" content=\"Th\u00f9ng S\u1eefa ti\u1ec7t tr\u00f9ng Similac Eye-Q 180ML (L\u1ed1c 4 h\u1ed9p m\u1edbi) - 12 l\u1ed1c - \u0110ang Khuy\u1ebfn m\u00e3i\" \/>\n<meta name=\"twitter:description\" content=\"S\u1eefa ti\u1ec7t tr\u00f9ng Similac Eye-Q l\u00e0 s\u1eefa b\u1ed9t pha s\u1eb5n d\u00e0nh cho b\u00e9 t\u1eeb 1 tu\u1ed5i \u0111\u1ebfn t\u1eeb th\u01b0\u01a1ng hi\u1ec7u uy t\u00edn c\u1ee7a M\u1ef9. S\u1ea3n ph\u1ea9m kh\u00f4ng ch\u1ec9 ti\u1ec7n l\u1ee3i m\u00e0 c\u00f2n cung c\u1ea5p cho b\u00e9 \u0111\u1ea7y \u0111\u1ee7 d\u01b0\u1ee1ng ch\u1ea5t thi\u1ebft y\u1ebfu, \u0111\u1ec3 con \u0111\u1ee7 n\u0103ng l\u01b0\u1ee3ng ho\u1ea1t \u0111\u1ed9ng, vui ch\u01a1i v\u00e0 kh\u00e1m ph\u00e1 th\u1ebf gi\u1edbi.\u00a0\" \/>\n<meta name=\"twitter:label1\" content=\"\u01af\u1edbc t\u00ednh th\u1eddi gian \u0111\u1ecdc\" \/>\n\t<meta name=\"twitter:data1\" content=\"2 ph\u00fat\" \/>\n<script type=\"application\/ld+json\" class=\"yoast-schema-graph\">{\"@context\":\"https:\\\/\\\/schema.org\",\"@graph\":[{\"@type\":\"WebPage\",\"@id\":\"https:\\\/\\\/suatuyetvoi.com\\\/muasam\\\/san-pham\\\/thung-thuc-pham-bo-sung-sua-tiet-trung-similac-eye-q-180ml-loc-4-hop-moi-12-loc\\\/\",\"url\":\"https:\\\/\\\/suatuyetvoi.com\\\/muasam\\\/san-pham\\\/thung-thuc-pham-bo-sung-sua-tiet-trung-similac-eye-q-180ml-loc-4-hop-moi-12-loc\\\/\",\"name\":\"Th\u00f9ng S\u1eefa ti\u1ec7t tr\u00f9ng Similac Eye-Q 180ML (L\u1ed1c 4 h\u1ed9p m\u1edbi) - 12 l\u1ed1c - \u0110ang Khuy\u1ebfn m\u00e3i\",\"isPartOf\":{\"@id\":\"https:\\\/\\\/suatuyetvoi.com\\\/muasam\\\/#website\"},\"primaryImageOfPage\":{\"@id\":\"https:\\\/\\\/suatuyetvoi.com\\\/muasam\\\/san-pham\\\/thung-thuc-pham-bo-sung-sua-tiet-trung-similac-eye-q-180ml-loc-4-hop-moi-12-loc\\\/#primaryimage\"},\"image\":{\"@id\":\"https:\\\/\\\/suatuyetvoi.com\\\/muasam\\\/san-pham\\\/thung-thuc-pham-bo-sung-sua-tiet-trung-similac-eye-q-180ml-loc-4-hop-moi-12-loc\\\/#primaryimage\"},\"thumbnailUrl\":\"https:\\\/\\\/suatuyetvoi.com\\\/muasam\\\/wp-content\\\/uploads\\\/2023\\\/03\\\/abbott-1-5.png\",\"datePublished\":\"2023-03-27T09:55:06+00:00\",\"dateModified\":\"2023-03-27T10:07:15+00:00\",\"description\":\"S\u1eefa ti\u1ec7t tr\u00f9ng Similac Eye-Q l\u00e0 s\u1eefa b\u1ed9t pha s\u1eb5n d\u00e0nh cho b\u00e9 t\u1eeb 1 tu\u1ed5i \u0111\u1ebfn t\u1eeb th\u01b0\u01a1ng hi\u1ec7u uy t\u00edn c\u1ee7a M\u1ef9. S\u1ea3n ph\u1ea9m kh\u00f4ng ch\u1ec9 ti\u1ec7n l\u1ee3i m\u00e0 c\u00f2n cung c\u1ea5p cho b\u00e9 \u0111\u1ea7y \u0111\u1ee7 d\u01b0\u1ee1ng ch\u1ea5t thi\u1ebft y\u1ebfu, \u0111\u1ec3 con \u0111\u1ee7 n\u0103ng l\u01b0\u1ee3ng ho\u1ea1t \u0111\u1ed9ng, vui ch\u01a1i v\u00e0 kh\u00e1m ph\u00e1 th\u1ebf gi\u1edbi.\u00a0\",\"breadcrumb\":{\"@id\":\"https:\\\/\\\/suatuyetvoi.com\\\/muasam\\\/san-pham\\\/thung-thuc-pham-bo-sung-sua-tiet-trung-similac-eye-q-180ml-loc-4-hop-moi-12-loc\\\/#breadcrumb\"},\"inLanguage\":\"vi\",\"potentialAction\":[{\"@type\":\"ReadAction\",\"target\":[\"https:\\\/\\\/suatuyetvoi.com\\\/muasam\\\/san-pham\\\/thung-thuc-pham-bo-sung-sua-tiet-trung-similac-eye-q-180ml-loc-4-hop-moi-12-loc\\\/\"]}]},{\"@type\":\"ImageObject\",\"inLanguage\":\"vi\",\"@id\":\"https:\\\/\\\/suatuyetvoi.com\\\/muasam\\\/san-pham\\\/thung-thuc-pham-bo-sung-sua-tiet-trung-similac-eye-q-180ml-loc-4-hop-moi-12-loc\\\/#primaryimage\",\"url\":\"https:\\\/\\\/suatuyetvoi.com\\\/muasam\\\/wp-content\\\/uploads\\\/2023\\\/03\\\/abbott-1-5.png\",\"contentUrl\":\"https:\\\/\\\/suatuyetvoi.com\\\/muasam\\\/wp-content\\\/uploads\\\/2023\\\/03\\\/abbott-1-5.png\",\"width\":1080,\"height\":1080},{\"@type\":\"BreadcrumbList\",\"@id\":\"https:\\\/\\\/suatuyetvoi.com\\\/muasam\\\/san-pham\\\/thung-thuc-pham-bo-sung-sua-tiet-trung-similac-eye-q-180ml-loc-4-hop-moi-12-loc\\\/#breadcrumb\",\"itemListElement\":[{\"@type\":\"ListItem\",\"position\":1,\"name\":\"Home\",\"item\":\"https:\\\/\\\/suatuyetvoi.com\\\/muasam\\\/\"},{\"@type\":\"ListItem\",\"position\":2,\"name\":\"Shop\",\"item\":\"https:\\\/\\\/suatuyetvoi.com\\\/muasam\\\/shop\\\/\"},{\"@type\":\"ListItem\",\"position\":3,\"name\":\"Th\u00f9ng Th\u1ef1c ph\u1ea9m b\u1ed5 sung S\u1eefa ti\u1ec7t tr\u00f9ng Similac Eye-Q 180ml (L\u1ed1c 4 h\u1ed9p m\u1edbi) &#8211; 12 l\u1ed1c\"}]},{\"@type\":\"WebSite\",\"@id\":\"https:\\\/\\\/suatuyetvoi.com\\\/muasam\\\/#website\",\"url\":\"https:\\\/\\\/suatuyetvoi.com\\\/muasam\\\/\",\"name\":\"S\u1eefa Tuy\u1ec7t V\u1eddi\",\"description\":\"S\u1eefa Tuy\u1ec7t V\u1eddi Vi\u1ec7t Nam\",\"potentialAction\":[{\"@type\":\"SearchAction\",\"target\":{\"@type\":\"EntryPoint\",\"urlTemplate\":\"https:\\\/\\\/suatuyetvoi.com\\\/muasam\\\/?s={search_term_string}\"},\"query-input\":{\"@type\":\"PropertyValueSpecification\",\"valueRequired\":true,\"valueName\":\"search_term_string\"}}],\"inLanguage\":\"vi\"}]}<\/script>\n<!-- \/ Yoast SEO plugin. -->","yoast_head_json":{"title":"Th\u00f9ng S\u1eefa ti\u1ec7t tr\u00f9ng Similac Eye-Q 180ML (L\u1ed1c 4 h\u1ed9p m\u1edbi) - 12 l\u1ed1c - \u0110ang Khuy\u1ebfn m\u00e3i","description":"S\u1eefa ti\u1ec7t tr\u00f9ng Similac Eye-Q l\u00e0 s\u1eefa b\u1ed9t pha s\u1eb5n d\u00e0nh cho b\u00e9 t\u1eeb 1 tu\u1ed5i \u0111\u1ebfn t\u1eeb th\u01b0\u01a1ng hi\u1ec7u uy t\u00edn c\u1ee7a M\u1ef9. S\u1ea3n ph\u1ea9m kh\u00f4ng ch\u1ec9 ti\u1ec7n l\u1ee3i m\u00e0 c\u00f2n cung c\u1ea5p cho b\u00e9 \u0111\u1ea7y \u0111\u1ee7 d\u01b0\u1ee1ng ch\u1ea5t thi\u1ebft y\u1ebfu, \u0111\u1ec3 con \u0111\u1ee7 n\u0103ng l\u01b0\u1ee3ng ho\u1ea1t \u0111\u1ed9ng, vui ch\u01a1i v\u00e0 kh\u00e1m ph\u00e1 th\u1ebf gi\u1edbi.\u00a0","robots":{"index":"index","follow":"follow","max-snippet":"max-snippet:-1","max-image-preview":"max-image-preview:large","max-video-preview":"max-video-preview:-1"},"canonical":"https:\/\/suatuyetvoi.com\/muasam\/san-pham\/thung-thuc-pham-bo-sung-sua-tiet-trung-similac-eye-q-180ml-loc-4-hop-moi-12-loc\/","og_locale":"vi_VN","og_type":"article","og_title":"Th\u00f9ng S\u1eefa ti\u1ec7t tr\u00f9ng Similac Eye-Q 180ML (L\u1ed1c 4 h\u1ed9p m\u1edbi) - 12 l\u1ed1c - \u0110ang Khuy\u1ebfn m\u00e3i","og_description":"S\u1eefa ti\u1ec7t tr\u00f9ng Similac Eye-Q l\u00e0 s\u1eefa b\u1ed9t pha s\u1eb5n d\u00e0nh cho b\u00e9 t\u1eeb 1 tu\u1ed5i \u0111\u1ebfn t\u1eeb th\u01b0\u01a1ng hi\u1ec7u uy t\u00edn c\u1ee7a M\u1ef9. S\u1ea3n ph\u1ea9m kh\u00f4ng ch\u1ec9 ti\u1ec7n l\u1ee3i m\u00e0 c\u00f2n cung c\u1ea5p cho b\u00e9 \u0111\u1ea7y \u0111\u1ee7 d\u01b0\u1ee1ng ch\u1ea5t thi\u1ebft y\u1ebfu, \u0111\u1ec3 con \u0111\u1ee7 n\u0103ng l\u01b0\u1ee3ng ho\u1ea1t \u0111\u1ed9ng, vui ch\u01a1i v\u00e0 kh\u00e1m ph\u00e1 th\u1ebf gi\u1edbi.\u00a0","og_url":"https:\/\/suatuyetvoi.com\/muasam\/san-pham\/thung-thuc-pham-bo-sung-sua-tiet-trung-similac-eye-q-180ml-loc-4-hop-moi-12-loc\/","og_site_name":"S\u1eefa Tuy\u1ec7t V\u1eddi","article_modified_time":"2023-03-27T10:07:15+00:00","og_image":[{"width":1080,"height":1080,"url":"https:\/\/suatuyetvoi.com\/muasam\/wp-content\/uploads\/2023\/03\/abbott-1-5.png","type":"image\/png"}],"twitter_card":"summary_large_image","twitter_title":"Th\u00f9ng S\u1eefa ti\u1ec7t tr\u00f9ng Similac Eye-Q 180ML (L\u1ed1c 4 h\u1ed9p m\u1edbi) - 12 l\u1ed1c - \u0110ang Khuy\u1ebfn m\u00e3i","twitter_description":"S\u1eefa ti\u1ec7t tr\u00f9ng Similac Eye-Q l\u00e0 s\u1eefa b\u1ed9t pha s\u1eb5n d\u00e0nh cho b\u00e9 t\u1eeb 1 tu\u1ed5i \u0111\u1ebfn t\u1eeb th\u01b0\u01a1ng hi\u1ec7u uy t\u00edn c\u1ee7a M\u1ef9. S\u1ea3n ph\u1ea9m kh\u00f4ng ch\u1ec9 ti\u1ec7n l\u1ee3i m\u00e0 c\u00f2n cung c\u1ea5p cho b\u00e9 \u0111\u1ea7y \u0111\u1ee7 d\u01b0\u1ee1ng ch\u1ea5t thi\u1ebft y\u1ebfu, \u0111\u1ec3 con \u0111\u1ee7 n\u0103ng l\u01b0\u1ee3ng ho\u1ea1t \u0111\u1ed9ng, vui ch\u01a1i v\u00e0 kh\u00e1m ph\u00e1 th\u1ebf gi\u1edbi.\u00a0","twitter_misc":{"\u01af\u1edbc t\u00ednh th\u1eddi gian \u0111\u1ecdc":"2 ph\u00fat"},"schema":{"@context":"https:\/\/schema.org","@graph":[{"@type":"WebPage","@id":"https:\/\/suatuyetvoi.com\/muasam\/san-pham\/thung-thuc-pham-bo-sung-sua-tiet-trung-similac-eye-q-180ml-loc-4-hop-moi-12-loc\/","url":"https:\/\/suatuyetvoi.com\/muasam\/san-pham\/thung-thuc-pham-bo-sung-sua-tiet-trung-similac-eye-q-180ml-loc-4-hop-moi-12-loc\/","name":"Th\u00f9ng S\u1eefa ti\u1ec7t tr\u00f9ng Similac Eye-Q 180ML (L\u1ed1c 4 h\u1ed9p m\u1edbi) - 12 l\u1ed1c - \u0110ang Khuy\u1ebfn m\u00e3i","isPartOf":{"@id":"https:\/\/suatuyetvoi.com\/muasam\/#website"},"primaryImageOfPage":{"@id":"https:\/\/suatuyetvoi.com\/muasam\/san-pham\/thung-thuc-pham-bo-sung-sua-tiet-trung-similac-eye-q-180ml-loc-4-hop-moi-12-loc\/#primaryimage"},"image":{"@id":"https:\/\/suatuyetvoi.com\/muasam\/san-pham\/thung-thuc-pham-bo-sung-sua-tiet-trung-similac-eye-q-180ml-loc-4-hop-moi-12-loc\/#primaryimage"},"thumbnailUrl":"https:\/\/suatuyetvoi.com\/muasam\/wp-content\/uploads\/2023\/03\/abbott-1-5.png","datePublished":"2023-03-27T09:55:06+00:00","dateModified":"2023-03-27T10:07:15+00:00","description":"S\u1eefa ti\u1ec7t tr\u00f9ng Similac Eye-Q l\u00e0 s\u1eefa b\u1ed9t pha s\u1eb5n d\u00e0nh cho b\u00e9 t\u1eeb 1 tu\u1ed5i \u0111\u1ebfn t\u1eeb th\u01b0\u01a1ng hi\u1ec7u uy t\u00edn c\u1ee7a M\u1ef9. S\u1ea3n ph\u1ea9m kh\u00f4ng ch\u1ec9 ti\u1ec7n l\u1ee3i m\u00e0 c\u00f2n cung c\u1ea5p cho b\u00e9 \u0111\u1ea7y \u0111\u1ee7 d\u01b0\u1ee1ng ch\u1ea5t thi\u1ebft y\u1ebfu, \u0111\u1ec3 con \u0111\u1ee7 n\u0103ng l\u01b0\u1ee3ng ho\u1ea1t \u0111\u1ed9ng, vui ch\u01a1i v\u00e0 kh\u00e1m ph\u00e1 th\u1ebf gi\u1edbi.\u00a0","breadcrumb":{"@id":"https:\/\/suatuyetvoi.com\/muasam\/san-pham\/thung-thuc-pham-bo-sung-sua-tiet-trung-similac-eye-q-180ml-loc-4-hop-moi-12-loc\/#breadcrumb"},"inLanguage":"vi","potentialAction":[{"@type":"ReadAction","target":["https:\/\/suatuyetvoi.com\/muasam\/san-pham\/thung-thuc-pham-bo-sung-sua-tiet-trung-similac-eye-q-180ml-loc-4-hop-moi-12-loc\/"]}]},{"@type":"ImageObject","inLanguage":"vi","@id":"https:\/\/suatuyetvoi.com\/muasam\/san-pham\/thung-thuc-pham-bo-sung-sua-tiet-trung-similac-eye-q-180ml-loc-4-hop-moi-12-loc\/#primaryimage","url":"https:\/\/suatuyetvoi.com\/muasam\/wp-content\/uploads\/2023\/03\/abbott-1-5.png","contentUrl":"https:\/\/suatuyetvoi.com\/muasam\/wp-content\/uploads\/2023\/03\/abbott-1-5.png","width":1080,"height":1080},{"@type":"BreadcrumbList","@id":"https:\/\/suatuyetvoi.com\/muasam\/san-pham\/thung-thuc-pham-bo-sung-sua-tiet-trung-similac-eye-q-180ml-loc-4-hop-moi-12-loc\/#breadcrumb","itemListElement":[{"@type":"ListItem","position":1,"name":"Home","item":"https:\/\/suatuyetvoi.com\/muasam\/"},{"@type":"ListItem","position":2,"name":"Shop","item":"https:\/\/suatuyetvoi.com\/muasam\/shop\/"},{"@type":"ListItem","position":3,"name":"Th\u00f9ng Th\u1ef1c ph\u1ea9m b\u1ed5 sung S\u1eefa ti\u1ec7t tr\u00f9ng Similac Eye-Q 180ml (L\u1ed1c 4 h\u1ed9p m\u1edbi) &#8211; 12 l\u1ed1c"}]},{"@type":"WebSite","@id":"https:\/\/suatuyetvoi.com\/muasam\/#website","url":"https:\/\/suatuyetvoi.com\/muasam\/","name":"S\u1eefa Tuy\u1ec7t V\u1eddi","description":"S\u1eefa Tuy\u1ec7t V\u1eddi Vi\u1ec7t Nam","potentialAction":[{"@type":"SearchAction","target":{"@type":"EntryPoint","urlTemplate":"https:\/\/suatuyetvoi.com\/muasam\/?s={search_term_string}"},"query-input":{"@type":"PropertyValueSpecification","valueRequired":true,"valueName":"search_term_string"}}],"inLanguage":"vi"}]}},"_links":{"self":[{"href":"https:\/\/suatuyetvoi.com\/muasam\/wp-json\/wp\/v2\/product\/5964","targetHints":{"allow":["GET"]}}],"collection":[{"href":"https:\/\/suatuyetvoi.com\/muasam\/wp-json\/wp\/v2\/product"}],"about":[{"href":"https:\/\/suatuyetvoi.com\/muasam\/wp-json\/wp\/v2\/types\/product"}],"replies":[{"embeddable":true,"href":"https:\/\/suatuyetvoi.com\/muasam\/wp-json\/wp\/v2\/comments?post=5964"}],"wp:featuredmedia":[{"embeddable":true,"href":"https:\/\/suatuyetvoi.com\/muasam\/wp-json\/wp\/v2\/media\/5965"}],"wp:attachment":[{"href":"https:\/\/suatuyetvoi.com\/muasam\/wp-json\/wp\/v2\/media?parent=5964"}],"wp:term":[{"taxonomy":"product_cat","embeddable":true,"href":"https:\/\/suatuyetvoi.com\/muasam\/wp-json\/wp\/v2\/product_cat?post=5964"},{"taxonomy":"product_tag","embeddable":true,"href":"https:\/\/suatuyetvoi.com\/muasam\/wp-json\/wp\/v2\/product_tag?post=5964"}],"curies":[{"name":"wp","href":"https:\/\/api.w.org\/{rel}","templated":true}]}}