{"id":5932,"date":"2023-03-22T17:47:40","date_gmt":"2023-03-22T10:47:40","guid":{"rendered":"https:\/\/suatuyetvoi.com\/muasam\/?post_type=product&#038;p=5932"},"modified":"2023-03-22T17:47:41","modified_gmt":"2023-03-22T10:47:41","slug":"friso-gold-so-2-850g-6-12-thang","status":"publish","type":"product","link":"https:\/\/suatuyetvoi.com\/muasam\/san-pham\/friso-gold-so-2-850g-6-12-thang\/","title":{"rendered":"Friso Gold s\u1ed1 2 850g (6 &#8211; 12 th\u00e1ng)"},"content":{"rendered":"<h2 class=\"article__content__title\">TH\u00d4NG TIN S\u1ea2N PH\u1ea8M<\/h2>\n<p class=\"size-text-14\"><i>CH\u00da \u00dd: &#8220;S\u1eefa m\u1eb9 l\u00e0 th\u1ee9c \u0103n t\u1ed1t nh\u1ea5t cho s\u1ee9c kh\u1ecfe v\u00e0 s\u1ef1 ph\u00e1t tri\u1ec3n to\u00e0n di\u1ec7n c\u1ee7a tr\u1ebb nh\u1ecf&#8221;.<\/i><\/p>\n<h3>S\u1eefa b\u1ed9t\u00a0Friso\u00a0s\u1eed d\u1ee5ng ngu\u1ed3n s\u1eefa m\u00e1t 100% t\u1eeb H\u00e0 Lan v\u1edbi \u0111\u1ea1m s\u1eefa m\u1ec1m nh\u1ecf t\u1ef1 nhi\u00ean, \u00eam d\u1ecbu cho h\u1ec7 ti\u00eau h\u00f3a c\u1ee7a b\u00e9<\/h3>\n<p>Friso v\u1edbi 150 n\u0103m kinh nghi\u1ec7m trong ng\u00e0nh s\u1eefa, cung c\u1ea5p ch\u1ebf \u0111\u1ed9 \u0103n ri\u00eang bi\u1ec7t cho c\u00e1c ch\u00fa b\u00f2\u00a0Dutch Friesland Cow t\u1ea1i trang tr\u1ea1i Friso H\u00e0 Lan, \u0111\u1ea3m b\u1ea3o t\u1ea1o ra ngu\u1ed3n s\u1eefa ch\u1ea5t l\u01b0\u1ee3ng v\u1edbi c\u00e1c ph\u00e2n t\u1eed \u0111\u1ea1m s\u1eefa m\u1ec1m nh\u1ecf t\u1ef1 nhi\u00ean, gi\u00fap b\u00e9 h\u1ea5p thu nhanh v\u00e0 ti\u00eau h\u00f3a d\u1ec5 d\u00e0ng.<\/p>\n<h3><img loading=\"lazy\" decoding=\"async\" class=\"alignnone size-full wp-image-5933\" src=\"https:\/\/suatuyetvoi.com\/muasam\/wp-content\/uploads\/2023\/03\/sua-bot-frisolac-gold-2-lon-850g-6-12-thang-230223-095731.webp\" alt=\"\" width=\"640\" height=\"358\" srcset=\"https:\/\/suatuyetvoi.com\/muasam\/wp-content\/uploads\/2023\/03\/sua-bot-frisolac-gold-2-lon-850g-6-12-thang-230223-095731.webp 640w, https:\/\/suatuyetvoi.com\/muasam\/wp-content\/uploads\/2023\/03\/sua-bot-frisolac-gold-2-lon-850g-6-12-thang-230223-095731-600x336.webp 600w\" sizes=\"auto, (max-width: 640px) 100vw, 640px\" \/><\/h3>\n<h3>B\u1ea3o to\u00e0n h\u01a1n 90% c\u00e1c ph\u00e2n t\u1eed \u0111\u1ea1m m\u1ec1m nh\u1ecf t\u1ef1 nhi\u00ean t\u1eeb quy tr\u00ecnh x\u1eed l\u00fd nhi\u1ec7t 1 l\u1ea7n<\/h3>\n<p>S\u1eefa t\u01b0\u01a1i sau khi \u0111\u01b0\u1ee3c v\u1eaft v\u00e0 ch\u1ecdn l\u1ecdc t\u1eeb trang tr\u1ea1i s\u1ebd \u0111\u01b0\u1ee3c v\u1eadn chuy\u1ec3n \u0111\u1ebfn nh\u00e0 m\u00e1y trong v\u00f2ng 1.5 ti\u1ebfng v\u00e0 b\u1ea3o qu\u1ea3n trong \u0111i\u1ec1u ki\u1ec7n kh\u00f4ng qu\u00e1 4\u00b0C \u0111\u1ec3 \u0111\u1ea3m b\u1ea3o \u0111\u1ed9 thanh khi\u1ebft nh\u1ea5t.<\/p>\n<p>V\u1edbi quy tr\u00ecnh x\u1eed l\u00fd nhi\u1ec7t, ch\u1ebf bi\u1ebfn s\u1eefa t\u01b0\u01a1i th\u00e0nh\u00a0<a title=\"Xem th\u00eam s\u1eefa b\u1ed9t \u0111ang kinh doanh t\u1ea1i AVAKids\" href=\"https:\/\/www.avakids.com\/sua-bot-cho-be\" target=\"_blank\" rel=\"noopener\">s\u1eefa b\u1ed9t<\/a>\u00a0ch\u1ec9 trong 1 l\u1ea7n\u00a0c\u1ee7a Friso, c\u00e1c d\u01b0\u1ee1ng ch\u1ea5t t\u1ef1 nhi\u00ean v\u00e0\u00a0c\u00e1c ph\u00e2n t\u1eed \u0111\u1ea1m s\u1eefa m\u1ec1m nh\u1ecf \u0111\u01b0\u1ee3c b\u1ea3o\u00a0to\u00e0n h\u01a1n 90%, gi\u00fap b\u00e9 d\u1ec5 ti\u00eau h\u00f3a h\u01a1n.<\/p>\n<p><img loading=\"lazy\" decoding=\"async\" class=\"alignnone size-full wp-image-5934\" src=\"https:\/\/suatuyetvoi.com\/muasam\/wp-content\/uploads\/2023\/03\/sua-bot-frisolac-gold-2-lon-850g-6-12-thang-230223-095757.webp\" alt=\"\" width=\"640\" height=\"358\" srcset=\"https:\/\/suatuyetvoi.com\/muasam\/wp-content\/uploads\/2023\/03\/sua-bot-frisolac-gold-2-lon-850g-6-12-thang-230223-095757.webp 640w, https:\/\/suatuyetvoi.com\/muasam\/wp-content\/uploads\/2023\/03\/sua-bot-frisolac-gold-2-lon-850g-6-12-thang-230223-095757-600x336.webp 600w\" sizes=\"auto, (max-width: 640px) 100vw, 640px\" \/><\/p>\n<h3>S\u1eefa b\u1ed9t cho b\u00e9 t\u1eeb 6 &#8211; 12 th\u00e1ng\u00a0v\u1edbi\u00a0ch\u1ea5t x\u01a1 GOS\u00a0v\u00e0 5 lo\u1ea1i nucleotides gi\u00fap b\u1ea3o v\u1ec7 s\u1ee9c kh\u1ecfe \u0111\u01b0\u1eddng ru\u1ed9t, t\u0103ng c\u01b0\u1eddng kh\u1ea3 n\u0103ng h\u1ea5p thu<\/h3>\n<p>Friso Gold ch\u1ee9a h\u00e0m l\u01b0\u1ee3ng GOS cao gi\u00fap t\u0103ng c\u01b0\u1eddng l\u1ee3i khu\u1ea9n Bifidus v\u00e0 c\u1ea3i thi\u1ec7n h\u1ec7 ti\u00eau h\u00f3a c\u1ee7a tr\u1ebb, t\u1eeb \u0111\u00f3 gi\u00fap b\u00e9 h\u1ea5p thu nhanh c\u00e1c d\u01b0\u1ee1ng ch\u1ea5t c\u00f3 trong s\u1eefa\u00a0v\u00e0 ti\u00eau h\u00f3a d\u1ec5 d\u00e0ng.<\/p>\n<p><img loading=\"lazy\" decoding=\"async\" class=\"alignnone size-full wp-image-5935\" src=\"https:\/\/suatuyetvoi.com\/muasam\/wp-content\/uploads\/2023\/03\/sua-bot-frisolac-gold-2-lon-850g-6-12-thang-230223-095816.webp\" alt=\"\" width=\"640\" height=\"358\" srcset=\"https:\/\/suatuyetvoi.com\/muasam\/wp-content\/uploads\/2023\/03\/sua-bot-frisolac-gold-2-lon-850g-6-12-thang-230223-095816.webp 640w, https:\/\/suatuyetvoi.com\/muasam\/wp-content\/uploads\/2023\/03\/sua-bot-frisolac-gold-2-lon-850g-6-12-thang-230223-095816-600x336.webp 600w\" sizes=\"auto, (max-width: 640px) 100vw, 640px\" \/><\/p>\n<h3>S\u1eefa b\u1ed9t Friso Gold s\u1ed1 2 850g\u00a0kh\u00f4ng ch\u1ee9a \u0111\u01b0\u1eddng sucrose,\u00a0ph\u00f9 h\u1ee3p s\u1eed d\u1ee5ng cho b\u00e9 t\u1eeb 6 &#8211; 12 th\u00e1ng<\/h3>\n<p>Vi\u1ec7c s\u1eed d\u1ee5ng\u00a0\u0111\u01b0\u1eddng lactose, lo\u1ea1i b\u1ecf \u0111\u01b0\u1eddng sucrose gi\u00fap l\u00e0m gi\u1ea3m v\u1ecb ng\u1ecdt, b\u00e9 d\u1ec5 d\u00e0ng l\u00e0m quen v\u1edbi s\u1eefa h\u01a1n \u0111\u1ed3ng th\u1eddi l\u00e0m gi\u1ea3m nguy c\u01a1 s\u00e2u r\u0103ng, b\u00e9o ph\u00ec cho b\u00e9 ngay t\u1eeb khi c\u00f2n nh\u1ecf.<\/p>\n<p><img loading=\"lazy\" decoding=\"async\" class=\"alignnone size-full wp-image-5936\" src=\"https:\/\/suatuyetvoi.com\/muasam\/wp-content\/uploads\/2023\/03\/sua-bot-frisolac-gold-2-lon-850g-6-12-thang-230223-095837.webp\" alt=\"\" width=\"640\" height=\"358\" srcset=\"https:\/\/suatuyetvoi.com\/muasam\/wp-content\/uploads\/2023\/03\/sua-bot-frisolac-gold-2-lon-850g-6-12-thang-230223-095837.webp 640w, https:\/\/suatuyetvoi.com\/muasam\/wp-content\/uploads\/2023\/03\/sua-bot-frisolac-gold-2-lon-850g-6-12-thang-230223-095837-600x336.webp 600w\" sizes=\"auto, (max-width: 640px) 100vw, 640px\" \/><\/p>\n<h3>Th\u00e0nh ph\u1ea7n dinh d\u01b0\u1ee1ng<\/h3>\n<p><img loading=\"lazy\" decoding=\"async\" class=\"alignnone size-full wp-image-5937\" src=\"https:\/\/suatuyetvoi.com\/muasam\/wp-content\/uploads\/2023\/03\/sua-bot-frisolac-gold-2-lon-850g-6-12-thang-010922-113538.webp\" alt=\"\" width=\"600\" height=\"393\" \/><\/p>\n","protected":false},"excerpt":{"rendered":"<ul class=\"info-article \">\n<li>\n<p class=\"txt01\">Th\u01b0\u01a1ng hi\u00ea\u0323u: Friso (H\u00e0 Lan).<\/p>\n<\/li>\n<li data-id=\"30003\" data-group-id=\"12888\" data-index=\"1\">\n<p class=\"txt01\">Kh\u1ed1i l\u01b0\u1ee3ng: 850g<\/p>\n<\/li>\n<li data-id=\"30008\" data-group-id=\"12888\" data-index=\"2\">\n<p class=\"txt01\">\u0110\u1ed9 tu\u1ed5i: 6 &#8211; 12 th\u00e1ng<\/p>\n<\/li>\n<li data-id=\"30013\" data-group-id=\"12888\" data-index=\"3\">\n<p class=\"txt01\">Th\u00e0nh ph\u1ea7n: B\u1ed9t s\u1eefa g\u1ea7y, b\u1ed9t whey kh\u1eed kho\u00e1ng, lactose, d\u1ea7u th\u1ef1c v\u1eadt (d\u1ea7u c\u1ecd, d\u1ea7u h\u1ea1t c\u1ea3i, d\u1ea7u h\u1ea1t c\u1ecd, d\u1ea7u h\u01b0\u1edbng d\u01b0\u01a1ng), \u0111\u1ea1m whey c\u00f4 \u0111\u1eb7c, galacto \u2013 oligosaccharides (GOS), maltodextrin, trikali citrat,&#8230;<\/p>\n<\/li>\n<li data-id=\"30014\" data-group-id=\"12888\" data-index=\"4\">\n<p class=\"txt01\">M\u00f9i v\u1ecb: V\u1ecb t\u1ef1 nhi\u00ean<\/p>\n<\/li>\n<li data-id=\"30025\" data-group-id=\"12888\" data-index=\"5\">\n<p class=\"txt01\">H\u1ea1n s\u1eed d\u1ee5ng sau m\u1edf n\u1eafp: 1 th\u00e1ng<\/p>\n<\/li>\n<\/ul>\n","protected":false},"featured_media":5938,"comment_status":"open","ping_status":"closed","template":"","meta":[],"product_cat":[231],"product_tag":[574,578],"class_list":["post-5932","product","type-product","status-publish","has-post-thumbnail","hentry","product_cat-sua-bot","product_tag-ho-tro-tang-suc-de-khang","product_tag-ho-tro-tieu-hoa","berocket_brand-nestle"],"yoast_head":"<!-- This site is optimized with the Yoast SEO plugin v27.6 - https:\/\/yoast.com\/product\/yoast-seo-wordpress\/ -->\n<title>Friso Gold s\u1ed1 2 850g (6 - 12 th\u00e1ng) - \u0110ANG KHUY\u1ebeN M\u00c3I<\/title>\n<meta name=\"description\" content=\"Friso v\u1edbi 150 n\u0103m kinh nghi\u1ec7m trong ng\u00e0nh s\u1eefa, cung c\u1ea5p ch\u1ebf \u0111\u1ed9 \u0103n ri\u00eang bi\u1ec7t cho c\u00e1c ch\u00fa b\u00f2\u00a0Dutch Friesland Cow t\u1ea1i trang tr\u1ea1i Friso H\u00e0 Lan\" \/>\n<meta name=\"robots\" content=\"index, follow, max-snippet:-1, max-image-preview:large, max-video-preview:-1\" \/>\n<link rel=\"canonical\" href=\"https:\/\/suatuyetvoi.com\/muasam\/san-pham\/friso-gold-so-2-850g-6-12-thang\/\" \/>\n<meta property=\"og:locale\" content=\"vi_VN\" \/>\n<meta property=\"og:type\" content=\"article\" \/>\n<meta property=\"og:title\" content=\"Friso Gold s\u1ed1 2 850g (6 - 12 th\u00e1ng) - \u0110ANG KHUY\u1ebeN M\u00c3I\" \/>\n<meta property=\"og:description\" content=\"Friso v\u1edbi 150 n\u0103m kinh nghi\u1ec7m trong ng\u00e0nh s\u1eefa, cung c\u1ea5p ch\u1ebf \u0111\u1ed9 \u0103n ri\u00eang bi\u1ec7t cho c\u00e1c ch\u00fa b\u00f2\u00a0Dutch Friesland Cow t\u1ea1i trang tr\u1ea1i Friso H\u00e0 Lan\" \/>\n<meta property=\"og:url\" content=\"https:\/\/suatuyetvoi.com\/muasam\/san-pham\/friso-gold-so-2-850g-6-12-thang\/\" \/>\n<meta property=\"og:site_name\" content=\"S\u1eefa Tuy\u1ec7t V\u1eddi\" \/>\n<meta property=\"article:modified_time\" content=\"2023-03-22T10:47:41+00:00\" \/>\n<meta property=\"og:image\" content=\"https:\/\/suatuyetvoi.com\/muasam\/wp-content\/uploads\/2023\/03\/sua-bot-frisolac-gold-2-lon-380g-6-12-thang-1-Edited.png\" \/>\n\t<meta property=\"og:image:width\" content=\"800\" \/>\n\t<meta property=\"og:image:height\" content=\"800\" \/>\n\t<meta property=\"og:image:type\" content=\"image\/png\" \/>\n<meta name=\"twitter:card\" content=\"summary_large_image\" \/>\n<meta name=\"twitter:title\" content=\"Friso Gold s\u1ed1 2 850g (6 - 12 th\u00e1ng) - \u0110ANG KHUY\u1ebeN M\u00c3I\" \/>\n<meta name=\"twitter:description\" content=\"Friso v\u1edbi 150 n\u0103m kinh nghi\u1ec7m trong ng\u00e0nh s\u1eefa, cung c\u1ea5p ch\u1ebf \u0111\u1ed9 \u0103n ri\u00eang bi\u1ec7t cho c\u00e1c ch\u00fa b\u00f2\u00a0Dutch Friesland Cow t\u1ea1i trang tr\u1ea1i Friso H\u00e0 Lan.\" \/>\n<meta name=\"twitter:label1\" content=\"\u01af\u1edbc t\u00ednh th\u1eddi gian \u0111\u1ecdc\" \/>\n\t<meta name=\"twitter:data1\" content=\"3 ph\u00fat\" \/>\n<script type=\"application\/ld+json\" class=\"yoast-schema-graph\">{\"@context\":\"https:\\\/\\\/schema.org\",\"@graph\":[{\"@type\":\"WebPage\",\"@id\":\"https:\\\/\\\/suatuyetvoi.com\\\/muasam\\\/san-pham\\\/friso-gold-so-2-850g-6-12-thang\\\/\",\"url\":\"https:\\\/\\\/suatuyetvoi.com\\\/muasam\\\/san-pham\\\/friso-gold-so-2-850g-6-12-thang\\\/\",\"name\":\"Friso Gold s\u1ed1 2 850g (6 - 12 th\u00e1ng) - \u0110ANG KHUY\u1ebeN M\u00c3I\",\"isPartOf\":{\"@id\":\"https:\\\/\\\/suatuyetvoi.com\\\/muasam\\\/#website\"},\"primaryImageOfPage\":{\"@id\":\"https:\\\/\\\/suatuyetvoi.com\\\/muasam\\\/san-pham\\\/friso-gold-so-2-850g-6-12-thang\\\/#primaryimage\"},\"image\":{\"@id\":\"https:\\\/\\\/suatuyetvoi.com\\\/muasam\\\/san-pham\\\/friso-gold-so-2-850g-6-12-thang\\\/#primaryimage\"},\"thumbnailUrl\":\"https:\\\/\\\/suatuyetvoi.com\\\/muasam\\\/wp-content\\\/uploads\\\/2023\\\/03\\\/sua-bot-frisolac-gold-2-lon-380g-6-12-thang-1-Edited.png\",\"datePublished\":\"2023-03-22T10:47:40+00:00\",\"dateModified\":\"2023-03-22T10:47:41+00:00\",\"description\":\"Friso v\u1edbi 150 n\u0103m kinh nghi\u1ec7m trong ng\u00e0nh s\u1eefa, cung c\u1ea5p ch\u1ebf \u0111\u1ed9 \u0103n ri\u00eang bi\u1ec7t cho c\u00e1c ch\u00fa b\u00f2\u00a0Dutch Friesland Cow t\u1ea1i trang tr\u1ea1i Friso H\u00e0 Lan\",\"breadcrumb\":{\"@id\":\"https:\\\/\\\/suatuyetvoi.com\\\/muasam\\\/san-pham\\\/friso-gold-so-2-850g-6-12-thang\\\/#breadcrumb\"},\"inLanguage\":\"vi\",\"potentialAction\":[{\"@type\":\"ReadAction\",\"target\":[\"https:\\\/\\\/suatuyetvoi.com\\\/muasam\\\/san-pham\\\/friso-gold-so-2-850g-6-12-thang\\\/\"]}]},{\"@type\":\"ImageObject\",\"inLanguage\":\"vi\",\"@id\":\"https:\\\/\\\/suatuyetvoi.com\\\/muasam\\\/san-pham\\\/friso-gold-so-2-850g-6-12-thang\\\/#primaryimage\",\"url\":\"https:\\\/\\\/suatuyetvoi.com\\\/muasam\\\/wp-content\\\/uploads\\\/2023\\\/03\\\/sua-bot-frisolac-gold-2-lon-380g-6-12-thang-1-Edited.png\",\"contentUrl\":\"https:\\\/\\\/suatuyetvoi.com\\\/muasam\\\/wp-content\\\/uploads\\\/2023\\\/03\\\/sua-bot-frisolac-gold-2-lon-380g-6-12-thang-1-Edited.png\",\"width\":800,\"height\":800},{\"@type\":\"BreadcrumbList\",\"@id\":\"https:\\\/\\\/suatuyetvoi.com\\\/muasam\\\/san-pham\\\/friso-gold-so-2-850g-6-12-thang\\\/#breadcrumb\",\"itemListElement\":[{\"@type\":\"ListItem\",\"position\":1,\"name\":\"Home\",\"item\":\"https:\\\/\\\/suatuyetvoi.com\\\/muasam\\\/\"},{\"@type\":\"ListItem\",\"position\":2,\"name\":\"Shop\",\"item\":\"https:\\\/\\\/suatuyetvoi.com\\\/muasam\\\/shop\\\/\"},{\"@type\":\"ListItem\",\"position\":3,\"name\":\"Friso Gold s\u1ed1 2 850g (6 &#8211; 12 th\u00e1ng)\"}]},{\"@type\":\"WebSite\",\"@id\":\"https:\\\/\\\/suatuyetvoi.com\\\/muasam\\\/#website\",\"url\":\"https:\\\/\\\/suatuyetvoi.com\\\/muasam\\\/\",\"name\":\"S\u1eefa Tuy\u1ec7t V\u1eddi\",\"description\":\"S\u1eefa Tuy\u1ec7t V\u1eddi Vi\u1ec7t Nam\",\"potentialAction\":[{\"@type\":\"SearchAction\",\"target\":{\"@type\":\"EntryPoint\",\"urlTemplate\":\"https:\\\/\\\/suatuyetvoi.com\\\/muasam\\\/?s={search_term_string}\"},\"query-input\":{\"@type\":\"PropertyValueSpecification\",\"valueRequired\":true,\"valueName\":\"search_term_string\"}}],\"inLanguage\":\"vi\"}]}<\/script>\n<!-- \/ Yoast SEO plugin. -->","yoast_head_json":{"title":"Friso Gold s\u1ed1 2 850g (6 - 12 th\u00e1ng) - \u0110ANG KHUY\u1ebeN M\u00c3I","description":"Friso v\u1edbi 150 n\u0103m kinh nghi\u1ec7m trong ng\u00e0nh s\u1eefa, cung c\u1ea5p ch\u1ebf \u0111\u1ed9 \u0103n ri\u00eang bi\u1ec7t cho c\u00e1c ch\u00fa b\u00f2\u00a0Dutch Friesland Cow t\u1ea1i trang tr\u1ea1i Friso H\u00e0 Lan","robots":{"index":"index","follow":"follow","max-snippet":"max-snippet:-1","max-image-preview":"max-image-preview:large","max-video-preview":"max-video-preview:-1"},"canonical":"https:\/\/suatuyetvoi.com\/muasam\/san-pham\/friso-gold-so-2-850g-6-12-thang\/","og_locale":"vi_VN","og_type":"article","og_title":"Friso Gold s\u1ed1 2 850g (6 - 12 th\u00e1ng) - \u0110ANG KHUY\u1ebeN M\u00c3I","og_description":"Friso v\u1edbi 150 n\u0103m kinh nghi\u1ec7m trong ng\u00e0nh s\u1eefa, cung c\u1ea5p ch\u1ebf \u0111\u1ed9 \u0103n ri\u00eang bi\u1ec7t cho c\u00e1c ch\u00fa b\u00f2\u00a0Dutch Friesland Cow t\u1ea1i trang tr\u1ea1i Friso H\u00e0 Lan","og_url":"https:\/\/suatuyetvoi.com\/muasam\/san-pham\/friso-gold-so-2-850g-6-12-thang\/","og_site_name":"S\u1eefa Tuy\u1ec7t V\u1eddi","article_modified_time":"2023-03-22T10:47:41+00:00","og_image":[{"width":800,"height":800,"url":"https:\/\/suatuyetvoi.com\/muasam\/wp-content\/uploads\/2023\/03\/sua-bot-frisolac-gold-2-lon-380g-6-12-thang-1-Edited.png","type":"image\/png"}],"twitter_card":"summary_large_image","twitter_title":"Friso Gold s\u1ed1 2 850g (6 - 12 th\u00e1ng) - \u0110ANG KHUY\u1ebeN M\u00c3I","twitter_description":"Friso v\u1edbi 150 n\u0103m kinh nghi\u1ec7m trong ng\u00e0nh s\u1eefa, cung c\u1ea5p ch\u1ebf \u0111\u1ed9 \u0103n ri\u00eang bi\u1ec7t cho c\u00e1c ch\u00fa b\u00f2\u00a0Dutch Friesland Cow t\u1ea1i trang tr\u1ea1i Friso H\u00e0 Lan.","twitter_misc":{"\u01af\u1edbc t\u00ednh th\u1eddi gian \u0111\u1ecdc":"3 ph\u00fat"},"schema":{"@context":"https:\/\/schema.org","@graph":[{"@type":"WebPage","@id":"https:\/\/suatuyetvoi.com\/muasam\/san-pham\/friso-gold-so-2-850g-6-12-thang\/","url":"https:\/\/suatuyetvoi.com\/muasam\/san-pham\/friso-gold-so-2-850g-6-12-thang\/","name":"Friso Gold s\u1ed1 2 850g (6 - 12 th\u00e1ng) - \u0110ANG KHUY\u1ebeN M\u00c3I","isPartOf":{"@id":"https:\/\/suatuyetvoi.com\/muasam\/#website"},"primaryImageOfPage":{"@id":"https:\/\/suatuyetvoi.com\/muasam\/san-pham\/friso-gold-so-2-850g-6-12-thang\/#primaryimage"},"image":{"@id":"https:\/\/suatuyetvoi.com\/muasam\/san-pham\/friso-gold-so-2-850g-6-12-thang\/#primaryimage"},"thumbnailUrl":"https:\/\/suatuyetvoi.com\/muasam\/wp-content\/uploads\/2023\/03\/sua-bot-frisolac-gold-2-lon-380g-6-12-thang-1-Edited.png","datePublished":"2023-03-22T10:47:40+00:00","dateModified":"2023-03-22T10:47:41+00:00","description":"Friso v\u1edbi 150 n\u0103m kinh nghi\u1ec7m trong ng\u00e0nh s\u1eefa, cung c\u1ea5p ch\u1ebf \u0111\u1ed9 \u0103n ri\u00eang bi\u1ec7t cho c\u00e1c ch\u00fa b\u00f2\u00a0Dutch Friesland Cow t\u1ea1i trang tr\u1ea1i Friso H\u00e0 Lan","breadcrumb":{"@id":"https:\/\/suatuyetvoi.com\/muasam\/san-pham\/friso-gold-so-2-850g-6-12-thang\/#breadcrumb"},"inLanguage":"vi","potentialAction":[{"@type":"ReadAction","target":["https:\/\/suatuyetvoi.com\/muasam\/san-pham\/friso-gold-so-2-850g-6-12-thang\/"]}]},{"@type":"ImageObject","inLanguage":"vi","@id":"https:\/\/suatuyetvoi.com\/muasam\/san-pham\/friso-gold-so-2-850g-6-12-thang\/#primaryimage","url":"https:\/\/suatuyetvoi.com\/muasam\/wp-content\/uploads\/2023\/03\/sua-bot-frisolac-gold-2-lon-380g-6-12-thang-1-Edited.png","contentUrl":"https:\/\/suatuyetvoi.com\/muasam\/wp-content\/uploads\/2023\/03\/sua-bot-frisolac-gold-2-lon-380g-6-12-thang-1-Edited.png","width":800,"height":800},{"@type":"BreadcrumbList","@id":"https:\/\/suatuyetvoi.com\/muasam\/san-pham\/friso-gold-so-2-850g-6-12-thang\/#breadcrumb","itemListElement":[{"@type":"ListItem","position":1,"name":"Home","item":"https:\/\/suatuyetvoi.com\/muasam\/"},{"@type":"ListItem","position":2,"name":"Shop","item":"https:\/\/suatuyetvoi.com\/muasam\/shop\/"},{"@type":"ListItem","position":3,"name":"Friso Gold s\u1ed1 2 850g (6 &#8211; 12 th\u00e1ng)"}]},{"@type":"WebSite","@id":"https:\/\/suatuyetvoi.com\/muasam\/#website","url":"https:\/\/suatuyetvoi.com\/muasam\/","name":"S\u1eefa Tuy\u1ec7t V\u1eddi","description":"S\u1eefa Tuy\u1ec7t V\u1eddi Vi\u1ec7t Nam","potentialAction":[{"@type":"SearchAction","target":{"@type":"EntryPoint","urlTemplate":"https:\/\/suatuyetvoi.com\/muasam\/?s={search_term_string}"},"query-input":{"@type":"PropertyValueSpecification","valueRequired":true,"valueName":"search_term_string"}}],"inLanguage":"vi"}]}},"_links":{"self":[{"href":"https:\/\/suatuyetvoi.com\/muasam\/wp-json\/wp\/v2\/product\/5932","targetHints":{"allow":["GET"]}}],"collection":[{"href":"https:\/\/suatuyetvoi.com\/muasam\/wp-json\/wp\/v2\/product"}],"about":[{"href":"https:\/\/suatuyetvoi.com\/muasam\/wp-json\/wp\/v2\/types\/product"}],"replies":[{"embeddable":true,"href":"https:\/\/suatuyetvoi.com\/muasam\/wp-json\/wp\/v2\/comments?post=5932"}],"wp:featuredmedia":[{"embeddable":true,"href":"https:\/\/suatuyetvoi.com\/muasam\/wp-json\/wp\/v2\/media\/5938"}],"wp:attachment":[{"href":"https:\/\/suatuyetvoi.com\/muasam\/wp-json\/wp\/v2\/media?parent=5932"}],"wp:term":[{"taxonomy":"product_cat","embeddable":true,"href":"https:\/\/suatuyetvoi.com\/muasam\/wp-json\/wp\/v2\/product_cat?post=5932"},{"taxonomy":"product_tag","embeddable":true,"href":"https:\/\/suatuyetvoi.com\/muasam\/wp-json\/wp\/v2\/product_tag?post=5932"}],"curies":[{"name":"wp","href":"https:\/\/api.w.org\/{rel}","templated":true}]}}