{"id":5923,"date":"2023-03-22T17:13:20","date_gmt":"2023-03-22T10:13:20","guid":{"rendered":"https:\/\/suatuyetvoi.com\/muasam\/?post_type=product&#038;p=5923"},"modified":"2023-03-22T17:15:03","modified_gmt":"2023-03-22T10:15:03","slug":"friso-gold-so-3-1-4-kg-1-2-tuoi","status":"publish","type":"product","link":"https:\/\/suatuyetvoi.com\/muasam\/san-pham\/friso-gold-so-3-1-4-kg-1-2-tuoi\/","title":{"rendered":"Friso Gold s\u1ed1 3 1.4 kg (1 &#8211; 2 tu\u1ed5i)"},"content":{"rendered":"<h2 class=\"article__content__title\">TH\u00d4NG TIN S\u1ea2N PH\u1ea8M<\/h2>\n<p class=\"size-text-14\"><i>CH\u00da \u00dd: &#8220;S\u1eefa m\u1eb9 l\u00e0 th\u1ee9c \u0103n t\u1ed1t nh\u1ea5t cho s\u1ee9c kh\u1ecfe v\u00e0 s\u1ef1 ph\u00e1t tri\u1ec3n to\u00e0n di\u1ec7n c\u1ee7a tr\u1ebb nh\u1ecf&#8221;.<\/i><\/p>\n<h3>Ngu\u1ed3n s\u1eefa m\u00e1t 100% t\u1eeb H\u00e0 Lan k\u1ebft h\u1ee3p v\u1edbi ph\u00e2n t\u1eed \u0111\u1ea1m t\u1ef1 nhi\u00ean gi\u00fap b\u00e9 d\u1ec5 d\u00e0ng ti\u00eau h\u00f3a v\u00e0 h\u1ea5p thu nhanh<\/h3>\n<p>Friso v\u1edbi 150 n\u0103m kinh nghi\u1ec7m trong ng\u00e0nh s\u1eefa, cung c\u1ea5p ch\u1ebf \u0111\u1ed9 \u0103n ri\u00eang bi\u1ec7t cho c\u00e1c ch\u00fa b\u00f2 Dutch Friesland Cow t\u1ea1i trang tr\u1ea1i Friso H\u00e0 Lan, \u0111\u1ea3m b\u1ea3o t\u1ea1o ra ngu\u1ed3n s\u1eefa ch\u1ea5t l\u01b0\u1ee3ng cao.<\/p>\n<p>S\u1eefa b\u1ed9t\u00a0Friso\u00a0ch\u1ee9a c\u00e1c ph\u00e2n t\u1eed \u0111\u1ea1m s\u1eefa nh\u1ecf t\u1ef1 nhi\u00ean v\u1edbi c\u1ea5u tr\u00fac m\u1ec1m nh\u1eb9, gi\u00fap b\u00e9 h\u1ea5p thu d\u01b0\u1ee1ng ch\u1ea5t nhanh ch\u00f3ng, d\u1ec5 d\u00e0ng, cho b\u00e9 m\u1ed9t\u00a0h\u1ec7 ti\u00eau h\u00f3a kh\u1ecfe m\u1ea1nh.<\/p>\n<p><img loading=\"lazy\" decoding=\"async\" class=\"alignnone size-full wp-image-5924\" src=\"https:\/\/suatuyetvoi.com\/muasam\/wp-content\/uploads\/2023\/03\/sua-bot-frisolac-gold-3-1400g-020323-110319.webp\" alt=\"\" width=\"640\" height=\"358\" srcset=\"https:\/\/suatuyetvoi.com\/muasam\/wp-content\/uploads\/2023\/03\/sua-bot-frisolac-gold-3-1400g-020323-110319.webp 640w, https:\/\/suatuyetvoi.com\/muasam\/wp-content\/uploads\/2023\/03\/sua-bot-frisolac-gold-3-1400g-020323-110319-600x336.webp 600w\" sizes=\"auto, (max-width: 640px) 100vw, 640px\" \/><\/p>\n<h3>Quy tr\u00ecnh x\u1eed l\u00fd nhi\u1ec7t 1 l\u1ea7n t\u1eeb s\u1eefa t\u01b0\u01a1i th\u00e0nh s\u1eefa b\u1ed9t b\u1ea3o to\u00e0n c\u00e1c d\u01b0\u1ee1ng ch\u1ea5t t\u1ef1 nhi\u00ean gi\u00fap b\u00e9 d\u1ec5 ti\u00eau h\u00f3a<\/h3>\n<p>S\u1eefa t\u01b0\u01a1i sau khi \u0111\u01b0\u1ee3c v\u1eaft v\u00e0 ch\u1ecdn l\u1ecdc t\u1eeb trang tr\u1ea1i s\u1ebd nhanh ch\u00f3ng\u00a0\u0111\u01b0\u1ee3c v\u1eadn chuy\u1ec3n \u0111\u1ebfn nh\u00e0 m\u00e1y v\u00e0 b\u1ea3o qu\u1ea3n trong \u0111i\u1ec1u ki\u1ec7n kh\u00f4ng qu\u00e1 4\u00b0C \u0111\u1ec3 \u0111\u1ea3m b\u1ea3o \u0111\u1ed9 thanh khi\u1ebft nh\u1ea5t.<\/p>\n<p>S\u1eefa t\u01b0\u01a1i \u0111\u01b0\u1ee3c ch\u1ebf bi\u1ebfn th\u00e0nh s\u1eefa b\u1ed9t b\u1eb1ng quy tr\u00ecnh x\u1eed l\u00fd nhi\u1ec7t 1 l\u1ea7n, \u00a0c\u00e1c d\u01b0\u1ee1ng ch\u1ea5t t\u1ef1 nhi\u00ean v\u00e0 c\u00e1c ph\u00e2n t\u1eed \u0111\u1ea1m s\u1eefa m\u1ec1m nh\u1ecf \u0111\u01b0\u1ee3c b\u1ea3o to\u00e0n h\u01a1n 90%, gi\u00fap b\u1ea3o to\u00e0n tr\u1ecdn v\u1eb9n c\u00e1c d\u01b0\u1ee1ng ch\u1ea5t t\u1ef1 nhi\u00ean, cho b\u00e9 d\u1ec5 d\u00e0ng ti\u00eau h\u00f3a.<\/p>\n<p><img loading=\"lazy\" decoding=\"async\" class=\"alignnone size-full wp-image-5925\" src=\"https:\/\/suatuyetvoi.com\/muasam\/wp-content\/uploads\/2023\/03\/sua-bot-frisolac-gold-3-1400g-020323-110430.webp\" alt=\"\" width=\"640\" height=\"358\" srcset=\"https:\/\/suatuyetvoi.com\/muasam\/wp-content\/uploads\/2023\/03\/sua-bot-frisolac-gold-3-1400g-020323-110430.webp 640w, https:\/\/suatuyetvoi.com\/muasam\/wp-content\/uploads\/2023\/03\/sua-bot-frisolac-gold-3-1400g-020323-110430-600x336.webp 600w\" sizes=\"auto, (max-width: 640px) 100vw, 640px\" \/><\/p>\n<h3>5 lo\u1ea1i Nucleotides c\u00f9ng v\u1edbi ch\u1ea5t x\u01a1\u00a0GOS\u00a0gi\u00fap h\u1ea5p thu nhanh d\u01b0\u1ee1ng ch\u1ea5t, b\u1ea3o v\u1ec7 s\u1ee9c kh\u1ecfe \u0111\u01b0\u1eddng ru\u1ed9t<\/h3>\n<p>S\u1eefa Friso s\u1ed1 3\u00a0c\u00f3 s\u1ef1 k\u1ebft h\u1ee3p t\u1ed1i \u01b0u gi\u1eefa ch\u1ea5t x\u01a1 GOS v\u00e0 5 lo\u1ea1i nucleotides gi\u00fap b\u00e9 h\u1ea5p thu t\u1ed1t, ph\u00e1t tri\u1ec3n l\u1ee3i khu\u1ea9n trong \u0111\u01b0\u1eddng ru\u1ed9t.<\/p>\n<p>Ngo\u00e0i ra, trong c\u00f4ng th\u1ee9c c\u00f3 ch\u1ee9a 5 lo\u1ea1i nucleotides gi\u00fap c\u1ea3i thi\u1ec7n h\u1ec7 mi\u1ec5n d\u1ecbch, t\u0103ng s\u1ee9c \u0111\u1ec1 kh\u00e1ng.<\/p>\n<p><img loading=\"lazy\" decoding=\"async\" class=\"alignnone size-full wp-image-5926\" src=\"https:\/\/suatuyetvoi.com\/muasam\/wp-content\/uploads\/2023\/03\/sua-bot-frisolac-gold-3-1400g-020323-110452.webp\" alt=\"\" width=\"640\" height=\"358\" srcset=\"https:\/\/suatuyetvoi.com\/muasam\/wp-content\/uploads\/2023\/03\/sua-bot-frisolac-gold-3-1400g-020323-110452.webp 640w, https:\/\/suatuyetvoi.com\/muasam\/wp-content\/uploads\/2023\/03\/sua-bot-frisolac-gold-3-1400g-020323-110452-600x336.webp 600w\" sizes=\"auto, (max-width: 640px) 100vw, 640px\" \/><\/p>\n<h3>S\u1eefa b\u1ed9t\u00a0kh\u00f4ng \u0111\u01b0\u1eddng sucrose, v\u1ecb t\u1ef1 nhi\u00ean, d\u1ec5 u\u1ed1ng, d\u00e0nh cho b\u00e9 t\u1eeb 1 &#8211; 2 tu\u1ed5i<\/h3>\n<p>S\u1eefa b\u1ed9t cho b\u00e9 kh\u1ed1i l\u01b0\u1ee3ng 850g\u00a0kh\u00f4ng ch\u1ee9a \u0111\u01b0\u1eddng sucrose, gi\u1ea3m v\u1ecb ng\u1ecdt gi\u00fap b\u00e9 d\u1ec5 u\u1ed1ng, mang h\u01b0\u01a1ng v\u1ecb t\u1ef1 nhi\u00ean, th\u01a1m ngon, l\u00e0 s\u1ea3n ph\u1ea9m cung c\u1ea5p dinh d\u01b0\u1ee1ng hi\u1ec7u qu\u1ea3 cho b\u00e9 1 &#8211; 2 tu\u1ed5i.<\/p>\n<p><img loading=\"lazy\" decoding=\"async\" class=\"alignnone size-full wp-image-5927\" src=\"https:\/\/suatuyetvoi.com\/muasam\/wp-content\/uploads\/2023\/03\/sua-bot-frisolac-gold-3-1400g-020323-110512.webp\" alt=\"\" width=\"640\" height=\"358\" srcset=\"https:\/\/suatuyetvoi.com\/muasam\/wp-content\/uploads\/2023\/03\/sua-bot-frisolac-gold-3-1400g-020323-110512.webp 640w, https:\/\/suatuyetvoi.com\/muasam\/wp-content\/uploads\/2023\/03\/sua-bot-frisolac-gold-3-1400g-020323-110512-600x336.webp 600w\" sizes=\"auto, (max-width: 640px) 100vw, 640px\" \/><\/p>\n<h3>Th\u00e0nh ph\u1ea7n dinh d\u01b0\u1ee1ng<\/h3>\n<p><img loading=\"lazy\" decoding=\"async\" class=\"alignnone size-full wp-image-5928\" src=\"https:\/\/suatuyetvoi.com\/muasam\/wp-content\/uploads\/2023\/03\/sua-bot-frisolac-gold-3-1400g-221022-024336.webp\" alt=\"\" width=\"640\" height=\"379\" srcset=\"https:\/\/suatuyetvoi.com\/muasam\/wp-content\/uploads\/2023\/03\/sua-bot-frisolac-gold-3-1400g-221022-024336.webp 640w, https:\/\/suatuyetvoi.com\/muasam\/wp-content\/uploads\/2023\/03\/sua-bot-frisolac-gold-3-1400g-221022-024336-600x355.webp 600w\" sizes=\"auto, (max-width: 640px) 100vw, 640px\" \/><\/p>\n<div class=\"prop_value\">\n<div class=\"prop-table\" data-id=\"34760\" data-group-id=\"15406\" data-index=\"2\">\n<div class=\"spec_item\"><\/div>\n<\/div>\n<\/div>\n","protected":false},"excerpt":{"rendered":"<ul class=\"info-article \">\n<li>\n<p class=\"txt01\">Th\u01b0\u01a1ng hi\u00ea\u0323u: Friso (H\u00e0 Lan).<\/p>\n<\/li>\n<li data-id=\"30003\" data-group-id=\"12888\" data-index=\"1\">\n<p class=\"txt01\">Kh\u1ed1i l\u01b0\u1ee3ng: 1.4 kg<\/p>\n<\/li>\n<li data-id=\"30008\" data-group-id=\"12888\" data-index=\"2\">\n<p class=\"txt01\">\u0110\u1ed9 tu\u1ed5i: 1 &#8211; 2 tu\u1ed5i<\/p>\n<\/li>\n<li data-id=\"30013\" data-group-id=\"12888\" data-index=\"3\">\n<p class=\"txt01\">Th\u00e0nh ph\u1ea7n: B\u1ed9t s\u1eefa g\u1ea7y, b\u1ed9t whey kh\u1eed kho\u00e1ng, d\u1ea7u th\u1ef1c v\u1eadt (d\u1ea7u c\u1ecd, d\u1ea7u h\u1ea1t c\u1ecd, d\u1ea7u h\u1ea1t c\u1ea3i, d\u1ea7u h\u01b0\u1edbng d\u01b0\u01a1ng), lactose, galacto-oligosaccharides (GOS), maltodextrin, kali clorua, tricanxi photphat, trikali citrat,&#8230;<\/p>\n<\/li>\n<li data-id=\"30014\" data-group-id=\"12888\" data-index=\"4\">\n<p class=\"txt01\">M\u00f9i v\u1ecb: V\u1ecb t\u1ef1 nhi\u00ean<\/p>\n<\/li>\n<li data-id=\"30025\" data-group-id=\"12888\" data-index=\"5\">\n<p class=\"txt01\">H\u1ea1n s\u1eed d\u1ee5ng sau m\u1edf n\u1eafp: 4 tu\u1ea7n<\/p>\n<\/li>\n<\/ul>\n","protected":false},"featured_media":5929,"comment_status":"open","ping_status":"closed","template":"","meta":[],"product_cat":[231],"product_tag":[574,578],"class_list":["post-5923","product","type-product","status-publish","has-post-thumbnail","hentry","product_cat-sua-bot","product_tag-ho-tro-tang-suc-de-khang","product_tag-ho-tro-tieu-hoa","berocket_brand-nestle"],"yoast_head":"<!-- This site is optimized with the Yoast SEO plugin v27.6 - https:\/\/yoast.com\/product\/yoast-seo-wordpress\/ -->\n<title>Friso Gold s\u1ed1 3 1.4 kg (1 - 2 tu\u1ed5i) - \u0110ANG KHUY\u1ebeN M\u00c3I<\/title>\n<meta name=\"description\" content=\"S\u1eefa b\u1ed9t\u00a0Friso\u00a0ch\u1ee9a c\u00e1c ph\u00e2n t\u1eed \u0111\u1ea1m s\u1eefa nh\u1ecf t\u1ef1 nhi\u00ean v\u1edbi c\u1ea5u tr\u00fac m\u1ec1m nh\u1eb9, gi\u00fap b\u00e9 h\u1ea5p thu d\u01b0\u1ee1ng ch\u1ea5t nhanh ch\u00f3ng, d\u1ec5 d\u00e0ng, cho b\u00e9 m\u1ed9t\u00a0h\u1ec7 ti\u00eau h\u00f3a kh\u1ecfe m\u1ea1nh.\" \/>\n<meta name=\"robots\" content=\"index, follow, max-snippet:-1, max-image-preview:large, max-video-preview:-1\" \/>\n<link rel=\"canonical\" href=\"https:\/\/suatuyetvoi.com\/muasam\/san-pham\/friso-gold-so-3-1-4-kg-1-2-tuoi\/\" \/>\n<meta property=\"og:locale\" content=\"vi_VN\" \/>\n<meta property=\"og:type\" content=\"article\" \/>\n<meta property=\"og:title\" content=\"Friso Gold s\u1ed1 3 1.4 kg (1 - 2 tu\u1ed5i) - \u0110ANG KHUY\u1ebeN M\u00c3I\" \/>\n<meta property=\"og:description\" content=\"S\u1eefa b\u1ed9t\u00a0Friso\u00a0ch\u1ee9a c\u00e1c ph\u00e2n t\u1eed \u0111\u1ea1m s\u1eefa nh\u1ecf t\u1ef1 nhi\u00ean v\u1edbi c\u1ea5u tr\u00fac m\u1ec1m nh\u1eb9, gi\u00fap b\u00e9 h\u1ea5p thu d\u01b0\u1ee1ng ch\u1ea5t nhanh ch\u00f3ng, d\u1ec5 d\u00e0ng, cho b\u00e9 m\u1ed9t\u00a0h\u1ec7 ti\u00eau h\u00f3a kh\u1ecfe m\u1ea1nh.\" \/>\n<meta property=\"og:url\" content=\"https:\/\/suatuyetvoi.com\/muasam\/san-pham\/friso-gold-so-3-1-4-kg-1-2-tuoi\/\" \/>\n<meta property=\"og:site_name\" content=\"S\u1eefa Tuy\u1ec7t V\u1eddi\" \/>\n<meta property=\"article:modified_time\" content=\"2023-03-22T10:15:03+00:00\" \/>\n<meta property=\"og:image\" content=\"https:\/\/suatuyetvoi.com\/muasam\/wp-content\/uploads\/2023\/03\/sua-bot-frisolac-gold-3-1400g-1-Edited.png\" \/>\n\t<meta property=\"og:image:width\" content=\"800\" \/>\n\t<meta property=\"og:image:height\" content=\"800\" \/>\n\t<meta property=\"og:image:type\" content=\"image\/png\" \/>\n<meta name=\"twitter:card\" content=\"summary_large_image\" \/>\n<meta name=\"twitter:title\" content=\"Friso Gold s\u1ed1 3 1.4 kg (1 - 2 tu\u1ed5i) - \u0110ANG KHUY\u1ebeN M\u00c3I\" \/>\n<meta name=\"twitter:description\" content=\"S\u1eefa b\u1ed9t\u00a0Friso\u00a0ch\u1ee9a c\u00e1c ph\u00e2n t\u1eed \u0111\u1ea1m s\u1eefa nh\u1ecf t\u1ef1 nhi\u00ean v\u1edbi c\u1ea5u tr\u00fac m\u1ec1m nh\u1eb9, gi\u00fap b\u00e9 h\u1ea5p thu d\u01b0\u1ee1ng ch\u1ea5t nhanh ch\u00f3ng, d\u1ec5 d\u00e0ng, cho b\u00e9 m\u1ed9t\u00a0h\u1ec7 ti\u00eau h\u00f3a kh\u1ecfe m\u1ea1nh.\" \/>\n<meta name=\"twitter:label1\" content=\"\u01af\u1edbc t\u00ednh th\u1eddi gian \u0111\u1ecdc\" \/>\n\t<meta name=\"twitter:data1\" content=\"3 ph\u00fat\" \/>\n<script type=\"application\/ld+json\" class=\"yoast-schema-graph\">{\"@context\":\"https:\\\/\\\/schema.org\",\"@graph\":[{\"@type\":\"WebPage\",\"@id\":\"https:\\\/\\\/suatuyetvoi.com\\\/muasam\\\/san-pham\\\/friso-gold-so-3-1-4-kg-1-2-tuoi\\\/\",\"url\":\"https:\\\/\\\/suatuyetvoi.com\\\/muasam\\\/san-pham\\\/friso-gold-so-3-1-4-kg-1-2-tuoi\\\/\",\"name\":\"Friso Gold s\u1ed1 3 1.4 kg (1 - 2 tu\u1ed5i) - \u0110ANG KHUY\u1ebeN M\u00c3I\",\"isPartOf\":{\"@id\":\"https:\\\/\\\/suatuyetvoi.com\\\/muasam\\\/#website\"},\"primaryImageOfPage\":{\"@id\":\"https:\\\/\\\/suatuyetvoi.com\\\/muasam\\\/san-pham\\\/friso-gold-so-3-1-4-kg-1-2-tuoi\\\/#primaryimage\"},\"image\":{\"@id\":\"https:\\\/\\\/suatuyetvoi.com\\\/muasam\\\/san-pham\\\/friso-gold-so-3-1-4-kg-1-2-tuoi\\\/#primaryimage\"},\"thumbnailUrl\":\"https:\\\/\\\/suatuyetvoi.com\\\/muasam\\\/wp-content\\\/uploads\\\/2023\\\/03\\\/sua-bot-frisolac-gold-3-1400g-1-Edited.png\",\"datePublished\":\"2023-03-22T10:13:20+00:00\",\"dateModified\":\"2023-03-22T10:15:03+00:00\",\"description\":\"S\u1eefa b\u1ed9t\u00a0Friso\u00a0ch\u1ee9a c\u00e1c ph\u00e2n t\u1eed \u0111\u1ea1m s\u1eefa nh\u1ecf t\u1ef1 nhi\u00ean v\u1edbi c\u1ea5u tr\u00fac m\u1ec1m nh\u1eb9, gi\u00fap b\u00e9 h\u1ea5p thu d\u01b0\u1ee1ng ch\u1ea5t nhanh ch\u00f3ng, d\u1ec5 d\u00e0ng, cho b\u00e9 m\u1ed9t\u00a0h\u1ec7 ti\u00eau h\u00f3a kh\u1ecfe m\u1ea1nh.\",\"breadcrumb\":{\"@id\":\"https:\\\/\\\/suatuyetvoi.com\\\/muasam\\\/san-pham\\\/friso-gold-so-3-1-4-kg-1-2-tuoi\\\/#breadcrumb\"},\"inLanguage\":\"vi\",\"potentialAction\":[{\"@type\":\"ReadAction\",\"target\":[\"https:\\\/\\\/suatuyetvoi.com\\\/muasam\\\/san-pham\\\/friso-gold-so-3-1-4-kg-1-2-tuoi\\\/\"]}]},{\"@type\":\"ImageObject\",\"inLanguage\":\"vi\",\"@id\":\"https:\\\/\\\/suatuyetvoi.com\\\/muasam\\\/san-pham\\\/friso-gold-so-3-1-4-kg-1-2-tuoi\\\/#primaryimage\",\"url\":\"https:\\\/\\\/suatuyetvoi.com\\\/muasam\\\/wp-content\\\/uploads\\\/2023\\\/03\\\/sua-bot-frisolac-gold-3-1400g-1-Edited.png\",\"contentUrl\":\"https:\\\/\\\/suatuyetvoi.com\\\/muasam\\\/wp-content\\\/uploads\\\/2023\\\/03\\\/sua-bot-frisolac-gold-3-1400g-1-Edited.png\",\"width\":800,\"height\":800},{\"@type\":\"BreadcrumbList\",\"@id\":\"https:\\\/\\\/suatuyetvoi.com\\\/muasam\\\/san-pham\\\/friso-gold-so-3-1-4-kg-1-2-tuoi\\\/#breadcrumb\",\"itemListElement\":[{\"@type\":\"ListItem\",\"position\":1,\"name\":\"Home\",\"item\":\"https:\\\/\\\/suatuyetvoi.com\\\/muasam\\\/\"},{\"@type\":\"ListItem\",\"position\":2,\"name\":\"Shop\",\"item\":\"https:\\\/\\\/suatuyetvoi.com\\\/muasam\\\/shop\\\/\"},{\"@type\":\"ListItem\",\"position\":3,\"name\":\"Friso Gold s\u1ed1 3 1.4 kg (1 &#8211; 2 tu\u1ed5i)\"}]},{\"@type\":\"WebSite\",\"@id\":\"https:\\\/\\\/suatuyetvoi.com\\\/muasam\\\/#website\",\"url\":\"https:\\\/\\\/suatuyetvoi.com\\\/muasam\\\/\",\"name\":\"S\u1eefa Tuy\u1ec7t V\u1eddi\",\"description\":\"S\u1eefa Tuy\u1ec7t V\u1eddi Vi\u1ec7t Nam\",\"potentialAction\":[{\"@type\":\"SearchAction\",\"target\":{\"@type\":\"EntryPoint\",\"urlTemplate\":\"https:\\\/\\\/suatuyetvoi.com\\\/muasam\\\/?s={search_term_string}\"},\"query-input\":{\"@type\":\"PropertyValueSpecification\",\"valueRequired\":true,\"valueName\":\"search_term_string\"}}],\"inLanguage\":\"vi\"}]}<\/script>\n<!-- \/ Yoast SEO plugin. -->","yoast_head_json":{"title":"Friso Gold s\u1ed1 3 1.4 kg (1 - 2 tu\u1ed5i) - \u0110ANG KHUY\u1ebeN M\u00c3I","description":"S\u1eefa b\u1ed9t\u00a0Friso\u00a0ch\u1ee9a c\u00e1c ph\u00e2n t\u1eed \u0111\u1ea1m s\u1eefa nh\u1ecf t\u1ef1 nhi\u00ean v\u1edbi c\u1ea5u tr\u00fac m\u1ec1m nh\u1eb9, gi\u00fap b\u00e9 h\u1ea5p thu d\u01b0\u1ee1ng ch\u1ea5t nhanh ch\u00f3ng, d\u1ec5 d\u00e0ng, cho b\u00e9 m\u1ed9t\u00a0h\u1ec7 ti\u00eau h\u00f3a kh\u1ecfe m\u1ea1nh.","robots":{"index":"index","follow":"follow","max-snippet":"max-snippet:-1","max-image-preview":"max-image-preview:large","max-video-preview":"max-video-preview:-1"},"canonical":"https:\/\/suatuyetvoi.com\/muasam\/san-pham\/friso-gold-so-3-1-4-kg-1-2-tuoi\/","og_locale":"vi_VN","og_type":"article","og_title":"Friso Gold s\u1ed1 3 1.4 kg (1 - 2 tu\u1ed5i) - \u0110ANG KHUY\u1ebeN M\u00c3I","og_description":"S\u1eefa b\u1ed9t\u00a0Friso\u00a0ch\u1ee9a c\u00e1c ph\u00e2n t\u1eed \u0111\u1ea1m s\u1eefa nh\u1ecf t\u1ef1 nhi\u00ean v\u1edbi c\u1ea5u tr\u00fac m\u1ec1m nh\u1eb9, gi\u00fap b\u00e9 h\u1ea5p thu d\u01b0\u1ee1ng ch\u1ea5t nhanh ch\u00f3ng, d\u1ec5 d\u00e0ng, cho b\u00e9 m\u1ed9t\u00a0h\u1ec7 ti\u00eau h\u00f3a kh\u1ecfe m\u1ea1nh.","og_url":"https:\/\/suatuyetvoi.com\/muasam\/san-pham\/friso-gold-so-3-1-4-kg-1-2-tuoi\/","og_site_name":"S\u1eefa Tuy\u1ec7t V\u1eddi","article_modified_time":"2023-03-22T10:15:03+00:00","og_image":[{"width":800,"height":800,"url":"https:\/\/suatuyetvoi.com\/muasam\/wp-content\/uploads\/2023\/03\/sua-bot-frisolac-gold-3-1400g-1-Edited.png","type":"image\/png"}],"twitter_card":"summary_large_image","twitter_title":"Friso Gold s\u1ed1 3 1.4 kg (1 - 2 tu\u1ed5i) - \u0110ANG KHUY\u1ebeN M\u00c3I","twitter_description":"S\u1eefa b\u1ed9t\u00a0Friso\u00a0ch\u1ee9a c\u00e1c ph\u00e2n t\u1eed \u0111\u1ea1m s\u1eefa nh\u1ecf t\u1ef1 nhi\u00ean v\u1edbi c\u1ea5u tr\u00fac m\u1ec1m nh\u1eb9, gi\u00fap b\u00e9 h\u1ea5p thu d\u01b0\u1ee1ng ch\u1ea5t nhanh ch\u00f3ng, d\u1ec5 d\u00e0ng, cho b\u00e9 m\u1ed9t\u00a0h\u1ec7 ti\u00eau h\u00f3a kh\u1ecfe m\u1ea1nh.","twitter_misc":{"\u01af\u1edbc t\u00ednh th\u1eddi gian \u0111\u1ecdc":"3 ph\u00fat"},"schema":{"@context":"https:\/\/schema.org","@graph":[{"@type":"WebPage","@id":"https:\/\/suatuyetvoi.com\/muasam\/san-pham\/friso-gold-so-3-1-4-kg-1-2-tuoi\/","url":"https:\/\/suatuyetvoi.com\/muasam\/san-pham\/friso-gold-so-3-1-4-kg-1-2-tuoi\/","name":"Friso Gold s\u1ed1 3 1.4 kg (1 - 2 tu\u1ed5i) - \u0110ANG KHUY\u1ebeN M\u00c3I","isPartOf":{"@id":"https:\/\/suatuyetvoi.com\/muasam\/#website"},"primaryImageOfPage":{"@id":"https:\/\/suatuyetvoi.com\/muasam\/san-pham\/friso-gold-so-3-1-4-kg-1-2-tuoi\/#primaryimage"},"image":{"@id":"https:\/\/suatuyetvoi.com\/muasam\/san-pham\/friso-gold-so-3-1-4-kg-1-2-tuoi\/#primaryimage"},"thumbnailUrl":"https:\/\/suatuyetvoi.com\/muasam\/wp-content\/uploads\/2023\/03\/sua-bot-frisolac-gold-3-1400g-1-Edited.png","datePublished":"2023-03-22T10:13:20+00:00","dateModified":"2023-03-22T10:15:03+00:00","description":"S\u1eefa b\u1ed9t\u00a0Friso\u00a0ch\u1ee9a c\u00e1c ph\u00e2n t\u1eed \u0111\u1ea1m s\u1eefa nh\u1ecf t\u1ef1 nhi\u00ean v\u1edbi c\u1ea5u tr\u00fac m\u1ec1m nh\u1eb9, gi\u00fap b\u00e9 h\u1ea5p thu d\u01b0\u1ee1ng ch\u1ea5t nhanh ch\u00f3ng, d\u1ec5 d\u00e0ng, cho b\u00e9 m\u1ed9t\u00a0h\u1ec7 ti\u00eau h\u00f3a kh\u1ecfe m\u1ea1nh.","breadcrumb":{"@id":"https:\/\/suatuyetvoi.com\/muasam\/san-pham\/friso-gold-so-3-1-4-kg-1-2-tuoi\/#breadcrumb"},"inLanguage":"vi","potentialAction":[{"@type":"ReadAction","target":["https:\/\/suatuyetvoi.com\/muasam\/san-pham\/friso-gold-so-3-1-4-kg-1-2-tuoi\/"]}]},{"@type":"ImageObject","inLanguage":"vi","@id":"https:\/\/suatuyetvoi.com\/muasam\/san-pham\/friso-gold-so-3-1-4-kg-1-2-tuoi\/#primaryimage","url":"https:\/\/suatuyetvoi.com\/muasam\/wp-content\/uploads\/2023\/03\/sua-bot-frisolac-gold-3-1400g-1-Edited.png","contentUrl":"https:\/\/suatuyetvoi.com\/muasam\/wp-content\/uploads\/2023\/03\/sua-bot-frisolac-gold-3-1400g-1-Edited.png","width":800,"height":800},{"@type":"BreadcrumbList","@id":"https:\/\/suatuyetvoi.com\/muasam\/san-pham\/friso-gold-so-3-1-4-kg-1-2-tuoi\/#breadcrumb","itemListElement":[{"@type":"ListItem","position":1,"name":"Home","item":"https:\/\/suatuyetvoi.com\/muasam\/"},{"@type":"ListItem","position":2,"name":"Shop","item":"https:\/\/suatuyetvoi.com\/muasam\/shop\/"},{"@type":"ListItem","position":3,"name":"Friso Gold s\u1ed1 3 1.4 kg (1 &#8211; 2 tu\u1ed5i)"}]},{"@type":"WebSite","@id":"https:\/\/suatuyetvoi.com\/muasam\/#website","url":"https:\/\/suatuyetvoi.com\/muasam\/","name":"S\u1eefa Tuy\u1ec7t V\u1eddi","description":"S\u1eefa Tuy\u1ec7t V\u1eddi Vi\u1ec7t Nam","potentialAction":[{"@type":"SearchAction","target":{"@type":"EntryPoint","urlTemplate":"https:\/\/suatuyetvoi.com\/muasam\/?s={search_term_string}"},"query-input":{"@type":"PropertyValueSpecification","valueRequired":true,"valueName":"search_term_string"}}],"inLanguage":"vi"}]}},"_links":{"self":[{"href":"https:\/\/suatuyetvoi.com\/muasam\/wp-json\/wp\/v2\/product\/5923","targetHints":{"allow":["GET"]}}],"collection":[{"href":"https:\/\/suatuyetvoi.com\/muasam\/wp-json\/wp\/v2\/product"}],"about":[{"href":"https:\/\/suatuyetvoi.com\/muasam\/wp-json\/wp\/v2\/types\/product"}],"replies":[{"embeddable":true,"href":"https:\/\/suatuyetvoi.com\/muasam\/wp-json\/wp\/v2\/comments?post=5923"}],"wp:featuredmedia":[{"embeddable":true,"href":"https:\/\/suatuyetvoi.com\/muasam\/wp-json\/wp\/v2\/media\/5929"}],"wp:attachment":[{"href":"https:\/\/suatuyetvoi.com\/muasam\/wp-json\/wp\/v2\/media?parent=5923"}],"wp:term":[{"taxonomy":"product_cat","embeddable":true,"href":"https:\/\/suatuyetvoi.com\/muasam\/wp-json\/wp\/v2\/product_cat?post=5923"},{"taxonomy":"product_tag","embeddable":true,"href":"https:\/\/suatuyetvoi.com\/muasam\/wp-json\/wp\/v2\/product_tag?post=5923"}],"curies":[{"name":"wp","href":"https:\/\/api.w.org\/{rel}","templated":true}]}}