{"id":5908,"date":"2023-03-22T15:48:02","date_gmt":"2023-03-22T08:48:02","guid":{"rendered":"https:\/\/suatuyetvoi.com\/muasam\/?post_type=product&#038;p=5908"},"modified":"2023-03-22T15:48:03","modified_gmt":"2023-03-22T08:48:03","slug":"nan-expert-pro-lactose-free-400g","status":"publish","type":"product","link":"https:\/\/suatuyetvoi.com\/muasam\/san-pham\/nan-expert-pro-lactose-free-400g\/","title":{"rendered":"NAN Expert Pro Lactose Free 400g"},"content":{"rendered":"<h2 class=\"article__content__title\">TH\u00d4NG TIN S\u1ea2N PH\u1ea8M<\/h2>\n<p class=\"size-text-14\"><i>CH\u00da \u00dd: &#8220;S\u1eefa m\u1eb9 l\u00e0 th\u1ee9c \u0103n t\u1ed1t nh\u1ea5t cho s\u1ee9c kh\u1ecfe v\u00e0 s\u1ef1 ph\u00e1t tri\u1ec3n to\u00e0n di\u1ec7n c\u1ee7a tr\u1ebb nh\u1ecf&#8221;.<\/i><\/p>\n<h3>D\u00f2ng s\u1ea3n ph\u1ea9m s\u1eefa c\u00f4ng th\u1ee9c dinh d\u01b0\u1ee1ng t\u1eeb Th\u1ee5y S\u0129 d\u00e0nh cho tr\u1ebb ti\u00eau ch\u1ea3y v\u00e0 kh\u00f4ng dung n\u1ea1p \u0111\u01b0\u1eddng lactose<\/h3>\n<p>NAN Expert Pro l\u00e0 d\u00f2ng s\u1eefa c\u00f4ng th\u1ee9c kh\u00f4ng ch\u1ee9a lactose c\u1ee7a Nestl\u00e9, \u0111\u01b0\u1ee3c nghi\u00ean c\u1ee9u \u0111\u1eb7c bi\u1ec7t d\u00e0nh cho tr\u1ebb kh\u00f4ng dung n\u1ea1p lactose v\u00e0 tr\u1ebb b\u1ecb ti\u00eau ch\u1ea3y, gi\u00fap gi\u1ea3m ti\u00eau ch\u1ea3y th\u1ea9m th\u1ea5u \u1edf tr\u1ebb em.<\/p>\n<p>S\u1eefa cung c\u1ea5p c\u00e1c ch\u1ea5t dinh d\u01b0\u1ee1ng c\u1ea7n thi\u1ebft cho tr\u1ebb t\u1eeb 0 &#8211; 3 tu\u1ed5i nh\u01b0 DHA, ARA, canxi, vitamin D, nucleotides,&#8230; gi\u00fap tr\u1ebb ph\u00e1t tri\u1ec3n kh\u1ecfe m\u1ea1nh, to\u00e0n di\u1ec7n.<\/p>\n<p><img loading=\"lazy\" decoding=\"async\" class=\"alignnone size-full wp-image-5909\" src=\"https:\/\/suatuyetvoi.com\/muasam\/wp-content\/uploads\/2023\/03\/sua-bot-nan-expert-pro-lactose-free-400g-0-36-thang-060323-094037.webp\" alt=\"\" width=\"640\" height=\"358\" srcset=\"https:\/\/suatuyetvoi.com\/muasam\/wp-content\/uploads\/2023\/03\/sua-bot-nan-expert-pro-lactose-free-400g-0-36-thang-060323-094037.webp 640w, https:\/\/suatuyetvoi.com\/muasam\/wp-content\/uploads\/2023\/03\/sua-bot-nan-expert-pro-lactose-free-400g-0-36-thang-060323-094037-600x336.webp 600w\" sizes=\"auto, (max-width: 640px) 100vw, 640px\" \/><\/p>\n<h3>S\u1eefa NAN\u00a0gi\u00fap c\u1ea3i thi\u1ec7n vi khu\u1ea9n \u0111\u01b0\u1eddng ru\u1ed9t, r\u00fat ng\u1eafn th\u1eddi gian v\u00e0 t\u1ea7n su\u1ea5t ti\u00eau ch\u1ea3y nh\u1edd l\u1ee3i khu\u1ea9n L.Reuteri c\u00f3 trong s\u1ea3n ph\u1ea9m<\/h3>\n<p><img loading=\"lazy\" decoding=\"async\" class=\"alignnone size-full wp-image-5910\" src=\"https:\/\/suatuyetvoi.com\/muasam\/wp-content\/uploads\/2023\/03\/sua-bot-nan-expert-pro-lactose-free-400g-0-36-thang-060323-094058.webp\" alt=\"\" width=\"640\" height=\"358\" srcset=\"https:\/\/suatuyetvoi.com\/muasam\/wp-content\/uploads\/2023\/03\/sua-bot-nan-expert-pro-lactose-free-400g-0-36-thang-060323-094058.webp 640w, https:\/\/suatuyetvoi.com\/muasam\/wp-content\/uploads\/2023\/03\/sua-bot-nan-expert-pro-lactose-free-400g-0-36-thang-060323-094058-600x336.webp 600w\" sizes=\"auto, (max-width: 640px) 100vw, 640px\" \/><\/p>\n<h3>S\u1eefa b\u1ed9t NAN Expert Pro Lactose Free 400g (0 &#8211; 3 tu\u1ed5i)\u00a0b\u1ed5 sung\u00a0c\u00e1c nucleotides, gi\u00fap qu\u00e1 tr\u00ecnh ph\u1ee5c h\u1ed3i v\u00e0 t\u00e1i t\u1ea1o ni\u00eam m\u1ea1c \u0111\u01b0\u1eddng ru\u1ed9t di\u1ec5n ra nhanh h\u01a1n, h\u1ed7 tr\u1ee3 ti\u00eau ho\u00e1 t\u1ed1t<\/h3>\n<h3>B\u1ed5 sung d\u01b0\u1ee1ng ch\u1ea5t\u00a0DHA\u00a0v\u00e0\u00a0ARA\u00a0gi\u00fap tr\u1ebb ph\u00e1t tri\u1ec3n th\u1ecb l\u1ef1c v\u00e0 tr\u00ed n\u00e3o m\u1ed9t c\u00e1ch to\u00e0n di\u1ec7n<\/h3>\n<p>Trong nh\u1eefng n\u0103m \u0111\u1ea7u \u0111\u1eddi, vi\u1ec7c ph\u00e1t tri\u1ec3n tr\u00ed n\u00e3o r\u1ea5t quan tr\u1ecdng, c\u1ea7n \u0111\u01b0\u1ee3c \u01b0u ti\u00ean \u0111\u1ec3 tr\u1edf th\u00e0nh ti\u1ec1n \u0111\u1ec1 t\u1ed1t cho s\u1ef1 ph\u00e1t tri\u1ec3n tr\u00ed th\u00f4ng minh sau n\u00e0y c\u1ee7a b\u00e9.<\/p>\n<p>DHA, ARA, omega 3 v\u00e0 omega 6 c\u00f3 trong s\u1eefa b\u1ed9t l\u00e0 nh\u1eefng d\u01b0\u1ee1ng ch\u1ea5t quan tr\u1ecdng cho s\u1ef1 ph\u00e1t tri\u1ec3n to\u00e0n di\u1ec7n v\u1ec1 tr\u00ed n\u00e3o, th\u1ecb l\u1ef1c c\u1ee7a b\u00e9.<\/p>\n<p><img loading=\"lazy\" decoding=\"async\" class=\"alignnone size-full wp-image-5912\" src=\"https:\/\/suatuyetvoi.com\/muasam\/wp-content\/uploads\/2023\/03\/sua-bot-nan-expert-pro-lactose-free-400g-0-36-thang-060323-094203.webp\" alt=\"\" width=\"640\" height=\"358\" srcset=\"https:\/\/suatuyetvoi.com\/muasam\/wp-content\/uploads\/2023\/03\/sua-bot-nan-expert-pro-lactose-free-400g-0-36-thang-060323-094203.webp 640w, https:\/\/suatuyetvoi.com\/muasam\/wp-content\/uploads\/2023\/03\/sua-bot-nan-expert-pro-lactose-free-400g-0-36-thang-060323-094203-600x336.webp 600w\" sizes=\"auto, (max-width: 640px) 100vw, 640px\" \/><\/p>\n<h3>S\u1eefa b\u1ed9t\u00a0c\u00f3 kh\u1ed1i l\u01b0\u1ee3ng 400g\u00a0ph\u00f9 h\u1ee3p cho\u00a0b\u00e9 t\u1eeb 0 &#8211; 3 tu\u1ed5i kh\u00f4ng dung n\u1ea1p lactose, h\u01b0\u01a1ng v\u1ecb t\u1ef1 nhi\u00ean th\u01a1m ngon, d\u1ec5 u\u1ed1ng<\/h3>\n<h3><img loading=\"lazy\" decoding=\"async\" class=\"alignnone size-full wp-image-5913\" src=\"https:\/\/suatuyetvoi.com\/muasam\/wp-content\/uploads\/2023\/03\/sua-bot-nan-expert-pro-lactose-free-400g-0-36-thang-060323-094225.webp\" alt=\"\" width=\"640\" height=\"358\" srcset=\"https:\/\/suatuyetvoi.com\/muasam\/wp-content\/uploads\/2023\/03\/sua-bot-nan-expert-pro-lactose-free-400g-0-36-thang-060323-094225.webp 640w, https:\/\/suatuyetvoi.com\/muasam\/wp-content\/uploads\/2023\/03\/sua-bot-nan-expert-pro-lactose-free-400g-0-36-thang-060323-094225-600x336.webp 600w\" sizes=\"auto, (max-width: 640px) 100vw, 640px\" \/><\/h3>\n<h3>S\u1eefa b\u1ed9t thu\u1ed9c th\u01b0\u01a1ng hi\u1ec7u NAN, s\u1ea3n xu\u1ea5t v\u00e0 nh\u1eadp kh\u1ea9u nguy\u00ean lon t\u1eeb H\u00e0 Lan<\/h3>\n<p><img loading=\"lazy\" decoding=\"async\" class=\"alignnone size-full wp-image-5914\" src=\"https:\/\/suatuyetvoi.com\/muasam\/wp-content\/uploads\/2023\/03\/sua-bot-nan-expert-pro-lactose-free-400g-0-36-thang-060323-094252.webp\" alt=\"\" width=\"640\" height=\"358\" srcset=\"https:\/\/suatuyetvoi.com\/muasam\/wp-content\/uploads\/2023\/03\/sua-bot-nan-expert-pro-lactose-free-400g-0-36-thang-060323-094252.webp 640w, https:\/\/suatuyetvoi.com\/muasam\/wp-content\/uploads\/2023\/03\/sua-bot-nan-expert-pro-lactose-free-400g-0-36-thang-060323-094252-600x336.webp 600w\" sizes=\"auto, (max-width: 640px) 100vw, 640px\" \/><\/p>\n<div class=\"prop_value\">\n<div class=\"prop-table\" data-id=\"34760\" data-group-id=\"15406\" data-index=\"2\">\n<div class=\"spec_item\"><\/div>\n<\/div>\n<\/div>\n","protected":false},"excerpt":{"rendered":"<ul class=\"info-article \">\n<li>\n<p class=\"txt01\">Th\u01b0\u01a1ng hi\u00ea\u0323u: Nestl\u00e9 NAN (Th\u1ee5y S\u1ef9).<\/p>\n<\/li>\n<li data-id=\"30003\" data-group-id=\"12888\" data-index=\"1\">\n<p class=\"txt01\">Kh\u1ed1i l\u01b0\u1ee3ng: 400g<\/p>\n<\/li>\n<li data-id=\"30008\" data-group-id=\"12888\" data-index=\"2\">\n<p class=\"txt01\">\u0110\u1ed9 tu\u1ed5i: 0 &#8211; 3 tu\u1ed5i<\/p>\n<\/li>\n<li data-id=\"30013\" data-group-id=\"12888\" data-index=\"3\">\n<p class=\"txt01\">Th\u00e0nh ph\u1ea7n: Glucose Syrup, H\u1ed7n h\u1ee3p d\u1ea7u (D\u1ea7u h\u01b0\u1edbng d\u01b0\u01a1ng gi\u00e0u oleic, D\u1ea7u h\u1ea1t c\u1ea3i c\u00f3 h\u00e0m l\u01b0\u1ee3ng acid Erucic th\u1ea5p, D\u1ea7u C\u00c1 gi\u00e0u DHA (FISH oil high DHA), D\u1ea7u n\u1ea5m gi\u00e0u ARA), \u0110\u1ea0M WHEY t\u1eeb S\u1eeeA 6.5% (WHEY PROTEIN from MILK), Kali Caseinate, C\u00e1c kho\u00e1ng ch\u1ea5t (S\u1eaft Sulphat, K\u1ebdm Sulphat, \u0110\u1ed3ng Sulphat, Calci Citrat, Mangan Sulphat, Kali Iodid, Natri Selenit, Kali Clorid, Natri Phosphat Dibasic, Choline Bitartrate, Magnesi oxyd, Kali Citrat), Ch\u1ea5t nh\u0169 h\u00f3a Lecithin \u0110\u1eacU N\u00c0NH (SOYA lecithin), C\u00e1c vitamin (A, D3, E, K1, C, B1, B2, Nicotinamide, B6, Acid Folic, B5, B12, Biotin), Inositol,&#8230;<\/p>\n<\/li>\n<li data-id=\"30014\" data-group-id=\"12888\" data-index=\"4\">\n<p class=\"txt01\">M\u00f9i v\u1ecb: V\u1ecb t\u1ef1 nhi\u00ean<\/p>\n<\/li>\n<li data-id=\"30025\" data-group-id=\"12888\" data-index=\"5\">\n<p class=\"txt01\">H\u1ea1n s\u1eed d\u1ee5ng sau m\u1edf n\u1eafp: 3 tu\u1ea7n<\/p>\n<\/li>\n<li data-id=\"30027\" data-group-id=\"12888\" data-index=\"6\">\n<p class=\"txt01\">N\u01a1i s\u1ea3n xu\u1ea5t: H\u00e0 Lan<\/p>\n<\/li>\n<\/ul>\n","protected":false},"featured_media":5915,"comment_status":"open","ping_status":"closed","template":"","meta":[],"product_cat":[231],"product_tag":[574,578],"class_list":["post-5908","product","type-product","status-publish","has-post-thumbnail","hentry","product_cat-sua-bot","product_tag-ho-tro-tang-suc-de-khang","product_tag-ho-tro-tieu-hoa","berocket_brand-nestle"],"yoast_head":"<!-- This site is optimized with the Yoast SEO plugin v27.6 - https:\/\/yoast.com\/product\/yoast-seo-wordpress\/ -->\n<title>NAN Expert Pro Lactose Free 400g - \u0110ANG KHUY\u1ebeN M\u00c3I<\/title>\n<meta name=\"description\" content=\"NAN Expert Pro l\u00e0 d\u00f2ng s\u1eefa c\u00f4ng th\u1ee9c kh\u00f4ng ch\u1ee9a lactose c\u1ee7a Nestl\u00e9, \u0111\u01b0\u1ee3c nghi\u00ean c\u1ee9u \u0111\u1eb7c bi\u1ec7t d\u00e0nh cho tr\u1ebb kh\u00f4ng dung n\u1ea1p lactose v\u00e0 tr\u1ebb b\u1ecb ti\u00eau ch\u1ea3y\" \/>\n<meta name=\"robots\" content=\"index, follow, max-snippet:-1, max-image-preview:large, max-video-preview:-1\" \/>\n<link rel=\"canonical\" href=\"https:\/\/suatuyetvoi.com\/muasam\/san-pham\/nan-expert-pro-lactose-free-400g\/\" \/>\n<meta property=\"og:locale\" content=\"vi_VN\" \/>\n<meta property=\"og:type\" content=\"article\" \/>\n<meta property=\"og:title\" content=\"NAN Expert Pro Lactose Free 400g - \u0110ANG KHUY\u1ebeN M\u00c3I\" \/>\n<meta property=\"og:description\" content=\"NAN Expert Pro l\u00e0 d\u00f2ng s\u1eefa c\u00f4ng th\u1ee9c kh\u00f4ng ch\u1ee9a lactose c\u1ee7a Nestl\u00e9, \u0111\u01b0\u1ee3c nghi\u00ean c\u1ee9u \u0111\u1eb7c bi\u1ec7t d\u00e0nh cho tr\u1ebb kh\u00f4ng dung n\u1ea1p lactose v\u00e0 tr\u1ebb b\u1ecb ti\u00eau ch\u1ea3y\" \/>\n<meta property=\"og:url\" content=\"https:\/\/suatuyetvoi.com\/muasam\/san-pham\/nan-expert-pro-lactose-free-400g\/\" \/>\n<meta property=\"og:site_name\" content=\"S\u1eefa Tuy\u1ec7t V\u1eddi\" \/>\n<meta property=\"article:modified_time\" content=\"2023-03-22T08:48:03+00:00\" \/>\n<meta property=\"og:image\" content=\"https:\/\/suatuyetvoi.com\/muasam\/wp-content\/uploads\/2023\/03\/sua-bot-nan-expert-pro-lactose-free-400g-0-36-thang-1-Edited.png\" \/>\n\t<meta property=\"og:image:width\" content=\"800\" \/>\n\t<meta property=\"og:image:height\" content=\"800\" \/>\n\t<meta property=\"og:image:type\" content=\"image\/png\" \/>\n<meta name=\"twitter:card\" content=\"summary_large_image\" \/>\n<meta name=\"twitter:title\" content=\"NAN Expert Pro Lactose Free 400g - \u0110ANG KHUY\u1ebeN M\u00c3I\" \/>\n<meta name=\"twitter:description\" content=\"NAN Expert Pro l\u00e0 d\u00f2ng s\u1eefa c\u00f4ng th\u1ee9c kh\u00f4ng ch\u1ee9a lactose c\u1ee7a Nestl\u00e9, \u0111\u01b0\u1ee3c nghi\u00ean c\u1ee9u \u0111\u1eb7c bi\u1ec7t d\u00e0nh cho tr\u1ebb kh\u00f4ng dung n\u1ea1p lactose v\u00e0 tr\u1ebb b\u1ecb ti\u00eau ch\u1ea3y\" \/>\n<meta name=\"twitter:label1\" content=\"\u01af\u1edbc t\u00ednh th\u1eddi gian \u0111\u1ecdc\" \/>\n\t<meta name=\"twitter:data1\" content=\"3 ph\u00fat\" \/>\n<script type=\"application\/ld+json\" class=\"yoast-schema-graph\">{\"@context\":\"https:\\\/\\\/schema.org\",\"@graph\":[{\"@type\":\"WebPage\",\"@id\":\"https:\\\/\\\/suatuyetvoi.com\\\/muasam\\\/san-pham\\\/nan-expert-pro-lactose-free-400g\\\/\",\"url\":\"https:\\\/\\\/suatuyetvoi.com\\\/muasam\\\/san-pham\\\/nan-expert-pro-lactose-free-400g\\\/\",\"name\":\"NAN Expert Pro Lactose Free 400g - \u0110ANG KHUY\u1ebeN M\u00c3I\",\"isPartOf\":{\"@id\":\"https:\\\/\\\/suatuyetvoi.com\\\/muasam\\\/#website\"},\"primaryImageOfPage\":{\"@id\":\"https:\\\/\\\/suatuyetvoi.com\\\/muasam\\\/san-pham\\\/nan-expert-pro-lactose-free-400g\\\/#primaryimage\"},\"image\":{\"@id\":\"https:\\\/\\\/suatuyetvoi.com\\\/muasam\\\/san-pham\\\/nan-expert-pro-lactose-free-400g\\\/#primaryimage\"},\"thumbnailUrl\":\"https:\\\/\\\/suatuyetvoi.com\\\/muasam\\\/wp-content\\\/uploads\\\/2023\\\/03\\\/sua-bot-nan-expert-pro-lactose-free-400g-0-36-thang-1-Edited.png\",\"datePublished\":\"2023-03-22T08:48:02+00:00\",\"dateModified\":\"2023-03-22T08:48:03+00:00\",\"description\":\"NAN Expert Pro l\u00e0 d\u00f2ng s\u1eefa c\u00f4ng th\u1ee9c kh\u00f4ng ch\u1ee9a lactose c\u1ee7a Nestl\u00e9, \u0111\u01b0\u1ee3c nghi\u00ean c\u1ee9u \u0111\u1eb7c bi\u1ec7t d\u00e0nh cho tr\u1ebb kh\u00f4ng dung n\u1ea1p lactose v\u00e0 tr\u1ebb b\u1ecb ti\u00eau ch\u1ea3y\",\"breadcrumb\":{\"@id\":\"https:\\\/\\\/suatuyetvoi.com\\\/muasam\\\/san-pham\\\/nan-expert-pro-lactose-free-400g\\\/#breadcrumb\"},\"inLanguage\":\"vi\",\"potentialAction\":[{\"@type\":\"ReadAction\",\"target\":[\"https:\\\/\\\/suatuyetvoi.com\\\/muasam\\\/san-pham\\\/nan-expert-pro-lactose-free-400g\\\/\"]}]},{\"@type\":\"ImageObject\",\"inLanguage\":\"vi\",\"@id\":\"https:\\\/\\\/suatuyetvoi.com\\\/muasam\\\/san-pham\\\/nan-expert-pro-lactose-free-400g\\\/#primaryimage\",\"url\":\"https:\\\/\\\/suatuyetvoi.com\\\/muasam\\\/wp-content\\\/uploads\\\/2023\\\/03\\\/sua-bot-nan-expert-pro-lactose-free-400g-0-36-thang-1-Edited.png\",\"contentUrl\":\"https:\\\/\\\/suatuyetvoi.com\\\/muasam\\\/wp-content\\\/uploads\\\/2023\\\/03\\\/sua-bot-nan-expert-pro-lactose-free-400g-0-36-thang-1-Edited.png\",\"width\":800,\"height\":800},{\"@type\":\"BreadcrumbList\",\"@id\":\"https:\\\/\\\/suatuyetvoi.com\\\/muasam\\\/san-pham\\\/nan-expert-pro-lactose-free-400g\\\/#breadcrumb\",\"itemListElement\":[{\"@type\":\"ListItem\",\"position\":1,\"name\":\"Home\",\"item\":\"https:\\\/\\\/suatuyetvoi.com\\\/muasam\\\/\"},{\"@type\":\"ListItem\",\"position\":2,\"name\":\"Shop\",\"item\":\"https:\\\/\\\/suatuyetvoi.com\\\/muasam\\\/shop\\\/\"},{\"@type\":\"ListItem\",\"position\":3,\"name\":\"NAN Expert Pro Lactose Free 400g\"}]},{\"@type\":\"WebSite\",\"@id\":\"https:\\\/\\\/suatuyetvoi.com\\\/muasam\\\/#website\",\"url\":\"https:\\\/\\\/suatuyetvoi.com\\\/muasam\\\/\",\"name\":\"S\u1eefa Tuy\u1ec7t V\u1eddi\",\"description\":\"S\u1eefa Tuy\u1ec7t V\u1eddi Vi\u1ec7t Nam\",\"potentialAction\":[{\"@type\":\"SearchAction\",\"target\":{\"@type\":\"EntryPoint\",\"urlTemplate\":\"https:\\\/\\\/suatuyetvoi.com\\\/muasam\\\/?s={search_term_string}\"},\"query-input\":{\"@type\":\"PropertyValueSpecification\",\"valueRequired\":true,\"valueName\":\"search_term_string\"}}],\"inLanguage\":\"vi\"}]}<\/script>\n<!-- \/ Yoast SEO plugin. -->","yoast_head_json":{"title":"NAN Expert Pro Lactose Free 400g - \u0110ANG KHUY\u1ebeN M\u00c3I","description":"NAN Expert Pro l\u00e0 d\u00f2ng s\u1eefa c\u00f4ng th\u1ee9c kh\u00f4ng ch\u1ee9a lactose c\u1ee7a Nestl\u00e9, \u0111\u01b0\u1ee3c nghi\u00ean c\u1ee9u \u0111\u1eb7c bi\u1ec7t d\u00e0nh cho tr\u1ebb kh\u00f4ng dung n\u1ea1p lactose v\u00e0 tr\u1ebb b\u1ecb ti\u00eau ch\u1ea3y","robots":{"index":"index","follow":"follow","max-snippet":"max-snippet:-1","max-image-preview":"max-image-preview:large","max-video-preview":"max-video-preview:-1"},"canonical":"https:\/\/suatuyetvoi.com\/muasam\/san-pham\/nan-expert-pro-lactose-free-400g\/","og_locale":"vi_VN","og_type":"article","og_title":"NAN Expert Pro Lactose Free 400g - \u0110ANG KHUY\u1ebeN M\u00c3I","og_description":"NAN Expert Pro l\u00e0 d\u00f2ng s\u1eefa c\u00f4ng th\u1ee9c kh\u00f4ng ch\u1ee9a lactose c\u1ee7a Nestl\u00e9, \u0111\u01b0\u1ee3c nghi\u00ean c\u1ee9u \u0111\u1eb7c bi\u1ec7t d\u00e0nh cho tr\u1ebb kh\u00f4ng dung n\u1ea1p lactose v\u00e0 tr\u1ebb b\u1ecb ti\u00eau ch\u1ea3y","og_url":"https:\/\/suatuyetvoi.com\/muasam\/san-pham\/nan-expert-pro-lactose-free-400g\/","og_site_name":"S\u1eefa Tuy\u1ec7t V\u1eddi","article_modified_time":"2023-03-22T08:48:03+00:00","og_image":[{"width":800,"height":800,"url":"https:\/\/suatuyetvoi.com\/muasam\/wp-content\/uploads\/2023\/03\/sua-bot-nan-expert-pro-lactose-free-400g-0-36-thang-1-Edited.png","type":"image\/png"}],"twitter_card":"summary_large_image","twitter_title":"NAN Expert Pro Lactose Free 400g - \u0110ANG KHUY\u1ebeN M\u00c3I","twitter_description":"NAN Expert Pro l\u00e0 d\u00f2ng s\u1eefa c\u00f4ng th\u1ee9c kh\u00f4ng ch\u1ee9a lactose c\u1ee7a Nestl\u00e9, \u0111\u01b0\u1ee3c nghi\u00ean c\u1ee9u \u0111\u1eb7c bi\u1ec7t d\u00e0nh cho tr\u1ebb kh\u00f4ng dung n\u1ea1p lactose v\u00e0 tr\u1ebb b\u1ecb ti\u00eau ch\u1ea3y","twitter_misc":{"\u01af\u1edbc t\u00ednh th\u1eddi gian \u0111\u1ecdc":"3 ph\u00fat"},"schema":{"@context":"https:\/\/schema.org","@graph":[{"@type":"WebPage","@id":"https:\/\/suatuyetvoi.com\/muasam\/san-pham\/nan-expert-pro-lactose-free-400g\/","url":"https:\/\/suatuyetvoi.com\/muasam\/san-pham\/nan-expert-pro-lactose-free-400g\/","name":"NAN Expert Pro Lactose Free 400g - \u0110ANG KHUY\u1ebeN M\u00c3I","isPartOf":{"@id":"https:\/\/suatuyetvoi.com\/muasam\/#website"},"primaryImageOfPage":{"@id":"https:\/\/suatuyetvoi.com\/muasam\/san-pham\/nan-expert-pro-lactose-free-400g\/#primaryimage"},"image":{"@id":"https:\/\/suatuyetvoi.com\/muasam\/san-pham\/nan-expert-pro-lactose-free-400g\/#primaryimage"},"thumbnailUrl":"https:\/\/suatuyetvoi.com\/muasam\/wp-content\/uploads\/2023\/03\/sua-bot-nan-expert-pro-lactose-free-400g-0-36-thang-1-Edited.png","datePublished":"2023-03-22T08:48:02+00:00","dateModified":"2023-03-22T08:48:03+00:00","description":"NAN Expert Pro l\u00e0 d\u00f2ng s\u1eefa c\u00f4ng th\u1ee9c kh\u00f4ng ch\u1ee9a lactose c\u1ee7a Nestl\u00e9, \u0111\u01b0\u1ee3c nghi\u00ean c\u1ee9u \u0111\u1eb7c bi\u1ec7t d\u00e0nh cho tr\u1ebb kh\u00f4ng dung n\u1ea1p lactose v\u00e0 tr\u1ebb b\u1ecb ti\u00eau ch\u1ea3y","breadcrumb":{"@id":"https:\/\/suatuyetvoi.com\/muasam\/san-pham\/nan-expert-pro-lactose-free-400g\/#breadcrumb"},"inLanguage":"vi","potentialAction":[{"@type":"ReadAction","target":["https:\/\/suatuyetvoi.com\/muasam\/san-pham\/nan-expert-pro-lactose-free-400g\/"]}]},{"@type":"ImageObject","inLanguage":"vi","@id":"https:\/\/suatuyetvoi.com\/muasam\/san-pham\/nan-expert-pro-lactose-free-400g\/#primaryimage","url":"https:\/\/suatuyetvoi.com\/muasam\/wp-content\/uploads\/2023\/03\/sua-bot-nan-expert-pro-lactose-free-400g-0-36-thang-1-Edited.png","contentUrl":"https:\/\/suatuyetvoi.com\/muasam\/wp-content\/uploads\/2023\/03\/sua-bot-nan-expert-pro-lactose-free-400g-0-36-thang-1-Edited.png","width":800,"height":800},{"@type":"BreadcrumbList","@id":"https:\/\/suatuyetvoi.com\/muasam\/san-pham\/nan-expert-pro-lactose-free-400g\/#breadcrumb","itemListElement":[{"@type":"ListItem","position":1,"name":"Home","item":"https:\/\/suatuyetvoi.com\/muasam\/"},{"@type":"ListItem","position":2,"name":"Shop","item":"https:\/\/suatuyetvoi.com\/muasam\/shop\/"},{"@type":"ListItem","position":3,"name":"NAN Expert Pro Lactose Free 400g"}]},{"@type":"WebSite","@id":"https:\/\/suatuyetvoi.com\/muasam\/#website","url":"https:\/\/suatuyetvoi.com\/muasam\/","name":"S\u1eefa Tuy\u1ec7t V\u1eddi","description":"S\u1eefa Tuy\u1ec7t V\u1eddi Vi\u1ec7t Nam","potentialAction":[{"@type":"SearchAction","target":{"@type":"EntryPoint","urlTemplate":"https:\/\/suatuyetvoi.com\/muasam\/?s={search_term_string}"},"query-input":{"@type":"PropertyValueSpecification","valueRequired":true,"valueName":"search_term_string"}}],"inLanguage":"vi"}]}},"_links":{"self":[{"href":"https:\/\/suatuyetvoi.com\/muasam\/wp-json\/wp\/v2\/product\/5908","targetHints":{"allow":["GET"]}}],"collection":[{"href":"https:\/\/suatuyetvoi.com\/muasam\/wp-json\/wp\/v2\/product"}],"about":[{"href":"https:\/\/suatuyetvoi.com\/muasam\/wp-json\/wp\/v2\/types\/product"}],"replies":[{"embeddable":true,"href":"https:\/\/suatuyetvoi.com\/muasam\/wp-json\/wp\/v2\/comments?post=5908"}],"wp:featuredmedia":[{"embeddable":true,"href":"https:\/\/suatuyetvoi.com\/muasam\/wp-json\/wp\/v2\/media\/5915"}],"wp:attachment":[{"href":"https:\/\/suatuyetvoi.com\/muasam\/wp-json\/wp\/v2\/media?parent=5908"}],"wp:term":[{"taxonomy":"product_cat","embeddable":true,"href":"https:\/\/suatuyetvoi.com\/muasam\/wp-json\/wp\/v2\/product_cat?post=5908"},{"taxonomy":"product_tag","embeddable":true,"href":"https:\/\/suatuyetvoi.com\/muasam\/wp-json\/wp\/v2\/product_tag?post=5908"}],"curies":[{"name":"wp","href":"https:\/\/api.w.org\/{rel}","templated":true}]}}