{"id":5898,"date":"2023-03-22T15:20:52","date_gmt":"2023-03-22T08:20:52","guid":{"rendered":"https:\/\/suatuyetvoi.com\/muasam\/?post_type=product&#038;p=5898"},"modified":"2023-03-22T15:20:53","modified_gmt":"2023-03-22T08:20:53","slug":"nestle-nan-infinipro-a2-so-3-800g","status":"publish","type":"product","link":"https:\/\/suatuyetvoi.com\/muasam\/san-pham\/nestle-nan-infinipro-a2-so-3-800g\/","title":{"rendered":"Nestl\u00e9 NAN InfiniPro A2 s\u1ed1 3 800g"},"content":{"rendered":"<p class=\"size-text-14\"><i>CH\u00da \u00dd: &#8220;S\u1eefa m\u1eb9 l\u00e0 th\u1ee9c \u0103n t\u1ed1t nh\u1ea5t cho s\u1ee9c kh\u1ecfe v\u00e0 s\u1ef1 ph\u00e1t tri\u1ec3n to\u00e0n di\u1ec7n c\u1ee7a tr\u1ebb nh\u1ecf&#8221;.<\/i><\/p>\n<h3>\u0110\u1eb7c \u0111i\u1ec3m n\u1ed5i b\u1eadt<\/h3>\n<ul>\n<li>S\u1ea3n ph\u1ea9m\u00a0s\u1eefa c\u00f4ng th\u1ee9c\u00a0ph\u00f9 h\u1ee3p cho tr\u1ebb t\u1eeb 2 &#8211; 6 tu\u1ed5i, \u0111\u01b0\u1ee3c ph\u00e1t tri\u1ec3n d\u1ef1a tr\u00ean nh\u1eefng nghi\u00ean c\u1ee9u kh\u00f4ng ng\u1eebng c\u1ee7a Nestl\u00e9 cho s\u1ee9c kho\u1ebb l\u00e2u d\u00e0i c\u1ee7a tr\u1ebb.<\/li>\n<li>S\u1eefa b\u1ed9t\u00a0cho b\u00e9 tr\u1ecdng l\u01b0\u1ee3ng 800g\u00a0c\u00f3 \u0111\u1ea1m A2 t\u1eeb nh\u1eefng con b\u00f2 \u0111\u01b0\u1ee3c ch\u1ecdn l\u1ecdc nghi\u00eam ng\u1eb7t v\u1ec1 m\u1eb7t c\u00f4ng ngh\u1ec7 di truy\u1ec1n, ch\u1ec9 s\u1ea3n sinh ra \u0111\u1ea1m A2 m\u1ed9t c\u00e1ch t\u1ef1 nhi\u00ean, gi\u00fap tr\u1ebb d\u1ec5 ti\u00eau h\u00f3a, d\u1ec5 h\u1ea5p thu.<\/li>\n<li>Ph\u1ee9c h\u1ee3p 5HMO (2&#8242;-FL, DFL, LNT, 3&#8217;SL, 6&#8217;SL) v\u00e0 l\u1ee3i khu\u1ea9n bifidus BL c\u00f3 trong s\u1eefa gi\u00fap t\u0103ng c\u01b0\u1eddng s\u1ee9c \u0111\u1ec1 kh\u00e1ng cho tr\u1ebb.<\/li>\n<li>NAN Infinipro A2 s\u1ed1 3\u00a0c\u00f3 \u0111\u1ea1m ch\u1ea5t l\u01b0\u1ee3ng Optipro \u0111\u1ed9c quy\u1ec1n c\u1ee7a Nestl\u00e9 Th\u1ee5y S\u0129, v\u1edbi h\u00e0m l\u01b0\u1ee3ng v\u00e0 ch\u1ea5t l\u01b0\u1ee3ng \u0111\u1ea1m c\u1ea7n thi\u1ebft cho s\u1ef1 ph\u00e1t tri\u1ec3n kh\u1ecfe m\u1ea1nh l\u00e2u d\u00e0i m\u00e0 kh\u00f4ng g\u00e2y qu\u00e1 t\u1ea3i cho c\u00e1c c\u01a1 quan non n\u1edbt c\u1ee7a tr\u1ebb.<\/li>\n<li>S\u1eefa NAN\u00a0th\u01b0\u01a1ng hi\u1ec7u Nestl\u00e9, \u0111\u01b0\u1ee3c s\u1ea3n xu\u1ea5t t\u1eeb Th\u1ee5y S\u0129.<\/li>\n<\/ul>\n<h3>Th\u00e0nh ph\u1ea7n trong s\u1eefa<\/h3>\n<ul>\n<li>S\u1eefa Nan InfiniPro A2 t\u00e1ch kem 29% (A2 skimmed MILK), LACTOSE (t\u1eeb S\u1eeeA &#8211; from MILK), \u0110\u1ea0M ch\u1ea5t l\u01b0\u1ee3ng OPTIPRO 21% (\u0110\u1ea0M WHEY t\u1eeb S\u1eeeA &#8211; WHEY PROTEIN from MILK), H\u1ed7n h\u1ee3p d\u1ea7u (D\u1ea7u h\u01b0\u1edbng d\u01b0\u01a1ng gi\u00e0u Oleic, D\u1ea7u h\u1ea1t c\u1ea3i c\u00f3 h\u00e0m l\u01b0\u1ee3ng acid Erucid th\u1ea5p, D\u1ea7u c\u00e1 gi\u00e0u DHA (FISH oil high DHA), D\u1ea7u n\u1ea5m gi\u00e0u ARA), Calci Citrat, Ch\u1ea5t nh\u0169 h\u00f3a Lecithin \u0110\u1eacU N\u00c0NH (SOYA lecithin), Natri Citrat, KHO\u00c1NG CH\u1ea4T (S\u1eaft Sulphat, K\u1ebdm Sulphat, \u0110\u1ed3ng Sulphat, Mangan Sulphat, Kali Iodid, Natri Selenit), 2&#8242;-O-Fucosyllactose (2&#8242;-FL&#8217;)*, Difucosyllactose (DFL)*,\u00a0VITAMIN\u00a0(C, E, Nicotinamide, B5, A, B1, B6, B2, Acid Folic, K1, Biotin, D3, B12), Bifidobacterium lactis (Bifidus BL), Kali Phosphat Dibasic, Lacto-N-tetraose (LNT)*, Magnesi Clorid, Ch\u1ea5t \u0111i\u1ec1u ch\u1ec9nh \u0111\u1ed9 acid &#8211; Natri hydroxyd, Kali Citrat, 6&#8242;-Sialyllactose (6&#8242;-SL)*, 3&#8242;-Sialyllactose (3&#8242;-SL)*.<\/li>\n<li>(*) C\u00f3 ch\u1ee9a LACTOSE (contain LACTOSE).<\/li>\n<\/ul>\n<h3>H\u01b0\u1edbng d\u1eabn pha s\u1eefa b\u1ed9t Nestl\u00e9 NAN InfiniPro A2 s\u1ed1 3 800g (2 &#8211; 6 tu\u1ed5i)<\/h3>\n<p><img loading=\"lazy\" decoding=\"async\" class=\"alignnone size-full wp-image-5896\" src=\"https:\/\/suatuyetvoi.com\/muasam\/wp-content\/uploads\/2023\/03\/sua-bot-nestle-nan-infinipro-a2-so-2-800g-12-24-thang-040123-055602-1.webp\" alt=\"\" width=\"640\" height=\"390\" srcset=\"https:\/\/suatuyetvoi.com\/muasam\/wp-content\/uploads\/2023\/03\/sua-bot-nestle-nan-infinipro-a2-so-2-800g-12-24-thang-040123-055602-1.webp 640w, https:\/\/suatuyetvoi.com\/muasam\/wp-content\/uploads\/2023\/03\/sua-bot-nestle-nan-infinipro-a2-so-2-800g-12-24-thang-040123-055602-1-600x366.webp 600w\" sizes=\"auto, (max-width: 640px) 100vw, 640px\" \/><\/p>\n<div class=\"prop_value\">\n<div class=\"prop-table\" data-id=\"34759\" data-group-id=\"15406\" data-index=\"1\"><\/div>\n<div class=\"prop-table\" data-id=\"34760\" data-group-id=\"15406\" data-index=\"2\">\n<div class=\"spec_item\"><\/div>\n<\/div>\n<\/div>\n","protected":false},"excerpt":{"rendered":"<ul class=\"info-article \">\n<li>\n<p class=\"txt01\">Th\u01b0\u01a1ng hi\u00ea\u0323u: Nestl\u00e9 NAN (Th\u1ee5y S\u1ef9).<\/p>\n<\/li>\n<li data-id=\"30003\" data-group-id=\"12888\" data-index=\"1\">\n<p class=\"txt01\">Kh\u1ed1i l\u01b0\u1ee3ng: 800g<\/p>\n<\/li>\n<li data-id=\"30008\" data-group-id=\"12888\" data-index=\"2\">\n<p class=\"txt01\">\u0110\u1ed9 tu\u1ed5i: 2 &#8211; 6 tu\u1ed5i<\/p>\n<\/li>\n<li data-id=\"30013\" data-group-id=\"12888\" data-index=\"3\">\n<p class=\"txt01\">Th\u00e0nh ph\u1ea7n: S\u1eefa Nan InfiniPro A2 t\u00e1ch kem 29% (A2 skimmed MILK), LACTOSE (t\u1eeb S\u1eeeA &#8211; from MILK), \u0110\u1ea0M ch\u1ea5t l\u01b0\u1ee3ng OPTIPRO 21% (\u0110\u1ea0M WHEY t\u1eeb S\u1eeeA &#8211; WHEY PROTEIN from MILK), H\u1ed7n h\u1ee3p d\u1ea7u (D\u1ea7u h\u01b0\u1edbng d\u01b0\u01a1ng gi\u00e0u Oleic, D\u1ea7u h\u1ea1t c\u1ea3i c\u00f3 h\u00e0m l\u01b0\u1ee3ng acid Erucid th\u1ea5p, D\u1ea7u C\u00c1 gi\u00e0u DHA (FISH oil high DHA), D\u1ea7u n\u1ea5m gi\u00e0u ARA), Calci Citrat, Ch\u1ea5t nh\u0169 h\u00f3a Lecithin \u0110\u1eacU N\u00c0NH (SOYA lecithin), Natri Citrat, C\u00e1c kho\u00e1ng ch\u1ea5t (S\u1eaft Sulphat, K\u1ebdm Sulphat, \u0110\u1ed3ng Sulphat, Mangan Sulphat, Kali Iodid, Natri Selenit),&#8230;<\/p>\n<\/li>\n<li data-id=\"30014\" data-group-id=\"12888\" data-index=\"4\">\n<p class=\"txt01\">M\u00f9i v\u1ecb: V\u1ecb t\u1ef1 nhi\u00ean<\/p>\n<\/li>\n<li data-id=\"30025\" data-group-id=\"12888\" data-index=\"5\">\n<p class=\"txt01\">H\u1ea1n s\u1eed d\u1ee5ng sau m\u1edf n\u1eafp: 4 tu\u1ea7n<\/p>\n<\/li>\n<li data-id=\"30027\" data-group-id=\"12888\" data-index=\"6\">\n<p class=\"txt01\">N\u01a1i s\u1ea3n xu\u1ea5t: Th\u1ee5y S\u0129<\/p>\n<\/li>\n<\/ul>\n","protected":false},"featured_media":5906,"comment_status":"open","ping_status":"closed","template":"","meta":[],"product_cat":[231],"product_tag":[574,578],"class_list":["post-5898","product","type-product","status-publish","has-post-thumbnail","hentry","product_cat-sua-bot","product_tag-ho-tro-tang-suc-de-khang","product_tag-ho-tro-tieu-hoa","berocket_brand-nestle"],"yoast_head":"<!-- This site is optimized with the Yoast SEO plugin v27.6 - https:\/\/yoast.com\/product\/yoast-seo-wordpress\/ -->\n<title>Nestl\u00e9 NAN InfiniPro A2 s\u1ed1 3 800g - \u0110ANG KHUY\u1ebeN M\u00c3I<\/title>\n<meta name=\"description\" content=\"S\u1ea3n ph\u1ea9m\u00a0s\u1eefa c\u00f4ng th\u1ee9c\u00a0ph\u00f9 h\u1ee3p cho tr\u1ebb t\u1eeb 2 - 6 tu\u1ed5i, \u0111\u01b0\u1ee3c ph\u00e1t tri\u1ec3n d\u1ef1a tr\u00ean nh\u1eefng nghi\u00ean c\u1ee9u kh\u00f4ng ng\u1eebng c\u1ee7a Nestl\u00e9 cho s\u1ee9c kho\u1ebb l\u00e2u d\u00e0i c\u1ee7a tr\u1ebb.\" \/>\n<meta name=\"robots\" content=\"index, follow, max-snippet:-1, max-image-preview:large, max-video-preview:-1\" \/>\n<link rel=\"canonical\" href=\"https:\/\/suatuyetvoi.com\/muasam\/san-pham\/nestle-nan-infinipro-a2-so-3-800g\/\" \/>\n<meta property=\"og:locale\" content=\"vi_VN\" \/>\n<meta property=\"og:type\" content=\"article\" \/>\n<meta property=\"og:title\" content=\"Nestl\u00e9 NAN InfiniPro A2 s\u1ed1 3 800g - \u0110ANG KHUY\u1ebeN M\u00c3I\" \/>\n<meta property=\"og:description\" content=\"S\u1ea3n ph\u1ea9m\u00a0s\u1eefa c\u00f4ng th\u1ee9c\u00a0ph\u00f9 h\u1ee3p cho tr\u1ebb t\u1eeb 2 - 6 tu\u1ed5i, \u0111\u01b0\u1ee3c ph\u00e1t tri\u1ec3n d\u1ef1a tr\u00ean nh\u1eefng nghi\u00ean c\u1ee9u kh\u00f4ng ng\u1eebng c\u1ee7a Nestl\u00e9 cho s\u1ee9c kho\u1ebb l\u00e2u d\u00e0i c\u1ee7a tr\u1ebb.\" \/>\n<meta property=\"og:url\" content=\"https:\/\/suatuyetvoi.com\/muasam\/san-pham\/nestle-nan-infinipro-a2-so-3-800g\/\" \/>\n<meta property=\"og:site_name\" content=\"S\u1eefa Tuy\u1ec7t V\u1eddi\" \/>\n<meta property=\"article:modified_time\" content=\"2023-03-22T08:20:53+00:00\" \/>\n<meta property=\"og:image\" content=\"https:\/\/suatuyetvoi.com\/muasam\/wp-content\/uploads\/2023\/03\/sua-bot-nestle-nan-infinipro-a2-so-3-800g-2-6-tuoi-1-Edited.png\" \/>\n\t<meta property=\"og:image:width\" content=\"800\" \/>\n\t<meta property=\"og:image:height\" content=\"800\" \/>\n\t<meta property=\"og:image:type\" content=\"image\/png\" \/>\n<meta name=\"twitter:card\" content=\"summary_large_image\" \/>\n<meta name=\"twitter:label1\" content=\"\u01af\u1edbc t\u00ednh th\u1eddi gian \u0111\u1ecdc\" \/>\n\t<meta name=\"twitter:data1\" content=\"3 ph\u00fat\" \/>\n<script type=\"application\/ld+json\" class=\"yoast-schema-graph\">{\"@context\":\"https:\\\/\\\/schema.org\",\"@graph\":[{\"@type\":\"WebPage\",\"@id\":\"https:\\\/\\\/suatuyetvoi.com\\\/muasam\\\/san-pham\\\/nestle-nan-infinipro-a2-so-3-800g\\\/\",\"url\":\"https:\\\/\\\/suatuyetvoi.com\\\/muasam\\\/san-pham\\\/nestle-nan-infinipro-a2-so-3-800g\\\/\",\"name\":\"Nestl\u00e9 NAN InfiniPro A2 s\u1ed1 3 800g - \u0110ANG KHUY\u1ebeN M\u00c3I\",\"isPartOf\":{\"@id\":\"https:\\\/\\\/suatuyetvoi.com\\\/muasam\\\/#website\"},\"primaryImageOfPage\":{\"@id\":\"https:\\\/\\\/suatuyetvoi.com\\\/muasam\\\/san-pham\\\/nestle-nan-infinipro-a2-so-3-800g\\\/#primaryimage\"},\"image\":{\"@id\":\"https:\\\/\\\/suatuyetvoi.com\\\/muasam\\\/san-pham\\\/nestle-nan-infinipro-a2-so-3-800g\\\/#primaryimage\"},\"thumbnailUrl\":\"https:\\\/\\\/suatuyetvoi.com\\\/muasam\\\/wp-content\\\/uploads\\\/2023\\\/03\\\/sua-bot-nestle-nan-infinipro-a2-so-3-800g-2-6-tuoi-1-Edited.png\",\"datePublished\":\"2023-03-22T08:20:52+00:00\",\"dateModified\":\"2023-03-22T08:20:53+00:00\",\"description\":\"S\u1ea3n ph\u1ea9m\u00a0s\u1eefa c\u00f4ng th\u1ee9c\u00a0ph\u00f9 h\u1ee3p cho tr\u1ebb t\u1eeb 2 - 6 tu\u1ed5i, \u0111\u01b0\u1ee3c ph\u00e1t tri\u1ec3n d\u1ef1a tr\u00ean nh\u1eefng nghi\u00ean c\u1ee9u kh\u00f4ng ng\u1eebng c\u1ee7a Nestl\u00e9 cho s\u1ee9c kho\u1ebb l\u00e2u d\u00e0i c\u1ee7a tr\u1ebb.\",\"breadcrumb\":{\"@id\":\"https:\\\/\\\/suatuyetvoi.com\\\/muasam\\\/san-pham\\\/nestle-nan-infinipro-a2-so-3-800g\\\/#breadcrumb\"},\"inLanguage\":\"vi\",\"potentialAction\":[{\"@type\":\"ReadAction\",\"target\":[\"https:\\\/\\\/suatuyetvoi.com\\\/muasam\\\/san-pham\\\/nestle-nan-infinipro-a2-so-3-800g\\\/\"]}]},{\"@type\":\"ImageObject\",\"inLanguage\":\"vi\",\"@id\":\"https:\\\/\\\/suatuyetvoi.com\\\/muasam\\\/san-pham\\\/nestle-nan-infinipro-a2-so-3-800g\\\/#primaryimage\",\"url\":\"https:\\\/\\\/suatuyetvoi.com\\\/muasam\\\/wp-content\\\/uploads\\\/2023\\\/03\\\/sua-bot-nestle-nan-infinipro-a2-so-3-800g-2-6-tuoi-1-Edited.png\",\"contentUrl\":\"https:\\\/\\\/suatuyetvoi.com\\\/muasam\\\/wp-content\\\/uploads\\\/2023\\\/03\\\/sua-bot-nestle-nan-infinipro-a2-so-3-800g-2-6-tuoi-1-Edited.png\",\"width\":800,\"height\":800},{\"@type\":\"BreadcrumbList\",\"@id\":\"https:\\\/\\\/suatuyetvoi.com\\\/muasam\\\/san-pham\\\/nestle-nan-infinipro-a2-so-3-800g\\\/#breadcrumb\",\"itemListElement\":[{\"@type\":\"ListItem\",\"position\":1,\"name\":\"Home\",\"item\":\"https:\\\/\\\/suatuyetvoi.com\\\/muasam\\\/\"},{\"@type\":\"ListItem\",\"position\":2,\"name\":\"Shop\",\"item\":\"https:\\\/\\\/suatuyetvoi.com\\\/muasam\\\/shop\\\/\"},{\"@type\":\"ListItem\",\"position\":3,\"name\":\"Nestl\u00e9 NAN InfiniPro A2 s\u1ed1 3 800g\"}]},{\"@type\":\"WebSite\",\"@id\":\"https:\\\/\\\/suatuyetvoi.com\\\/muasam\\\/#website\",\"url\":\"https:\\\/\\\/suatuyetvoi.com\\\/muasam\\\/\",\"name\":\"S\u1eefa Tuy\u1ec7t V\u1eddi\",\"description\":\"S\u1eefa Tuy\u1ec7t V\u1eddi Vi\u1ec7t Nam\",\"potentialAction\":[{\"@type\":\"SearchAction\",\"target\":{\"@type\":\"EntryPoint\",\"urlTemplate\":\"https:\\\/\\\/suatuyetvoi.com\\\/muasam\\\/?s={search_term_string}\"},\"query-input\":{\"@type\":\"PropertyValueSpecification\",\"valueRequired\":true,\"valueName\":\"search_term_string\"}}],\"inLanguage\":\"vi\"}]}<\/script>\n<!-- \/ Yoast SEO plugin. -->","yoast_head_json":{"title":"Nestl\u00e9 NAN InfiniPro A2 s\u1ed1 3 800g - \u0110ANG KHUY\u1ebeN M\u00c3I","description":"S\u1ea3n ph\u1ea9m\u00a0s\u1eefa c\u00f4ng th\u1ee9c\u00a0ph\u00f9 h\u1ee3p cho tr\u1ebb t\u1eeb 2 - 6 tu\u1ed5i, \u0111\u01b0\u1ee3c ph\u00e1t tri\u1ec3n d\u1ef1a tr\u00ean nh\u1eefng nghi\u00ean c\u1ee9u kh\u00f4ng ng\u1eebng c\u1ee7a Nestl\u00e9 cho s\u1ee9c kho\u1ebb l\u00e2u d\u00e0i c\u1ee7a tr\u1ebb.","robots":{"index":"index","follow":"follow","max-snippet":"max-snippet:-1","max-image-preview":"max-image-preview:large","max-video-preview":"max-video-preview:-1"},"canonical":"https:\/\/suatuyetvoi.com\/muasam\/san-pham\/nestle-nan-infinipro-a2-so-3-800g\/","og_locale":"vi_VN","og_type":"article","og_title":"Nestl\u00e9 NAN InfiniPro A2 s\u1ed1 3 800g - \u0110ANG KHUY\u1ebeN M\u00c3I","og_description":"S\u1ea3n ph\u1ea9m\u00a0s\u1eefa c\u00f4ng th\u1ee9c\u00a0ph\u00f9 h\u1ee3p cho tr\u1ebb t\u1eeb 2 - 6 tu\u1ed5i, \u0111\u01b0\u1ee3c ph\u00e1t tri\u1ec3n d\u1ef1a tr\u00ean nh\u1eefng nghi\u00ean c\u1ee9u kh\u00f4ng ng\u1eebng c\u1ee7a Nestl\u00e9 cho s\u1ee9c kho\u1ebb l\u00e2u d\u00e0i c\u1ee7a tr\u1ebb.","og_url":"https:\/\/suatuyetvoi.com\/muasam\/san-pham\/nestle-nan-infinipro-a2-so-3-800g\/","og_site_name":"S\u1eefa Tuy\u1ec7t V\u1eddi","article_modified_time":"2023-03-22T08:20:53+00:00","og_image":[{"width":800,"height":800,"url":"https:\/\/suatuyetvoi.com\/muasam\/wp-content\/uploads\/2023\/03\/sua-bot-nestle-nan-infinipro-a2-so-3-800g-2-6-tuoi-1-Edited.png","type":"image\/png"}],"twitter_card":"summary_large_image","twitter_misc":{"\u01af\u1edbc t\u00ednh th\u1eddi gian \u0111\u1ecdc":"3 ph\u00fat"},"schema":{"@context":"https:\/\/schema.org","@graph":[{"@type":"WebPage","@id":"https:\/\/suatuyetvoi.com\/muasam\/san-pham\/nestle-nan-infinipro-a2-so-3-800g\/","url":"https:\/\/suatuyetvoi.com\/muasam\/san-pham\/nestle-nan-infinipro-a2-so-3-800g\/","name":"Nestl\u00e9 NAN InfiniPro A2 s\u1ed1 3 800g - \u0110ANG KHUY\u1ebeN M\u00c3I","isPartOf":{"@id":"https:\/\/suatuyetvoi.com\/muasam\/#website"},"primaryImageOfPage":{"@id":"https:\/\/suatuyetvoi.com\/muasam\/san-pham\/nestle-nan-infinipro-a2-so-3-800g\/#primaryimage"},"image":{"@id":"https:\/\/suatuyetvoi.com\/muasam\/san-pham\/nestle-nan-infinipro-a2-so-3-800g\/#primaryimage"},"thumbnailUrl":"https:\/\/suatuyetvoi.com\/muasam\/wp-content\/uploads\/2023\/03\/sua-bot-nestle-nan-infinipro-a2-so-3-800g-2-6-tuoi-1-Edited.png","datePublished":"2023-03-22T08:20:52+00:00","dateModified":"2023-03-22T08:20:53+00:00","description":"S\u1ea3n ph\u1ea9m\u00a0s\u1eefa c\u00f4ng th\u1ee9c\u00a0ph\u00f9 h\u1ee3p cho tr\u1ebb t\u1eeb 2 - 6 tu\u1ed5i, \u0111\u01b0\u1ee3c ph\u00e1t tri\u1ec3n d\u1ef1a tr\u00ean nh\u1eefng nghi\u00ean c\u1ee9u kh\u00f4ng ng\u1eebng c\u1ee7a Nestl\u00e9 cho s\u1ee9c kho\u1ebb l\u00e2u d\u00e0i c\u1ee7a tr\u1ebb.","breadcrumb":{"@id":"https:\/\/suatuyetvoi.com\/muasam\/san-pham\/nestle-nan-infinipro-a2-so-3-800g\/#breadcrumb"},"inLanguage":"vi","potentialAction":[{"@type":"ReadAction","target":["https:\/\/suatuyetvoi.com\/muasam\/san-pham\/nestle-nan-infinipro-a2-so-3-800g\/"]}]},{"@type":"ImageObject","inLanguage":"vi","@id":"https:\/\/suatuyetvoi.com\/muasam\/san-pham\/nestle-nan-infinipro-a2-so-3-800g\/#primaryimage","url":"https:\/\/suatuyetvoi.com\/muasam\/wp-content\/uploads\/2023\/03\/sua-bot-nestle-nan-infinipro-a2-so-3-800g-2-6-tuoi-1-Edited.png","contentUrl":"https:\/\/suatuyetvoi.com\/muasam\/wp-content\/uploads\/2023\/03\/sua-bot-nestle-nan-infinipro-a2-so-3-800g-2-6-tuoi-1-Edited.png","width":800,"height":800},{"@type":"BreadcrumbList","@id":"https:\/\/suatuyetvoi.com\/muasam\/san-pham\/nestle-nan-infinipro-a2-so-3-800g\/#breadcrumb","itemListElement":[{"@type":"ListItem","position":1,"name":"Home","item":"https:\/\/suatuyetvoi.com\/muasam\/"},{"@type":"ListItem","position":2,"name":"Shop","item":"https:\/\/suatuyetvoi.com\/muasam\/shop\/"},{"@type":"ListItem","position":3,"name":"Nestl\u00e9 NAN InfiniPro A2 s\u1ed1 3 800g"}]},{"@type":"WebSite","@id":"https:\/\/suatuyetvoi.com\/muasam\/#website","url":"https:\/\/suatuyetvoi.com\/muasam\/","name":"S\u1eefa Tuy\u1ec7t V\u1eddi","description":"S\u1eefa Tuy\u1ec7t V\u1eddi Vi\u1ec7t Nam","potentialAction":[{"@type":"SearchAction","target":{"@type":"EntryPoint","urlTemplate":"https:\/\/suatuyetvoi.com\/muasam\/?s={search_term_string}"},"query-input":{"@type":"PropertyValueSpecification","valueRequired":true,"valueName":"search_term_string"}}],"inLanguage":"vi"}]}},"_links":{"self":[{"href":"https:\/\/suatuyetvoi.com\/muasam\/wp-json\/wp\/v2\/product\/5898","targetHints":{"allow":["GET"]}}],"collection":[{"href":"https:\/\/suatuyetvoi.com\/muasam\/wp-json\/wp\/v2\/product"}],"about":[{"href":"https:\/\/suatuyetvoi.com\/muasam\/wp-json\/wp\/v2\/types\/product"}],"replies":[{"embeddable":true,"href":"https:\/\/suatuyetvoi.com\/muasam\/wp-json\/wp\/v2\/comments?post=5898"}],"wp:featuredmedia":[{"embeddable":true,"href":"https:\/\/suatuyetvoi.com\/muasam\/wp-json\/wp\/v2\/media\/5906"}],"wp:attachment":[{"href":"https:\/\/suatuyetvoi.com\/muasam\/wp-json\/wp\/v2\/media?parent=5898"}],"wp:term":[{"taxonomy":"product_cat","embeddable":true,"href":"https:\/\/suatuyetvoi.com\/muasam\/wp-json\/wp\/v2\/product_cat?post=5898"},{"taxonomy":"product_tag","embeddable":true,"href":"https:\/\/suatuyetvoi.com\/muasam\/wp-json\/wp\/v2\/product_tag?post=5898"}],"curies":[{"name":"wp","href":"https:\/\/api.w.org\/{rel}","templated":true}]}}