{"id":5884,"date":"2023-03-22T14:08:27","date_gmt":"2023-03-22T07:08:27","guid":{"rendered":"https:\/\/suatuyetvoi.com\/muasam\/?post_type=product&#038;p=5884"},"modified":"2023-03-22T14:08:28","modified_gmt":"2023-03-22T07:08:28","slug":"nestle-nan-infinipro-a2-so-1-800g","status":"publish","type":"product","link":"https:\/\/suatuyetvoi.com\/muasam\/san-pham\/nestle-nan-infinipro-a2-so-1-800g\/","title":{"rendered":"Nestl\u00e9 NAN InfiniPro A2 s\u1ed1 1 800g"},"content":{"rendered":"<h2 class=\"article__content__title\">TH\u00d4NG TIN S\u1ea2N PH\u1ea8M<\/h2>\n<p class=\"size-text-14\"><i>CH\u00da \u00dd: &#8220;S\u1eefa m\u1eb9 l\u00e0 th\u1ee9c \u0103n t\u1ed1t nh\u1ea5t cho s\u1ee9c kh\u1ecfe v\u00e0 s\u1ef1 ph\u00e1t tri\u1ec3n to\u00e0n di\u1ec7n c\u1ee7a tr\u1ebb nh\u1ecf&#8221;.<\/i><\/p>\n<h3>\u0110\u1eb7c \u0111i\u1ec3m n\u1ed5i b\u1eadt<\/h3>\n<ul>\n<li>S\u1ea3n ph\u1ea9m\u00a0s\u1eefa c\u00f4ng th\u1ee9c\u00a0ph\u00f9 h\u1ee3p cho tr\u1ebb t\u1eeb 0 &#8211; 12 th\u00e1ng, \u0111\u01b0\u1ee3c ph\u00e1t tri\u1ec3n d\u1ef1a tr\u00ean nh\u1eefng nghi\u00ean c\u1ee9u kh\u00f4ng ng\u1eebng c\u1ee7a Nestl\u00e9 cho s\u1ee9c kho\u1ebb l\u00e2u d\u00e0i c\u1ee7a tr\u1ebb.<\/li>\n<li>S\u1eefa b\u1ed9t cho b\u00e9 tr\u1ecdng l\u01b0\u1ee3ng 800g\u00a0c\u00f3 \u0111\u1ea1m A2 t\u1eeb nh\u1eefng con b\u00f2 \u0111\u01b0\u1ee3c ch\u1ecdn l\u1ecdc nghi\u00eam ng\u1eb7t v\u1ec1 m\u1eb7t c\u00f4ng ngh\u1ec7 di truy\u1ec1n, ch\u1ec9 s\u1ea3n sinh ra \u0111\u1ea1m A2 m\u1ed9t c\u00e1ch t\u1ef1 nhi\u00ean, gi\u00fap tr\u1ebb d\u1ec5 ti\u00eau h\u00f3a, d\u1ec5 h\u1ea5p thu.<\/li>\n<li>NAN InfiniPro A2\u00a0ph\u1ee9c h\u1ee3p 5HMO\u00a0(2&#8242;-FL, DFL, LNT, 3&#8217;SL, 6&#8217;SL) v\u00e0 l\u1ee3i khu\u1ea9n Bifidus BL c\u00f3 trong s\u1eefa gi\u00fap t\u0103ng c\u01b0\u1eddng s\u1ee9c \u0111\u1ec1 kh\u00e1ng cho tr\u1ebb.<\/li>\n<li>S\u1eefa NAN cho tr\u1ebb s\u01a1 sinh\u00a0c\u00f3 \u0111\u1ea1m ch\u1ea5t l\u01b0\u1ee3ng Optipro \u0111\u1ed9c quy\u1ec1n c\u1ee7a Nestl\u00e9 Th\u1ee5y S\u0129, v\u1edbi h\u00e0m l\u01b0\u1ee3ng v\u00e0 ch\u1ea5t l\u01b0\u1ee3ng c\u1ea7n thi\u1ebft cho s\u1ef1 ph\u00e1t tri\u1ec3n kh\u1ecfe m\u1ea1nh l\u00e2u d\u00e0i m\u00e0 kh\u00f4ng g\u00e2y qu\u00e1 t\u1ea3i cho c\u00e1c c\u01a1 quan non n\u1edbt c\u1ee7a tr\u1ebb.<\/li>\n<li>S\u1eefa NAN\u00a0th\u01b0\u01a1ng hi\u1ec7u Nestl\u00e9, \u0111\u01b0\u1ee3c s\u1ea3n xu\u1ea5t t\u1eeb Th\u1ee5y S\u0129.<\/li>\n<\/ul>\n<h3>Th\u00e0nh ph\u1ea7n trong s\u1eefa<\/h3>\n<ul>\n<li>LACTOSE (t\u1eeb S\u1eeeA &#8211; from MILK), H\u1ed7n h\u1ee3p d\u1ea7u (D\u1ea7u h\u01b0\u1edbng d\u01b0\u01a1ng gi\u00e0u Oleic, D\u1ea7u h\u1ea1t c\u1ea3i c\u00f3 h\u00e0m l\u01b0\u1ee3ng acid Erucid th\u1ea5p, D\u1ea7u C\u00c1 gi\u00e0u DHA (FISH oil high DHA), D\u1ea7u n\u1ea5m gi\u00e0u ARA), \u0110\u1ea1m ch\u1ea5t l\u01b0\u1ee3ng OPTIPRO 21% (\u0110\u1ea0M WHEY t\u1eeb S\u1eeeA &#8211; WHEY PROTEIN from MILK), S\u1eeeA A2 t\u00e1ch kem 11% (A2 skimmed MILK), 2&#8242;-O-Fucosyllactose (2&#8242;-FL&#8217;)*, Difucosyllactose (DFL)*, Calci Citrat, Kali Citrat, Ch\u1ea5t nh\u0169 h\u00f3a Lecithin \u0110\u1eacU N\u00c0NH (SOYA lecithin), Lacto-N-tetraose (LNT)*, C\u00e1c KHO\u00c1NG CH\u1ea4T (S\u1eaft Sulphat, K\u1ebdm Sulphat, \u0110\u1ed3ng Sulphat), Choline Bitartrate, Mangan Sulphat, Kali Iodid, Natri Selenit.\u00a0VITAMIN\u00a0(A, D3, E, K1, C, B1, B2, Nicotinamide, B6, Acid Folic, B5, B12, Biotin), Inositol, Taurine, Kali Clorid, Magnesi Clorid, Natri Citrat, Kali Phosphat Dibasic, L-Phenylalanine, Mu\u1ed1i, 6&#8242;-Sialyllactose (6&#8242;-SL)*, Bifidobacterium lactis (Bifidus BL), Nucleotide, 3&#8242;-Sialyllactose (3&#8242;-SL)*, Amino acid L-Histidine, L-Carnitine.<\/li>\n<li>(*) C\u00f3 ch\u1ee9a LACTOSE (contain LACTOSE).<\/li>\n<\/ul>\n<h3>H\u01b0\u1edbng d\u1eabn pha s\u1eefa b\u1ed9t Nestl\u00e9 NAN InfiniPro A2 s\u1ed1\u00a01 800g (0 &#8211; 12 th\u00e1ng)<\/h3>\n<p><img loading=\"lazy\" decoding=\"async\" class=\"alignnone size-full wp-image-5885\" src=\"https:\/\/suatuyetvoi.com\/muasam\/wp-content\/uploads\/2023\/03\/sua-bot-nestle-nan-infinipro-a2-so-1-800g-0-12-thang-hdps.webp\" alt=\"\" width=\"640\" height=\"668\" srcset=\"https:\/\/suatuyetvoi.com\/muasam\/wp-content\/uploads\/2023\/03\/sua-bot-nestle-nan-infinipro-a2-so-1-800g-0-12-thang-hdps.webp 640w, https:\/\/suatuyetvoi.com\/muasam\/wp-content\/uploads\/2023\/03\/sua-bot-nestle-nan-infinipro-a2-so-1-800g-0-12-thang-hdps-383x400.webp 383w, https:\/\/suatuyetvoi.com\/muasam\/wp-content\/uploads\/2023\/03\/sua-bot-nestle-nan-infinipro-a2-so-1-800g-0-12-thang-hdps-600x626.webp 600w\" sizes=\"auto, (max-width: 640px) 100vw, 640px\" \/><\/p>\n<div class=\"prop_value\">\n<div class=\"prop-table\" data-id=\"34759\" data-group-id=\"15406\" data-index=\"1\">\n<h3>H\u01b0\u1edbng d\u1eabn s\u1eed d\u1ee5ng<\/h3>\n<ul>\n<li class=\"spec_item\"><span class=\"dot\">\u0110un n\u01b0\u1edbc s\u00f4i v\u00e0 \u0111\u1ec3 ngu\u1ed9i \u0111\u1ebfn nhi\u1ec7t \u0111\u1ed9 th\u00edch h\u1ee3p.<\/span><\/li>\n<li class=\"spec_item\"><span class=\"dot\">R\u1eeda tay v\u00e0 ti\u1ec7t tr\u00f9ng d\u1ee5ng c\u1ee5 pha ch\u1ebf th\u1eadt s\u1ea1ch tr\u01b0\u1edbc khi pha.<\/span><\/li>\n<li class=\"spec_item\"><span class=\"dot\">\u0110\u1ed5 n\u01b0\u1edbc \u0111un s\u00f4i \u0111\u00e3 \u0111\u1ec3 ngu\u1ed9i v\u00e0o c\u1ed1c\/b\u00ecnh v\u1edbi l\u01b0\u1ee3ng n\u01b0\u1edbc ch\u00ednh x\u00e1c.<\/span><\/li>\n<li class=\"spec_item\"><span class=\"dot\">L\u1ea5y ch\u00ednh x\u00e1c l\u01b0\u1ee3ng s\u1eefa c\u1ea7n pha b\u1eb1ng th\u00eca chuy\u00ean d\u1ee5ng \u0111i k\u00e8m trong h\u1ed9p.<\/span><\/li>\n<li class=\"spec_item\"><span class=\"dot\">L\u1eafc nh\u1eb9 ho\u1eb7c khu\u1ea5y \u0111\u1ec1u \u0111\u1ebfn khi tan ho\u00e0n to\u00e0n.<\/span><\/li>\n<li class=\"spec_item\"><span class=\"dot\">Ki\u1ec3m tra nhi\u1ec7t \u0111\u1ed9 tr\u01b0\u1edbc khi b\u00e9 s\u1eed d\u1ee5ng b\u1eb1ng c\u00e1ch nh\u1ecf m\u1ed9t gi\u1ecdt l\u00ean tay.<\/span><\/li>\n<li class=\"spec_item\"><span class=\"dot\">D\u00f9ng ngay sau khi pha.<\/span><\/li>\n<li class=\"spec_item\"><span class=\"dot\">Cho tr\u1ebb \u0103n b\u1eb1ng c\u1ed1c, th\u00eca h\u1ee3p v\u1ec7 sinh.<\/span><\/li>\n<li class=\"spec_item\"><span class=\"dot\">Kh\u00f4ng cho b\u00e9 u\u1ed1ng ho\u1eb7c \u0103n l\u1ea1i ph\u1ea7n th\u1eeba.<\/span><\/li>\n<\/ul>\n<\/div>\n<div class=\"prop-table\" data-id=\"34760\" data-group-id=\"15406\" data-index=\"2\">\n<h3>H\u01b0\u1edbng d\u1eabn b\u1ea3o qu\u1ea3n<\/h3>\n<ul>\n<li class=\"spec_item\"><span class=\"dot\">\u0110\u1eady k\u00edn sau m\u1ed7i l\u1ea7n s\u1eed d\u1ee5ng.<\/span><\/li>\n<li class=\"spec_item\"><span class=\"dot\">B\u1ea3o qu\u1ea3n n\u01a1i kh\u00f4 r\u00e1o, tho\u00e1ng m\u00e1t, tr\u00e1nh \u00e1nh n\u1eafng tr\u1ef1c ti\u1ebfp.<\/span><\/li>\n<li class=\"spec_item\"><span class=\"dot\">Sau khi m\u1edf n\u1eafp, s\u1eed d\u1ee5ng trong 4 tu\u1ea7n.<\/span><\/li>\n<li class=\"spec_item\"><span class=\"dot\">\u0110\u1ea3m b\u1ea3o mu\u1ed7ng l\u01b0\u1eddng kh\u00f4 r\u00e1o r\u1ed3i \u0111\u1eb7t l\u1ea1i v\u00e0o h\u1ed9p.<\/span><\/li>\n<\/ul>\n<\/div>\n<\/div>\n","protected":false},"excerpt":{"rendered":"<ul class=\"info-article \">\n<li>\n<p class=\"txt01\">Th\u01b0\u01a1ng hi\u00ea\u0323u: Nestl\u00e9 NAN (Th\u1ee5y S\u1ef9).<\/p>\n<\/li>\n<li data-id=\"30003\" data-group-id=\"12888\" data-index=\"1\">\n<p class=\"txt01\">Kh\u1ed1i l\u01b0\u1ee3ng: 800g<\/p>\n<\/li>\n<li data-id=\"30008\" data-group-id=\"12888\" data-index=\"2\">\n<p class=\"txt01\">\u0110\u1ed9 tu\u1ed5i: 0 &#8211; 12 th\u00e1ng<\/p>\n<\/li>\n<li data-id=\"30013\" data-group-id=\"12888\" data-index=\"3\">\n<p class=\"txt01\">Th\u00e0nh ph\u1ea7n: LACTOSE (t\u1eeb S\u1eeeA &#8211; from MILK), H\u1ed7n h\u1ee3p d\u1ea7u (D\u1ea7u h\u01b0\u1edbng d\u01b0\u01a1ng gi\u00e0u Oleic, D\u1ea7u h\u1ea1t c\u1ea3i c\u00f3 h\u00e0m l\u01b0\u1ee3ng acid Erucid th\u1ea5p, D\u1ea7u C\u00c1 gi\u00e0u DHA (FISH oil high DHA), D\u1ea7u n\u1ea5m gi\u00e0u ARA), \u0110\u1ea1m ch\u1ea5t l\u01b0\u1ee3ng OPTIPRO 21% (\u0110\u1ea0M WHEY t\u1eeb S\u1eeeA &#8211; WHEY PROTEIN from MILK), S\u1eeeA A2 t\u00e1ch kem 11% (A2 skimmed MILK), 2-O-Fucosyllactose (2-FL),&#8230;<\/p>\n<\/li>\n<li data-id=\"30014\" data-group-id=\"12888\" data-index=\"4\">\n<p class=\"txt01\">M\u00f9i v\u1ecb: V\u1ecb t\u1ef1 nhi\u00ean<\/p>\n<\/li>\n<li data-id=\"30025\" data-group-id=\"12888\" data-index=\"5\">\n<p class=\"txt01\">H\u1ea1n s\u1eed d\u1ee5ng sau m\u1edf n\u1eafp: 4 tu\u1ea7n<\/p>\n<\/li>\n<li data-id=\"30027\" data-group-id=\"12888\" data-index=\"6\">\n<p class=\"txt01\">N\u01a1i s\u1ea3n xu\u1ea5t: Th\u1ee5y S\u0129<\/p>\n<\/li>\n<\/ul>\n","protected":false},"featured_media":5886,"comment_status":"open","ping_status":"closed","template":"","meta":[],"product_cat":[231],"product_tag":[574,578],"class_list":["post-5884","product","type-product","status-publish","has-post-thumbnail","hentry","product_cat-sua-bot","product_tag-ho-tro-tang-suc-de-khang","product_tag-ho-tro-tieu-hoa","berocket_brand-nestle"],"yoast_head":"<!-- This site is optimized with the Yoast SEO plugin v27.6 - https:\/\/yoast.com\/product\/yoast-seo-wordpress\/ -->\n<title>Nestl\u00e9 NAN InfiniPro A2 s\u1ed1 1 800g - \u0110ANG KHUY\u1ebeN M\u00c3I<\/title>\n<meta name=\"description\" content=\"S\u1ea3n ph\u1ea9m\u00a0s\u1eefa c\u00f4ng th\u1ee9c\u00a0ph\u00f9 h\u1ee3p cho tr\u1ebb t\u1eeb 0 - 12 th\u00e1ng, \u0111\u01b0\u1ee3c ph\u00e1t tri\u1ec3n d\u1ef1a tr\u00ean nh\u1eefng nghi\u00ean c\u1ee9u kh\u00f4ng ng\u1eebng c\u1ee7a Nestl\u00e9 cho s\u1ee9c kho\u1ebb l\u00e2u d\u00e0i c\u1ee7a tr\u1ebb.\" \/>\n<meta name=\"robots\" content=\"index, follow, max-snippet:-1, max-image-preview:large, max-video-preview:-1\" \/>\n<link rel=\"canonical\" href=\"https:\/\/suatuyetvoi.com\/muasam\/san-pham\/nestle-nan-infinipro-a2-so-1-800g\/\" \/>\n<meta property=\"og:locale\" content=\"vi_VN\" \/>\n<meta property=\"og:type\" content=\"article\" \/>\n<meta property=\"og:title\" content=\"Nestl\u00e9 NAN InfiniPro A2 s\u1ed1 1 800g - \u0110ANG KHUY\u1ebeN M\u00c3I\" \/>\n<meta property=\"og:description\" content=\"S\u1ea3n ph\u1ea9m\u00a0s\u1eefa c\u00f4ng th\u1ee9c\u00a0ph\u00f9 h\u1ee3p cho tr\u1ebb t\u1eeb 0 - 12 th\u00e1ng, \u0111\u01b0\u1ee3c ph\u00e1t tri\u1ec3n d\u1ef1a tr\u00ean nh\u1eefng nghi\u00ean c\u1ee9u kh\u00f4ng ng\u1eebng c\u1ee7a Nestl\u00e9 cho s\u1ee9c kho\u1ebb l\u00e2u d\u00e0i c\u1ee7a tr\u1ebb.\" \/>\n<meta property=\"og:url\" content=\"https:\/\/suatuyetvoi.com\/muasam\/san-pham\/nestle-nan-infinipro-a2-so-1-800g\/\" \/>\n<meta property=\"og:site_name\" content=\"S\u1eefa Tuy\u1ec7t V\u1eddi\" \/>\n<meta property=\"article:modified_time\" content=\"2023-03-22T07:08:28+00:00\" \/>\n<meta property=\"og:image\" content=\"https:\/\/suatuyetvoi.com\/muasam\/wp-content\/uploads\/2023\/03\/sua-bot-nestle-nan-infinipro-a2-so-1-800g-0-12-thang-1-Edited-1.png\" \/>\n\t<meta property=\"og:image:width\" content=\"800\" \/>\n\t<meta property=\"og:image:height\" content=\"800\" \/>\n\t<meta property=\"og:image:type\" content=\"image\/png\" \/>\n<meta name=\"twitter:card\" content=\"summary_large_image\" \/>\n<meta name=\"twitter:title\" content=\"Nestl\u00e9 NAN InfiniPro A2 s\u1ed1 1 800g - \u0110ANG KHUY\u1ebeN M\u00c3I\" \/>\n<meta name=\"twitter:description\" content=\"S\u1ea3n ph\u1ea9m\u00a0s\u1eefa c\u00f4ng th\u1ee9c\u00a0ph\u00f9 h\u1ee3p cho tr\u1ebb t\u1eeb 0 - 12 th\u00e1ng, \u0111\u01b0\u1ee3c ph\u00e1t tri\u1ec3n d\u1ef1a tr\u00ean nh\u1eefng nghi\u00ean c\u1ee9u kh\u00f4ng ng\u1eebng c\u1ee7a Nestl\u00e9 cho s\u1ee9c kho\u1ebb l\u00e2u d\u00e0i c\u1ee7a tr\u1ebb.\" \/>\n<meta name=\"twitter:label1\" content=\"\u01af\u1edbc t\u00ednh th\u1eddi gian \u0111\u1ecdc\" \/>\n\t<meta name=\"twitter:data1\" content=\"3 ph\u00fat\" \/>\n<script type=\"application\/ld+json\" class=\"yoast-schema-graph\">{\"@context\":\"https:\\\/\\\/schema.org\",\"@graph\":[{\"@type\":\"WebPage\",\"@id\":\"https:\\\/\\\/suatuyetvoi.com\\\/muasam\\\/san-pham\\\/nestle-nan-infinipro-a2-so-1-800g\\\/\",\"url\":\"https:\\\/\\\/suatuyetvoi.com\\\/muasam\\\/san-pham\\\/nestle-nan-infinipro-a2-so-1-800g\\\/\",\"name\":\"Nestl\u00e9 NAN InfiniPro A2 s\u1ed1 1 800g - \u0110ANG KHUY\u1ebeN M\u00c3I\",\"isPartOf\":{\"@id\":\"https:\\\/\\\/suatuyetvoi.com\\\/muasam\\\/#website\"},\"primaryImageOfPage\":{\"@id\":\"https:\\\/\\\/suatuyetvoi.com\\\/muasam\\\/san-pham\\\/nestle-nan-infinipro-a2-so-1-800g\\\/#primaryimage\"},\"image\":{\"@id\":\"https:\\\/\\\/suatuyetvoi.com\\\/muasam\\\/san-pham\\\/nestle-nan-infinipro-a2-so-1-800g\\\/#primaryimage\"},\"thumbnailUrl\":\"https:\\\/\\\/suatuyetvoi.com\\\/muasam\\\/wp-content\\\/uploads\\\/2023\\\/03\\\/sua-bot-nestle-nan-infinipro-a2-so-1-800g-0-12-thang-1-Edited-1.png\",\"datePublished\":\"2023-03-22T07:08:27+00:00\",\"dateModified\":\"2023-03-22T07:08:28+00:00\",\"description\":\"S\u1ea3n ph\u1ea9m\u00a0s\u1eefa c\u00f4ng th\u1ee9c\u00a0ph\u00f9 h\u1ee3p cho tr\u1ebb t\u1eeb 0 - 12 th\u00e1ng, \u0111\u01b0\u1ee3c ph\u00e1t tri\u1ec3n d\u1ef1a tr\u00ean nh\u1eefng nghi\u00ean c\u1ee9u kh\u00f4ng ng\u1eebng c\u1ee7a Nestl\u00e9 cho s\u1ee9c kho\u1ebb l\u00e2u d\u00e0i c\u1ee7a tr\u1ebb.\",\"breadcrumb\":{\"@id\":\"https:\\\/\\\/suatuyetvoi.com\\\/muasam\\\/san-pham\\\/nestle-nan-infinipro-a2-so-1-800g\\\/#breadcrumb\"},\"inLanguage\":\"vi\",\"potentialAction\":[{\"@type\":\"ReadAction\",\"target\":[\"https:\\\/\\\/suatuyetvoi.com\\\/muasam\\\/san-pham\\\/nestle-nan-infinipro-a2-so-1-800g\\\/\"]}]},{\"@type\":\"ImageObject\",\"inLanguage\":\"vi\",\"@id\":\"https:\\\/\\\/suatuyetvoi.com\\\/muasam\\\/san-pham\\\/nestle-nan-infinipro-a2-so-1-800g\\\/#primaryimage\",\"url\":\"https:\\\/\\\/suatuyetvoi.com\\\/muasam\\\/wp-content\\\/uploads\\\/2023\\\/03\\\/sua-bot-nestle-nan-infinipro-a2-so-1-800g-0-12-thang-1-Edited-1.png\",\"contentUrl\":\"https:\\\/\\\/suatuyetvoi.com\\\/muasam\\\/wp-content\\\/uploads\\\/2023\\\/03\\\/sua-bot-nestle-nan-infinipro-a2-so-1-800g-0-12-thang-1-Edited-1.png\",\"width\":800,\"height\":800},{\"@type\":\"BreadcrumbList\",\"@id\":\"https:\\\/\\\/suatuyetvoi.com\\\/muasam\\\/san-pham\\\/nestle-nan-infinipro-a2-so-1-800g\\\/#breadcrumb\",\"itemListElement\":[{\"@type\":\"ListItem\",\"position\":1,\"name\":\"Home\",\"item\":\"https:\\\/\\\/suatuyetvoi.com\\\/muasam\\\/\"},{\"@type\":\"ListItem\",\"position\":2,\"name\":\"Shop\",\"item\":\"https:\\\/\\\/suatuyetvoi.com\\\/muasam\\\/shop\\\/\"},{\"@type\":\"ListItem\",\"position\":3,\"name\":\"Nestl\u00e9 NAN InfiniPro A2 s\u1ed1 1 800g\"}]},{\"@type\":\"WebSite\",\"@id\":\"https:\\\/\\\/suatuyetvoi.com\\\/muasam\\\/#website\",\"url\":\"https:\\\/\\\/suatuyetvoi.com\\\/muasam\\\/\",\"name\":\"S\u1eefa Tuy\u1ec7t V\u1eddi\",\"description\":\"S\u1eefa Tuy\u1ec7t V\u1eddi Vi\u1ec7t Nam\",\"potentialAction\":[{\"@type\":\"SearchAction\",\"target\":{\"@type\":\"EntryPoint\",\"urlTemplate\":\"https:\\\/\\\/suatuyetvoi.com\\\/muasam\\\/?s={search_term_string}\"},\"query-input\":{\"@type\":\"PropertyValueSpecification\",\"valueRequired\":true,\"valueName\":\"search_term_string\"}}],\"inLanguage\":\"vi\"}]}<\/script>\n<!-- \/ Yoast SEO plugin. -->","yoast_head_json":{"title":"Nestl\u00e9 NAN InfiniPro A2 s\u1ed1 1 800g - \u0110ANG KHUY\u1ebeN M\u00c3I","description":"S\u1ea3n ph\u1ea9m\u00a0s\u1eefa c\u00f4ng th\u1ee9c\u00a0ph\u00f9 h\u1ee3p cho tr\u1ebb t\u1eeb 0 - 12 th\u00e1ng, \u0111\u01b0\u1ee3c ph\u00e1t tri\u1ec3n d\u1ef1a tr\u00ean nh\u1eefng nghi\u00ean c\u1ee9u kh\u00f4ng ng\u1eebng c\u1ee7a Nestl\u00e9 cho s\u1ee9c kho\u1ebb l\u00e2u d\u00e0i c\u1ee7a tr\u1ebb.","robots":{"index":"index","follow":"follow","max-snippet":"max-snippet:-1","max-image-preview":"max-image-preview:large","max-video-preview":"max-video-preview:-1"},"canonical":"https:\/\/suatuyetvoi.com\/muasam\/san-pham\/nestle-nan-infinipro-a2-so-1-800g\/","og_locale":"vi_VN","og_type":"article","og_title":"Nestl\u00e9 NAN InfiniPro A2 s\u1ed1 1 800g - \u0110ANG KHUY\u1ebeN M\u00c3I","og_description":"S\u1ea3n ph\u1ea9m\u00a0s\u1eefa c\u00f4ng th\u1ee9c\u00a0ph\u00f9 h\u1ee3p cho tr\u1ebb t\u1eeb 0 - 12 th\u00e1ng, \u0111\u01b0\u1ee3c ph\u00e1t tri\u1ec3n d\u1ef1a tr\u00ean nh\u1eefng nghi\u00ean c\u1ee9u kh\u00f4ng ng\u1eebng c\u1ee7a Nestl\u00e9 cho s\u1ee9c kho\u1ebb l\u00e2u d\u00e0i c\u1ee7a tr\u1ebb.","og_url":"https:\/\/suatuyetvoi.com\/muasam\/san-pham\/nestle-nan-infinipro-a2-so-1-800g\/","og_site_name":"S\u1eefa Tuy\u1ec7t V\u1eddi","article_modified_time":"2023-03-22T07:08:28+00:00","og_image":[{"width":800,"height":800,"url":"https:\/\/suatuyetvoi.com\/muasam\/wp-content\/uploads\/2023\/03\/sua-bot-nestle-nan-infinipro-a2-so-1-800g-0-12-thang-1-Edited-1.png","type":"image\/png"}],"twitter_card":"summary_large_image","twitter_title":"Nestl\u00e9 NAN InfiniPro A2 s\u1ed1 1 800g - \u0110ANG KHUY\u1ebeN M\u00c3I","twitter_description":"S\u1ea3n ph\u1ea9m\u00a0s\u1eefa c\u00f4ng th\u1ee9c\u00a0ph\u00f9 h\u1ee3p cho tr\u1ebb t\u1eeb 0 - 12 th\u00e1ng, \u0111\u01b0\u1ee3c ph\u00e1t tri\u1ec3n d\u1ef1a tr\u00ean nh\u1eefng nghi\u00ean c\u1ee9u kh\u00f4ng ng\u1eebng c\u1ee7a Nestl\u00e9 cho s\u1ee9c kho\u1ebb l\u00e2u d\u00e0i c\u1ee7a tr\u1ebb.","twitter_misc":{"\u01af\u1edbc t\u00ednh th\u1eddi gian \u0111\u1ecdc":"3 ph\u00fat"},"schema":{"@context":"https:\/\/schema.org","@graph":[{"@type":"WebPage","@id":"https:\/\/suatuyetvoi.com\/muasam\/san-pham\/nestle-nan-infinipro-a2-so-1-800g\/","url":"https:\/\/suatuyetvoi.com\/muasam\/san-pham\/nestle-nan-infinipro-a2-so-1-800g\/","name":"Nestl\u00e9 NAN InfiniPro A2 s\u1ed1 1 800g - \u0110ANG KHUY\u1ebeN M\u00c3I","isPartOf":{"@id":"https:\/\/suatuyetvoi.com\/muasam\/#website"},"primaryImageOfPage":{"@id":"https:\/\/suatuyetvoi.com\/muasam\/san-pham\/nestle-nan-infinipro-a2-so-1-800g\/#primaryimage"},"image":{"@id":"https:\/\/suatuyetvoi.com\/muasam\/san-pham\/nestle-nan-infinipro-a2-so-1-800g\/#primaryimage"},"thumbnailUrl":"https:\/\/suatuyetvoi.com\/muasam\/wp-content\/uploads\/2023\/03\/sua-bot-nestle-nan-infinipro-a2-so-1-800g-0-12-thang-1-Edited-1.png","datePublished":"2023-03-22T07:08:27+00:00","dateModified":"2023-03-22T07:08:28+00:00","description":"S\u1ea3n ph\u1ea9m\u00a0s\u1eefa c\u00f4ng th\u1ee9c\u00a0ph\u00f9 h\u1ee3p cho tr\u1ebb t\u1eeb 0 - 12 th\u00e1ng, \u0111\u01b0\u1ee3c ph\u00e1t tri\u1ec3n d\u1ef1a tr\u00ean nh\u1eefng nghi\u00ean c\u1ee9u kh\u00f4ng ng\u1eebng c\u1ee7a Nestl\u00e9 cho s\u1ee9c kho\u1ebb l\u00e2u d\u00e0i c\u1ee7a tr\u1ebb.","breadcrumb":{"@id":"https:\/\/suatuyetvoi.com\/muasam\/san-pham\/nestle-nan-infinipro-a2-so-1-800g\/#breadcrumb"},"inLanguage":"vi","potentialAction":[{"@type":"ReadAction","target":["https:\/\/suatuyetvoi.com\/muasam\/san-pham\/nestle-nan-infinipro-a2-so-1-800g\/"]}]},{"@type":"ImageObject","inLanguage":"vi","@id":"https:\/\/suatuyetvoi.com\/muasam\/san-pham\/nestle-nan-infinipro-a2-so-1-800g\/#primaryimage","url":"https:\/\/suatuyetvoi.com\/muasam\/wp-content\/uploads\/2023\/03\/sua-bot-nestle-nan-infinipro-a2-so-1-800g-0-12-thang-1-Edited-1.png","contentUrl":"https:\/\/suatuyetvoi.com\/muasam\/wp-content\/uploads\/2023\/03\/sua-bot-nestle-nan-infinipro-a2-so-1-800g-0-12-thang-1-Edited-1.png","width":800,"height":800},{"@type":"BreadcrumbList","@id":"https:\/\/suatuyetvoi.com\/muasam\/san-pham\/nestle-nan-infinipro-a2-so-1-800g\/#breadcrumb","itemListElement":[{"@type":"ListItem","position":1,"name":"Home","item":"https:\/\/suatuyetvoi.com\/muasam\/"},{"@type":"ListItem","position":2,"name":"Shop","item":"https:\/\/suatuyetvoi.com\/muasam\/shop\/"},{"@type":"ListItem","position":3,"name":"Nestl\u00e9 NAN InfiniPro A2 s\u1ed1 1 800g"}]},{"@type":"WebSite","@id":"https:\/\/suatuyetvoi.com\/muasam\/#website","url":"https:\/\/suatuyetvoi.com\/muasam\/","name":"S\u1eefa Tuy\u1ec7t V\u1eddi","description":"S\u1eefa Tuy\u1ec7t V\u1eddi Vi\u1ec7t Nam","potentialAction":[{"@type":"SearchAction","target":{"@type":"EntryPoint","urlTemplate":"https:\/\/suatuyetvoi.com\/muasam\/?s={search_term_string}"},"query-input":{"@type":"PropertyValueSpecification","valueRequired":true,"valueName":"search_term_string"}}],"inLanguage":"vi"}]}},"_links":{"self":[{"href":"https:\/\/suatuyetvoi.com\/muasam\/wp-json\/wp\/v2\/product\/5884","targetHints":{"allow":["GET"]}}],"collection":[{"href":"https:\/\/suatuyetvoi.com\/muasam\/wp-json\/wp\/v2\/product"}],"about":[{"href":"https:\/\/suatuyetvoi.com\/muasam\/wp-json\/wp\/v2\/types\/product"}],"replies":[{"embeddable":true,"href":"https:\/\/suatuyetvoi.com\/muasam\/wp-json\/wp\/v2\/comments?post=5884"}],"wp:featuredmedia":[{"embeddable":true,"href":"https:\/\/suatuyetvoi.com\/muasam\/wp-json\/wp\/v2\/media\/5886"}],"wp:attachment":[{"href":"https:\/\/suatuyetvoi.com\/muasam\/wp-json\/wp\/v2\/media?parent=5884"}],"wp:term":[{"taxonomy":"product_cat","embeddable":true,"href":"https:\/\/suatuyetvoi.com\/muasam\/wp-json\/wp\/v2\/product_cat?post=5884"},{"taxonomy":"product_tag","embeddable":true,"href":"https:\/\/suatuyetvoi.com\/muasam\/wp-json\/wp\/v2\/product_tag?post=5884"}],"curies":[{"name":"wp","href":"https:\/\/api.w.org\/{rel}","templated":true}]}}