{"id":5858,"date":"2023-03-21T18:15:49","date_gmt":"2023-03-21T11:15:49","guid":{"rendered":"https:\/\/suatuyetvoi.com\/muasam\/?post_type=product&#038;p=5858"},"modified":"2023-03-21T18:22:30","modified_gmt":"2023-03-21T11:22:30","slug":"sua-similac-5g-so-3-17kg-1-2-tuoi","status":"publish","type":"product","link":"https:\/\/suatuyetvoi.com\/muasam\/san-pham\/sua-similac-5g-so-3-17kg-1-2-tuoi\/","title":{"rendered":"S\u1eefa Similac 5G s\u1ed1 3 1,7kg (1-2 tu\u1ed5i)"},"content":{"rendered":"<h3>Th\u00f4ng tin chi ti\u1ebft<\/h3>\n<table class=\"table table-bordered table-striped p_bottom_0\">\n<tbody>\n<tr>\n<td>Th\u01b0\u01a1ng hi\u1ec7u<\/td>\n<td>Abbott<\/td>\n<\/tr>\n<tr>\n<td>Xu\u1ea5t x\u1ee9 th\u01b0\u01a1ng hi\u1ec7u<\/td>\n<td>Hoa K\u1ef3<\/td>\n<\/tr>\n<tr>\n<td>S\u1ea3n xu\u1ea5t t\u1ea1i<\/td>\n<td>Ireland<\/td>\n<\/tr>\n<tr>\n<td>Tr\u1ecdng l\u01b0\u1ee3ng s\u1ea3n ph\u1ea9m<\/td>\n<td>1.7<\/td>\n<\/tr>\n<tr>\n<td>H\u01b0\u1edbng d\u1eabn s\u1eed d\u1ee5ng<\/td>\n<td>. R\u1eeda tay v\u00e0 d\u1ee5ng c\u1ee5 th\u1eadt s\u1ea1ch tr\u01b0\u1edbc khi pha.<br \/>\n. \u0110\u1ea3m b\u1ea3o v\u1ec7 sinh, b\u1ea3o qu\u1ea3n v\u00e0 s\u1eed d\u1ee5ng \u0111\u00fang c\u00e1ch r\u1ea5t quan tr\u1ecdng khi b\u1ea1n chu\u1ea9n b\u1ecb pha s\u1eefa cho tr\u1ebb.<br \/>\n. \u0110un k\u1ef9 n\u01b0\u1edbc cho s\u00f4i, sau \u0111\u00f3 \u0111\u1ec3 ngu\u1ed9i. . L\u01b0\u1eddng b\u1eb1ng mu\u1ed7ng \u0111\u00ednh k\u00e8m trong h\u1ed9p, sau \u0111\u00f3 d\u00f9ng dao s\u1ea1ch g\u1ea1t ngang.<br \/>\n. 1 mu\u1ed7ng Similac \u0111\u01b0\u1ee3c pha v\u1edbi 60ml (2 fl oz) n\u01b0\u1edbc \u0111un s\u00f4i \u0111\u1ec3 ngu\u1ed9i.<br \/>\n. Khu\u1ea5y \u0111\u1ec1u cho h\u00f2a tan ho\u00e0n to\u00e0n.<br \/>\n. N\u1ebfu pha nhi\u1ec1u h\u01a1n 1 l\u1ea7n d\u00f9ng th\u00ec l\u01b0\u1ee3ng pha d\u01b0 ph\u1ea3i \u0111\u01b0\u1ee3c b\u1ea3o qu\u1ea3n trong t\u1ee7 l\u1ea1nh \u1edf 2-4 \u0111\u1ed9 C v\u00e0 ch\u1ec9 d\u00f9ng trong v\u00f2ng 24h.<br \/>\n. Khi cho tr\u1ebb u\u1ed1ng, ph\u1ea3i d\u00f9ng trong v\u00f2ng 1h, \u0111\u1ed5 b\u1ecf ph\u1ea7n c\u00f2n th\u1eeba.<\/td>\n<\/tr>\n<tr>\n<td>H\u01b0\u1edbng d\u1eabn b\u1ea3o qu\u1ea3n<\/td>\n<td>. B\u1ea3o qu\u1ea3n h\u1ed9p ch\u01b0a m\u1edf n\u1eafp \u1edf nhi\u1ec7t \u0111\u1ed9 ph\u00f2ng.<br \/>\n. H\u1ed9p \u0111\u00e3 m\u1edf n\u1eafp n\u00ean s\u1eed d\u1ee5ng trong v\u00f2ng 3 tu\u1ea7n.<br \/>\n. \u0110\u1eady n\u1eafp k\u00edn v\u00e0 b\u1ea3o qu\u1ea3n n\u01a1i kh\u00f4 m\u00e1t (kh\u00f4ng \u0111\u1ec3 trong t\u1ee7 l\u1ea1nh).<\/td>\n<\/tr>\n<\/tbody>\n<\/table>\n<div class=\"block font-16 font-italic mb-2\"><em>S\u1eefa m\u1eb9 l\u00e0 th\u1ee9c \u0103n t\u1ed1t nh\u1ea5t cho s\u1ee9c kh\u1ecfe v\u00e0 s\u1ef1 ph\u00e1t tri\u1ec3n to\u00e0n di\u1ec7n c\u1ee7a tr\u1ebb nh\u1ecf<\/em><\/div>\n<div id=\"product-description\" class=\"product-description has-more-content less-content table-responsive full-screen content-format \">\n<div class=\"addclassfont16\">\n<p dir=\"ltr\"><b>S\u1eefa Similac 5G s\u1ed1 3<\/b> l\u00e0 s\u1ea3n ph\u1ea9m dinh d\u01b0\u1ee1ng cho b\u00e9 t\u1eeb 1-2 tu\u1ed5i \u0111\u1ebfn t\u1eeb th\u01b0\u01a1ng hi\u1ec7u uy t\u00edn Abbott. S\u1ea3n ph\u1ea9m s\u1edf h\u1eefu h\u1ec7 d\u01b0\u1ee1ng ch\u1ea5t Prodi-GTM c\u00f9ng nhi\u1ec1u d\u01b0\u1ee1ng ch\u1ea5t c\u1ea7n thi\u1ebft\u00a0<span style=\"font-family: Montserrat, sans-serif\">kh\u00e1c \u0111\u1ec3 b\u00e9 ph\u00e1t tri\u1ec3n n\u00e3o b\u1ed9, t\u0103ng c\u01b0\u1eddng s\u1ee9c \u0111\u1ec1 kh\u00e1ng v\u00e0 c\u00f3 \u0111\u01b0\u1ee3c 1 h\u1ec7 ti\u00eau h\u00f3a kh\u1ecfe m\u1ea1nh.<\/span><\/p>\n<\/div>\n<\/div>\n<p><img loading=\"lazy\" decoding=\"async\" class=\"alignnone wp-image-5859 size-full\" src=\"https:\/\/suatuyetvoi.com\/muasam\/wp-content\/uploads\/2023\/03\/1666004158-thumb-con-cung-sml-3-1-7kg.jpg\" alt=\"\" width=\"1000\" height=\"1000\" srcset=\"https:\/\/suatuyetvoi.com\/muasam\/wp-content\/uploads\/2023\/03\/1666004158-thumb-con-cung-sml-3-1-7kg.jpg 1000w, https:\/\/suatuyetvoi.com\/muasam\/wp-content\/uploads\/2023\/03\/1666004158-thumb-con-cung-sml-3-1-7kg-400x400.jpg 400w, https:\/\/suatuyetvoi.com\/muasam\/wp-content\/uploads\/2023\/03\/1666004158-thumb-con-cung-sml-3-1-7kg-800x800.jpg 800w, https:\/\/suatuyetvoi.com\/muasam\/wp-content\/uploads\/2023\/03\/1666004158-thumb-con-cung-sml-3-1-7kg-280x280.jpg 280w, https:\/\/suatuyetvoi.com\/muasam\/wp-content\/uploads\/2023\/03\/1666004158-thumb-con-cung-sml-3-1-7kg-768x768.jpg 768w, https:\/\/suatuyetvoi.com\/muasam\/wp-content\/uploads\/2023\/03\/1666004158-thumb-con-cung-sml-3-1-7kg-300x300.jpg 300w, https:\/\/suatuyetvoi.com\/muasam\/wp-content\/uploads\/2023\/03\/1666004158-thumb-con-cung-sml-3-1-7kg-600x600.jpg 600w, https:\/\/suatuyetvoi.com\/muasam\/wp-content\/uploads\/2023\/03\/1666004158-thumb-con-cung-sml-3-1-7kg-100x100.jpg 100w\" sizes=\"auto, (max-width: 1000px) 100vw, 1000px\" \/><\/p>\n<h3>\u0110\u1eb7c \u0111i\u1ec3m n\u1ed5i b\u1eadt c\u1ee7a s\u1ea3n ph\u1ea9m<\/h3>\n<p dir=\"ltr\">S\u1eefa Similac 5G b\u1ed5 sung cho b\u00e9 h\u1ec7 d\u01b0\u1ee1ng ch\u1ea5t Prodi-G gi\u00fap b\u00e9 ph\u00e1t tri\u1ec3n kho\u1ebb m\u1ea1nh t\u1eeb nh\u1eefng ng\u00e0y th\u00e1ng \u0111\u1ea7u \u0111\u1eddi. C\u1ee5 th\u1ec3, s\u1ea3n ph\u1ea9m b\u1ed5 sung:<\/p>\n<p dir=\"ltr\"><span style=\"font-family: Helvetica\">. 5 HMOs, nucleotides v\u00e0 l\u1ee3i khu\u1ea9n BB-12: t\u0103ng c\u01b0\u1eddng s\u1ee9c \u0111\u1ec1 kh\u00e1ng v\u00e0 gi\u1ea3m nguy c\u01a1 nhi\u1ec5m khu\u1ea9n \u1edf tr\u1ebb;<\/span><\/p>\n<p dir=\"ltr\"><span style=\"font-family: Helvetica\">. Gangliosides, DHA, AA, luetin, Vitamin E,&#8230;: gi\u00fap tr\u1ebb ph\u00e1t tri\u1ec3n t\u1ed1t n\u00e3o b\u1ed9 v\u00e0 h\u1ed7 tr\u1ee3 ph\u00e1t tri\u1ec3n nh\u1eadn th\u1ee9c;\u00a0\u00a0<\/span><\/p>\n<p dir=\"ltr\"><span style=\"font-family: Helvetica\">. Probiotics (BB-12) v\u00e0 HMOs: gi\u00fap h\u1ec7 ti\u00eau ho\u00e1 kho\u1ebb m\u1ea1nh, h\u1ed7 tr\u1ee3 ti\u00eau ho\u00e1 t\u1ed1t.\u00a0<\/span><\/p>\n<p dir=\"ltr\"><span style=\"font-family: Helvetica\">Th\u00eam n\u1eefa, s\u1ea3n ph\u1ea9m ch\u1ee9a h\u1ec7 ch\u1ea5t b\u00e9o t\u1ed1t v\u00e0 kh\u00f4ng ch\u1ee9a d\u1ea7u c\u1ecd, gi\u00fap b\u00e9 h\u1ea5p thu canxi t\u1ed1t h\u01a1n v\u00e0 h\u1ea1n ch\u1ebf r\u1ed1i lo\u1ea1n ti\u00eau ho\u00e1.\u00a0<\/span><\/p>\n<p><img loading=\"lazy\" decoding=\"async\" class=\"alignnone wp-image-5838 size-full\" src=\"https:\/\/suatuyetvoi.com\/muasam\/wp-content\/uploads\/2023\/03\/1635735030-similac-3-01.jpg\" alt=\"\" width=\"1920\" height=\"2344\" srcset=\"https:\/\/suatuyetvoi.com\/muasam\/wp-content\/uploads\/2023\/03\/1635735030-similac-3-01.jpg 1920w, https:\/\/suatuyetvoi.com\/muasam\/wp-content\/uploads\/2023\/03\/1635735030-similac-3-01-328x400.jpg 328w, https:\/\/suatuyetvoi.com\/muasam\/wp-content\/uploads\/2023\/03\/1635735030-similac-3-01-655x800.jpg 655w, https:\/\/suatuyetvoi.com\/muasam\/wp-content\/uploads\/2023\/03\/1635735030-similac-3-01-768x938.jpg 768w, https:\/\/suatuyetvoi.com\/muasam\/wp-content\/uploads\/2023\/03\/1635735030-similac-3-01-1258x1536.jpg 1258w, https:\/\/suatuyetvoi.com\/muasam\/wp-content\/uploads\/2023\/03\/1635735030-similac-3-01-1678x2048.jpg 1678w, https:\/\/suatuyetvoi.com\/muasam\/wp-content\/uploads\/2023\/03\/1635735030-similac-3-01-600x733.jpg 600w\" sizes=\"auto, (max-width: 1920px) 100vw, 1920px\" \/><\/p>\n<p dir=\"ltr\"><b>T\u1ef7 l\u1ec7 pha g\u1ee3i \u00fd<\/b><\/p>\n<p dir=\"ltr\">. Ba m\u1eb9 pha 3 mu\u1ed7ng b\u1ed9t v\u1edbi 180ml n\u01b0\u1edbc \u0111un s\u00f4i \u0111\u1ec3 ngu\u1ed9i.<\/p>\n<p dir=\"ltr\">.\u00a0N\u00ean cho b\u00e9 u\u1ed1ng 3 l\u1ea7n\/ ng\u00e0y ho\u1eb7c tu\u1ef3 theo nhu c\u1ea7u dinh d\u01b0\u1ee1ng c\u1ee7a t\u1eebng tr\u1ebb.<\/p>\n<p dir=\"ltr\"><b>Th\u00e0nh ph\u1ea7n<\/b><\/p>\n<p dir=\"ltr\">S\u1eefa kh\u00f4ng b\u00e9o, lactose, d\u1ea7u th\u1ef1c v\u1eadt (ch\u1ee9a: d\u1ea7u h\u01b0\u1edbng d\u01b0\u01a1ng gi\u00e0u oleic, d\u1ea7u \u0111\u1eadu n\u00e0nh, d\u1ea7u d\u1eeba), b\u1ed9t b\u01a1 s\u1eefa, kho\u00e1ng ch\u1ea5t (canxi carbonat, kali citrat, natri clorid, tricanxi phosphat, magi\u00ea clorid, kali hydroxid, s\u1eaft sulfat, k\u1ebdm sulfat, mangan sulfat, canxi clorid, \u0111\u1ed3ng sulfat, natri selenat, kali iodid), 5 HMOs (2\u2019-fucosyllactose, lacto-N-tetraose, 3-fucosyllactose, 6\u2019-sialyllactose, 3\u2019-sialyllactose), Vitamin (acid ascorbic, niacinamid, RRR-\u03b1-tocopheryl acetat\u25ca, canxi d-pantothenat, retinyl palmitat, thiamin hydroclorid, pyridoxin hydroclorid, riboflavin, acid folic, phylloquinon, d-biotin, cholecalciferol, cyanocobalamin), ch\u1ea5t nh\u0169 h\u00f3a lecithin \u0111\u1eadu n\u00e0nh, myo-inositol, acid docosahexaenoic (DHA), h\u01b0\u01a1ng vani t\u1ed5ng h\u1ee3p, cholin clorid, taurin, cholin bitartrat, Bifidobacterium lactis BB-12*, acid arachidonic (AA), ascorbyl palmitat, NUCLEOTIDES (cytidin 5&#8242;-monophosphat, dinatri uridin 5&#8242;-monophosphat, adenosin 5&#8242;-monophosphat, dinatri guanosin 5&#8242;-monophosphat), h\u1ed7n h\u1ee3p tocopherol, CAROTENOID (lutein, \u03b2-caroten).<\/p>\n<p dir=\"ltr\">*Vitamin E t\u1ef1 nhi\u00ean.<\/p>\n<p dir=\"ltr\">*BB-12: th\u01b0\u01a1ng hi\u1ec7u c\u1ee7a Chr. Hansen.<\/p>\n","protected":false},"excerpt":{"rendered":"<p>H\u1ec7 d\u01b0\u1ee1ng ch\u1ea5t IQ Plus ph\u00e1t tri\u1ec3n n\u00e3o b\u1ed9<br \/>\nT\u0103ng c\u01b0\u1eddng \u0111\u1ec1 kh\u00e1ng v\u00e0 ti\u00eau h\u00f3a kh\u1ecfe m\u1ea1nh<br \/>\nGi\u00fap h\u1ea5p thu Canxi t\u1ed1t<\/p>\n","protected":false},"featured_media":5860,"comment_status":"open","ping_status":"closed","template":"","meta":[],"product_cat":[231],"product_tag":[573,574,578,542,556,529,563,538],"class_list":["post-5858","product","type-product","status-publish","has-post-thumbnail","hentry","product_cat-sua-bot","product_tag-ho-tro-giup-phat-trien-nao-bo","product_tag-ho-tro-tang-suc-de-khang","product_tag-ho-tro-tieu-hoa","product_tag-phat-trien-tri-nao","product_tag-tang-cuong-he-mien-dich","product_tag-tang-cuong-mien-dich","product_tag-tri-nao","product_tag-tu-1-2-tuoi","berocket_brand-abbott"],"yoast_head":"<!-- This site is optimized with the Yoast SEO plugin v27.6 - https:\/\/yoast.com\/product\/yoast-seo-wordpress\/ -->\n<title>S\u1eefa Similac 5G s\u1ed1 3 1,7kg (1-2 tu\u1ed5i) - \u0110ang Khuy\u1ebfn m\u00e3i<\/title>\n<meta name=\"description\" content=\"S\u1eefa Similac 5G s\u1ed1 3 l\u00e0 s\u1ea3n ph\u1ea9m dinh d\u01b0\u1ee1ng cho b\u00e9 t\u1eeb 1-2 tu\u1ed5i \u0111\u1ebfn t\u1eeb th\u01b0\u01a1ng hi\u1ec7u uy t\u00edn Abbott. S\u1ea3n ph\u1ea9m s\u1edf h\u1eefu h\u1ec7 d\u01b0\u1ee1ng ch\u1ea5t Prodi-GTM c\u00f9ng nhi\u1ec1u d\u01b0\u1ee1ng ch\u1ea5t c\u1ea7n thi\u1ebft\u00a0kh\u00e1c \u0111\u1ec3 b\u00e9 ph\u00e1t tri\u1ec3n n\u00e3o b\u1ed9, t\u0103ng c\u01b0\u1eddng s\u1ee9c \u0111\u1ec1 kh\u00e1ng v\u00e0 c\u00f3 \u0111\u01b0\u1ee3c 1 h\u1ec7 ti\u00eau h\u00f3a kh\u1ecfe m\u1ea1nh.\" \/>\n<meta name=\"robots\" content=\"index, follow, max-snippet:-1, max-image-preview:large, max-video-preview:-1\" \/>\n<link rel=\"canonical\" href=\"https:\/\/suatuyetvoi.com\/muasam\/san-pham\/sua-similac-5g-so-3-17kg-1-2-tuoi\/\" \/>\n<meta property=\"og:locale\" content=\"vi_VN\" \/>\n<meta property=\"og:type\" content=\"article\" \/>\n<meta property=\"og:title\" content=\"S\u1eefa Similac 5G s\u1ed1 3 1,7kg (1-2 tu\u1ed5i) - \u0110ang Khuy\u1ebfn m\u00e3i\" \/>\n<meta property=\"og:description\" content=\"S\u1eefa Similac 5G s\u1ed1 3 l\u00e0 s\u1ea3n ph\u1ea9m dinh d\u01b0\u1ee1ng cho b\u00e9 t\u1eeb 1-2 tu\u1ed5i \u0111\u1ebfn t\u1eeb th\u01b0\u01a1ng hi\u1ec7u uy t\u00edn Abbott. S\u1ea3n ph\u1ea9m s\u1edf h\u1eefu h\u1ec7 d\u01b0\u1ee1ng ch\u1ea5t Prodi-GTM c\u00f9ng nhi\u1ec1u d\u01b0\u1ee1ng ch\u1ea5t c\u1ea7n thi\u1ebft\u00a0kh\u00e1c \u0111\u1ec3 b\u00e9 ph\u00e1t tri\u1ec3n n\u00e3o b\u1ed9, t\u0103ng c\u01b0\u1eddng s\u1ee9c \u0111\u1ec1 kh\u00e1ng v\u00e0 c\u00f3 \u0111\u01b0\u1ee3c 1 h\u1ec7 ti\u00eau h\u00f3a kh\u1ecfe m\u1ea1nh.\" \/>\n<meta property=\"og:url\" content=\"https:\/\/suatuyetvoi.com\/muasam\/san-pham\/sua-similac-5g-so-3-17kg-1-2-tuoi\/\" \/>\n<meta property=\"og:site_name\" content=\"S\u1eefa Tuy\u1ec7t V\u1eddi\" \/>\n<meta property=\"article:modified_time\" content=\"2023-03-21T11:22:30+00:00\" \/>\n<meta property=\"og:image\" content=\"https:\/\/suatuyetvoi.com\/muasam\/wp-content\/uploads\/2023\/03\/abbott-1-4.png\" \/>\n\t<meta property=\"og:image:width\" content=\"1080\" \/>\n\t<meta property=\"og:image:height\" content=\"1080\" \/>\n\t<meta property=\"og:image:type\" content=\"image\/png\" \/>\n<meta name=\"twitter:card\" content=\"summary_large_image\" \/>\n<meta name=\"twitter:title\" content=\"S\u1eefa Similac 5G s\u1ed1 3 1,7kg (1-2 tu\u1ed5i) - \u0110ang Khuy\u1ebfn m\u00e3i\" \/>\n<meta name=\"twitter:description\" content=\"S\u1eefa Similac 5G s\u1ed1 3 l\u00e0 s\u1ea3n ph\u1ea9m dinh d\u01b0\u1ee1ng cho b\u00e9 t\u1eeb 1-2 tu\u1ed5i \u0111\u1ebfn t\u1eeb th\u01b0\u01a1ng hi\u1ec7u uy t\u00edn Abbott. S\u1ea3n ph\u1ea9m s\u1edf h\u1eefu h\u1ec7 d\u01b0\u1ee1ng ch\u1ea5t Prodi-GTM c\u00f9ng nhi\u1ec1u d\u01b0\u1ee1ng ch\u1ea5t c\u1ea7n thi\u1ebft\u00a0kh\u00e1c \u0111\u1ec3 b\u00e9 ph\u00e1t tri\u1ec3n n\u00e3o b\u1ed9, t\u0103ng c\u01b0\u1eddng s\u1ee9c \u0111\u1ec1 kh\u00e1ng v\u00e0 c\u00f3 \u0111\u01b0\u1ee3c 1 h\u1ec7 ti\u00eau h\u00f3a kh\u1ecfe m\u1ea1nh.\" \/>\n<meta name=\"twitter:label1\" content=\"\u01af\u1edbc t\u00ednh th\u1eddi gian \u0111\u1ecdc\" \/>\n\t<meta name=\"twitter:data1\" content=\"4 ph\u00fat\" \/>\n<script type=\"application\/ld+json\" class=\"yoast-schema-graph\">{\"@context\":\"https:\\\/\\\/schema.org\",\"@graph\":[{\"@type\":\"WebPage\",\"@id\":\"https:\\\/\\\/suatuyetvoi.com\\\/muasam\\\/san-pham\\\/sua-similac-5g-so-3-17kg-1-2-tuoi\\\/\",\"url\":\"https:\\\/\\\/suatuyetvoi.com\\\/muasam\\\/san-pham\\\/sua-similac-5g-so-3-17kg-1-2-tuoi\\\/\",\"name\":\"S\u1eefa Similac 5G s\u1ed1 3 1,7kg (1-2 tu\u1ed5i) - \u0110ang Khuy\u1ebfn m\u00e3i\",\"isPartOf\":{\"@id\":\"https:\\\/\\\/suatuyetvoi.com\\\/muasam\\\/#website\"},\"primaryImageOfPage\":{\"@id\":\"https:\\\/\\\/suatuyetvoi.com\\\/muasam\\\/san-pham\\\/sua-similac-5g-so-3-17kg-1-2-tuoi\\\/#primaryimage\"},\"image\":{\"@id\":\"https:\\\/\\\/suatuyetvoi.com\\\/muasam\\\/san-pham\\\/sua-similac-5g-so-3-17kg-1-2-tuoi\\\/#primaryimage\"},\"thumbnailUrl\":\"https:\\\/\\\/suatuyetvoi.com\\\/muasam\\\/wp-content\\\/uploads\\\/2023\\\/03\\\/abbott-1-4.png\",\"datePublished\":\"2023-03-21T11:15:49+00:00\",\"dateModified\":\"2023-03-21T11:22:30+00:00\",\"description\":\"S\u1eefa Similac 5G s\u1ed1 3 l\u00e0 s\u1ea3n ph\u1ea9m dinh d\u01b0\u1ee1ng cho b\u00e9 t\u1eeb 1-2 tu\u1ed5i \u0111\u1ebfn t\u1eeb th\u01b0\u01a1ng hi\u1ec7u uy t\u00edn Abbott. S\u1ea3n ph\u1ea9m s\u1edf h\u1eefu h\u1ec7 d\u01b0\u1ee1ng ch\u1ea5t Prodi-GTM c\u00f9ng nhi\u1ec1u d\u01b0\u1ee1ng ch\u1ea5t c\u1ea7n thi\u1ebft\u00a0kh\u00e1c \u0111\u1ec3 b\u00e9 ph\u00e1t tri\u1ec3n n\u00e3o b\u1ed9, t\u0103ng c\u01b0\u1eddng s\u1ee9c \u0111\u1ec1 kh\u00e1ng v\u00e0 c\u00f3 \u0111\u01b0\u1ee3c 1 h\u1ec7 ti\u00eau h\u00f3a kh\u1ecfe m\u1ea1nh.\",\"breadcrumb\":{\"@id\":\"https:\\\/\\\/suatuyetvoi.com\\\/muasam\\\/san-pham\\\/sua-similac-5g-so-3-17kg-1-2-tuoi\\\/#breadcrumb\"},\"inLanguage\":\"vi\",\"potentialAction\":[{\"@type\":\"ReadAction\",\"target\":[\"https:\\\/\\\/suatuyetvoi.com\\\/muasam\\\/san-pham\\\/sua-similac-5g-so-3-17kg-1-2-tuoi\\\/\"]}]},{\"@type\":\"ImageObject\",\"inLanguage\":\"vi\",\"@id\":\"https:\\\/\\\/suatuyetvoi.com\\\/muasam\\\/san-pham\\\/sua-similac-5g-so-3-17kg-1-2-tuoi\\\/#primaryimage\",\"url\":\"https:\\\/\\\/suatuyetvoi.com\\\/muasam\\\/wp-content\\\/uploads\\\/2023\\\/03\\\/abbott-1-4.png\",\"contentUrl\":\"https:\\\/\\\/suatuyetvoi.com\\\/muasam\\\/wp-content\\\/uploads\\\/2023\\\/03\\\/abbott-1-4.png\",\"width\":1080,\"height\":1080},{\"@type\":\"BreadcrumbList\",\"@id\":\"https:\\\/\\\/suatuyetvoi.com\\\/muasam\\\/san-pham\\\/sua-similac-5g-so-3-17kg-1-2-tuoi\\\/#breadcrumb\",\"itemListElement\":[{\"@type\":\"ListItem\",\"position\":1,\"name\":\"Home\",\"item\":\"https:\\\/\\\/suatuyetvoi.com\\\/muasam\\\/\"},{\"@type\":\"ListItem\",\"position\":2,\"name\":\"Shop\",\"item\":\"https:\\\/\\\/suatuyetvoi.com\\\/muasam\\\/shop\\\/\"},{\"@type\":\"ListItem\",\"position\":3,\"name\":\"S\u1eefa Similac 5G s\u1ed1 3 1,7kg (1-2 tu\u1ed5i)\"}]},{\"@type\":\"WebSite\",\"@id\":\"https:\\\/\\\/suatuyetvoi.com\\\/muasam\\\/#website\",\"url\":\"https:\\\/\\\/suatuyetvoi.com\\\/muasam\\\/\",\"name\":\"S\u1eefa Tuy\u1ec7t V\u1eddi\",\"description\":\"S\u1eefa Tuy\u1ec7t V\u1eddi Vi\u1ec7t Nam\",\"potentialAction\":[{\"@type\":\"SearchAction\",\"target\":{\"@type\":\"EntryPoint\",\"urlTemplate\":\"https:\\\/\\\/suatuyetvoi.com\\\/muasam\\\/?s={search_term_string}\"},\"query-input\":{\"@type\":\"PropertyValueSpecification\",\"valueRequired\":true,\"valueName\":\"search_term_string\"}}],\"inLanguage\":\"vi\"}]}<\/script>\n<!-- \/ Yoast SEO plugin. -->","yoast_head_json":{"title":"S\u1eefa Similac 5G s\u1ed1 3 1,7kg (1-2 tu\u1ed5i) - \u0110ang Khuy\u1ebfn m\u00e3i","description":"S\u1eefa Similac 5G s\u1ed1 3 l\u00e0 s\u1ea3n ph\u1ea9m dinh d\u01b0\u1ee1ng cho b\u00e9 t\u1eeb 1-2 tu\u1ed5i \u0111\u1ebfn t\u1eeb th\u01b0\u01a1ng hi\u1ec7u uy t\u00edn Abbott. S\u1ea3n ph\u1ea9m s\u1edf h\u1eefu h\u1ec7 d\u01b0\u1ee1ng ch\u1ea5t Prodi-GTM c\u00f9ng nhi\u1ec1u d\u01b0\u1ee1ng ch\u1ea5t c\u1ea7n thi\u1ebft\u00a0kh\u00e1c \u0111\u1ec3 b\u00e9 ph\u00e1t tri\u1ec3n n\u00e3o b\u1ed9, t\u0103ng c\u01b0\u1eddng s\u1ee9c \u0111\u1ec1 kh\u00e1ng v\u00e0 c\u00f3 \u0111\u01b0\u1ee3c 1 h\u1ec7 ti\u00eau h\u00f3a kh\u1ecfe m\u1ea1nh.","robots":{"index":"index","follow":"follow","max-snippet":"max-snippet:-1","max-image-preview":"max-image-preview:large","max-video-preview":"max-video-preview:-1"},"canonical":"https:\/\/suatuyetvoi.com\/muasam\/san-pham\/sua-similac-5g-so-3-17kg-1-2-tuoi\/","og_locale":"vi_VN","og_type":"article","og_title":"S\u1eefa Similac 5G s\u1ed1 3 1,7kg (1-2 tu\u1ed5i) - \u0110ang Khuy\u1ebfn m\u00e3i","og_description":"S\u1eefa Similac 5G s\u1ed1 3 l\u00e0 s\u1ea3n ph\u1ea9m dinh d\u01b0\u1ee1ng cho b\u00e9 t\u1eeb 1-2 tu\u1ed5i \u0111\u1ebfn t\u1eeb th\u01b0\u01a1ng hi\u1ec7u uy t\u00edn Abbott. S\u1ea3n ph\u1ea9m s\u1edf h\u1eefu h\u1ec7 d\u01b0\u1ee1ng ch\u1ea5t Prodi-GTM c\u00f9ng nhi\u1ec1u d\u01b0\u1ee1ng ch\u1ea5t c\u1ea7n thi\u1ebft\u00a0kh\u00e1c \u0111\u1ec3 b\u00e9 ph\u00e1t tri\u1ec3n n\u00e3o b\u1ed9, t\u0103ng c\u01b0\u1eddng s\u1ee9c \u0111\u1ec1 kh\u00e1ng v\u00e0 c\u00f3 \u0111\u01b0\u1ee3c 1 h\u1ec7 ti\u00eau h\u00f3a kh\u1ecfe m\u1ea1nh.","og_url":"https:\/\/suatuyetvoi.com\/muasam\/san-pham\/sua-similac-5g-so-3-17kg-1-2-tuoi\/","og_site_name":"S\u1eefa Tuy\u1ec7t V\u1eddi","article_modified_time":"2023-03-21T11:22:30+00:00","og_image":[{"width":1080,"height":1080,"url":"https:\/\/suatuyetvoi.com\/muasam\/wp-content\/uploads\/2023\/03\/abbott-1-4.png","type":"image\/png"}],"twitter_card":"summary_large_image","twitter_title":"S\u1eefa Similac 5G s\u1ed1 3 1,7kg (1-2 tu\u1ed5i) - \u0110ang Khuy\u1ebfn m\u00e3i","twitter_description":"S\u1eefa Similac 5G s\u1ed1 3 l\u00e0 s\u1ea3n ph\u1ea9m dinh d\u01b0\u1ee1ng cho b\u00e9 t\u1eeb 1-2 tu\u1ed5i \u0111\u1ebfn t\u1eeb th\u01b0\u01a1ng hi\u1ec7u uy t\u00edn Abbott. S\u1ea3n ph\u1ea9m s\u1edf h\u1eefu h\u1ec7 d\u01b0\u1ee1ng ch\u1ea5t Prodi-GTM c\u00f9ng nhi\u1ec1u d\u01b0\u1ee1ng ch\u1ea5t c\u1ea7n thi\u1ebft\u00a0kh\u00e1c \u0111\u1ec3 b\u00e9 ph\u00e1t tri\u1ec3n n\u00e3o b\u1ed9, t\u0103ng c\u01b0\u1eddng s\u1ee9c \u0111\u1ec1 kh\u00e1ng v\u00e0 c\u00f3 \u0111\u01b0\u1ee3c 1 h\u1ec7 ti\u00eau h\u00f3a kh\u1ecfe m\u1ea1nh.","twitter_misc":{"\u01af\u1edbc t\u00ednh th\u1eddi gian \u0111\u1ecdc":"4 ph\u00fat"},"schema":{"@context":"https:\/\/schema.org","@graph":[{"@type":"WebPage","@id":"https:\/\/suatuyetvoi.com\/muasam\/san-pham\/sua-similac-5g-so-3-17kg-1-2-tuoi\/","url":"https:\/\/suatuyetvoi.com\/muasam\/san-pham\/sua-similac-5g-so-3-17kg-1-2-tuoi\/","name":"S\u1eefa Similac 5G s\u1ed1 3 1,7kg (1-2 tu\u1ed5i) - \u0110ang Khuy\u1ebfn m\u00e3i","isPartOf":{"@id":"https:\/\/suatuyetvoi.com\/muasam\/#website"},"primaryImageOfPage":{"@id":"https:\/\/suatuyetvoi.com\/muasam\/san-pham\/sua-similac-5g-so-3-17kg-1-2-tuoi\/#primaryimage"},"image":{"@id":"https:\/\/suatuyetvoi.com\/muasam\/san-pham\/sua-similac-5g-so-3-17kg-1-2-tuoi\/#primaryimage"},"thumbnailUrl":"https:\/\/suatuyetvoi.com\/muasam\/wp-content\/uploads\/2023\/03\/abbott-1-4.png","datePublished":"2023-03-21T11:15:49+00:00","dateModified":"2023-03-21T11:22:30+00:00","description":"S\u1eefa Similac 5G s\u1ed1 3 l\u00e0 s\u1ea3n ph\u1ea9m dinh d\u01b0\u1ee1ng cho b\u00e9 t\u1eeb 1-2 tu\u1ed5i \u0111\u1ebfn t\u1eeb th\u01b0\u01a1ng hi\u1ec7u uy t\u00edn Abbott. S\u1ea3n ph\u1ea9m s\u1edf h\u1eefu h\u1ec7 d\u01b0\u1ee1ng ch\u1ea5t Prodi-GTM c\u00f9ng nhi\u1ec1u d\u01b0\u1ee1ng ch\u1ea5t c\u1ea7n thi\u1ebft\u00a0kh\u00e1c \u0111\u1ec3 b\u00e9 ph\u00e1t tri\u1ec3n n\u00e3o b\u1ed9, t\u0103ng c\u01b0\u1eddng s\u1ee9c \u0111\u1ec1 kh\u00e1ng v\u00e0 c\u00f3 \u0111\u01b0\u1ee3c 1 h\u1ec7 ti\u00eau h\u00f3a kh\u1ecfe m\u1ea1nh.","breadcrumb":{"@id":"https:\/\/suatuyetvoi.com\/muasam\/san-pham\/sua-similac-5g-so-3-17kg-1-2-tuoi\/#breadcrumb"},"inLanguage":"vi","potentialAction":[{"@type":"ReadAction","target":["https:\/\/suatuyetvoi.com\/muasam\/san-pham\/sua-similac-5g-so-3-17kg-1-2-tuoi\/"]}]},{"@type":"ImageObject","inLanguage":"vi","@id":"https:\/\/suatuyetvoi.com\/muasam\/san-pham\/sua-similac-5g-so-3-17kg-1-2-tuoi\/#primaryimage","url":"https:\/\/suatuyetvoi.com\/muasam\/wp-content\/uploads\/2023\/03\/abbott-1-4.png","contentUrl":"https:\/\/suatuyetvoi.com\/muasam\/wp-content\/uploads\/2023\/03\/abbott-1-4.png","width":1080,"height":1080},{"@type":"BreadcrumbList","@id":"https:\/\/suatuyetvoi.com\/muasam\/san-pham\/sua-similac-5g-so-3-17kg-1-2-tuoi\/#breadcrumb","itemListElement":[{"@type":"ListItem","position":1,"name":"Home","item":"https:\/\/suatuyetvoi.com\/muasam\/"},{"@type":"ListItem","position":2,"name":"Shop","item":"https:\/\/suatuyetvoi.com\/muasam\/shop\/"},{"@type":"ListItem","position":3,"name":"S\u1eefa Similac 5G s\u1ed1 3 1,7kg (1-2 tu\u1ed5i)"}]},{"@type":"WebSite","@id":"https:\/\/suatuyetvoi.com\/muasam\/#website","url":"https:\/\/suatuyetvoi.com\/muasam\/","name":"S\u1eefa Tuy\u1ec7t V\u1eddi","description":"S\u1eefa Tuy\u1ec7t V\u1eddi Vi\u1ec7t Nam","potentialAction":[{"@type":"SearchAction","target":{"@type":"EntryPoint","urlTemplate":"https:\/\/suatuyetvoi.com\/muasam\/?s={search_term_string}"},"query-input":{"@type":"PropertyValueSpecification","valueRequired":true,"valueName":"search_term_string"}}],"inLanguage":"vi"}]}},"_links":{"self":[{"href":"https:\/\/suatuyetvoi.com\/muasam\/wp-json\/wp\/v2\/product\/5858","targetHints":{"allow":["GET"]}}],"collection":[{"href":"https:\/\/suatuyetvoi.com\/muasam\/wp-json\/wp\/v2\/product"}],"about":[{"href":"https:\/\/suatuyetvoi.com\/muasam\/wp-json\/wp\/v2\/types\/product"}],"replies":[{"embeddable":true,"href":"https:\/\/suatuyetvoi.com\/muasam\/wp-json\/wp\/v2\/comments?post=5858"}],"wp:featuredmedia":[{"embeddable":true,"href":"https:\/\/suatuyetvoi.com\/muasam\/wp-json\/wp\/v2\/media\/5860"}],"wp:attachment":[{"href":"https:\/\/suatuyetvoi.com\/muasam\/wp-json\/wp\/v2\/media?parent=5858"}],"wp:term":[{"taxonomy":"product_cat","embeddable":true,"href":"https:\/\/suatuyetvoi.com\/muasam\/wp-json\/wp\/v2\/product_cat?post=5858"},{"taxonomy":"product_tag","embeddable":true,"href":"https:\/\/suatuyetvoi.com\/muasam\/wp-json\/wp\/v2\/product_tag?post=5858"}],"curies":[{"name":"wp","href":"https:\/\/api.w.org\/{rel}","templated":true}]}}