{"id":5820,"date":"2023-03-21T17:11:09","date_gmt":"2023-03-21T10:11:09","guid":{"rendered":"https:\/\/suatuyetvoi.com\/muasam\/?post_type=product&#038;p=5820"},"modified":"2023-03-21T17:23:44","modified_gmt":"2023-03-21T10:23:44","slug":"sua-similac-5g-so-1-900g-0-6-thang","status":"publish","type":"product","link":"https:\/\/suatuyetvoi.com\/muasam\/san-pham\/sua-similac-5g-so-1-900g-0-6-thang\/","title":{"rendered":"S\u1eefa Similac 5G s\u1ed1 1 900g (0-6 th\u00e1ng)"},"content":{"rendered":"<h3>Th\u00f4ng tin chi ti\u1ebft<\/h3>\n<div class=\"block font-16 font-italic mb-2\">\n<table class=\"table table-bordered table-striped p_bottom_0\">\n<tbody>\n<tr>\n<td>T\u00ean s\u1ea3n ph\u1ea9m<\/td>\n<td>S\u1eefa Similac 5G s\u1ed1 1 900g<\/td>\n<\/tr>\n<tr>\n<td>Th\u01b0\u01a1ng hi\u1ec7u<\/td>\n<td>Abbott<\/td>\n<\/tr>\n<tr>\n<td>Xu\u1ea5t x\u1ee9 th\u01b0\u01a1ng hi\u1ec7u<\/td>\n<td>Hoa K\u1ef3<\/td>\n<\/tr>\n<tr>\n<td>S\u1ea3n xu\u1ea5t t\u1ea1i<\/td>\n<td>Ireland<\/td>\n<\/tr>\n<tr>\n<td>Tr\u1ecdng l\u01b0\u1ee3ng s\u1ea3n ph\u1ea9m<\/td>\n<td>0.9<\/td>\n<\/tr>\n<tr>\n<td>C\u1ea3nh b\u00e1o<\/td>\n<td>Kh\u00f4ng s\u1eed d\u1ee5ng l\u00f2 vi s\u00f3ng \u0111\u1ec3 pha hay h\u00e2m n\u00f3ng v\u00ec c\u00f3 th\u1ec3 g\u00e2y b\u1ecfng.<\/td>\n<\/tr>\n<tr>\n<td>H\u01b0\u1edbng d\u1eabn s\u1eed d\u1ee5ng<\/td>\n<td>R\u1eeda s\u1ea1ch t\u1ea5t c\u1ea3 d\u1ee5ng c\u1ee5 pha, c\u1ed1c, th\u00eca b\u1eb1ng x\u00e0 ph\u00f2ng.<br \/>\nR\u1eeda l\u1ea1i v\u1edbi v\u00f2ng n\u01b0\u1edbc ch\u1ea3y v\u00e0 \u0111un s\u00f4i trong 5 ph\u00fat.<br \/>\nChu\u1ea9n b\u1ecb s\u1ea1ch s\u1ebd n\u01a1i pha.<br \/>\n\u0110un s\u00f4i n\u01b0\u1edbc b\u1eb1ng n\u1ed3i ri\u00eang r\u1ed3i \u0111\u1ec3 ngu\u1ed9i.<br \/>\nCho ch\u00ednh x\u00e1c l\u01b0\u1ee3ng n\u01b0\u1edbc \u1ea5m c\u1ea7n d\u00f9ng v\u00e0o c\u1ed1c \u0111\u00e3 \u0111\u01b0\u1ee3c ti\u1ec7t tr\u00f9ng.<br \/>\nL\u01b0\u1eddng b\u1eb1ng mu\u1ed7ng c\u00f3 s\u1eb5n trong h\u1ed9p, d\u00f9ng dao s\u1ea1ch g\u1ea1t ngang.<br \/>\nM\u1ed7i mu\u1ed7ng Similac 1 pha v\u1edbi 60ml n\u01b0\u1edbc \u1ea5m.<br \/>\nKhu\u1ea5y cho tan ho\u00e0n to\u00e0n.<br \/>\nTh\u1eed nhi\u1ec7t \u0111\u1ed9 r\u1ed3i cho b\u00e9 s\u1eed d\u1ee5ng<br \/>\n.\u0110\u1ed5 b\u1ecf ph\u1ea7n c\u00f2n l\u1ea1i n\u1ebfu b\u00e9 d\u00f9ng k\u00e9o d\u00e0i 1 gi\u1edd.<\/td>\n<\/tr>\n<tr>\n<td>H\u01b0\u1edbng d\u1eabn b\u1ea3o qu\u1ea3n<\/td>\n<td>B\u1ea3o qu\u1ea3n h\u1ed9p ch\u01b0a m\u1edf n\u1eafp \u1edf nhi\u1ec7t \u0111\u1ed9 ph\u00f2ng.<br \/>\nH\u1ed9p \u0111\u00e3 m\u1edf n\u1eafp n\u00ean s\u1eed d\u1ee5ng trong v\u00f2ng 3 tu\u1ea7n.<br \/>\n\u0110\u1eady n\u1eafp v\u00e0o b\u1ea3o qu\u1ea3n n\u01a1i kh\u00f4 m\u00e1t (kh\u00f4ng c\u1ea5t trong t\u1ee7 l\u1ea1nh).<\/td>\n<\/tr>\n<\/tbody>\n<\/table>\n<p><em>S\u1eefa m\u1eb9 l\u00e0 th\u1ee9c \u0103n t\u1ed1t nh\u1ea5t cho s\u1ee9c kh\u1ecfe v\u00e0 s\u1ef1 ph\u00e1t tri\u1ec3n to\u00e0n di\u1ec7n c\u1ee7a tr\u1ebb nh\u1ecf<\/em><\/div>\n<div id=\"product-description\" class=\"product-description has-more-content less-content table-responsive full-screen content-format \">\n<div class=\"addclassfont16\">\n<p dir=\"ltr\"><b>S\u1eefa Similac 5G s\u1ed1 1<\/b>\u00a0l\u00e0 s\u1ea3n ph\u1ea9m dinh d\u01b0\u1ee1ng cho b\u00e9 t\u1eeb 0-6 th\u00e1ng tu\u1ed5i \u0111\u1ebfn t\u1eeb th\u01b0\u01a1ng hi\u1ec7u uy t\u00edn Abbott. S\u1ea3n ph\u1ea9m s\u1ee1 h\u1eefu h\u1ec7 d\u01b0\u1ee1ng ch\u1ea5t Prodi-GTM c\u00f9ng nhi\u1ec1u d\u01b0\u1ee1ng ch\u1ea5t c\u1ea7n thi\u1ebft \u0111\u1ec3 b\u00e9 ph\u00e1t tri\u1ec3n n\u00e3o b\u1ed9, t\u0103ng c\u01b0\u1eddng s\u1ee9c \u0111\u1ec1 kh\u00e1ng, s\u1ee1 h\u1eefu h\u1ec7 ti\u00eau h\u00f3a kh\u1ecfe m\u1ea1nh.<\/p>\n<\/div>\n<\/div>\n<p><img loading=\"lazy\" decoding=\"async\" class=\"alignnone wp-image-5821 size-full\" src=\"https:\/\/suatuyetvoi.com\/muasam\/wp-content\/uploads\/2023\/03\/SML-thumbnail-1.png\" alt=\"\" width=\"1600\" height=\"1600\" srcset=\"https:\/\/suatuyetvoi.com\/muasam\/wp-content\/uploads\/2023\/03\/SML-thumbnail-1.png 1600w, https:\/\/suatuyetvoi.com\/muasam\/wp-content\/uploads\/2023\/03\/SML-thumbnail-1-400x400.png 400w, https:\/\/suatuyetvoi.com\/muasam\/wp-content\/uploads\/2023\/03\/SML-thumbnail-1-800x800.png 800w, https:\/\/suatuyetvoi.com\/muasam\/wp-content\/uploads\/2023\/03\/SML-thumbnail-1-280x280.png 280w, https:\/\/suatuyetvoi.com\/muasam\/wp-content\/uploads\/2023\/03\/SML-thumbnail-1-768x768.png 768w, https:\/\/suatuyetvoi.com\/muasam\/wp-content\/uploads\/2023\/03\/SML-thumbnail-1-1536x1536.png 1536w, https:\/\/suatuyetvoi.com\/muasam\/wp-content\/uploads\/2023\/03\/SML-thumbnail-1-300x300.png 300w, https:\/\/suatuyetvoi.com\/muasam\/wp-content\/uploads\/2023\/03\/SML-thumbnail-1-600x600.png 600w, https:\/\/suatuyetvoi.com\/muasam\/wp-content\/uploads\/2023\/03\/SML-thumbnail-1-100x100.png 100w\" sizes=\"auto, (max-width: 1600px) 100vw, 1600px\" \/><\/p>\n<h3>\u0110\u1eb7c \u0111i\u1ec3m n\u1ed5i b\u1eadt c\u1ee7a s\u1ea3n ph\u1ea9m<\/h3>\n<p dir=\"ltr\">S\u1eefa Similac 5G b\u1ed5 sung cho b\u00e9 h\u1ec7 d\u01b0\u1ee1ng ch\u1ea5t Prodi-G gi\u00fap b\u00e9 ph\u00e1t tri\u1ec3n kho\u1ebb m\u1ea1nh t\u1eeb nh\u1eefng ng\u00e0y th\u00e1ng \u0111\u1ea7u \u0111\u1eddi. C\u1ee5 th\u1ec3, s\u1ea3n ph\u1ea9m b\u1ed5 sung:<\/p>\n<p dir=\"ltr\"><span style=\"font-family: Helvetica\">. 5 HMOs, nucleotides v\u00e0 l\u1ee3i khu\u1ea9n BB-12: t\u0103ng c\u01b0\u1eddng s\u1ee9c \u0111\u1ec1 kh\u00e1ng v\u00e0 gi\u1ea3m nguy c\u01a1 nhi\u1ec5m khu\u1ea9n \u1edf tr\u1ebb;<\/span><\/p>\n<p dir=\"ltr\"><span style=\"font-family: Helvetica\">. Gangliosides, DHA, AA, luetin, Vitamin E,&#8230;: gi\u00fap tr\u1ebb ph\u00e1t tri\u1ec3n t\u1ed1t n\u00e3o b\u1ed9 v\u00e0 h\u1ed7 tr\u1ee3 ph\u00e1t tri\u1ec3n nh\u1eadn th\u1ee9c;\u00a0\u00a0<\/span><\/p>\n<p dir=\"ltr\"><span style=\"font-family: Helvetica\">. Probiotics (BB-12) v\u00e0 HMOs: gi\u00fap h\u1ec7 ti\u00eau ho\u00e1 kho\u1ebb m\u1ea1nh, h\u1ed7 tr\u1ee3 ti\u00eau ho\u00e1 t\u1ed1t.\u00a0<\/span><\/p>\n<p dir=\"ltr\"><span style=\"font-family: Helvetica\">Th\u00eam n\u1eefa, s\u1ea3n ph\u1ea9m ch\u1ee9a h\u1ec7 ch\u1ea5t b\u00e9o t\u1ed1t v\u00e0 kh\u00f4ng ch\u1ee9a d\u1ea7u c\u1ecd, gi\u00fap b\u00e9 h\u1ea5p thu canxi t\u1ed1t h\u01a1n v\u00e0 h\u1ea1n ch\u1ebf r\u1ed1i lo\u1ea1n ti\u00eau ho\u00e1.\u00a0<\/span><\/p>\n<p><img loading=\"lazy\" decoding=\"async\" class=\"alignnone wp-image-5822 size-full\" src=\"https:\/\/suatuyetvoi.com\/muasam\/wp-content\/uploads\/2023\/03\/1635734571-similac-1-01-2.jpg\" alt=\"\" width=\"1920\" height=\"2390\" srcset=\"https:\/\/suatuyetvoi.com\/muasam\/wp-content\/uploads\/2023\/03\/1635734571-similac-1-01-2.jpg 1920w, https:\/\/suatuyetvoi.com\/muasam\/wp-content\/uploads\/2023\/03\/1635734571-similac-1-01-2-321x400.jpg 321w, https:\/\/suatuyetvoi.com\/muasam\/wp-content\/uploads\/2023\/03\/1635734571-similac-1-01-2-643x800.jpg 643w, https:\/\/suatuyetvoi.com\/muasam\/wp-content\/uploads\/2023\/03\/1635734571-similac-1-01-2-768x956.jpg 768w, https:\/\/suatuyetvoi.com\/muasam\/wp-content\/uploads\/2023\/03\/1635734571-similac-1-01-2-1234x1536.jpg 1234w, https:\/\/suatuyetvoi.com\/muasam\/wp-content\/uploads\/2023\/03\/1635734571-similac-1-01-2-1645x2048.jpg 1645w, https:\/\/suatuyetvoi.com\/muasam\/wp-content\/uploads\/2023\/03\/1635734571-similac-1-01-2-600x747.jpg 600w\" sizes=\"auto, (max-width: 1920px) 100vw, 1920px\" \/><\/p>\n<p dir=\"ltr\"><b>T\u1ef7 l\u1ec7 pha g\u1ee3i \u00fd<\/b><\/p>\n<p>. M\u1edbi sinh &#8211; 2 tu\u1ea7n: Pha 1 mu\u1ed7ng b\u1ed9t v\u1edbi 60ml n\u01b0\u1edbc \u0111un s\u00f4i \u0111\u1ec3 ngu\u1ed9i (s\u1eed d\u1ee5ng 8-10 l\u1ea7n\/ng\u00e0y).<\/p>\n<p>. 2 tu\u1ea7n &#8211; 2 th\u00e1ng: Pha 2 mu\u1ed7ng b\u1ed9t v\u1edbi 120ml n\u01b0\u1edbc \u0111un s\u00f4i \u0111\u1ec3 ngu\u1ed9i (s\u1eed d\u1ee5ng 6-7 l\u1ea7n\/ng\u00e0y).<\/p>\n<p>. 2 th\u00e1ng -6 th\u00e1ng: Pha mu\u1ed7ng b\u1ed9t v\u1edbi 180ml n\u01b0\u1edbc \u0111un s\u00f4i \u0111\u1ec3 ngu\u1ed9i (s\u1eed d\u1ee5ng 5-6 l\u1ea7n\/ng\u00e0y).<\/p>\n<p dir=\"ltr\"><b>Th\u00e0nh ph\u1ea7n<\/b><\/p>\n<p dir=\"ltr\">S\u1eefa kh\u00f4ng b\u00e9o, lactose, d\u1ea7u th\u1ef1c v\u1eadt (d\u1ea7u h\u01b0\u1edbng d\u01b0\u01a1ng gi\u00e0u oleic, d\u1ea7u \u0111\u1eadu n\u00e0nh, d\u1ea7u d\u1eeba), \u0111\u1ea1m whey c\u00f4 \u0111\u1eb7c, b\u1ed9t b\u01a1 s\u1eefa, kho\u00e1ng ch\u1ea5t (kali citrat, canxi cacbonat, magie clorid, kali hydroxit, s\u1eaft sulfat, natri clorid, k\u1ebdm sulfat, \u0111\u1ed3ng sulfat, canxi clorid, tricanxi phosphat, mangan sulfat, kali iodid, natri selenat), \u0111\u1ea1m whey th\u1ee7y ph\u00e2n, 5 HMOs (2\u2019-fucosyllactose, lacto-N-tetraose, 3-fucosyllactose, 6\u2019-sialyllactose, 3\u2019-sialyllactose), acid arachidonic (AA), VITAMIN (acid ascorbic, RRR-\u03b1-tocopheryl acetat, niacinamid, canxi d-pantothenat, retinyl palmitat, thiamin hydroclorid, pyridoxin hydroclorid, riboflavin, acid folic, phylloquinon, d-biotin, cholecalciferol, cyanocobalamin), ch\u1ea5t nh\u0169 h\u00f3a lecithin \u0111\u1eadu n\u00e0nh, acid docosahexaenoic (DHA), cholin bitartrat, NUCLEOTIDES (cytidin 5&#8242;-monophosphat, dinatri guanosin 5&#8242;-monophosphat, dinatri uridin 5&#8242;-monophosphat, adenosin 5&#8242;-monophosphat), cholin clorid, taurin, L-tryptophan, myo-inositol, ascorbyl palmitat, Bifidobacterium lactis BB-12, h\u1ed7n h\u1ee3p tocopherol, L-carnitin, carotenoid (lutein, \u03b2-caroten).<\/p>\n<p dir=\"ltr\">*Vitamin E t\u1ef1 nhi\u00ean.<\/p>\n<p dir=\"ltr\">*BB-12: th\u01b0\u01a1ng hi\u1ec7u c\u1ee7a Chr. Hansen.<\/p>\n","protected":false},"excerpt":{"rendered":"<p>H\u1ec7 d\u01b0\u1ee1ng ch\u1ea5t IQ Plus ph\u00e1t tri\u1ec3n n\u00e3o b\u1ed9<br \/>\nT\u0103ng c\u01b0\u1eddng \u0111\u1ec1 kh\u00e1ng v\u00e0 ti\u00eau h\u00f3a kh\u1ecfe m\u1ea1nh<br \/>\nGi\u00fap h\u1ea5p thu Canxi t\u1ed1t<\/p>\n","protected":false},"featured_media":5823,"comment_status":"open","ping_status":"closed","template":"","meta":[],"product_cat":[231],"product_tag":[573,574,578,542,556,529,563,539],"class_list":["post-5820","product","type-product","status-publish","has-post-thumbnail","hentry","product_cat-sua-bot","product_tag-ho-tro-giup-phat-trien-nao-bo","product_tag-ho-tro-tang-suc-de-khang","product_tag-ho-tro-tieu-hoa","product_tag-phat-trien-tri-nao","product_tag-tang-cuong-he-mien-dich","product_tag-tang-cuong-mien-dich","product_tag-tri-nao","product_tag-tu-0-6-thang","berocket_brand-abbott"],"yoast_head":"<!-- This site is optimized with the Yoast SEO plugin v27.6 - https:\/\/yoast.com\/product\/yoast-seo-wordpress\/ -->\n<title>S\u1eefa Similac 5G s\u1ed1 1 900g (0-6 th\u00e1ng) - \u0110ang Khuy\u1ebfn m\u00e3i<\/title>\n<meta name=\"description\" content=\"S\u1eefa Similac 5G s\u1ed1 1\u00a0l\u00e0 s\u1ea3n ph\u1ea9m dinh d\u01b0\u1ee1ng cho b\u00e9 0-6 th\u00e1ng tu\u1ed5i \u0111\u1ebfn t\u1eeb th\u01b0\u01a1ng hi\u1ec7u uy t\u00edn Abbott. S\u1ea3n ph\u1ea9m s\u1edf h\u1eefu nhi\u1ec1u d\u01b0\u1ee1ng ch\u1ea5t c\u1ea7n thi\u1ebft \u0111\u1ec3 b\u00e9 y\u00eau ph\u00e1t tri\u1ec3n n\u00e3o b\u1ed9, t\u0103ng c\u01b0\u1eddng s\u1ee9c \u0111\u1ec1 kh\u00e1ng v\u00e0 \u0111em \u0111\u1ebfn 1 h\u1ec7 ti\u00eau h\u00f3a kh\u1ecfe m\u1ea1nh.\u00a0\" \/>\n<meta name=\"robots\" content=\"index, follow, max-snippet:-1, max-image-preview:large, max-video-preview:-1\" \/>\n<link rel=\"canonical\" href=\"https:\/\/suatuyetvoi.com\/muasam\/san-pham\/sua-similac-5g-so-1-900g-0-6-thang\/\" \/>\n<meta property=\"og:locale\" content=\"vi_VN\" \/>\n<meta property=\"og:type\" content=\"article\" \/>\n<meta property=\"og:title\" content=\"S\u1eefa Similac 5G s\u1ed1 1 900g (0-6 th\u00e1ng) - \u0110ang Khuy\u1ebfn m\u00e3i\" \/>\n<meta property=\"og:description\" content=\"S\u1eefa Similac 5G s\u1ed1 1\u00a0l\u00e0 s\u1ea3n ph\u1ea9m dinh d\u01b0\u1ee1ng cho b\u00e9 0-6 th\u00e1ng tu\u1ed5i \u0111\u1ebfn t\u1eeb th\u01b0\u01a1ng hi\u1ec7u uy t\u00edn Abbott. S\u1ea3n ph\u1ea9m s\u1edf h\u1eefu nhi\u1ec1u d\u01b0\u1ee1ng ch\u1ea5t c\u1ea7n thi\u1ebft \u0111\u1ec3 b\u00e9 y\u00eau ph\u00e1t tri\u1ec3n n\u00e3o b\u1ed9, t\u0103ng c\u01b0\u1eddng s\u1ee9c \u0111\u1ec1 kh\u00e1ng v\u00e0 \u0111em \u0111\u1ebfn 1 h\u1ec7 ti\u00eau h\u00f3a kh\u1ecfe m\u1ea1nh.\u00a0\" \/>\n<meta property=\"og:url\" content=\"https:\/\/suatuyetvoi.com\/muasam\/san-pham\/sua-similac-5g-so-1-900g-0-6-thang\/\" \/>\n<meta property=\"og:site_name\" content=\"S\u1eefa Tuy\u1ec7t V\u1eddi\" \/>\n<meta property=\"article:modified_time\" content=\"2023-03-21T10:23:44+00:00\" \/>\n<meta property=\"og:image\" content=\"https:\/\/suatuyetvoi.com\/muasam\/wp-content\/uploads\/2023\/03\/abbott-1-3.png\" \/>\n\t<meta property=\"og:image:width\" content=\"1080\" \/>\n\t<meta property=\"og:image:height\" content=\"1080\" \/>\n\t<meta property=\"og:image:type\" content=\"image\/png\" \/>\n<meta name=\"twitter:card\" content=\"summary_large_image\" \/>\n<meta name=\"twitter:title\" content=\"S\u1eefa Similac 5G s\u1ed1 1 900g (0-6 th\u00e1ng) - \u0110ang Khuy\u1ebfn m\u00e3i\" \/>\n<meta name=\"twitter:description\" content=\"S\u1eefa Similac 5G s\u1ed1 1\u00a0l\u00e0 s\u1ea3n ph\u1ea9m dinh d\u01b0\u1ee1ng cho b\u00e9 0-6 th\u00e1ng tu\u1ed5i \u0111\u1ebfn t\u1eeb th\u01b0\u01a1ng hi\u1ec7u uy t\u00edn Abbott. S\u1ea3n ph\u1ea9m s\u1edf h\u1eefu nhi\u1ec1u d\u01b0\u1ee1ng ch\u1ea5t c\u1ea7n thi\u1ebft \u0111\u1ec3 b\u00e9 y\u00eau ph\u00e1t tri\u1ec3n n\u00e3o b\u1ed9, t\u0103ng c\u01b0\u1eddng s\u1ee9c \u0111\u1ec1 kh\u00e1ng v\u00e0 \u0111em \u0111\u1ebfn 1 h\u1ec7 ti\u00eau h\u00f3a kh\u1ecfe m\u1ea1nh.\u00a0\" \/>\n<meta name=\"twitter:label1\" content=\"\u01af\u1edbc t\u00ednh th\u1eddi gian \u0111\u1ecdc\" \/>\n\t<meta name=\"twitter:data1\" content=\"4 ph\u00fat\" \/>\n<script type=\"application\/ld+json\" class=\"yoast-schema-graph\">{\"@context\":\"https:\\\/\\\/schema.org\",\"@graph\":[{\"@type\":\"WebPage\",\"@id\":\"https:\\\/\\\/suatuyetvoi.com\\\/muasam\\\/san-pham\\\/sua-similac-5g-so-1-900g-0-6-thang\\\/\",\"url\":\"https:\\\/\\\/suatuyetvoi.com\\\/muasam\\\/san-pham\\\/sua-similac-5g-so-1-900g-0-6-thang\\\/\",\"name\":\"S\u1eefa Similac 5G s\u1ed1 1 900g (0-6 th\u00e1ng) - \u0110ang Khuy\u1ebfn m\u00e3i\",\"isPartOf\":{\"@id\":\"https:\\\/\\\/suatuyetvoi.com\\\/muasam\\\/#website\"},\"primaryImageOfPage\":{\"@id\":\"https:\\\/\\\/suatuyetvoi.com\\\/muasam\\\/san-pham\\\/sua-similac-5g-so-1-900g-0-6-thang\\\/#primaryimage\"},\"image\":{\"@id\":\"https:\\\/\\\/suatuyetvoi.com\\\/muasam\\\/san-pham\\\/sua-similac-5g-so-1-900g-0-6-thang\\\/#primaryimage\"},\"thumbnailUrl\":\"https:\\\/\\\/suatuyetvoi.com\\\/muasam\\\/wp-content\\\/uploads\\\/2023\\\/03\\\/abbott-1-3.png\",\"datePublished\":\"2023-03-21T10:11:09+00:00\",\"dateModified\":\"2023-03-21T10:23:44+00:00\",\"description\":\"S\u1eefa Similac 5G s\u1ed1 1\u00a0l\u00e0 s\u1ea3n ph\u1ea9m dinh d\u01b0\u1ee1ng cho b\u00e9 0-6 th\u00e1ng tu\u1ed5i \u0111\u1ebfn t\u1eeb th\u01b0\u01a1ng hi\u1ec7u uy t\u00edn Abbott. S\u1ea3n ph\u1ea9m s\u1edf h\u1eefu nhi\u1ec1u d\u01b0\u1ee1ng ch\u1ea5t c\u1ea7n thi\u1ebft \u0111\u1ec3 b\u00e9 y\u00eau ph\u00e1t tri\u1ec3n n\u00e3o b\u1ed9, t\u0103ng c\u01b0\u1eddng s\u1ee9c \u0111\u1ec1 kh\u00e1ng v\u00e0 \u0111em \u0111\u1ebfn 1 h\u1ec7 ti\u00eau h\u00f3a kh\u1ecfe m\u1ea1nh.\u00a0\",\"breadcrumb\":{\"@id\":\"https:\\\/\\\/suatuyetvoi.com\\\/muasam\\\/san-pham\\\/sua-similac-5g-so-1-900g-0-6-thang\\\/#breadcrumb\"},\"inLanguage\":\"vi\",\"potentialAction\":[{\"@type\":\"ReadAction\",\"target\":[\"https:\\\/\\\/suatuyetvoi.com\\\/muasam\\\/san-pham\\\/sua-similac-5g-so-1-900g-0-6-thang\\\/\"]}]},{\"@type\":\"ImageObject\",\"inLanguage\":\"vi\",\"@id\":\"https:\\\/\\\/suatuyetvoi.com\\\/muasam\\\/san-pham\\\/sua-similac-5g-so-1-900g-0-6-thang\\\/#primaryimage\",\"url\":\"https:\\\/\\\/suatuyetvoi.com\\\/muasam\\\/wp-content\\\/uploads\\\/2023\\\/03\\\/abbott-1-3.png\",\"contentUrl\":\"https:\\\/\\\/suatuyetvoi.com\\\/muasam\\\/wp-content\\\/uploads\\\/2023\\\/03\\\/abbott-1-3.png\",\"width\":1080,\"height\":1080},{\"@type\":\"BreadcrumbList\",\"@id\":\"https:\\\/\\\/suatuyetvoi.com\\\/muasam\\\/san-pham\\\/sua-similac-5g-so-1-900g-0-6-thang\\\/#breadcrumb\",\"itemListElement\":[{\"@type\":\"ListItem\",\"position\":1,\"name\":\"Home\",\"item\":\"https:\\\/\\\/suatuyetvoi.com\\\/muasam\\\/\"},{\"@type\":\"ListItem\",\"position\":2,\"name\":\"Shop\",\"item\":\"https:\\\/\\\/suatuyetvoi.com\\\/muasam\\\/shop\\\/\"},{\"@type\":\"ListItem\",\"position\":3,\"name\":\"S\u1eefa Similac 5G s\u1ed1 1 900g (0-6 th\u00e1ng)\"}]},{\"@type\":\"WebSite\",\"@id\":\"https:\\\/\\\/suatuyetvoi.com\\\/muasam\\\/#website\",\"url\":\"https:\\\/\\\/suatuyetvoi.com\\\/muasam\\\/\",\"name\":\"S\u1eefa Tuy\u1ec7t V\u1eddi\",\"description\":\"S\u1eefa Tuy\u1ec7t V\u1eddi Vi\u1ec7t Nam\",\"potentialAction\":[{\"@type\":\"SearchAction\",\"target\":{\"@type\":\"EntryPoint\",\"urlTemplate\":\"https:\\\/\\\/suatuyetvoi.com\\\/muasam\\\/?s={search_term_string}\"},\"query-input\":{\"@type\":\"PropertyValueSpecification\",\"valueRequired\":true,\"valueName\":\"search_term_string\"}}],\"inLanguage\":\"vi\"}]}<\/script>\n<!-- \/ Yoast SEO plugin. -->","yoast_head_json":{"title":"S\u1eefa Similac 5G s\u1ed1 1 900g (0-6 th\u00e1ng) - \u0110ang Khuy\u1ebfn m\u00e3i","description":"S\u1eefa Similac 5G s\u1ed1 1\u00a0l\u00e0 s\u1ea3n ph\u1ea9m dinh d\u01b0\u1ee1ng cho b\u00e9 0-6 th\u00e1ng tu\u1ed5i \u0111\u1ebfn t\u1eeb th\u01b0\u01a1ng hi\u1ec7u uy t\u00edn Abbott. S\u1ea3n ph\u1ea9m s\u1edf h\u1eefu nhi\u1ec1u d\u01b0\u1ee1ng ch\u1ea5t c\u1ea7n thi\u1ebft \u0111\u1ec3 b\u00e9 y\u00eau ph\u00e1t tri\u1ec3n n\u00e3o b\u1ed9, t\u0103ng c\u01b0\u1eddng s\u1ee9c \u0111\u1ec1 kh\u00e1ng v\u00e0 \u0111em \u0111\u1ebfn 1 h\u1ec7 ti\u00eau h\u00f3a kh\u1ecfe m\u1ea1nh.\u00a0","robots":{"index":"index","follow":"follow","max-snippet":"max-snippet:-1","max-image-preview":"max-image-preview:large","max-video-preview":"max-video-preview:-1"},"canonical":"https:\/\/suatuyetvoi.com\/muasam\/san-pham\/sua-similac-5g-so-1-900g-0-6-thang\/","og_locale":"vi_VN","og_type":"article","og_title":"S\u1eefa Similac 5G s\u1ed1 1 900g (0-6 th\u00e1ng) - \u0110ang Khuy\u1ebfn m\u00e3i","og_description":"S\u1eefa Similac 5G s\u1ed1 1\u00a0l\u00e0 s\u1ea3n ph\u1ea9m dinh d\u01b0\u1ee1ng cho b\u00e9 0-6 th\u00e1ng tu\u1ed5i \u0111\u1ebfn t\u1eeb th\u01b0\u01a1ng hi\u1ec7u uy t\u00edn Abbott. S\u1ea3n ph\u1ea9m s\u1edf h\u1eefu nhi\u1ec1u d\u01b0\u1ee1ng ch\u1ea5t c\u1ea7n thi\u1ebft \u0111\u1ec3 b\u00e9 y\u00eau ph\u00e1t tri\u1ec3n n\u00e3o b\u1ed9, t\u0103ng c\u01b0\u1eddng s\u1ee9c \u0111\u1ec1 kh\u00e1ng v\u00e0 \u0111em \u0111\u1ebfn 1 h\u1ec7 ti\u00eau h\u00f3a kh\u1ecfe m\u1ea1nh.\u00a0","og_url":"https:\/\/suatuyetvoi.com\/muasam\/san-pham\/sua-similac-5g-so-1-900g-0-6-thang\/","og_site_name":"S\u1eefa Tuy\u1ec7t V\u1eddi","article_modified_time":"2023-03-21T10:23:44+00:00","og_image":[{"width":1080,"height":1080,"url":"https:\/\/suatuyetvoi.com\/muasam\/wp-content\/uploads\/2023\/03\/abbott-1-3.png","type":"image\/png"}],"twitter_card":"summary_large_image","twitter_title":"S\u1eefa Similac 5G s\u1ed1 1 900g (0-6 th\u00e1ng) - \u0110ang Khuy\u1ebfn m\u00e3i","twitter_description":"S\u1eefa Similac 5G s\u1ed1 1\u00a0l\u00e0 s\u1ea3n ph\u1ea9m dinh d\u01b0\u1ee1ng cho b\u00e9 0-6 th\u00e1ng tu\u1ed5i \u0111\u1ebfn t\u1eeb th\u01b0\u01a1ng hi\u1ec7u uy t\u00edn Abbott. S\u1ea3n ph\u1ea9m s\u1edf h\u1eefu nhi\u1ec1u d\u01b0\u1ee1ng ch\u1ea5t c\u1ea7n thi\u1ebft \u0111\u1ec3 b\u00e9 y\u00eau ph\u00e1t tri\u1ec3n n\u00e3o b\u1ed9, t\u0103ng c\u01b0\u1eddng s\u1ee9c \u0111\u1ec1 kh\u00e1ng v\u00e0 \u0111em \u0111\u1ebfn 1 h\u1ec7 ti\u00eau h\u00f3a kh\u1ecfe m\u1ea1nh.\u00a0","twitter_misc":{"\u01af\u1edbc t\u00ednh th\u1eddi gian \u0111\u1ecdc":"4 ph\u00fat"},"schema":{"@context":"https:\/\/schema.org","@graph":[{"@type":"WebPage","@id":"https:\/\/suatuyetvoi.com\/muasam\/san-pham\/sua-similac-5g-so-1-900g-0-6-thang\/","url":"https:\/\/suatuyetvoi.com\/muasam\/san-pham\/sua-similac-5g-so-1-900g-0-6-thang\/","name":"S\u1eefa Similac 5G s\u1ed1 1 900g (0-6 th\u00e1ng) - \u0110ang Khuy\u1ebfn m\u00e3i","isPartOf":{"@id":"https:\/\/suatuyetvoi.com\/muasam\/#website"},"primaryImageOfPage":{"@id":"https:\/\/suatuyetvoi.com\/muasam\/san-pham\/sua-similac-5g-so-1-900g-0-6-thang\/#primaryimage"},"image":{"@id":"https:\/\/suatuyetvoi.com\/muasam\/san-pham\/sua-similac-5g-so-1-900g-0-6-thang\/#primaryimage"},"thumbnailUrl":"https:\/\/suatuyetvoi.com\/muasam\/wp-content\/uploads\/2023\/03\/abbott-1-3.png","datePublished":"2023-03-21T10:11:09+00:00","dateModified":"2023-03-21T10:23:44+00:00","description":"S\u1eefa Similac 5G s\u1ed1 1\u00a0l\u00e0 s\u1ea3n ph\u1ea9m dinh d\u01b0\u1ee1ng cho b\u00e9 0-6 th\u00e1ng tu\u1ed5i \u0111\u1ebfn t\u1eeb th\u01b0\u01a1ng hi\u1ec7u uy t\u00edn Abbott. S\u1ea3n ph\u1ea9m s\u1edf h\u1eefu nhi\u1ec1u d\u01b0\u1ee1ng ch\u1ea5t c\u1ea7n thi\u1ebft \u0111\u1ec3 b\u00e9 y\u00eau ph\u00e1t tri\u1ec3n n\u00e3o b\u1ed9, t\u0103ng c\u01b0\u1eddng s\u1ee9c \u0111\u1ec1 kh\u00e1ng v\u00e0 \u0111em \u0111\u1ebfn 1 h\u1ec7 ti\u00eau h\u00f3a kh\u1ecfe m\u1ea1nh.\u00a0","breadcrumb":{"@id":"https:\/\/suatuyetvoi.com\/muasam\/san-pham\/sua-similac-5g-so-1-900g-0-6-thang\/#breadcrumb"},"inLanguage":"vi","potentialAction":[{"@type":"ReadAction","target":["https:\/\/suatuyetvoi.com\/muasam\/san-pham\/sua-similac-5g-so-1-900g-0-6-thang\/"]}]},{"@type":"ImageObject","inLanguage":"vi","@id":"https:\/\/suatuyetvoi.com\/muasam\/san-pham\/sua-similac-5g-so-1-900g-0-6-thang\/#primaryimage","url":"https:\/\/suatuyetvoi.com\/muasam\/wp-content\/uploads\/2023\/03\/abbott-1-3.png","contentUrl":"https:\/\/suatuyetvoi.com\/muasam\/wp-content\/uploads\/2023\/03\/abbott-1-3.png","width":1080,"height":1080},{"@type":"BreadcrumbList","@id":"https:\/\/suatuyetvoi.com\/muasam\/san-pham\/sua-similac-5g-so-1-900g-0-6-thang\/#breadcrumb","itemListElement":[{"@type":"ListItem","position":1,"name":"Home","item":"https:\/\/suatuyetvoi.com\/muasam\/"},{"@type":"ListItem","position":2,"name":"Shop","item":"https:\/\/suatuyetvoi.com\/muasam\/shop\/"},{"@type":"ListItem","position":3,"name":"S\u1eefa Similac 5G s\u1ed1 1 900g (0-6 th\u00e1ng)"}]},{"@type":"WebSite","@id":"https:\/\/suatuyetvoi.com\/muasam\/#website","url":"https:\/\/suatuyetvoi.com\/muasam\/","name":"S\u1eefa Tuy\u1ec7t V\u1eddi","description":"S\u1eefa Tuy\u1ec7t V\u1eddi Vi\u1ec7t Nam","potentialAction":[{"@type":"SearchAction","target":{"@type":"EntryPoint","urlTemplate":"https:\/\/suatuyetvoi.com\/muasam\/?s={search_term_string}"},"query-input":{"@type":"PropertyValueSpecification","valueRequired":true,"valueName":"search_term_string"}}],"inLanguage":"vi"}]}},"_links":{"self":[{"href":"https:\/\/suatuyetvoi.com\/muasam\/wp-json\/wp\/v2\/product\/5820","targetHints":{"allow":["GET"]}}],"collection":[{"href":"https:\/\/suatuyetvoi.com\/muasam\/wp-json\/wp\/v2\/product"}],"about":[{"href":"https:\/\/suatuyetvoi.com\/muasam\/wp-json\/wp\/v2\/types\/product"}],"replies":[{"embeddable":true,"href":"https:\/\/suatuyetvoi.com\/muasam\/wp-json\/wp\/v2\/comments?post=5820"}],"wp:featuredmedia":[{"embeddable":true,"href":"https:\/\/suatuyetvoi.com\/muasam\/wp-json\/wp\/v2\/media\/5823"}],"wp:attachment":[{"href":"https:\/\/suatuyetvoi.com\/muasam\/wp-json\/wp\/v2\/media?parent=5820"}],"wp:term":[{"taxonomy":"product_cat","embeddable":true,"href":"https:\/\/suatuyetvoi.com\/muasam\/wp-json\/wp\/v2\/product_cat?post=5820"},{"taxonomy":"product_tag","embeddable":true,"href":"https:\/\/suatuyetvoi.com\/muasam\/wp-json\/wp\/v2\/product_tag?post=5820"}],"curies":[{"name":"wp","href":"https:\/\/api.w.org\/{rel}","templated":true}]}}