{"id":5792,"date":"2023-03-17T16:47:50","date_gmt":"2023-03-17T09:47:50","guid":{"rendered":"https:\/\/suatuyetvoi.com\/muasam\/?post_type=product&#038;p=5792"},"modified":"2023-03-17T17:34:28","modified_gmt":"2023-03-17T10:34:28","slug":"sua-bot-neocare-iq-grow-900g-1-18-tuoi","status":"publish","type":"product","link":"https:\/\/suatuyetvoi.com\/muasam\/san-pham\/sua-bot-neocare-iq-grow-900g-1-18-tuoi\/","title":{"rendered":"S\u1eefa b\u1ed9t NeoCare IQ grow 900g (1-18 tu\u1ed5i)"},"content":{"rendered":"<h1>DINH D\u01af\u1ee0NG CHO B\u00c9 PH\u00c1T TRI\u1ec2N CHI\u1ec0U CAO V\u00c0 TR\u00cd N\u00c3O<\/h1>\n<p><img loading=\"lazy\" decoding=\"async\" class=\"alignnone size-full wp-image-5794\" src=\"https:\/\/suatuyetvoi.com\/muasam\/wp-content\/uploads\/2023\/03\/neocare-iq-510x182-1.jpg\" alt=\"\" width=\"510\" height=\"182\" \/><\/p>\n<p>Nh\u1edd \u0111\u01b0\u1ee3c m\u1eb9 ch\u0103m s\u00f3c chu \u0111\u00e1o v\u1edbi ch\u1ebf \u0111\u1ed9 dinh d\u01b0\u1ee1ng \u0111\u1ee7 \u0111\u1ea7y, k\u1ebft h\u1ee3p c\u00f9ng dinh d\u01b0\u1ee1ng c\u1ee7a m\u00e0 b\u00e9 \u0111\u00e3 th\u00eam l\u1edbn kh\u00f4n m\u1ed7i ng\u00e0y, v\u1ec1 th\u1ec3 ch\u1ea5t, tr\u00ed n\u00e3o v\u00e0 c\u1ea3 vi\u1ec7c \u0111\u1ec1 kh\u00e1ng kh\u1ecfe m\u1ea1nh h\u01a1n m\u1ed7i ng\u00e0y! C\u0169ng ch\u00ednh v\u00ec v\u1eady, b\u00e9 \u0111\u00e3 gi\u00fap m\u1eb9 y\u00ean t\u00e2m h\u01a1n r\u1ea5t nhi\u1ec1u k\u1ec3 c\u1ea3 khi con xa r\u1eddi v\u00f2ng tay m\u1eb9 \u0111\u1ebfn l\u1edbp m\u1ed7i ng\u00e0y!<\/p>\n<p>\u0110\u1ec3 ph\u00e1t tri\u1ec3n t\u1ed1i \u0111a chi\u1ec1u cao tr\u01b0\u1edfng th\u00e0nh c\u1ee7a b\u00e9, m\u1eb9 h\u1ea3y b\u1ed5 sung cho b\u00e9 2 ly s\u1eefa m\u1ed7i ng\u00e0y \u0111\u1ec3 cung c\u1ea5p dinh d\u01b0\u1ee1ng ch\u1ea5t l\u01b0\u1ee3ng cho b\u00e9 m\u1ed7i ng\u00e0y m\u1eb9 nh\u00e9! IQ GROW cung c\u1ea5p canxi, b\u1ed5 sung DHA v\u00e0 nhi\u1ec1u d\u01b0\u1ee1ng ch\u1ea5t kh\u00e1c, gi\u00fap b\u00e9 y\u00eau cao l\u1edbn v\u00e0 th\u00f4ng minh m\u1eb9 nh\u00e9!<\/p>\n<p><img loading=\"lazy\" decoding=\"async\" class=\"alignnone size-medium wp-image-5793\" src=\"https:\/\/suatuyetvoi.com\/muasam\/wp-content\/uploads\/2023\/03\/neocare-iq-2-510x510-1-400x400.jpg\" alt=\"\" width=\"400\" height=\"400\" srcset=\"https:\/\/suatuyetvoi.com\/muasam\/wp-content\/uploads\/2023\/03\/neocare-iq-2-510x510-1-400x400.jpg 400w, https:\/\/suatuyetvoi.com\/muasam\/wp-content\/uploads\/2023\/03\/neocare-iq-2-510x510-1-280x280.jpg 280w, https:\/\/suatuyetvoi.com\/muasam\/wp-content\/uploads\/2023\/03\/neocare-iq-2-510x510-1-300x300.jpg 300w, https:\/\/suatuyetvoi.com\/muasam\/wp-content\/uploads\/2023\/03\/neocare-iq-2-510x510-1-100x100.jpg 100w, https:\/\/suatuyetvoi.com\/muasam\/wp-content\/uploads\/2023\/03\/neocare-iq-2-510x510-1.jpg 510w\" sizes=\"auto, (max-width: 400px) 100vw, 400px\" \/><\/p>\n<p>\u0110\u1ea1m Whey Protein gi\u00fap tr\u1ebb gi\u1ea3m nguy c\u01a1 suy dinh d\u01b0\u1ee1ng, ch\u1eadm l\u1edbn, suy gi\u1ea3m mi\u1ec5n d\u1ecbch\u2026 V\u00ec v\u1eady cung c\u1ea5p ch\u1ebf \u0111\u1ed9 \u0111\u1ea1m Protein dinh d\u01b0\u1ee1ng c\u00e2n \u0111\u1ed1i, \u0111\u00e1p \u1ee9ng \u0111\u1ee7 nhu c\u1ea7u \u0111\u1ea1m s\u1ebd gi\u00fap tr\u1ebb c\u00e2n n\u1eb7ng chu\u1ea9n v\u00e0 ph\u00e1t tri\u1ec3n kh\u1ecfe m\u1ea1nh.<\/p>\n<p>Vitamin D3 v\u00e0 MK7 gi\u00fap h\u1ea5p thu t\u1ed1i \u0111a canxi v\u00e0 kho\u00e1ng ch\u1ea5t t\u1eeb m\u00e1u v\u00e0o x\u01b0\u01a1ng, ch\u1edf canxi \u0111\u1ebfn \u0111\u00fang \u0111\u00edch v\u00e0 thu h\u1ed3i canxi \u0111i l\u1ea1c v\u1ec1 x\u01b0\u01a1ng tr\u00e1nh h\u1eadu qu\u1ea3 v\u00f4i h\u00f3a do th\u1eeba canxi.<\/p>\n<p>B\u00ean c\u1ea1nh \u0111\u00f3 NeoCare IQ GROW c\u00f2n b\u1ed5 sung nh\u1eefng vi ch\u1ea5t nh\u01b0: DHA, ARA, Omega 3, lysine, lipid gi\u00fap tr\u1ebb ph\u00e1t tri\u1ec3n tr\u00ed n\u00e3o, b\u00e3o v\u1ec7 m\u1eaft khi tr\u1ebb \u1edf \u0111\u1ed9 tu\u1ed5i \u0111i h\u1ecdc.<\/p>\n<p>HMO 2F\u2019L_Colostrum c\u00f3 t\u00e1c d\u1ee5ng gi\u00fap tr\u1ebb t\u0103ng s\u1ee9c \u0111\u1ec1 kh\u00e1ng, gi\u1ea3m \u1ed1m v\u1eb7t.<\/p>\n<p>Ch\u1ea5t x\u01a1 h\u00f2a tan Fos gi\u00fap c\u00e2n b\u1eb1ng h\u1ec7 vi sinh \u0111\u01b0\u1eddng ru\u1ed9t, cho b\u00e9 h\u1ec7 ti\u00eau h\u00f3a kh\u1ecfe m\u1ea1nh, gi\u00fap h\u1ea5p thu v\u00e0 ng\u1eeba t\u00e1o b\u00f3n \u1edf tr\u1ebb.<\/p>\n","protected":false},"excerpt":{"rendered":"<p>H\u1ec7 d\u01b0\u1ee1ng ch\u1ea5t IQ Plus ph\u00e1t tri\u1ec3n n\u00e3o b\u1ed9<br \/>\nT\u0103ng c\u01b0\u1eddng \u0111\u1ec1 kh\u00e1ng v\u00e0 ti\u00eau h\u00f3a kh\u1ecfe m\u1ea1nh<br \/>\nGi\u00fap h\u1ea5p thu Canxi t\u1ed1t<\/p>\n","protected":false},"featured_media":5796,"comment_status":"open","ping_status":"closed","template":"","meta":[],"product_cat":[231],"product_tag":[564,562,578,528,518,529,563],"class_list":["post-5792","product","type-product","status-publish","has-post-thumbnail","hentry","product_cat-sua-bot","product_tag-1-10-tuoi","product_tag-1-15-tuoi","product_tag-ho-tro-tieu-hoa","product_tag-tang-can","product_tag-tang-chieu-cao","product_tag-tang-cuong-mien-dich","product_tag-tri-nao","berocket_brand-neocare"],"yoast_head":"<!-- This site is optimized with the Yoast SEO plugin v27.6 - https:\/\/yoast.com\/product\/yoast-seo-wordpress\/ -->\n<title>S\u1eefa b\u1ed9t NeoCare IQ grow 900g (1-18 tu\u1ed5i) - \u0110ang khuy\u1ebfn m\u00e3i<\/title>\n<meta name=\"description\" content=\"Dinh d\u01b0\u1ee1ng \u0111\u1eb7c bi\u1ec7t Ph\u00e1t tri\u1ec3n chi\u1ec1u cao v\u00e0 Tr\u00ed n\u00e3o cho tr\u1ebb t\u1eeb 1 \u0111\u1ebfn 18 tu\u1ed5i.\" \/>\n<meta name=\"robots\" content=\"index, follow, max-snippet:-1, max-image-preview:large, max-video-preview:-1\" \/>\n<link rel=\"canonical\" href=\"https:\/\/suatuyetvoi.com\/muasam\/san-pham\/sua-bot-neocare-iq-grow-900g-1-18-tuoi\/\" \/>\n<meta property=\"og:locale\" content=\"vi_VN\" \/>\n<meta property=\"og:type\" content=\"article\" \/>\n<meta property=\"og:title\" content=\"S\u1eefa Similac Total Protection 3 900g (1 - 2 tu\u1ed5i) - \u0110ang Khuy\u1ebfn m\u00e3i\" \/>\n<meta property=\"og:description\" content=\"S\u1eefa Similac\u00ae Total Protection 3 l\u00e0 s\u1ea3n ph\u1ea9m b\u1ed5 sung dinh d\u01b0\u1ee1ng cho ch\u1ebf \u0111\u1ed9 \u0103n h\u00e0ng ng\u00e0y c\u1ee7a tr\u1ebb 1\u20132 tu\u1ed5i. Thu\u1ed9c th\u01b0\u01a1ng hi\u1ec7u uy t\u00edn h\u00e0ng \u0111\u1ea7u th\u1ebf gi\u1edbi - Abbott, s\u1ea3n ph\u1ea9m kh\u00f4ng ch\u1ec9 an to\u00e0n, m\u00e0 c\u00f2n cung c\u1ea5p \u0111\u1ea7y \u0111\u1ee7 d\u01b0\u1ee1ng ch\u1ea5t thi\u1ebft y\u1ebfu cho s\u1ef1 ph\u00e1t tri\u1ec3n c\u1ee7a con.\" \/>\n<meta property=\"og:url\" content=\"https:\/\/suatuyetvoi.com\/muasam\/san-pham\/sua-bot-neocare-iq-grow-900g-1-18-tuoi\/\" \/>\n<meta property=\"og:site_name\" content=\"S\u1eefa Tuy\u1ec7t V\u1eddi\" \/>\n<meta property=\"article:modified_time\" content=\"2023-03-17T10:34:28+00:00\" \/>\n<meta property=\"og:image\" content=\"https:\/\/suatuyetvoi.com\/muasam\/wp-content\/uploads\/2023\/03\/z2973987875136_31d4ffec9d91129f52509b0b9b309695-removebg-preview.png\" \/>\n\t<meta property=\"og:image:width\" content=\"500\" \/>\n\t<meta property=\"og:image:height\" content=\"500\" \/>\n\t<meta property=\"og:image:type\" content=\"image\/png\" \/>\n<meta name=\"twitter:card\" content=\"summary_large_image\" \/>\n<meta name=\"twitter:title\" content=\"S\u1eefa Similac Total Protection 3 900g (1 - 2 tu\u1ed5i) - \u0110ang Khuy\u1ebfn m\u00e3i\" \/>\n<meta name=\"twitter:description\" content=\"S\u1eefa Similac\u00ae Total Protection 3 l\u00e0 s\u1ea3n ph\u1ea9m b\u1ed5 sung dinh d\u01b0\u1ee1ng cho ch\u1ebf \u0111\u1ed9 \u0103n h\u00e0ng ng\u00e0y c\u1ee7a tr\u1ebb 1\u20132 tu\u1ed5i. Thu\u1ed9c th\u01b0\u01a1ng hi\u1ec7u uy t\u00edn h\u00e0ng \u0111\u1ea7u th\u1ebf gi\u1edbi - Abbott, s\u1ea3n ph\u1ea9m kh\u00f4ng ch\u1ec9 an to\u00e0n, m\u00e0 c\u00f2n cung c\u1ea5p \u0111\u1ea7y \u0111\u1ee7 d\u01b0\u1ee1ng ch\u1ea5t thi\u1ebft y\u1ebfu cho s\u1ef1 ph\u00e1t tri\u1ec3n c\u1ee7a con.\" \/>\n<meta name=\"twitter:label1\" content=\"\u01af\u1edbc t\u00ednh th\u1eddi gian \u0111\u1ecdc\" \/>\n\t<meta name=\"twitter:data1\" content=\"3 ph\u00fat\" \/>\n<script type=\"application\/ld+json\" class=\"yoast-schema-graph\">{\"@context\":\"https:\\\/\\\/schema.org\",\"@graph\":[{\"@type\":\"WebPage\",\"@id\":\"https:\\\/\\\/suatuyetvoi.com\\\/muasam\\\/san-pham\\\/sua-bot-neocare-iq-grow-900g-1-18-tuoi\\\/\",\"url\":\"https:\\\/\\\/suatuyetvoi.com\\\/muasam\\\/san-pham\\\/sua-bot-neocare-iq-grow-900g-1-18-tuoi\\\/\",\"name\":\"S\u1eefa b\u1ed9t NeoCare IQ grow 900g (1-18 tu\u1ed5i) - \u0110ang khuy\u1ebfn m\u00e3i\",\"isPartOf\":{\"@id\":\"https:\\\/\\\/suatuyetvoi.com\\\/muasam\\\/#website\"},\"primaryImageOfPage\":{\"@id\":\"https:\\\/\\\/suatuyetvoi.com\\\/muasam\\\/san-pham\\\/sua-bot-neocare-iq-grow-900g-1-18-tuoi\\\/#primaryimage\"},\"image\":{\"@id\":\"https:\\\/\\\/suatuyetvoi.com\\\/muasam\\\/san-pham\\\/sua-bot-neocare-iq-grow-900g-1-18-tuoi\\\/#primaryimage\"},\"thumbnailUrl\":\"https:\\\/\\\/suatuyetvoi.com\\\/muasam\\\/wp-content\\\/uploads\\\/2023\\\/03\\\/z2973987875136_31d4ffec9d91129f52509b0b9b309695-removebg-preview.png\",\"datePublished\":\"2023-03-17T09:47:50+00:00\",\"dateModified\":\"2023-03-17T10:34:28+00:00\",\"description\":\"Dinh d\u01b0\u1ee1ng \u0111\u1eb7c bi\u1ec7t Ph\u00e1t tri\u1ec3n chi\u1ec1u cao v\u00e0 Tr\u00ed n\u00e3o cho tr\u1ebb t\u1eeb 1 \u0111\u1ebfn 18 tu\u1ed5i.\",\"breadcrumb\":{\"@id\":\"https:\\\/\\\/suatuyetvoi.com\\\/muasam\\\/san-pham\\\/sua-bot-neocare-iq-grow-900g-1-18-tuoi\\\/#breadcrumb\"},\"inLanguage\":\"vi\",\"potentialAction\":[{\"@type\":\"ReadAction\",\"target\":[\"https:\\\/\\\/suatuyetvoi.com\\\/muasam\\\/san-pham\\\/sua-bot-neocare-iq-grow-900g-1-18-tuoi\\\/\"]}]},{\"@type\":\"ImageObject\",\"inLanguage\":\"vi\",\"@id\":\"https:\\\/\\\/suatuyetvoi.com\\\/muasam\\\/san-pham\\\/sua-bot-neocare-iq-grow-900g-1-18-tuoi\\\/#primaryimage\",\"url\":\"https:\\\/\\\/suatuyetvoi.com\\\/muasam\\\/wp-content\\\/uploads\\\/2023\\\/03\\\/z2973987875136_31d4ffec9d91129f52509b0b9b309695-removebg-preview.png\",\"contentUrl\":\"https:\\\/\\\/suatuyetvoi.com\\\/muasam\\\/wp-content\\\/uploads\\\/2023\\\/03\\\/z2973987875136_31d4ffec9d91129f52509b0b9b309695-removebg-preview.png\",\"width\":500,\"height\":500},{\"@type\":\"BreadcrumbList\",\"@id\":\"https:\\\/\\\/suatuyetvoi.com\\\/muasam\\\/san-pham\\\/sua-bot-neocare-iq-grow-900g-1-18-tuoi\\\/#breadcrumb\",\"itemListElement\":[{\"@type\":\"ListItem\",\"position\":1,\"name\":\"Home\",\"item\":\"https:\\\/\\\/suatuyetvoi.com\\\/muasam\\\/\"},{\"@type\":\"ListItem\",\"position\":2,\"name\":\"Shop\",\"item\":\"https:\\\/\\\/suatuyetvoi.com\\\/muasam\\\/shop\\\/\"},{\"@type\":\"ListItem\",\"position\":3,\"name\":\"S\u1eefa b\u1ed9t NeoCare IQ grow 900g (1-18 tu\u1ed5i)\"}]},{\"@type\":\"WebSite\",\"@id\":\"https:\\\/\\\/suatuyetvoi.com\\\/muasam\\\/#website\",\"url\":\"https:\\\/\\\/suatuyetvoi.com\\\/muasam\\\/\",\"name\":\"S\u1eefa Tuy\u1ec7t V\u1eddi\",\"description\":\"S\u1eefa Tuy\u1ec7t V\u1eddi Vi\u1ec7t Nam\",\"potentialAction\":[{\"@type\":\"SearchAction\",\"target\":{\"@type\":\"EntryPoint\",\"urlTemplate\":\"https:\\\/\\\/suatuyetvoi.com\\\/muasam\\\/?s={search_term_string}\"},\"query-input\":{\"@type\":\"PropertyValueSpecification\",\"valueRequired\":true,\"valueName\":\"search_term_string\"}}],\"inLanguage\":\"vi\"}]}<\/script>\n<!-- \/ Yoast SEO plugin. -->","yoast_head_json":{"title":"S\u1eefa b\u1ed9t NeoCare IQ grow 900g (1-18 tu\u1ed5i) - \u0110ang khuy\u1ebfn m\u00e3i","description":"Dinh d\u01b0\u1ee1ng \u0111\u1eb7c bi\u1ec7t Ph\u00e1t tri\u1ec3n chi\u1ec1u cao v\u00e0 Tr\u00ed n\u00e3o cho tr\u1ebb t\u1eeb 1 \u0111\u1ebfn 18 tu\u1ed5i.","robots":{"index":"index","follow":"follow","max-snippet":"max-snippet:-1","max-image-preview":"max-image-preview:large","max-video-preview":"max-video-preview:-1"},"canonical":"https:\/\/suatuyetvoi.com\/muasam\/san-pham\/sua-bot-neocare-iq-grow-900g-1-18-tuoi\/","og_locale":"vi_VN","og_type":"article","og_title":"S\u1eefa Similac Total Protection 3 900g (1 - 2 tu\u1ed5i) - \u0110ang Khuy\u1ebfn m\u00e3i","og_description":"S\u1eefa Similac\u00ae Total Protection 3 l\u00e0 s\u1ea3n ph\u1ea9m b\u1ed5 sung dinh d\u01b0\u1ee1ng cho ch\u1ebf \u0111\u1ed9 \u0103n h\u00e0ng ng\u00e0y c\u1ee7a tr\u1ebb 1\u20132 tu\u1ed5i. Thu\u1ed9c th\u01b0\u01a1ng hi\u1ec7u uy t\u00edn h\u00e0ng \u0111\u1ea7u th\u1ebf gi\u1edbi - Abbott, s\u1ea3n ph\u1ea9m kh\u00f4ng ch\u1ec9 an to\u00e0n, m\u00e0 c\u00f2n cung c\u1ea5p \u0111\u1ea7y \u0111\u1ee7 d\u01b0\u1ee1ng ch\u1ea5t thi\u1ebft y\u1ebfu cho s\u1ef1 ph\u00e1t tri\u1ec3n c\u1ee7a con.","og_url":"https:\/\/suatuyetvoi.com\/muasam\/san-pham\/sua-bot-neocare-iq-grow-900g-1-18-tuoi\/","og_site_name":"S\u1eefa Tuy\u1ec7t V\u1eddi","article_modified_time":"2023-03-17T10:34:28+00:00","og_image":[{"width":500,"height":500,"url":"https:\/\/suatuyetvoi.com\/muasam\/wp-content\/uploads\/2023\/03\/z2973987875136_31d4ffec9d91129f52509b0b9b309695-removebg-preview.png","type":"image\/png"}],"twitter_card":"summary_large_image","twitter_title":"S\u1eefa Similac Total Protection 3 900g (1 - 2 tu\u1ed5i) - \u0110ang Khuy\u1ebfn m\u00e3i","twitter_description":"S\u1eefa Similac\u00ae Total Protection 3 l\u00e0 s\u1ea3n ph\u1ea9m b\u1ed5 sung dinh d\u01b0\u1ee1ng cho ch\u1ebf \u0111\u1ed9 \u0103n h\u00e0ng ng\u00e0y c\u1ee7a tr\u1ebb 1\u20132 tu\u1ed5i. Thu\u1ed9c th\u01b0\u01a1ng hi\u1ec7u uy t\u00edn h\u00e0ng \u0111\u1ea7u th\u1ebf gi\u1edbi - Abbott, s\u1ea3n ph\u1ea9m kh\u00f4ng ch\u1ec9 an to\u00e0n, m\u00e0 c\u00f2n cung c\u1ea5p \u0111\u1ea7y \u0111\u1ee7 d\u01b0\u1ee1ng ch\u1ea5t thi\u1ebft y\u1ebfu cho s\u1ef1 ph\u00e1t tri\u1ec3n c\u1ee7a con.","twitter_misc":{"\u01af\u1edbc t\u00ednh th\u1eddi gian \u0111\u1ecdc":"3 ph\u00fat"},"schema":{"@context":"https:\/\/schema.org","@graph":[{"@type":"WebPage","@id":"https:\/\/suatuyetvoi.com\/muasam\/san-pham\/sua-bot-neocare-iq-grow-900g-1-18-tuoi\/","url":"https:\/\/suatuyetvoi.com\/muasam\/san-pham\/sua-bot-neocare-iq-grow-900g-1-18-tuoi\/","name":"S\u1eefa b\u1ed9t NeoCare IQ grow 900g (1-18 tu\u1ed5i) - \u0110ang khuy\u1ebfn m\u00e3i","isPartOf":{"@id":"https:\/\/suatuyetvoi.com\/muasam\/#website"},"primaryImageOfPage":{"@id":"https:\/\/suatuyetvoi.com\/muasam\/san-pham\/sua-bot-neocare-iq-grow-900g-1-18-tuoi\/#primaryimage"},"image":{"@id":"https:\/\/suatuyetvoi.com\/muasam\/san-pham\/sua-bot-neocare-iq-grow-900g-1-18-tuoi\/#primaryimage"},"thumbnailUrl":"https:\/\/suatuyetvoi.com\/muasam\/wp-content\/uploads\/2023\/03\/z2973987875136_31d4ffec9d91129f52509b0b9b309695-removebg-preview.png","datePublished":"2023-03-17T09:47:50+00:00","dateModified":"2023-03-17T10:34:28+00:00","description":"Dinh d\u01b0\u1ee1ng \u0111\u1eb7c bi\u1ec7t Ph\u00e1t tri\u1ec3n chi\u1ec1u cao v\u00e0 Tr\u00ed n\u00e3o cho tr\u1ebb t\u1eeb 1 \u0111\u1ebfn 18 tu\u1ed5i.","breadcrumb":{"@id":"https:\/\/suatuyetvoi.com\/muasam\/san-pham\/sua-bot-neocare-iq-grow-900g-1-18-tuoi\/#breadcrumb"},"inLanguage":"vi","potentialAction":[{"@type":"ReadAction","target":["https:\/\/suatuyetvoi.com\/muasam\/san-pham\/sua-bot-neocare-iq-grow-900g-1-18-tuoi\/"]}]},{"@type":"ImageObject","inLanguage":"vi","@id":"https:\/\/suatuyetvoi.com\/muasam\/san-pham\/sua-bot-neocare-iq-grow-900g-1-18-tuoi\/#primaryimage","url":"https:\/\/suatuyetvoi.com\/muasam\/wp-content\/uploads\/2023\/03\/z2973987875136_31d4ffec9d91129f52509b0b9b309695-removebg-preview.png","contentUrl":"https:\/\/suatuyetvoi.com\/muasam\/wp-content\/uploads\/2023\/03\/z2973987875136_31d4ffec9d91129f52509b0b9b309695-removebg-preview.png","width":500,"height":500},{"@type":"BreadcrumbList","@id":"https:\/\/suatuyetvoi.com\/muasam\/san-pham\/sua-bot-neocare-iq-grow-900g-1-18-tuoi\/#breadcrumb","itemListElement":[{"@type":"ListItem","position":1,"name":"Home","item":"https:\/\/suatuyetvoi.com\/muasam\/"},{"@type":"ListItem","position":2,"name":"Shop","item":"https:\/\/suatuyetvoi.com\/muasam\/shop\/"},{"@type":"ListItem","position":3,"name":"S\u1eefa b\u1ed9t NeoCare IQ grow 900g (1-18 tu\u1ed5i)"}]},{"@type":"WebSite","@id":"https:\/\/suatuyetvoi.com\/muasam\/#website","url":"https:\/\/suatuyetvoi.com\/muasam\/","name":"S\u1eefa Tuy\u1ec7t V\u1eddi","description":"S\u1eefa Tuy\u1ec7t V\u1eddi Vi\u1ec7t Nam","potentialAction":[{"@type":"SearchAction","target":{"@type":"EntryPoint","urlTemplate":"https:\/\/suatuyetvoi.com\/muasam\/?s={search_term_string}"},"query-input":{"@type":"PropertyValueSpecification","valueRequired":true,"valueName":"search_term_string"}}],"inLanguage":"vi"}]}},"_links":{"self":[{"href":"https:\/\/suatuyetvoi.com\/muasam\/wp-json\/wp\/v2\/product\/5792","targetHints":{"allow":["GET"]}}],"collection":[{"href":"https:\/\/suatuyetvoi.com\/muasam\/wp-json\/wp\/v2\/product"}],"about":[{"href":"https:\/\/suatuyetvoi.com\/muasam\/wp-json\/wp\/v2\/types\/product"}],"replies":[{"embeddable":true,"href":"https:\/\/suatuyetvoi.com\/muasam\/wp-json\/wp\/v2\/comments?post=5792"}],"wp:featuredmedia":[{"embeddable":true,"href":"https:\/\/suatuyetvoi.com\/muasam\/wp-json\/wp\/v2\/media\/5796"}],"wp:attachment":[{"href":"https:\/\/suatuyetvoi.com\/muasam\/wp-json\/wp\/v2\/media?parent=5792"}],"wp:term":[{"taxonomy":"product_cat","embeddable":true,"href":"https:\/\/suatuyetvoi.com\/muasam\/wp-json\/wp\/v2\/product_cat?post=5792"},{"taxonomy":"product_tag","embeddable":true,"href":"https:\/\/suatuyetvoi.com\/muasam\/wp-json\/wp\/v2\/product_tag?post=5792"}],"curies":[{"name":"wp","href":"https:\/\/api.w.org\/{rel}","templated":true}]}}