{"id":5778,"date":"2023-03-17T15:46:47","date_gmt":"2023-03-17T08:46:47","guid":{"rendered":"https:\/\/suatuyetvoi.com\/muasam\/?post_type=product&#038;p=5778"},"modified":"2023-03-17T17:44:52","modified_gmt":"2023-03-17T10:44:52","slug":"sua-humana-gold-plus-so-2-800g-6-12-thang","status":"publish","type":"product","link":"https:\/\/suatuyetvoi.com\/muasam\/san-pham\/sua-humana-gold-plus-so-2-800g-6-12-thang\/","title":{"rendered":"S\u1eefa Humana Gold Plus s\u1ed1 2 800g (6-12 th\u00e1ng)"},"content":{"rendered":"<h1>Chi ti\u1ebft s\u1ea3n ph\u1ea9m<\/h1>\n<table>\n<tbody>\n<tr>\n<td>T\u00ean s\u1ea3n ph\u1ea9m<\/td>\n<td>S\u1eefa Humana Gold Plus s\u1ed1 2 800g (6-12 th\u00e1ng)<\/td>\n<\/tr>\n<tr>\n<td>Th\u01b0\u01a1ng hi\u1ec7u<\/td>\n<td>Humana<\/td>\n<\/tr>\n<tr>\n<td>Xu\u1ea5t x\u1ee9 th\u01b0\u01a1ng hi\u1ec7u<\/td>\n<td>\u0110\u1ee9c<\/td>\n<\/tr>\n<tr>\n<td>Tr\u1ecdng l\u01b0\u1ee3ng s\u1ea3n ph\u1ea9m<\/td>\n<td>0.8<\/td>\n<\/tr>\n<tr>\n<td>H\u01b0\u1edbng d\u1eabn s\u1eed d\u1ee5ng<\/td>\n<td>. \u0110un s\u00f4i l\u01b0\u1ee3ng n\u01b0\u1edbc v\u1eeba \u0111\u1ee7, \u0111\u1ec3 ngu\u1ed9i \u0111\u1ebfn kho\u1ea3ng 50\u00b0C , sau \u0111\u00f3 r\u00f3t kho\u1ea3ng ph\u00e2n n\u1eeda l\u01b0\u1ee3ng n\u01b0\u1edbc c\u1ea7n pha v\u00e0o b\u00ecnh s\u1ea1ch<br \/>\n. S\u1eed d\u1ee5ng mu\u1ed7ng \u0111ong c\u00f3 s\u1eb5n trong h\u1ed9p \u0111\u1ec3 l\u1ea5y l\u01b0\u1ee3ng b\u1ed9t c\u1ea7n pha theo h\u01b0\u1edbng d\u1eabn v\u00e0 cho v\u00e0o b\u00ecnh<br \/>\n. \u0110\u1eady k\u00edn n\u1eafp b\u00ecnh v\u00e0 l\u1eafc m\u1ea1nh ngay \u0111\u1ec3 h\u00f2a tan<br \/>\n. Cho ti\u1ebfp l\u01b0\u1ee3ng n\u01b0\u1edbc c\u00f2n l\u1ea1i v\u00e0o, ti\u1ebfp t\u1ee5c l\u1eafc m\u1ea1nh cho b\u1ed9t h\u00f2a tan ho\u00e0n to\u00e0n<br \/>\n. Si\u1ebft ch\u1eb7t n\u1eafp b\u00ecnh v\u00e0 ki\u1ec3m tra l\u1ea1i nhi\u1ec7t \u0111\u1ed9 c\u1ee7a s\u1ea3n ph\u1ea9m \u0111\u00e3 pha (37\u00b0C) tr\u01b0\u1edbc khi cho b\u00e9 u\u1ed1ng.<\/td>\n<\/tr>\n<tr>\n<td>H\u01b0\u1edbng d\u1eabn b\u1ea3o qu\u1ea3n<\/td>\n<td>. B\u1ea3o qu\u1ea3n n\u01a1i kh\u00f4 m\u00e1t ( &lt;25 \u0111\u1ed9 C), tr\u00e1nh \u00e1nh n\u1eafng tr\u1ef1c ti\u1ebfp, kh\u00f4ng \u0111\u1ec3 g\u1ea7n ch\u1ea5t cho m\u00f9i, kh\u00f4ng \u0111\u1ec3 trong t\u1ee7 l\u1ea1nh<br \/>\n. \u0110\u00f3ng k\u00edn n\u1eafp sau khi s\u1eed d\u1ee5ng v\u00e0 d\u00f9ng s\u1ea3n ph\u1ea9m trong v\u00f2ng 3 tu\u1ea7n sau khi m\u1edf n\u1eafp.<\/td>\n<\/tr>\n<\/tbody>\n<\/table>\n<p><b>S\u1eefa Humana Gold Plus s\u1ed1 2<\/b>\u00a0l\u00e0 s\u1ea3n ph\u1ea9m dinh d\u01b0\u1ee1ng d\u00e0nh cho c\u00e1c b\u00e9 6-12 th\u00e1ng tu\u1ed5i \u0111\u1ebfn t\u1eeb \u0110\u1ee9c.\u00a0\u0110\u01b0\u1ee3c s\u1ea3n xu\u1ea5t theo c\u00f4ng ngh\u1ec7 hi\u1ec7n \u0111\u1ea1i v\u00e0 \u0111\u01b0\u1ee3c ch\u1ee9ng minh l\u00e2m s\u00e0ng v\u1ec1 t\u00ednh hi\u1ec7u qu\u1ea3 v\u00e0 an to\u00e0n, s\u1ea3n ph\u1ea9m s\u1ebd l\u00e0 s\u1ef1 l\u1ef1a ch\u1ecdn r\u1ea5t t\u1ed1t ba m\u1eb9 n\u00ean d\u00e0nh cho tr\u1ebb trong giai \u0111o\u1ea1n 6-12 th\u00e1ng.<\/p>\n<p><img loading=\"lazy\" decoding=\"async\" class=\"alignnone size-medium wp-image-5779\" src=\"https:\/\/suatuyetvoi.com\/muasam\/wp-content\/uploads\/2023\/03\/1639364521-gold-plus-2-800g-400x400.png\" alt=\"\" width=\"400\" height=\"400\" srcset=\"https:\/\/suatuyetvoi.com\/muasam\/wp-content\/uploads\/2023\/03\/1639364521-gold-plus-2-800g-400x400.png 400w, https:\/\/suatuyetvoi.com\/muasam\/wp-content\/uploads\/2023\/03\/1639364521-gold-plus-2-800g-800x800.png 800w, https:\/\/suatuyetvoi.com\/muasam\/wp-content\/uploads\/2023\/03\/1639364521-gold-plus-2-800g-280x280.png 280w, https:\/\/suatuyetvoi.com\/muasam\/wp-content\/uploads\/2023\/03\/1639364521-gold-plus-2-800g-768x768.png 768w, https:\/\/suatuyetvoi.com\/muasam\/wp-content\/uploads\/2023\/03\/1639364521-gold-plus-2-800g-1536x1536.png 1536w, https:\/\/suatuyetvoi.com\/muasam\/wp-content\/uploads\/2023\/03\/1639364521-gold-plus-2-800g-300x300.png 300w, https:\/\/suatuyetvoi.com\/muasam\/wp-content\/uploads\/2023\/03\/1639364521-gold-plus-2-800g-600x600.png 600w, https:\/\/suatuyetvoi.com\/muasam\/wp-content\/uploads\/2023\/03\/1639364521-gold-plus-2-800g-100x100.png 100w, https:\/\/suatuyetvoi.com\/muasam\/wp-content\/uploads\/2023\/03\/1639364521-gold-plus-2-800g.png 1668w\" sizes=\"auto, (max-width: 400px) 100vw, 400px\" \/><\/p>\n<h1><b>\u01afu \u0111i\u1ec3m n\u1ed5i b\u1eadt<\/b><\/h1>\n<p>. S\u1eefa b\u1ed9t dinh d\u01b0\u1ee1ng Humana Gold Plus 2\u00a0l\u00e0 s\u1ea3n ph\u00e2m dinh d\u01b0\u1ee1ng thu\u1ed9c th\u01b0\u01a1ng hi\u1ec7u uy t\u00edn h\u00e0ng \u0111\u1ea7u th\u1ebf gi\u1edbi c\u00f3 xu\u1ea5t x\u1ee9 t\u1eeb \u0110\u1ee9c;<\/p>\n<p>. S\u1ea3n ph\u1ea9m cung c\u1ea5p nh\u1eefng d\u01b0\u1ee1ng ch\u1ea5t thi\u1ebft y\u1ebfu, gi\u00fap b\u1ed5 sung dinh d\u01b0\u1ee1ng cho con trong tr\u01b0\u1eddng h\u1ee3p ngu\u1ed3n s\u1eefa m\u1eb9 ch\u01b0a \u0111\u1ee7;<\/p>\n<p>. S\u1eefa Humana Gold Plus 2\u00a0r\u1ea5t an to\u00e0n v\u1edbi h\u1ec7 ti\u00eau h\u00f3a c\u1ee7a con do\u00a0kh\u00f4ng ch\u1ee9a ch\u1ea5t b\u1ea3o qu\u1ea3n v\u00e0 c\u00e1c ch\u1ea5t c\u00f3 h\u1ea1i nh\u01b0: Gluten, Melamine, ph\u1ea9m m\u00e0u, h\u01b0\u01a1ng nh\u00e2n t\u1ea1o\u2026;<\/p>\n<h1><b>T\u1ef7 l\u1ec7 pha g\u1ee3i \u00fd\u00a0<\/b><\/h1>\n<p>. Pha 6 mu\u1ed7ng b\u1ed9t v\u1edbi 180ml n\u01b0\u1edbc s\u1ebd cho \u0111\u01b0\u1ee3c 200ml s\u1eefa cho b\u00e9.<\/p>\n<p>. N\u00ean cho b\u00e9 u\u1ed1ng 2-3 l\u1ea7n m\u1ed9t ng\u00e0y (ho\u1eb7c tu\u1ef3 theo nhu c\u1ea7u c\u1ee7a con.<\/p>\n<h1><b>Th\u00e0nh ph\u1ea7n<\/b><\/h1>\n<p>B\u1ed9t Whey kh\u1eed kho\u00e1ng, d\u1ea7u th\u1ef1c v\u1eadt (d\u1ea7u c\u1ecd, d\u1ea7u h\u1ea1t c\u1ea3i, d\u1ea7u h\u01b0\u1edbng d\u01b0\u01a1ng), Lactose, s\u1eefa b\u1ed9t t\u00e1ch b\u00e9o, galacto &#8211; oligosaccharides (t\u1eeb s\u1eefa)\u2026.<\/p>\n","protected":false},"excerpt":{"rendered":"<p>H\u1ec7 d\u01b0\u1ee1ng ch\u1ea5t IQ Plus ph\u00e1t tri\u1ec3n n\u00e3o b\u1ed9<br \/>\nT\u0103ng c\u01b0\u1eddng \u0111\u1ec1 kh\u00e1ng v\u00e0 ti\u00eau h\u00f3a kh\u1ecfe m\u1ea1nh<br \/>\nGi\u00fap h\u1ea5p thu Canxi t\u1ed1t<\/p>\n","protected":false},"featured_media":5781,"comment_status":"open","ping_status":"closed","template":"","meta":[],"product_cat":[231],"product_tag":[557,516],"class_list":["post-5778","product","type-product","status-publish","has-post-thumbnail","hentry","product_cat-sua-bot","product_tag-sua-dinh-duong","product_tag-tu-6-12-thang","berocket_brand-humana"],"yoast_head":"<!-- This site is optimized with the Yoast SEO plugin v27.6 - https:\/\/yoast.com\/product\/yoast-seo-wordpress\/ -->\n<title>S\u1eefa Humana Gold Plus s\u1ed1 2 800g (6-12 th\u00e1ng) - \u0110ang Khuy\u1ebfn m\u00e3i<\/title>\n<meta name=\"description\" content=\"S\u1eefa Humana Gold Plus s\u1ed1 2\u00a0l\u00e0 s\u1ea3n ph\u1ea9m dinh d\u01b0\u1ee1ng d\u00e0nh cho c\u00e1c b\u00e9 6-12 th\u00e1ng tu\u1ed5i \u0111\u1ebfn t\u1eeb \u0110\u1ee9c.\u00a0\u0110\u01b0\u1ee3c s\u1ea3n xu\u1ea5t theo c\u00f4ng ngh\u1ec7 hi\u1ec7n \u0111\u1ea1i v\u00e0 \u0111\u01b0\u1ee3c ch\u1ee9ng minh l\u00e2m s\u00e0ng v\u1ec1 t\u00ednh hi\u1ec7u qu\u1ea3 v\u00e0 an to\u00e0n, s\u1ea3n ph\u1ea9m s\u1ebd l\u00e0 s\u1ef1 l\u1ef1a ch\u1ecdn r\u1ea5t t\u1ed1t ba m\u1eb9 n\u00ean d\u00e0nh cho tr\u1ebb trong giai \u0111o\u1ea1n 6-12 th\u00e1ng.\" \/>\n<meta name=\"robots\" content=\"index, follow, max-snippet:-1, max-image-preview:large, max-video-preview:-1\" \/>\n<link rel=\"canonical\" href=\"https:\/\/suatuyetvoi.com\/muasam\/san-pham\/sua-humana-gold-plus-so-2-800g-6-12-thang\/\" \/>\n<meta property=\"og:locale\" content=\"vi_VN\" \/>\n<meta property=\"og:type\" content=\"article\" \/>\n<meta property=\"og:title\" content=\"S\u1eefa Similac Total Protection 3 900g (1 - 2 tu\u1ed5i) - \u0110ang Khuy\u1ebfn m\u00e3i\" \/>\n<meta property=\"og:description\" content=\"S\u1eefa Similac\u00ae Total Protection 3 l\u00e0 s\u1ea3n ph\u1ea9m b\u1ed5 sung dinh d\u01b0\u1ee1ng cho ch\u1ebf \u0111\u1ed9 \u0103n h\u00e0ng ng\u00e0y c\u1ee7a tr\u1ebb 1\u20132 tu\u1ed5i. Thu\u1ed9c th\u01b0\u01a1ng hi\u1ec7u uy t\u00edn h\u00e0ng \u0111\u1ea7u th\u1ebf gi\u1edbi - Abbott, s\u1ea3n ph\u1ea9m kh\u00f4ng ch\u1ec9 an to\u00e0n, m\u00e0 c\u00f2n cung c\u1ea5p \u0111\u1ea7y \u0111\u1ee7 d\u01b0\u1ee1ng ch\u1ea5t thi\u1ebft y\u1ebfu cho s\u1ef1 ph\u00e1t tri\u1ec3n c\u1ee7a con.\" \/>\n<meta property=\"og:url\" content=\"https:\/\/suatuyetvoi.com\/muasam\/san-pham\/sua-humana-gold-plus-so-2-800g-6-12-thang\/\" \/>\n<meta property=\"og:site_name\" content=\"S\u1eefa Tuy\u1ec7t V\u1eddi\" \/>\n<meta property=\"article:modified_time\" content=\"2023-03-17T10:44:52+00:00\" \/>\n<meta property=\"og:image\" content=\"https:\/\/suatuyetvoi.com\/muasam\/wp-content\/uploads\/2023\/03\/1639364521-gold-plus-2-800g-removebg-preview.png\" \/>\n\t<meta property=\"og:image:width\" content=\"500\" \/>\n\t<meta property=\"og:image:height\" content=\"500\" \/>\n\t<meta property=\"og:image:type\" content=\"image\/png\" \/>\n<meta name=\"twitter:card\" content=\"summary_large_image\" \/>\n<meta name=\"twitter:title\" content=\"S\u1eefa Similac Total Protection 3 900g (1 - 2 tu\u1ed5i) - \u0110ang Khuy\u1ebfn m\u00e3i\" \/>\n<meta name=\"twitter:description\" content=\"S\u1eefa Similac\u00ae Total Protection 3 l\u00e0 s\u1ea3n ph\u1ea9m b\u1ed5 sung dinh d\u01b0\u1ee1ng cho ch\u1ebf \u0111\u1ed9 \u0103n h\u00e0ng ng\u00e0y c\u1ee7a tr\u1ebb 1\u20132 tu\u1ed5i. Thu\u1ed9c th\u01b0\u01a1ng hi\u1ec7u uy t\u00edn h\u00e0ng \u0111\u1ea7u th\u1ebf gi\u1edbi - Abbott, s\u1ea3n ph\u1ea9m kh\u00f4ng ch\u1ec9 an to\u00e0n, m\u00e0 c\u00f2n cung c\u1ea5p \u0111\u1ea7y \u0111\u1ee7 d\u01b0\u1ee1ng ch\u1ea5t thi\u1ebft y\u1ebfu cho s\u1ef1 ph\u00e1t tri\u1ec3n c\u1ee7a con.\" \/>\n<meta name=\"twitter:label1\" content=\"\u01af\u1edbc t\u00ednh th\u1eddi gian \u0111\u1ecdc\" \/>\n\t<meta name=\"twitter:data1\" content=\"3 ph\u00fat\" \/>\n<script type=\"application\/ld+json\" class=\"yoast-schema-graph\">{\"@context\":\"https:\\\/\\\/schema.org\",\"@graph\":[{\"@type\":\"WebPage\",\"@id\":\"https:\\\/\\\/suatuyetvoi.com\\\/muasam\\\/san-pham\\\/sua-humana-gold-plus-so-2-800g-6-12-thang\\\/\",\"url\":\"https:\\\/\\\/suatuyetvoi.com\\\/muasam\\\/san-pham\\\/sua-humana-gold-plus-so-2-800g-6-12-thang\\\/\",\"name\":\"S\u1eefa Humana Gold Plus s\u1ed1 2 800g (6-12 th\u00e1ng) - \u0110ang Khuy\u1ebfn m\u00e3i\",\"isPartOf\":{\"@id\":\"https:\\\/\\\/suatuyetvoi.com\\\/muasam\\\/#website\"},\"primaryImageOfPage\":{\"@id\":\"https:\\\/\\\/suatuyetvoi.com\\\/muasam\\\/san-pham\\\/sua-humana-gold-plus-so-2-800g-6-12-thang\\\/#primaryimage\"},\"image\":{\"@id\":\"https:\\\/\\\/suatuyetvoi.com\\\/muasam\\\/san-pham\\\/sua-humana-gold-plus-so-2-800g-6-12-thang\\\/#primaryimage\"},\"thumbnailUrl\":\"https:\\\/\\\/suatuyetvoi.com\\\/muasam\\\/wp-content\\\/uploads\\\/2023\\\/03\\\/1639364521-gold-plus-2-800g-removebg-preview.png\",\"datePublished\":\"2023-03-17T08:46:47+00:00\",\"dateModified\":\"2023-03-17T10:44:52+00:00\",\"description\":\"S\u1eefa Humana Gold Plus s\u1ed1 2\u00a0l\u00e0 s\u1ea3n ph\u1ea9m dinh d\u01b0\u1ee1ng d\u00e0nh cho c\u00e1c b\u00e9 6-12 th\u00e1ng tu\u1ed5i \u0111\u1ebfn t\u1eeb \u0110\u1ee9c.\u00a0\u0110\u01b0\u1ee3c s\u1ea3n xu\u1ea5t theo c\u00f4ng ngh\u1ec7 hi\u1ec7n \u0111\u1ea1i v\u00e0 \u0111\u01b0\u1ee3c ch\u1ee9ng minh l\u00e2m s\u00e0ng v\u1ec1 t\u00ednh hi\u1ec7u qu\u1ea3 v\u00e0 an to\u00e0n, s\u1ea3n ph\u1ea9m s\u1ebd l\u00e0 s\u1ef1 l\u1ef1a ch\u1ecdn r\u1ea5t t\u1ed1t ba m\u1eb9 n\u00ean d\u00e0nh cho tr\u1ebb trong giai \u0111o\u1ea1n 6-12 th\u00e1ng.\",\"breadcrumb\":{\"@id\":\"https:\\\/\\\/suatuyetvoi.com\\\/muasam\\\/san-pham\\\/sua-humana-gold-plus-so-2-800g-6-12-thang\\\/#breadcrumb\"},\"inLanguage\":\"vi\",\"potentialAction\":[{\"@type\":\"ReadAction\",\"target\":[\"https:\\\/\\\/suatuyetvoi.com\\\/muasam\\\/san-pham\\\/sua-humana-gold-plus-so-2-800g-6-12-thang\\\/\"]}]},{\"@type\":\"ImageObject\",\"inLanguage\":\"vi\",\"@id\":\"https:\\\/\\\/suatuyetvoi.com\\\/muasam\\\/san-pham\\\/sua-humana-gold-plus-so-2-800g-6-12-thang\\\/#primaryimage\",\"url\":\"https:\\\/\\\/suatuyetvoi.com\\\/muasam\\\/wp-content\\\/uploads\\\/2023\\\/03\\\/1639364521-gold-plus-2-800g-removebg-preview.png\",\"contentUrl\":\"https:\\\/\\\/suatuyetvoi.com\\\/muasam\\\/wp-content\\\/uploads\\\/2023\\\/03\\\/1639364521-gold-plus-2-800g-removebg-preview.png\",\"width\":500,\"height\":500},{\"@type\":\"BreadcrumbList\",\"@id\":\"https:\\\/\\\/suatuyetvoi.com\\\/muasam\\\/san-pham\\\/sua-humana-gold-plus-so-2-800g-6-12-thang\\\/#breadcrumb\",\"itemListElement\":[{\"@type\":\"ListItem\",\"position\":1,\"name\":\"Home\",\"item\":\"https:\\\/\\\/suatuyetvoi.com\\\/muasam\\\/\"},{\"@type\":\"ListItem\",\"position\":2,\"name\":\"Shop\",\"item\":\"https:\\\/\\\/suatuyetvoi.com\\\/muasam\\\/shop\\\/\"},{\"@type\":\"ListItem\",\"position\":3,\"name\":\"S\u1eefa Humana Gold Plus s\u1ed1 2 800g (6-12 th\u00e1ng)\"}]},{\"@type\":\"WebSite\",\"@id\":\"https:\\\/\\\/suatuyetvoi.com\\\/muasam\\\/#website\",\"url\":\"https:\\\/\\\/suatuyetvoi.com\\\/muasam\\\/\",\"name\":\"S\u1eefa Tuy\u1ec7t V\u1eddi\",\"description\":\"S\u1eefa Tuy\u1ec7t V\u1eddi Vi\u1ec7t Nam\",\"potentialAction\":[{\"@type\":\"SearchAction\",\"target\":{\"@type\":\"EntryPoint\",\"urlTemplate\":\"https:\\\/\\\/suatuyetvoi.com\\\/muasam\\\/?s={search_term_string}\"},\"query-input\":{\"@type\":\"PropertyValueSpecification\",\"valueRequired\":true,\"valueName\":\"search_term_string\"}}],\"inLanguage\":\"vi\"}]}<\/script>\n<!-- \/ Yoast SEO plugin. -->","yoast_head_json":{"title":"S\u1eefa Humana Gold Plus s\u1ed1 2 800g (6-12 th\u00e1ng) - \u0110ang Khuy\u1ebfn m\u00e3i","description":"S\u1eefa Humana Gold Plus s\u1ed1 2\u00a0l\u00e0 s\u1ea3n ph\u1ea9m dinh d\u01b0\u1ee1ng d\u00e0nh cho c\u00e1c b\u00e9 6-12 th\u00e1ng tu\u1ed5i \u0111\u1ebfn t\u1eeb \u0110\u1ee9c.\u00a0\u0110\u01b0\u1ee3c s\u1ea3n xu\u1ea5t theo c\u00f4ng ngh\u1ec7 hi\u1ec7n \u0111\u1ea1i v\u00e0 \u0111\u01b0\u1ee3c ch\u1ee9ng minh l\u00e2m s\u00e0ng v\u1ec1 t\u00ednh hi\u1ec7u qu\u1ea3 v\u00e0 an to\u00e0n, s\u1ea3n ph\u1ea9m s\u1ebd l\u00e0 s\u1ef1 l\u1ef1a ch\u1ecdn r\u1ea5t t\u1ed1t ba m\u1eb9 n\u00ean d\u00e0nh cho tr\u1ebb trong giai \u0111o\u1ea1n 6-12 th\u00e1ng.","robots":{"index":"index","follow":"follow","max-snippet":"max-snippet:-1","max-image-preview":"max-image-preview:large","max-video-preview":"max-video-preview:-1"},"canonical":"https:\/\/suatuyetvoi.com\/muasam\/san-pham\/sua-humana-gold-plus-so-2-800g-6-12-thang\/","og_locale":"vi_VN","og_type":"article","og_title":"S\u1eefa Similac Total Protection 3 900g (1 - 2 tu\u1ed5i) - \u0110ang Khuy\u1ebfn m\u00e3i","og_description":"S\u1eefa Similac\u00ae Total Protection 3 l\u00e0 s\u1ea3n ph\u1ea9m b\u1ed5 sung dinh d\u01b0\u1ee1ng cho ch\u1ebf \u0111\u1ed9 \u0103n h\u00e0ng ng\u00e0y c\u1ee7a tr\u1ebb 1\u20132 tu\u1ed5i. Thu\u1ed9c th\u01b0\u01a1ng hi\u1ec7u uy t\u00edn h\u00e0ng \u0111\u1ea7u th\u1ebf gi\u1edbi - Abbott, s\u1ea3n ph\u1ea9m kh\u00f4ng ch\u1ec9 an to\u00e0n, m\u00e0 c\u00f2n cung c\u1ea5p \u0111\u1ea7y \u0111\u1ee7 d\u01b0\u1ee1ng ch\u1ea5t thi\u1ebft y\u1ebfu cho s\u1ef1 ph\u00e1t tri\u1ec3n c\u1ee7a con.","og_url":"https:\/\/suatuyetvoi.com\/muasam\/san-pham\/sua-humana-gold-plus-so-2-800g-6-12-thang\/","og_site_name":"S\u1eefa Tuy\u1ec7t V\u1eddi","article_modified_time":"2023-03-17T10:44:52+00:00","og_image":[{"width":500,"height":500,"url":"https:\/\/suatuyetvoi.com\/muasam\/wp-content\/uploads\/2023\/03\/1639364521-gold-plus-2-800g-removebg-preview.png","type":"image\/png"}],"twitter_card":"summary_large_image","twitter_title":"S\u1eefa Similac Total Protection 3 900g (1 - 2 tu\u1ed5i) - \u0110ang Khuy\u1ebfn m\u00e3i","twitter_description":"S\u1eefa Similac\u00ae Total Protection 3 l\u00e0 s\u1ea3n ph\u1ea9m b\u1ed5 sung dinh d\u01b0\u1ee1ng cho ch\u1ebf \u0111\u1ed9 \u0103n h\u00e0ng ng\u00e0y c\u1ee7a tr\u1ebb 1\u20132 tu\u1ed5i. Thu\u1ed9c th\u01b0\u01a1ng hi\u1ec7u uy t\u00edn h\u00e0ng \u0111\u1ea7u th\u1ebf gi\u1edbi - Abbott, s\u1ea3n ph\u1ea9m kh\u00f4ng ch\u1ec9 an to\u00e0n, m\u00e0 c\u00f2n cung c\u1ea5p \u0111\u1ea7y \u0111\u1ee7 d\u01b0\u1ee1ng ch\u1ea5t thi\u1ebft y\u1ebfu cho s\u1ef1 ph\u00e1t tri\u1ec3n c\u1ee7a con.","twitter_misc":{"\u01af\u1edbc t\u00ednh th\u1eddi gian \u0111\u1ecdc":"3 ph\u00fat"},"schema":{"@context":"https:\/\/schema.org","@graph":[{"@type":"WebPage","@id":"https:\/\/suatuyetvoi.com\/muasam\/san-pham\/sua-humana-gold-plus-so-2-800g-6-12-thang\/","url":"https:\/\/suatuyetvoi.com\/muasam\/san-pham\/sua-humana-gold-plus-so-2-800g-6-12-thang\/","name":"S\u1eefa Humana Gold Plus s\u1ed1 2 800g (6-12 th\u00e1ng) - \u0110ang Khuy\u1ebfn m\u00e3i","isPartOf":{"@id":"https:\/\/suatuyetvoi.com\/muasam\/#website"},"primaryImageOfPage":{"@id":"https:\/\/suatuyetvoi.com\/muasam\/san-pham\/sua-humana-gold-plus-so-2-800g-6-12-thang\/#primaryimage"},"image":{"@id":"https:\/\/suatuyetvoi.com\/muasam\/san-pham\/sua-humana-gold-plus-so-2-800g-6-12-thang\/#primaryimage"},"thumbnailUrl":"https:\/\/suatuyetvoi.com\/muasam\/wp-content\/uploads\/2023\/03\/1639364521-gold-plus-2-800g-removebg-preview.png","datePublished":"2023-03-17T08:46:47+00:00","dateModified":"2023-03-17T10:44:52+00:00","description":"S\u1eefa Humana Gold Plus s\u1ed1 2\u00a0l\u00e0 s\u1ea3n ph\u1ea9m dinh d\u01b0\u1ee1ng d\u00e0nh cho c\u00e1c b\u00e9 6-12 th\u00e1ng tu\u1ed5i \u0111\u1ebfn t\u1eeb \u0110\u1ee9c.\u00a0\u0110\u01b0\u1ee3c s\u1ea3n xu\u1ea5t theo c\u00f4ng ngh\u1ec7 hi\u1ec7n \u0111\u1ea1i v\u00e0 \u0111\u01b0\u1ee3c ch\u1ee9ng minh l\u00e2m s\u00e0ng v\u1ec1 t\u00ednh hi\u1ec7u qu\u1ea3 v\u00e0 an to\u00e0n, s\u1ea3n ph\u1ea9m s\u1ebd l\u00e0 s\u1ef1 l\u1ef1a ch\u1ecdn r\u1ea5t t\u1ed1t ba m\u1eb9 n\u00ean d\u00e0nh cho tr\u1ebb trong giai \u0111o\u1ea1n 6-12 th\u00e1ng.","breadcrumb":{"@id":"https:\/\/suatuyetvoi.com\/muasam\/san-pham\/sua-humana-gold-plus-so-2-800g-6-12-thang\/#breadcrumb"},"inLanguage":"vi","potentialAction":[{"@type":"ReadAction","target":["https:\/\/suatuyetvoi.com\/muasam\/san-pham\/sua-humana-gold-plus-so-2-800g-6-12-thang\/"]}]},{"@type":"ImageObject","inLanguage":"vi","@id":"https:\/\/suatuyetvoi.com\/muasam\/san-pham\/sua-humana-gold-plus-so-2-800g-6-12-thang\/#primaryimage","url":"https:\/\/suatuyetvoi.com\/muasam\/wp-content\/uploads\/2023\/03\/1639364521-gold-plus-2-800g-removebg-preview.png","contentUrl":"https:\/\/suatuyetvoi.com\/muasam\/wp-content\/uploads\/2023\/03\/1639364521-gold-plus-2-800g-removebg-preview.png","width":500,"height":500},{"@type":"BreadcrumbList","@id":"https:\/\/suatuyetvoi.com\/muasam\/san-pham\/sua-humana-gold-plus-so-2-800g-6-12-thang\/#breadcrumb","itemListElement":[{"@type":"ListItem","position":1,"name":"Home","item":"https:\/\/suatuyetvoi.com\/muasam\/"},{"@type":"ListItem","position":2,"name":"Shop","item":"https:\/\/suatuyetvoi.com\/muasam\/shop\/"},{"@type":"ListItem","position":3,"name":"S\u1eefa Humana Gold Plus s\u1ed1 2 800g (6-12 th\u00e1ng)"}]},{"@type":"WebSite","@id":"https:\/\/suatuyetvoi.com\/muasam\/#website","url":"https:\/\/suatuyetvoi.com\/muasam\/","name":"S\u1eefa Tuy\u1ec7t V\u1eddi","description":"S\u1eefa Tuy\u1ec7t V\u1eddi Vi\u1ec7t Nam","potentialAction":[{"@type":"SearchAction","target":{"@type":"EntryPoint","urlTemplate":"https:\/\/suatuyetvoi.com\/muasam\/?s={search_term_string}"},"query-input":{"@type":"PropertyValueSpecification","valueRequired":true,"valueName":"search_term_string"}}],"inLanguage":"vi"}]}},"_links":{"self":[{"href":"https:\/\/suatuyetvoi.com\/muasam\/wp-json\/wp\/v2\/product\/5778","targetHints":{"allow":["GET"]}}],"collection":[{"href":"https:\/\/suatuyetvoi.com\/muasam\/wp-json\/wp\/v2\/product"}],"about":[{"href":"https:\/\/suatuyetvoi.com\/muasam\/wp-json\/wp\/v2\/types\/product"}],"replies":[{"embeddable":true,"href":"https:\/\/suatuyetvoi.com\/muasam\/wp-json\/wp\/v2\/comments?post=5778"}],"wp:featuredmedia":[{"embeddable":true,"href":"https:\/\/suatuyetvoi.com\/muasam\/wp-json\/wp\/v2\/media\/5781"}],"wp:attachment":[{"href":"https:\/\/suatuyetvoi.com\/muasam\/wp-json\/wp\/v2\/media?parent=5778"}],"wp:term":[{"taxonomy":"product_cat","embeddable":true,"href":"https:\/\/suatuyetvoi.com\/muasam\/wp-json\/wp\/v2\/product_cat?post=5778"},{"taxonomy":"product_tag","embeddable":true,"href":"https:\/\/suatuyetvoi.com\/muasam\/wp-json\/wp\/v2\/product_tag?post=5778"}],"curies":[{"name":"wp","href":"https:\/\/api.w.org\/{rel}","templated":true}]}}