{"id":5759,"date":"2023-03-16T12:01:59","date_gmt":"2023-03-16T05:01:59","guid":{"rendered":"https:\/\/suatuyetvoi.com\/muasam\/?post_type=product&#038;p=5759"},"modified":"2023-03-16T12:19:24","modified_gmt":"2023-03-16T05:19:24","slug":"sua-similac-total-protection-3-900g","status":"publish","type":"product","link":"https:\/\/suatuyetvoi.com\/muasam\/san-pham\/sua-similac-total-protection-3-900g\/","title":{"rendered":"S\u1eefa Similac Total Protection 3 900g"},"content":{"rendered":"<h3>Th\u00f4ng tin chi ti\u1ebft<\/h3>\n<table class=\"table table-bordered table-striped p_bottom_0\">\n<tbody>\n<tr>\n<td>T\u00ean s\u1ea3n ph\u1ea9m<\/td>\n<td>S\u1eefa Similac Total Protection 3 900g (1 &#8211; 2 tu\u1ed5i)<\/td>\n<\/tr>\n<tr>\n<td>Th\u01b0\u01a1ng hi\u1ec7u<\/td>\n<td>Similac<\/td>\n<\/tr>\n<tr>\n<td>Xu\u1ea5t x\u1ee9 th\u01b0\u01a1ng hi\u1ec7u<\/td>\n<td>M\u1ef9<\/td>\n<\/tr>\n<tr>\n<td>S\u1ea3n xu\u1ea5t t\u1ea1i<\/td>\n<td>Ireland<\/td>\n<\/tr>\n<tr>\n<td>Tr\u1ecdng l\u01b0\u1ee3ng s\u1ea3n ph\u1ea9m<\/td>\n<td>0.9<\/td>\n<\/tr>\n<tr>\n<td>H\u01b0\u1edbng d\u1eabn s\u1eed d\u1ee5ng<\/td>\n<td>. Similac\u00ae Total Protection 3 khi pha v\u1edbi n\u01b0\u1edbc s\u1ebd \u0111\u01b0\u1ee3c m\u1ed9t th\u1ee9c u\u1ed1ng dinh d\u01b0\u1ee1ng \u0111\u1ec3 ho\u00e0n thi\u1ec7n ch\u1ebf \u0111\u1ed9 \u0103n h\u00e0ng ng\u00e0y c\u1ee7a tr\u1ebb.<br \/>\n. R\u1eeda tay v\u00e0 d\u1ee5ng c\u1ee5 th\u1eadt s\u1ea1ch tr\u01b0\u1edbc khi pha<br \/>\n. V\u1ec7 sinh t\u1ed1t, s\u1eed d\u1ee5ng v\u00e0 b\u1ea3o qu\u1ea3n \u0111\u00fang c\u00e1ch r\u1ea5t quan tr\u1ecdng khi b\u1ea1n chu\u1ea9n b\u1ecb pha Similac\u00ae Total Protection 3 cho tr\u1ebb.<br \/>\n. \u0110un k\u1ef9 n\u01b0\u1edbc cho s\u00f4i, sau \u0111\u00f3 \u0111\u1ec3 ngu\u1ed9i. L\u01b0\u1eddng b\u1eb1ng mu\u1ed7ng \u0111\u00ednh k\u00e8m trong h\u1ed9p sau \u0111\u00f3 d\u00f9ng dao s\u1ea1ch g\u1ea1t ngang.<br \/>\n. 1 mu\u1ed7ng Similac\u00ae Total Protection 3 \u0111\u01b0\u1ee3c pha v\u1edbi 60ml (2 fl oz) n\u01b0\u1edbc \u0111un s\u00f4i \u0111\u1ec3 ngu\u1ed9i.<br \/>\n. Khu\u1ea5y \u0111\u1ec1u cho ho\u00e0 tan ho\u00e0n to\u00e0n.<br \/>\n. N\u1ebfu pha nhi\u1ec1u h\u01a1n m\u1ed9t l\u1ea7n d\u00f9ng th\u00ec l\u01b0\u1ee3ng pha d\u01b0 ph\u1ea3i \u0111\u01b0\u1ee3c b\u1ea3o qu\u1ea3n trong t\u1ee7 l\u1ea1nh \u1edf 2\u20134 \u0111\u1ed9 C v\u00e0 ch\u1ec9 d\u00f9ng trong v\u00f2ng 24 gi\u1edd<br \/>\n. Khi cho tr\u1ebb u\u1ed1ng, ph\u1ea3i d\u00f9ng trong v\u00f2ng 1 gi\u1edd, \u0111\u1ed5 b\u1ecf ph\u1ea7n c\u00f2n th\u1eeba. Kh\u00f4ng d\u00f9ng cho tr\u1ebb b\u1ecb b\u1ec7nh galactosemia.<\/td>\n<\/tr>\n<tr>\n<td>H\u01b0\u1edbng d\u1eabn b\u1ea3o qu\u1ea3n<\/td>\n<td>\u00a0.B\u1ea3o qu\u1ea3n h\u1ed9p ch\u01b0a m\u1edf n\u1eafp \u1edf nhi\u1ec7t \u0111\u1ed9 ph\u00f2ng<br \/>\n. H\u1ed9p \u0111\u00e3 m\u1edf n\u1eafp n\u00ean s\u1eed d\u1ee5ng trong v\u00f2ng 3 tu\u1ea7n<br \/>\n. \u0110\u1eady n\u1eafp v\u00e0 b\u1ea3o qu\u1ea3n n\u01a1i kh\u00f4 m\u00e1t (kh\u00f4ng \u0111\u1ec3 trong t\u1ee7 l\u1ea1nh).<\/td>\n<\/tr>\n<\/tbody>\n<\/table>\n<p>S\u1eefa Similac\u00ae Total Protection 3 l\u00e0 s\u1ea3n ph\u1ea9m b\u1ed5 sung dinh d\u01b0\u1ee1ng cho ch\u1ebf \u0111\u1ed9 \u0103n h\u00e0ng ng\u00e0y c\u1ee7a tr\u1ebb 1\u20132 tu\u1ed5i. Thu\u1ed9c th\u01b0\u01a1ng hi\u1ec7u uy t\u00edn h\u00e0ng \u0111\u1ea7u th\u1ebf gi\u1edbi &#8211; Abbott, s\u1ea3n ph\u1ea9m kh\u00f4ng ch\u1ec9 an to\u00e0n, m\u00e0 c\u00f2n cung c\u1ea5p \u0111\u1ea7y \u0111\u1ee7 d\u01b0\u1ee1ng ch\u1ea5t thi\u1ebft y\u1ebfu cho s\u1ef1 ph\u00e1t tri\u1ec3n c\u1ee7a con.<\/p>\n<p><img loading=\"lazy\" decoding=\"async\" class=\"alignnone wp-image-5760 size-full\" src=\"https:\/\/suatuyetvoi.com\/muasam\/wp-content\/uploads\/2023\/03\/1654746274-similac-total-protection-3.jpg\" alt=\"\" width=\"1000\" height=\"1000\" srcset=\"https:\/\/suatuyetvoi.com\/muasam\/wp-content\/uploads\/2023\/03\/1654746274-similac-total-protection-3.jpg 1000w, https:\/\/suatuyetvoi.com\/muasam\/wp-content\/uploads\/2023\/03\/1654746274-similac-total-protection-3-400x400.jpg 400w, https:\/\/suatuyetvoi.com\/muasam\/wp-content\/uploads\/2023\/03\/1654746274-similac-total-protection-3-800x800.jpg 800w, https:\/\/suatuyetvoi.com\/muasam\/wp-content\/uploads\/2023\/03\/1654746274-similac-total-protection-3-280x280.jpg 280w, https:\/\/suatuyetvoi.com\/muasam\/wp-content\/uploads\/2023\/03\/1654746274-similac-total-protection-3-768x768.jpg 768w, https:\/\/suatuyetvoi.com\/muasam\/wp-content\/uploads\/2023\/03\/1654746274-similac-total-protection-3-300x300.jpg 300w, https:\/\/suatuyetvoi.com\/muasam\/wp-content\/uploads\/2023\/03\/1654746274-similac-total-protection-3-600x600.jpg 600w, https:\/\/suatuyetvoi.com\/muasam\/wp-content\/uploads\/2023\/03\/1654746274-similac-total-protection-3-100x100.jpg 100w\" sizes=\"auto, (max-width: 1000px) 100vw, 1000px\" \/><\/p>\n<p>&nbsp;<\/p>\n<h3><strong>\u01afu \u0111i\u1ec3m n\u1ed5i b\u1eadt<\/strong><\/h3>\n<p>. Ch\u1ee9a 5 lo\u1ea1i HMO (2\u2019-FL, 3-FL, 3\u2019-SL, 6\u2019-SL, LNT) \u0111\u01b0\u1ee3c thi\u1ebft k\u1ebf m\u1ed9t c\u00e1ch khoa h\u1ecdc;<\/p>\n<p>. B\u1ed5 sung 10 vi d\u01b0\u1ee1ng ch\u1ea5t thi\u1ebft y\u1ebfu (Vitamin A, B6, B12, C, D, \u0111\u1ed3ng, acid folic, s\u1eaft, selen v\u00e0 k\u1ebdm) c\u00f9ng v\u1edbi Nucleotid;<\/p>\n<p>. H\u1ec7 d\u01b0\u1ee1ng ch\u1ea5t IQPlus l\u00e0 ph\u1ed1i h\u1ee3p khoa h\u1ecdc c\u1ee7a Lutein, Vitamin E t\u1ef1 nhi\u00ean v\u00e0 DHA c\u00f9ng v\u1edbi nh\u1eefng d\u01b0\u1ee1ng ch\u1ea5t quan tr\u1ecdng nh\u01b0 AA, omega 3, omega 6, taurin v\u00e0 cholin;<\/p>\n<p>. Probiotics h\u1ed7 tr\u1ee3 ph\u00e1t tri\u1ec3n c\u00e1c vi khu\u1ea9n c\u00f3 l\u1ee3i trong \u0111\u01b0\u1eddng ru\u1ed9t c\u1ee7a tr\u1ebb;<\/p>\n<p>. Ph\u1ee9c h\u1ee3p ch\u1ea5t b\u00e9o \u0111\u1eb7c bi\u1ec7t kh\u00f4ng ch\u1ee9a d\u1ea7u c\u1ecd: gi\u00fap h\u1ea5p thu canxi v\u00e0 ch\u1ea5t b\u00e9o t\u1ed1t h\u01a1n.<\/p>\n<h3><strong>T\u1ef7 l\u1ec7 pha g\u1ee3i \u00fd<\/strong><\/h3>\n<p>. Pha 3 mu\u1ed7ng b\u1ed9t v\u1edbi 180ml n\u01b0\u1edbc \u1ea5m.<\/p>\n<p>. Cho b\u00e9 u\u1ed1ng 3 l\u1ea7n\/ ng\u00e0y (Ho\u1eb7c t\u00f9y theo s\u1ee9c kh\u1ecfe v\u00e0 nhu c\u1ea7u dinh d\u01b0\u1ee1ng c\u1ee7a t\u1eebng tr\u1ebb).<\/p>\n<h3><strong>Th\u00e0nh ph\u1ea7n<\/strong><\/h3>\n<p>S\u1eefa kh\u00f4ng b\u00e9o, lactose, D\u1ea6U TH\u1ef0C V\u1eacT (^ch\u1ee9a: d\u1ea7u h\u01b0\u1edbng d\u01b0\u01a1ng gi\u00e0u oleic, d\u1ea7u \u0111\u1eadu n\u00e0nh, d\u1ea7u d\u1eeba), ph\u1ee9c h\u1ee3p oligosaccharid (5 lo\u1ea1i HMO: 2\u2019-fucosyllactose, lacto-N-tetraose, 3-fucosyllactose, 6\u2019-sialyllactose, 3\u2019-sialyllactose), KHO\u00c1NG CH\u1ea4T (tricanxi phosphat, canxi carbonat, kali citrat, natri clorid, kali hydroxit, s\u1eaft sulfat, k\u1ebdm sulfat, canxi clorid, magi\u00ea clorid, \u0111\u1ed3ng sulfat, mangan sulfat, kali iodid, natri selenat), VITAMIN (acid ascorbic, ascorbyl palmitat, niacinamid, RRR-\u03b1- tocopheryl acetat\u25ca, canxi d-pantothenat, retinyl palmitat, thiamin hydroclorid, pyridoxin hydroclorid, riboflavin, acid folic, phylloquinon, d-biotin, cholecalciferol, cyanocobalamin), ch\u1ea5t nh\u0169 h\u00f3a lecithin \u0111\u1eadu n\u00e0nh, myo-lnositol, acid docosahexaenoic (DHA), h\u01b0\u01a1ng vani t\u1ed5ng h\u1ee3p, cholin clorid, cholin bitartrat, taurin, NUCLEOTID (cytidin 5\u2019-monophosphat, dinatri uridin 5\u2019-monophosphat, adenosin 5\u2019-monophosphat, dinatri guanosin 5\u2019- monophosphat), acid arachidonic (AA), Bifidobacterium lactis (BB- 12\u00ae)\u2020, h\u1ed7n h\u1ee3p tocopherol, L-carnitin, CAROTENOID (lutein, \u03b2-caroten).<\/p>\n","protected":false},"excerpt":{"rendered":"<p>H\u1ec7 d\u01b0\u1ee1ng ch\u1ea5t IQ Plus ph\u00e1t tri\u1ec3n n\u00e3o b\u1ed9<br \/>\nT\u0103ng c\u01b0\u1eddng \u0111\u1ec1 kh\u00e1ng v\u00e0 ti\u00eau h\u00f3a kh\u1ecfe m\u1ea1nh<br \/>\nGi\u00fap h\u1ea5p thu Canxi t\u1ed1t<\/p>\n","protected":false},"featured_media":5762,"comment_status":"open","ping_status":"closed","template":"","meta":[],"product_cat":[231],"product_tag":[573,574,578,542,556,529,563,538],"class_list":["post-5759","product","type-product","status-publish","has-post-thumbnail","hentry","product_cat-sua-bot","product_tag-ho-tro-giup-phat-trien-nao-bo","product_tag-ho-tro-tang-suc-de-khang","product_tag-ho-tro-tieu-hoa","product_tag-phat-trien-tri-nao","product_tag-tang-cuong-he-mien-dich","product_tag-tang-cuong-mien-dich","product_tag-tri-nao","product_tag-tu-1-2-tuoi","berocket_brand-abbott"],"yoast_head":"<!-- This site is optimized with the Yoast SEO plugin v27.6 - https:\/\/yoast.com\/product\/yoast-seo-wordpress\/ -->\n<title>S\u1eefa Similac Total Protection 3 900g (1 - 2 tu\u1ed5i) - \u0110ang Khuy\u1ebfn m\u00e3i<\/title>\n<meta name=\"description\" content=\"S\u1eefa Similac\u00ae Total Protection 3 l\u00e0 s\u1ea3n ph\u1ea9m b\u1ed5 sung dinh d\u01b0\u1ee1ng cho ch\u1ebf \u0111\u1ed9 \u0103n h\u00e0ng ng\u00e0y c\u1ee7a tr\u1ebb 1\u20132 tu\u1ed5i. Thu\u1ed9c th\u01b0\u01a1ng hi\u1ec7u uy t\u00edn h\u00e0ng \u0111\u1ea7u th\u1ebf gi\u1edbi - Abbott, s\u1ea3n ph\u1ea9m kh\u00f4ng ch\u1ec9 an to\u00e0n, m\u00e0 c\u00f2n cung c\u1ea5p \u0111\u1ea7y \u0111\u1ee7 d\u01b0\u1ee1ng ch\u1ea5t thi\u1ebft y\u1ebfu cho s\u1ef1 ph\u00e1t tri\u1ec3n c\u1ee7a con.\" \/>\n<meta name=\"robots\" content=\"index, follow, max-snippet:-1, max-image-preview:large, max-video-preview:-1\" \/>\n<link rel=\"canonical\" href=\"https:\/\/suatuyetvoi.com\/muasam\/san-pham\/sua-similac-total-protection-3-900g\/\" \/>\n<meta property=\"og:locale\" content=\"vi_VN\" \/>\n<meta property=\"og:type\" content=\"article\" \/>\n<meta property=\"og:title\" content=\"S\u1eefa Similac Total Protection 3 900g (1 - 2 tu\u1ed5i) - \u0110ang Khuy\u1ebfn m\u00e3i\" \/>\n<meta property=\"og:description\" content=\"S\u1eefa Similac\u00ae Total Protection 3 l\u00e0 s\u1ea3n ph\u1ea9m b\u1ed5 sung dinh d\u01b0\u1ee1ng cho ch\u1ebf \u0111\u1ed9 \u0103n h\u00e0ng ng\u00e0y c\u1ee7a tr\u1ebb 1\u20132 tu\u1ed5i. Thu\u1ed9c th\u01b0\u01a1ng hi\u1ec7u uy t\u00edn h\u00e0ng \u0111\u1ea7u th\u1ebf gi\u1edbi - Abbott, s\u1ea3n ph\u1ea9m kh\u00f4ng ch\u1ec9 an to\u00e0n, m\u00e0 c\u00f2n cung c\u1ea5p \u0111\u1ea7y \u0111\u1ee7 d\u01b0\u1ee1ng ch\u1ea5t thi\u1ebft y\u1ebfu cho s\u1ef1 ph\u00e1t tri\u1ec3n c\u1ee7a con.\" \/>\n<meta property=\"og:url\" content=\"https:\/\/suatuyetvoi.com\/muasam\/san-pham\/sua-similac-total-protection-3-900g\/\" \/>\n<meta property=\"og:site_name\" content=\"S\u1eefa Tuy\u1ec7t V\u1eddi\" \/>\n<meta property=\"article:modified_time\" content=\"2023-03-16T05:19:24+00:00\" \/>\n<meta property=\"og:image\" content=\"https:\/\/suatuyetvoi.com\/muasam\/wp-content\/uploads\/2023\/03\/abbott-1.png\" \/>\n\t<meta property=\"og:image:width\" content=\"1080\" \/>\n\t<meta property=\"og:image:height\" content=\"1080\" \/>\n\t<meta property=\"og:image:type\" content=\"image\/png\" \/>\n<meta name=\"twitter:card\" content=\"summary_large_image\" \/>\n<meta name=\"twitter:title\" content=\"S\u1eefa Similac Total Protection 3 900g (1 - 2 tu\u1ed5i) - \u0110ang Khuy\u1ebfn m\u00e3i\" \/>\n<meta name=\"twitter:description\" content=\"S\u1eefa Similac\u00ae Total Protection 3 l\u00e0 s\u1ea3n ph\u1ea9m b\u1ed5 sung dinh d\u01b0\u1ee1ng cho ch\u1ebf \u0111\u1ed9 \u0103n h\u00e0ng ng\u00e0y c\u1ee7a tr\u1ebb 1\u20132 tu\u1ed5i. Thu\u1ed9c th\u01b0\u01a1ng hi\u1ec7u uy t\u00edn h\u00e0ng \u0111\u1ea7u th\u1ebf gi\u1edbi - Abbott, s\u1ea3n ph\u1ea9m kh\u00f4ng ch\u1ec9 an to\u00e0n, m\u00e0 c\u00f2n cung c\u1ea5p \u0111\u1ea7y \u0111\u1ee7 d\u01b0\u1ee1ng ch\u1ea5t thi\u1ebft y\u1ebfu cho s\u1ef1 ph\u00e1t tri\u1ec3n c\u1ee7a con.\" \/>\n<meta name=\"twitter:label1\" content=\"\u01af\u1edbc t\u00ednh th\u1eddi gian \u0111\u1ecdc\" \/>\n\t<meta name=\"twitter:data1\" content=\"4 ph\u00fat\" \/>\n<script type=\"application\/ld+json\" class=\"yoast-schema-graph\">{\"@context\":\"https:\\\/\\\/schema.org\",\"@graph\":[{\"@type\":\"WebPage\",\"@id\":\"https:\\\/\\\/suatuyetvoi.com\\\/muasam\\\/san-pham\\\/sua-similac-total-protection-3-900g\\\/\",\"url\":\"https:\\\/\\\/suatuyetvoi.com\\\/muasam\\\/san-pham\\\/sua-similac-total-protection-3-900g\\\/\",\"name\":\"S\u1eefa Similac Total Protection 3 900g (1 - 2 tu\u1ed5i) - \u0110ang Khuy\u1ebfn m\u00e3i\",\"isPartOf\":{\"@id\":\"https:\\\/\\\/suatuyetvoi.com\\\/muasam\\\/#website\"},\"primaryImageOfPage\":{\"@id\":\"https:\\\/\\\/suatuyetvoi.com\\\/muasam\\\/san-pham\\\/sua-similac-total-protection-3-900g\\\/#primaryimage\"},\"image\":{\"@id\":\"https:\\\/\\\/suatuyetvoi.com\\\/muasam\\\/san-pham\\\/sua-similac-total-protection-3-900g\\\/#primaryimage\"},\"thumbnailUrl\":\"https:\\\/\\\/suatuyetvoi.com\\\/muasam\\\/wp-content\\\/uploads\\\/2023\\\/03\\\/abbott-1.png\",\"datePublished\":\"2023-03-16T05:01:59+00:00\",\"dateModified\":\"2023-03-16T05:19:24+00:00\",\"description\":\"S\u1eefa Similac\u00ae Total Protection 3 l\u00e0 s\u1ea3n ph\u1ea9m b\u1ed5 sung dinh d\u01b0\u1ee1ng cho ch\u1ebf \u0111\u1ed9 \u0103n h\u00e0ng ng\u00e0y c\u1ee7a tr\u1ebb 1\u20132 tu\u1ed5i. Thu\u1ed9c th\u01b0\u01a1ng hi\u1ec7u uy t\u00edn h\u00e0ng \u0111\u1ea7u th\u1ebf gi\u1edbi - Abbott, s\u1ea3n ph\u1ea9m kh\u00f4ng ch\u1ec9 an to\u00e0n, m\u00e0 c\u00f2n cung c\u1ea5p \u0111\u1ea7y \u0111\u1ee7 d\u01b0\u1ee1ng ch\u1ea5t thi\u1ebft y\u1ebfu cho s\u1ef1 ph\u00e1t tri\u1ec3n c\u1ee7a con.\",\"breadcrumb\":{\"@id\":\"https:\\\/\\\/suatuyetvoi.com\\\/muasam\\\/san-pham\\\/sua-similac-total-protection-3-900g\\\/#breadcrumb\"},\"inLanguage\":\"vi\",\"potentialAction\":[{\"@type\":\"ReadAction\",\"target\":[\"https:\\\/\\\/suatuyetvoi.com\\\/muasam\\\/san-pham\\\/sua-similac-total-protection-3-900g\\\/\"]}]},{\"@type\":\"ImageObject\",\"inLanguage\":\"vi\",\"@id\":\"https:\\\/\\\/suatuyetvoi.com\\\/muasam\\\/san-pham\\\/sua-similac-total-protection-3-900g\\\/#primaryimage\",\"url\":\"https:\\\/\\\/suatuyetvoi.com\\\/muasam\\\/wp-content\\\/uploads\\\/2023\\\/03\\\/abbott-1.png\",\"contentUrl\":\"https:\\\/\\\/suatuyetvoi.com\\\/muasam\\\/wp-content\\\/uploads\\\/2023\\\/03\\\/abbott-1.png\",\"width\":1080,\"height\":1080},{\"@type\":\"BreadcrumbList\",\"@id\":\"https:\\\/\\\/suatuyetvoi.com\\\/muasam\\\/san-pham\\\/sua-similac-total-protection-3-900g\\\/#breadcrumb\",\"itemListElement\":[{\"@type\":\"ListItem\",\"position\":1,\"name\":\"Home\",\"item\":\"https:\\\/\\\/suatuyetvoi.com\\\/muasam\\\/\"},{\"@type\":\"ListItem\",\"position\":2,\"name\":\"Shop\",\"item\":\"https:\\\/\\\/suatuyetvoi.com\\\/muasam\\\/shop\\\/\"},{\"@type\":\"ListItem\",\"position\":3,\"name\":\"S\u1eefa Similac Total Protection 3 900g\"}]},{\"@type\":\"WebSite\",\"@id\":\"https:\\\/\\\/suatuyetvoi.com\\\/muasam\\\/#website\",\"url\":\"https:\\\/\\\/suatuyetvoi.com\\\/muasam\\\/\",\"name\":\"S\u1eefa Tuy\u1ec7t V\u1eddi\",\"description\":\"S\u1eefa Tuy\u1ec7t V\u1eddi Vi\u1ec7t Nam\",\"potentialAction\":[{\"@type\":\"SearchAction\",\"target\":{\"@type\":\"EntryPoint\",\"urlTemplate\":\"https:\\\/\\\/suatuyetvoi.com\\\/muasam\\\/?s={search_term_string}\"},\"query-input\":{\"@type\":\"PropertyValueSpecification\",\"valueRequired\":true,\"valueName\":\"search_term_string\"}}],\"inLanguage\":\"vi\"}]}<\/script>\n<!-- \/ Yoast SEO plugin. -->","yoast_head_json":{"title":"S\u1eefa Similac Total Protection 3 900g (1 - 2 tu\u1ed5i) - \u0110ang Khuy\u1ebfn m\u00e3i","description":"S\u1eefa Similac\u00ae Total Protection 3 l\u00e0 s\u1ea3n ph\u1ea9m b\u1ed5 sung dinh d\u01b0\u1ee1ng cho ch\u1ebf \u0111\u1ed9 \u0103n h\u00e0ng ng\u00e0y c\u1ee7a tr\u1ebb 1\u20132 tu\u1ed5i. Thu\u1ed9c th\u01b0\u01a1ng hi\u1ec7u uy t\u00edn h\u00e0ng \u0111\u1ea7u th\u1ebf gi\u1edbi - Abbott, s\u1ea3n ph\u1ea9m kh\u00f4ng ch\u1ec9 an to\u00e0n, m\u00e0 c\u00f2n cung c\u1ea5p \u0111\u1ea7y \u0111\u1ee7 d\u01b0\u1ee1ng ch\u1ea5t thi\u1ebft y\u1ebfu cho s\u1ef1 ph\u00e1t tri\u1ec3n c\u1ee7a con.","robots":{"index":"index","follow":"follow","max-snippet":"max-snippet:-1","max-image-preview":"max-image-preview:large","max-video-preview":"max-video-preview:-1"},"canonical":"https:\/\/suatuyetvoi.com\/muasam\/san-pham\/sua-similac-total-protection-3-900g\/","og_locale":"vi_VN","og_type":"article","og_title":"S\u1eefa Similac Total Protection 3 900g (1 - 2 tu\u1ed5i) - \u0110ang Khuy\u1ebfn m\u00e3i","og_description":"S\u1eefa Similac\u00ae Total Protection 3 l\u00e0 s\u1ea3n ph\u1ea9m b\u1ed5 sung dinh d\u01b0\u1ee1ng cho ch\u1ebf \u0111\u1ed9 \u0103n h\u00e0ng ng\u00e0y c\u1ee7a tr\u1ebb 1\u20132 tu\u1ed5i. Thu\u1ed9c th\u01b0\u01a1ng hi\u1ec7u uy t\u00edn h\u00e0ng \u0111\u1ea7u th\u1ebf gi\u1edbi - Abbott, s\u1ea3n ph\u1ea9m kh\u00f4ng ch\u1ec9 an to\u00e0n, m\u00e0 c\u00f2n cung c\u1ea5p \u0111\u1ea7y \u0111\u1ee7 d\u01b0\u1ee1ng ch\u1ea5t thi\u1ebft y\u1ebfu cho s\u1ef1 ph\u00e1t tri\u1ec3n c\u1ee7a con.","og_url":"https:\/\/suatuyetvoi.com\/muasam\/san-pham\/sua-similac-total-protection-3-900g\/","og_site_name":"S\u1eefa Tuy\u1ec7t V\u1eddi","article_modified_time":"2023-03-16T05:19:24+00:00","og_image":[{"width":1080,"height":1080,"url":"https:\/\/suatuyetvoi.com\/muasam\/wp-content\/uploads\/2023\/03\/abbott-1.png","type":"image\/png"}],"twitter_card":"summary_large_image","twitter_title":"S\u1eefa Similac Total Protection 3 900g (1 - 2 tu\u1ed5i) - \u0110ang Khuy\u1ebfn m\u00e3i","twitter_description":"S\u1eefa Similac\u00ae Total Protection 3 l\u00e0 s\u1ea3n ph\u1ea9m b\u1ed5 sung dinh d\u01b0\u1ee1ng cho ch\u1ebf \u0111\u1ed9 \u0103n h\u00e0ng ng\u00e0y c\u1ee7a tr\u1ebb 1\u20132 tu\u1ed5i. Thu\u1ed9c th\u01b0\u01a1ng hi\u1ec7u uy t\u00edn h\u00e0ng \u0111\u1ea7u th\u1ebf gi\u1edbi - Abbott, s\u1ea3n ph\u1ea9m kh\u00f4ng ch\u1ec9 an to\u00e0n, m\u00e0 c\u00f2n cung c\u1ea5p \u0111\u1ea7y \u0111\u1ee7 d\u01b0\u1ee1ng ch\u1ea5t thi\u1ebft y\u1ebfu cho s\u1ef1 ph\u00e1t tri\u1ec3n c\u1ee7a con.","twitter_misc":{"\u01af\u1edbc t\u00ednh th\u1eddi gian \u0111\u1ecdc":"4 ph\u00fat"},"schema":{"@context":"https:\/\/schema.org","@graph":[{"@type":"WebPage","@id":"https:\/\/suatuyetvoi.com\/muasam\/san-pham\/sua-similac-total-protection-3-900g\/","url":"https:\/\/suatuyetvoi.com\/muasam\/san-pham\/sua-similac-total-protection-3-900g\/","name":"S\u1eefa Similac Total Protection 3 900g (1 - 2 tu\u1ed5i) - \u0110ang Khuy\u1ebfn m\u00e3i","isPartOf":{"@id":"https:\/\/suatuyetvoi.com\/muasam\/#website"},"primaryImageOfPage":{"@id":"https:\/\/suatuyetvoi.com\/muasam\/san-pham\/sua-similac-total-protection-3-900g\/#primaryimage"},"image":{"@id":"https:\/\/suatuyetvoi.com\/muasam\/san-pham\/sua-similac-total-protection-3-900g\/#primaryimage"},"thumbnailUrl":"https:\/\/suatuyetvoi.com\/muasam\/wp-content\/uploads\/2023\/03\/abbott-1.png","datePublished":"2023-03-16T05:01:59+00:00","dateModified":"2023-03-16T05:19:24+00:00","description":"S\u1eefa Similac\u00ae Total Protection 3 l\u00e0 s\u1ea3n ph\u1ea9m b\u1ed5 sung dinh d\u01b0\u1ee1ng cho ch\u1ebf \u0111\u1ed9 \u0103n h\u00e0ng ng\u00e0y c\u1ee7a tr\u1ebb 1\u20132 tu\u1ed5i. Thu\u1ed9c th\u01b0\u01a1ng hi\u1ec7u uy t\u00edn h\u00e0ng \u0111\u1ea7u th\u1ebf gi\u1edbi - Abbott, s\u1ea3n ph\u1ea9m kh\u00f4ng ch\u1ec9 an to\u00e0n, m\u00e0 c\u00f2n cung c\u1ea5p \u0111\u1ea7y \u0111\u1ee7 d\u01b0\u1ee1ng ch\u1ea5t thi\u1ebft y\u1ebfu cho s\u1ef1 ph\u00e1t tri\u1ec3n c\u1ee7a con.","breadcrumb":{"@id":"https:\/\/suatuyetvoi.com\/muasam\/san-pham\/sua-similac-total-protection-3-900g\/#breadcrumb"},"inLanguage":"vi","potentialAction":[{"@type":"ReadAction","target":["https:\/\/suatuyetvoi.com\/muasam\/san-pham\/sua-similac-total-protection-3-900g\/"]}]},{"@type":"ImageObject","inLanguage":"vi","@id":"https:\/\/suatuyetvoi.com\/muasam\/san-pham\/sua-similac-total-protection-3-900g\/#primaryimage","url":"https:\/\/suatuyetvoi.com\/muasam\/wp-content\/uploads\/2023\/03\/abbott-1.png","contentUrl":"https:\/\/suatuyetvoi.com\/muasam\/wp-content\/uploads\/2023\/03\/abbott-1.png","width":1080,"height":1080},{"@type":"BreadcrumbList","@id":"https:\/\/suatuyetvoi.com\/muasam\/san-pham\/sua-similac-total-protection-3-900g\/#breadcrumb","itemListElement":[{"@type":"ListItem","position":1,"name":"Home","item":"https:\/\/suatuyetvoi.com\/muasam\/"},{"@type":"ListItem","position":2,"name":"Shop","item":"https:\/\/suatuyetvoi.com\/muasam\/shop\/"},{"@type":"ListItem","position":3,"name":"S\u1eefa Similac Total Protection 3 900g"}]},{"@type":"WebSite","@id":"https:\/\/suatuyetvoi.com\/muasam\/#website","url":"https:\/\/suatuyetvoi.com\/muasam\/","name":"S\u1eefa Tuy\u1ec7t V\u1eddi","description":"S\u1eefa Tuy\u1ec7t V\u1eddi Vi\u1ec7t Nam","potentialAction":[{"@type":"SearchAction","target":{"@type":"EntryPoint","urlTemplate":"https:\/\/suatuyetvoi.com\/muasam\/?s={search_term_string}"},"query-input":{"@type":"PropertyValueSpecification","valueRequired":true,"valueName":"search_term_string"}}],"inLanguage":"vi"}]}},"_links":{"self":[{"href":"https:\/\/suatuyetvoi.com\/muasam\/wp-json\/wp\/v2\/product\/5759","targetHints":{"allow":["GET"]}}],"collection":[{"href":"https:\/\/suatuyetvoi.com\/muasam\/wp-json\/wp\/v2\/product"}],"about":[{"href":"https:\/\/suatuyetvoi.com\/muasam\/wp-json\/wp\/v2\/types\/product"}],"replies":[{"embeddable":true,"href":"https:\/\/suatuyetvoi.com\/muasam\/wp-json\/wp\/v2\/comments?post=5759"}],"wp:featuredmedia":[{"embeddable":true,"href":"https:\/\/suatuyetvoi.com\/muasam\/wp-json\/wp\/v2\/media\/5762"}],"wp:attachment":[{"href":"https:\/\/suatuyetvoi.com\/muasam\/wp-json\/wp\/v2\/media?parent=5759"}],"wp:term":[{"taxonomy":"product_cat","embeddable":true,"href":"https:\/\/suatuyetvoi.com\/muasam\/wp-json\/wp\/v2\/product_cat?post=5759"},{"taxonomy":"product_tag","embeddable":true,"href":"https:\/\/suatuyetvoi.com\/muasam\/wp-json\/wp\/v2\/product_tag?post=5759"}],"curies":[{"name":"wp","href":"https:\/\/api.w.org\/{rel}","templated":true}]}}