{"id":5748,"date":"2023-03-16T11:01:15","date_gmt":"2023-03-16T04:01:15","guid":{"rendered":"https:\/\/suatuyetvoi.com\/muasam\/?post_type=product&#038;p=5748"},"modified":"2023-03-16T11:21:20","modified_gmt":"2023-03-16T04:21:20","slug":"sua-similac-total-comfort-1-hmo-360g-0-12-thang","status":"publish","type":"product","link":"https:\/\/suatuyetvoi.com\/muasam\/san-pham\/sua-similac-total-comfort-1-hmo-360g-0-12-thang\/","title":{"rendered":"S\u1eefa Similac Total Comfort 1 (HMO) 360g (0-12 th\u00e1ng)"},"content":{"rendered":"<h3>Th\u00f4ng tin chi ti\u1ebft<\/h3>\n<table class=\"table table-bordered table-striped p_bottom_0\">\n<tbody>\n<tr>\n<td>T\u00ean s\u1ea3n ph\u1ea9m<\/td>\n<td>S\u1eefa Similac Total Comfort 1 (HMO) 360g (0-12 th\u00e1ng)<\/td>\n<\/tr>\n<tr>\n<td>Th\u01b0\u01a1ng hi\u1ec7u<\/td>\n<td>Similac<\/td>\n<\/tr>\n<tr>\n<td>Xu\u1ea5t x\u1ee9 th\u01b0\u01a1ng hi\u1ec7u<\/td>\n<td>M\u1ef9<\/td>\n<\/tr>\n<tr>\n<td>S\u1ea3n xu\u1ea5t t\u1ea1i<\/td>\n<td>T\u00e2y Ban Nha<\/td>\n<\/tr>\n<tr>\n<td>Tr\u1ecdng l\u01b0\u1ee3ng s\u1ea3n ph\u1ea9m<\/td>\n<td>0.36<\/td>\n<\/tr>\n<tr>\n<td>H\u01b0\u1edbng d\u1eabn s\u1eed d\u1ee5ng<\/td>\n<td>. S\u1eed d\u1ee5ng theo h\u01b0\u1edbng d\u1eabn c\u1ee7a b\u00e1c s\u0129.<br \/>\n. R\u1eeda tay v\u00e0 d\u1ee5ng c\u1ee5 pha ch\u1ebf s\u1ea1ch s\u1ebd tr\u01b0\u1edbc khi pha s\u1eefa.<br \/>\n. D\u00f9ng n\u01b0\u1edbc \u0111\u00e3 \u0111un s\u00f4i trong 5 ph\u00fat v\u00e0 \u0111\u1ec3 ngu\u1ed9i (37 \u0111\u1ed9 C) \u0111\u1ec3 pha ch\u1ebf theo h\u01b0\u1edbng d\u1eabn.<br \/>\n. Cho l\u01b0\u1ee3ng b\u1ed9t Similac Total Comfort v\u00e0o mu\u1ed7ng (c\u00f3 s\u1eb5n trong h\u1ed9p) v\u00e0 d\u00f9ng dao s\u1ea1ch g\u1ea1t b\u1eb1ng.<br \/>\n. M\u1ed7i mu\u1ed7ng Similac Total Comfort pha v\u1edbi 60ml n\u01b0\u1edbc \u0111\u00e3 \u0111un s\u00f4i \u0111\u1ec3 ngu\u1ed9i ho\u1eb7c 132.9g b\u1ed9t pha v\u1edbi n\u01b0\u1edbc \u0111\u01b0\u1ee3c 1 l\u00edt s\u1eefa.<br \/>\n. L\u01b0\u1ee3ng pha d\u01b0 h\u01a1n m\u1ed9t l\u1ea7n u\u1ed1ng ph\u1ea3i b\u1ea3o qu\u1ea3n trong t\u1ee7 l\u1ea1nh \u1edf 2 &#8211; 4 \u0111\u1ed9 C kh\u00f4ng qu\u00e1 24 gi\u1edd<br \/>\n. \u0110\u1ed5 b\u1ecf l\u01b0\u1ee3ng d\u01b0 n\u1ebfu b\u00e9 b\u00fa k\u00e9o d\u00e0i h\u01a1n m\u1ed9t gi\u1edd.<\/td>\n<\/tr>\n<tr>\n<td>H\u01b0\u1edbng d\u1eabn b\u1ea3o qu\u1ea3n<\/td>\n<td>. B\u1ea3o qu\u1ea3n h\u1ed9p ch\u01b0a m\u1edf \u1edf nhi\u1ec7t \u0111\u1ed9 ph\u00f2ng. \u0110\u1eady n\u1eafp v\u00e0 b\u1ea3o qu\u1ea3n n\u01a1i kh\u00f4 m\u00e1t (kh\u00f4ng \u0111\u1ec3 trong t\u1ee7 l\u1ea1nh).<br \/>\n. Khi h\u1ed9p \u0111\u00e3 m\u1edf, n\u00ean s\u1eed d\u1ee5ng trong v\u00f2ng 3 tu\u1ea7n.<\/td>\n<\/tr>\n<\/tbody>\n<\/table>\n<p>S\u1eefa m\u1eb9 l\u00e0 th\u1ee9c \u0103n t\u1ed1t nh\u1ea5t cho s\u1ee9c kh\u1ecfe v\u00e0 s\u1ef1 ph\u00e1t tri\u1ec3n to\u00e0n di\u1ec7n c\u1ee7a tr\u1ebb nh\u1ecf<br \/>\nS\u1eefa Similac Total Comfort s\u1ed1 1 l\u00e0 s\u1ea3n ph\u1ea9m ph\u00f9 h\u1ee3p v\u1edbi tr\u1ebb c\u00f3 0-12 th\u00e1ng tu\u1ed5i c\u00f3 v\u1ea5n \u0111\u1ec1 v\u1ec1 ti\u00eau ho\u00e1. S\u1ea3n ph\u1ea9m ch\u1ee9a h\u1ec7 d\u01b0\u1ee1ng ch\u1ea5t Tummy Care g\u1ed3m ch\u1ea5t \u0111\u1ea1m d\u1ec5 ti\u00eau h\u00f3a v\u00e0 l\u01b0\u1ee3ng r\u1ea5t \u00edt lactose, c\u00f9ng v\u1edbi h\u1ed7n h\u1ee3p ch\u1ea5t b\u00e9o \u0111\u1eb7c bi\u1ec7t kh\u00f4ng ch\u1ee9a d\u1ea7u c\u1ecd, th\u00edch h\u1ee3p v\u1edbi \u0111\u01b0\u1eddng ti\u00eau h\u00f3a c\u00f2n non y\u1ebfu c\u1ee7a tr\u1ebb.<\/p>\n<p><img loading=\"lazy\" decoding=\"async\" class=\"alignnone wp-image-5749 size-full\" src=\"https:\/\/suatuyetvoi.com\/muasam\/wp-content\/uploads\/2023\/03\/similac-total-comfort-360g.png\" alt=\"\" width=\"457\" height=\"556\" srcset=\"https:\/\/suatuyetvoi.com\/muasam\/wp-content\/uploads\/2023\/03\/similac-total-comfort-360g.png 457w, https:\/\/suatuyetvoi.com\/muasam\/wp-content\/uploads\/2023\/03\/similac-total-comfort-360g-329x400.png 329w\" sizes=\"auto, (max-width: 457px) 100vw, 457px\" \/><\/p>\n<p>&nbsp;<\/p>\n<h3>\u0110\u1eb7c \u0111i\u1ec3m n\u1ed5i b\u1eadt c\u1ee7a s\u1ea3n ph\u1ea9m<\/h3>\n<p>. S\u1eefa Similac Total Comfort s\u1ed1 1 ch\u1ee9a h\u1ec7 d\u01b0\u1ee1ng ch\u1ea5t Tummy Care g\u1ed3m ch\u1ea5t \u0111\u1ea1m d\u1ec5 ti\u00eau h\u00f3a v\u00e0 l\u01b0\u1ee3ng r\u1ea5t \u00edt lactose, c\u00f9ng v\u1edbi h\u1ed7n h\u1ee3p ch\u1ea5t b\u00e9o \u0111\u1eb7c bi\u1ec7t kh\u00f4ng ch\u1ee9a d\u1ea7u c\u1ecd, th\u00edch h\u1ee3p v\u1edbi \u0111\u01b0\u1eddng ti\u00eau h\u00f3a c\u00f2n non y\u1ebfu c\u1ee7a tr\u1ebb;<\/p>\n<p>. C\u00f4ng th\u1ee9c dinh d\u01b0\u1ee1ng kh\u00f4ng ch\u1ee9a d\u1ea7u c\u1ecd \u0111\u00e3 \u0111\u01b0\u1ee3c ch\u1ee9ng minh an to\u00e0n v\u00e0 l\u00e0 s\u1ef1 l\u1ef1a ch\u1ecdn th\u00edch h\u1ee3p cho tr\u1ebb g\u1eb7p c\u00e1c v\u1ea5n \u0111\u1ec1 v\u1ec1 ti\u00eau h\u00f3a v\u00e0 h\u1ea5p thu, ho\u1eb7c k\u00e9m dung n\u1ea1p;<\/p>\n<p>. H\u1ec7 d\u01b0\u1ee1ng ch\u1ea5t EYEQ g\u1ed3m AA, DHA, Omega 3, Omega 6, Taurin, Cholin, Lutein v\u00e0 s\u1eaft l\u00e0 c\u00e1c d\u01b0\u1ee1ng ch\u1ea5t t\u1ed1t cho n\u00e3o b\u1ed9;<\/p>\n<p>. H\u1ec7 d\u01b0\u1ee1ng ch\u1ea5t \u0111\u1ed9c \u0111\u00e1o Immunify ch\u1ee9a nucleotide v\u00e0 prebiotic.<\/p>\n<p>&nbsp;<\/p>\n<p><img loading=\"lazy\" decoding=\"async\" class=\"alignnone wp-image-5750 size-full\" src=\"https:\/\/suatuyetvoi.com\/muasam\/wp-content\/uploads\/2023\/03\/1663724958.png\" alt=\"\" width=\"600\" height=\"600\" srcset=\"https:\/\/suatuyetvoi.com\/muasam\/wp-content\/uploads\/2023\/03\/1663724958.png 600w, https:\/\/suatuyetvoi.com\/muasam\/wp-content\/uploads\/2023\/03\/1663724958-400x400.png 400w, https:\/\/suatuyetvoi.com\/muasam\/wp-content\/uploads\/2023\/03\/1663724958-280x280.png 280w, https:\/\/suatuyetvoi.com\/muasam\/wp-content\/uploads\/2023\/03\/1663724958-300x300.png 300w, https:\/\/suatuyetvoi.com\/muasam\/wp-content\/uploads\/2023\/03\/1663724958-100x100.png 100w\" sizes=\"auto, (max-width: 600px) 100vw, 600px\" \/><\/p>\n<p><strong>T\u1ef7 l\u1ec7 pha g\u1ee3i \u00fd<\/strong><\/p>\n<p><img loading=\"lazy\" decoding=\"async\" class=\"alignnone size-medium wp-image-5751\" src=\"https:\/\/suatuyetvoi.com\/muasam\/wp-content\/uploads\/2023\/03\/1671591636-1663724924-screen-shot-2022-09-21-at-800x315.png\" alt=\"\" width=\"800\" height=\"315\" srcset=\"https:\/\/suatuyetvoi.com\/muasam\/wp-content\/uploads\/2023\/03\/1671591636-1663724924-screen-shot-2022-09-21-at-800x315.png 800w, https:\/\/suatuyetvoi.com\/muasam\/wp-content\/uploads\/2023\/03\/1671591636-1663724924-screen-shot-2022-09-21-at-768x302.png 768w, https:\/\/suatuyetvoi.com\/muasam\/wp-content\/uploads\/2023\/03\/1671591636-1663724924-screen-shot-2022-09-21-at-600x236.png 600w, https:\/\/suatuyetvoi.com\/muasam\/wp-content\/uploads\/2023\/03\/1671591636-1663724924-screen-shot-2022-09-21-at.png 1250w\" sizes=\"auto, (max-width: 800px) 100vw, 800px\" \/><\/p>\n","protected":false},"excerpt":{"rendered":"<p>H\u1ec7 d\u01b0\u1ee1ng ch\u1ea5t IQ Plus ph\u00e1t tri\u1ec3n n\u00e3o b\u1ed9<br \/>\nT\u0103ng c\u01b0\u1eddng \u0111\u1ec1 kh\u00e1ng v\u00e0 ti\u00eau h\u00f3a kh\u1ecfe m\u1ea1nh<br \/>\nGi\u00fap h\u1ea5p thu Canxi t\u1ed1t<\/p>\n","protected":false},"featured_media":5757,"comment_status":"open","ping_status":"closed","template":"","meta":[],"product_cat":[231],"product_tag":[558,530,573,574],"class_list":["post-5748","product","type-product","status-publish","has-post-thumbnail","hentry","product_cat-sua-bot","product_tag-0-12-thang","product_tag-chong-roi-loan-tieu-hoa","product_tag-ho-tro-giup-phat-trien-nao-bo","product_tag-ho-tro-tang-suc-de-khang","berocket_brand-abbott"],"yoast_head":"<!-- This site is optimized with the Yoast SEO plugin v27.6 - https:\/\/yoast.com\/product\/yoast-seo-wordpress\/ -->\n<title>S\u1eefa Similac Total Comfort 1 (HMO) 360g (0-12 th\u00e1ng) - \u0110ang Khuy\u1ebfn m\u00e3i<\/title>\n<meta name=\"description\" content=\"S\u1eefa Similac Total Comfort s\u1ed1 1 l\u00e0 s\u1ea3n ph\u1ea9m ph\u00f9 h\u1ee3p v\u1edbi tr\u1ebb c\u00f3 0-12 th\u00e1ng tu\u1ed5i c\u00f3 v\u1ea5n \u0111\u1ec1 v\u1ec1 ti\u00eau ho\u00e1.\" \/>\n<meta name=\"robots\" content=\"index, follow, max-snippet:-1, max-image-preview:large, max-video-preview:-1\" \/>\n<link rel=\"canonical\" href=\"https:\/\/suatuyetvoi.com\/muasam\/san-pham\/sua-similac-total-comfort-1-hmo-360g-0-12-thang\/\" \/>\n<meta property=\"og:locale\" content=\"vi_VN\" \/>\n<meta property=\"og:type\" content=\"article\" \/>\n<meta property=\"og:title\" content=\"S\u1eefa Similac Total Comfort 1 (HMO) 360g (0-12 th\u00e1ng) - \u0110ang Khuy\u1ebfn m\u00e3i\" \/>\n<meta property=\"og:description\" content=\"S\u1eefa Similac Total Comfort s\u1ed1 1 l\u00e0 s\u1ea3n ph\u1ea9m ph\u00f9 h\u1ee3p v\u1edbi tr\u1ebb c\u00f3 0-12 th\u00e1ng tu\u1ed5i c\u00f3 v\u1ea5n \u0111\u1ec1 v\u1ec1 ti\u00eau ho\u00e1.\" \/>\n<meta property=\"og:url\" content=\"https:\/\/suatuyetvoi.com\/muasam\/san-pham\/sua-similac-total-comfort-1-hmo-360g-0-12-thang\/\" \/>\n<meta property=\"og:site_name\" content=\"S\u1eefa Tuy\u1ec7t V\u1eddi\" \/>\n<meta property=\"article:modified_time\" content=\"2023-03-16T04:21:20+00:00\" \/>\n<meta property=\"og:image\" content=\"https:\/\/suatuyetvoi.com\/muasam\/wp-content\/uploads\/2023\/03\/similac-total-comfort-360g.png\" \/>\n\t<meta property=\"og:image:width\" content=\"457\" \/>\n\t<meta property=\"og:image:height\" content=\"556\" \/>\n\t<meta property=\"og:image:type\" content=\"image\/png\" \/>\n<meta name=\"twitter:card\" content=\"summary_large_image\" \/>\n<meta name=\"twitter:title\" content=\"S\u1eefa Similac Total Comfort 1 (HMO) 360g (0-12 th\u00e1ng) - \u0110ang Khuy\u1ebfn m\u00e3i\" \/>\n<meta name=\"twitter:description\" content=\"S\u1eefa Similac Total Comfort s\u1ed1 1 l\u00e0 s\u1ea3n ph\u1ea9m ph\u00f9 h\u1ee3p v\u1edbi tr\u1ebb c\u00f3 0-12 th\u00e1ng tu\u1ed5i c\u00f3 v\u1ea5n \u0111\u1ec1 v\u1ec1 ti\u00eau ho\u00e1.\" \/>\n<meta name=\"twitter:image\" content=\"https:\/\/suatuyetvoi.com\/muasam\/wp-content\/uploads\/2023\/03\/similac-total-comfort-360g.png\" \/>\n<meta name=\"twitter:label1\" content=\"\u01af\u1edbc t\u00ednh th\u1eddi gian \u0111\u1ecdc\" \/>\n\t<meta name=\"twitter:data1\" content=\"3 ph\u00fat\" \/>\n<script type=\"application\/ld+json\" class=\"yoast-schema-graph\">{\"@context\":\"https:\\\/\\\/schema.org\",\"@graph\":[{\"@type\":\"WebPage\",\"@id\":\"https:\\\/\\\/suatuyetvoi.com\\\/muasam\\\/san-pham\\\/sua-similac-total-comfort-1-hmo-360g-0-12-thang\\\/\",\"url\":\"https:\\\/\\\/suatuyetvoi.com\\\/muasam\\\/san-pham\\\/sua-similac-total-comfort-1-hmo-360g-0-12-thang\\\/\",\"name\":\"S\u1eefa Similac Total Comfort 1 (HMO) 360g (0-12 th\u00e1ng) - \u0110ang Khuy\u1ebfn m\u00e3i\",\"isPartOf\":{\"@id\":\"https:\\\/\\\/suatuyetvoi.com\\\/muasam\\\/#website\"},\"primaryImageOfPage\":{\"@id\":\"https:\\\/\\\/suatuyetvoi.com\\\/muasam\\\/san-pham\\\/sua-similac-total-comfort-1-hmo-360g-0-12-thang\\\/#primaryimage\"},\"image\":{\"@id\":\"https:\\\/\\\/suatuyetvoi.com\\\/muasam\\\/san-pham\\\/sua-similac-total-comfort-1-hmo-360g-0-12-thang\\\/#primaryimage\"},\"thumbnailUrl\":\"https:\\\/\\\/suatuyetvoi.com\\\/muasam\\\/wp-content\\\/uploads\\\/2023\\\/03\\\/abbott.png\",\"datePublished\":\"2023-03-16T04:01:15+00:00\",\"dateModified\":\"2023-03-16T04:21:20+00:00\",\"description\":\"S\u1eefa Similac Total Comfort s\u1ed1 1 l\u00e0 s\u1ea3n ph\u1ea9m ph\u00f9 h\u1ee3p v\u1edbi tr\u1ebb c\u00f3 0-12 th\u00e1ng tu\u1ed5i c\u00f3 v\u1ea5n \u0111\u1ec1 v\u1ec1 ti\u00eau ho\u00e1.\",\"breadcrumb\":{\"@id\":\"https:\\\/\\\/suatuyetvoi.com\\\/muasam\\\/san-pham\\\/sua-similac-total-comfort-1-hmo-360g-0-12-thang\\\/#breadcrumb\"},\"inLanguage\":\"vi\",\"potentialAction\":[{\"@type\":\"ReadAction\",\"target\":[\"https:\\\/\\\/suatuyetvoi.com\\\/muasam\\\/san-pham\\\/sua-similac-total-comfort-1-hmo-360g-0-12-thang\\\/\"]}]},{\"@type\":\"ImageObject\",\"inLanguage\":\"vi\",\"@id\":\"https:\\\/\\\/suatuyetvoi.com\\\/muasam\\\/san-pham\\\/sua-similac-total-comfort-1-hmo-360g-0-12-thang\\\/#primaryimage\",\"url\":\"https:\\\/\\\/suatuyetvoi.com\\\/muasam\\\/wp-content\\\/uploads\\\/2023\\\/03\\\/abbott.png\",\"contentUrl\":\"https:\\\/\\\/suatuyetvoi.com\\\/muasam\\\/wp-content\\\/uploads\\\/2023\\\/03\\\/abbott.png\",\"width\":1080,\"height\":1080},{\"@type\":\"BreadcrumbList\",\"@id\":\"https:\\\/\\\/suatuyetvoi.com\\\/muasam\\\/san-pham\\\/sua-similac-total-comfort-1-hmo-360g-0-12-thang\\\/#breadcrumb\",\"itemListElement\":[{\"@type\":\"ListItem\",\"position\":1,\"name\":\"Home\",\"item\":\"https:\\\/\\\/suatuyetvoi.com\\\/muasam\\\/\"},{\"@type\":\"ListItem\",\"position\":2,\"name\":\"Shop\",\"item\":\"https:\\\/\\\/suatuyetvoi.com\\\/muasam\\\/shop\\\/\"},{\"@type\":\"ListItem\",\"position\":3,\"name\":\"S\u1eefa Similac Total Comfort 1 (HMO) 360g (0-12 th\u00e1ng)\"}]},{\"@type\":\"WebSite\",\"@id\":\"https:\\\/\\\/suatuyetvoi.com\\\/muasam\\\/#website\",\"url\":\"https:\\\/\\\/suatuyetvoi.com\\\/muasam\\\/\",\"name\":\"S\u1eefa Tuy\u1ec7t V\u1eddi\",\"description\":\"S\u1eefa Tuy\u1ec7t V\u1eddi Vi\u1ec7t Nam\",\"potentialAction\":[{\"@type\":\"SearchAction\",\"target\":{\"@type\":\"EntryPoint\",\"urlTemplate\":\"https:\\\/\\\/suatuyetvoi.com\\\/muasam\\\/?s={search_term_string}\"},\"query-input\":{\"@type\":\"PropertyValueSpecification\",\"valueRequired\":true,\"valueName\":\"search_term_string\"}}],\"inLanguage\":\"vi\"}]}<\/script>\n<!-- \/ Yoast SEO plugin. -->","yoast_head_json":{"title":"S\u1eefa Similac Total Comfort 1 (HMO) 360g (0-12 th\u00e1ng) - \u0110ang Khuy\u1ebfn m\u00e3i","description":"S\u1eefa Similac Total Comfort s\u1ed1 1 l\u00e0 s\u1ea3n ph\u1ea9m ph\u00f9 h\u1ee3p v\u1edbi tr\u1ebb c\u00f3 0-12 th\u00e1ng tu\u1ed5i c\u00f3 v\u1ea5n \u0111\u1ec1 v\u1ec1 ti\u00eau ho\u00e1.","robots":{"index":"index","follow":"follow","max-snippet":"max-snippet:-1","max-image-preview":"max-image-preview:large","max-video-preview":"max-video-preview:-1"},"canonical":"https:\/\/suatuyetvoi.com\/muasam\/san-pham\/sua-similac-total-comfort-1-hmo-360g-0-12-thang\/","og_locale":"vi_VN","og_type":"article","og_title":"S\u1eefa Similac Total Comfort 1 (HMO) 360g (0-12 th\u00e1ng) - \u0110ang Khuy\u1ebfn m\u00e3i","og_description":"S\u1eefa Similac Total Comfort s\u1ed1 1 l\u00e0 s\u1ea3n ph\u1ea9m ph\u00f9 h\u1ee3p v\u1edbi tr\u1ebb c\u00f3 0-12 th\u00e1ng tu\u1ed5i c\u00f3 v\u1ea5n \u0111\u1ec1 v\u1ec1 ti\u00eau ho\u00e1.","og_url":"https:\/\/suatuyetvoi.com\/muasam\/san-pham\/sua-similac-total-comfort-1-hmo-360g-0-12-thang\/","og_site_name":"S\u1eefa Tuy\u1ec7t V\u1eddi","article_modified_time":"2023-03-16T04:21:20+00:00","og_image":[{"width":457,"height":556,"url":"https:\/\/suatuyetvoi.com\/muasam\/wp-content\/uploads\/2023\/03\/similac-total-comfort-360g.png","type":"image\/png"}],"twitter_card":"summary_large_image","twitter_title":"S\u1eefa Similac Total Comfort 1 (HMO) 360g (0-12 th\u00e1ng) - \u0110ang Khuy\u1ebfn m\u00e3i","twitter_description":"S\u1eefa Similac Total Comfort s\u1ed1 1 l\u00e0 s\u1ea3n ph\u1ea9m ph\u00f9 h\u1ee3p v\u1edbi tr\u1ebb c\u00f3 0-12 th\u00e1ng tu\u1ed5i c\u00f3 v\u1ea5n \u0111\u1ec1 v\u1ec1 ti\u00eau ho\u00e1.","twitter_image":"https:\/\/suatuyetvoi.com\/muasam\/wp-content\/uploads\/2023\/03\/similac-total-comfort-360g.png","twitter_misc":{"\u01af\u1edbc t\u00ednh th\u1eddi gian \u0111\u1ecdc":"3 ph\u00fat"},"schema":{"@context":"https:\/\/schema.org","@graph":[{"@type":"WebPage","@id":"https:\/\/suatuyetvoi.com\/muasam\/san-pham\/sua-similac-total-comfort-1-hmo-360g-0-12-thang\/","url":"https:\/\/suatuyetvoi.com\/muasam\/san-pham\/sua-similac-total-comfort-1-hmo-360g-0-12-thang\/","name":"S\u1eefa Similac Total Comfort 1 (HMO) 360g (0-12 th\u00e1ng) - \u0110ang Khuy\u1ebfn m\u00e3i","isPartOf":{"@id":"https:\/\/suatuyetvoi.com\/muasam\/#website"},"primaryImageOfPage":{"@id":"https:\/\/suatuyetvoi.com\/muasam\/san-pham\/sua-similac-total-comfort-1-hmo-360g-0-12-thang\/#primaryimage"},"image":{"@id":"https:\/\/suatuyetvoi.com\/muasam\/san-pham\/sua-similac-total-comfort-1-hmo-360g-0-12-thang\/#primaryimage"},"thumbnailUrl":"https:\/\/suatuyetvoi.com\/muasam\/wp-content\/uploads\/2023\/03\/abbott.png","datePublished":"2023-03-16T04:01:15+00:00","dateModified":"2023-03-16T04:21:20+00:00","description":"S\u1eefa Similac Total Comfort s\u1ed1 1 l\u00e0 s\u1ea3n ph\u1ea9m ph\u00f9 h\u1ee3p v\u1edbi tr\u1ebb c\u00f3 0-12 th\u00e1ng tu\u1ed5i c\u00f3 v\u1ea5n \u0111\u1ec1 v\u1ec1 ti\u00eau ho\u00e1.","breadcrumb":{"@id":"https:\/\/suatuyetvoi.com\/muasam\/san-pham\/sua-similac-total-comfort-1-hmo-360g-0-12-thang\/#breadcrumb"},"inLanguage":"vi","potentialAction":[{"@type":"ReadAction","target":["https:\/\/suatuyetvoi.com\/muasam\/san-pham\/sua-similac-total-comfort-1-hmo-360g-0-12-thang\/"]}]},{"@type":"ImageObject","inLanguage":"vi","@id":"https:\/\/suatuyetvoi.com\/muasam\/san-pham\/sua-similac-total-comfort-1-hmo-360g-0-12-thang\/#primaryimage","url":"https:\/\/suatuyetvoi.com\/muasam\/wp-content\/uploads\/2023\/03\/abbott.png","contentUrl":"https:\/\/suatuyetvoi.com\/muasam\/wp-content\/uploads\/2023\/03\/abbott.png","width":1080,"height":1080},{"@type":"BreadcrumbList","@id":"https:\/\/suatuyetvoi.com\/muasam\/san-pham\/sua-similac-total-comfort-1-hmo-360g-0-12-thang\/#breadcrumb","itemListElement":[{"@type":"ListItem","position":1,"name":"Home","item":"https:\/\/suatuyetvoi.com\/muasam\/"},{"@type":"ListItem","position":2,"name":"Shop","item":"https:\/\/suatuyetvoi.com\/muasam\/shop\/"},{"@type":"ListItem","position":3,"name":"S\u1eefa Similac Total Comfort 1 (HMO) 360g (0-12 th\u00e1ng)"}]},{"@type":"WebSite","@id":"https:\/\/suatuyetvoi.com\/muasam\/#website","url":"https:\/\/suatuyetvoi.com\/muasam\/","name":"S\u1eefa Tuy\u1ec7t V\u1eddi","description":"S\u1eefa Tuy\u1ec7t V\u1eddi Vi\u1ec7t Nam","potentialAction":[{"@type":"SearchAction","target":{"@type":"EntryPoint","urlTemplate":"https:\/\/suatuyetvoi.com\/muasam\/?s={search_term_string}"},"query-input":{"@type":"PropertyValueSpecification","valueRequired":true,"valueName":"search_term_string"}}],"inLanguage":"vi"}]}},"_links":{"self":[{"href":"https:\/\/suatuyetvoi.com\/muasam\/wp-json\/wp\/v2\/product\/5748","targetHints":{"allow":["GET"]}}],"collection":[{"href":"https:\/\/suatuyetvoi.com\/muasam\/wp-json\/wp\/v2\/product"}],"about":[{"href":"https:\/\/suatuyetvoi.com\/muasam\/wp-json\/wp\/v2\/types\/product"}],"replies":[{"embeddable":true,"href":"https:\/\/suatuyetvoi.com\/muasam\/wp-json\/wp\/v2\/comments?post=5748"}],"wp:featuredmedia":[{"embeddable":true,"href":"https:\/\/suatuyetvoi.com\/muasam\/wp-json\/wp\/v2\/media\/5757"}],"wp:attachment":[{"href":"https:\/\/suatuyetvoi.com\/muasam\/wp-json\/wp\/v2\/media?parent=5748"}],"wp:term":[{"taxonomy":"product_cat","embeddable":true,"href":"https:\/\/suatuyetvoi.com\/muasam\/wp-json\/wp\/v2\/product_cat?post=5748"},{"taxonomy":"product_tag","embeddable":true,"href":"https:\/\/suatuyetvoi.com\/muasam\/wp-json\/wp\/v2\/product_tag?post=5748"}],"curies":[{"name":"wp","href":"https:\/\/api.w.org\/{rel}","templated":true}]}}