{"id":5742,"date":"2023-03-16T00:44:12","date_gmt":"2023-03-15T17:44:12","guid":{"rendered":"https:\/\/suatuyetvoi.com\/muasam\/?post_type=product&#038;p=5742"},"modified":"2023-03-17T17:48:57","modified_gmt":"2023-03-17T10:48:57","slug":"sua-physiolac-so-3-900g-new-cho-be-tu-1-3-tuoi","status":"publish","type":"product","link":"https:\/\/suatuyetvoi.com\/muasam\/san-pham\/sua-physiolac-so-3-900g-new-cho-be-tu-1-3-tuoi\/","title":{"rendered":"S\u1eefa Physiolac s\u1ed1 3 900g New cho b\u00e9 t\u1eeb 1-3 tu\u1ed5i"},"content":{"rendered":"<p><em>&#8220;S\u1eefa m\u1eb9 l\u00e0 th\u1ee9c \u0103n t\u1ed1t nh\u1ea5t cho s\u1ee9c kh\u1ecfe v\u00e0 s\u1ef1 ph\u00e1t tri\u1ec3n to\u00e0n di\u1ec7n c\u1ee7a tr\u1ebb nh\u1ecf&#8221;<\/em><\/p>\n<h2><strong>S\u1eefa Physiolac s\u1ed1 3 900g New cho b\u00e9 t\u1eeb <\/strong><strong>1-3 tu\u1ed5i<\/strong><\/h2>\n<p>Nh\u1eefng \u0111\u1ed9 tu\u1ed5i 1-3 tu\u1ed5i b\u00e9 s\u1ebd \u0111\u01b0\u1ee3c b\u01b0\u1edbc sang giai \u0111o\u1ea1n \u0103n d\u1eb7m, m\u1eb9 c\u0169ng n\u00ean b\u1ed5 sung th\u00eam nh\u1eefng ch\u1ea5t quan tr\u1ecdng h\u01a1n nh\u01b0: Canxi, vitamin, kho\u00e1ng ch\u1ea5t&#8230; t\u1eeb <a href=\"https:\/\/www.kidsplaza.vn\/sua-physiolac.html\">s\u1eefa Physiolac<\/a> s\u1ed1 3 900g New \u0111\u1ec3 ph\u00e1t tri\u1ec3n chi\u1ec1u cao v\u00e0 s\u1ee9c \u0111\u1ec1 kh\u00e1ng.<\/p>\n<p><img loading=\"lazy\" decoding=\"async\" class=\"alignnone size-medium wp-image-5746\" src=\"https:\/\/suatuyetvoi.com\/muasam\/wp-content\/uploads\/2023\/03\/sua-physiolac-so-3-900g-400x400.jpg\" alt=\"\" width=\"400\" height=\"400\" srcset=\"https:\/\/suatuyetvoi.com\/muasam\/wp-content\/uploads\/2023\/03\/sua-physiolac-so-3-900g-400x400.jpg 400w, https:\/\/suatuyetvoi.com\/muasam\/wp-content\/uploads\/2023\/03\/sua-physiolac-so-3-900g-280x280.jpg 280w, https:\/\/suatuyetvoi.com\/muasam\/wp-content\/uploads\/2023\/03\/sua-physiolac-so-3-900g-300x300.jpg 300w, https:\/\/suatuyetvoi.com\/muasam\/wp-content\/uploads\/2023\/03\/sua-physiolac-so-3-900g-100x100.jpg 100w, https:\/\/suatuyetvoi.com\/muasam\/wp-content\/uploads\/2023\/03\/sua-physiolac-so-3-900g.jpg 460w\" sizes=\"auto, (max-width: 400px) 100vw, 400px\" \/><\/p>\n<p><em>S\u1eefa Physiolac s\u1ed1 2 h\u1ed9p 400g cho b\u00e9 3 900g<\/em><\/p>\n<h3><strong>\u0110\u1eb7c \u0111i\u1ec3m c\u1ee7a S\u1eefa Physiolac s\u1ed1 3 900g New<\/strong><\/h3>\n<h4><strong>1. T\u1ed1t cho tr\u00ed n\u00e3o:<\/strong><\/h4>\n<ul>\n<li><a href=\"https:\/\/www.kidsplaza.vn\/sua-bot-cho-be.html\"><strong>S\u1eefa b\u1ed9t<\/strong><\/a><strong>\u00a0Physiolac s\u1ed1 2<\/strong>\u00a0<strong>t\u0103ng c\u01b0\u1eddng 25% DHA<\/strong>, b\u1ed5 sung c\u00e1c vi ch\u1ea5t thi\u1ebft y\u1ebfu nh\u01b0: Cholin, acid linoleic, acid linolenic, taurin, inositol, k\u1ebdm, s\u1eaft, iod, vitamin nh\u00f3m B\u2026..gi\u00fap tr\u1ebb ph\u00e1t tri\u1ec3n tr\u00ed n\u00e3o to\u00e0n di\u1ec7n h\u01a1n.<\/li>\n<li><strong>Cholin<\/strong>\u00a0l\u00e0 ti\u1ec1n ch\u1ea5t c\u1ee7a acetylcholin \u2013 m\u1ed9t ch\u1ea5t d\u1eabn truy\u1ec1n th\u1ea7n kinh tham gia v\u00e0o qu\u00e1 tr\u00ecnh h\u00ecnh th\u00e0nh tr\u00ed nh\u1edb v\u00e0 kh\u1ea3 n\u0103ng ti\u1ebfp thu. C\u00e1c acid b\u00e9o kh\u00f4ng no acid linoleic v\u00e0 acid linolenic l\u00e0 ti\u1ec1n ch\u1ea5t t\u1ed5ng h\u1ee3p c\u00e1c omega 3, omega 6 nh\u01b0 DHA, EPA, ARA, c\u0169ng nh\u01b0 tham v\u00e0o c\u1ea5u tr\u00fac m\u00e0ng t\u1ebf b\u00e0o.\u00a0<strong>DHA, EPA v\u00e0 ARA\u00a0<\/strong>ch\u1ee9a trong th\u00e0nh ph\u1ea7n s\u1eefa Physiolac 3 c\u00f3 vai tr\u00f2 quan tr\u1ecdng \u0111\u1ed1i v\u1edbi s\u1ef1 h\u00ecnh th\u00e0nh t\u1ebf b\u00e0o n\u00e3o v\u00e0 v\u00f5ng m\u1ea1c, \u0111\u1eb7c bi\u1ec7t \u0111\u1ed1i v\u1edbi tr\u1ebb s\u01a1 sinh v\u00e0 tr\u1ebb nh\u1ecf.<\/li>\n<\/ul>\n<h4><strong>2. T\u1ed1t cho ti\u00eau h\u00f3a:<\/strong><\/h4>\n<ul>\n<li>Ch\u00fang ta \u0111\u1ec1u bi\u1ebft t\u1ea7m quan tr\u1ecdng c\u1ee7a h\u1ec7 ti\u00eau h\u00f3a l\u00e0 n\u1ec1n t\u1ea3ng c\u01a1 b\u1ea3n cho s\u1ef1 ph\u00e1t tri\u1ec3n kh\u1ecfe m\u1ea1nh, to\u00e0n di\u1ec7n c\u1ee7a tr\u1ebb nh\u1ecf. Ti\u00eau h\u00f3a y\u1ebfu c\u0169ng l\u00e0 nguy\u00ean nh\u00e2n d\u1eabn t\u1edbi t\u00ecnh tr\u1ea1ng bi\u1ebfng \u0103n, ch\u1eadm l\u1edbn \u1edf tr\u1ebb nh\u1ecf. Ch\u00ednh v\u00ec v\u1eady m\u00e0 trong s\u1ea3n ph\u1ea9m Physiolac s\u1ed1 3 400g \u0111\u00e3 thi\u1ebft k\u1ebf h\u1ec7 <strong>ch\u1ea5t x\u01a1 GOS\/GOS = 90\/10<\/strong> \u2013 t\u1ef7 l\u1ec7 t\u1ed1i \u01b0u g\u1ea7n gi\u1ed1ng s\u1eefa m\u1eb9 ph\u00f9 h\u1ee3p v\u1edbi h\u1ec7 ti\u00eau h\u00f3a c\u1ee7a b\u00e9. K\u1ebft h\u1ee3p v\u1edbi t\u1ef7 l\u1ec7 \u0111\u1ea1m casein\/whey \u0111\u1ea1t 45\/55 g\u1ea7n t\u01b0\u01a1ng \u0111\u1ed3ng gi\u1eefa m\u1eb9 (40\/60), s\u1eefa Physiolac s\u1ed1 3 400g gi\u00fap con d\u1ec5 d\u00e0ng ti\u00eau h\u00f3a v\u00e0 h\u1ea5p thu t\u1ed1t.<\/li>\n<li><strong>S\u1eefa b\u1ed9t Physiolac s\u1ed1 3 <\/strong>c\u00f3 s\u1ef1 k\u1ebft h\u1ee3p 3 lo\u1ea1i \u0111\u01b0\u1eddng:<strong>\u00a0Lactose, Maltodextrin v\u00e0 Glucose<\/strong>\u00a0khi\u1ebfn s\u1eefa c\u00f3 v\u1ecb thanh m\u00e1t, nh\u1ea1t nh\u01b0 s\u1eefa m\u1eb9 t\u0103ng \u0111\u1ed9 th\u00edch \u1ee9ng c\u1ee7a tr\u1ebb, gi\u00fap tr\u1ebb dung n\u1ea1p v\u00e0 ti\u00eau h\u00f3a t\u1ed1t.<\/li>\n<li>Ngo\u00e0i ra, s\u1eefa physiolac s\u1ed1 3 900g c\u00f2n \u0111\u01b0\u1ee3c b\u1ed5 sung nh\u1eefng vi ch\u1ea5t c\u1ea7n thi\u1ebft cho h\u1ec7 ti\u00eau h\u00f3a c\u1ee7a b\u00e9 nh\u01b0: <strong>K\u1ebdm,\u00a0<a href=\"https:\/\/www.kidsplaza.vn\/vitamin-tong-hop-thuc-pham-chuc-nang-cho-be.html\">Vitamin<\/a>\u00a0nh\u00f3m B, Vitamin A, Vitamin C, DHA<\/strong>\u2026 gi\u00fap b\u00e9 h\u1ea5p th\u1ee5 kh\u1ecfe, \u0103n ngon mi\u1ec7ng h\u01a1n, t\u1eeb \u0111\u00f3 t\u0103ng c\u00e2n t\u1ed1i \u01b0u.<\/li>\n<\/ul>\n<h4><strong>3. Ph\u00e1t tri\u1ec3n h\u1ec7 mi\u1ec5n d\u1ecbch:<\/strong><\/h4>\n<p><a href=\"https:\/\/www.kidsplaza.vn\/tag\/sua-cho-tre-so-sinh\">S\u1eefa cho b\u00e9 s\u01a1 sinh<\/a> Physiolac s\u1ed1 3 900g c\u00f3 b\u1ed5 sung <strong>s\u1eaft Bisglycinate<\/strong>\u00a0gi\u00fap b\u00e9 h\u1ea5p th\u1ee5 dinh d\u01b0\u1ee1ng s\u1eaft t\u1ed1t h\u01a1n c\u0169ng nh\u01b0 t\u0103ng s\u1ee9c \u0111\u1ec1 kh\u00e1ng cho b\u00e9.<\/p>\n<p><img loading=\"lazy\" decoding=\"async\" class=\"alignnone wp-image-5744 size-medium\" src=\"https:\/\/suatuyetvoi.com\/muasam\/wp-content\/uploads\/2023\/03\/sua-physiolac-3-900g-3-400x400.jpg\" alt=\"\" width=\"400\" height=\"400\" srcset=\"https:\/\/suatuyetvoi.com\/muasam\/wp-content\/uploads\/2023\/03\/sua-physiolac-3-900g-3-400x400.jpg 400w, https:\/\/suatuyetvoi.com\/muasam\/wp-content\/uploads\/2023\/03\/sua-physiolac-3-900g-3-280x280.jpg 280w, https:\/\/suatuyetvoi.com\/muasam\/wp-content\/uploads\/2023\/03\/sua-physiolac-3-900g-3-300x300.jpg 300w, https:\/\/suatuyetvoi.com\/muasam\/wp-content\/uploads\/2023\/03\/sua-physiolac-3-900g-3-600x600.jpg 600w, https:\/\/suatuyetvoi.com\/muasam\/wp-content\/uploads\/2023\/03\/sua-physiolac-3-900g-3-100x100.jpg 100w, https:\/\/suatuyetvoi.com\/muasam\/wp-content\/uploads\/2023\/03\/sua-physiolac-3-900g-3.jpg 768w\" sizes=\"auto, (max-width: 400px) 100vw, 400px\" \/><\/p>\n<p><em>Th\u00e0nh ph\u1ea7n s\u1eefa Physiolac 3 900g<\/em><\/p>\n<h4><strong>4. Ph\u00e1t tri\u1ec3n th\u1ecb l\u1ef1c:\u00a0<\/strong><\/h4>\n<p>C\u00e1c b\u00e9 \u0111\u01b0\u1ee3c nu\u00f4i d\u01b0\u1ee1ng b\u1eb1ng s\u1eefa Physiolac s\u1ed1 3 900g c\u00f3 th\u1ecb l\u1ef1c ph\u00e1t tri\u1ec3n t\u1ed1t v\u1edbi vi\u1ec7c b\u1ed5 sung h\u00e0m l\u01b0\u1ee3ng <strong>Vitamin A<\/strong>\u00a0v\u00e0 c\u00e1c d\u01b0\u1ee1ng ch\u1ea5t thi\u1ebft y\u1ebfu kh\u00e1c c\u00f3 trong s\u1eefa.<\/p>\n<h4><strong>5.T\u0103ng tr\u01b0\u1edfng chi\u1ec1u cao:<\/strong><\/h4>\n<p>S\u1eefa Physiolac s\u1ed1 3 900g \u0111\u01b0\u1ee3c b\u1ed5 sung h\u00e0m l\u01b0\u1ee3ng Calci cao, t\u1ef7 l\u1ec7 t\u1ed1i \u01b0u gi\u1eefa <strong>Calci v\u00e0 Phospho<\/strong>\u00a0c\u00f9ng v\u1edbi\u00a0<strong>Vitamin D, Phospho v\u00e0 Magie<\/strong>\u00a0cho s\u1ef1 ph\u00e1t tri\u1ec3n t\u1ed1t c\u1ee7a r\u0103ng v\u00e0 h\u1ec7 x\u01b0\u01a1ng tr\u1ebb em.<\/p>\n<h3><strong>\u0110\u1ed9 tu\u1ed5i s\u1eed d\u1ee5ng s\u1eefa Physiolac s\u1ed1 3 900g New<\/strong><\/h3>\n<p><strong>S\u1eefa Physiolac s\u1ed1 3 400g New <\/strong>mang l\u1ea1i ngu\u1ed3n dinh d\u01b0\u1ee1ng c\u1ea7n thi\u1ebft d\u00e0nh cho b\u00e9 t\u1eeb 1-3 tu\u1ed5i.<\/p>\n<h3><strong>H\u01b0\u1edbng d\u1eabn c\u00e1ch pha s\u1eefa Physiolac s\u1ed1 3 900g<\/strong><\/h3>\n<p>\u2013 R\u1eeda s\u1ea1ch tay, ti\u1ec7t tr\u00f9ng d\u1ee5ng c\u1ee5 pha v\u00e0 c\u00e1c ph\u1ee5 ki\u1ec7n kho\u1ea3ng 10 ph\u00fat trong n\u01b0\u1edbc s\u00f4i ho\u1eb7c s\u1eed d\u1ee5ng ph\u01b0\u01a1ng ph\u00e1p th\u00edch h\u1ee3p.<\/p>\n<p>\u2013 Cho l\u01b0\u1ee3ng n\u01b0\u1edbc \u1ea5m c\u1ea7n thi\u1ebft v\u00e0o d\u1ee5ng c\u1ee5 pha (n\u01b0\u1edbc \u0111un s\u00f4i kho\u1ea3ng 10 ph\u00fat r\u1ed3i \u0111\u1ec3 ngu\u00f4i kho\u1ea3ng 40 \u0111\u1ed9 C)<\/p>\n<p>\u2013 L\u1ea5y \u0111\u00fang l\u01b0\u1ee3ng b\u1ed9t c\u1ea7n thi\u1ebft v\u1edbi mu\u1ed7ng k\u00e8m theo trong h\u1ed9p s\u1eefa Physiolac s\u1ed1 3 400g (g\u1ea1t b\u1eb1ng mu\u1ed7ng v\u00e0o m\u00e9p c\u1ee7a h\u1ed9p s\u1eefa)<\/p>\n<p>\u2013 \u0110\u1eady k\u00edn\u00a0<a href=\"https:\/\/www.kidsplaza.vn\/binh-sua.html\">b\u00ecnh s\u1eefa<\/a>, l\u0103n gi\u1eefa hai b\u00e0n tay trong kho\u1ea3ng 10 gi\u00e2y sau \u0111\u00f3 l\u1eafc \u0111\u1ec1u cho \u0111\u1ebfn khi b\u1ed9t s\u1eefa tan ho\u00e0n to\u00e0n.<\/p>\n<p>\u2013 Ki\u1ec3m tra nhi\u1ec7t \u0111\u1ed9 c\u1ee7a s\u1eefa Physiolac s\u1ed1 3 \u0111\u00e3 pha b\u1eb1ng c\u00e1ch nh\u1ecf v\u00e0i gi\u1ecdt l\u00ean ph\u1ea7n da d\u01b0\u1edbi c\u1ed5 tay c\u1ee7a b\u1ea1n, sau \u0111\u00f3 cho b\u00e9 d\u00f9ng ngay.<\/p>\n<p>\u2013 R\u1eeda s\u1ea1ch b\u00ecnh s\u1eefa ngay sau khi cho b\u00e9 \u0103n<\/p>\n<p><em><img loading=\"lazy\" decoding=\"async\" class=\"alignnone wp-image-5743 size-medium\" src=\"https:\/\/suatuyetvoi.com\/muasam\/wp-content\/uploads\/2023\/03\/sua-physiolac-3-900g-2-400x400.jpg\" alt=\"\" width=\"400\" height=\"400\" srcset=\"https:\/\/suatuyetvoi.com\/muasam\/wp-content\/uploads\/2023\/03\/sua-physiolac-3-900g-2-400x400.jpg 400w, https:\/\/suatuyetvoi.com\/muasam\/wp-content\/uploads\/2023\/03\/sua-physiolac-3-900g-2-280x280.jpg 280w, https:\/\/suatuyetvoi.com\/muasam\/wp-content\/uploads\/2023\/03\/sua-physiolac-3-900g-2-300x300.jpg 300w, https:\/\/suatuyetvoi.com\/muasam\/wp-content\/uploads\/2023\/03\/sua-physiolac-3-900g-2-600x600.jpg 600w, https:\/\/suatuyetvoi.com\/muasam\/wp-content\/uploads\/2023\/03\/sua-physiolac-3-900g-2-100x100.jpg 100w, https:\/\/suatuyetvoi.com\/muasam\/wp-content\/uploads\/2023\/03\/sua-physiolac-3-900g-2.jpg 768w\" sizes=\"auto, (max-width: 400px) 100vw, 400px\" \/><\/em><\/p>\n<p><em>C\u00e1ch pha s\u1eefa Physiolac 3 900g<\/em><\/p>\n<h3><strong>C\u00e1ch b\u1ea3o qu\u1ea3n s\u1eefa Physiolac s\u1ed1 3 900g<\/strong><\/h3>\n<p>&#8211; \u0110\u1eady n\u1eafp h\u1ed9p s\u1eefa Physiolac s\u1ed1 3 900g c\u1ea9n th\u1eadn sau khi d\u00f9ng.<\/p>\n<p>&#8211; H\u1ed9p s\u1eefa Physiolac s\u1ed1 3 900g sau khi m\u1edf n\u1eafp d\u00f9ng trong v\u00f2ng 4 tu\u1ea7n.<\/p>\n<p>&#8211; B\u1ea3o qu\u1ea3n n\u01a1i kh\u00f4 r\u00e1o, tho\u00e1ng m\u00e1t, tr\u00e1nh \u00e1nh s\u00e1ng.<\/p>\n<h3><strong>Th\u00f4ng tin s\u1ea3n ph\u1ea9m s\u1eefa Physiolac s\u1ed1 3 900g<\/strong><\/h3>\n<p>T\u00ean s\u1ea3n ph\u1ea9m: Physiolac 3, tr\u1ecdng l\u01b0\u1ee3ng 900G<\/p>\n<p>S\u1ea3n xu\u1ea5t t\u1ea1i: Laboratoires Gilbert, Ph\u00e1p<\/p>\n","protected":false},"excerpt":{"rendered":"<p>H\u1ec7 d\u01b0\u1ee1ng ch\u1ea5t IQ Plus ph\u00e1t tri\u1ec3n n\u00e3o b\u1ed9<br \/>\nT\u0103ng c\u01b0\u1eddng \u0111\u1ec1 kh\u00e1ng v\u00e0 ti\u00eau h\u00f3a kh\u1ecfe m\u1ea1nh<br \/>\nGi\u00fap h\u1ea5p thu Canxi t\u1ed1t<\/p>\n","protected":false},"featured_media":5745,"comment_status":"open","ping_status":"closed","template":"","meta":[],"product_cat":[231],"product_tag":[573,578,518,526],"class_list":["post-5742","product","type-product","status-publish","has-post-thumbnail","hentry","product_cat-sua-bot","product_tag-ho-tro-giup-phat-trien-nao-bo","product_tag-ho-tro-tieu-hoa","product_tag-tang-chieu-cao","product_tag-tu-1-3-tuoi","berocket_brand-physiolac"],"yoast_head":"<!-- This site is optimized with the Yoast SEO plugin v27.6 - https:\/\/yoast.com\/product\/yoast-seo-wordpress\/ -->\n<title>S\u1eefa Physiolac s\u1ed1 3 900g New cho b\u00e9 t\u1eeb 1-3 tu\u1ed5i - \u0110ang Khuy\u1ebfn m\u00e3i<\/title>\n<meta name=\"description\" content=\"Nh\u1eefng \u0111\u1ed9 tu\u1ed5i 1-3 tu\u1ed5i b\u00e9 s\u1ebd \u0111\u01b0\u1ee3c b\u01b0\u1edbc sang giai \u0111o\u1ea1n \u0103n d\u1eb7m, m\u1eb9 c\u0169ng n\u00ean b\u1ed5 sung th\u00eam nh\u1eefng ch\u1ea5t quan tr\u1ecdng h\u01a1n nh\u01b0: Canxi, vitamin, kho\u00e1ng ch\u1ea5t... t\u1eeb s\u1eefa Physiolac s\u1ed1 3 900g New \u0111\u1ec3 ph\u00e1t tri\u1ec3n chi\u1ec1u cao v\u00e0 s\u1ee9c \u0111\u1ec1 kh\u00e1ng.\" \/>\n<meta name=\"robots\" content=\"index, follow, max-snippet:-1, max-image-preview:large, max-video-preview:-1\" \/>\n<link rel=\"canonical\" href=\"https:\/\/suatuyetvoi.com\/muasam\/san-pham\/sua-physiolac-so-3-900g-new-cho-be-tu-1-3-tuoi\/\" \/>\n<meta property=\"og:locale\" content=\"vi_VN\" \/>\n<meta property=\"og:type\" content=\"article\" \/>\n<meta property=\"og:title\" content=\"S\u1eefa Ensure Gold h\u01b0\u01a1ng l\u00faa m\u1ea1ch 850g - \u0110ang Khuy\u1ebfn m\u00e3i\" \/>\n<meta property=\"og:description\" content=\"S\u1eefa Ensure Gold h\u01b0\u01a1ng l\u00faa m\u1ea1ch 850g khi pha v\u1edbi n\u01b0\u1edbc s\u1ebd \u0111\u01b0\u1ee3c m\u1ed9t th\u1ee9c u\u1ed1ng cung c\u1ea5p dinh d\u01b0\u1ee1ng \u0111\u1ea7y \u0111\u1ee7 v\u00e0 c\u00e2n \u0111\u1ed1i, d\u00f9ng thay th\u1ebf ho\u00e0n to\u00e0n m\u1ed9t b\u1eefa \u0103n ho\u1eb7c b\u1ed5 sung cho ch\u1ebf \u0111\u1ed9 \u0103n h\u00e0ng ng\u00e0y c\u1ee7a ng\u01b0\u1eddi l\u1edbn, ng\u01b0\u1eddi \u0103n u\u1ed1ng k\u00e9m, \u0111\u1eb7c bi\u1ec7t c\u1ee7a ng\u01b0\u1eddi b\u1ec7nh c\u1ea7n ph\u1ee5c h\u1ed3i nhanh.\" \/>\n<meta property=\"og:url\" content=\"https:\/\/suatuyetvoi.com\/muasam\/san-pham\/sua-physiolac-so-3-900g-new-cho-be-tu-1-3-tuoi\/\" \/>\n<meta property=\"og:site_name\" content=\"S\u1eefa Tuy\u1ec7t V\u1eddi\" \/>\n<meta property=\"article:modified_time\" content=\"2023-03-17T10:48:57+00:00\" \/>\n<meta property=\"og:image\" content=\"https:\/\/suatuyetvoi.com\/muasam\/wp-content\/uploads\/2023\/03\/sua-physiolac-so-3-900g-removebg-preview.png\" \/>\n\t<meta property=\"og:image:width\" content=\"460\" \/>\n\t<meta property=\"og:image:height\" content=\"460\" \/>\n\t<meta property=\"og:image:type\" content=\"image\/png\" \/>\n<meta name=\"twitter:card\" content=\"summary_large_image\" \/>\n<meta name=\"twitter:title\" content=\"S\u1eefa Ensure Gold h\u01b0\u01a1ng l\u00faa m\u1ea1ch 850g - \u0110ang Khuy\u1ebfn m\u00e3i\" \/>\n<meta name=\"twitter:description\" content=\"S\u1eefa Ensure Gold h\u01b0\u01a1ng l\u00faa m\u1ea1ch 850g khi pha v\u1edbi n\u01b0\u1edbc s\u1ebd \u0111\u01b0\u1ee3c m\u1ed9t th\u1ee9c u\u1ed1ng cung c\u1ea5p dinh d\u01b0\u1ee1ng \u0111\u1ea7y \u0111\u1ee7 v\u00e0 c\u00e2n \u0111\u1ed1i, d\u00f9ng thay th\u1ebf ho\u00e0n to\u00e0n m\u1ed9t b\u1eefa \u0103n ho\u1eb7c b\u1ed5 sung cho ch\u1ebf \u0111\u1ed9 \u0103n h\u00e0ng ng\u00e0y c\u1ee7a ng\u01b0\u1eddi l\u1edbn, ng\u01b0\u1eddi \u0103n u\u1ed1ng k\u00e9m, \u0111\u1eb7c bi\u1ec7t c\u1ee7a ng\u01b0\u1eddi b\u1ec7nh c\u1ea7n ph\u1ee5c h\u1ed3i nhanh.\" \/>\n<meta name=\"twitter:label1\" content=\"\u01af\u1edbc t\u00ednh th\u1eddi gian \u0111\u1ecdc\" \/>\n\t<meta name=\"twitter:data1\" content=\"6 ph\u00fat\" \/>\n<script type=\"application\/ld+json\" class=\"yoast-schema-graph\">{\"@context\":\"https:\\\/\\\/schema.org\",\"@graph\":[{\"@type\":\"WebPage\",\"@id\":\"https:\\\/\\\/suatuyetvoi.com\\\/muasam\\\/san-pham\\\/sua-physiolac-so-3-900g-new-cho-be-tu-1-3-tuoi\\\/\",\"url\":\"https:\\\/\\\/suatuyetvoi.com\\\/muasam\\\/san-pham\\\/sua-physiolac-so-3-900g-new-cho-be-tu-1-3-tuoi\\\/\",\"name\":\"S\u1eefa Physiolac s\u1ed1 3 900g New cho b\u00e9 t\u1eeb 1-3 tu\u1ed5i - \u0110ang Khuy\u1ebfn m\u00e3i\",\"isPartOf\":{\"@id\":\"https:\\\/\\\/suatuyetvoi.com\\\/muasam\\\/#website\"},\"primaryImageOfPage\":{\"@id\":\"https:\\\/\\\/suatuyetvoi.com\\\/muasam\\\/san-pham\\\/sua-physiolac-so-3-900g-new-cho-be-tu-1-3-tuoi\\\/#primaryimage\"},\"image\":{\"@id\":\"https:\\\/\\\/suatuyetvoi.com\\\/muasam\\\/san-pham\\\/sua-physiolac-so-3-900g-new-cho-be-tu-1-3-tuoi\\\/#primaryimage\"},\"thumbnailUrl\":\"https:\\\/\\\/suatuyetvoi.com\\\/muasam\\\/wp-content\\\/uploads\\\/2023\\\/03\\\/sua-physiolac-so-3-900g-removebg-preview.png\",\"datePublished\":\"2023-03-15T17:44:12+00:00\",\"dateModified\":\"2023-03-17T10:48:57+00:00\",\"description\":\"Nh\u1eefng \u0111\u1ed9 tu\u1ed5i 1-3 tu\u1ed5i b\u00e9 s\u1ebd \u0111\u01b0\u1ee3c b\u01b0\u1edbc sang giai \u0111o\u1ea1n \u0103n d\u1eb7m, m\u1eb9 c\u0169ng n\u00ean b\u1ed5 sung th\u00eam nh\u1eefng ch\u1ea5t quan tr\u1ecdng h\u01a1n nh\u01b0: Canxi, vitamin, kho\u00e1ng ch\u1ea5t... t\u1eeb s\u1eefa Physiolac s\u1ed1 3 900g New \u0111\u1ec3 ph\u00e1t tri\u1ec3n chi\u1ec1u cao v\u00e0 s\u1ee9c \u0111\u1ec1 kh\u00e1ng.\",\"breadcrumb\":{\"@id\":\"https:\\\/\\\/suatuyetvoi.com\\\/muasam\\\/san-pham\\\/sua-physiolac-so-3-900g-new-cho-be-tu-1-3-tuoi\\\/#breadcrumb\"},\"inLanguage\":\"vi\",\"potentialAction\":[{\"@type\":\"ReadAction\",\"target\":[\"https:\\\/\\\/suatuyetvoi.com\\\/muasam\\\/san-pham\\\/sua-physiolac-so-3-900g-new-cho-be-tu-1-3-tuoi\\\/\"]}]},{\"@type\":\"ImageObject\",\"inLanguage\":\"vi\",\"@id\":\"https:\\\/\\\/suatuyetvoi.com\\\/muasam\\\/san-pham\\\/sua-physiolac-so-3-900g-new-cho-be-tu-1-3-tuoi\\\/#primaryimage\",\"url\":\"https:\\\/\\\/suatuyetvoi.com\\\/muasam\\\/wp-content\\\/uploads\\\/2023\\\/03\\\/sua-physiolac-so-3-900g-removebg-preview.png\",\"contentUrl\":\"https:\\\/\\\/suatuyetvoi.com\\\/muasam\\\/wp-content\\\/uploads\\\/2023\\\/03\\\/sua-physiolac-so-3-900g-removebg-preview.png\",\"width\":460,\"height\":460},{\"@type\":\"BreadcrumbList\",\"@id\":\"https:\\\/\\\/suatuyetvoi.com\\\/muasam\\\/san-pham\\\/sua-physiolac-so-3-900g-new-cho-be-tu-1-3-tuoi\\\/#breadcrumb\",\"itemListElement\":[{\"@type\":\"ListItem\",\"position\":1,\"name\":\"Home\",\"item\":\"https:\\\/\\\/suatuyetvoi.com\\\/muasam\\\/\"},{\"@type\":\"ListItem\",\"position\":2,\"name\":\"Shop\",\"item\":\"https:\\\/\\\/suatuyetvoi.com\\\/muasam\\\/shop\\\/\"},{\"@type\":\"ListItem\",\"position\":3,\"name\":\"S\u1eefa Physiolac s\u1ed1 3 900g New cho b\u00e9 t\u1eeb 1-3 tu\u1ed5i\"}]},{\"@type\":\"WebSite\",\"@id\":\"https:\\\/\\\/suatuyetvoi.com\\\/muasam\\\/#website\",\"url\":\"https:\\\/\\\/suatuyetvoi.com\\\/muasam\\\/\",\"name\":\"S\u1eefa Tuy\u1ec7t V\u1eddi\",\"description\":\"S\u1eefa Tuy\u1ec7t V\u1eddi Vi\u1ec7t Nam\",\"potentialAction\":[{\"@type\":\"SearchAction\",\"target\":{\"@type\":\"EntryPoint\",\"urlTemplate\":\"https:\\\/\\\/suatuyetvoi.com\\\/muasam\\\/?s={search_term_string}\"},\"query-input\":{\"@type\":\"PropertyValueSpecification\",\"valueRequired\":true,\"valueName\":\"search_term_string\"}}],\"inLanguage\":\"vi\"}]}<\/script>\n<!-- \/ Yoast SEO plugin. -->","yoast_head_json":{"title":"S\u1eefa Physiolac s\u1ed1 3 900g New cho b\u00e9 t\u1eeb 1-3 tu\u1ed5i - \u0110ang Khuy\u1ebfn m\u00e3i","description":"Nh\u1eefng \u0111\u1ed9 tu\u1ed5i 1-3 tu\u1ed5i b\u00e9 s\u1ebd \u0111\u01b0\u1ee3c b\u01b0\u1edbc sang giai \u0111o\u1ea1n \u0103n d\u1eb7m, m\u1eb9 c\u0169ng n\u00ean b\u1ed5 sung th\u00eam nh\u1eefng ch\u1ea5t quan tr\u1ecdng h\u01a1n nh\u01b0: Canxi, vitamin, kho\u00e1ng ch\u1ea5t... t\u1eeb s\u1eefa Physiolac s\u1ed1 3 900g New \u0111\u1ec3 ph\u00e1t tri\u1ec3n chi\u1ec1u cao v\u00e0 s\u1ee9c \u0111\u1ec1 kh\u00e1ng.","robots":{"index":"index","follow":"follow","max-snippet":"max-snippet:-1","max-image-preview":"max-image-preview:large","max-video-preview":"max-video-preview:-1"},"canonical":"https:\/\/suatuyetvoi.com\/muasam\/san-pham\/sua-physiolac-so-3-900g-new-cho-be-tu-1-3-tuoi\/","og_locale":"vi_VN","og_type":"article","og_title":"S\u1eefa Ensure Gold h\u01b0\u01a1ng l\u00faa m\u1ea1ch 850g - \u0110ang Khuy\u1ebfn m\u00e3i","og_description":"S\u1eefa Ensure Gold h\u01b0\u01a1ng l\u00faa m\u1ea1ch 850g khi pha v\u1edbi n\u01b0\u1edbc s\u1ebd \u0111\u01b0\u1ee3c m\u1ed9t th\u1ee9c u\u1ed1ng cung c\u1ea5p dinh d\u01b0\u1ee1ng \u0111\u1ea7y \u0111\u1ee7 v\u00e0 c\u00e2n \u0111\u1ed1i, d\u00f9ng thay th\u1ebf ho\u00e0n to\u00e0n m\u1ed9t b\u1eefa \u0103n ho\u1eb7c b\u1ed5 sung cho ch\u1ebf \u0111\u1ed9 \u0103n h\u00e0ng ng\u00e0y c\u1ee7a ng\u01b0\u1eddi l\u1edbn, ng\u01b0\u1eddi \u0103n u\u1ed1ng k\u00e9m, \u0111\u1eb7c bi\u1ec7t c\u1ee7a ng\u01b0\u1eddi b\u1ec7nh c\u1ea7n ph\u1ee5c h\u1ed3i nhanh.","og_url":"https:\/\/suatuyetvoi.com\/muasam\/san-pham\/sua-physiolac-so-3-900g-new-cho-be-tu-1-3-tuoi\/","og_site_name":"S\u1eefa Tuy\u1ec7t V\u1eddi","article_modified_time":"2023-03-17T10:48:57+00:00","og_image":[{"width":460,"height":460,"url":"https:\/\/suatuyetvoi.com\/muasam\/wp-content\/uploads\/2023\/03\/sua-physiolac-so-3-900g-removebg-preview.png","type":"image\/png"}],"twitter_card":"summary_large_image","twitter_title":"S\u1eefa Ensure Gold h\u01b0\u01a1ng l\u00faa m\u1ea1ch 850g - \u0110ang Khuy\u1ebfn m\u00e3i","twitter_description":"S\u1eefa Ensure Gold h\u01b0\u01a1ng l\u00faa m\u1ea1ch 850g khi pha v\u1edbi n\u01b0\u1edbc s\u1ebd \u0111\u01b0\u1ee3c m\u1ed9t th\u1ee9c u\u1ed1ng cung c\u1ea5p dinh d\u01b0\u1ee1ng \u0111\u1ea7y \u0111\u1ee7 v\u00e0 c\u00e2n \u0111\u1ed1i, d\u00f9ng thay th\u1ebf ho\u00e0n to\u00e0n m\u1ed9t b\u1eefa \u0103n ho\u1eb7c b\u1ed5 sung cho ch\u1ebf \u0111\u1ed9 \u0103n h\u00e0ng ng\u00e0y c\u1ee7a ng\u01b0\u1eddi l\u1edbn, ng\u01b0\u1eddi \u0103n u\u1ed1ng k\u00e9m, \u0111\u1eb7c bi\u1ec7t c\u1ee7a ng\u01b0\u1eddi b\u1ec7nh c\u1ea7n ph\u1ee5c h\u1ed3i nhanh.","twitter_misc":{"\u01af\u1edbc t\u00ednh th\u1eddi gian \u0111\u1ecdc":"6 ph\u00fat"},"schema":{"@context":"https:\/\/schema.org","@graph":[{"@type":"WebPage","@id":"https:\/\/suatuyetvoi.com\/muasam\/san-pham\/sua-physiolac-so-3-900g-new-cho-be-tu-1-3-tuoi\/","url":"https:\/\/suatuyetvoi.com\/muasam\/san-pham\/sua-physiolac-so-3-900g-new-cho-be-tu-1-3-tuoi\/","name":"S\u1eefa Physiolac s\u1ed1 3 900g New cho b\u00e9 t\u1eeb 1-3 tu\u1ed5i - \u0110ang Khuy\u1ebfn m\u00e3i","isPartOf":{"@id":"https:\/\/suatuyetvoi.com\/muasam\/#website"},"primaryImageOfPage":{"@id":"https:\/\/suatuyetvoi.com\/muasam\/san-pham\/sua-physiolac-so-3-900g-new-cho-be-tu-1-3-tuoi\/#primaryimage"},"image":{"@id":"https:\/\/suatuyetvoi.com\/muasam\/san-pham\/sua-physiolac-so-3-900g-new-cho-be-tu-1-3-tuoi\/#primaryimage"},"thumbnailUrl":"https:\/\/suatuyetvoi.com\/muasam\/wp-content\/uploads\/2023\/03\/sua-physiolac-so-3-900g-removebg-preview.png","datePublished":"2023-03-15T17:44:12+00:00","dateModified":"2023-03-17T10:48:57+00:00","description":"Nh\u1eefng \u0111\u1ed9 tu\u1ed5i 1-3 tu\u1ed5i b\u00e9 s\u1ebd \u0111\u01b0\u1ee3c b\u01b0\u1edbc sang giai \u0111o\u1ea1n \u0103n d\u1eb7m, m\u1eb9 c\u0169ng n\u00ean b\u1ed5 sung th\u00eam nh\u1eefng ch\u1ea5t quan tr\u1ecdng h\u01a1n nh\u01b0: Canxi, vitamin, kho\u00e1ng ch\u1ea5t... t\u1eeb s\u1eefa Physiolac s\u1ed1 3 900g New \u0111\u1ec3 ph\u00e1t tri\u1ec3n chi\u1ec1u cao v\u00e0 s\u1ee9c \u0111\u1ec1 kh\u00e1ng.","breadcrumb":{"@id":"https:\/\/suatuyetvoi.com\/muasam\/san-pham\/sua-physiolac-so-3-900g-new-cho-be-tu-1-3-tuoi\/#breadcrumb"},"inLanguage":"vi","potentialAction":[{"@type":"ReadAction","target":["https:\/\/suatuyetvoi.com\/muasam\/san-pham\/sua-physiolac-so-3-900g-new-cho-be-tu-1-3-tuoi\/"]}]},{"@type":"ImageObject","inLanguage":"vi","@id":"https:\/\/suatuyetvoi.com\/muasam\/san-pham\/sua-physiolac-so-3-900g-new-cho-be-tu-1-3-tuoi\/#primaryimage","url":"https:\/\/suatuyetvoi.com\/muasam\/wp-content\/uploads\/2023\/03\/sua-physiolac-so-3-900g-removebg-preview.png","contentUrl":"https:\/\/suatuyetvoi.com\/muasam\/wp-content\/uploads\/2023\/03\/sua-physiolac-so-3-900g-removebg-preview.png","width":460,"height":460},{"@type":"BreadcrumbList","@id":"https:\/\/suatuyetvoi.com\/muasam\/san-pham\/sua-physiolac-so-3-900g-new-cho-be-tu-1-3-tuoi\/#breadcrumb","itemListElement":[{"@type":"ListItem","position":1,"name":"Home","item":"https:\/\/suatuyetvoi.com\/muasam\/"},{"@type":"ListItem","position":2,"name":"Shop","item":"https:\/\/suatuyetvoi.com\/muasam\/shop\/"},{"@type":"ListItem","position":3,"name":"S\u1eefa Physiolac s\u1ed1 3 900g New cho b\u00e9 t\u1eeb 1-3 tu\u1ed5i"}]},{"@type":"WebSite","@id":"https:\/\/suatuyetvoi.com\/muasam\/#website","url":"https:\/\/suatuyetvoi.com\/muasam\/","name":"S\u1eefa Tuy\u1ec7t V\u1eddi","description":"S\u1eefa Tuy\u1ec7t V\u1eddi Vi\u1ec7t Nam","potentialAction":[{"@type":"SearchAction","target":{"@type":"EntryPoint","urlTemplate":"https:\/\/suatuyetvoi.com\/muasam\/?s={search_term_string}"},"query-input":{"@type":"PropertyValueSpecification","valueRequired":true,"valueName":"search_term_string"}}],"inLanguage":"vi"}]}},"_links":{"self":[{"href":"https:\/\/suatuyetvoi.com\/muasam\/wp-json\/wp\/v2\/product\/5742","targetHints":{"allow":["GET"]}}],"collection":[{"href":"https:\/\/suatuyetvoi.com\/muasam\/wp-json\/wp\/v2\/product"}],"about":[{"href":"https:\/\/suatuyetvoi.com\/muasam\/wp-json\/wp\/v2\/types\/product"}],"replies":[{"embeddable":true,"href":"https:\/\/suatuyetvoi.com\/muasam\/wp-json\/wp\/v2\/comments?post=5742"}],"wp:featuredmedia":[{"embeddable":true,"href":"https:\/\/suatuyetvoi.com\/muasam\/wp-json\/wp\/v2\/media\/5745"}],"wp:attachment":[{"href":"https:\/\/suatuyetvoi.com\/muasam\/wp-json\/wp\/v2\/media?parent=5742"}],"wp:term":[{"taxonomy":"product_cat","embeddable":true,"href":"https:\/\/suatuyetvoi.com\/muasam\/wp-json\/wp\/v2\/product_cat?post=5742"},{"taxonomy":"product_tag","embeddable":true,"href":"https:\/\/suatuyetvoi.com\/muasam\/wp-json\/wp\/v2\/product_tag?post=5742"}],"curies":[{"name":"wp","href":"https:\/\/api.w.org\/{rel}","templated":true}]}}