{"id":5729,"date":"2023-03-13T18:11:23","date_gmt":"2023-03-13T11:11:23","guid":{"rendered":"https:\/\/suatuyetvoi.com\/muasam\/?post_type=product&#038;p=5729"},"modified":"2023-03-13T18:12:34","modified_gmt":"2023-03-13T11:12:34","slug":"sua-nan-supreme-pro-so-3-5-hmo-800g-new-2-6-tuoi","status":"publish","type":"product","link":"https:\/\/suatuyetvoi.com\/muasam\/san-pham\/sua-nan-supreme-pro-so-3-5-hmo-800g-new-2-6-tuoi\/","title":{"rendered":"S\u1eefa Nan Supreme Pro s\u1ed1 3 5-HMO 800g New (2 &#8211; 6 tu\u1ed5i)"},"content":{"rendered":"<div id=\"product.info.description\" class=\"data item content\" role=\"tabpanel\" data-role=\"content\" aria-labelledby=\"tab-label-product.description\" aria-hidden=\"false\">\n<div class=\"product attribute description\">\n<div class=\"value\">\n<p><strong>S\u1eefa Nan Supreme Pro s\u1ed1 3<\/strong>\u00a0l\u00e0 s\u1ea3n ph\u1ea9m dinh d\u01b0\u1ee1ng c\u00f4ng th\u1ee9c t\u1eeb Th\u1ee5y S\u0129, s\u1ea3n xu\u1ea5t v\u00e0 \u0111\u00f3ng g\u00f3i t\u1ea1i Nestl\u00e9 \u0110\u1ee9c, ch\u00e2u \u00c2u v\u00e0 nh\u1eadp kh\u1ea9u ch\u00ednh h\u00e3ng b\u1edfi Nestl\u00e9 Vi\u1ec7t Nam.\u00a0S\u1ea3n ph\u1ea9m dinh d\u01b0\u1ee1ng c\u00f4ng th\u1ee9c cho tr\u1ebb t\u1eeb 2 &#8211; 6 tu\u1ed5i, b\u1ed5 sung c\u00e1c d\u01b0\u1ee1ng ch\u1ea5t thi\u1ebft y\u1ebfu gi\u00fap tr\u1ebb t\u0103ng c\u01b0\u1eddng s\u1ee9c \u0111\u1ec1 kh\u00e1ng, d\u1ec5 ti\u00eau ho\u00e1, d\u1ec5 h\u1ea5p thu v\u00e0 ph\u00f2ng ng\u1eeba nguy c\u01a1 d\u1ecb \u1ee9ng (ch\u00e0m s\u1eefa).<\/p>\n<p><img loading=\"lazy\" decoding=\"async\" class=\"alignnone size-full wp-image-5731\" src=\"https:\/\/suatuyetvoi.com\/muasam\/wp-content\/uploads\/2023\/03\/sua-nan-supreme-pro-so-3-800g-1.webp\" alt=\"\" width=\"1170\" height=\"1170\" srcset=\"https:\/\/suatuyetvoi.com\/muasam\/wp-content\/uploads\/2023\/03\/sua-nan-supreme-pro-so-3-800g-1.webp 1170w, https:\/\/suatuyetvoi.com\/muasam\/wp-content\/uploads\/2023\/03\/sua-nan-supreme-pro-so-3-800g-1-400x400.webp 400w, https:\/\/suatuyetvoi.com\/muasam\/wp-content\/uploads\/2023\/03\/sua-nan-supreme-pro-so-3-800g-1-800x800.webp 800w, https:\/\/suatuyetvoi.com\/muasam\/wp-content\/uploads\/2023\/03\/sua-nan-supreme-pro-so-3-800g-1-280x280.webp 280w, https:\/\/suatuyetvoi.com\/muasam\/wp-content\/uploads\/2023\/03\/sua-nan-supreme-pro-so-3-800g-1-768x768.webp 768w, https:\/\/suatuyetvoi.com\/muasam\/wp-content\/uploads\/2023\/03\/sua-nan-supreme-pro-so-3-800g-1-300x300.webp 300w, https:\/\/suatuyetvoi.com\/muasam\/wp-content\/uploads\/2023\/03\/sua-nan-supreme-pro-so-3-800g-1-600x600.webp 600w, https:\/\/suatuyetvoi.com\/muasam\/wp-content\/uploads\/2023\/03\/sua-nan-supreme-pro-so-3-800g-1-100x100.webp 100w\" sizes=\"auto, (max-width: 1170px) 100vw, 1170px\" \/><\/p>\n<p><em>S\u1eefa Nan Supreme Pro s\u1ed1 3<\/em><\/p>\n<h3><strong>\u0110\u1eb7c \u0111i\u1ec3m n\u1ed5i b\u1eadt c\u1ee7a s\u1ea3n ph\u1ea9m<\/strong><\/h3>\n<p>S\u1eefa Nan Supreme Pro s\u1ed1 3\u00a0mang t\u1edbi c\u00f4ng th\u1ee9c dinh d\u01b0\u1ee1ng ti\u00ean ti\u1ebfn t\u1eeb Th\u1ee5y S\u0129, ch\u1ee9a:<\/p>\n<p>&#8211; Ph\u1ee9c h\u1ee3p 5HMOs (2&#8217;FL, DFL, LNT, 3&#8217;SL, 6&#8217;SL): C\u00f4ng th\u1ee9c \u0111\u1ea7u ti\u00ean b\u1ed5 sung ph\u1ee9c h\u1ee3p 5HMO gi\u00fap t\u0103ng c\u01b0\u1eddng s\u1ee9c \u0111\u1ec1 kh\u00e1ng.<\/p>\n<p>&#8211; \u0110\u1ea0M OPTIPRO HA: \u0110\u1ea1m ch\u1ea5t l\u01b0\u1ee3ng Optipro thu\u1ef7 ph\u00e2n m\u1ed9t ph\u1ea7n (HA) gi\u00fap d\u1ec5 ti\u00eau ho\u00e1 v\u00e0 ph\u00f2ng ng\u1eeba nguy c\u01a1 d\u1ecb \u1ee9ng (ch\u00e0m s\u1eefa)<\/p>\n<p>&#8211; L\u1ee3i khu\u1ea9n BIFIDUS BL: Bl\u1ee3i khu\u1ea9n Bifidus BL gi\u00fap h\u1ed7 tr\u1ee3 s\u1ee9c \u0111\u1ec1 kh\u00e1ng<\/p>\n<p>&#8211; DHA v\u00e0 ARA: H\u1ed7 tr\u1ee3 ph\u00e1t tri\u1ec3n tr\u00ed n\u00e3o v\u00e0 th\u1ecb l\u1ef1c<\/p>\n<p><img loading=\"lazy\" decoding=\"async\" class=\"alignnone size-full wp-image-5733\" src=\"https:\/\/suatuyetvoi.com\/muasam\/wp-content\/uploads\/2023\/03\/sua-nan-supreme-pro-so-3-800g-3.webp\" alt=\"\" width=\"1000\" height=\"848\" srcset=\"https:\/\/suatuyetvoi.com\/muasam\/wp-content\/uploads\/2023\/03\/sua-nan-supreme-pro-so-3-800g-3.webp 1000w, https:\/\/suatuyetvoi.com\/muasam\/wp-content\/uploads\/2023\/03\/sua-nan-supreme-pro-so-3-800g-3-472x400.webp 472w, https:\/\/suatuyetvoi.com\/muasam\/wp-content\/uploads\/2023\/03\/sua-nan-supreme-pro-so-3-800g-3-943x800.webp 943w, https:\/\/suatuyetvoi.com\/muasam\/wp-content\/uploads\/2023\/03\/sua-nan-supreme-pro-so-3-800g-3-768x651.webp 768w, https:\/\/suatuyetvoi.com\/muasam\/wp-content\/uploads\/2023\/03\/sua-nan-supreme-pro-so-3-800g-3-600x509.webp 600w\" sizes=\"auto, (max-width: 1000px) 100vw, 1000px\" \/><\/p>\n<h3><strong>H\u01b0\u1edbng d\u1eabn s\u1eed d\u1ee5ng s\u1ea3n ph\u1ea9m<\/strong><\/h3>\n<p><em><strong>C\u00e1ch pha ch\u1ebf<\/strong><\/em><\/p>\n<p>&#8211; R\u1eeda s\u1ea1ch tay tr\u01b0\u1edbc khi pha Nan Supreme Pro cho tr\u1ebb<\/p>\n<p>&#8211; R\u1eeda c\u1ed1c v\u00e0 n\u1eafp \u0111\u1eady th\u1eadt s\u1ea1ch. \u0110un s\u00f4i trong 5 ph\u00fat. \u0110\u1eady k\u00edn n\u1eafp \u0111\u1ebfn khi s\u1eed d\u1ee5ng<\/p>\n<p>&#8211; \u0110un s\u00f4i n\u01b0\u1edbc v\u00e0 \u0111\u1ec3 ngu\u1ed9i b\u1edbt (L\u00e0m ngu\u1ed9i n\u01b0\u1edbc b\u1eb1ng v\u1edbi nhi\u1ec7t \u0111\u1ed9 c\u1ee7a c\u01a1 th\u1ec3)<\/p>\n<p>&#8211; Theo s\u00e1t b\u1ea3ng h\u01b0\u1edbng d\u1eabn c\u00e1ch pha. \u0110\u1ea7u ti\u00ean, \u0111\u1ed5 n\u01b0\u1edbc \u1ea5m v\u00e0o c\u1ed1c. Sau \u0111\u00f3, th\u00eam ch\u00ednh x\u00e1c s\u1ed1 mu\u1ed7ng l\u01b0\u1eddng \u0111\u00e3 g\u1ea1t ngang t\u01b0\u01a1ng \u1ee9ng v\u1edbi \u0111\u1ed9 tu\u1ed5i c\u1ee7a tr\u1ebb<\/p>\n<p>&#8211; \u0110\u1ea3m b\u1ea3o mu\u1ed7ng l\u01b0\u1eddng kh\u00f4 r\u00e1o r\u1ed3i \u0111\u1eb7t l\u1ea1i v\u00e0o h\u1ed9p. \u0110\u1eady n\u1eafp k\u00edn sau m\u1ed7i l\u1ea7n s\u1eed d\u1ee5ng v\u00e0 b\u1ea3o qu\u1ea3n n\u01a1i kh\u00f4 r\u00e1o, tho\u00e1ng m\u00e1t<\/p>\n<p>&#8211; \u0110\u1eady n\u1eafp v\u00e0 l\u1eafc ho\u1eb7c khu\u1ea5y \u0111\u1ec1u \u0111\u1ebfn khi b\u1ed9t \u0111\u01b0\u1ee3c ho\u00e0n tan ho\u00e0n to\u00e0n. Ki\u1ec3m tra nhi\u1ec7t \u0111\u1ed9 tr\u01b0\u1edbc khi cho tr\u1ebb u\u1ed1ng<\/p>\n<p><em><strong>\u0110\u1ecbnh l\u01b0\u1ee3ng pha s\u1eefa<\/strong><\/em><\/p>\n<p><img loading=\"lazy\" decoding=\"async\" class=\"alignnone size-full wp-image-5734\" src=\"https:\/\/suatuyetvoi.com\/muasam\/wp-content\/uploads\/2023\/03\/sua-Nan-supreme-pro-so-3-dinh-luong-pha-sua.webp\" alt=\"\" width=\"2017\" height=\"1657\" srcset=\"https:\/\/suatuyetvoi.com\/muasam\/wp-content\/uploads\/2023\/03\/sua-Nan-supreme-pro-so-3-dinh-luong-pha-sua.webp 2017w, https:\/\/suatuyetvoi.com\/muasam\/wp-content\/uploads\/2023\/03\/sua-Nan-supreme-pro-so-3-dinh-luong-pha-sua-487x400.webp 487w, https:\/\/suatuyetvoi.com\/muasam\/wp-content\/uploads\/2023\/03\/sua-Nan-supreme-pro-so-3-dinh-luong-pha-sua-974x800.webp 974w, https:\/\/suatuyetvoi.com\/muasam\/wp-content\/uploads\/2023\/03\/sua-Nan-supreme-pro-so-3-dinh-luong-pha-sua-768x631.webp 768w, https:\/\/suatuyetvoi.com\/muasam\/wp-content\/uploads\/2023\/03\/sua-Nan-supreme-pro-so-3-dinh-luong-pha-sua-1536x1262.webp 1536w, https:\/\/suatuyetvoi.com\/muasam\/wp-content\/uploads\/2023\/03\/sua-Nan-supreme-pro-so-3-dinh-luong-pha-sua-600x493.webp 600w\" sizes=\"auto, (max-width: 2017px) 100vw, 2017px\" \/><\/p>\n<p><em><strong>Ch\u00fa \u00fd:<\/strong><\/em>\u00a0*L\u00e0m ngu\u1ed9i n\u01b0\u1edbc b\u1eb1ng v\u1edbi nhi\u1ec7t \u0111\u1ed9 c\u01a1 th\u1ec3 khi pha NAN SUPREME PRO 3 cho tr\u1ebb \u0111\u1ec3 \u0111\u1ea3m b\u1ea3o nh\u1eefng vi sinh v\u1eadt c\u00f3 l\u1ee3i c\u00f2n s\u1ed1ng. **Ch\u1ec9 d\u00f9ng mu\u1ed7ng l\u01b0\u1eddng trong h\u1ed9p. Cho b\u1ed9t nhi\u1ec1u ho\u1eb7c \u00edt h\u01a1n \u0111\u1ec1u d\u1eabn \u0111\u1ebfn vi\u1ec7c m\u1ea5t n\u01b0\u1edbc ho\u1eb7c kh\u00f4ng cung c\u1ea5p \u0111\u1ee7 dinh d\u01b0\u1ee1ng cho con b\u1ea1n. Kh\u00f4ng \u0111\u01b0\u1ee3c thay \u0111\u1ed5i t\u1ec9 l\u1ec7 pha m\u00e0 kh\u00f4ng c\u00f3 s\u1ef1 ch\u1ec9 d\u1eabn c\u1ee7a nh\u00e2n vi\u00ean y t\u1ebf.<\/p>\n<h3><strong>H\u01b0\u1edbng d\u1eabn b\u1ea3o qu\u1ea3n s\u1ea3n ph\u1ea9m<\/strong><\/h3>\n<p>&#8211; B\u1ea3o qu\u1ea3n s\u1ea3n ph\u1ea9m n\u01a1i kh\u00f4 r\u00e1o, tr\u00e1nh \u00e1nh n\u1eafng tr\u1ef1c ti\u1ebfp.<\/p>\n<p>&#8211; S\u1eed d\u1ee5ng trong v\u00f2ng 4 tu\u1ea7n sau khi m\u1edf h\u1ed9p.<\/p>\n<\/div>\n<\/div>\n<\/div>\n","protected":false},"excerpt":{"rendered":"<table id=\"product-attribute-specs-table\" class=\"data table additional-attributes\">\n<tbody>\n<tr>\n<th class=\"col label Th\u01b0\u01a1ng hi\u1ec7u\" scope=\"row\">Th\u01b0\u01a1ng hi\u1ec7u<\/th>\n<td class=\"col data\" data-th=\"Th\u01b0\u01a1ng hi\u1ec7u\"><a href=\"https:\/\/bibomart.com.vn\/nestle.html\">Nestl\u00e9<\/a><\/td>\n<\/tr>\n<tr class=\"xuat_xu_thuong_hieu\">\n<th class=\"col label\" scope=\"row\">Xu\u1ea5t x\u1ee9 th\u01b0\u01a1ng hi\u1ec7u<\/th>\n<td class=\"col data\" data-th=\"Xu\u1ea5t x\u1ee9 th\u01b0\u01a1ng hi\u1ec7u\">Th\u1ee5y S\u0129<\/td>\n<\/tr>\n<tr class=\"noi_san_xuat\">\n<th class=\"col label\" scope=\"row\">N\u01a1i s\u1ea3n xu\u1ea5t<\/th>\n<td class=\"col data\" data-th=\"N\u01a1i s\u1ea3n xu\u1ea5t\">\u0110\u1ee9c<\/td>\n<\/tr>\n<tr class=\"do_tuoi_su_dung\">\n<th class=\"col label\" scope=\"row\">\u0110\u1ed9 tu\u1ed5i s\u1eed d\u1ee5ng<\/th>\n<td class=\"col data\" data-th=\"\u0110\u1ed9 tu\u1ed5i s\u1eed d\u1ee5ng\">2 &#8211; 6 tu\u1ed5i<\/td>\n<\/tr>\n<tr class=\"trong_luong\">\n<th class=\"col label\" scope=\"row\">Tr\u1ecdng L\u01b0\u1ee3ng<\/th>\n<td class=\"col data\" data-th=\"Tr\u1ecdng L\u01b0\u1ee3ng\">800g<\/td>\n<\/tr>\n<\/tbody>\n<\/table>\n","protected":false},"featured_media":5732,"comment_status":"open","ping_status":"closed","template":"","meta":[],"product_cat":[231],"product_tag":[566],"class_list":["post-5729","product","type-product","status-publish","has-post-thumbnail","hentry","product_cat-sua-bot","product_tag-tang-cuong-suc-de-khang","berocket_brand-nestle"],"yoast_head":"<!-- This site is optimized with the Yoast SEO plugin v27.6 - https:\/\/yoast.com\/product\/yoast-seo-wordpress\/ -->\n<title>S\u1eefa Nan Supreme Pro s\u1ed1 3 5-HMO 800g New (2 - 6 tu\u1ed5i)<\/title>\n<meta name=\"description\" content=\"Nan Supreme Pro s\u1ed1 3\u00a0l\u00e0 s\u1ea3n ph\u1ea9m dinh d\u01b0\u1ee1ng c\u00f4ng th\u1ee9c t\u1eeb Th\u1ee5y S\u0129, s\u1ea3n xu\u1ea5t v\u00e0 \u0111\u00f3ng g\u00f3i t\u1ea1i Nestl\u00e9 \u0110\u1ee9c, ch\u00e2u \u00c2u v\u00e0 nh\u1eadp kh\u1ea9u ch\u00ednh h\u00e3ng b\u1edfi Nestl\u00e9 Vi\u1ec7t Nam.\" \/>\n<meta name=\"robots\" content=\"index, follow, max-snippet:-1, max-image-preview:large, max-video-preview:-1\" \/>\n<link rel=\"canonical\" href=\"https:\/\/suatuyetvoi.com\/muasam\/san-pham\/sua-nan-supreme-pro-so-3-5-hmo-800g-new-2-6-tuoi\/\" \/>\n<meta property=\"og:locale\" content=\"vi_VN\" \/>\n<meta property=\"og:type\" content=\"article\" \/>\n<meta property=\"og:title\" content=\"S\u1eefa Nan Supreme Pro s\u1ed1 3 5-HMO 800g New (2 - 6 tu\u1ed5i)\" \/>\n<meta property=\"og:description\" content=\"Nan Supreme Pro s\u1ed1 3\u00a0l\u00e0 s\u1ea3n ph\u1ea9m dinh d\u01b0\u1ee1ng c\u00f4ng th\u1ee9c t\u1eeb Th\u1ee5y S\u0129, s\u1ea3n xu\u1ea5t v\u00e0 \u0111\u00f3ng g\u00f3i t\u1ea1i Nestl\u00e9 \u0110\u1ee9c, ch\u00e2u \u00c2u v\u00e0 nh\u1eadp kh\u1ea9u ch\u00ednh h\u00e3ng b\u1edfi Nestl\u00e9 Vi\u1ec7t Nam.\" \/>\n<meta property=\"og:url\" content=\"https:\/\/suatuyetvoi.com\/muasam\/san-pham\/sua-nan-supreme-pro-so-3-5-hmo-800g-new-2-6-tuoi\/\" \/>\n<meta property=\"og:site_name\" content=\"S\u1eefa Tuy\u1ec7t V\u1eddi\" \/>\n<meta property=\"article:modified_time\" content=\"2023-03-13T11:12:34+00:00\" \/>\n<meta property=\"og:image\" content=\"https:\/\/suatuyetvoi.com\/muasam\/wp-content\/uploads\/2023\/03\/sua-nan-supreme-pro-so-3-800g-Edited-1.png\" \/>\n\t<meta property=\"og:image:width\" content=\"1170\" \/>\n\t<meta property=\"og:image:height\" content=\"1170\" \/>\n\t<meta property=\"og:image:type\" content=\"image\/png\" \/>\n<meta name=\"twitter:card\" content=\"summary_large_image\" \/>\n<meta name=\"twitter:title\" content=\"S\u1eefa Nan Supreme Pro s\u1ed1 3 5-HMO 800g New (2 - 6 tu\u1ed5i)\" \/>\n<meta name=\"twitter:description\" content=\"Nan Supreme Pro s\u1ed1 3\u00a0l\u00e0 s\u1ea3n ph\u1ea9m dinh d\u01b0\u1ee1ng c\u00f4ng th\u1ee9c t\u1eeb Th\u1ee5y S\u0129, s\u1ea3n xu\u1ea5t v\u00e0 \u0111\u00f3ng g\u00f3i t\u1ea1i Nestl\u00e9 \u0110\u1ee9c, ch\u00e2u \u00c2u v\u00e0 nh\u1eadp kh\u1ea9u ch\u00ednh h\u00e3ng b\u1edfi Nestl\u00e9 Vi\u1ec7t Nam.\" \/>\n<meta name=\"twitter:label1\" content=\"\u01af\u1edbc t\u00ednh th\u1eddi gian \u0111\u1ecdc\" \/>\n\t<meta name=\"twitter:data1\" content=\"3 ph\u00fat\" \/>\n<script type=\"application\/ld+json\" class=\"yoast-schema-graph\">{\"@context\":\"https:\\\/\\\/schema.org\",\"@graph\":[{\"@type\":\"WebPage\",\"@id\":\"https:\\\/\\\/suatuyetvoi.com\\\/muasam\\\/san-pham\\\/sua-nan-supreme-pro-so-3-5-hmo-800g-new-2-6-tuoi\\\/\",\"url\":\"https:\\\/\\\/suatuyetvoi.com\\\/muasam\\\/san-pham\\\/sua-nan-supreme-pro-so-3-5-hmo-800g-new-2-6-tuoi\\\/\",\"name\":\"S\u1eefa Nan Supreme Pro s\u1ed1 3 5-HMO 800g New (2 - 6 tu\u1ed5i)\",\"isPartOf\":{\"@id\":\"https:\\\/\\\/suatuyetvoi.com\\\/muasam\\\/#website\"},\"primaryImageOfPage\":{\"@id\":\"https:\\\/\\\/suatuyetvoi.com\\\/muasam\\\/san-pham\\\/sua-nan-supreme-pro-so-3-5-hmo-800g-new-2-6-tuoi\\\/#primaryimage\"},\"image\":{\"@id\":\"https:\\\/\\\/suatuyetvoi.com\\\/muasam\\\/san-pham\\\/sua-nan-supreme-pro-so-3-5-hmo-800g-new-2-6-tuoi\\\/#primaryimage\"},\"thumbnailUrl\":\"https:\\\/\\\/suatuyetvoi.com\\\/muasam\\\/wp-content\\\/uploads\\\/2023\\\/03\\\/sua-nan-supreme-pro-so-3-800g-Edited-1.png\",\"datePublished\":\"2023-03-13T11:11:23+00:00\",\"dateModified\":\"2023-03-13T11:12:34+00:00\",\"description\":\"Nan Supreme Pro s\u1ed1 3\u00a0l\u00e0 s\u1ea3n ph\u1ea9m dinh d\u01b0\u1ee1ng c\u00f4ng th\u1ee9c t\u1eeb Th\u1ee5y S\u0129, s\u1ea3n xu\u1ea5t v\u00e0 \u0111\u00f3ng g\u00f3i t\u1ea1i Nestl\u00e9 \u0110\u1ee9c, ch\u00e2u \u00c2u v\u00e0 nh\u1eadp kh\u1ea9u ch\u00ednh h\u00e3ng b\u1edfi Nestl\u00e9 Vi\u1ec7t Nam.\",\"breadcrumb\":{\"@id\":\"https:\\\/\\\/suatuyetvoi.com\\\/muasam\\\/san-pham\\\/sua-nan-supreme-pro-so-3-5-hmo-800g-new-2-6-tuoi\\\/#breadcrumb\"},\"inLanguage\":\"vi\",\"potentialAction\":[{\"@type\":\"ReadAction\",\"target\":[\"https:\\\/\\\/suatuyetvoi.com\\\/muasam\\\/san-pham\\\/sua-nan-supreme-pro-so-3-5-hmo-800g-new-2-6-tuoi\\\/\"]}]},{\"@type\":\"ImageObject\",\"inLanguage\":\"vi\",\"@id\":\"https:\\\/\\\/suatuyetvoi.com\\\/muasam\\\/san-pham\\\/sua-nan-supreme-pro-so-3-5-hmo-800g-new-2-6-tuoi\\\/#primaryimage\",\"url\":\"https:\\\/\\\/suatuyetvoi.com\\\/muasam\\\/wp-content\\\/uploads\\\/2023\\\/03\\\/sua-nan-supreme-pro-so-3-800g-Edited-1.png\",\"contentUrl\":\"https:\\\/\\\/suatuyetvoi.com\\\/muasam\\\/wp-content\\\/uploads\\\/2023\\\/03\\\/sua-nan-supreme-pro-so-3-800g-Edited-1.png\",\"width\":1170,\"height\":1170},{\"@type\":\"BreadcrumbList\",\"@id\":\"https:\\\/\\\/suatuyetvoi.com\\\/muasam\\\/san-pham\\\/sua-nan-supreme-pro-so-3-5-hmo-800g-new-2-6-tuoi\\\/#breadcrumb\",\"itemListElement\":[{\"@type\":\"ListItem\",\"position\":1,\"name\":\"Home\",\"item\":\"https:\\\/\\\/suatuyetvoi.com\\\/muasam\\\/\"},{\"@type\":\"ListItem\",\"position\":2,\"name\":\"Shop\",\"item\":\"https:\\\/\\\/suatuyetvoi.com\\\/muasam\\\/shop\\\/\"},{\"@type\":\"ListItem\",\"position\":3,\"name\":\"S\u1eefa Nan Supreme Pro s\u1ed1 3 5-HMO 800g New (2 &#8211; 6 tu\u1ed5i)\"}]},{\"@type\":\"WebSite\",\"@id\":\"https:\\\/\\\/suatuyetvoi.com\\\/muasam\\\/#website\",\"url\":\"https:\\\/\\\/suatuyetvoi.com\\\/muasam\\\/\",\"name\":\"S\u1eefa Tuy\u1ec7t V\u1eddi\",\"description\":\"S\u1eefa Tuy\u1ec7t V\u1eddi Vi\u1ec7t Nam\",\"potentialAction\":[{\"@type\":\"SearchAction\",\"target\":{\"@type\":\"EntryPoint\",\"urlTemplate\":\"https:\\\/\\\/suatuyetvoi.com\\\/muasam\\\/?s={search_term_string}\"},\"query-input\":{\"@type\":\"PropertyValueSpecification\",\"valueRequired\":true,\"valueName\":\"search_term_string\"}}],\"inLanguage\":\"vi\"}]}<\/script>\n<!-- \/ Yoast SEO plugin. -->","yoast_head_json":{"title":"S\u1eefa Nan Supreme Pro s\u1ed1 3 5-HMO 800g New (2 - 6 tu\u1ed5i)","description":"Nan Supreme Pro s\u1ed1 3\u00a0l\u00e0 s\u1ea3n ph\u1ea9m dinh d\u01b0\u1ee1ng c\u00f4ng th\u1ee9c t\u1eeb Th\u1ee5y S\u0129, s\u1ea3n xu\u1ea5t v\u00e0 \u0111\u00f3ng g\u00f3i t\u1ea1i Nestl\u00e9 \u0110\u1ee9c, ch\u00e2u \u00c2u v\u00e0 nh\u1eadp kh\u1ea9u ch\u00ednh h\u00e3ng b\u1edfi Nestl\u00e9 Vi\u1ec7t Nam.","robots":{"index":"index","follow":"follow","max-snippet":"max-snippet:-1","max-image-preview":"max-image-preview:large","max-video-preview":"max-video-preview:-1"},"canonical":"https:\/\/suatuyetvoi.com\/muasam\/san-pham\/sua-nan-supreme-pro-so-3-5-hmo-800g-new-2-6-tuoi\/","og_locale":"vi_VN","og_type":"article","og_title":"S\u1eefa Nan Supreme Pro s\u1ed1 3 5-HMO 800g New (2 - 6 tu\u1ed5i)","og_description":"Nan Supreme Pro s\u1ed1 3\u00a0l\u00e0 s\u1ea3n ph\u1ea9m dinh d\u01b0\u1ee1ng c\u00f4ng th\u1ee9c t\u1eeb Th\u1ee5y S\u0129, s\u1ea3n xu\u1ea5t v\u00e0 \u0111\u00f3ng g\u00f3i t\u1ea1i Nestl\u00e9 \u0110\u1ee9c, ch\u00e2u \u00c2u v\u00e0 nh\u1eadp kh\u1ea9u ch\u00ednh h\u00e3ng b\u1edfi Nestl\u00e9 Vi\u1ec7t Nam.","og_url":"https:\/\/suatuyetvoi.com\/muasam\/san-pham\/sua-nan-supreme-pro-so-3-5-hmo-800g-new-2-6-tuoi\/","og_site_name":"S\u1eefa Tuy\u1ec7t V\u1eddi","article_modified_time":"2023-03-13T11:12:34+00:00","og_image":[{"width":1170,"height":1170,"url":"https:\/\/suatuyetvoi.com\/muasam\/wp-content\/uploads\/2023\/03\/sua-nan-supreme-pro-so-3-800g-Edited-1.png","type":"image\/png"}],"twitter_card":"summary_large_image","twitter_title":"S\u1eefa Nan Supreme Pro s\u1ed1 3 5-HMO 800g New (2 - 6 tu\u1ed5i)","twitter_description":"Nan Supreme Pro s\u1ed1 3\u00a0l\u00e0 s\u1ea3n ph\u1ea9m dinh d\u01b0\u1ee1ng c\u00f4ng th\u1ee9c t\u1eeb Th\u1ee5y S\u0129, s\u1ea3n xu\u1ea5t v\u00e0 \u0111\u00f3ng g\u00f3i t\u1ea1i Nestl\u00e9 \u0110\u1ee9c, ch\u00e2u \u00c2u v\u00e0 nh\u1eadp kh\u1ea9u ch\u00ednh h\u00e3ng b\u1edfi Nestl\u00e9 Vi\u1ec7t Nam.","twitter_misc":{"\u01af\u1edbc t\u00ednh th\u1eddi gian \u0111\u1ecdc":"3 ph\u00fat"},"schema":{"@context":"https:\/\/schema.org","@graph":[{"@type":"WebPage","@id":"https:\/\/suatuyetvoi.com\/muasam\/san-pham\/sua-nan-supreme-pro-so-3-5-hmo-800g-new-2-6-tuoi\/","url":"https:\/\/suatuyetvoi.com\/muasam\/san-pham\/sua-nan-supreme-pro-so-3-5-hmo-800g-new-2-6-tuoi\/","name":"S\u1eefa Nan Supreme Pro s\u1ed1 3 5-HMO 800g New (2 - 6 tu\u1ed5i)","isPartOf":{"@id":"https:\/\/suatuyetvoi.com\/muasam\/#website"},"primaryImageOfPage":{"@id":"https:\/\/suatuyetvoi.com\/muasam\/san-pham\/sua-nan-supreme-pro-so-3-5-hmo-800g-new-2-6-tuoi\/#primaryimage"},"image":{"@id":"https:\/\/suatuyetvoi.com\/muasam\/san-pham\/sua-nan-supreme-pro-so-3-5-hmo-800g-new-2-6-tuoi\/#primaryimage"},"thumbnailUrl":"https:\/\/suatuyetvoi.com\/muasam\/wp-content\/uploads\/2023\/03\/sua-nan-supreme-pro-so-3-800g-Edited-1.png","datePublished":"2023-03-13T11:11:23+00:00","dateModified":"2023-03-13T11:12:34+00:00","description":"Nan Supreme Pro s\u1ed1 3\u00a0l\u00e0 s\u1ea3n ph\u1ea9m dinh d\u01b0\u1ee1ng c\u00f4ng th\u1ee9c t\u1eeb Th\u1ee5y S\u0129, s\u1ea3n xu\u1ea5t v\u00e0 \u0111\u00f3ng g\u00f3i t\u1ea1i Nestl\u00e9 \u0110\u1ee9c, ch\u00e2u \u00c2u v\u00e0 nh\u1eadp kh\u1ea9u ch\u00ednh h\u00e3ng b\u1edfi Nestl\u00e9 Vi\u1ec7t Nam.","breadcrumb":{"@id":"https:\/\/suatuyetvoi.com\/muasam\/san-pham\/sua-nan-supreme-pro-so-3-5-hmo-800g-new-2-6-tuoi\/#breadcrumb"},"inLanguage":"vi","potentialAction":[{"@type":"ReadAction","target":["https:\/\/suatuyetvoi.com\/muasam\/san-pham\/sua-nan-supreme-pro-so-3-5-hmo-800g-new-2-6-tuoi\/"]}]},{"@type":"ImageObject","inLanguage":"vi","@id":"https:\/\/suatuyetvoi.com\/muasam\/san-pham\/sua-nan-supreme-pro-so-3-5-hmo-800g-new-2-6-tuoi\/#primaryimage","url":"https:\/\/suatuyetvoi.com\/muasam\/wp-content\/uploads\/2023\/03\/sua-nan-supreme-pro-so-3-800g-Edited-1.png","contentUrl":"https:\/\/suatuyetvoi.com\/muasam\/wp-content\/uploads\/2023\/03\/sua-nan-supreme-pro-so-3-800g-Edited-1.png","width":1170,"height":1170},{"@type":"BreadcrumbList","@id":"https:\/\/suatuyetvoi.com\/muasam\/san-pham\/sua-nan-supreme-pro-so-3-5-hmo-800g-new-2-6-tuoi\/#breadcrumb","itemListElement":[{"@type":"ListItem","position":1,"name":"Home","item":"https:\/\/suatuyetvoi.com\/muasam\/"},{"@type":"ListItem","position":2,"name":"Shop","item":"https:\/\/suatuyetvoi.com\/muasam\/shop\/"},{"@type":"ListItem","position":3,"name":"S\u1eefa Nan Supreme Pro s\u1ed1 3 5-HMO 800g New (2 &#8211; 6 tu\u1ed5i)"}]},{"@type":"WebSite","@id":"https:\/\/suatuyetvoi.com\/muasam\/#website","url":"https:\/\/suatuyetvoi.com\/muasam\/","name":"S\u1eefa Tuy\u1ec7t V\u1eddi","description":"S\u1eefa Tuy\u1ec7t V\u1eddi Vi\u1ec7t Nam","potentialAction":[{"@type":"SearchAction","target":{"@type":"EntryPoint","urlTemplate":"https:\/\/suatuyetvoi.com\/muasam\/?s={search_term_string}"},"query-input":{"@type":"PropertyValueSpecification","valueRequired":true,"valueName":"search_term_string"}}],"inLanguage":"vi"}]}},"_links":{"self":[{"href":"https:\/\/suatuyetvoi.com\/muasam\/wp-json\/wp\/v2\/product\/5729","targetHints":{"allow":["GET"]}}],"collection":[{"href":"https:\/\/suatuyetvoi.com\/muasam\/wp-json\/wp\/v2\/product"}],"about":[{"href":"https:\/\/suatuyetvoi.com\/muasam\/wp-json\/wp\/v2\/types\/product"}],"replies":[{"embeddable":true,"href":"https:\/\/suatuyetvoi.com\/muasam\/wp-json\/wp\/v2\/comments?post=5729"}],"wp:featuredmedia":[{"embeddable":true,"href":"https:\/\/suatuyetvoi.com\/muasam\/wp-json\/wp\/v2\/media\/5732"}],"wp:attachment":[{"href":"https:\/\/suatuyetvoi.com\/muasam\/wp-json\/wp\/v2\/media?parent=5729"}],"wp:term":[{"taxonomy":"product_cat","embeddable":true,"href":"https:\/\/suatuyetvoi.com\/muasam\/wp-json\/wp\/v2\/product_cat?post=5729"},{"taxonomy":"product_tag","embeddable":true,"href":"https:\/\/suatuyetvoi.com\/muasam\/wp-json\/wp\/v2\/product_tag?post=5729"}],"curies":[{"name":"wp","href":"https:\/\/api.w.org\/{rel}","templated":true}]}}