{"id":5712,"date":"2023-03-10T17:26:44","date_gmt":"2023-03-10T10:26:44","guid":{"rendered":"https:\/\/suatuyetvoi.com\/muasam\/?post_type=product&#038;p=5712"},"modified":"2023-03-12T16:55:48","modified_gmt":"2023-03-12T09:55:48","slug":"sua-nan-supreme-pro-so-1-800g-0-6-thang","status":"publish","type":"product","link":"https:\/\/suatuyetvoi.com\/muasam\/san-pham\/sua-nan-supreme-pro-so-1-800g-0-6-thang\/","title":{"rendered":"S\u1eefa NAN SUPREME PRO s\u1ed1 1 800g (0-6 th\u00e1ng)"},"content":{"rendered":"<div class=\"table-responsive full-screen\">\n<table class=\"table table-bordered table-striped p_bottom_0\">\n<tbody>\n<tr>\n<td>T\u00ean s\u1ea3n ph\u1ea9m<\/td>\n<td>S\u1eefa NAN SUPREME PRO s\u1ed1 1 800g<\/td>\n<\/tr>\n<tr>\n<td>Th\u01b0\u01a1ng hi\u1ec7u<\/td>\n<td>Nestle<\/td>\n<\/tr>\n<tr>\n<td>Xu\u1ea5t x\u1ee9 th\u01b0\u01a1ng hi\u1ec7u<\/td>\n<td>Thu\u1ef5 S\u1ef9<\/td>\n<\/tr>\n<tr>\n<td>S\u1ea3n xu\u1ea5t t\u1ea1i<\/td>\n<td>\u0110\u1ee9c<\/td>\n<\/tr>\n<tr>\n<td>Tr\u1ecdng l\u01b0\u1ee3ng s\u1ea3n ph\u1ea9m<\/td>\n<td>0.8<\/td>\n<\/tr>\n<tr>\n<td>C\u1ea3nh b\u00e1o<\/td>\n<td>. Kh\u00f4ng s\u1eed d\u1ee5ng cho tr\u1ebb d\u1ecb \u1ee9ng v\u1edbi c\u00e1c th\u00e0nh ph\u1ea7n c\u1ee7a s\u1ea3n ph\u1ea9m. N\u00ean c\u00f3 s\u1ef1 h\u01b0\u1edbng d\u1eabn c\u1ee7a b\u00e1c s\u0129 tr\u01b0\u1edbc khi d\u00f9ng \u0111\u1ed1i v\u1edbi tr\u1ebb kh\u00f4ng dung n\u1ea1p lactose.<\/td>\n<\/tr>\n<tr>\n<td>H\u01b0\u1edbng d\u1eabn s\u1eed d\u1ee5ng<\/td>\n<td>. R\u1eeda s\u1ea1ch tay tr\u01b0\u1edbc khi pha Nan Supreme Pro cho tr\u1ebb.<\/p>\n<p>. R\u1eeda c\u1ed1c v\u00e0 n\u1eafp \u0111\u1eady th\u1eadt s\u1ea1ch. \u0110un s\u00f4i trong 5 ph\u00fat. \u0110\u1eady k\u00edn n\u1eafp \u0111\u1ebfn khi s\u1eed d\u1ee5ng.<\/p>\n<p>. \u0110un s\u00f4i n\u01b0\u1edbc v\u00e0 \u0111\u1ec3 ngu\u1ed9i b\u1edbt (L\u00e0m ngu\u1ed9i n\u01b0\u1edbc b\u1eb1ng v\u1edbi nhi\u1ec7t \u0111\u1ed9 c\u1ee7a c\u01a1 th\u1ec3).<\/p>\n<p>. Theo s\u00e1t b\u1ea3ng h\u01b0\u1edbng d\u1eabn c\u00e1ch pha. \u0110\u1ea7u ti\u00ean, \u0111\u1ed5 n\u01b0\u1edbc \u1ea5m v\u00e0o c\u1ed1c. Sau \u0111\u00f3, th\u00eam ch\u00ednh x\u00e1c s\u1ed1 mu\u1ed7ng l\u01b0\u1eddng \u0111\u00e3 g\u1ea1t ngang t\u01b0\u01a1ng \u1ee9ng v\u1edbi \u0111\u1ed9 tu\u1ed5i c\u1ee7a tr\u1ebb.<\/p>\n<p>. \u0110\u1ea3m b\u1ea3o mu\u1ed7ng l\u01b0\u1eddng kh\u00f4 r\u00e1o r\u1ed3i \u0111\u1eb7t l\u1ea1i v\u00e0o h\u1ed9p. \u0110\u1eady n\u1eafp k\u00edn sau m\u1ed7i l\u1ea7n s\u1eed d\u1ee5ng v\u00e0 b\u1ea3o qu\u1ea3n n\u01a1i kh\u00f4 r\u00e1o, tho\u00e1ng m\u00e1t.<\/p>\n<p>. \u0110\u1eady n\u1eafp v\u00e0 l\u1eafc ho\u1eb7c khu\u1ea5y \u0111\u1ec1u \u0111\u1ebfn khi b\u1ed9t \u0111\u01b0\u1ee3c ho\u00e0n tan ho\u00e0n to\u00e0n. Ki\u1ec3m tra nhi\u1ec7t \u0111\u1ed9 tr\u01b0\u1edbc khi cho tr\u1ebb u\u1ed1ng.<\/td>\n<\/tr>\n<tr>\n<td>H\u01b0\u1edbng d\u1eabn b\u1ea3o qu\u1ea3n<\/td>\n<td>. B\u1ea3o qu\u1ea3n s\u1ea3n ph\u1ea9m n\u01a1i kh\u00f4 r\u00e1o, tr\u00e1nh \u00e1nh n\u1eafng tr\u1ef1c ti\u1ebfp.<br \/>\n. S\u1eed d\u1ee5ng trong v\u00f2ng 4 tu\u1ea7n sau khi m\u1edf h\u1ed9p.<\/td>\n<\/tr>\n<\/tbody>\n<\/table>\n<\/div>\n<div class=\"content-product\">\n<div id=\"product-description\" class=\"product-description less-content table-responsive full-screen content-format\">\n<p>Nestle NAN Supreme Pro s\u1ed1 1\u00a0l\u00e0 s\u1eefa b\u1ed9t c\u00f4ng th\u1ee9c d\u00e0nh ri\u00eang cho tr\u1ebb 0-6 th\u00e1ng tu\u1ed5i. \u0110\u01b0\u1ee3c s\u1ea3n xu\u1ea5t theo c\u00f4ng ngh\u1ec7 hi\u1ec7n \u0111\u1ea1i c\u1ee7a Nestle v\u00e0 \u0111\u01b0\u1ee3c ch\u1ee9ng minh l\u00e2m s\u00e0ng v\u1ec1 t\u00ednh hi\u1ec7u qu\u1ea3 v\u00e0 an to\u00e0n, s\u1eefa NAN Supreme Pro s\u1ebd l\u00e0 s\u1ef1 l\u1ef1a ch\u1ecdn r\u1ea5t t\u1ed1t ba m\u1eb9 n\u00ean d\u00e0nh cho tr\u1ebb t\u1eeb 0-6 th\u00e1ng s\u1eed d\u1ee5ng. Con C\u01b0ng m\u1eddi ba m\u1eb9 tham kh\u1ea3o th\u00f4ng tin chi ti\u1ebft v\u1ec1 s\u1eefa A c\u1ee5 th\u1ec3 trong b\u1ea3ng t\u1ed5ng h\u1ee3p d\u01b0\u1edbi \u0111\u00e2y.<\/p>\n<p><img loading=\"lazy\" decoding=\"async\" class=\"alignnone size-full wp-image-5713\" src=\"https:\/\/suatuyetvoi.com\/muasam\/wp-content\/uploads\/2023\/03\/NAN-supreme-1-800g.png\" alt=\"\" width=\"1600\" height=\"1600\" srcset=\"https:\/\/suatuyetvoi.com\/muasam\/wp-content\/uploads\/2023\/03\/NAN-supreme-1-800g.png 1600w, https:\/\/suatuyetvoi.com\/muasam\/wp-content\/uploads\/2023\/03\/NAN-supreme-1-800g-400x400.png 400w, https:\/\/suatuyetvoi.com\/muasam\/wp-content\/uploads\/2023\/03\/NAN-supreme-1-800g-800x800.png 800w, https:\/\/suatuyetvoi.com\/muasam\/wp-content\/uploads\/2023\/03\/NAN-supreme-1-800g-280x280.png 280w, https:\/\/suatuyetvoi.com\/muasam\/wp-content\/uploads\/2023\/03\/NAN-supreme-1-800g-768x768.png 768w, https:\/\/suatuyetvoi.com\/muasam\/wp-content\/uploads\/2023\/03\/NAN-supreme-1-800g-1536x1536.png 1536w, https:\/\/suatuyetvoi.com\/muasam\/wp-content\/uploads\/2023\/03\/NAN-supreme-1-800g-300x300.png 300w, https:\/\/suatuyetvoi.com\/muasam\/wp-content\/uploads\/2023\/03\/NAN-supreme-1-800g-600x600.png 600w, https:\/\/suatuyetvoi.com\/muasam\/wp-content\/uploads\/2023\/03\/NAN-supreme-1-800g-100x100.png 100w\" sizes=\"auto, (max-width: 1600px) 100vw, 1600px\" \/><\/p>\n<p dir=\"ltr\">T\u1ef7 l\u1ec7 pha g\u1ee3i \u00fd<\/p>\n<p>Ba m\u1eb9 tham kh\u1ea3o chi ti\u1ebft trong b\u1ea3ng h\u01b0\u1edbng d\u1eabn c\u00e1ch pha d\u01b0\u1edbi \u0111\u00e2y:<\/p>\n<p dir=\"ltr\"><img loading=\"lazy\" decoding=\"async\" class=\"alignnone size-full wp-image-5714\" src=\"https:\/\/suatuyetvoi.com\/muasam\/wp-content\/uploads\/2023\/03\/NAN-SUPREME-1.jpg\" alt=\"\" width=\"1600\" height=\"1600\" srcset=\"https:\/\/suatuyetvoi.com\/muasam\/wp-content\/uploads\/2023\/03\/NAN-SUPREME-1.jpg 1600w, https:\/\/suatuyetvoi.com\/muasam\/wp-content\/uploads\/2023\/03\/NAN-SUPREME-1-400x400.jpg 400w, https:\/\/suatuyetvoi.com\/muasam\/wp-content\/uploads\/2023\/03\/NAN-SUPREME-1-800x800.jpg 800w, https:\/\/suatuyetvoi.com\/muasam\/wp-content\/uploads\/2023\/03\/NAN-SUPREME-1-280x280.jpg 280w, https:\/\/suatuyetvoi.com\/muasam\/wp-content\/uploads\/2023\/03\/NAN-SUPREME-1-768x768.jpg 768w, https:\/\/suatuyetvoi.com\/muasam\/wp-content\/uploads\/2023\/03\/NAN-SUPREME-1-1536x1536.jpg 1536w, https:\/\/suatuyetvoi.com\/muasam\/wp-content\/uploads\/2023\/03\/NAN-SUPREME-1-300x300.jpg 300w, https:\/\/suatuyetvoi.com\/muasam\/wp-content\/uploads\/2023\/03\/NAN-SUPREME-1-600x600.jpg 600w, https:\/\/suatuyetvoi.com\/muasam\/wp-content\/uploads\/2023\/03\/NAN-SUPREME-1-100x100.jpg 100w\" sizes=\"auto, (max-width: 1600px) 100vw, 1600px\" \/><\/p>\n<p dir=\"ltr\">Ch\u00fa \u00fd: Ch\u1ec9 s\u1eed d\u1ee5ng s\u1ea3n ph\u1ea9m n\u00e0y theo ch\u1ec9 d\u1eabn c\u1ee7a b\u00e1c s\u0129. Pha ch\u1ebf theo \u0111\u00fang h\u01b0\u1edbng d\u1eabn. Cho tr\u1ebb \u0103n b\u1eb1ng c\u1ed1c, th\u00eca h\u1ee3p v\u1ec7 sinh.<\/p>\n<p dir=\"ltr\">Th\u00e0nh ph\u1ea7n<\/p>\n<p>LACTOSE \u00a0t\u1eeb S\u1eeeA (LACTOSE MILK), H\u1ed7n h\u1ee3p d\u1ea7u (D\u1ea7u h\u01b0\u1edbng d\u01b0\u01a1ng gi\u00e0u oleic, D\u1ea7u h\u1ea1t c\u1ea3i c\u00f3 h\u00e0m l\u01b0\u1ee3ng acid Erucic th\u1ea5p, D\u1ea7u C\u00c1 gi\u00e0u DHA (FISH oil high DHA), D\u1ea7u n\u1ea5m gi\u00e0u ARA), \u0110\u1ea0M ch\u1ea5t l\u01b0\u1ee3ng OPTIPRO th\u1ee7y ph\u00e2n m\u1ed9t ph\u1ea7n (\u0110\u1ea0M WHEY MILK-WHEY PROTEIN t\u1eeb S\u1eeeA), C\u00e1c kho\u00e1ng ch\u1ea5t (Kali Citrat, Calci Phosphat dibasic, \u00a0Magnesi Clorid, S\u1eaft Sulphat, \u00a0K\u1ebdm Sulphat, \u0110\u1ed3ng Sulphat, \u00a0Calci Clorid, Mangan Sulphat, Kali Iodid, Natri Selenit, Kali Clorid), \u00a02&#8242;-O-Fucosyllactose (2&#8242;-FL), Difucosyllactose (DFL), \u00a0 Lacto-N-tetraose (LNT), L-Arginine, C\u00e1c vitamin (A, D3, E, K1, C, B1, B2, Nicotinamide, B6, Acid Folic, B5, B12, Biotin), \u00a0Inositol, Taurine, 6&#8242;-O- Sialyllactose (6&#8242;-SL), Natri Clorid, Amino acid L-Histidine, Choline Bitartrate, Bifidobacterium lactis (Bifidus BL), L-Tyrosine, Nucleotide, 3&#8242;-O-Sialyllactose (3&#8242;-SL), \u00a0L-Carnitine.<\/p>\n<\/div>\n<\/div>\n","protected":false},"excerpt":{"rendered":"<ul class=\"info-article \">\n<li>\n<p class=\"txt01\">Th\u01b0\u01a1ng hi\u00ea\u0323u: Nestl\u00e9 NAN (Th\u1ee5y S\u1ef9).<\/p>\n<\/li>\n<li data-id=\"30003\" data-group-id=\"12888\" data-index=\"1\">\n<p class=\"txt01\">Kh\u1ed1i l\u01b0\u1ee3ng: 800g<\/p>\n<\/li>\n<li data-id=\"30008\" data-group-id=\"12888\" data-index=\"2\">\n<p class=\"txt01\">\u0110\u1ed9 tu\u1ed5i: 0 &#8211; 6 th\u00e1ng<\/p>\n<\/li>\n<li data-id=\"30013\" data-group-id=\"12888\" data-index=\"3\">\n<p class=\"txt01\">Th\u00e0nh ph\u1ea7n: Lactose t\u1eeb s\u1eefa, h\u1ed7n h\u1ee3p d\u1ea7u (d\u1ea7u h\u01b0\u1edbng d\u01b0\u01a1ng, d\u1ea7u h\u1ea1t c\u1ea3i, d\u1ea7u c\u00e1, d\u1ea7u n\u1ea5m), \u0111\u1ea1m ch\u1ea5t l\u01b0\u1ee3ng Opti-pro thu\u1ef7 ph\u00e2n m\u1ed9t ph\u1ea7n, c\u00e1c kho\u00e1ng ch\u1ea5t, c\u00e1c vitamin A, vitamin D3, vitamin C, vitamin B1&#8230;<\/p>\n<\/li>\n<li data-id=\"30014\" data-group-id=\"12888\" data-index=\"4\">\n<p class=\"txt01\">M\u00f9i v\u1ecb: V\u1ecb t\u1ef1 nhi\u00ean<\/p>\n<\/li>\n<li data-id=\"30025\" data-group-id=\"12888\" data-index=\"5\">\n<p class=\"txt01\">H\u1ea1n s\u1eed d\u1ee5ng sau m\u1edf n\u1eafp: 4 tu\u1ea7n<\/p>\n<\/li>\n<li data-id=\"30027\" data-group-id=\"12888\" data-index=\"6\">\n<p class=\"txt01\">N\u01a1i s\u1ea3n xu\u1ea5t: \u0110\u1ee9c<\/p>\n<\/li>\n<\/ul>\n","protected":false},"featured_media":5715,"comment_status":"open","ping_status":"closed","template":"","meta":[],"product_cat":[231],"product_tag":[579,566],"class_list":["post-5712","product","type-product","status-publish","has-post-thumbnail","hentry","product_cat-sua-bot","product_tag-giam-nguy-co-di-ung","product_tag-tang-cuong-suc-de-khang","berocket_brand-nestle"],"yoast_head":"<!-- This site is optimized with the Yoast SEO plugin v27.6 - https:\/\/yoast.com\/product\/yoast-seo-wordpress\/ -->\n<title>S\u1eefa NAN SUPREME PRO s\u1ed1 1 800g (0-6 th\u00e1ng) - KHUY\u1ebeN M\u00c3I<\/title>\n<meta name=\"description\" content=\"Nestle NAN Supreme Pro s\u1ed1 1\u00a0l\u00e0 s\u1eefa b\u1ed9t c\u00f4ng th\u1ee9c d\u00e0nh ri\u00eang cho tr\u1ebb 0-6 th\u00e1ng tu\u1ed5i. \u0110\u01b0\u1ee3c s\u1ea3n xu\u1ea5t theo c\u00f4ng ngh\u1ec7 hi\u1ec7n \u0111\u1ea1i c\u1ee7a Nestle\" \/>\n<meta name=\"robots\" content=\"index, follow, max-snippet:-1, max-image-preview:large, max-video-preview:-1\" \/>\n<link rel=\"canonical\" href=\"https:\/\/suatuyetvoi.com\/muasam\/san-pham\/sua-nan-supreme-pro-so-1-800g-0-6-thang\/\" \/>\n<meta property=\"og:locale\" content=\"vi_VN\" \/>\n<meta property=\"og:type\" content=\"article\" \/>\n<meta property=\"og:title\" content=\"S\u1eefa NAN SUPREME PRO s\u1ed1 1 800g (0-6 th\u00e1ng) - KHUY\u1ebeN M\u00c3I\" \/>\n<meta property=\"og:description\" content=\"Nestle NAN Supreme Pro s\u1ed1 1\u00a0l\u00e0 s\u1eefa b\u1ed9t c\u00f4ng th\u1ee9c d\u00e0nh ri\u00eang cho tr\u1ebb 0-6 th\u00e1ng tu\u1ed5i. \u0110\u01b0\u1ee3c s\u1ea3n xu\u1ea5t theo c\u00f4ng ngh\u1ec7 hi\u1ec7n \u0111\u1ea1i c\u1ee7a Nestle\" \/>\n<meta property=\"og:url\" content=\"https:\/\/suatuyetvoi.com\/muasam\/san-pham\/sua-nan-supreme-pro-so-1-800g-0-6-thang\/\" \/>\n<meta property=\"og:site_name\" content=\"S\u1eefa Tuy\u1ec7t V\u1eddi\" \/>\n<meta property=\"article:modified_time\" content=\"2023-03-12T09:55:48+00:00\" \/>\n<meta property=\"og:image\" content=\"https:\/\/suatuyetvoi.com\/muasam\/wp-content\/uploads\/2023\/03\/nan-supreme-pro-1-800g-Edited.png\" \/>\n\t<meta property=\"og:image:width\" content=\"600\" \/>\n\t<meta property=\"og:image:height\" content=\"600\" \/>\n\t<meta property=\"og:image:type\" content=\"image\/png\" \/>\n<meta name=\"twitter:card\" content=\"summary_large_image\" \/>\n<meta name=\"twitter:title\" content=\"S\u1eefa NAN SUPREME PRO s\u1ed1 1 800g (0-6 th\u00e1ng) - KHUY\u1ebeN M\u00c3I\" \/>\n<meta name=\"twitter:description\" content=\"Nestle NAN Supreme Pro s\u1ed1 1\u00a0l\u00e0 s\u1eefa b\u1ed9t c\u00f4ng th\u1ee9c d\u00e0nh ri\u00eang cho tr\u1ebb 0-6 th\u00e1ng tu\u1ed5i. \u0110\u01b0\u1ee3c s\u1ea3n xu\u1ea5t theo c\u00f4ng ngh\u1ec7 hi\u1ec7n \u0111\u1ea1i c\u1ee7a Nestle\" \/>\n<meta name=\"twitter:label1\" content=\"\u01af\u1edbc t\u00ednh th\u1eddi gian \u0111\u1ecdc\" \/>\n\t<meta name=\"twitter:data1\" content=\"3 ph\u00fat\" \/>\n<script type=\"application\/ld+json\" class=\"yoast-schema-graph\">{\"@context\":\"https:\\\/\\\/schema.org\",\"@graph\":[{\"@type\":\"WebPage\",\"@id\":\"https:\\\/\\\/suatuyetvoi.com\\\/muasam\\\/san-pham\\\/sua-nan-supreme-pro-so-1-800g-0-6-thang\\\/\",\"url\":\"https:\\\/\\\/suatuyetvoi.com\\\/muasam\\\/san-pham\\\/sua-nan-supreme-pro-so-1-800g-0-6-thang\\\/\",\"name\":\"S\u1eefa NAN SUPREME PRO s\u1ed1 1 800g (0-6 th\u00e1ng) - KHUY\u1ebeN M\u00c3I\",\"isPartOf\":{\"@id\":\"https:\\\/\\\/suatuyetvoi.com\\\/muasam\\\/#website\"},\"primaryImageOfPage\":{\"@id\":\"https:\\\/\\\/suatuyetvoi.com\\\/muasam\\\/san-pham\\\/sua-nan-supreme-pro-so-1-800g-0-6-thang\\\/#primaryimage\"},\"image\":{\"@id\":\"https:\\\/\\\/suatuyetvoi.com\\\/muasam\\\/san-pham\\\/sua-nan-supreme-pro-so-1-800g-0-6-thang\\\/#primaryimage\"},\"thumbnailUrl\":\"https:\\\/\\\/suatuyetvoi.com\\\/muasam\\\/wp-content\\\/uploads\\\/2023\\\/03\\\/nan-supreme-pro-1-800g-Edited.png\",\"datePublished\":\"2023-03-10T10:26:44+00:00\",\"dateModified\":\"2023-03-12T09:55:48+00:00\",\"description\":\"Nestle NAN Supreme Pro s\u1ed1 1\u00a0l\u00e0 s\u1eefa b\u1ed9t c\u00f4ng th\u1ee9c d\u00e0nh ri\u00eang cho tr\u1ebb 0-6 th\u00e1ng tu\u1ed5i. \u0110\u01b0\u1ee3c s\u1ea3n xu\u1ea5t theo c\u00f4ng ngh\u1ec7 hi\u1ec7n \u0111\u1ea1i c\u1ee7a Nestle\",\"breadcrumb\":{\"@id\":\"https:\\\/\\\/suatuyetvoi.com\\\/muasam\\\/san-pham\\\/sua-nan-supreme-pro-so-1-800g-0-6-thang\\\/#breadcrumb\"},\"inLanguage\":\"vi\",\"potentialAction\":[{\"@type\":\"ReadAction\",\"target\":[\"https:\\\/\\\/suatuyetvoi.com\\\/muasam\\\/san-pham\\\/sua-nan-supreme-pro-so-1-800g-0-6-thang\\\/\"]}]},{\"@type\":\"ImageObject\",\"inLanguage\":\"vi\",\"@id\":\"https:\\\/\\\/suatuyetvoi.com\\\/muasam\\\/san-pham\\\/sua-nan-supreme-pro-so-1-800g-0-6-thang\\\/#primaryimage\",\"url\":\"https:\\\/\\\/suatuyetvoi.com\\\/muasam\\\/wp-content\\\/uploads\\\/2023\\\/03\\\/nan-supreme-pro-1-800g-Edited.png\",\"contentUrl\":\"https:\\\/\\\/suatuyetvoi.com\\\/muasam\\\/wp-content\\\/uploads\\\/2023\\\/03\\\/nan-supreme-pro-1-800g-Edited.png\",\"width\":600,\"height\":600},{\"@type\":\"BreadcrumbList\",\"@id\":\"https:\\\/\\\/suatuyetvoi.com\\\/muasam\\\/san-pham\\\/sua-nan-supreme-pro-so-1-800g-0-6-thang\\\/#breadcrumb\",\"itemListElement\":[{\"@type\":\"ListItem\",\"position\":1,\"name\":\"Home\",\"item\":\"https:\\\/\\\/suatuyetvoi.com\\\/muasam\\\/\"},{\"@type\":\"ListItem\",\"position\":2,\"name\":\"Shop\",\"item\":\"https:\\\/\\\/suatuyetvoi.com\\\/muasam\\\/shop\\\/\"},{\"@type\":\"ListItem\",\"position\":3,\"name\":\"S\u1eefa NAN SUPREME PRO s\u1ed1 1 800g (0-6 th\u00e1ng)\"}]},{\"@type\":\"WebSite\",\"@id\":\"https:\\\/\\\/suatuyetvoi.com\\\/muasam\\\/#website\",\"url\":\"https:\\\/\\\/suatuyetvoi.com\\\/muasam\\\/\",\"name\":\"S\u1eefa Tuy\u1ec7t V\u1eddi\",\"description\":\"S\u1eefa Tuy\u1ec7t V\u1eddi Vi\u1ec7t Nam\",\"potentialAction\":[{\"@type\":\"SearchAction\",\"target\":{\"@type\":\"EntryPoint\",\"urlTemplate\":\"https:\\\/\\\/suatuyetvoi.com\\\/muasam\\\/?s={search_term_string}\"},\"query-input\":{\"@type\":\"PropertyValueSpecification\",\"valueRequired\":true,\"valueName\":\"search_term_string\"}}],\"inLanguage\":\"vi\"}]}<\/script>\n<!-- \/ Yoast SEO plugin. -->","yoast_head_json":{"title":"S\u1eefa NAN SUPREME PRO s\u1ed1 1 800g (0-6 th\u00e1ng) - KHUY\u1ebeN M\u00c3I","description":"Nestle NAN Supreme Pro s\u1ed1 1\u00a0l\u00e0 s\u1eefa b\u1ed9t c\u00f4ng th\u1ee9c d\u00e0nh ri\u00eang cho tr\u1ebb 0-6 th\u00e1ng tu\u1ed5i. \u0110\u01b0\u1ee3c s\u1ea3n xu\u1ea5t theo c\u00f4ng ngh\u1ec7 hi\u1ec7n \u0111\u1ea1i c\u1ee7a Nestle","robots":{"index":"index","follow":"follow","max-snippet":"max-snippet:-1","max-image-preview":"max-image-preview:large","max-video-preview":"max-video-preview:-1"},"canonical":"https:\/\/suatuyetvoi.com\/muasam\/san-pham\/sua-nan-supreme-pro-so-1-800g-0-6-thang\/","og_locale":"vi_VN","og_type":"article","og_title":"S\u1eefa NAN SUPREME PRO s\u1ed1 1 800g (0-6 th\u00e1ng) - KHUY\u1ebeN M\u00c3I","og_description":"Nestle NAN Supreme Pro s\u1ed1 1\u00a0l\u00e0 s\u1eefa b\u1ed9t c\u00f4ng th\u1ee9c d\u00e0nh ri\u00eang cho tr\u1ebb 0-6 th\u00e1ng tu\u1ed5i. \u0110\u01b0\u1ee3c s\u1ea3n xu\u1ea5t theo c\u00f4ng ngh\u1ec7 hi\u1ec7n \u0111\u1ea1i c\u1ee7a Nestle","og_url":"https:\/\/suatuyetvoi.com\/muasam\/san-pham\/sua-nan-supreme-pro-so-1-800g-0-6-thang\/","og_site_name":"S\u1eefa Tuy\u1ec7t V\u1eddi","article_modified_time":"2023-03-12T09:55:48+00:00","og_image":[{"width":600,"height":600,"url":"https:\/\/suatuyetvoi.com\/muasam\/wp-content\/uploads\/2023\/03\/nan-supreme-pro-1-800g-Edited.png","type":"image\/png"}],"twitter_card":"summary_large_image","twitter_title":"S\u1eefa NAN SUPREME PRO s\u1ed1 1 800g (0-6 th\u00e1ng) - KHUY\u1ebeN M\u00c3I","twitter_description":"Nestle NAN Supreme Pro s\u1ed1 1\u00a0l\u00e0 s\u1eefa b\u1ed9t c\u00f4ng th\u1ee9c d\u00e0nh ri\u00eang cho tr\u1ebb 0-6 th\u00e1ng tu\u1ed5i. \u0110\u01b0\u1ee3c s\u1ea3n xu\u1ea5t theo c\u00f4ng ngh\u1ec7 hi\u1ec7n \u0111\u1ea1i c\u1ee7a Nestle","twitter_misc":{"\u01af\u1edbc t\u00ednh th\u1eddi gian \u0111\u1ecdc":"3 ph\u00fat"},"schema":{"@context":"https:\/\/schema.org","@graph":[{"@type":"WebPage","@id":"https:\/\/suatuyetvoi.com\/muasam\/san-pham\/sua-nan-supreme-pro-so-1-800g-0-6-thang\/","url":"https:\/\/suatuyetvoi.com\/muasam\/san-pham\/sua-nan-supreme-pro-so-1-800g-0-6-thang\/","name":"S\u1eefa NAN SUPREME PRO s\u1ed1 1 800g (0-6 th\u00e1ng) - KHUY\u1ebeN M\u00c3I","isPartOf":{"@id":"https:\/\/suatuyetvoi.com\/muasam\/#website"},"primaryImageOfPage":{"@id":"https:\/\/suatuyetvoi.com\/muasam\/san-pham\/sua-nan-supreme-pro-so-1-800g-0-6-thang\/#primaryimage"},"image":{"@id":"https:\/\/suatuyetvoi.com\/muasam\/san-pham\/sua-nan-supreme-pro-so-1-800g-0-6-thang\/#primaryimage"},"thumbnailUrl":"https:\/\/suatuyetvoi.com\/muasam\/wp-content\/uploads\/2023\/03\/nan-supreme-pro-1-800g-Edited.png","datePublished":"2023-03-10T10:26:44+00:00","dateModified":"2023-03-12T09:55:48+00:00","description":"Nestle NAN Supreme Pro s\u1ed1 1\u00a0l\u00e0 s\u1eefa b\u1ed9t c\u00f4ng th\u1ee9c d\u00e0nh ri\u00eang cho tr\u1ebb 0-6 th\u00e1ng tu\u1ed5i. \u0110\u01b0\u1ee3c s\u1ea3n xu\u1ea5t theo c\u00f4ng ngh\u1ec7 hi\u1ec7n \u0111\u1ea1i c\u1ee7a Nestle","breadcrumb":{"@id":"https:\/\/suatuyetvoi.com\/muasam\/san-pham\/sua-nan-supreme-pro-so-1-800g-0-6-thang\/#breadcrumb"},"inLanguage":"vi","potentialAction":[{"@type":"ReadAction","target":["https:\/\/suatuyetvoi.com\/muasam\/san-pham\/sua-nan-supreme-pro-so-1-800g-0-6-thang\/"]}]},{"@type":"ImageObject","inLanguage":"vi","@id":"https:\/\/suatuyetvoi.com\/muasam\/san-pham\/sua-nan-supreme-pro-so-1-800g-0-6-thang\/#primaryimage","url":"https:\/\/suatuyetvoi.com\/muasam\/wp-content\/uploads\/2023\/03\/nan-supreme-pro-1-800g-Edited.png","contentUrl":"https:\/\/suatuyetvoi.com\/muasam\/wp-content\/uploads\/2023\/03\/nan-supreme-pro-1-800g-Edited.png","width":600,"height":600},{"@type":"BreadcrumbList","@id":"https:\/\/suatuyetvoi.com\/muasam\/san-pham\/sua-nan-supreme-pro-so-1-800g-0-6-thang\/#breadcrumb","itemListElement":[{"@type":"ListItem","position":1,"name":"Home","item":"https:\/\/suatuyetvoi.com\/muasam\/"},{"@type":"ListItem","position":2,"name":"Shop","item":"https:\/\/suatuyetvoi.com\/muasam\/shop\/"},{"@type":"ListItem","position":3,"name":"S\u1eefa NAN SUPREME PRO s\u1ed1 1 800g (0-6 th\u00e1ng)"}]},{"@type":"WebSite","@id":"https:\/\/suatuyetvoi.com\/muasam\/#website","url":"https:\/\/suatuyetvoi.com\/muasam\/","name":"S\u1eefa Tuy\u1ec7t V\u1eddi","description":"S\u1eefa Tuy\u1ec7t V\u1eddi Vi\u1ec7t Nam","potentialAction":[{"@type":"SearchAction","target":{"@type":"EntryPoint","urlTemplate":"https:\/\/suatuyetvoi.com\/muasam\/?s={search_term_string}"},"query-input":{"@type":"PropertyValueSpecification","valueRequired":true,"valueName":"search_term_string"}}],"inLanguage":"vi"}]}},"_links":{"self":[{"href":"https:\/\/suatuyetvoi.com\/muasam\/wp-json\/wp\/v2\/product\/5712","targetHints":{"allow":["GET"]}}],"collection":[{"href":"https:\/\/suatuyetvoi.com\/muasam\/wp-json\/wp\/v2\/product"}],"about":[{"href":"https:\/\/suatuyetvoi.com\/muasam\/wp-json\/wp\/v2\/types\/product"}],"replies":[{"embeddable":true,"href":"https:\/\/suatuyetvoi.com\/muasam\/wp-json\/wp\/v2\/comments?post=5712"}],"wp:featuredmedia":[{"embeddable":true,"href":"https:\/\/suatuyetvoi.com\/muasam\/wp-json\/wp\/v2\/media\/5715"}],"wp:attachment":[{"href":"https:\/\/suatuyetvoi.com\/muasam\/wp-json\/wp\/v2\/media?parent=5712"}],"wp:term":[{"taxonomy":"product_cat","embeddable":true,"href":"https:\/\/suatuyetvoi.com\/muasam\/wp-json\/wp\/v2\/product_cat?post=5712"},{"taxonomy":"product_tag","embeddable":true,"href":"https:\/\/suatuyetvoi.com\/muasam\/wp-json\/wp\/v2\/product_tag?post=5712"}],"curies":[{"name":"wp","href":"https:\/\/api.w.org\/{rel}","templated":true}]}}