{"id":5670,"date":"2023-03-08T00:45:13","date_gmt":"2023-03-07T17:45:13","guid":{"rendered":"https:\/\/suatuyetvoi.com\/muasam\/?post_type=product&#038;p=5670"},"modified":"2023-03-08T00:55:23","modified_gmt":"2023-03-07T17:55:23","slug":"sua-bau-similac-mom-900g-huong-vani","status":"publish","type":"product","link":"https:\/\/suatuyetvoi.com\/muasam\/san-pham\/sua-bau-similac-mom-900g-huong-vani\/","title":{"rendered":"S\u1eefa b\u1ea7u Similac Mom 900g h\u01b0\u01a1ng Vani"},"content":{"rendered":"<h3>Th\u00f4ng tin chi ti\u1ebft<\/h3>\n<table class=\"table table-bordered table-striped p_bottom_0\">\n<tbody>\n<tr>\n<td>T\u00ean s\u1ea3n ph\u1ea9m<\/td>\n<td>Th\u1ef1c ph\u1ea9m b\u1ed5 sung cho b\u00e0 m\u1eb9 mang thai v\u00e0 cho con b\u00fa Similac Mom<\/td>\n<\/tr>\n<tr>\n<td>Th\u01b0\u01a1ng hi\u1ec7u<\/td>\n<td>Abbott<\/td>\n<\/tr>\n<tr>\n<td>Xu\u1ea5t x\u1ee9 th\u01b0\u01a1ng hi\u1ec7u<\/td>\n<td>Hoa K\u1ef3<\/td>\n<\/tr>\n<tr>\n<td>S\u1ea3n xu\u1ea5t t\u1ea1i<\/td>\n<td>Singapore<\/td>\n<\/tr>\n<tr>\n<td>Tr\u1ecdng l\u01b0\u1ee3ng s\u1ea3n ph\u1ea9m<\/td>\n<td>0.9<\/td>\n<\/tr>\n<tr>\n<td>H\u01b0\u1edbng d\u1eabn s\u1eed d\u1ee5ng<\/td>\n<td>. R\u1eeda tay s\u1ea1ch tr\u01b0\u1edbc khi pha s\u1eefa.. \u0110\u1ec3 pha 1 ly s\u1eefa, cho 3 mu\u1ed7ng g\u1ea1t ngang Similac Mom (mu\u1ed7ng c\u00f3 s\u1eb5n trong h\u1ed9p) v\u00e0o 150 ml n\u01b0\u1edbc \u1ea5m.. Khu\u1ea5y \u0111\u1ec1u cho b\u1ed9t tan h\u1ebft, d\u00f9ng ngay sau khi pha.. D\u00f9ng 2 ly\/ng\u00e0y.. Ho\u00e0n thi\u1ec7n ch\u1ebf \u0111\u1ed9 dinh d\u01b0\u1ee1ng h\u00e0ng ng\u00e0y b\u1eb1ng u\u1ed1ng b\u1ed5 sung Similac Mom, b\u1ed5 sung vitamin theo h\u01b0\u1edbng d\u1eabn c\u1ee7a b\u00e1c s\u0129 v\u00e0 u\u1ed1ng nhi\u1ec1u n\u01b0\u1edbc.<\/td>\n<\/tr>\n<tr>\n<td>H\u01b0\u1edbng d\u1eabn b\u1ea3o qu\u1ea3n<\/td>\n<td>. B\u1ea3o qu\u1ea3n h\u1ed9p ch\u01b0a m\u1edf \u1edf nhi\u1ec7t \u0111\u1ed9 ph\u00f2ng. . Sau khi m\u1edf n\u1eafp c\u1ea7n s\u1eed d\u1ee5ng h\u1ebft trong v\u00f2ng 3 tu\u1ea7n. \u0110\u1eady n\u1eafp k\u00edn sau m\u1ed7i l\u1ea7n s\u1eed d\u1ee5ng, \u0111\u1ec3 n\u01a1i kh\u00f4 m\u00e1t (kh\u00f4ng cho v\u00e0o t\u1ee7 l\u1ea1nh).<\/td>\n<\/tr>\n<\/tbody>\n<\/table>\n<p>S\u1eefa b\u1ea7u Similac Mom l\u00e0 th\u1ee9c u\u1ed1ng dinh d\u01b0\u1ee1ng d\u00e0nh cho m\u1eb9 \u0111ang mang thai v\u00e0 cho con b\u00fa. V\u1edbi h\u1ec7 d\u01b0\u1ee1ng ch\u1ea5t IQ Plus, s\u1ea3n ph\u1ea9m cung c\u1ea5p Vitamin E t\u1ef1 nhi\u00ean, Lutein, DHA gi\u00fap b\u00e9 ph\u00e1t tri\u1ec3n tr\u00ed n\u00e3o t\u1eeb trong b\u1ee5ng m\u1eb9.<\/p>\n<p><img loading=\"lazy\" decoding=\"async\" class=\"aligncenter wp-image-5671 size-full\" src=\"https:\/\/suatuyetvoi.com\/muasam\/wp-content\/uploads\/2023\/03\/fa08b7abbe9252399b4807a4fc4c82cf.jpg\" alt=\"\" width=\"1000\" height=\"1000\" srcset=\"https:\/\/suatuyetvoi.com\/muasam\/wp-content\/uploads\/2023\/03\/fa08b7abbe9252399b4807a4fc4c82cf.jpg 1000w, https:\/\/suatuyetvoi.com\/muasam\/wp-content\/uploads\/2023\/03\/fa08b7abbe9252399b4807a4fc4c82cf-400x400.jpg 400w, https:\/\/suatuyetvoi.com\/muasam\/wp-content\/uploads\/2023\/03\/fa08b7abbe9252399b4807a4fc4c82cf-800x800.jpg 800w, https:\/\/suatuyetvoi.com\/muasam\/wp-content\/uploads\/2023\/03\/fa08b7abbe9252399b4807a4fc4c82cf-280x280.jpg 280w, https:\/\/suatuyetvoi.com\/muasam\/wp-content\/uploads\/2023\/03\/fa08b7abbe9252399b4807a4fc4c82cf-768x768.jpg 768w, https:\/\/suatuyetvoi.com\/muasam\/wp-content\/uploads\/2023\/03\/fa08b7abbe9252399b4807a4fc4c82cf-300x300.jpg 300w, https:\/\/suatuyetvoi.com\/muasam\/wp-content\/uploads\/2023\/03\/fa08b7abbe9252399b4807a4fc4c82cf-600x600.jpg 600w, https:\/\/suatuyetvoi.com\/muasam\/wp-content\/uploads\/2023\/03\/fa08b7abbe9252399b4807a4fc4c82cf-100x100.jpg 100w\" sizes=\"auto, (max-width: 1000px) 100vw, 1000px\" \/><\/p>\n<h3>\u01afu \u0111i\u1ec3m n\u1ed5i b\u1eadt<\/h3>\n<p>. Cung c\u1ea5p DHA v\u00e0 Cholin nh\u1eb1m h\u1ed7 tr\u1ee3 ph\u00e1t tri\u1ec3n n\u00e3o b\u1ed9 cho b\u00e9;<br \/>\n. Gi\u1ea3m nguy c\u01a1 d\u1ecb t\u1eadt \u1ed1ng th\u1ea7n kinh do \u0111\u01b0\u1ee3c cung c\u1ea5p 100% nhu c\u1ea7u Acid Folic;<br \/>\n. \u0110\u00e1p \u1ee9ng nhu c\u1ea7u v\u1ec1 S\u1eaft gi\u00fap gi\u1ea3m thi\u1ec3u nguy c\u01a1 thi\u1ebfu m\u00e1u trong su\u1ed1t thai k\u1ef3.<\/p>\n<p><img loading=\"lazy\" decoding=\"async\" class=\"aligncenter wp-image-5672 size-full\" src=\"https:\/\/suatuyetvoi.com\/muasam\/wp-content\/uploads\/2023\/03\/943902f67e231f60cfa196c5056ff6ab.jpg\" alt=\"\" width=\"1000\" height=\"1000\" srcset=\"https:\/\/suatuyetvoi.com\/muasam\/wp-content\/uploads\/2023\/03\/943902f67e231f60cfa196c5056ff6ab.jpg 1000w, https:\/\/suatuyetvoi.com\/muasam\/wp-content\/uploads\/2023\/03\/943902f67e231f60cfa196c5056ff6ab-400x400.jpg 400w, https:\/\/suatuyetvoi.com\/muasam\/wp-content\/uploads\/2023\/03\/943902f67e231f60cfa196c5056ff6ab-800x800.jpg 800w, https:\/\/suatuyetvoi.com\/muasam\/wp-content\/uploads\/2023\/03\/943902f67e231f60cfa196c5056ff6ab-280x280.jpg 280w, https:\/\/suatuyetvoi.com\/muasam\/wp-content\/uploads\/2023\/03\/943902f67e231f60cfa196c5056ff6ab-768x768.jpg 768w, https:\/\/suatuyetvoi.com\/muasam\/wp-content\/uploads\/2023\/03\/943902f67e231f60cfa196c5056ff6ab-300x300.jpg 300w, https:\/\/suatuyetvoi.com\/muasam\/wp-content\/uploads\/2023\/03\/943902f67e231f60cfa196c5056ff6ab-600x600.jpg 600w, https:\/\/suatuyetvoi.com\/muasam\/wp-content\/uploads\/2023\/03\/943902f67e231f60cfa196c5056ff6ab-100x100.jpg 100w\" sizes=\"auto, (max-width: 1000px) 100vw, 1000px\" \/><\/p>\n<p><b>T\u1ef7 l\u1ec7 pha g\u1ee3i \u00fd<\/b><\/p>\n<p>.\u00a0<span style=\"font-family: Helvetica\">\u0110\u1ec3 pha \u0111\u01b0\u1ee3c 1 ly Similac Mom chu\u1ea9n, m\u1eb9 pha 3 mu\u1ed7ng b\u1ed9t v\u1edbi 150ml n\u01b0\u1edbc \u0111un s\u00f4i \u0111\u1ec3 ngu\u1ed9i.\u00a0<\/span><\/p>\n<p><span style=\"font-family: Helvetica\">. Khu\u1ea5y \u0111\u1ec1 cho b\u1ed9t tan h\u1ebft \u0111\u1ec3 c\u00f3 177ml s\u1eefa pha chu\u1ea9n.\u00a0<\/span><\/p>\n<p><b>Th\u00e0nh ph\u1ea7n<\/b><\/p>\n<p>B\u1ed9t s\u1eefa g\u1ea7y, sucrose, b\u1ed9t b\u1eafp, scFOS, s\u1eefa b\u1ed9t to\u00e0n ph\u1ea7n b\u1ed1 sung lecithin, KHO\u00c1NG CH\u1ea4T (canxi hydrophosphat, magie hydrophosphat, s\u1eaft sulfat, k\u1ebdm sulfat, \u0111\u1ed3ng sulfat,&#8230;), VITAMIN (cholin bitartrat, natri ascorbat, RRR-alpha-tocopheryl acetat Wamin E t\u1ef1 nhi\u00ean), niacinamid, canxi pantothenat, vitamin D, vitamin A palmitat, pyridoxin hydroclorid, thiamin hydroclorid, riboflavin, acid folic, vitamin K, cyanocobalamin), acd docosahexaenoic (DHA), b\u1ed9t c\u1ee7 c\u1ea3i \u0111\u1ecf, lutein).<\/p>\n","protected":false},"excerpt":{"rendered":"<p>H\u1ec7 d\u01b0\u1ee1ng ch\u1ea5t IQ Plus ph\u00e1t tri\u1ec3n n\u00e3o b\u1ed9<br \/>\nT\u0103ng c\u01b0\u1eddng \u0111\u1ec1 kh\u00e1ng v\u00e0 ti\u00eau h\u00f3a kh\u1ecfe m\u1ea1nh<br \/>\nGi\u00fap h\u1ea5p thu Canxi t\u1ed1t<\/p>\n","protected":false},"featured_media":5677,"comment_status":"open","ping_status":"closed","template":"","meta":[],"product_cat":[231],"product_tag":[573,574,578],"class_list":["post-5670","product","type-product","status-publish","has-post-thumbnail","hentry","product_cat-sua-bot","product_tag-ho-tro-giup-phat-trien-nao-bo","product_tag-ho-tro-tang-suc-de-khang","product_tag-ho-tro-tieu-hoa","berocket_brand-abbott"],"yoast_head":"<!-- This site is optimized with the Yoast SEO plugin v27.6 - https:\/\/yoast.com\/product\/yoast-seo-wordpress\/ -->\n<title>S\u1eefa b\u1ea7u Similac Mom 900g h\u01b0\u01a1ng Vani - \u0110ang Khuy\u1ebfn m\u00e3i<\/title>\n<meta name=\"description\" content=\"S\u1eefa b\u1ea7u Similac Mom l\u00e0 th\u1ee9c u\u1ed1ng dinh d\u01b0\u1ee1ng d\u00e0nh cho m\u1eb9 \u0111ang mang thai v\u00e0 cho con b\u00fa. V\u1edbi h\u1ec7 d\u01b0\u1ee1ng ch\u1ea5t IQ Plus, s\u1ea3n ph\u1ea9m cung c\u1ea5p Vitamin E t\u1ef1 nhi\u00ean, Lutein, DHA gi\u00fap b\u00e9 ph\u00e1t tri\u1ec3n tr\u00ed n\u00e3o t\u1eeb trong b\u1ee5ng m\u1eb9.\" \/>\n<meta name=\"robots\" content=\"index, follow, max-snippet:-1, max-image-preview:large, max-video-preview:-1\" \/>\n<link rel=\"canonical\" href=\"https:\/\/suatuyetvoi.com\/muasam\/san-pham\/sua-bau-similac-mom-900g-huong-vani\/\" \/>\n<meta property=\"og:locale\" content=\"vi_VN\" \/>\n<meta property=\"og:type\" content=\"article\" \/>\n<meta property=\"og:title\" content=\"S\u1eefa b\u1ea7u Similac Mom 900g h\u01b0\u01a1ng Vani - \u0110ang Khuy\u1ebfn m\u00e3i\" \/>\n<meta property=\"og:description\" content=\"S\u1eefa b\u1ea7u Similac Mom l\u00e0 th\u1ee9c u\u1ed1ng dinh d\u01b0\u1ee1ng d\u00e0nh cho m\u1eb9 \u0111ang mang thai v\u00e0 cho con b\u00fa. V\u1edbi h\u1ec7 d\u01b0\u1ee1ng ch\u1ea5t IQ Plus, s\u1ea3n ph\u1ea9m cung c\u1ea5p Vitamin E t\u1ef1 nhi\u00ean, Lutein, DHA gi\u00fap b\u00e9 ph\u00e1t tri\u1ec3n tr\u00ed n\u00e3o t\u1eeb trong b\u1ee5ng m\u1eb9.\" \/>\n<meta property=\"og:url\" content=\"https:\/\/suatuyetvoi.com\/muasam\/san-pham\/sua-bau-similac-mom-900g-huong-vani\/\" \/>\n<meta property=\"og:site_name\" content=\"S\u1eefa Tuy\u1ec7t V\u1eddi\" \/>\n<meta property=\"article:modified_time\" content=\"2023-03-07T17:55:23+00:00\" \/>\n<meta property=\"og:image\" content=\"https:\/\/suatuyetvoi.com\/muasam\/wp-content\/uploads\/2023\/03\/similac-mom-huong-vani-900g-removebg-preview.png\" \/>\n\t<meta property=\"og:image:width\" content=\"500\" \/>\n\t<meta property=\"og:image:height\" content=\"500\" \/>\n\t<meta property=\"og:image:type\" content=\"image\/png\" \/>\n<meta name=\"twitter:card\" content=\"summary_large_image\" \/>\n<meta name=\"twitter:title\" content=\"S\u1eefa b\u1ea7u Similac Mom 900g h\u01b0\u01a1ng Vani - \u0110ang Khuy\u1ebfn m\u00e3i\" \/>\n<meta name=\"twitter:description\" content=\"S\u1eefa b\u1ea7u Similac Mom l\u00e0 th\u1ee9c u\u1ed1ng dinh d\u01b0\u1ee1ng d\u00e0nh cho m\u1eb9 \u0111ang mang thai v\u00e0 cho con b\u00fa. V\u1edbi h\u1ec7 d\u01b0\u1ee1ng ch\u1ea5t IQ Plus, s\u1ea3n ph\u1ea9m cung c\u1ea5p Vitamin E t\u1ef1 nhi\u00ean, Lutein, DHA gi\u00fap b\u00e9 ph\u00e1t tri\u1ec3n tr\u00ed n\u00e3o t\u1eeb trong b\u1ee5ng m\u1eb9.\" \/>\n<meta name=\"twitter:image\" content=\"https:\/\/suatuyetvoi.com\/muasam\/wp-content\/uploads\/2023\/03\/similac-mom-huong-vani-900g-removebg-preview.png\" \/>\n<meta name=\"twitter:label1\" content=\"\u01af\u1edbc t\u00ednh th\u1eddi gian \u0111\u1ecdc\" \/>\n\t<meta name=\"twitter:data1\" content=\"3 ph\u00fat\" \/>\n<script type=\"application\/ld+json\" class=\"yoast-schema-graph\">{\"@context\":\"https:\\\/\\\/schema.org\",\"@graph\":[{\"@type\":\"WebPage\",\"@id\":\"https:\\\/\\\/suatuyetvoi.com\\\/muasam\\\/san-pham\\\/sua-bau-similac-mom-900g-huong-vani\\\/\",\"url\":\"https:\\\/\\\/suatuyetvoi.com\\\/muasam\\\/san-pham\\\/sua-bau-similac-mom-900g-huong-vani\\\/\",\"name\":\"S\u1eefa b\u1ea7u Similac Mom 900g h\u01b0\u01a1ng Vani - \u0110ang Khuy\u1ebfn m\u00e3i\",\"isPartOf\":{\"@id\":\"https:\\\/\\\/suatuyetvoi.com\\\/muasam\\\/#website\"},\"primaryImageOfPage\":{\"@id\":\"https:\\\/\\\/suatuyetvoi.com\\\/muasam\\\/san-pham\\\/sua-bau-similac-mom-900g-huong-vani\\\/#primaryimage\"},\"image\":{\"@id\":\"https:\\\/\\\/suatuyetvoi.com\\\/muasam\\\/san-pham\\\/sua-bau-similac-mom-900g-huong-vani\\\/#primaryimage\"},\"thumbnailUrl\":\"https:\\\/\\\/suatuyetvoi.com\\\/muasam\\\/wp-content\\\/uploads\\\/2023\\\/03\\\/similac-mom-huong-vani-900g-removebg-preview.png\",\"datePublished\":\"2023-03-07T17:45:13+00:00\",\"dateModified\":\"2023-03-07T17:55:23+00:00\",\"description\":\"S\u1eefa b\u1ea7u Similac Mom l\u00e0 th\u1ee9c u\u1ed1ng dinh d\u01b0\u1ee1ng d\u00e0nh cho m\u1eb9 \u0111ang mang thai v\u00e0 cho con b\u00fa. V\u1edbi h\u1ec7 d\u01b0\u1ee1ng ch\u1ea5t IQ Plus, s\u1ea3n ph\u1ea9m cung c\u1ea5p Vitamin E t\u1ef1 nhi\u00ean, Lutein, DHA gi\u00fap b\u00e9 ph\u00e1t tri\u1ec3n tr\u00ed n\u00e3o t\u1eeb trong b\u1ee5ng m\u1eb9.\",\"breadcrumb\":{\"@id\":\"https:\\\/\\\/suatuyetvoi.com\\\/muasam\\\/san-pham\\\/sua-bau-similac-mom-900g-huong-vani\\\/#breadcrumb\"},\"inLanguage\":\"vi\",\"potentialAction\":[{\"@type\":\"ReadAction\",\"target\":[\"https:\\\/\\\/suatuyetvoi.com\\\/muasam\\\/san-pham\\\/sua-bau-similac-mom-900g-huong-vani\\\/\"]}]},{\"@type\":\"ImageObject\",\"inLanguage\":\"vi\",\"@id\":\"https:\\\/\\\/suatuyetvoi.com\\\/muasam\\\/san-pham\\\/sua-bau-similac-mom-900g-huong-vani\\\/#primaryimage\",\"url\":\"https:\\\/\\\/suatuyetvoi.com\\\/muasam\\\/wp-content\\\/uploads\\\/2023\\\/03\\\/similac-mom-huong-vani-900g-removebg-preview.png\",\"contentUrl\":\"https:\\\/\\\/suatuyetvoi.com\\\/muasam\\\/wp-content\\\/uploads\\\/2023\\\/03\\\/similac-mom-huong-vani-900g-removebg-preview.png\",\"width\":500,\"height\":500},{\"@type\":\"BreadcrumbList\",\"@id\":\"https:\\\/\\\/suatuyetvoi.com\\\/muasam\\\/san-pham\\\/sua-bau-similac-mom-900g-huong-vani\\\/#breadcrumb\",\"itemListElement\":[{\"@type\":\"ListItem\",\"position\":1,\"name\":\"Home\",\"item\":\"https:\\\/\\\/suatuyetvoi.com\\\/muasam\\\/\"},{\"@type\":\"ListItem\",\"position\":2,\"name\":\"Shop\",\"item\":\"https:\\\/\\\/suatuyetvoi.com\\\/muasam\\\/shop\\\/\"},{\"@type\":\"ListItem\",\"position\":3,\"name\":\"S\u1eefa b\u1ea7u Similac Mom 900g h\u01b0\u01a1ng Vani\"}]},{\"@type\":\"WebSite\",\"@id\":\"https:\\\/\\\/suatuyetvoi.com\\\/muasam\\\/#website\",\"url\":\"https:\\\/\\\/suatuyetvoi.com\\\/muasam\\\/\",\"name\":\"S\u1eefa Tuy\u1ec7t V\u1eddi\",\"description\":\"S\u1eefa Tuy\u1ec7t V\u1eddi Vi\u1ec7t Nam\",\"potentialAction\":[{\"@type\":\"SearchAction\",\"target\":{\"@type\":\"EntryPoint\",\"urlTemplate\":\"https:\\\/\\\/suatuyetvoi.com\\\/muasam\\\/?s={search_term_string}\"},\"query-input\":{\"@type\":\"PropertyValueSpecification\",\"valueRequired\":true,\"valueName\":\"search_term_string\"}}],\"inLanguage\":\"vi\"}]}<\/script>\n<!-- \/ Yoast SEO plugin. -->","yoast_head_json":{"title":"S\u1eefa b\u1ea7u Similac Mom 900g h\u01b0\u01a1ng Vani - \u0110ang Khuy\u1ebfn m\u00e3i","description":"S\u1eefa b\u1ea7u Similac Mom l\u00e0 th\u1ee9c u\u1ed1ng dinh d\u01b0\u1ee1ng d\u00e0nh cho m\u1eb9 \u0111ang mang thai v\u00e0 cho con b\u00fa. V\u1edbi h\u1ec7 d\u01b0\u1ee1ng ch\u1ea5t IQ Plus, s\u1ea3n ph\u1ea9m cung c\u1ea5p Vitamin E t\u1ef1 nhi\u00ean, Lutein, DHA gi\u00fap b\u00e9 ph\u00e1t tri\u1ec3n tr\u00ed n\u00e3o t\u1eeb trong b\u1ee5ng m\u1eb9.","robots":{"index":"index","follow":"follow","max-snippet":"max-snippet:-1","max-image-preview":"max-image-preview:large","max-video-preview":"max-video-preview:-1"},"canonical":"https:\/\/suatuyetvoi.com\/muasam\/san-pham\/sua-bau-similac-mom-900g-huong-vani\/","og_locale":"vi_VN","og_type":"article","og_title":"S\u1eefa b\u1ea7u Similac Mom 900g h\u01b0\u01a1ng Vani - \u0110ang Khuy\u1ebfn m\u00e3i","og_description":"S\u1eefa b\u1ea7u Similac Mom l\u00e0 th\u1ee9c u\u1ed1ng dinh d\u01b0\u1ee1ng d\u00e0nh cho m\u1eb9 \u0111ang mang thai v\u00e0 cho con b\u00fa. V\u1edbi h\u1ec7 d\u01b0\u1ee1ng ch\u1ea5t IQ Plus, s\u1ea3n ph\u1ea9m cung c\u1ea5p Vitamin E t\u1ef1 nhi\u00ean, Lutein, DHA gi\u00fap b\u00e9 ph\u00e1t tri\u1ec3n tr\u00ed n\u00e3o t\u1eeb trong b\u1ee5ng m\u1eb9.","og_url":"https:\/\/suatuyetvoi.com\/muasam\/san-pham\/sua-bau-similac-mom-900g-huong-vani\/","og_site_name":"S\u1eefa Tuy\u1ec7t V\u1eddi","article_modified_time":"2023-03-07T17:55:23+00:00","og_image":[{"width":500,"height":500,"url":"https:\/\/suatuyetvoi.com\/muasam\/wp-content\/uploads\/2023\/03\/similac-mom-huong-vani-900g-removebg-preview.png","type":"image\/png"}],"twitter_card":"summary_large_image","twitter_title":"S\u1eefa b\u1ea7u Similac Mom 900g h\u01b0\u01a1ng Vani - \u0110ang Khuy\u1ebfn m\u00e3i","twitter_description":"S\u1eefa b\u1ea7u Similac Mom l\u00e0 th\u1ee9c u\u1ed1ng dinh d\u01b0\u1ee1ng d\u00e0nh cho m\u1eb9 \u0111ang mang thai v\u00e0 cho con b\u00fa. V\u1edbi h\u1ec7 d\u01b0\u1ee1ng ch\u1ea5t IQ Plus, s\u1ea3n ph\u1ea9m cung c\u1ea5p Vitamin E t\u1ef1 nhi\u00ean, Lutein, DHA gi\u00fap b\u00e9 ph\u00e1t tri\u1ec3n tr\u00ed n\u00e3o t\u1eeb trong b\u1ee5ng m\u1eb9.","twitter_image":"https:\/\/suatuyetvoi.com\/muasam\/wp-content\/uploads\/2023\/03\/similac-mom-huong-vani-900g-removebg-preview.png","twitter_misc":{"\u01af\u1edbc t\u00ednh th\u1eddi gian \u0111\u1ecdc":"3 ph\u00fat"},"schema":{"@context":"https:\/\/schema.org","@graph":[{"@type":"WebPage","@id":"https:\/\/suatuyetvoi.com\/muasam\/san-pham\/sua-bau-similac-mom-900g-huong-vani\/","url":"https:\/\/suatuyetvoi.com\/muasam\/san-pham\/sua-bau-similac-mom-900g-huong-vani\/","name":"S\u1eefa b\u1ea7u Similac Mom 900g h\u01b0\u01a1ng Vani - \u0110ang Khuy\u1ebfn m\u00e3i","isPartOf":{"@id":"https:\/\/suatuyetvoi.com\/muasam\/#website"},"primaryImageOfPage":{"@id":"https:\/\/suatuyetvoi.com\/muasam\/san-pham\/sua-bau-similac-mom-900g-huong-vani\/#primaryimage"},"image":{"@id":"https:\/\/suatuyetvoi.com\/muasam\/san-pham\/sua-bau-similac-mom-900g-huong-vani\/#primaryimage"},"thumbnailUrl":"https:\/\/suatuyetvoi.com\/muasam\/wp-content\/uploads\/2023\/03\/similac-mom-huong-vani-900g-removebg-preview.png","datePublished":"2023-03-07T17:45:13+00:00","dateModified":"2023-03-07T17:55:23+00:00","description":"S\u1eefa b\u1ea7u Similac Mom l\u00e0 th\u1ee9c u\u1ed1ng dinh d\u01b0\u1ee1ng d\u00e0nh cho m\u1eb9 \u0111ang mang thai v\u00e0 cho con b\u00fa. V\u1edbi h\u1ec7 d\u01b0\u1ee1ng ch\u1ea5t IQ Plus, s\u1ea3n ph\u1ea9m cung c\u1ea5p Vitamin E t\u1ef1 nhi\u00ean, Lutein, DHA gi\u00fap b\u00e9 ph\u00e1t tri\u1ec3n tr\u00ed n\u00e3o t\u1eeb trong b\u1ee5ng m\u1eb9.","breadcrumb":{"@id":"https:\/\/suatuyetvoi.com\/muasam\/san-pham\/sua-bau-similac-mom-900g-huong-vani\/#breadcrumb"},"inLanguage":"vi","potentialAction":[{"@type":"ReadAction","target":["https:\/\/suatuyetvoi.com\/muasam\/san-pham\/sua-bau-similac-mom-900g-huong-vani\/"]}]},{"@type":"ImageObject","inLanguage":"vi","@id":"https:\/\/suatuyetvoi.com\/muasam\/san-pham\/sua-bau-similac-mom-900g-huong-vani\/#primaryimage","url":"https:\/\/suatuyetvoi.com\/muasam\/wp-content\/uploads\/2023\/03\/similac-mom-huong-vani-900g-removebg-preview.png","contentUrl":"https:\/\/suatuyetvoi.com\/muasam\/wp-content\/uploads\/2023\/03\/similac-mom-huong-vani-900g-removebg-preview.png","width":500,"height":500},{"@type":"BreadcrumbList","@id":"https:\/\/suatuyetvoi.com\/muasam\/san-pham\/sua-bau-similac-mom-900g-huong-vani\/#breadcrumb","itemListElement":[{"@type":"ListItem","position":1,"name":"Home","item":"https:\/\/suatuyetvoi.com\/muasam\/"},{"@type":"ListItem","position":2,"name":"Shop","item":"https:\/\/suatuyetvoi.com\/muasam\/shop\/"},{"@type":"ListItem","position":3,"name":"S\u1eefa b\u1ea7u Similac Mom 900g h\u01b0\u01a1ng Vani"}]},{"@type":"WebSite","@id":"https:\/\/suatuyetvoi.com\/muasam\/#website","url":"https:\/\/suatuyetvoi.com\/muasam\/","name":"S\u1eefa Tuy\u1ec7t V\u1eddi","description":"S\u1eefa Tuy\u1ec7t V\u1eddi Vi\u1ec7t Nam","potentialAction":[{"@type":"SearchAction","target":{"@type":"EntryPoint","urlTemplate":"https:\/\/suatuyetvoi.com\/muasam\/?s={search_term_string}"},"query-input":{"@type":"PropertyValueSpecification","valueRequired":true,"valueName":"search_term_string"}}],"inLanguage":"vi"}]}},"_links":{"self":[{"href":"https:\/\/suatuyetvoi.com\/muasam\/wp-json\/wp\/v2\/product\/5670","targetHints":{"allow":["GET"]}}],"collection":[{"href":"https:\/\/suatuyetvoi.com\/muasam\/wp-json\/wp\/v2\/product"}],"about":[{"href":"https:\/\/suatuyetvoi.com\/muasam\/wp-json\/wp\/v2\/types\/product"}],"replies":[{"embeddable":true,"href":"https:\/\/suatuyetvoi.com\/muasam\/wp-json\/wp\/v2\/comments?post=5670"}],"wp:featuredmedia":[{"embeddable":true,"href":"https:\/\/suatuyetvoi.com\/muasam\/wp-json\/wp\/v2\/media\/5677"}],"wp:attachment":[{"href":"https:\/\/suatuyetvoi.com\/muasam\/wp-json\/wp\/v2\/media?parent=5670"}],"wp:term":[{"taxonomy":"product_cat","embeddable":true,"href":"https:\/\/suatuyetvoi.com\/muasam\/wp-json\/wp\/v2\/product_cat?post=5670"},{"taxonomy":"product_tag","embeddable":true,"href":"https:\/\/suatuyetvoi.com\/muasam\/wp-json\/wp\/v2\/product_tag?post=5670"}],"curies":[{"name":"wp","href":"https:\/\/api.w.org\/{rel}","templated":true}]}}