{"id":5662,"date":"2023-03-08T00:20:48","date_gmt":"2023-03-07T17:20:48","guid":{"rendered":"https:\/\/suatuyetvoi.com\/muasam\/?post_type=product&#038;p=5662"},"modified":"2023-03-08T00:34:52","modified_gmt":"2023-03-07T17:34:52","slug":"sua-similac-neosure-so-1-850g","status":"publish","type":"product","link":"https:\/\/suatuyetvoi.com\/muasam\/san-pham\/sua-similac-neosure-so-1-850g\/","title":{"rendered":"S\u1eefa Similac Neosure s\u1ed1 1 850g (0 &#8211; 12 th\u00e1ng)"},"content":{"rendered":"<h3>Th\u00f4ng tin chi ti\u1ebft<\/h3>\n<p>S\u1eefa Similac Neosure s\u1ed1 1 l\u00e0 s\u1eefa cho tr\u1ebb s\u01a1 sinh nh\u1eb9 c\u00e2n sinh non t\u1eeb 0 &#8211; 12 th\u00e1ng tu\u1ed5i gi\u00fap c\u1ea3i thi\u1ec7n \u0111\u00e1ng k\u1ec3 s\u1ef1 ph\u00e1t tri\u1ec3n th\u1ecb gi\u00e1c v\u00e0 n\u00e3o b\u1ed9 \u1edf tr\u1ebb thi\u1ebfu th\u00e1ng. Th\u00e0nh ph\u1ea7n s\u1eefa c\u00f3 ch\u1ee9a LCPUFA (AA &amp; DHA), Omega 3 v\u00e0 6, Taurin, Cholin, s\u1eaft v\u00e0 TPAN (nucleotic 72mg\/l) c\u00f2n gi\u00fap b\u00e9 t\u0103ng c\u01b0\u1eddng s\u1ee9c \u0111\u1ec1 kh\u00e1ng, h\u1ed7 tr\u1ee3 s\u1ef1 ph\u00e1t tri\u1ec3n c\u00e1c t\u1ebf b\u00e0o mi\u1ec5n d\u1ecbch. V\u1edbi Similac Neosure, b\u00e9 s\u1ebd \u0111\u01b0\u1ee3c h\u1ed7 tr\u1ee3 b\u1edfi ngu\u1ed3n dinh d\u01b0\u1ee1ng chuy\u00ean bi\u1ec7t gi\u00fap b\u00e9 b\u1eaft k\u1ecbp \u0111\u00e0 t\u0103ng tr\u01b0\u1edfng trong giai \u0111o\u1ea1n \u0111\u1ea7u.<\/p>\n<h3>\u0110\u1eb7c \u0111i\u1ec3m n\u1ed5i b\u1eadt c\u1ee7a s\u1ea3n ph\u1ea9m<\/h3>\n<p><em><strong>H\u1ed7 tr\u1ee3 ph\u00e1t tri\u1ec3n th\u1ecb gi\u00e1c v\u00e0 n\u00e3o b\u1ed9<\/strong><\/em><\/p>\n<p>S\u1eefa Similac Neosure s\u1ed1 1 ch\u1ee9a h\u1ec7 d\u01b0\u1ee1ng ch\u1ea5t IQ, m\u1ed9t h\u1ed7n h\u1ee3p d\u01b0\u1ee1ng ch\u1ea5t \u0111\u1eb7c bi\u1ec7t, bao g\u1ed3m LCPUFA (AA &amp; DHA), Omega 3 v\u00e0 6, Taurin, Cholin v\u00e0 s\u1eaft. C\u00e1c nghi\u00ean c\u1ee9u khoa h\u1ecdc ch\u1ee9ng minh r\u1eb1ng LCPUFA c\u1ea3i thi\u1ec7n \u0111\u00e1ng k\u1ec3 s\u1ef1 ph\u00e1t tri\u1ec3n th\u1ecb gi\u00e1c v\u00e0 n\u00e3o b\u1ed9 \u1edf tr\u1ebb thi\u1ebfu th\u00e1ng khi cho tr\u1ebb d\u00f9ng li\u00ean t\u1ee5c trong 12 th\u00e1ng.<\/p>\n<p><em><strong>Gi\u00fap t\u0103ng c\u01b0\u1eddng h\u1ec7 th\u1ed1ng mi\u1ec5n d\u1ecbch c\u1ee7a tr\u1ebb<\/strong><\/em><\/p>\n<p>H\u1ec7 d\u01b0\u1ee1ng ch\u1ea5t Immutify Ingredient trong s\u1eefa Similac Neosure s\u1ed1 1 l\u00e0 m\u1ed9t h\u1ed7n h\u1ee3p c\u00e1c d\u01b0\u1ee1ng ch\u1ea5t t\u01b0\u01a1ng t\u1ef1 v\u1edbi c\u00e1c d\u01b0\u1ee1ng ch\u1ea5t t\u00ecm th\u1ea5y trong s\u1eefa m\u1eb9 bao g\u1ed3m TPAN (nucleotic 72mg\/l). C\u00e1c nghi\u00ean c\u1ee9u cho th\u1ea5y TPAN gi\u00fap tr\u1ebb t\u0103ng c\u01b0\u1eddng mi\u1ec5n d\u1ecbch theo 3 c\u01a1 ch\u1ebf:<\/p>\n<p>&#8211; T\u0103ng c\u01b0\u1eddng s\u1ee9c \u0111\u1ec1 kh\u00e1ng t\u1ef1 nhi\u00ean c\u1ee7a \u0111\u01b0\u1eddng ti\u00eau h\u00f3a<\/p>\n<p>&#8211; Gi\u00fap c\u01a1 th\u1ec3 t\u1ea1o kh\u00e1ng th\u1ec3<\/p>\n<p>&#8211; H\u1ed7 tr\u1ee3 s\u1ef1 ph\u00e1t tri\u1ec3n c\u00e1c t\u1ebf b\u00e0o mi\u1ec5n d\u1ecbch.<\/p>\n<p><em><strong>Gi\u00fap b\u1eaft k\u1ecbp \u0111\u00e0 t\u0103ng tr\u01b0\u1edfng<\/strong><\/em><\/p>\n<p>Nghi\u00ean c\u1ee9u khoa h\u1ecdc cho th\u1ea5y c\u00f4ng th\u1ee9c Similac NeoSure IQ v\u00e0 Immutify Ingredient gi\u00fap tr\u1ebb gia t\u0103ng tr\u1ecdng l\u01b0\u1ee3ng, chi\u1ec1u cao v\u00e0 v\u00f2ng \u0111\u1ea7u t\u1ed1t h\u01a1n h\u1eb3n so v\u1edbi c\u00e1c c\u00f4ng th\u1ee9c ti\u00eau chu\u1ea9n cho tr\u1ebb \u0111\u1ee7 th\u00e1ng.<\/p>\n<h3>H\u01b0\u1edbng d\u1eabn s\u1eed d\u1ee5ng v\u00e0 b\u1ea3o qu\u1ea3n s\u1ea3n ph\u1ea9m<\/h3>\n<p><em><strong>C\u00e1ch pha s\u1eefa:<\/strong><\/em><\/p>\n<p>&#8211; D\u00f9ng n\u01b0\u1edbc \u0111\u00e3 \u0111\u01b0\u1ee3c \u0111un s\u00f4i trong v\u00f2ng 5 ph\u00fat v\u00e0 \u0111\u1ec3 ngu\u1ed9i (37\u00baC) \u0111\u1ec3 pha ch\u1ebf theo h\u01b0\u1edbng d\u1eabn.<\/p>\n<p>&#8211; Ch\u1ec9 d\u00f9ng mu\u1ed7ng c\u00f3 s\u1eb5n trong h\u1ed9p \u0111\u1ec3 l\u01b0\u1eddng Similac Neosure IQ. L\u01b0\u1ee3ng pha d\u01b0 h\u01a1n 1 l\u1ea7n u\u1ed1ng ph\u1ea3i b\u1ea3o qu\u1ea3n trong t\u1ee7 l\u1ea1nh \u1edf 2 &#8211; 4\u00baC kh\u00f4ng qu\u00e1 24 gi\u1edd.<\/p>\n<p>&#8211; C\u00e1ch pha chu\u1ea9n: m\u1ed9t mu\u1ed7ng g\u1ea1t ngang Similac NeoSure IQ pha v\u1edbi 60ml n\u01b0\u1edbc, ho\u1eb7c 145g b\u1ed9t trong m\u1ed7i l\u00edt n\u01b0\u1edbc, 30ml s\u1eefa cung c\u1ea5p 22kcal.<\/p>\n<p><em><strong>B\u1ea3o qu\u1ea3n s\u1eefa:<\/strong><\/em><\/p>\n<p>&#8211; B\u1ea3o qu\u1ea3n h\u1ed9p ch\u01b0a m\u1edf \u1edf nhi\u1ec7t \u0111\u1ed9 ph\u00f2ng. Khi h\u1ed9p \u0111\u00e3 m\u1edf, n\u00ean s\u1eed d\u1ee5ng trong v\u00f2ng 3 tu\u1ea7n. \u0110\u1eady n\u1eafp v\u00e0 b\u1ea3o qu\u1ea3n n\u01a1i kh\u00f4 m\u00e1t (kh\u00f4ng \u0111\u1ec3 trong t\u1ee7 l\u1ea1nh).<\/p>\n<p>&#8211; Kh\u00f4ng d\u00f9ng l\u00f2 vi s\u00f3ng \u0111\u1ec3 pha hay h\u00e2m n\u00f3ng v\u00ec c\u00f3 th\u1ec3 g\u00e2y b\u1ecfng n\u1eb7ng.<\/p>\n<p><em><strong>B\u1ea3ng \u0111\u1ecbnh l\u01b0\u1ee3ng pha s\u1eefa:<\/strong><\/em><\/p>\n<p><img decoding=\"async\" src=\"https:\/\/bibomart.com.vn\/media\/catalog\/product\/images\/editor\/images\/sua-bot-similac-neosure-so-1.jpg\" alt=\"sua-bot-similac-neosure-so-1\" \/><\/p>\n<p><em><strong>Gi\u1ea5y TNCB:<\/strong><\/em><\/p>\n<p>40\/2018\/\u0110KSP ng\u00e0y 28 th\u00e1ng 03 n\u0103m 2018, t\u1ea1i Chi C\u1ee5c ATVSTP &#8211; S\u1edf Y T\u1ebf H\u00e0 N\u1ed9i<\/p>\n","protected":false},"excerpt":{"rendered":"<p>H\u1ec7 d\u01b0\u1ee1ng ch\u1ea5t IQ Plus ph\u00e1t tri\u1ec3n n\u00e3o b\u1ed9<br \/>\nT\u0103ng c\u01b0\u1eddng \u0111\u1ec1 kh\u00e1ng v\u00e0 ti\u00eau h\u00f3a kh\u1ecfe m\u1ea1nh<br \/>\nGi\u00fap h\u1ea5p thu Canxi t\u1ed1t<\/p>\n","protected":false},"featured_media":5663,"comment_status":"open","ping_status":"closed","template":"","meta":[],"product_cat":[231],"product_tag":[558,573,574],"class_list":["post-5662","product","type-product","status-publish","has-post-thumbnail","hentry","product_cat-sua-bot","product_tag-0-12-thang","product_tag-ho-tro-giup-phat-trien-nao-bo","product_tag-ho-tro-tang-suc-de-khang","berocket_brand-abbott"],"yoast_head":"<!-- This site is optimized with the Yoast SEO plugin v27.6 - https:\/\/yoast.com\/product\/yoast-seo-wordpress\/ -->\n<title>S\u1eefa Similac Neosure s\u1ed1 1 850g (0 - 12 th\u00e1ng) - \u0110ang Khuy\u1ebfn m\u00e3i<\/title>\n<meta name=\"description\" content=\"S\u1eefa Similac Neosure s\u1ed1 1 l\u00e0 s\u1eefa cho tr\u1ebb s\u01a1 sinh nh\u1eb9 c\u00e2n sinh non t\u1eeb 0 - 12 th\u00e1ng tu\u1ed5i gi\u00fap c\u1ea3i thi\u1ec7n \u0111\u00e1ng k\u1ec3 s\u1ef1 ph\u00e1t tri\u1ec3n th\u1ecb gi\u00e1c v\u00e0 n\u00e3o b\u1ed9 \u1edf tr\u1ebb thi\u1ebfu th\u00e1ng.\" \/>\n<meta name=\"robots\" content=\"index, follow, max-snippet:-1, max-image-preview:large, max-video-preview:-1\" \/>\n<link rel=\"canonical\" href=\"https:\/\/suatuyetvoi.com\/muasam\/san-pham\/sua-similac-neosure-so-1-850g\/\" \/>\n<meta property=\"og:locale\" content=\"vi_VN\" \/>\n<meta property=\"og:type\" content=\"article\" \/>\n<meta property=\"og:title\" content=\"S\u1eefa Similac Neosure s\u1ed1 1 850g (0 - 12 th\u00e1ng) - \u0110ang Khuy\u1ebfn m\u00e3i\" \/>\n<meta property=\"og:description\" content=\"S\u1eefa Similac Neosure s\u1ed1 1 l\u00e0 s\u1eefa cho tr\u1ebb s\u01a1 sinh nh\u1eb9 c\u00e2n sinh non t\u1eeb 0 - 12 th\u00e1ng tu\u1ed5i gi\u00fap c\u1ea3i thi\u1ec7n \u0111\u00e1ng k\u1ec3 s\u1ef1 ph\u00e1t tri\u1ec3n th\u1ecb gi\u00e1c v\u00e0 n\u00e3o b\u1ed9 \u1edf tr\u1ebb thi\u1ebfu th\u00e1ng.\" \/>\n<meta property=\"og:url\" content=\"https:\/\/suatuyetvoi.com\/muasam\/san-pham\/sua-similac-neosure-so-1-850g\/\" \/>\n<meta property=\"og:site_name\" content=\"S\u1eefa Tuy\u1ec7t V\u1eddi\" \/>\n<meta property=\"article:modified_time\" content=\"2023-03-07T17:34:52+00:00\" \/>\n<meta property=\"og:image\" content=\"https:\/\/suatuyetvoi.com\/muasam\/wp-content\/uploads\/2023\/03\/abbott-r-1.png\" \/>\n\t<meta property=\"og:image:width\" content=\"500\" \/>\n\t<meta property=\"og:image:height\" content=\"500\" \/>\n\t<meta property=\"og:image:type\" content=\"image\/png\" \/>\n<meta name=\"twitter:card\" content=\"summary_large_image\" \/>\n<meta name=\"twitter:title\" content=\"S\u1eefa Similac Neosure s\u1ed1 1 850g (0 - 12 th\u00e1ng) - \u0110ang Khuy\u1ebfn m\u00e3i\" \/>\n<meta name=\"twitter:description\" content=\"S\u1eefa Similac Neosure s\u1ed1 1 l\u00e0 s\u1eefa cho tr\u1ebb s\u01a1 sinh nh\u1eb9 c\u00e2n sinh non t\u1eeb 0 - 12 th\u00e1ng tu\u1ed5i gi\u00fap c\u1ea3i thi\u1ec7n \u0111\u00e1ng k\u1ec3 s\u1ef1 ph\u00e1t tri\u1ec3n th\u1ecb gi\u00e1c v\u00e0 n\u00e3o b\u1ed9 \u1edf tr\u1ebb thi\u1ebfu th\u00e1ng.\" \/>\n<meta name=\"twitter:image\" content=\"https:\/\/suatuyetvoi.com\/muasam\/wp-content\/uploads\/2023\/03\/abbott-r-1.png\" \/>\n<meta name=\"twitter:label1\" content=\"\u01af\u1edbc t\u00ednh th\u1eddi gian \u0111\u1ecdc\" \/>\n\t<meta name=\"twitter:data1\" content=\"3 ph\u00fat\" \/>\n<script type=\"application\/ld+json\" class=\"yoast-schema-graph\">{\"@context\":\"https:\\\/\\\/schema.org\",\"@graph\":[{\"@type\":\"WebPage\",\"@id\":\"https:\\\/\\\/suatuyetvoi.com\\\/muasam\\\/san-pham\\\/sua-similac-neosure-so-1-850g\\\/\",\"url\":\"https:\\\/\\\/suatuyetvoi.com\\\/muasam\\\/san-pham\\\/sua-similac-neosure-so-1-850g\\\/\",\"name\":\"S\u1eefa Similac Neosure s\u1ed1 1 850g (0 - 12 th\u00e1ng) - \u0110ang Khuy\u1ebfn m\u00e3i\",\"isPartOf\":{\"@id\":\"https:\\\/\\\/suatuyetvoi.com\\\/muasam\\\/#website\"},\"primaryImageOfPage\":{\"@id\":\"https:\\\/\\\/suatuyetvoi.com\\\/muasam\\\/san-pham\\\/sua-similac-neosure-so-1-850g\\\/#primaryimage\"},\"image\":{\"@id\":\"https:\\\/\\\/suatuyetvoi.com\\\/muasam\\\/san-pham\\\/sua-similac-neosure-so-1-850g\\\/#primaryimage\"},\"thumbnailUrl\":\"https:\\\/\\\/suatuyetvoi.com\\\/muasam\\\/wp-content\\\/uploads\\\/2023\\\/03\\\/abbott-r-1.png\",\"datePublished\":\"2023-03-07T17:20:48+00:00\",\"dateModified\":\"2023-03-07T17:34:52+00:00\",\"description\":\"S\u1eefa Similac Neosure s\u1ed1 1 l\u00e0 s\u1eefa cho tr\u1ebb s\u01a1 sinh nh\u1eb9 c\u00e2n sinh non t\u1eeb 0 - 12 th\u00e1ng tu\u1ed5i gi\u00fap c\u1ea3i thi\u1ec7n \u0111\u00e1ng k\u1ec3 s\u1ef1 ph\u00e1t tri\u1ec3n th\u1ecb gi\u00e1c v\u00e0 n\u00e3o b\u1ed9 \u1edf tr\u1ebb thi\u1ebfu th\u00e1ng.\",\"breadcrumb\":{\"@id\":\"https:\\\/\\\/suatuyetvoi.com\\\/muasam\\\/san-pham\\\/sua-similac-neosure-so-1-850g\\\/#breadcrumb\"},\"inLanguage\":\"vi\",\"potentialAction\":[{\"@type\":\"ReadAction\",\"target\":[\"https:\\\/\\\/suatuyetvoi.com\\\/muasam\\\/san-pham\\\/sua-similac-neosure-so-1-850g\\\/\"]}]},{\"@type\":\"ImageObject\",\"inLanguage\":\"vi\",\"@id\":\"https:\\\/\\\/suatuyetvoi.com\\\/muasam\\\/san-pham\\\/sua-similac-neosure-so-1-850g\\\/#primaryimage\",\"url\":\"https:\\\/\\\/suatuyetvoi.com\\\/muasam\\\/wp-content\\\/uploads\\\/2023\\\/03\\\/abbott-r-1.png\",\"contentUrl\":\"https:\\\/\\\/suatuyetvoi.com\\\/muasam\\\/wp-content\\\/uploads\\\/2023\\\/03\\\/abbott-r-1.png\",\"width\":500,\"height\":500},{\"@type\":\"BreadcrumbList\",\"@id\":\"https:\\\/\\\/suatuyetvoi.com\\\/muasam\\\/san-pham\\\/sua-similac-neosure-so-1-850g\\\/#breadcrumb\",\"itemListElement\":[{\"@type\":\"ListItem\",\"position\":1,\"name\":\"Home\",\"item\":\"https:\\\/\\\/suatuyetvoi.com\\\/muasam\\\/\"},{\"@type\":\"ListItem\",\"position\":2,\"name\":\"Shop\",\"item\":\"https:\\\/\\\/suatuyetvoi.com\\\/muasam\\\/shop\\\/\"},{\"@type\":\"ListItem\",\"position\":3,\"name\":\"S\u1eefa Similac Neosure s\u1ed1 1 850g (0 &#8211; 12 th\u00e1ng)\"}]},{\"@type\":\"WebSite\",\"@id\":\"https:\\\/\\\/suatuyetvoi.com\\\/muasam\\\/#website\",\"url\":\"https:\\\/\\\/suatuyetvoi.com\\\/muasam\\\/\",\"name\":\"S\u1eefa Tuy\u1ec7t V\u1eddi\",\"description\":\"S\u1eefa Tuy\u1ec7t V\u1eddi Vi\u1ec7t Nam\",\"potentialAction\":[{\"@type\":\"SearchAction\",\"target\":{\"@type\":\"EntryPoint\",\"urlTemplate\":\"https:\\\/\\\/suatuyetvoi.com\\\/muasam\\\/?s={search_term_string}\"},\"query-input\":{\"@type\":\"PropertyValueSpecification\",\"valueRequired\":true,\"valueName\":\"search_term_string\"}}],\"inLanguage\":\"vi\"}]}<\/script>\n<!-- \/ Yoast SEO plugin. -->","yoast_head_json":{"title":"S\u1eefa Similac Neosure s\u1ed1 1 850g (0 - 12 th\u00e1ng) - \u0110ang Khuy\u1ebfn m\u00e3i","description":"S\u1eefa Similac Neosure s\u1ed1 1 l\u00e0 s\u1eefa cho tr\u1ebb s\u01a1 sinh nh\u1eb9 c\u00e2n sinh non t\u1eeb 0 - 12 th\u00e1ng tu\u1ed5i gi\u00fap c\u1ea3i thi\u1ec7n \u0111\u00e1ng k\u1ec3 s\u1ef1 ph\u00e1t tri\u1ec3n th\u1ecb gi\u00e1c v\u00e0 n\u00e3o b\u1ed9 \u1edf tr\u1ebb thi\u1ebfu th\u00e1ng.","robots":{"index":"index","follow":"follow","max-snippet":"max-snippet:-1","max-image-preview":"max-image-preview:large","max-video-preview":"max-video-preview:-1"},"canonical":"https:\/\/suatuyetvoi.com\/muasam\/san-pham\/sua-similac-neosure-so-1-850g\/","og_locale":"vi_VN","og_type":"article","og_title":"S\u1eefa Similac Neosure s\u1ed1 1 850g (0 - 12 th\u00e1ng) - \u0110ang Khuy\u1ebfn m\u00e3i","og_description":"S\u1eefa Similac Neosure s\u1ed1 1 l\u00e0 s\u1eefa cho tr\u1ebb s\u01a1 sinh nh\u1eb9 c\u00e2n sinh non t\u1eeb 0 - 12 th\u00e1ng tu\u1ed5i gi\u00fap c\u1ea3i thi\u1ec7n \u0111\u00e1ng k\u1ec3 s\u1ef1 ph\u00e1t tri\u1ec3n th\u1ecb gi\u00e1c v\u00e0 n\u00e3o b\u1ed9 \u1edf tr\u1ebb thi\u1ebfu th\u00e1ng.","og_url":"https:\/\/suatuyetvoi.com\/muasam\/san-pham\/sua-similac-neosure-so-1-850g\/","og_site_name":"S\u1eefa Tuy\u1ec7t V\u1eddi","article_modified_time":"2023-03-07T17:34:52+00:00","og_image":[{"width":500,"height":500,"url":"https:\/\/suatuyetvoi.com\/muasam\/wp-content\/uploads\/2023\/03\/abbott-r-1.png","type":"image\/png"}],"twitter_card":"summary_large_image","twitter_title":"S\u1eefa Similac Neosure s\u1ed1 1 850g (0 - 12 th\u00e1ng) - \u0110ang Khuy\u1ebfn m\u00e3i","twitter_description":"S\u1eefa Similac Neosure s\u1ed1 1 l\u00e0 s\u1eefa cho tr\u1ebb s\u01a1 sinh nh\u1eb9 c\u00e2n sinh non t\u1eeb 0 - 12 th\u00e1ng tu\u1ed5i gi\u00fap c\u1ea3i thi\u1ec7n \u0111\u00e1ng k\u1ec3 s\u1ef1 ph\u00e1t tri\u1ec3n th\u1ecb gi\u00e1c v\u00e0 n\u00e3o b\u1ed9 \u1edf tr\u1ebb thi\u1ebfu th\u00e1ng.","twitter_image":"https:\/\/suatuyetvoi.com\/muasam\/wp-content\/uploads\/2023\/03\/abbott-r-1.png","twitter_misc":{"\u01af\u1edbc t\u00ednh th\u1eddi gian \u0111\u1ecdc":"3 ph\u00fat"},"schema":{"@context":"https:\/\/schema.org","@graph":[{"@type":"WebPage","@id":"https:\/\/suatuyetvoi.com\/muasam\/san-pham\/sua-similac-neosure-so-1-850g\/","url":"https:\/\/suatuyetvoi.com\/muasam\/san-pham\/sua-similac-neosure-so-1-850g\/","name":"S\u1eefa Similac Neosure s\u1ed1 1 850g (0 - 12 th\u00e1ng) - \u0110ang Khuy\u1ebfn m\u00e3i","isPartOf":{"@id":"https:\/\/suatuyetvoi.com\/muasam\/#website"},"primaryImageOfPage":{"@id":"https:\/\/suatuyetvoi.com\/muasam\/san-pham\/sua-similac-neosure-so-1-850g\/#primaryimage"},"image":{"@id":"https:\/\/suatuyetvoi.com\/muasam\/san-pham\/sua-similac-neosure-so-1-850g\/#primaryimage"},"thumbnailUrl":"https:\/\/suatuyetvoi.com\/muasam\/wp-content\/uploads\/2023\/03\/abbott-r-1.png","datePublished":"2023-03-07T17:20:48+00:00","dateModified":"2023-03-07T17:34:52+00:00","description":"S\u1eefa Similac Neosure s\u1ed1 1 l\u00e0 s\u1eefa cho tr\u1ebb s\u01a1 sinh nh\u1eb9 c\u00e2n sinh non t\u1eeb 0 - 12 th\u00e1ng tu\u1ed5i gi\u00fap c\u1ea3i thi\u1ec7n \u0111\u00e1ng k\u1ec3 s\u1ef1 ph\u00e1t tri\u1ec3n th\u1ecb gi\u00e1c v\u00e0 n\u00e3o b\u1ed9 \u1edf tr\u1ebb thi\u1ebfu th\u00e1ng.","breadcrumb":{"@id":"https:\/\/suatuyetvoi.com\/muasam\/san-pham\/sua-similac-neosure-so-1-850g\/#breadcrumb"},"inLanguage":"vi","potentialAction":[{"@type":"ReadAction","target":["https:\/\/suatuyetvoi.com\/muasam\/san-pham\/sua-similac-neosure-so-1-850g\/"]}]},{"@type":"ImageObject","inLanguage":"vi","@id":"https:\/\/suatuyetvoi.com\/muasam\/san-pham\/sua-similac-neosure-so-1-850g\/#primaryimage","url":"https:\/\/suatuyetvoi.com\/muasam\/wp-content\/uploads\/2023\/03\/abbott-r-1.png","contentUrl":"https:\/\/suatuyetvoi.com\/muasam\/wp-content\/uploads\/2023\/03\/abbott-r-1.png","width":500,"height":500},{"@type":"BreadcrumbList","@id":"https:\/\/suatuyetvoi.com\/muasam\/san-pham\/sua-similac-neosure-so-1-850g\/#breadcrumb","itemListElement":[{"@type":"ListItem","position":1,"name":"Home","item":"https:\/\/suatuyetvoi.com\/muasam\/"},{"@type":"ListItem","position":2,"name":"Shop","item":"https:\/\/suatuyetvoi.com\/muasam\/shop\/"},{"@type":"ListItem","position":3,"name":"S\u1eefa Similac Neosure s\u1ed1 1 850g (0 &#8211; 12 th\u00e1ng)"}]},{"@type":"WebSite","@id":"https:\/\/suatuyetvoi.com\/muasam\/#website","url":"https:\/\/suatuyetvoi.com\/muasam\/","name":"S\u1eefa Tuy\u1ec7t V\u1eddi","description":"S\u1eefa Tuy\u1ec7t V\u1eddi Vi\u1ec7t Nam","potentialAction":[{"@type":"SearchAction","target":{"@type":"EntryPoint","urlTemplate":"https:\/\/suatuyetvoi.com\/muasam\/?s={search_term_string}"},"query-input":{"@type":"PropertyValueSpecification","valueRequired":true,"valueName":"search_term_string"}}],"inLanguage":"vi"}]}},"_links":{"self":[{"href":"https:\/\/suatuyetvoi.com\/muasam\/wp-json\/wp\/v2\/product\/5662","targetHints":{"allow":["GET"]}}],"collection":[{"href":"https:\/\/suatuyetvoi.com\/muasam\/wp-json\/wp\/v2\/product"}],"about":[{"href":"https:\/\/suatuyetvoi.com\/muasam\/wp-json\/wp\/v2\/types\/product"}],"replies":[{"embeddable":true,"href":"https:\/\/suatuyetvoi.com\/muasam\/wp-json\/wp\/v2\/comments?post=5662"}],"wp:featuredmedia":[{"embeddable":true,"href":"https:\/\/suatuyetvoi.com\/muasam\/wp-json\/wp\/v2\/media\/5663"}],"wp:attachment":[{"href":"https:\/\/suatuyetvoi.com\/muasam\/wp-json\/wp\/v2\/media?parent=5662"}],"wp:term":[{"taxonomy":"product_cat","embeddable":true,"href":"https:\/\/suatuyetvoi.com\/muasam\/wp-json\/wp\/v2\/product_cat?post=5662"},{"taxonomy":"product_tag","embeddable":true,"href":"https:\/\/suatuyetvoi.com\/muasam\/wp-json\/wp\/v2\/product_tag?post=5662"}],"curies":[{"name":"wp","href":"https:\/\/api.w.org\/{rel}","templated":true}]}}